{"id":22080,"date":"2026-03-18T12:26:04","date_gmt":"2026-03-18T11:26:04","guid":{"rendered":"https:\/\/zumit.es\/?post_type=product&#038;p=22080"},"modified":"2026-03-23T15:29:35","modified_gmt":"2026-03-23T14:29:35","slug":"milkshake-vanilla-dreams","status":"publish","type":"product","link":"https:\/\/zumit.es\/pt-pt\/produtos\/milkshake-vanilla-dreams\/","title":{"rendered":"Milkshake Vanilla Dreams"},"content":{"rendered":"<p>Desfrute do milkshake Vanilla Dream, feito com gelado cremoso de baunilha, o nosso milkshake mais vers\u00e1til e delicioso. Perfeito para estabelecimentos Horeca que procuram oferecer bebidas atrativas e de prepara\u00e7\u00e3o r\u00e1pida, com uma elevada margem de lucro. Cada caixa cont\u00e9m 20 saquetas individuais de 140g, prontas para preparar um batido cremoso em apenas 30 segundos.<\/p>\n<p>O seu sabor suave e cremoso permite combin\u00e1-lo com bolachas, chocolates ou as suas coberturas favoritas, criando um batido \u00fanico e personalizado que os seus clientes v\u00e3o adorar. Este formato pr\u00e1tico garante consist\u00eancia e qualidade em cada por\u00e7\u00e3o, ideal para caf\u00e9s, bares, restaurantes e gelatarias que pretendam expandir o seu menu com um produto inovador e de elevada procura.<\/p>\n<p>Vanilla Dream \u00e9 uma solu\u00e7\u00e3o r\u00e1pida, econ\u00f3mica e vers\u00e1til que permite oferecer um batido premium com o m\u00ednimo de esfor\u00e7o, mantendo sempre um sabor delicioso e uma apresenta\u00e7\u00e3o irrepreens\u00edvel.<\/p>\n<p>Alerg\u00e9nios: Cont\u00e9m lactose.<\/p>\n","protected":false},"excerpt":{"rendered":"<p>Milkshake feito com gelado cremoso de baunilha, o nosso milkshake mais vers\u00e1til. Combine com bolachas, chocolates ou a sua cobertura favorita para criar um batido \u00fanico.<\/p>\n<p>Caixa de 20 saquetas individuais de 140g para preparar os batidos Vanilla Dream em apenas 30 segundos.<\/p>\n<p>Ideal para estabelecimentos de hotelaria e restaura\u00e7\u00e3o que pretendam expandir o seu portef\u00f3lio com um produto atrativo, rent\u00e1vel e com elevada procura.<\/p>\n","protected":false},"featured_media":24518,"comment_status":"open","ping_status":"closed","template":"","meta":{"_acf_changed":false},"product_brand":[],"product_cat":[1031,1022,1020],"product_tag":[],"class_list":{"0":"post-22080","1":"product","2":"type-product","3":"status-publish","4":"has-post-thumbnail","6":"product_cat-b2b-pt-pt","7":"product_cat-frappes-pt-pt","8":"product_cat-produtos","10":"first","11":"outofstock","12":"taxable","13":"shipping-taxable","14":"purchasable","15":"product-type-simple"},"acf":[],"yoast_head":"<!-- This site is optimized with the Yoast SEO plugin v27.2 - https:\/\/yoast.com\/product\/yoast-seo-wordpress\/ -->\n<title>Pacote de Frapp\u00e9 de Caramelo Salgado<\/title>\n<meta name=\"description\" content=\"Confezione di frapp\u00e9 al gelato alla vaniglia: Vanilla Dreams, il milkshake pi\u00f9 versatile e delizioso con i topping che preferisci! Dai una spinta alla tua attivit\u00e0 Horeca con Zumit!\" \/>\n<meta name=\"robots\" content=\"index, follow, max-snippet:-1, max-image-preview:large, max-video-preview:-1\" \/>\n<link rel=\"canonical\" href=\"https:\/\/zumit.es\/pt-pt\/produtos\/milkshake-vanilla-dreams\/\" \/>\n<meta property=\"og:locale\" content=\"pt_PT\" \/>\n<meta property=\"og:type\" content=\"article\" \/>\n<meta property=\"og:title\" content=\"Pacote de Frapp\u00e9 de Caramelo Salgado\" \/>\n<meta property=\"og:description\" content=\"Confezione di frapp\u00e9 al gelato alla vaniglia: Vanilla Dreams, il milkshake pi\u00f9 versatile e delizioso con i topping che preferisci! Dai una spinta alla tua attivit\u00e0 Horeca con Zumit!\" \/>\n<meta property=\"og:url\" content=\"https:\/\/zumit.es\/pt-pt\/produtos\/milkshake-vanilla-dreams\/\" \/>\n<meta property=\"og:site_name\" content=\"Zumit\" \/>\n<meta property=\"article:modified_time\" content=\"2026-03-23T14:29:35+00:00\" \/>\n<meta property=\"og:image\" content=\"https:\/\/zumit.pt\/wp-content\/uploads\/vainilla-milkshake.webp\" \/>\n\t<meta property=\"og:image:width\" content=\"768\" \/>\n\t<meta property=\"og:image:height\" content=\"768\" \/>\n\t<meta property=\"og:image:type\" content=\"image\/webp\" \/>\n<meta name=\"twitter:card\" content=\"summary_large_image\" \/>\n<meta name=\"twitter:label1\" content=\"Tempo estimado de leitura\" \/>\n\t<meta name=\"twitter:data1\" content=\"1 minuto\" \/>\n<script type=\"application\/ld+json\" class=\"yoast-schema-graph\">{\"@context\":\"https:\/\/schema.org\",\"@graph\":[{\"@type\":\"WebPage\",\"@id\":\"https:\/\/zumit.es\/pt-pt\/produtos\/milkshake-vanilla-dreams\/\",\"url\":\"https:\/\/zumit.es\/pt-pt\/produtos\/milkshake-vanilla-dreams\/\",\"name\":\"Pacote de Frapp\u00e9 de Caramelo Salgado\",\"isPartOf\":{\"@id\":\"https:\/\/zumit.it\/#website\"},\"primaryImageOfPage\":{\"@id\":\"https:\/\/zumit.es\/pt-pt\/produtos\/milkshake-vanilla-dreams\/#primaryimage\"},\"image\":{\"@id\":\"https:\/\/zumit.es\/pt-pt\/produtos\/milkshake-vanilla-dreams\/#primaryimage\"},\"thumbnailUrl\":\"https:\/\/zumit.es\/wp-content\/uploads\/2026\/03\/vainilla-milkshake.jpg\",\"datePublished\":\"2026-03-18T11:26:04+00:00\",\"dateModified\":\"2026-03-23T14:29:35+00:00\",\"description\":\"Confezione di frapp\u00e9 al gelato alla vaniglia: Vanilla Dreams, il milkshake pi\u00f9 versatile e delizioso con i topping che preferisci! Dai una spinta alla tua attivit\u00e0 Horeca con Zumit!\",\"breadcrumb\":{\"@id\":\"https:\/\/zumit.es\/pt-pt\/produtos\/milkshake-vanilla-dreams\/#breadcrumb\"},\"inLanguage\":\"pt-PT\",\"potentialAction\":[{\"@type\":\"ReadAction\",\"target\":[\"https:\/\/zumit.es\/pt-pt\/produtos\/milkshake-vanilla-dreams\/\"]}]},{\"@type\":\"ImageObject\",\"inLanguage\":\"pt-PT\",\"@id\":\"https:\/\/zumit.es\/pt-pt\/produtos\/milkshake-vanilla-dreams\/#primaryimage\",\"url\":\"https:\/\/zumit.es\/wp-content\/uploads\/2026\/03\/vainilla-milkshake.jpg\",\"contentUrl\":\"https:\/\/zumit.es\/wp-content\/uploads\/2026\/03\/vainilla-milkshake.jpg\",\"width\":800,\"height\":800},{\"@type\":\"BreadcrumbList\",\"@id\":\"https:\/\/zumit.es\/pt-pt\/produtos\/milkshake-vanilla-dreams\/#breadcrumb\",\"itemListElement\":[{\"@type\":\"ListItem\",\"position\":1,\"name\":\"Portada\",\"item\":\"https:\/\/zumit.es\/pt-pt\/\"},{\"@type\":\"ListItem\",\"position\":2,\"name\":\"Produtos\",\"item\":\"https:\/\/zumit.pt\/produtos\/\"},{\"@type\":\"ListItem\",\"position\":3,\"name\":\"Milkshake Vanilla Dreams\"}]},{\"@type\":\"WebSite\",\"@id\":\"https:\/\/zumit.it\/#website\",\"url\":\"https:\/\/zumit.it\/\",\"name\":\"Zumit\",\"description\":\"Fabricante y Proveedor de Smoothies, Zumos, Fruta IQF\",\"potentialAction\":[{\"@type\":\"SearchAction\",\"target\":{\"@type\":\"EntryPoint\",\"urlTemplate\":\"https:\/\/zumit.it\/?s={search_term_string}\"},\"query-input\":{\"@type\":\"PropertyValueSpecification\",\"valueRequired\":true,\"valueName\":\"search_term_string\"}}],\"inLanguage\":\"pt-PT\"}]}<\/script>\n<!-- \/ Yoast SEO plugin. -->","yoast_head_json":{"title":"Pacote de Frapp\u00e9 de Caramelo Salgado","description":"Confezione di frapp\u00e9 al gelato alla vaniglia: Vanilla Dreams, il milkshake pi\u00f9 versatile e delizioso con i topping che preferisci! Dai una spinta alla tua attivit\u00e0 Horeca con Zumit!","robots":{"index":"index","follow":"follow","max-snippet":"max-snippet:-1","max-image-preview":"max-image-preview:large","max-video-preview":"max-video-preview:-1"},"canonical":"https:\/\/zumit.es\/pt-pt\/produtos\/milkshake-vanilla-dreams\/","og_locale":"pt_PT","og_type":"article","og_title":"Pacote de Frapp\u00e9 de Caramelo Salgado","og_description":"Confezione di frapp\u00e9 al gelato alla vaniglia: Vanilla Dreams, il milkshake pi\u00f9 versatile e delizioso con i topping che preferisci! Dai una spinta alla tua attivit\u00e0 Horeca con Zumit!","og_url":"https:\/\/zumit.es\/pt-pt\/produtos\/milkshake-vanilla-dreams\/","og_site_name":"Zumit","article_modified_time":"2026-03-23T14:29:35+00:00","og_image":[{"width":768,"height":768,"url":"https:\/\/zumit.pt\/wp-content\/uploads\/vainilla-milkshake.webp","type":"image\/webp"}],"twitter_card":"summary_large_image","twitter_misc":{"Tempo estimado de leitura":"1 minuto"},"schema":{"@context":"https:\/\/schema.org","@graph":[{"@type":"WebPage","@id":"https:\/\/zumit.es\/pt-pt\/produtos\/milkshake-vanilla-dreams\/","url":"https:\/\/zumit.es\/pt-pt\/produtos\/milkshake-vanilla-dreams\/","name":"Pacote de Frapp\u00e9 de Caramelo Salgado","isPartOf":{"@id":"https:\/\/zumit.it\/#website"},"primaryImageOfPage":{"@id":"https:\/\/zumit.es\/pt-pt\/produtos\/milkshake-vanilla-dreams\/#primaryimage"},"image":{"@id":"https:\/\/zumit.es\/pt-pt\/produtos\/milkshake-vanilla-dreams\/#primaryimage"},"thumbnailUrl":"https:\/\/zumit.es\/wp-content\/uploads\/2026\/03\/vainilla-milkshake.jpg","datePublished":"2026-03-18T11:26:04+00:00","dateModified":"2026-03-23T14:29:35+00:00","description":"Confezione di frapp\u00e9 al gelato alla vaniglia: Vanilla Dreams, il milkshake pi\u00f9 versatile e delizioso con i topping che preferisci! Dai una spinta alla tua attivit\u00e0 Horeca con Zumit!","breadcrumb":{"@id":"https:\/\/zumit.es\/pt-pt\/produtos\/milkshake-vanilla-dreams\/#breadcrumb"},"inLanguage":"pt-PT","potentialAction":[{"@type":"ReadAction","target":["https:\/\/zumit.es\/pt-pt\/produtos\/milkshake-vanilla-dreams\/"]}]},{"@type":"ImageObject","inLanguage":"pt-PT","@id":"https:\/\/zumit.es\/pt-pt\/produtos\/milkshake-vanilla-dreams\/#primaryimage","url":"https:\/\/zumit.es\/wp-content\/uploads\/2026\/03\/vainilla-milkshake.jpg","contentUrl":"https:\/\/zumit.es\/wp-content\/uploads\/2026\/03\/vainilla-milkshake.jpg","width":800,"height":800},{"@type":"BreadcrumbList","@id":"https:\/\/zumit.es\/pt-pt\/produtos\/milkshake-vanilla-dreams\/#breadcrumb","itemListElement":[{"@type":"ListItem","position":1,"name":"Portada","item":"https:\/\/zumit.es\/pt-pt\/"},{"@type":"ListItem","position":2,"name":"Produtos","item":"https:\/\/zumit.pt\/produtos\/"},{"@type":"ListItem","position":3,"name":"Milkshake Vanilla Dreams"}]},{"@type":"WebSite","@id":"https:\/\/zumit.it\/#website","url":"https:\/\/zumit.it\/","name":"Zumit","description":"Fabricante y Proveedor de Smoothies, Zumos, Fruta IQF","potentialAction":[{"@type":"SearchAction","target":{"@type":"EntryPoint","urlTemplate":"https:\/\/zumit.it\/?s={search_term_string}"},"query-input":{"@type":"PropertyValueSpecification","valueRequired":true,"valueName":"search_term_string"}}],"inLanguage":"pt-PT"}]}},"_links":{"self":[{"href":"https:\/\/zumit.es\/pt-pt\/wp-json\/wp\/v2\/product\/22080","targetHints":{"allow":["GET"]}}],"collection":[{"href":"https:\/\/zumit.es\/pt-pt\/wp-json\/wp\/v2\/product"}],"about":[{"href":"https:\/\/zumit.es\/pt-pt\/wp-json\/wp\/v2\/types\/product"}],"replies":[{"embeddable":true,"href":"https:\/\/zumit.es\/pt-pt\/wp-json\/wp\/v2\/comments?post=22080"}],"version-history":[{"count":1,"href":"https:\/\/zumit.es\/pt-pt\/wp-json\/wp\/v2\/product\/22080\/revisions"}],"predecessor-version":[{"id":22244,"href":"https:\/\/zumit.es\/pt-pt\/wp-json\/wp\/v2\/product\/22080\/revisions\/22244"}],"wp:featuredmedia":[{"embeddable":true,"href":"https:\/\/zumit.es\/pt-pt\/wp-json\/wp\/v2\/media\/24518"}],"wp:attachment":[{"href":"https:\/\/zumit.es\/pt-pt\/wp-json\/wp\/v2\/media?parent=22080"}],"wp:term":[{"taxonomy":"product_brand","embeddable":true,"href":"https:\/\/zumit.es\/pt-pt\/wp-json\/wp\/v2\/product_brand?post=22080"},{"taxonomy":"product_cat","embeddable":true,"href":"https:\/\/zumit.es\/pt-pt\/wp-json\/wp\/v2\/product_cat?post=22080"},{"taxonomy":"product_tag","embeddable":true,"href":"https:\/\/zumit.es\/pt-pt\/wp-json\/wp\/v2\/product_tag?post=22080"}],"curies":[{"name":"wp","href":"https:\/\/api.w.org\/{rel}","templated":true}]}}