{"id":22068,"date":"2026-03-18T12:12:02","date_gmt":"2026-03-18T11:12:02","guid":{"rendered":"https:\/\/zumit.es\/?post_type=product&#038;p=22068"},"modified":"2026-03-23T13:11:25","modified_gmt":"2026-03-23T12:11:25","slug":"smoothie-red-bliss","status":"publish","type":"product","link":"https:\/\/zumit.es\/pt-pt\/produtos\/smoothie-red-bliss\/","title":{"rendered":"Smoothie Red Bliss"},"content":{"rendered":"<p>Smoothie Berries Paradise da Zumit \u00e9 uma celebra\u00e7\u00e3o dos sabores e da riqueza nutricional das bagas, complementada pelo toque tropical da manga. Concebido especialmente para o com\u00e9rcio retalhista, este produto oferece uma combina\u00e7\u00e3o sublime de morango, mirtilo, cereja e manga, apresentada em pr\u00e1ticas saquetas de dose \u00fanica de 150g. Cada caixa cont\u00e9m 20 unidades, garantindo uma experi\u00eancia de sabor fresco e aut\u00eantico em cada smoothie.<\/p>\n<p>A sele\u00e7\u00e3o meticulosa dos frutos, lavados, cortados e ultracongelados pelo processo IQF, garante a preserva\u00e7\u00e3o de todas as suas propriedades nutricionais e organol\u00e9pticas sem a necessidade de adicionar conservantes ou produtos qu\u00edmicos. Este processo cuidadoso mant\u00e9m a integridade e o sabor natural dos frutos, permitindo-lhe usufruir dos seus benef\u00edcios como se tivessem acabado de ser colhidos.<\/p>\n<p>Berries Paradise \u00e9 uma verdadeira sinfonia de sabores em que a do\u00e7ura do morango e da manga \u00e9 harmoniosamente equilibrada com a ligeira acidez do mirtilo e a profundidade de sabor da cereja. Esta combina\u00e7\u00e3o n\u00e3o \u00e9 apenas requintada no paladar, mas \u00e9 tamb\u00e9m uma fonte rica em antioxidantes, vitaminas e minerais, fazendo de cada gole um gesto de cuidado para com o bem-estar.<\/p>\n<p>Com as dimens\u00f5es do saco de dose \u00fanica de 15 cm x 12 cm, a prepara\u00e7\u00e3o de smoothies torna-se uma tarefa r\u00e1pida e sem complica\u00e7\u00f5es, ideal para empresas com um elevado volume de clientes que n\u00e3o querem comprometer a qualidade em prol da efici\u00eancia. Exclusivamente para profissionais e n\u00e3o dispon\u00edvel para o p\u00fablico em geral, este produto \u00e9 perfeito para caf\u00e9s, restaurantes e bares que procuram destacar-se com uma oferta de bebidas saud\u00e1vel, deliciosa e visualmente apelativa.<\/p>\n<p>Berries Paradise de Zumit n\u00e3o \u00e9 apenas um smoothie; \u00e9 uma experi\u00eancia que delicia os sentidos, convida ao bem-estar e responde \u00e0 procura de op\u00e7\u00f5es saud\u00e1veis e naturais. Ao incorporar este produto no seu menu, as empresas n\u00e3o s\u00f3 enriquecer\u00e3o a sua oferta, como tamb\u00e9m se ligar\u00e3o \u00e0 tend\u00eancia crescente para o saud\u00e1vel e o natural, apelando a um p\u00fablico mais vasto e mais consciente.<\/p>\n<p><span data-sheets-root=\"1\">Acrescente o melhor <a href=\"https:\/\/zumit.pt\/smoothies\/\">smoothies \u00e0 sua oferta, com op\u00e7\u00f5es concebidas para satisfazer todos os tipos de clientes.<\/a><\/span><\/p>\n<p><strong>PRODUTO N\u00c3O DISPON\u00cdVEL PARA PARTICULARES<\/strong><\/p>\n","protected":false},"excerpt":{"rendered":"<p>Smoothie 100% natural de banana, mirtilo e framboesa.<\/p>\n<p>Inclui 20 saquetas individuais de 150g, ultracongeladas com a tecnologia IQF, um processo que preserva os nutrientes, propriedades e sabor originais sem necessidade de conservantes ou aditivos.<\/p>\n<p>Ideal para empresas que pretendem oferecer smoothies inovadores, saud\u00e1veis \u200b\u200bde prepara\u00e7\u00e3o r\u00e1pida, garantindo sempre qualidade e frescura.<\/p>\n","protected":false},"featured_media":24476,"comment_status":"open","ping_status":"closed","template":"","meta":{"_acf_changed":false},"product_brand":[],"product_cat":[1031,1020,1032],"product_tag":[],"class_list":{"0":"post-22068","1":"product","2":"type-product","3":"status-publish","4":"has-post-thumbnail","6":"product_cat-b2b-pt-pt","7":"product_cat-produtos","8":"product_cat-smoothies-pt-pt","10":"first","11":"outofstock","12":"taxable","13":"shipping-taxable","14":"purchasable","15":"product-type-simple"},"acf":[],"yoast_head":"<!-- This site is optimized with the Yoast SEO plugin v27.2 - https:\/\/yoast.com\/product\/yoast-seo-wordpress\/ -->\n<title>Smoothie Red Bliss | Zumit<\/title>\n<meta name=\"description\" content=\"Kit de smoothies para o setor da hotelaria: descubra o Red Bliss, uma fus\u00e3o de banana, mirtilo e framboesa. Impulsione o seu neg\u00f3cio Horeca. Solicite j\u00e1 um or\u00e7amento!\" \/>\n<meta name=\"robots\" content=\"index, follow, max-snippet:-1, max-image-preview:large, max-video-preview:-1\" \/>\n<link rel=\"canonical\" href=\"https:\/\/zumit.es\/pt-pt\/produtos\/smoothie-red-bliss\/\" \/>\n<meta property=\"og:locale\" content=\"pt_PT\" \/>\n<meta property=\"og:type\" content=\"article\" \/>\n<meta property=\"og:title\" content=\"Smoothie Red Bliss | Zumit\" \/>\n<meta property=\"og:description\" content=\"Kit de smoothies para o setor da hotelaria: descubra o Red Bliss, uma fus\u00e3o de banana, mirtilo e framboesa. Impulsione o seu neg\u00f3cio Horeca. Solicite j\u00e1 um or\u00e7amento!\" \/>\n<meta property=\"og:url\" content=\"https:\/\/zumit.es\/pt-pt\/produtos\/smoothie-red-bliss\/\" \/>\n<meta property=\"og:site_name\" content=\"Zumit\" \/>\n<meta property=\"article:modified_time\" content=\"2026-03-23T12:11:25+00:00\" \/>\n<meta property=\"og:image\" content=\"https:\/\/zumit.pt\/wp-content\/uploads\/smoothie-redbliss_01.webp\" \/>\n\t<meta property=\"og:image:width\" content=\"768\" \/>\n\t<meta property=\"og:image:height\" content=\"768\" \/>\n\t<meta property=\"og:image:type\" content=\"image\/webp\" \/>\n<meta name=\"twitter:card\" content=\"summary_large_image\" \/>\n<meta name=\"twitter:label1\" content=\"Tempo estimado de leitura\" \/>\n\t<meta name=\"twitter:data1\" content=\"2 minutos\" \/>\n<script type=\"application\/ld+json\" class=\"yoast-schema-graph\">{\"@context\":\"https:\/\/schema.org\",\"@graph\":[{\"@type\":\"WebPage\",\"@id\":\"https:\/\/zumit.es\/pt-pt\/produtos\/smoothie-red-bliss\/\",\"url\":\"https:\/\/zumit.es\/pt-pt\/produtos\/smoothie-red-bliss\/\",\"name\":\"Smoothie Red Bliss | Zumit\",\"isPartOf\":{\"@id\":\"https:\/\/zumit.it\/#website\"},\"primaryImageOfPage\":{\"@id\":\"https:\/\/zumit.es\/pt-pt\/produtos\/smoothie-red-bliss\/#primaryimage\"},\"image\":{\"@id\":\"https:\/\/zumit.es\/pt-pt\/produtos\/smoothie-red-bliss\/#primaryimage\"},\"thumbnailUrl\":\"https:\/\/zumit.es\/wp-content\/uploads\/2026\/03\/smoothie-redbliss_01.jpg\",\"datePublished\":\"2026-03-18T11:12:02+00:00\",\"dateModified\":\"2026-03-23T12:11:25+00:00\",\"description\":\"Kit de smoothies para o setor da hotelaria: descubra o Red Bliss, uma fus\u00e3o de banana, mirtilo e framboesa. Impulsione o seu neg\u00f3cio Horeca. Solicite j\u00e1 um or\u00e7amento!\",\"breadcrumb\":{\"@id\":\"https:\/\/zumit.es\/pt-pt\/produtos\/smoothie-red-bliss\/#breadcrumb\"},\"inLanguage\":\"pt-PT\",\"potentialAction\":[{\"@type\":\"ReadAction\",\"target\":[\"https:\/\/zumit.es\/pt-pt\/produtos\/smoothie-red-bliss\/\"]}]},{\"@type\":\"ImageObject\",\"inLanguage\":\"pt-PT\",\"@id\":\"https:\/\/zumit.es\/pt-pt\/produtos\/smoothie-red-bliss\/#primaryimage\",\"url\":\"https:\/\/zumit.es\/wp-content\/uploads\/2026\/03\/smoothie-redbliss_01.jpg\",\"contentUrl\":\"https:\/\/zumit.es\/wp-content\/uploads\/2026\/03\/smoothie-redbliss_01.jpg\",\"width\":800,\"height\":800},{\"@type\":\"BreadcrumbList\",\"@id\":\"https:\/\/zumit.es\/pt-pt\/produtos\/smoothie-red-bliss\/#breadcrumb\",\"itemListElement\":[{\"@type\":\"ListItem\",\"position\":1,\"name\":\"Portada\",\"item\":\"https:\/\/zumit.es\/pt-pt\/\"},{\"@type\":\"ListItem\",\"position\":2,\"name\":\"Produtos\",\"item\":\"https:\/\/zumit.pt\/produtos\/\"},{\"@type\":\"ListItem\",\"position\":3,\"name\":\"Smoothie Red Bliss\"}]},{\"@type\":\"WebSite\",\"@id\":\"https:\/\/zumit.it\/#website\",\"url\":\"https:\/\/zumit.it\/\",\"name\":\"Zumit\",\"description\":\"Fabricante y Proveedor de Smoothies, Zumos, Fruta IQF\",\"potentialAction\":[{\"@type\":\"SearchAction\",\"target\":{\"@type\":\"EntryPoint\",\"urlTemplate\":\"https:\/\/zumit.it\/?s={search_term_string}\"},\"query-input\":{\"@type\":\"PropertyValueSpecification\",\"valueRequired\":true,\"valueName\":\"search_term_string\"}}],\"inLanguage\":\"pt-PT\"}]}<\/script>\n<!-- \/ Yoast SEO plugin. -->","yoast_head_json":{"title":"Smoothie Red Bliss | Zumit","description":"Kit de smoothies para o setor da hotelaria: descubra o Red Bliss, uma fus\u00e3o de banana, mirtilo e framboesa. Impulsione o seu neg\u00f3cio Horeca. Solicite j\u00e1 um or\u00e7amento!","robots":{"index":"index","follow":"follow","max-snippet":"max-snippet:-1","max-image-preview":"max-image-preview:large","max-video-preview":"max-video-preview:-1"},"canonical":"https:\/\/zumit.es\/pt-pt\/produtos\/smoothie-red-bliss\/","og_locale":"pt_PT","og_type":"article","og_title":"Smoothie Red Bliss | Zumit","og_description":"Kit de smoothies para o setor da hotelaria: descubra o Red Bliss, uma fus\u00e3o de banana, mirtilo e framboesa. Impulsione o seu neg\u00f3cio Horeca. Solicite j\u00e1 um or\u00e7amento!","og_url":"https:\/\/zumit.es\/pt-pt\/produtos\/smoothie-red-bliss\/","og_site_name":"Zumit","article_modified_time":"2026-03-23T12:11:25+00:00","og_image":[{"width":768,"height":768,"url":"https:\/\/zumit.pt\/wp-content\/uploads\/smoothie-redbliss_01.webp","type":"image\/webp"}],"twitter_card":"summary_large_image","twitter_misc":{"Tempo estimado de leitura":"2 minutos"},"schema":{"@context":"https:\/\/schema.org","@graph":[{"@type":"WebPage","@id":"https:\/\/zumit.es\/pt-pt\/produtos\/smoothie-red-bliss\/","url":"https:\/\/zumit.es\/pt-pt\/produtos\/smoothie-red-bliss\/","name":"Smoothie Red Bliss | Zumit","isPartOf":{"@id":"https:\/\/zumit.it\/#website"},"primaryImageOfPage":{"@id":"https:\/\/zumit.es\/pt-pt\/produtos\/smoothie-red-bliss\/#primaryimage"},"image":{"@id":"https:\/\/zumit.es\/pt-pt\/produtos\/smoothie-red-bliss\/#primaryimage"},"thumbnailUrl":"https:\/\/zumit.es\/wp-content\/uploads\/2026\/03\/smoothie-redbliss_01.jpg","datePublished":"2026-03-18T11:12:02+00:00","dateModified":"2026-03-23T12:11:25+00:00","description":"Kit de smoothies para o setor da hotelaria: descubra o Red Bliss, uma fus\u00e3o de banana, mirtilo e framboesa. Impulsione o seu neg\u00f3cio Horeca. Solicite j\u00e1 um or\u00e7amento!","breadcrumb":{"@id":"https:\/\/zumit.es\/pt-pt\/produtos\/smoothie-red-bliss\/#breadcrumb"},"inLanguage":"pt-PT","potentialAction":[{"@type":"ReadAction","target":["https:\/\/zumit.es\/pt-pt\/produtos\/smoothie-red-bliss\/"]}]},{"@type":"ImageObject","inLanguage":"pt-PT","@id":"https:\/\/zumit.es\/pt-pt\/produtos\/smoothie-red-bliss\/#primaryimage","url":"https:\/\/zumit.es\/wp-content\/uploads\/2026\/03\/smoothie-redbliss_01.jpg","contentUrl":"https:\/\/zumit.es\/wp-content\/uploads\/2026\/03\/smoothie-redbliss_01.jpg","width":800,"height":800},{"@type":"BreadcrumbList","@id":"https:\/\/zumit.es\/pt-pt\/produtos\/smoothie-red-bliss\/#breadcrumb","itemListElement":[{"@type":"ListItem","position":1,"name":"Portada","item":"https:\/\/zumit.es\/pt-pt\/"},{"@type":"ListItem","position":2,"name":"Produtos","item":"https:\/\/zumit.pt\/produtos\/"},{"@type":"ListItem","position":3,"name":"Smoothie Red Bliss"}]},{"@type":"WebSite","@id":"https:\/\/zumit.it\/#website","url":"https:\/\/zumit.it\/","name":"Zumit","description":"Fabricante y Proveedor de Smoothies, Zumos, Fruta IQF","potentialAction":[{"@type":"SearchAction","target":{"@type":"EntryPoint","urlTemplate":"https:\/\/zumit.it\/?s={search_term_string}"},"query-input":{"@type":"PropertyValueSpecification","valueRequired":true,"valueName":"search_term_string"}}],"inLanguage":"pt-PT"}]}},"_links":{"self":[{"href":"https:\/\/zumit.es\/pt-pt\/wp-json\/wp\/v2\/product\/22068","targetHints":{"allow":["GET"]}}],"collection":[{"href":"https:\/\/zumit.es\/pt-pt\/wp-json\/wp\/v2\/product"}],"about":[{"href":"https:\/\/zumit.es\/pt-pt\/wp-json\/wp\/v2\/types\/product"}],"replies":[{"embeddable":true,"href":"https:\/\/zumit.es\/pt-pt\/wp-json\/wp\/v2\/comments?post=22068"}],"version-history":[{"count":1,"href":"https:\/\/zumit.es\/pt-pt\/wp-json\/wp\/v2\/product\/22068\/revisions"}],"predecessor-version":[{"id":22239,"href":"https:\/\/zumit.es\/pt-pt\/wp-json\/wp\/v2\/product\/22068\/revisions\/22239"}],"wp:featuredmedia":[{"embeddable":true,"href":"https:\/\/zumit.es\/pt-pt\/wp-json\/wp\/v2\/media\/24476"}],"wp:attachment":[{"href":"https:\/\/zumit.es\/pt-pt\/wp-json\/wp\/v2\/media?parent=22068"}],"wp:term":[{"taxonomy":"product_brand","embeddable":true,"href":"https:\/\/zumit.es\/pt-pt\/wp-json\/wp\/v2\/product_brand?post=22068"},{"taxonomy":"product_cat","embeddable":true,"href":"https:\/\/zumit.es\/pt-pt\/wp-json\/wp\/v2\/product_cat?post=22068"},{"taxonomy":"product_tag","embeddable":true,"href":"https:\/\/zumit.es\/pt-pt\/wp-json\/wp\/v2\/product_tag?post=22068"}],"curies":[{"name":"wp","href":"https:\/\/api.w.org\/{rel}","templated":true}]}}