{"id":21050,"date":"2024-01-03T14:06:57","date_gmt":"2024-01-03T13:06:57","guid":{"rendered":"https:\/\/zumit.es\/productos\/smoothie-ginger-boost\/"},"modified":"2024-01-03T14:06:57","modified_gmt":"2024-01-03T13:06:57","slug":"smoothie-ginger-boost","status":"publish","type":"product","link":"https:\/\/zumit.es\/pt-pt\/produtos\/smoothie-ginger-boost\/","title":{"rendered":"Smoothie Ginger Boost"},"content":{"rendered":"<p>Smoothie Ginger Boost da Zumit \u00e9 uma mistura vibrante de sabores e energia, concebida para quem procura um impulso saud\u00e1vel no seu dia a dia. Cada caixa cont\u00e9m 20 saquetas de dose \u00fanica de 150 g, perfeitamente doseadas para garantir uma experi\u00eancia fresca e revitalizante em cada prepara\u00e7\u00e3o. <\/p>\n<p>Com cenoura, este smoothie n\u00e3o s\u00f3 proporciona uma cor brilhante e atractiva, como tamb\u00e9m uma abund\u00e2ncia de vitaminas e antioxidantes. A ma\u00e7\u00e3 e a pera conferem-lhe uma do\u00e7ura natural e uma textura suave, fazendo com que cada gole seja uma del\u00edcia. Mas o verdadeiro toque distintivo \u00e9 o gengibre, conhecido pelas suas propriedades estimulantes e pela sua capacidade de dar aquele &#8220;boost&#8221; de energia e sabor.  <\/p>\n<p>As bolsas de 15 cm x 12 cm s\u00e3o f\u00e1ceis de armazenar e ainda mais f\u00e1ceis de utilizar, assegurando a entrega r\u00e1pida de uma bebida refrescante e revigorante.<\/p>\n<p>Embora este produto n\u00e3o esteja dispon\u00edvel para particulares, \u00e9 um complemento excecional para qualquer bar, caf\u00e9 ou restaurante que pretenda enriquecer o seu menu com op\u00e7\u00f5es saud\u00e1veis e energizantes.<\/p>\n<p>O Smoothie Ginger Boost da Zumit n\u00e3o \u00e9 apenas uma bebida; \u00e9 uma experi\u00eancia de sabor e bem-estar que os seus clientes ir\u00e3o apreciar.<\/p>\n<p><span data-sheets-root=\"1\">Com um <a class=\"in-cell-link\" href=\"https:\/\/zumit.pt\/smoothies\/\" rel=\"noopener\">fornecedor fi\u00e1vel de smoothies<\/a>, ter\u00e1 sempre op\u00e7\u00f5es deliciosas para os seus clientes.<\/span><\/p>\n<p><strong>PRODUTO N\u00c3O DISPON\u00cdVEL PARA PARTICULARES<\/strong><\/p>\n","protected":false},"excerpt":{"rendered":"<p>Smoothie de Fruta 100% natural<\/p>\n","protected":false},"featured_media":24308,"comment_status":"open","ping_status":"closed","template":"","meta":{"_acf_changed":false},"product_brand":[],"product_cat":[1031,1020,1032],"product_tag":[],"class_list":{"0":"post-21050","1":"product","2":"type-product","3":"status-publish","4":"has-post-thumbnail","6":"product_cat-b2b-pt-pt","7":"product_cat-produtos","8":"product_cat-smoothies-pt-pt","10":"first","11":"outofstock","12":"taxable","13":"shipping-taxable","14":"purchasable","15":"product-type-simple"},"acf":[],"yoast_head":"<!-- This site is optimized with the Yoast SEO plugin v27.2 - https:\/\/yoast.com\/product\/yoast-seo-wordpress\/ -->\n<title>Pack Smoothie de Jengibre para Hosteleria | Zumit<\/title>\n<meta name=\"description\" content=\"Pacote de smoothies de gengibre para hotelaria: descubra o Smoothie Ginger Boost com um toque revitalizante \ud83c\udf4b Impulsione o seu neg\u00f3cio Horeca. Solicite informa\u00e7\u00f5es!\" \/>\n<meta name=\"robots\" content=\"index, follow, max-snippet:-1, max-image-preview:large, max-video-preview:-1\" \/>\n<link rel=\"canonical\" href=\"https:\/\/zumit.es\/pt-pt\/produtos\/smoothie-ginger-boost\/\" \/>\n<meta property=\"og:locale\" content=\"pt_PT\" \/>\n<meta property=\"og:type\" content=\"article\" \/>\n<meta property=\"og:title\" content=\"Pack Smoothie de Jengibre para Hosteleria | Zumit\" \/>\n<meta property=\"og:description\" content=\"Pacote de smoothies de gengibre para hotelaria: descubra o Smoothie Ginger Boost com um toque revitalizante \ud83c\udf4b Impulsione o seu neg\u00f3cio Horeca. Solicite informa\u00e7\u00f5es!\" \/>\n<meta property=\"og:url\" content=\"https:\/\/zumit.es\/pt-pt\/produtos\/smoothie-ginger-boost\/\" \/>\n<meta property=\"og:site_name\" content=\"Zumit\" \/>\n<meta property=\"og:image\" content=\"https:\/\/zumit.pt\/wp-content\/uploads\/SMOOTHIE-GINGER-BOOST-B16_01.webp\" \/>\n\t<meta property=\"og:image:width\" content=\"2048\" \/>\n\t<meta property=\"og:image:height\" content=\"1365\" \/>\n\t<meta property=\"og:image:type\" content=\"image\/webp\" \/>\n<meta name=\"twitter:card\" content=\"summary_large_image\" \/>\n<meta name=\"twitter:label1\" content=\"Tempo estimado de leitura\" \/>\n\t<meta name=\"twitter:data1\" content=\"1 minuto\" \/>\n<script type=\"application\/ld+json\" class=\"yoast-schema-graph\">{\"@context\":\"https:\/\/schema.org\",\"@graph\":[{\"@type\":\"WebPage\",\"@id\":\"https:\/\/zumit.es\/pt-pt\/produtos\/smoothie-ginger-boost\/\",\"url\":\"https:\/\/zumit.es\/pt-pt\/produtos\/smoothie-ginger-boost\/\",\"name\":\"Pack Smoothie de Jengibre para Hosteleria | Zumit\",\"isPartOf\":{\"@id\":\"https:\/\/zumit.it\/#website\"},\"primaryImageOfPage\":{\"@id\":\"https:\/\/zumit.es\/pt-pt\/produtos\/smoothie-ginger-boost\/#primaryimage\"},\"image\":{\"@id\":\"https:\/\/zumit.es\/pt-pt\/produtos\/smoothie-ginger-boost\/#primaryimage\"},\"thumbnailUrl\":\"https:\/\/zumit.es\/wp-content\/uploads\/2024\/01\/SMOOTHIE-GINGER-BOOST-B16_01.jpg\",\"datePublished\":\"2024-01-03T13:06:57+00:00\",\"description\":\"Pacote de smoothies de gengibre para hotelaria: descubra o Smoothie Ginger Boost com um toque revitalizante \ud83c\udf4b Impulsione o seu neg\u00f3cio Horeca. Solicite informa\u00e7\u00f5es!\",\"breadcrumb\":{\"@id\":\"https:\/\/zumit.es\/pt-pt\/produtos\/smoothie-ginger-boost\/#breadcrumb\"},\"inLanguage\":\"pt-PT\",\"potentialAction\":[{\"@type\":\"ReadAction\",\"target\":[\"https:\/\/zumit.es\/pt-pt\/produtos\/smoothie-ginger-boost\/\"]}]},{\"@type\":\"ImageObject\",\"inLanguage\":\"pt-PT\",\"@id\":\"https:\/\/zumit.es\/pt-pt\/produtos\/smoothie-ginger-boost\/#primaryimage\",\"url\":\"https:\/\/zumit.es\/wp-content\/uploads\/2024\/01\/SMOOTHIE-GINGER-BOOST-B16_01.jpg\",\"contentUrl\":\"https:\/\/zumit.es\/wp-content\/uploads\/2024\/01\/SMOOTHIE-GINGER-BOOST-B16_01.jpg\",\"width\":800,\"height\":800},{\"@type\":\"BreadcrumbList\",\"@id\":\"https:\/\/zumit.es\/pt-pt\/produtos\/smoothie-ginger-boost\/#breadcrumb\",\"itemListElement\":[{\"@type\":\"ListItem\",\"position\":1,\"name\":\"Portada\",\"item\":\"https:\/\/zumit.es\/pt-pt\/\"},{\"@type\":\"ListItem\",\"position\":2,\"name\":\"Produtos\",\"item\":\"https:\/\/zumit.pt\/produtos\/\"},{\"@type\":\"ListItem\",\"position\":3,\"name\":\"Smoothie Ginger Boost\"}]},{\"@type\":\"WebSite\",\"@id\":\"https:\/\/zumit.it\/#website\",\"url\":\"https:\/\/zumit.it\/\",\"name\":\"Zumit\",\"description\":\"Fabricante y Proveedor de Smoothies, Zumos, Fruta IQF\",\"potentialAction\":[{\"@type\":\"SearchAction\",\"target\":{\"@type\":\"EntryPoint\",\"urlTemplate\":\"https:\/\/zumit.it\/?s={search_term_string}\"},\"query-input\":{\"@type\":\"PropertyValueSpecification\",\"valueRequired\":true,\"valueName\":\"search_term_string\"}}],\"inLanguage\":\"pt-PT\"}]}<\/script>\n<!-- \/ Yoast SEO plugin. -->","yoast_head_json":{"title":"Pack Smoothie de Jengibre para Hosteleria | Zumit","description":"Pacote de smoothies de gengibre para hotelaria: descubra o Smoothie Ginger Boost com um toque revitalizante \ud83c\udf4b Impulsione o seu neg\u00f3cio Horeca. Solicite informa\u00e7\u00f5es!","robots":{"index":"index","follow":"follow","max-snippet":"max-snippet:-1","max-image-preview":"max-image-preview:large","max-video-preview":"max-video-preview:-1"},"canonical":"https:\/\/zumit.es\/pt-pt\/produtos\/smoothie-ginger-boost\/","og_locale":"pt_PT","og_type":"article","og_title":"Pack Smoothie de Jengibre para Hosteleria | Zumit","og_description":"Pacote de smoothies de gengibre para hotelaria: descubra o Smoothie Ginger Boost com um toque revitalizante \ud83c\udf4b Impulsione o seu neg\u00f3cio Horeca. Solicite informa\u00e7\u00f5es!","og_url":"https:\/\/zumit.es\/pt-pt\/produtos\/smoothie-ginger-boost\/","og_site_name":"Zumit","og_image":[{"width":2048,"height":1365,"url":"https:\/\/zumit.pt\/wp-content\/uploads\/SMOOTHIE-GINGER-BOOST-B16_01.webp","type":"image\/webp"}],"twitter_card":"summary_large_image","twitter_misc":{"Tempo estimado de leitura":"1 minuto"},"schema":{"@context":"https:\/\/schema.org","@graph":[{"@type":"WebPage","@id":"https:\/\/zumit.es\/pt-pt\/produtos\/smoothie-ginger-boost\/","url":"https:\/\/zumit.es\/pt-pt\/produtos\/smoothie-ginger-boost\/","name":"Pack Smoothie de Jengibre para Hosteleria | Zumit","isPartOf":{"@id":"https:\/\/zumit.it\/#website"},"primaryImageOfPage":{"@id":"https:\/\/zumit.es\/pt-pt\/produtos\/smoothie-ginger-boost\/#primaryimage"},"image":{"@id":"https:\/\/zumit.es\/pt-pt\/produtos\/smoothie-ginger-boost\/#primaryimage"},"thumbnailUrl":"https:\/\/zumit.es\/wp-content\/uploads\/2024\/01\/SMOOTHIE-GINGER-BOOST-B16_01.jpg","datePublished":"2024-01-03T13:06:57+00:00","description":"Pacote de smoothies de gengibre para hotelaria: descubra o Smoothie Ginger Boost com um toque revitalizante \ud83c\udf4b Impulsione o seu neg\u00f3cio Horeca. Solicite informa\u00e7\u00f5es!","breadcrumb":{"@id":"https:\/\/zumit.es\/pt-pt\/produtos\/smoothie-ginger-boost\/#breadcrumb"},"inLanguage":"pt-PT","potentialAction":[{"@type":"ReadAction","target":["https:\/\/zumit.es\/pt-pt\/produtos\/smoothie-ginger-boost\/"]}]},{"@type":"ImageObject","inLanguage":"pt-PT","@id":"https:\/\/zumit.es\/pt-pt\/produtos\/smoothie-ginger-boost\/#primaryimage","url":"https:\/\/zumit.es\/wp-content\/uploads\/2024\/01\/SMOOTHIE-GINGER-BOOST-B16_01.jpg","contentUrl":"https:\/\/zumit.es\/wp-content\/uploads\/2024\/01\/SMOOTHIE-GINGER-BOOST-B16_01.jpg","width":800,"height":800},{"@type":"BreadcrumbList","@id":"https:\/\/zumit.es\/pt-pt\/produtos\/smoothie-ginger-boost\/#breadcrumb","itemListElement":[{"@type":"ListItem","position":1,"name":"Portada","item":"https:\/\/zumit.es\/pt-pt\/"},{"@type":"ListItem","position":2,"name":"Produtos","item":"https:\/\/zumit.pt\/produtos\/"},{"@type":"ListItem","position":3,"name":"Smoothie Ginger Boost"}]},{"@type":"WebSite","@id":"https:\/\/zumit.it\/#website","url":"https:\/\/zumit.it\/","name":"Zumit","description":"Fabricante y Proveedor de Smoothies, Zumos, Fruta IQF","potentialAction":[{"@type":"SearchAction","target":{"@type":"EntryPoint","urlTemplate":"https:\/\/zumit.it\/?s={search_term_string}"},"query-input":{"@type":"PropertyValueSpecification","valueRequired":true,"valueName":"search_term_string"}}],"inLanguage":"pt-PT"}]}},"_links":{"self":[{"href":"https:\/\/zumit.es\/pt-pt\/wp-json\/wp\/v2\/product\/21050","targetHints":{"allow":["GET"]}}],"collection":[{"href":"https:\/\/zumit.es\/pt-pt\/wp-json\/wp\/v2\/product"}],"about":[{"href":"https:\/\/zumit.es\/pt-pt\/wp-json\/wp\/v2\/types\/product"}],"replies":[{"embeddable":true,"href":"https:\/\/zumit.es\/pt-pt\/wp-json\/wp\/v2\/comments?post=21050"}],"version-history":[{"count":0,"href":"https:\/\/zumit.es\/pt-pt\/wp-json\/wp\/v2\/product\/21050\/revisions"}],"wp:featuredmedia":[{"embeddable":true,"href":"https:\/\/zumit.es\/pt-pt\/wp-json\/wp\/v2\/media\/24308"}],"wp:attachment":[{"href":"https:\/\/zumit.es\/pt-pt\/wp-json\/wp\/v2\/media?parent=21050"}],"wp:term":[{"taxonomy":"product_brand","embeddable":true,"href":"https:\/\/zumit.es\/pt-pt\/wp-json\/wp\/v2\/product_brand?post=21050"},{"taxonomy":"product_cat","embeddable":true,"href":"https:\/\/zumit.es\/pt-pt\/wp-json\/wp\/v2\/product_cat?post=21050"},{"taxonomy":"product_tag","embeddable":true,"href":"https:\/\/zumit.es\/pt-pt\/wp-json\/wp\/v2\/product_tag?post=21050"}],"curies":[{"name":"wp","href":"https:\/\/api.w.org\/{rel}","templated":true}]}}