{"id":16163,"date":"2025-04-04T13:26:43","date_gmt":"2025-04-04T11:26:43","guid":{"rendered":"https:\/\/zumit.es\/productos\/copos-de-batido-zumit\/"},"modified":"2025-11-26T10:13:54","modified_gmt":"2025-11-26T09:13:54","slug":"copos-de-batido-zumit","status":"publish","type":"product","link":"https:\/\/zumit.es\/pt-pt\/produtos\/copos-de-batido-zumit\/","title":{"rendered":"COPOS PARA MILKSHAKES ZUMIT"},"content":{"rendered":"<p class=\"p1\">Transforme a experi\u00eancia dos seus clientes com os copos de vidro milkshakes da Zumit. Concebidos para um servi\u00e7o impec\u00e1vel, estes copos de 380 ml s\u00e3o ideais para apresentar milkshakes de uma forma profissional e elegante. Com um design atrativo e funcional, cada copo real\u00e7a a apar\u00eancia do seu milkshakes e melhora a experi\u00eancia sensorial de quem o saboreia.<\/p>\n<p class=\"p1\">Cada caixa cont\u00e9m 24 unidades, organizadas em 4 embalagens de 6 copos, o que facilita a arruma\u00e7\u00e3o e o armazenamento. <span class=\"OYPEnA font-feature-liga-off font-feature-clig-off font-feature-calt-off text-decoration-none text-strikethrough-none\">distribui\u00e7\u00e3o. Ao optar por estes copos de vidro, n\u00e3o s\u00f3 aumenta a perce\u00e7\u00e3o de qualidade do seu estabelecimento, como tamb\u00e9m melhora a experi\u00eancia dos seus clientes e refor\u00e7a a imagem profissional da sua empresa. <\/span><\/p>\n<p class=\"cvGsUA direction-ltr align-justify para-style-body\"><span class=\"OYPEnA font-feature-liga-off font-feature-clig-off font-feature-calt-off text-decoration-none text-strikethrough-none\">Complete o servi\u00e7o perfeito com os nossos copos de cristal e ofere\u00e7a aos seus clientes uma experi\u00eancia \u00fanica!<\/span><\/p>\n","protected":false},"excerpt":{"rendered":"<p class=\"p1\">Caixa de 24 copos de servir milkshakes Zumit<\/p>\n","protected":false},"featured_media":16164,"comment_status":"open","ping_status":"closed","template":"","meta":{"_acf_changed":false},"product_brand":[],"product_cat":[1072,1075],"product_tag":[],"class_list":{"0":"post-16163","1":"product","2":"type-product","3":"status-publish","4":"has-post-thumbnail","6":"product_cat-complementos-pt-pt","7":"product_cat-nao-comestivel","9":"first","10":"instock","11":"taxable","12":"shipping-taxable","13":"purchasable","14":"product-type-simple"},"acf":[],"yoast_head":"<!-- This site is optimized with the Yoast SEO plugin v27.2 - https:\/\/yoast.com\/product\/yoast-seo-wordpress\/ -->\n<title>Copos para milkshakes | Zumit<\/title>\n<meta name=\"description\" content=\"Caixa de copos de vidro para milkshakes 380ml. \ud83e\udd64 Melhore a experi\u00eancia dos seus clientes e reforce a imagem profissional da sua empresa com Zumit!\" \/>\n<meta name=\"robots\" content=\"index, follow, max-snippet:-1, max-image-preview:large, max-video-preview:-1\" \/>\n<link rel=\"canonical\" href=\"https:\/\/zumit.es\/pt-pt\/produtos\/copos-de-batido-zumit\/\" \/>\n<meta property=\"og:locale\" content=\"pt_PT\" \/>\n<meta property=\"og:type\" content=\"article\" \/>\n<meta property=\"og:title\" content=\"Copos para milkshakes | Zumit\" \/>\n<meta property=\"og:description\" content=\"Caixa de copos de vidro para milkshakes 380ml. \ud83e\udd64 Melhore a experi\u00eancia dos seus clientes e reforce a imagem profissional da sua empresa com Zumit!\" \/>\n<meta property=\"og:url\" content=\"https:\/\/zumit.es\/pt-pt\/produtos\/copos-de-batido-zumit\/\" \/>\n<meta property=\"og:site_name\" content=\"Zumit\" \/>\n<meta property=\"article:modified_time\" content=\"2025-11-26T09:13:54+00:00\" \/>\n<meta property=\"og:image\" content=\"https:\/\/zumit.pt\/wp-content\/uploads\/vasos-milkshakes.jpg\" \/>\n\t<meta property=\"og:image:width\" content=\"2048\" \/>\n\t<meta property=\"og:image:height\" content=\"1364\" \/>\n\t<meta property=\"og:image:type\" content=\"image\/jpeg\" \/>\n<meta name=\"twitter:card\" content=\"summary_large_image\" \/>\n<meta name=\"twitter:label1\" content=\"Tempo estimado de leitura\" \/>\n\t<meta name=\"twitter:data1\" content=\"1 minuto\" \/>\n<script type=\"application\/ld+json\" class=\"yoast-schema-graph\">{\"@context\":\"https:\/\/schema.org\",\"@graph\":[{\"@type\":\"WebPage\",\"@id\":\"https:\/\/zumit.es\/pt-pt\/produtos\/copos-de-batido-zumit\/\",\"url\":\"https:\/\/zumit.es\/pt-pt\/produtos\/copos-de-batido-zumit\/\",\"name\":\"Copos para milkshakes | Zumit\",\"isPartOf\":{\"@id\":\"https:\/\/zumit.it\/#website\"},\"primaryImageOfPage\":{\"@id\":\"https:\/\/zumit.es\/pt-pt\/produtos\/copos-de-batido-zumit\/#primaryimage\"},\"image\":{\"@id\":\"https:\/\/zumit.es\/pt-pt\/produtos\/copos-de-batido-zumit\/#primaryimage\"},\"thumbnailUrl\":\"https:\/\/zumit.es\/wp-content\/uploads\/vasos-milkshakes.jpg\",\"datePublished\":\"2025-04-04T11:26:43+00:00\",\"dateModified\":\"2025-11-26T09:13:54+00:00\",\"description\":\"Caixa de copos de vidro para milkshakes 380ml. \ud83e\udd64 Melhore a experi\u00eancia dos seus clientes e reforce a imagem profissional da sua empresa com Zumit!\",\"breadcrumb\":{\"@id\":\"https:\/\/zumit.es\/pt-pt\/produtos\/copos-de-batido-zumit\/#breadcrumb\"},\"inLanguage\":\"pt-PT\",\"potentialAction\":[{\"@type\":\"ReadAction\",\"target\":[\"https:\/\/zumit.es\/pt-pt\/produtos\/copos-de-batido-zumit\/\"]}]},{\"@type\":\"ImageObject\",\"inLanguage\":\"pt-PT\",\"@id\":\"https:\/\/zumit.es\/pt-pt\/produtos\/copos-de-batido-zumit\/#primaryimage\",\"url\":\"https:\/\/zumit.es\/wp-content\/uploads\/vasos-milkshakes.jpg\",\"contentUrl\":\"https:\/\/zumit.es\/wp-content\/uploads\/vasos-milkshakes.jpg\",\"width\":2048,\"height\":1364},{\"@type\":\"BreadcrumbList\",\"@id\":\"https:\/\/zumit.es\/pt-pt\/produtos\/copos-de-batido-zumit\/#breadcrumb\",\"itemListElement\":[{\"@type\":\"ListItem\",\"position\":1,\"name\":\"Portada\",\"item\":\"https:\/\/zumit.es\/pt-pt\/\"},{\"@type\":\"ListItem\",\"position\":2,\"name\":\"Produtos\",\"item\":\"https:\/\/zumit.pt\/produtos\/\"},{\"@type\":\"ListItem\",\"position\":3,\"name\":\"COPOS PARA MILKSHAKES ZUMIT\"}]},{\"@type\":\"WebSite\",\"@id\":\"https:\/\/zumit.it\/#website\",\"url\":\"https:\/\/zumit.it\/\",\"name\":\"Zumit\",\"description\":\"Fabricante y Proveedor de Smoothies, Zumos, Fruta IQF\",\"potentialAction\":[{\"@type\":\"SearchAction\",\"target\":{\"@type\":\"EntryPoint\",\"urlTemplate\":\"https:\/\/zumit.it\/?s={search_term_string}\"},\"query-input\":{\"@type\":\"PropertyValueSpecification\",\"valueRequired\":true,\"valueName\":\"search_term_string\"}}],\"inLanguage\":\"pt-PT\"}]}<\/script>\n<!-- \/ Yoast SEO plugin. -->","yoast_head_json":{"title":"Copos para milkshakes | Zumit","description":"Caixa de copos de vidro para milkshakes 380ml. \ud83e\udd64 Melhore a experi\u00eancia dos seus clientes e reforce a imagem profissional da sua empresa com Zumit!","robots":{"index":"index","follow":"follow","max-snippet":"max-snippet:-1","max-image-preview":"max-image-preview:large","max-video-preview":"max-video-preview:-1"},"canonical":"https:\/\/zumit.es\/pt-pt\/produtos\/copos-de-batido-zumit\/","og_locale":"pt_PT","og_type":"article","og_title":"Copos para milkshakes | Zumit","og_description":"Caixa de copos de vidro para milkshakes 380ml. \ud83e\udd64 Melhore a experi\u00eancia dos seus clientes e reforce a imagem profissional da sua empresa com Zumit!","og_url":"https:\/\/zumit.es\/pt-pt\/produtos\/copos-de-batido-zumit\/","og_site_name":"Zumit","article_modified_time":"2025-11-26T09:13:54+00:00","og_image":[{"width":2048,"height":1364,"url":"https:\/\/zumit.pt\/wp-content\/uploads\/vasos-milkshakes.jpg","type":"image\/jpeg"}],"twitter_card":"summary_large_image","twitter_misc":{"Tempo estimado de leitura":"1 minuto"},"schema":{"@context":"https:\/\/schema.org","@graph":[{"@type":"WebPage","@id":"https:\/\/zumit.es\/pt-pt\/produtos\/copos-de-batido-zumit\/","url":"https:\/\/zumit.es\/pt-pt\/produtos\/copos-de-batido-zumit\/","name":"Copos para milkshakes | Zumit","isPartOf":{"@id":"https:\/\/zumit.it\/#website"},"primaryImageOfPage":{"@id":"https:\/\/zumit.es\/pt-pt\/produtos\/copos-de-batido-zumit\/#primaryimage"},"image":{"@id":"https:\/\/zumit.es\/pt-pt\/produtos\/copos-de-batido-zumit\/#primaryimage"},"thumbnailUrl":"https:\/\/zumit.es\/wp-content\/uploads\/vasos-milkshakes.jpg","datePublished":"2025-04-04T11:26:43+00:00","dateModified":"2025-11-26T09:13:54+00:00","description":"Caixa de copos de vidro para milkshakes 380ml. \ud83e\udd64 Melhore a experi\u00eancia dos seus clientes e reforce a imagem profissional da sua empresa com Zumit!","breadcrumb":{"@id":"https:\/\/zumit.es\/pt-pt\/produtos\/copos-de-batido-zumit\/#breadcrumb"},"inLanguage":"pt-PT","potentialAction":[{"@type":"ReadAction","target":["https:\/\/zumit.es\/pt-pt\/produtos\/copos-de-batido-zumit\/"]}]},{"@type":"ImageObject","inLanguage":"pt-PT","@id":"https:\/\/zumit.es\/pt-pt\/produtos\/copos-de-batido-zumit\/#primaryimage","url":"https:\/\/zumit.es\/wp-content\/uploads\/vasos-milkshakes.jpg","contentUrl":"https:\/\/zumit.es\/wp-content\/uploads\/vasos-milkshakes.jpg","width":2048,"height":1364},{"@type":"BreadcrumbList","@id":"https:\/\/zumit.es\/pt-pt\/produtos\/copos-de-batido-zumit\/#breadcrumb","itemListElement":[{"@type":"ListItem","position":1,"name":"Portada","item":"https:\/\/zumit.es\/pt-pt\/"},{"@type":"ListItem","position":2,"name":"Produtos","item":"https:\/\/zumit.pt\/produtos\/"},{"@type":"ListItem","position":3,"name":"COPOS PARA MILKSHAKES ZUMIT"}]},{"@type":"WebSite","@id":"https:\/\/zumit.it\/#website","url":"https:\/\/zumit.it\/","name":"Zumit","description":"Fabricante y Proveedor de Smoothies, Zumos, Fruta IQF","potentialAction":[{"@type":"SearchAction","target":{"@type":"EntryPoint","urlTemplate":"https:\/\/zumit.it\/?s={search_term_string}"},"query-input":{"@type":"PropertyValueSpecification","valueRequired":true,"valueName":"search_term_string"}}],"inLanguage":"pt-PT"}]}},"_links":{"self":[{"href":"https:\/\/zumit.es\/pt-pt\/wp-json\/wp\/v2\/product\/16163","targetHints":{"allow":["GET"]}}],"collection":[{"href":"https:\/\/zumit.es\/pt-pt\/wp-json\/wp\/v2\/product"}],"about":[{"href":"https:\/\/zumit.es\/pt-pt\/wp-json\/wp\/v2\/types\/product"}],"replies":[{"embeddable":true,"href":"https:\/\/zumit.es\/pt-pt\/wp-json\/wp\/v2\/comments?post=16163"}],"version-history":[{"count":1,"href":"https:\/\/zumit.es\/pt-pt\/wp-json\/wp\/v2\/product\/16163\/revisions"}],"predecessor-version":[{"id":21020,"href":"https:\/\/zumit.es\/pt-pt\/wp-json\/wp\/v2\/product\/16163\/revisions\/21020"}],"wp:featuredmedia":[{"embeddable":true,"href":"https:\/\/zumit.es\/pt-pt\/wp-json\/wp\/v2\/media\/16164"}],"wp:attachment":[{"href":"https:\/\/zumit.es\/pt-pt\/wp-json\/wp\/v2\/media?parent=16163"}],"wp:term":[{"taxonomy":"product_brand","embeddable":true,"href":"https:\/\/zumit.es\/pt-pt\/wp-json\/wp\/v2\/product_brand?post=16163"},{"taxonomy":"product_cat","embeddable":true,"href":"https:\/\/zumit.es\/pt-pt\/wp-json\/wp\/v2\/product_cat?post=16163"},{"taxonomy":"product_tag","embeddable":true,"href":"https:\/\/zumit.es\/pt-pt\/wp-json\/wp\/v2\/product_tag?post=16163"}],"curies":[{"name":"wp","href":"https:\/\/api.w.org\/{rel}","templated":true}]}}