{"id":16017,"date":"2024-01-03T15:17:27","date_gmt":"2024-01-03T14:17:27","guid":{"rendered":"https:\/\/zumit.es\/productos\/smoothie-colada-jungle-2\/"},"modified":"2025-11-27T13:00:35","modified_gmt":"2025-11-27T12:00:35","slug":"smoothie-colada-jungle","status":"publish","type":"product","link":"https:\/\/zumit.es\/pt-pt\/produtos\/smoothie-colada-jungle\/","title":{"rendered":"Smoothie Colada Jungle"},"content":{"rendered":"<p>D\u00ea ao seu dia um toque tropical com Smoothie Colada Jungle de Zumit, uma combina\u00e7\u00e3o vibrante e energizante de frutos ex\u00f3ticos. Cada caixa cont\u00e9m 20 saquetas de 150 g de dose \u00fanica, embaladas com frutos selecionados, lavados, cortados e ultracongelados, garantindo um sabor fresco e uma qualidade inigual\u00e1vel. <\/p>\n<p>Com banana, este smoothie n\u00e3o s\u00f3 o mergulha numa do\u00e7ura natural e numa textura cremosa, como tamb\u00e9m fornece uma fonte rica de energia e pot\u00e1ssio. Da mesma forma, o anan\u00e1s acrescenta uma explos\u00e3o de sabor tropical e uma dose de vitaminas essenciais para o seu bem-estar. E para completar esta experi\u00eancia caribenha, o coco proporciona o seu sabor e textura inconfund\u00edveis, al\u00e9m de ser uma excelente fonte de gorduras saud\u00e1veis e fibras.  <\/p>\n<p>As pr\u00e1ticas bolsas de 15 cm x 12 cm foram concebidas para maximizar a efici\u00eancia e a conveni\u00eancia, garantindo que cada batido \u00e9 r\u00e1pido e f\u00e1cil de preparar.<\/p>\n<p>Embora Smoothie Colada Jungle n\u00e3o esteja dispon\u00edvel para o p\u00fablico em geral, \u00e9 a escolha ideal para bares, caf\u00e9s e restaurantes que desejem oferecer aos seus clientes uma bebida refrescante, saud\u00e1vel e cheia de sabor tropical. Com Zumit, cada gole \u00e9 um convite para desfrutar de uma energia vibrante e de um sabor inigual\u00e1vel. <\/p>\n<p>N\u00e3o h\u00e1 nada melhor do que ter um <a href=\"https:\/\/zumit.pt\/smoothies\/\">fornecedor em smoothies<\/a> que oferece qualidade e variedade em cada entrega.<\/p>\n<p><strong>PRODUTO N\u00c3O DISPON\u00cdVEL PARA PARTICULARES<\/strong><\/p>\n","protected":false},"excerpt":{"rendered":"<p>Smoothie de Fruta 100% natural<\/p>\n","protected":false},"featured_media":24386,"comment_status":"open","ping_status":"closed","template":"","meta":{"_acf_changed":false},"product_brand":[],"product_cat":[1031,1020,1032],"product_tag":[],"class_list":{"0":"post-16017","1":"product","2":"type-product","3":"status-publish","4":"has-post-thumbnail","6":"product_cat-b2b-pt-pt","7":"product_cat-produtos","8":"product_cat-smoothies-pt-pt","10":"first","11":"outofstock","12":"taxable","13":"shipping-taxable","14":"purchasable","15":"product-type-simple"},"acf":[],"yoast_head":"<!-- This site is optimized with the Yoast SEO plugin v27.2 - https:\/\/yoast.com\/product\/yoast-seo-wordpress\/ -->\n<title>Pacote Smoothie Pi\u00f1a Colada para a ind\u00fastria hoteleira Zumit<\/title>\n<meta name=\"description\" content=\"Pacote de smoothie Pi\u00f1a Colada: Colada Jungle, uma mistura tropical de banana, coco e anan\u00e1s em saquinhos monodose \ud83c\udf4d Impulsione o seu neg\u00f3cio Horeca com a Zumit!\" \/>\n<meta name=\"robots\" content=\"index, follow, max-snippet:-1, max-image-preview:large, max-video-preview:-1\" \/>\n<link rel=\"canonical\" href=\"https:\/\/zumit.es\/pt-pt\/produtos\/smoothie-colada-jungle\/\" \/>\n<meta property=\"og:locale\" content=\"pt_PT\" \/>\n<meta property=\"og:type\" content=\"article\" \/>\n<meta property=\"og:title\" content=\"Pacote Smoothie Pi\u00f1a Colada para a ind\u00fastria hoteleira Zumit\" \/>\n<meta property=\"og:description\" content=\"Pacote de smoothie Pi\u00f1a Colada: Colada Jungle, uma mistura tropical de banana, coco e anan\u00e1s em saquinhos monodose \ud83c\udf4d Impulsione o seu neg\u00f3cio Horeca com a Zumit!\" \/>\n<meta property=\"og:url\" content=\"https:\/\/zumit.es\/pt-pt\/produtos\/smoothie-colada-jungle\/\" \/>\n<meta property=\"og:site_name\" content=\"Zumit\" \/>\n<meta property=\"article:modified_time\" content=\"2025-11-27T12:00:35+00:00\" \/>\n<meta property=\"og:image\" content=\"https:\/\/zumit.pt\/wp-content\/uploads\/SMOOTHIE-COLADA-JUNGLE_01.webp\" \/>\n\t<meta property=\"og:image:width\" content=\"2048\" \/>\n\t<meta property=\"og:image:height\" content=\"1364\" \/>\n\t<meta property=\"og:image:type\" content=\"image\/webp\" \/>\n<meta name=\"twitter:card\" content=\"summary_large_image\" \/>\n<meta name=\"twitter:label1\" content=\"Tempo estimado de leitura\" \/>\n\t<meta name=\"twitter:data1\" content=\"2 minutos\" \/>\n<script type=\"application\/ld+json\" class=\"yoast-schema-graph\">{\"@context\":\"https:\/\/schema.org\",\"@graph\":[{\"@type\":\"WebPage\",\"@id\":\"https:\/\/zumit.es\/pt-pt\/produtos\/smoothie-colada-jungle\/\",\"url\":\"https:\/\/zumit.es\/pt-pt\/produtos\/smoothie-colada-jungle\/\",\"name\":\"Pacote Smoothie Pi\u00f1a Colada para a ind\u00fastria hoteleira Zumit\",\"isPartOf\":{\"@id\":\"https:\/\/zumit.it\/#website\"},\"primaryImageOfPage\":{\"@id\":\"https:\/\/zumit.es\/pt-pt\/produtos\/smoothie-colada-jungle\/#primaryimage\"},\"image\":{\"@id\":\"https:\/\/zumit.es\/pt-pt\/produtos\/smoothie-colada-jungle\/#primaryimage\"},\"thumbnailUrl\":\"https:\/\/zumit.es\/wp-content\/uploads\/2024\/01\/SMOOTHIE-COLADA-JUNGLE_01.jpg\",\"datePublished\":\"2024-01-03T14:17:27+00:00\",\"dateModified\":\"2025-11-27T12:00:35+00:00\",\"description\":\"Pacote de smoothie Pi\u00f1a Colada: Colada Jungle, uma mistura tropical de banana, coco e anan\u00e1s em saquinhos monodose \ud83c\udf4d Impulsione o seu neg\u00f3cio Horeca com a Zumit!\",\"breadcrumb\":{\"@id\":\"https:\/\/zumit.es\/pt-pt\/produtos\/smoothie-colada-jungle\/#breadcrumb\"},\"inLanguage\":\"pt-PT\",\"potentialAction\":[{\"@type\":\"ReadAction\",\"target\":[\"https:\/\/zumit.es\/pt-pt\/produtos\/smoothie-colada-jungle\/\"]}]},{\"@type\":\"ImageObject\",\"inLanguage\":\"pt-PT\",\"@id\":\"https:\/\/zumit.es\/pt-pt\/produtos\/smoothie-colada-jungle\/#primaryimage\",\"url\":\"https:\/\/zumit.es\/wp-content\/uploads\/2024\/01\/SMOOTHIE-COLADA-JUNGLE_01.jpg\",\"contentUrl\":\"https:\/\/zumit.es\/wp-content\/uploads\/2024\/01\/SMOOTHIE-COLADA-JUNGLE_01.jpg\",\"width\":800,\"height\":800},{\"@type\":\"BreadcrumbList\",\"@id\":\"https:\/\/zumit.es\/pt-pt\/produtos\/smoothie-colada-jungle\/#breadcrumb\",\"itemListElement\":[{\"@type\":\"ListItem\",\"position\":1,\"name\":\"Portada\",\"item\":\"https:\/\/zumit.es\/pt-pt\/\"},{\"@type\":\"ListItem\",\"position\":2,\"name\":\"Produtos\",\"item\":\"https:\/\/zumit.pt\/produtos\/\"},{\"@type\":\"ListItem\",\"position\":3,\"name\":\"Smoothie Colada Jungle\"}]},{\"@type\":\"WebSite\",\"@id\":\"https:\/\/zumit.it\/#website\",\"url\":\"https:\/\/zumit.it\/\",\"name\":\"Zumit\",\"description\":\"Fabricante y Proveedor de Smoothies, Zumos, Fruta IQF\",\"potentialAction\":[{\"@type\":\"SearchAction\",\"target\":{\"@type\":\"EntryPoint\",\"urlTemplate\":\"https:\/\/zumit.it\/?s={search_term_string}\"},\"query-input\":{\"@type\":\"PropertyValueSpecification\",\"valueRequired\":true,\"valueName\":\"search_term_string\"}}],\"inLanguage\":\"pt-PT\"}]}<\/script>\n<!-- \/ Yoast SEO plugin. -->","yoast_head_json":{"title":"Pacote Smoothie Pi\u00f1a Colada para a ind\u00fastria hoteleira Zumit","description":"Pacote de smoothie Pi\u00f1a Colada: Colada Jungle, uma mistura tropical de banana, coco e anan\u00e1s em saquinhos monodose \ud83c\udf4d Impulsione o seu neg\u00f3cio Horeca com a Zumit!","robots":{"index":"index","follow":"follow","max-snippet":"max-snippet:-1","max-image-preview":"max-image-preview:large","max-video-preview":"max-video-preview:-1"},"canonical":"https:\/\/zumit.es\/pt-pt\/produtos\/smoothie-colada-jungle\/","og_locale":"pt_PT","og_type":"article","og_title":"Pacote Smoothie Pi\u00f1a Colada para a ind\u00fastria hoteleira Zumit","og_description":"Pacote de smoothie Pi\u00f1a Colada: Colada Jungle, uma mistura tropical de banana, coco e anan\u00e1s em saquinhos monodose \ud83c\udf4d Impulsione o seu neg\u00f3cio Horeca com a Zumit!","og_url":"https:\/\/zumit.es\/pt-pt\/produtos\/smoothie-colada-jungle\/","og_site_name":"Zumit","article_modified_time":"2025-11-27T12:00:35+00:00","og_image":[{"width":2048,"height":1364,"url":"https:\/\/zumit.pt\/wp-content\/uploads\/SMOOTHIE-COLADA-JUNGLE_01.webp","type":"image\/webp"}],"twitter_card":"summary_large_image","twitter_misc":{"Tempo estimado de leitura":"2 minutos"},"schema":{"@context":"https:\/\/schema.org","@graph":[{"@type":"WebPage","@id":"https:\/\/zumit.es\/pt-pt\/produtos\/smoothie-colada-jungle\/","url":"https:\/\/zumit.es\/pt-pt\/produtos\/smoothie-colada-jungle\/","name":"Pacote Smoothie Pi\u00f1a Colada para a ind\u00fastria hoteleira Zumit","isPartOf":{"@id":"https:\/\/zumit.it\/#website"},"primaryImageOfPage":{"@id":"https:\/\/zumit.es\/pt-pt\/produtos\/smoothie-colada-jungle\/#primaryimage"},"image":{"@id":"https:\/\/zumit.es\/pt-pt\/produtos\/smoothie-colada-jungle\/#primaryimage"},"thumbnailUrl":"https:\/\/zumit.es\/wp-content\/uploads\/2024\/01\/SMOOTHIE-COLADA-JUNGLE_01.jpg","datePublished":"2024-01-03T14:17:27+00:00","dateModified":"2025-11-27T12:00:35+00:00","description":"Pacote de smoothie Pi\u00f1a Colada: Colada Jungle, uma mistura tropical de banana, coco e anan\u00e1s em saquinhos monodose \ud83c\udf4d Impulsione o seu neg\u00f3cio Horeca com a Zumit!","breadcrumb":{"@id":"https:\/\/zumit.es\/pt-pt\/produtos\/smoothie-colada-jungle\/#breadcrumb"},"inLanguage":"pt-PT","potentialAction":[{"@type":"ReadAction","target":["https:\/\/zumit.es\/pt-pt\/produtos\/smoothie-colada-jungle\/"]}]},{"@type":"ImageObject","inLanguage":"pt-PT","@id":"https:\/\/zumit.es\/pt-pt\/produtos\/smoothie-colada-jungle\/#primaryimage","url":"https:\/\/zumit.es\/wp-content\/uploads\/2024\/01\/SMOOTHIE-COLADA-JUNGLE_01.jpg","contentUrl":"https:\/\/zumit.es\/wp-content\/uploads\/2024\/01\/SMOOTHIE-COLADA-JUNGLE_01.jpg","width":800,"height":800},{"@type":"BreadcrumbList","@id":"https:\/\/zumit.es\/pt-pt\/produtos\/smoothie-colada-jungle\/#breadcrumb","itemListElement":[{"@type":"ListItem","position":1,"name":"Portada","item":"https:\/\/zumit.es\/pt-pt\/"},{"@type":"ListItem","position":2,"name":"Produtos","item":"https:\/\/zumit.pt\/produtos\/"},{"@type":"ListItem","position":3,"name":"Smoothie Colada Jungle"}]},{"@type":"WebSite","@id":"https:\/\/zumit.it\/#website","url":"https:\/\/zumit.it\/","name":"Zumit","description":"Fabricante y Proveedor de Smoothies, Zumos, Fruta IQF","potentialAction":[{"@type":"SearchAction","target":{"@type":"EntryPoint","urlTemplate":"https:\/\/zumit.it\/?s={search_term_string}"},"query-input":{"@type":"PropertyValueSpecification","valueRequired":true,"valueName":"search_term_string"}}],"inLanguage":"pt-PT"}]}},"_links":{"self":[{"href":"https:\/\/zumit.es\/pt-pt\/wp-json\/wp\/v2\/product\/16017","targetHints":{"allow":["GET"]}}],"collection":[{"href":"https:\/\/zumit.es\/pt-pt\/wp-json\/wp\/v2\/product"}],"about":[{"href":"https:\/\/zumit.es\/pt-pt\/wp-json\/wp\/v2\/types\/product"}],"replies":[{"embeddable":true,"href":"https:\/\/zumit.es\/pt-pt\/wp-json\/wp\/v2\/comments?post=16017"}],"version-history":[{"count":0,"href":"https:\/\/zumit.es\/pt-pt\/wp-json\/wp\/v2\/product\/16017\/revisions"}],"wp:featuredmedia":[{"embeddable":true,"href":"https:\/\/zumit.es\/pt-pt\/wp-json\/wp\/v2\/media\/24386"}],"wp:attachment":[{"href":"https:\/\/zumit.es\/pt-pt\/wp-json\/wp\/v2\/media?parent=16017"}],"wp:term":[{"taxonomy":"product_brand","embeddable":true,"href":"https:\/\/zumit.es\/pt-pt\/wp-json\/wp\/v2\/product_brand?post=16017"},{"taxonomy":"product_cat","embeddable":true,"href":"https:\/\/zumit.es\/pt-pt\/wp-json\/wp\/v2\/product_cat?post=16017"},{"taxonomy":"product_tag","embeddable":true,"href":"https:\/\/zumit.es\/pt-pt\/wp-json\/wp\/v2\/product_tag?post=16017"}],"curies":[{"name":"wp","href":"https:\/\/api.w.org\/{rel}","templated":true}]}}