{"id":16003,"date":"2024-04-19T10:39:30","date_gmt":"2024-04-19T08:39:30","guid":{"rendered":"https:\/\/zumit.es\/productos\/smoothie-verde-energetico\/"},"modified":"2025-11-18T13:18:47","modified_gmt":"2025-11-18T12:18:47","slug":"retail-green-power","status":"publish","type":"product","link":"https:\/\/zumit.es\/pt-pt\/produtos\/retail-green-power\/","title":{"rendered":"Pack Smoothie Green Power"},"content":{"rendered":"<p>Green Power da Zumit \u00e9 uma embalagem excecional que re\u00fane sabores tropicais e os benef\u00edcios dos superalimentos verdes numa embalagem f\u00e1cil de preparar smoothie. Com tr\u00eas saquetas de 150 g cada, esta embalagem foi concebida para os entusiastas de um estilo de vida saud\u00e1vel que procuram uma forma r\u00e1pida e conveniente de desfrutar de um snack nutritivo sem comprometer o sabor ou a qualidade.<\/p>\n<p>Cada saco de Green Power cont\u00e9m uma mistura perfeitamente equilibrada de manga, couve, anan\u00e1s e espinafres. A manga e o anan\u00e1s, com a sua do\u00e7ura natural e textura rica, n\u00e3o s\u00f3 proporcionam um delicioso sabor tropical, como tamb\u00e9m est\u00e3o repletos de vitaminas A e C, que ajudam a refor\u00e7ar o sistema imunit\u00e1rio. Por outro lado, a couve e os espinafres, conhecidos pelo seu elevado teor de vitaminas K, A e C e de minerais como o ferro e o c\u00e1lcio, proporcionam um poderoso golpe nutricional que promove a sa\u00fade dos ossos e melhora a vitalidade geral.<\/p>\n<p>O processo de ultracongela\u00e7\u00e3o IQF utilizado nos ingredientes garante que todos os nutrientes e sabores s\u00e3o preservados sem a necessidade de adi\u00e7\u00e3o de conservantes ou corantes artificiais. Este m\u00e9todo preserva a integridade e a frescura de cada fruta e legume, mantendo smoothies t\u00e3o saud\u00e1vel e saboroso como no dia em que foi preparado.<\/p>\n<p>Preparar um Green Power smoothie \u00e9 t\u00e3o simples como adicionar o conte\u00fado de uma saqueta ao seu liquidificador, misturar com sumo de ma\u00e7\u00e3, triturar e saborear. Esta comodidade torna-o a escolha ideal para um pequeno-almo\u00e7o r\u00e1pido, um energizante p\u00f3s-treino ou um snack refrescante entre as refei\u00e7\u00f5es.<\/p>\n<p>Green Power da Zumit n\u00e3o s\u00f3 satisfaz o seu paladar com sabores vibrantes, como tamb\u00e9m apoia o seu bem-estar em cada gole. Integr\u00e1-lo na sua dieta di\u00e1ria \u00e9 uma forma f\u00e1cil e deliciosa de aumentar a ingest\u00e3o de frutas e legumes, garantindo que est\u00e1 a nutrir o seu corpo com o melhor da natureza enquanto desfruta de cada momento saud\u00e1vel.<\/p>\n<p>Os nossos <strong><a href=\"https:\/\/zumit.pt\/retail\/\" rel=\"noopener\">embalagens de smoothies natural<\/a><\/strong> cont\u00eam frutas e legumes ultracongelados IQF, preservando todas as suas propriedades.<\/p>\n","protected":false},"excerpt":{"rendered":"<p>Pacote de smoothie Green Power, 3 saquinhos monodose de 150 g\/u<\/p>\n","protected":false},"featured_media":24566,"comment_status":"open","ping_status":"closed","template":"","meta":{"_acf_changed":false},"product_brand":[],"product_cat":[1020,1021],"product_tag":[],"class_list":{"0":"post-16003","1":"product","2":"type-product","3":"status-publish","4":"has-post-thumbnail","6":"product_cat-produtos","7":"product_cat-retalho","9":"first","10":"instock","11":"taxable","12":"shipping-taxable","13":"product-type-simple"},"acf":[],"yoast_head":"<!-- This site is optimized with the Yoast SEO plugin v27.2 - https:\/\/yoast.com\/product\/yoast-seo-wordpress\/ -->\n<title>Pacote Smoothie Green Power para supermercados Zumit<\/title>\n<meta name=\"description\" content=\"Embalagem smoothie Green Power, uma mistura revitalizante de manga, couve, anan\u00e1s e espinafres em saquetas de dose \u00fanica \ud83c\udf79 Prepare o seu smoothie natural em casa!\" \/>\n<meta name=\"robots\" content=\"index, follow, max-snippet:-1, max-image-preview:large, max-video-preview:-1\" \/>\n<link rel=\"canonical\" href=\"https:\/\/zumit.es\/pt-pt\/produtos\/retail-green-power\/\" \/>\n<meta property=\"og:locale\" content=\"pt_PT\" \/>\n<meta property=\"og:type\" content=\"article\" \/>\n<meta property=\"og:title\" content=\"Pacote Smoothie Green Power para supermercados Zumit\" \/>\n<meta property=\"og:description\" content=\"Embalagem smoothie Green Power, uma mistura revitalizante de manga, couve, anan\u00e1s e espinafres em saquetas de dose \u00fanica \ud83c\udf79 Prepare o seu smoothie natural em casa!\" \/>\n<meta property=\"og:url\" content=\"https:\/\/zumit.es\/pt-pt\/produtos\/retail-green-power\/\" \/>\n<meta property=\"og:site_name\" content=\"Zumit\" \/>\n<meta property=\"article:modified_time\" content=\"2025-11-18T12:18:47+00:00\" \/>\n<meta property=\"og:image\" content=\"https:\/\/zumit.pt\/wp-content\/uploads\/RETAIL-GREEN-POWER.webp\" \/>\n\t<meta property=\"og:image:width\" content=\"2048\" \/>\n\t<meta property=\"og:image:height\" content=\"1365\" \/>\n\t<meta property=\"og:image:type\" content=\"image\/webp\" \/>\n<meta name=\"twitter:card\" content=\"summary_large_image\" \/>\n<meta name=\"twitter:label1\" content=\"Tempo estimado de leitura\" \/>\n\t<meta name=\"twitter:data1\" content=\"2 minutos\" \/>\n<script type=\"application\/ld+json\" class=\"yoast-schema-graph\">{\"@context\":\"https:\/\/schema.org\",\"@graph\":[{\"@type\":\"WebPage\",\"@id\":\"https:\/\/zumit.es\/pt-pt\/produtos\/retail-green-power\/\",\"url\":\"https:\/\/zumit.es\/pt-pt\/produtos\/retail-green-power\/\",\"name\":\"Pacote Smoothie Green Power para supermercados Zumit\",\"isPartOf\":{\"@id\":\"https:\/\/zumit.it\/#website\"},\"primaryImageOfPage\":{\"@id\":\"https:\/\/zumit.es\/pt-pt\/produtos\/retail-green-power\/#primaryimage\"},\"image\":{\"@id\":\"https:\/\/zumit.es\/pt-pt\/produtos\/retail-green-power\/#primaryimage\"},\"thumbnailUrl\":\"https:\/\/zumit.es\/wp-content\/uploads\/2024\/04\/RETAIL-GREEN-POWER.jpg\",\"datePublished\":\"2024-04-19T08:39:30+00:00\",\"dateModified\":\"2025-11-18T12:18:47+00:00\",\"description\":\"Embalagem smoothie Green Power, uma mistura revitalizante de manga, couve, anan\u00e1s e espinafres em saquetas de dose \u00fanica \ud83c\udf79 Prepare o seu smoothie natural em casa!\",\"breadcrumb\":{\"@id\":\"https:\/\/zumit.es\/pt-pt\/produtos\/retail-green-power\/#breadcrumb\"},\"inLanguage\":\"pt-PT\",\"potentialAction\":[{\"@type\":\"ReadAction\",\"target\":[\"https:\/\/zumit.es\/pt-pt\/produtos\/retail-green-power\/\"]}]},{\"@type\":\"ImageObject\",\"inLanguage\":\"pt-PT\",\"@id\":\"https:\/\/zumit.es\/pt-pt\/produtos\/retail-green-power\/#primaryimage\",\"url\":\"https:\/\/zumit.es\/wp-content\/uploads\/2024\/04\/RETAIL-GREEN-POWER.jpg\",\"contentUrl\":\"https:\/\/zumit.es\/wp-content\/uploads\/2024\/04\/RETAIL-GREEN-POWER.jpg\",\"width\":800,\"height\":800,\"caption\":\"Smoothie Green Power de Zumit- Caja de 3 unidades de col rizada, pi\u00f1a, pepino y espinaca para la elaboraci\u00f3n de smoothies en casa\"},{\"@type\":\"BreadcrumbList\",\"@id\":\"https:\/\/zumit.es\/pt-pt\/produtos\/retail-green-power\/#breadcrumb\",\"itemListElement\":[{\"@type\":\"ListItem\",\"position\":1,\"name\":\"Portada\",\"item\":\"https:\/\/zumit.es\/pt-pt\/\"},{\"@type\":\"ListItem\",\"position\":2,\"name\":\"Produtos\",\"item\":\"https:\/\/zumit.pt\/produtos\/\"},{\"@type\":\"ListItem\",\"position\":3,\"name\":\"Pack Smoothie Green Power\"}]},{\"@type\":\"WebSite\",\"@id\":\"https:\/\/zumit.it\/#website\",\"url\":\"https:\/\/zumit.it\/\",\"name\":\"Zumit\",\"description\":\"Fabricante y Proveedor de Smoothies, Zumos, Fruta IQF\",\"potentialAction\":[{\"@type\":\"SearchAction\",\"target\":{\"@type\":\"EntryPoint\",\"urlTemplate\":\"https:\/\/zumit.it\/?s={search_term_string}\"},\"query-input\":{\"@type\":\"PropertyValueSpecification\",\"valueRequired\":true,\"valueName\":\"search_term_string\"}}],\"inLanguage\":\"pt-PT\"}]}<\/script>\n<!-- \/ Yoast SEO plugin. -->","yoast_head_json":{"title":"Pacote Smoothie Green Power para supermercados Zumit","description":"Embalagem smoothie Green Power, uma mistura revitalizante de manga, couve, anan\u00e1s e espinafres em saquetas de dose \u00fanica \ud83c\udf79 Prepare o seu smoothie natural em casa!","robots":{"index":"index","follow":"follow","max-snippet":"max-snippet:-1","max-image-preview":"max-image-preview:large","max-video-preview":"max-video-preview:-1"},"canonical":"https:\/\/zumit.es\/pt-pt\/produtos\/retail-green-power\/","og_locale":"pt_PT","og_type":"article","og_title":"Pacote Smoothie Green Power para supermercados Zumit","og_description":"Embalagem smoothie Green Power, uma mistura revitalizante de manga, couve, anan\u00e1s e espinafres em saquetas de dose \u00fanica \ud83c\udf79 Prepare o seu smoothie natural em casa!","og_url":"https:\/\/zumit.es\/pt-pt\/produtos\/retail-green-power\/","og_site_name":"Zumit","article_modified_time":"2025-11-18T12:18:47+00:00","og_image":[{"width":2048,"height":1365,"url":"https:\/\/zumit.pt\/wp-content\/uploads\/RETAIL-GREEN-POWER.webp","type":"image\/webp"}],"twitter_card":"summary_large_image","twitter_misc":{"Tempo estimado de leitura":"2 minutos"},"schema":{"@context":"https:\/\/schema.org","@graph":[{"@type":"WebPage","@id":"https:\/\/zumit.es\/pt-pt\/produtos\/retail-green-power\/","url":"https:\/\/zumit.es\/pt-pt\/produtos\/retail-green-power\/","name":"Pacote Smoothie Green Power para supermercados Zumit","isPartOf":{"@id":"https:\/\/zumit.it\/#website"},"primaryImageOfPage":{"@id":"https:\/\/zumit.es\/pt-pt\/produtos\/retail-green-power\/#primaryimage"},"image":{"@id":"https:\/\/zumit.es\/pt-pt\/produtos\/retail-green-power\/#primaryimage"},"thumbnailUrl":"https:\/\/zumit.es\/wp-content\/uploads\/2024\/04\/RETAIL-GREEN-POWER.jpg","datePublished":"2024-04-19T08:39:30+00:00","dateModified":"2025-11-18T12:18:47+00:00","description":"Embalagem smoothie Green Power, uma mistura revitalizante de manga, couve, anan\u00e1s e espinafres em saquetas de dose \u00fanica \ud83c\udf79 Prepare o seu smoothie natural em casa!","breadcrumb":{"@id":"https:\/\/zumit.es\/pt-pt\/produtos\/retail-green-power\/#breadcrumb"},"inLanguage":"pt-PT","potentialAction":[{"@type":"ReadAction","target":["https:\/\/zumit.es\/pt-pt\/produtos\/retail-green-power\/"]}]},{"@type":"ImageObject","inLanguage":"pt-PT","@id":"https:\/\/zumit.es\/pt-pt\/produtos\/retail-green-power\/#primaryimage","url":"https:\/\/zumit.es\/wp-content\/uploads\/2024\/04\/RETAIL-GREEN-POWER.jpg","contentUrl":"https:\/\/zumit.es\/wp-content\/uploads\/2024\/04\/RETAIL-GREEN-POWER.jpg","width":800,"height":800,"caption":"Smoothie Green Power de Zumit- Caja de 3 unidades de col rizada, pi\u00f1a, pepino y espinaca para la elaboraci\u00f3n de smoothies en casa"},{"@type":"BreadcrumbList","@id":"https:\/\/zumit.es\/pt-pt\/produtos\/retail-green-power\/#breadcrumb","itemListElement":[{"@type":"ListItem","position":1,"name":"Portada","item":"https:\/\/zumit.es\/pt-pt\/"},{"@type":"ListItem","position":2,"name":"Produtos","item":"https:\/\/zumit.pt\/produtos\/"},{"@type":"ListItem","position":3,"name":"Pack Smoothie Green Power"}]},{"@type":"WebSite","@id":"https:\/\/zumit.it\/#website","url":"https:\/\/zumit.it\/","name":"Zumit","description":"Fabricante y Proveedor de Smoothies, Zumos, Fruta IQF","potentialAction":[{"@type":"SearchAction","target":{"@type":"EntryPoint","urlTemplate":"https:\/\/zumit.it\/?s={search_term_string}"},"query-input":{"@type":"PropertyValueSpecification","valueRequired":true,"valueName":"search_term_string"}}],"inLanguage":"pt-PT"}]}},"_links":{"self":[{"href":"https:\/\/zumit.es\/pt-pt\/wp-json\/wp\/v2\/product\/16003","targetHints":{"allow":["GET"]}}],"collection":[{"href":"https:\/\/zumit.es\/pt-pt\/wp-json\/wp\/v2\/product"}],"about":[{"href":"https:\/\/zumit.es\/pt-pt\/wp-json\/wp\/v2\/types\/product"}],"replies":[{"embeddable":true,"href":"https:\/\/zumit.es\/pt-pt\/wp-json\/wp\/v2\/comments?post=16003"}],"version-history":[{"count":0,"href":"https:\/\/zumit.es\/pt-pt\/wp-json\/wp\/v2\/product\/16003\/revisions"}],"wp:featuredmedia":[{"embeddable":true,"href":"https:\/\/zumit.es\/pt-pt\/wp-json\/wp\/v2\/media\/24566"}],"wp:attachment":[{"href":"https:\/\/zumit.es\/pt-pt\/wp-json\/wp\/v2\/media?parent=16003"}],"wp:term":[{"taxonomy":"product_brand","embeddable":true,"href":"https:\/\/zumit.es\/pt-pt\/wp-json\/wp\/v2\/product_brand?post=16003"},{"taxonomy":"product_cat","embeddable":true,"href":"https:\/\/zumit.es\/pt-pt\/wp-json\/wp\/v2\/product_cat?post=16003"},{"taxonomy":"product_tag","embeddable":true,"href":"https:\/\/zumit.es\/pt-pt\/wp-json\/wp\/v2\/product_tag?post=16003"}],"curies":[{"name":"wp","href":"https:\/\/api.w.org\/{rel}","templated":true}]}}