{"id":15905,"date":"2024-01-03T14:50:06","date_gmt":"2024-01-03T13:50:06","guid":{"rendered":"https:\/\/zumit.es\/productos\/smoothie-de-vitalidade-2\/"},"modified":"2025-11-27T12:49:42","modified_gmt":"2025-11-27T11:49:42","slug":"smoothie-vitality","status":"publish","type":"product","link":"https:\/\/zumit.es\/pt-pt\/produtos\/smoothie-vitality\/","title":{"rendered":"Smoothie Vitality"},"content":{"rendered":"<p>O <strong>Smoothie Vitality<\/strong> da Zumit \u00e9 um convite para saborear a vitalidade no seu melhor. Esta caixa especial, que inclui 20 saquetas monodoses de 150g, \u00e9 a fus\u00e3o perfeita de dois dos frutos mais apreciados e nutritivos: a banana e o morango. Cada saqueta cont\u00e9m um equil\u00edbrio perfeito destes ingredientes, cuidadosamente lavados, cortados e ultracongelados para preservar a sua frescura e valor nutricional.  <\/p>\n<p>Com banana, Smoothie Vitality oferece uma base cremosa e rica em pot\u00e1ssio, ideal para uma energia sustentada. A complementar esta base est\u00e1 o morango, conhecido pelo seu elevado teor de vitamina C e de antioxidantes, para al\u00e9m de proporcionar um toque de do\u00e7ura natural e uma cor vermelha vibrante. <\/p>\n<p>As pr\u00e1ticas bolsas de 15 cm x 12 cm s\u00e3o perfeitas para uma arruma\u00e7\u00e3o eficiente e uma prepara\u00e7\u00e3o r\u00e1pida e f\u00e1cil. \u00c9 um excelente complemento para qualquer bar, caf\u00e9 ou restaurante que queira oferecer aos seus clientes uma op\u00e7\u00e3o deliciosa e energ\u00e9tica. <\/p>\n<p>Smoothie Vitality de Zumit n\u00e3o \u00e9 apenas uma bebida, \u00e9 um impulso de sabor e sa\u00fade em cada gole.<\/p>\n<p><span data-sheets-root=\"1\">Os <a class=\"in-cell-link\" href=\"https:\/\/zumit.pt\/smoothies\/\" target=\"_blank\" rel=\"noopener\">smoothies<\/a><a class=\"in-cell-link\" href=\"https:\/\/zumit.pt\/smoothies\/\" rel=\"noopener\"> s\u00e3o<\/a> uma excelente op\u00e7\u00e3o <a class=\"in-cell-link\" href=\"https:\/\/zumit.pt\/smoothies\/\" target=\"_blank\" rel=\"noopener\"> para<\/a> quem procura oferecer algo diferente e saud\u00e1vel.<\/span><\/p>\n<p><strong>PRODUTO N\u00c3O DISPON\u00cdVEL PARA PARTICULARES<\/strong><\/p>\n","protected":false},"excerpt":{"rendered":"<p>Smoothie de Fruta 100% natural<\/p>\n","protected":false},"featured_media":24639,"comment_status":"open","ping_status":"closed","template":"","meta":{"_acf_changed":false},"product_brand":[],"product_cat":[1031,1020,1032],"product_tag":[],"class_list":{"0":"post-15905","1":"product","2":"type-product","3":"status-publish","4":"has-post-thumbnail","6":"product_cat-b2b-pt-pt","7":"product_cat-produtos","8":"product_cat-smoothies-pt-pt","10":"first","11":"outofstock","12":"taxable","13":"shipping-taxable","14":"purchasable","15":"product-type-simple"},"acf":[],"yoast_head":"<!-- This site is optimized with the Yoast SEO plugin v27.2 - https:\/\/yoast.com\/product\/yoast-seo-wordpress\/ -->\n<title>Pack Smoothie Vitality para a ind\u00fastria hoteleira Zumit<\/title>\n<meta name=\"description\" content=\"Pack Smoothie Vitality para hotelaria: uma mistura refrescante de morango e banana em cada gole. Melhore a sua oferta Horeca, solicite informa\u00e7\u00f5es! \ud83c\udf53\" \/>\n<meta name=\"robots\" content=\"index, follow, max-snippet:-1, max-image-preview:large, max-video-preview:-1\" \/>\n<link rel=\"canonical\" href=\"https:\/\/zumit.es\/pt-pt\/produtos\/smoothie-vitality\/\" \/>\n<meta property=\"og:locale\" content=\"pt_PT\" \/>\n<meta property=\"og:type\" content=\"article\" \/>\n<meta property=\"og:title\" content=\"Pack Smoothie Vitality para a ind\u00fastria hoteleira Zumit\" \/>\n<meta property=\"og:description\" content=\"Pack Smoothie Vitality para hotelaria: uma mistura refrescante de morango e banana em cada gole. Melhore a sua oferta Horeca, solicite informa\u00e7\u00f5es! \ud83c\udf53\" \/>\n<meta property=\"og:url\" content=\"https:\/\/zumit.es\/pt-pt\/produtos\/smoothie-vitality\/\" \/>\n<meta property=\"og:site_name\" content=\"Zumit\" \/>\n<meta property=\"article:modified_time\" content=\"2025-11-27T11:49:42+00:00\" \/>\n<meta property=\"og:image\" content=\"https:\/\/zumit.pt\/wp-content\/uploads\/Smoothie-Vitality_01.webp\" \/>\n\t<meta property=\"og:image:width\" content=\"2048\" \/>\n\t<meta property=\"og:image:height\" content=\"1365\" \/>\n\t<meta property=\"og:image:type\" content=\"image\/webp\" \/>\n<meta name=\"twitter:card\" content=\"summary_large_image\" \/>\n<meta name=\"twitter:label1\" content=\"Tempo estimado de leitura\" \/>\n\t<meta name=\"twitter:data1\" content=\"2 minutos\" \/>\n<script type=\"application\/ld+json\" class=\"yoast-schema-graph\">{\"@context\":\"https:\/\/schema.org\",\"@graph\":[{\"@type\":\"WebPage\",\"@id\":\"https:\/\/zumit.es\/pt-pt\/produtos\/smoothie-vitality\/\",\"url\":\"https:\/\/zumit.es\/pt-pt\/produtos\/smoothie-vitality\/\",\"name\":\"Pack Smoothie Vitality para a ind\u00fastria hoteleira Zumit\",\"isPartOf\":{\"@id\":\"https:\/\/zumit.it\/#website\"},\"primaryImageOfPage\":{\"@id\":\"https:\/\/zumit.es\/pt-pt\/produtos\/smoothie-vitality\/#primaryimage\"},\"image\":{\"@id\":\"https:\/\/zumit.es\/pt-pt\/produtos\/smoothie-vitality\/#primaryimage\"},\"thumbnailUrl\":\"https:\/\/zumit.es\/wp-content\/uploads\/2024\/01\/Smoothie-Vitality_01.jpg\",\"datePublished\":\"2024-01-03T13:50:06+00:00\",\"dateModified\":\"2025-11-27T11:49:42+00:00\",\"description\":\"Pack Smoothie Vitality para hotelaria: uma mistura refrescante de morango e banana em cada gole. Melhore a sua oferta Horeca, solicite informa\u00e7\u00f5es! \ud83c\udf53\",\"breadcrumb\":{\"@id\":\"https:\/\/zumit.es\/pt-pt\/produtos\/smoothie-vitality\/#breadcrumb\"},\"inLanguage\":\"pt-PT\",\"potentialAction\":[{\"@type\":\"ReadAction\",\"target\":[\"https:\/\/zumit.es\/pt-pt\/produtos\/smoothie-vitality\/\"]}]},{\"@type\":\"ImageObject\",\"inLanguage\":\"pt-PT\",\"@id\":\"https:\/\/zumit.es\/pt-pt\/produtos\/smoothie-vitality\/#primaryimage\",\"url\":\"https:\/\/zumit.es\/wp-content\/uploads\/2024\/01\/Smoothie-Vitality_01.jpg\",\"contentUrl\":\"https:\/\/zumit.es\/wp-content\/uploads\/2024\/01\/Smoothie-Vitality_01.jpg\",\"width\":800,\"height\":800},{\"@type\":\"BreadcrumbList\",\"@id\":\"https:\/\/zumit.es\/pt-pt\/produtos\/smoothie-vitality\/#breadcrumb\",\"itemListElement\":[{\"@type\":\"ListItem\",\"position\":1,\"name\":\"Portada\",\"item\":\"https:\/\/zumit.es\/pt-pt\/\"},{\"@type\":\"ListItem\",\"position\":2,\"name\":\"Produtos\",\"item\":\"https:\/\/zumit.pt\/produtos\/\"},{\"@type\":\"ListItem\",\"position\":3,\"name\":\"Smoothie Vitality\"}]},{\"@type\":\"WebSite\",\"@id\":\"https:\/\/zumit.it\/#website\",\"url\":\"https:\/\/zumit.it\/\",\"name\":\"Zumit\",\"description\":\"Fabricante y Proveedor de Smoothies, Zumos, Fruta IQF\",\"potentialAction\":[{\"@type\":\"SearchAction\",\"target\":{\"@type\":\"EntryPoint\",\"urlTemplate\":\"https:\/\/zumit.it\/?s={search_term_string}\"},\"query-input\":{\"@type\":\"PropertyValueSpecification\",\"valueRequired\":true,\"valueName\":\"search_term_string\"}}],\"inLanguage\":\"pt-PT\"}]}<\/script>\n<!-- \/ Yoast SEO plugin. -->","yoast_head_json":{"title":"Pack Smoothie Vitality para a ind\u00fastria hoteleira Zumit","description":"Pack Smoothie Vitality para hotelaria: uma mistura refrescante de morango e banana em cada gole. Melhore a sua oferta Horeca, solicite informa\u00e7\u00f5es! \ud83c\udf53","robots":{"index":"index","follow":"follow","max-snippet":"max-snippet:-1","max-image-preview":"max-image-preview:large","max-video-preview":"max-video-preview:-1"},"canonical":"https:\/\/zumit.es\/pt-pt\/produtos\/smoothie-vitality\/","og_locale":"pt_PT","og_type":"article","og_title":"Pack Smoothie Vitality para a ind\u00fastria hoteleira Zumit","og_description":"Pack Smoothie Vitality para hotelaria: uma mistura refrescante de morango e banana em cada gole. Melhore a sua oferta Horeca, solicite informa\u00e7\u00f5es! \ud83c\udf53","og_url":"https:\/\/zumit.es\/pt-pt\/produtos\/smoothie-vitality\/","og_site_name":"Zumit","article_modified_time":"2025-11-27T11:49:42+00:00","og_image":[{"width":2048,"height":1365,"url":"https:\/\/zumit.pt\/wp-content\/uploads\/Smoothie-Vitality_01.webp","type":"image\/webp"}],"twitter_card":"summary_large_image","twitter_misc":{"Tempo estimado de leitura":"2 minutos"},"schema":{"@context":"https:\/\/schema.org","@graph":[{"@type":"WebPage","@id":"https:\/\/zumit.es\/pt-pt\/produtos\/smoothie-vitality\/","url":"https:\/\/zumit.es\/pt-pt\/produtos\/smoothie-vitality\/","name":"Pack Smoothie Vitality para a ind\u00fastria hoteleira Zumit","isPartOf":{"@id":"https:\/\/zumit.it\/#website"},"primaryImageOfPage":{"@id":"https:\/\/zumit.es\/pt-pt\/produtos\/smoothie-vitality\/#primaryimage"},"image":{"@id":"https:\/\/zumit.es\/pt-pt\/produtos\/smoothie-vitality\/#primaryimage"},"thumbnailUrl":"https:\/\/zumit.es\/wp-content\/uploads\/2024\/01\/Smoothie-Vitality_01.jpg","datePublished":"2024-01-03T13:50:06+00:00","dateModified":"2025-11-27T11:49:42+00:00","description":"Pack Smoothie Vitality para hotelaria: uma mistura refrescante de morango e banana em cada gole. Melhore a sua oferta Horeca, solicite informa\u00e7\u00f5es! \ud83c\udf53","breadcrumb":{"@id":"https:\/\/zumit.es\/pt-pt\/produtos\/smoothie-vitality\/#breadcrumb"},"inLanguage":"pt-PT","potentialAction":[{"@type":"ReadAction","target":["https:\/\/zumit.es\/pt-pt\/produtos\/smoothie-vitality\/"]}]},{"@type":"ImageObject","inLanguage":"pt-PT","@id":"https:\/\/zumit.es\/pt-pt\/produtos\/smoothie-vitality\/#primaryimage","url":"https:\/\/zumit.es\/wp-content\/uploads\/2024\/01\/Smoothie-Vitality_01.jpg","contentUrl":"https:\/\/zumit.es\/wp-content\/uploads\/2024\/01\/Smoothie-Vitality_01.jpg","width":800,"height":800},{"@type":"BreadcrumbList","@id":"https:\/\/zumit.es\/pt-pt\/produtos\/smoothie-vitality\/#breadcrumb","itemListElement":[{"@type":"ListItem","position":1,"name":"Portada","item":"https:\/\/zumit.es\/pt-pt\/"},{"@type":"ListItem","position":2,"name":"Produtos","item":"https:\/\/zumit.pt\/produtos\/"},{"@type":"ListItem","position":3,"name":"Smoothie Vitality"}]},{"@type":"WebSite","@id":"https:\/\/zumit.it\/#website","url":"https:\/\/zumit.it\/","name":"Zumit","description":"Fabricante y Proveedor de Smoothies, Zumos, Fruta IQF","potentialAction":[{"@type":"SearchAction","target":{"@type":"EntryPoint","urlTemplate":"https:\/\/zumit.it\/?s={search_term_string}"},"query-input":{"@type":"PropertyValueSpecification","valueRequired":true,"valueName":"search_term_string"}}],"inLanguage":"pt-PT"}]}},"_links":{"self":[{"href":"https:\/\/zumit.es\/pt-pt\/wp-json\/wp\/v2\/product\/15905","targetHints":{"allow":["GET"]}}],"collection":[{"href":"https:\/\/zumit.es\/pt-pt\/wp-json\/wp\/v2\/product"}],"about":[{"href":"https:\/\/zumit.es\/pt-pt\/wp-json\/wp\/v2\/types\/product"}],"replies":[{"embeddable":true,"href":"https:\/\/zumit.es\/pt-pt\/wp-json\/wp\/v2\/comments?post=15905"}],"version-history":[{"count":0,"href":"https:\/\/zumit.es\/pt-pt\/wp-json\/wp\/v2\/product\/15905\/revisions"}],"wp:featuredmedia":[{"embeddable":true,"href":"https:\/\/zumit.es\/pt-pt\/wp-json\/wp\/v2\/media\/24639"}],"wp:attachment":[{"href":"https:\/\/zumit.es\/pt-pt\/wp-json\/wp\/v2\/media?parent=15905"}],"wp:term":[{"taxonomy":"product_brand","embeddable":true,"href":"https:\/\/zumit.es\/pt-pt\/wp-json\/wp\/v2\/product_brand?post=15905"},{"taxonomy":"product_cat","embeddable":true,"href":"https:\/\/zumit.es\/pt-pt\/wp-json\/wp\/v2\/product_cat?post=15905"},{"taxonomy":"product_tag","embeddable":true,"href":"https:\/\/zumit.es\/pt-pt\/wp-json\/wp\/v2\/product_tag?post=15905"}],"curies":[{"name":"wp","href":"https:\/\/api.w.org\/{rel}","templated":true}]}}