{"id":15900,"date":"2024-01-03T14:39:52","date_gmt":"2024-01-03T13:39:52","guid":{"rendered":"https:\/\/zumit.es\/productos\/smoothie-delightful\/"},"modified":"2025-11-27T12:49:57","modified_gmt":"2025-11-27T11:49:57","slug":"smoothie-delightful","status":"publish","type":"product","link":"https:\/\/zumit.es\/pt-pt\/produtos\/smoothie-delightful\/","title":{"rendered":"Smoothie Delightful"},"content":{"rendered":"<p><strong>Smoothie Delightful<\/strong> da Zumit \u00e9 uma combina\u00e7\u00e3o perfeita de sabor e energia, concebida para quem procura um impulso saud\u00e1vel e delicioso para o seu dia. Cada caixa cont\u00e9m 20 saquetas de 150 g de dose \u00fanica, recheadas com uma deliciosa mistura de frutos, todos lavados, cortados e ultracongelados para preservar a sua frescura e pot\u00eancia nutricional. <\/p>\n<p>Com manga, este smoothie proporciona n\u00e3o s\u00f3 um sabor tropical e uma do\u00e7ura irresist\u00edvel, mas tamb\u00e9m uma rica fonte de vitaminas e antioxidantes. A banana proporciona cremosidade e uma dose sustentada de energia, ideal para aqueles momentos em que precisa de um est\u00edmulo natural. A isto junta-se o a\u00e7a\u00ed, o superfruto da Amaz\u00f3nia conhecido pelas suas propriedades energizantes e antioxidantes. O toque final \u00e9 dado pelos mirtilos, carregados de nutrientes e com um sabor que equilibra na perfei\u00e7\u00e3o a mistura.   <\/p>\n<p>Os sacos de 15 cm x 12 cm foram concebidos para sua comodidade, assegurando que cada smoothie que prepara \u00e9 uma experi\u00eancia fresca e revigorante.<\/p>\n<p>Embora este produto n\u00e3o esteja dispon\u00edvel para particulares, Smoothie Delightful da Zumit \u00e9 a escolha ideal para bares, caf\u00e9s e restaurantes que procuram oferecer uma op\u00e7\u00e3o saud\u00e1vel e saborosa aos seus clientes. Com Zumit, cada gole \u00e9 um passo em dire\u00e7\u00e3o a um bem-estar vibrante e delicioso. <\/p>\n<p>Para surpreender os seus clientes com produtos inovadores, confie num bom <a href=\"https:\/\/zumit.pt\/smoothies\/\">distribuidor de smoothies<\/a> que compreenda as suas necessidades.<\/p>\n<p><strong>PRODUTO N\u00c3O DISPON\u00cdVEL PARA PARTICULARES<\/strong><\/p>\n","protected":false},"excerpt":{"rendered":"<p>Smoothie de Fruta 100% natural<\/p>\n","protected":false},"featured_media":24350,"comment_status":"open","ping_status":"closed","template":"","meta":{"_acf_changed":false},"product_brand":[],"product_cat":[1031,1020,1032],"product_tag":[],"class_list":{"0":"post-15900","1":"product","2":"type-product","3":"status-publish","4":"has-post-thumbnail","6":"product_cat-b2b-pt-pt","7":"product_cat-produtos","8":"product_cat-smoothies-pt-pt","10":"first","11":"outofstock","12":"taxable","13":"shipping-taxable","14":"purchasable","15":"product-type-simple"},"acf":[],"yoast_head":"<!-- This site is optimized with the Yoast SEO plugin v27.2 - https:\/\/yoast.com\/product\/yoast-seo-wordpress\/ -->\n<title>Pack Smoothie Delightful para o sector da hotelaria e restaura\u00e7\u00e3o Zumit<\/title>\n<meta name=\"description\" content=\"Caixa com 20 saquinhos de Smoothie Delightful (manga, banana, a\u00e7a\u00ed e mirtilo) \ud83e\udd6d100 % fruta e sem adi\u00e7\u00e3o de a\u00e7\u00facares; pronto para bater e servir em hot\u00e9is e restaurantes.\" \/>\n<meta name=\"robots\" content=\"index, follow, max-snippet:-1, max-image-preview:large, max-video-preview:-1\" \/>\n<link rel=\"canonical\" href=\"https:\/\/zumit.es\/pt-pt\/produtos\/smoothie-delightful\/\" \/>\n<meta property=\"og:locale\" content=\"pt_PT\" \/>\n<meta property=\"og:type\" content=\"article\" \/>\n<meta property=\"og:title\" content=\"Pack Smoothie Delightful para o sector da hotelaria e restaura\u00e7\u00e3o Zumit\" \/>\n<meta property=\"og:description\" content=\"Caixa com 20 saquinhos de Smoothie Delightful (manga, banana, a\u00e7a\u00ed e mirtilo) \ud83e\udd6d100 % fruta e sem adi\u00e7\u00e3o de a\u00e7\u00facares; pronto para bater e servir em hot\u00e9is e restaurantes.\" \/>\n<meta property=\"og:url\" content=\"https:\/\/zumit.es\/pt-pt\/produtos\/smoothie-delightful\/\" \/>\n<meta property=\"og:site_name\" content=\"Zumit\" \/>\n<meta property=\"article:modified_time\" content=\"2025-11-27T11:49:57+00:00\" \/>\n<meta property=\"og:image\" content=\"https:\/\/zumit.pt\/wp-content\/uploads\/Smoothie-Delightful_01.webp\" \/>\n\t<meta property=\"og:image:width\" content=\"2048\" \/>\n\t<meta property=\"og:image:height\" content=\"1365\" \/>\n\t<meta property=\"og:image:type\" content=\"image\/webp\" \/>\n<meta name=\"twitter:card\" content=\"summary_large_image\" \/>\n<meta name=\"twitter:label1\" content=\"Tempo estimado de leitura\" \/>\n\t<meta name=\"twitter:data1\" content=\"1 minuto\" \/>\n<script type=\"application\/ld+json\" class=\"yoast-schema-graph\">{\"@context\":\"https:\/\/schema.org\",\"@graph\":[{\"@type\":\"WebPage\",\"@id\":\"https:\/\/zumit.es\/pt-pt\/produtos\/smoothie-delightful\/\",\"url\":\"https:\/\/zumit.es\/pt-pt\/produtos\/smoothie-delightful\/\",\"name\":\"Pack Smoothie Delightful para o sector da hotelaria e restaura\u00e7\u00e3o Zumit\",\"isPartOf\":{\"@id\":\"https:\/\/zumit.it\/#website\"},\"primaryImageOfPage\":{\"@id\":\"https:\/\/zumit.es\/pt-pt\/produtos\/smoothie-delightful\/#primaryimage\"},\"image\":{\"@id\":\"https:\/\/zumit.es\/pt-pt\/produtos\/smoothie-delightful\/#primaryimage\"},\"thumbnailUrl\":\"https:\/\/zumit.es\/wp-content\/uploads\/2024\/01\/Smoothie-Delightful_01.jpg\",\"datePublished\":\"2024-01-03T13:39:52+00:00\",\"dateModified\":\"2025-11-27T11:49:57+00:00\",\"description\":\"Caixa com 20 saquinhos de Smoothie Delightful (manga, banana, a\u00e7a\u00ed e mirtilo) \ud83e\udd6d100 % fruta e sem adi\u00e7\u00e3o de a\u00e7\u00facares; pronto para bater e servir em hot\u00e9is e restaurantes.\",\"breadcrumb\":{\"@id\":\"https:\/\/zumit.es\/pt-pt\/produtos\/smoothie-delightful\/#breadcrumb\"},\"inLanguage\":\"pt-PT\",\"potentialAction\":[{\"@type\":\"ReadAction\",\"target\":[\"https:\/\/zumit.es\/pt-pt\/produtos\/smoothie-delightful\/\"]}]},{\"@type\":\"ImageObject\",\"inLanguage\":\"pt-PT\",\"@id\":\"https:\/\/zumit.es\/pt-pt\/produtos\/smoothie-delightful\/#primaryimage\",\"url\":\"https:\/\/zumit.es\/wp-content\/uploads\/2024\/01\/Smoothie-Delightful_01.jpg\",\"contentUrl\":\"https:\/\/zumit.es\/wp-content\/uploads\/2024\/01\/Smoothie-Delightful_01.jpg\",\"width\":800,\"height\":800},{\"@type\":\"BreadcrumbList\",\"@id\":\"https:\/\/zumit.es\/pt-pt\/produtos\/smoothie-delightful\/#breadcrumb\",\"itemListElement\":[{\"@type\":\"ListItem\",\"position\":1,\"name\":\"Portada\",\"item\":\"https:\/\/zumit.es\/pt-pt\/\"},{\"@type\":\"ListItem\",\"position\":2,\"name\":\"Produtos\",\"item\":\"https:\/\/zumit.pt\/produtos\/\"},{\"@type\":\"ListItem\",\"position\":3,\"name\":\"Smoothie Delightful\"}]},{\"@type\":\"WebSite\",\"@id\":\"https:\/\/zumit.it\/#website\",\"url\":\"https:\/\/zumit.it\/\",\"name\":\"Zumit\",\"description\":\"Fabricante y Proveedor de Smoothies, Zumos, Fruta IQF\",\"potentialAction\":[{\"@type\":\"SearchAction\",\"target\":{\"@type\":\"EntryPoint\",\"urlTemplate\":\"https:\/\/zumit.it\/?s={search_term_string}\"},\"query-input\":{\"@type\":\"PropertyValueSpecification\",\"valueRequired\":true,\"valueName\":\"search_term_string\"}}],\"inLanguage\":\"pt-PT\"}]}<\/script>\n<!-- \/ Yoast SEO plugin. -->","yoast_head_json":{"title":"Pack Smoothie Delightful para o sector da hotelaria e restaura\u00e7\u00e3o Zumit","description":"Caixa com 20 saquinhos de Smoothie Delightful (manga, banana, a\u00e7a\u00ed e mirtilo) \ud83e\udd6d100 % fruta e sem adi\u00e7\u00e3o de a\u00e7\u00facares; pronto para bater e servir em hot\u00e9is e restaurantes.","robots":{"index":"index","follow":"follow","max-snippet":"max-snippet:-1","max-image-preview":"max-image-preview:large","max-video-preview":"max-video-preview:-1"},"canonical":"https:\/\/zumit.es\/pt-pt\/produtos\/smoothie-delightful\/","og_locale":"pt_PT","og_type":"article","og_title":"Pack Smoothie Delightful para o sector da hotelaria e restaura\u00e7\u00e3o Zumit","og_description":"Caixa com 20 saquinhos de Smoothie Delightful (manga, banana, a\u00e7a\u00ed e mirtilo) \ud83e\udd6d100 % fruta e sem adi\u00e7\u00e3o de a\u00e7\u00facares; pronto para bater e servir em hot\u00e9is e restaurantes.","og_url":"https:\/\/zumit.es\/pt-pt\/produtos\/smoothie-delightful\/","og_site_name":"Zumit","article_modified_time":"2025-11-27T11:49:57+00:00","og_image":[{"width":2048,"height":1365,"url":"https:\/\/zumit.pt\/wp-content\/uploads\/Smoothie-Delightful_01.webp","type":"image\/webp"}],"twitter_card":"summary_large_image","twitter_misc":{"Tempo estimado de leitura":"1 minuto"},"schema":{"@context":"https:\/\/schema.org","@graph":[{"@type":"WebPage","@id":"https:\/\/zumit.es\/pt-pt\/produtos\/smoothie-delightful\/","url":"https:\/\/zumit.es\/pt-pt\/produtos\/smoothie-delightful\/","name":"Pack Smoothie Delightful para o sector da hotelaria e restaura\u00e7\u00e3o Zumit","isPartOf":{"@id":"https:\/\/zumit.it\/#website"},"primaryImageOfPage":{"@id":"https:\/\/zumit.es\/pt-pt\/produtos\/smoothie-delightful\/#primaryimage"},"image":{"@id":"https:\/\/zumit.es\/pt-pt\/produtos\/smoothie-delightful\/#primaryimage"},"thumbnailUrl":"https:\/\/zumit.es\/wp-content\/uploads\/2024\/01\/Smoothie-Delightful_01.jpg","datePublished":"2024-01-03T13:39:52+00:00","dateModified":"2025-11-27T11:49:57+00:00","description":"Caixa com 20 saquinhos de Smoothie Delightful (manga, banana, a\u00e7a\u00ed e mirtilo) \ud83e\udd6d100 % fruta e sem adi\u00e7\u00e3o de a\u00e7\u00facares; pronto para bater e servir em hot\u00e9is e restaurantes.","breadcrumb":{"@id":"https:\/\/zumit.es\/pt-pt\/produtos\/smoothie-delightful\/#breadcrumb"},"inLanguage":"pt-PT","potentialAction":[{"@type":"ReadAction","target":["https:\/\/zumit.es\/pt-pt\/produtos\/smoothie-delightful\/"]}]},{"@type":"ImageObject","inLanguage":"pt-PT","@id":"https:\/\/zumit.es\/pt-pt\/produtos\/smoothie-delightful\/#primaryimage","url":"https:\/\/zumit.es\/wp-content\/uploads\/2024\/01\/Smoothie-Delightful_01.jpg","contentUrl":"https:\/\/zumit.es\/wp-content\/uploads\/2024\/01\/Smoothie-Delightful_01.jpg","width":800,"height":800},{"@type":"BreadcrumbList","@id":"https:\/\/zumit.es\/pt-pt\/produtos\/smoothie-delightful\/#breadcrumb","itemListElement":[{"@type":"ListItem","position":1,"name":"Portada","item":"https:\/\/zumit.es\/pt-pt\/"},{"@type":"ListItem","position":2,"name":"Produtos","item":"https:\/\/zumit.pt\/produtos\/"},{"@type":"ListItem","position":3,"name":"Smoothie Delightful"}]},{"@type":"WebSite","@id":"https:\/\/zumit.it\/#website","url":"https:\/\/zumit.it\/","name":"Zumit","description":"Fabricante y Proveedor de Smoothies, Zumos, Fruta IQF","potentialAction":[{"@type":"SearchAction","target":{"@type":"EntryPoint","urlTemplate":"https:\/\/zumit.it\/?s={search_term_string}"},"query-input":{"@type":"PropertyValueSpecification","valueRequired":true,"valueName":"search_term_string"}}],"inLanguage":"pt-PT"}]}},"_links":{"self":[{"href":"https:\/\/zumit.es\/pt-pt\/wp-json\/wp\/v2\/product\/15900","targetHints":{"allow":["GET"]}}],"collection":[{"href":"https:\/\/zumit.es\/pt-pt\/wp-json\/wp\/v2\/product"}],"about":[{"href":"https:\/\/zumit.es\/pt-pt\/wp-json\/wp\/v2\/types\/product"}],"replies":[{"embeddable":true,"href":"https:\/\/zumit.es\/pt-pt\/wp-json\/wp\/v2\/comments?post=15900"}],"version-history":[{"count":0,"href":"https:\/\/zumit.es\/pt-pt\/wp-json\/wp\/v2\/product\/15900\/revisions"}],"wp:featuredmedia":[{"embeddable":true,"href":"https:\/\/zumit.es\/pt-pt\/wp-json\/wp\/v2\/media\/24350"}],"wp:attachment":[{"href":"https:\/\/zumit.es\/pt-pt\/wp-json\/wp\/v2\/media?parent=15900"}],"wp:term":[{"taxonomy":"product_brand","embeddable":true,"href":"https:\/\/zumit.es\/pt-pt\/wp-json\/wp\/v2\/product_brand?post=15900"},{"taxonomy":"product_cat","embeddable":true,"href":"https:\/\/zumit.es\/pt-pt\/wp-json\/wp\/v2\/product_cat?post=15900"},{"taxonomy":"product_tag","embeddable":true,"href":"https:\/\/zumit.es\/pt-pt\/wp-json\/wp\/v2\/product_tag?post=15900"}],"curies":[{"name":"wp","href":"https:\/\/api.w.org\/{rel}","templated":true}]}}