{"id":15883,"date":"2024-02-07T12:10:37","date_gmt":"2024-02-07T11:10:37","guid":{"rendered":"https:\/\/zumit.es\/productos\/milkshake-sonho-de-caramelo-salgado\/"},"modified":"2025-12-10T09:49:14","modified_gmt":"2025-12-10T08:49:14","slug":"milkshake-salted-caramel-dream","status":"publish","type":"product","link":"https:\/\/zumit.es\/pt-pt\/produtos\/milkshake-salted-caramel-dream\/","title":{"rendered":"Milkshake Salted Caramel Dream"},"content":{"rendered":"<p><span data-contrast=\"auto\">Melhore\u00a0o\u00a0menu\u00a0do\u00a0seu\u00a0neg\u00f3cio\u00a0Horeca\u00a0com\u00a0o\u00a0nosso<\/span><b><span data-contrast=\"auto\">\u00a0Milkshake\u00a0Salted\u00a0Caramel\u00a0Dream<\/span><\/b><span data-contrast=\"auto\">,\u00a0uma\u00a0combina\u00e7\u00e3o\u00a0irresist\u00edvel\u00a0da\u00a0do\u00e7ura\u00a0do caramelo\u00a0com\u00a0um\u00a0toque salgado\u00a0perfeito.<\/span><span data-ccp-props=\"{}\">\u00a0<\/span><\/p>\n<p><span data-contrast=\"auto\">\u00c9 vendido em\u00a0<\/span><b><span data-contrast=\"auto\">caixas\u00a0com\u00a020\u00a0saquetas\u00a0monodose\u00a0de 140 g<\/span><\/b><span data-contrast=\"auto\">, prontas para servir\u00a0<\/span><b><span data-contrast=\"auto\">em 30 segundos<\/span><\/b><span data-contrast=\"auto\">.\u00a0S\u00f3\u00a0precisar\u00e1 triturar o\u00a0conte\u00fado\u00a0da\u00a0saqueta\u00a0com\u00a0200 ml de\u00a0leite\u00a0e\u00a0oferecer\u00a0aos\u00a0seus\u00a0clientes esta deliciosa bebida indulgente, que se tornar\u00e1\u00a0um\u00a0<\/span><b><span data-contrast=\"auto\">indispens\u00e1vel\u00a0no\u00a0menu\u00a0do\u00a0seu\u00a0neg\u00f3cio\u00a0Horeca<\/span><\/b><span data-contrast=\"auto\">. Se\u00a0desejar\u00a0um\u00a0extra, pode adicionar natas e\u00a0algum\u00a0topping\u00a0doce.<\/span><span data-ccp-props=\"{}\">\u00a0<\/span><\/p>\n<p><span data-contrast=\"auto\">O\u00a0segredo\u00a0do\u00a0<\/span><b><span data-contrast=\"auto\">Milkshake\u00a0Salted\u00a0Caramel\u00a0Dream<\/span><\/b><span data-contrast=\"auto\">\u00a0est\u00e1\u00a0na\u00a0sua\u00a0mistura:\u00a0<\/span><b><span data-contrast=\"auto\">uma\u00a0base de\u00a0gelado\u00a0de\u00a0baunilha\u00a0e\u00a0um\u00a0caramelo salgado<\/span><\/b><span data-contrast=\"auto\">\u00a0com\u00a0textura cremosa que conquista desde o\u00a0primeiro\u00a0gole.<\/span><span data-ccp-props=\"{}\">\u00a0<\/span><\/p>\n<p><span data-contrast=\"auto\">Se\u00a0quiser\u00a0oferecer\u00a0algo diferente, pode adicionar caf\u00e9\u00a0<\/span><span data-contrast=\"auto\">\u2615\ufe0f<\/span><span data-contrast=\"auto\">\u00a0e transformar o\u00a0seu\u00a0milkshake\u00a0num\u00a0frapp\u00e9 gourmet, ideal para\u00a0quem\u00a0procura\u00a0um\u00a0extra de\u00a0energia.<\/span><span data-ccp-props=\"{}\">\u00a0<\/span><\/p>\n<p><span data-contrast=\"auto\">Perfeito\u00a0para\u00a0acompanhar\u00a0pequenos-almo\u00e7os, lanches\u00a0ou\u00a0como sobremesa l\u00edquida.<\/span><span data-ccp-props=\"{}\">\u00a0<\/span><\/p>\n<p><b><span data-contrast=\"auto\">Vantagens\u00a0do Pack Frapp\u00e9 de Caramelo Salgado para o\u00a0seu\u00a0neg\u00f3cio:<\/span><\/b><span data-ccp-props=\"{}\">\u00a0<\/span><\/p>\n<ul>\n<li aria-setsize=\"-1\" data-leveltext=\"\uf0b7\" data-font=\"Symbol\" data-listid=\"3\" data-list-defn-props=\"{&quot;335552541&quot;:1,&quot;335559685&quot;:720,&quot;335559991&quot;:360,&quot;469769226&quot;:&quot;Symbol&quot;,&quot;469769242&quot;:[8226],&quot;469777803&quot;:&quot;left&quot;,&quot;469777804&quot;:&quot;\uf0b7&quot;,&quot;469777815&quot;:&quot;multilevel&quot;}\" data-aria-posinset=\"1\" data-aria-level=\"1\"><span data-contrast=\"auto\">Saquetas\u00a0monodose\u00a0pr\u00e1ticas,\u00a0sem\u00a0desperd\u00edcio\u00a0e\u00a0f\u00e1ceis\u00a0de\u00a0armazenar<\/span><span data-ccp-props=\"{}\">\u00a0<\/span><\/li>\n<li aria-setsize=\"-1\" data-leveltext=\"\uf0b7\" data-font=\"Symbol\" data-listid=\"3\" data-list-defn-props=\"{&quot;335552541&quot;:1,&quot;335559685&quot;:720,&quot;335559991&quot;:360,&quot;469769226&quot;:&quot;Symbol&quot;,&quot;469769242&quot;:[8226],&quot;469777803&quot;:&quot;left&quot;,&quot;469777804&quot;:&quot;\uf0b7&quot;,&quot;469777815&quot;:&quot;multilevel&quot;}\" data-aria-posinset=\"1\" data-aria-level=\"1\"><span data-contrast=\"auto\">Sabor uniforme e\u00a0qualidade\u00a0constante em cada\u00a0saqueta<\/span><span data-ccp-props=\"{}\">\u00a0<\/span><\/li>\n<li aria-setsize=\"-1\" data-leveltext=\"\uf0b7\" data-font=\"Symbol\" data-listid=\"3\" data-list-defn-props=\"{&quot;335552541&quot;:1,&quot;335559685&quot;:720,&quot;335559991&quot;:360,&quot;469769226&quot;:&quot;Symbol&quot;,&quot;469769242&quot;:[8226],&quot;469777803&quot;:&quot;left&quot;,&quot;469777804&quot;:&quot;\uf0b7&quot;,&quot;469777815&quot;:&quot;multilevel&quot;}\" data-aria-posinset=\"1\" data-aria-level=\"1\"><span data-contrast=\"auto\">Milkshake\u00a0atrativo\u00a0e\u00a0rent\u00e1vel,\u00a0com\u00a0grande\u00a0aceita\u00e7\u00e3o\u00a0entre os clientes<\/span><span data-ccp-props=\"{}\">\u00a0<\/span><\/li>\n<li aria-setsize=\"-1\" data-leveltext=\"\uf0b7\" data-font=\"Symbol\" data-listid=\"3\" data-list-defn-props=\"{&quot;335552541&quot;:1,&quot;335559685&quot;:720,&quot;335559991&quot;:360,&quot;469769226&quot;:&quot;Symbol&quot;,&quot;469769242&quot;:[8226],&quot;469777803&quot;:&quot;left&quot;,&quot;469777804&quot;:&quot;\uf0b7&quot;,&quot;469777815&quot;:&quot;multilevel&quot;}\" data-aria-posinset=\"1\" data-aria-level=\"1\"><span data-contrast=\"auto\">Versatilidade:\u00a0milkshake\u00a0cl\u00e1ssico\u00a0ou\u00a0frapp\u00e9<\/span><span data-ccp-props=\"{}\">\u00a0<\/span><\/li>\n<\/ul>\n<p><span data-contrast=\"auto\">O\u00a0nosso\u00a0frapp\u00e9\u00a0Salted\u00a0Caramel\u00a0Dream\u00a0\u00e9\u00a0perfeito\u00a0para\u00a0neg\u00f3cios\u00a0Horeca\u00a0que\u00a0querem\u00a0ampliar a\u00a0sua\u00a0oferta\u00a0com\u00a0<\/span><b><span data-contrast=\"auto\">um\u00a0produto\u00a0atrativo,\u00a0rent\u00e1vel\u00a0e de grande procura<\/span><\/b><span data-contrast=\"auto\">.<\/span><span data-ccp-props=\"{}\">\u00a0<\/span><\/p>\n<p><span data-contrast=\"auto\">Na\u00a0Zumit, somos o\u00a0seu\u00a0distribuidor de\u00a0milkshakes\u00a0de\u00a0confian\u00e7a,\u00a0oferecendo\u00a0produtos\u00a0que\u00a0encantam\u00a0os\u00a0seus\u00a0clientes.\u00a0Quer\u00a0oferec\u00ea-los no\u00a0seu\u00a0neg\u00f3cio? Entre em contacto\u00a0connosco\u00a0atrav\u00e9s\u00a0do\u00a0telefone\u00a0<\/span><a href=\"tel:225400536\"><b><span data-contrast=\"none\">225 400 536<\/span><\/b><\/a><span data-contrast=\"auto\">\u00a0ou\u00a0do e-mail\u00a0<\/span><a href=\"mailto:info@zumit.pt\"><span data-contrast=\"none\">info@zumit.pt<\/span><\/a><span data-contrast=\"auto\">,\u00a0\u00a0teremos\u00a0todo o\u00a0gosto\u00a0em\u00a0ajud\u00e1-lo!<\/span><span data-ccp-props=\"{}\">\u00a0<\/span><\/p>\n<p><span data-contrast=\"auto\">Al\u00e9rgenos<\/span><b><span data-contrast=\"auto\">:<\/span><\/b><span data-contrast=\"auto\">\u00a0cont\u00e9m\u00a0leite.<\/span><span data-ccp-props=\"{}\">\u00a0<\/span><\/p>\n<p><span data-contrast=\"auto\">PRODUTO N\u00c3O DISPON\u00cdVEL PARA PARTICULARES.<\/span><span data-ccp-props=\"{}\">\u00a0<\/span><\/p>\n","protected":false},"excerpt":{"rendered":"<p>Caixa de 20 saquetas de dose \u00fanica para a prepara\u00e7\u00e3o de milkshake Salted Caramel Dream<\/p>\n","protected":false},"featured_media":24494,"comment_status":"open","ping_status":"closed","template":"","meta":{"_acf_changed":false},"product_brand":[],"product_cat":[1031,1022,1020],"product_tag":[],"class_list":{"0":"post-15883","1":"product","2":"type-product","3":"status-publish","4":"has-post-thumbnail","6":"product_cat-b2b-pt-pt","7":"product_cat-frappes-pt-pt","8":"product_cat-produtos","10":"first","11":"outofstock","12":"taxable","13":"shipping-taxable","14":"purchasable","15":"product-type-simple"},"acf":[],"yoast_head":"<!-- This site is optimized with the Yoast SEO plugin v27.2 - https:\/\/yoast.com\/product\/yoast-seo-wordpress\/ -->\n<title>Pacote de Frapp\u00e9 de Caramelo Salgado<\/title>\n<meta name=\"description\" content=\"Pacote de frappe de doce de caramelo salgado: Salted Caramel, uma fus\u00e3o doce e salgada em formato monodose \ud83c\udf6e Impulsione o seu neg\u00f3cio Horeca com a Zumit!\" \/>\n<meta name=\"robots\" content=\"index, follow, max-snippet:-1, max-image-preview:large, max-video-preview:-1\" \/>\n<link rel=\"canonical\" href=\"https:\/\/zumit.es\/pt-pt\/produtos\/milkshake-salted-caramel-dream\/\" \/>\n<meta property=\"og:locale\" content=\"pt_PT\" \/>\n<meta property=\"og:type\" content=\"article\" \/>\n<meta property=\"og:title\" content=\"Pacote de Frapp\u00e9 de Caramelo Salgado\" \/>\n<meta property=\"og:description\" content=\"Pacote de frappe de doce de caramelo salgado: Salted Caramel, uma fus\u00e3o doce e salgada em formato monodose \ud83c\udf6e Impulsione o seu neg\u00f3cio Horeca com a Zumit!\" \/>\n<meta property=\"og:url\" content=\"https:\/\/zumit.es\/pt-pt\/produtos\/milkshake-salted-caramel-dream\/\" \/>\n<meta property=\"og:site_name\" content=\"Zumit\" \/>\n<meta property=\"article:modified_time\" content=\"2025-12-10T08:49:14+00:00\" \/>\n<meta property=\"og:image\" content=\"https:\/\/zumit.pt\/wp-content\/uploads\/salted-caramel-milkshake.jpg\" \/>\n\t<meta property=\"og:image:width\" content=\"2048\" \/>\n\t<meta property=\"og:image:height\" content=\"1364\" \/>\n\t<meta property=\"og:image:type\" content=\"image\/jpeg\" \/>\n<meta name=\"twitter:card\" content=\"summary_large_image\" \/>\n<meta name=\"twitter:label1\" content=\"Tempo estimado de leitura\" \/>\n\t<meta name=\"twitter:data1\" content=\"2 minutos\" \/>\n<script type=\"application\/ld+json\" class=\"yoast-schema-graph\">{\"@context\":\"https:\/\/schema.org\",\"@graph\":[{\"@type\":\"WebPage\",\"@id\":\"https:\/\/zumit.es\/pt-pt\/produtos\/milkshake-salted-caramel-dream\/\",\"url\":\"https:\/\/zumit.es\/pt-pt\/produtos\/milkshake-salted-caramel-dream\/\",\"name\":\"Pacote de Frapp\u00e9 de Caramelo Salgado\",\"isPartOf\":{\"@id\":\"https:\/\/zumit.it\/#website\"},\"primaryImageOfPage\":{\"@id\":\"https:\/\/zumit.es\/pt-pt\/produtos\/milkshake-salted-caramel-dream\/#primaryimage\"},\"image\":{\"@id\":\"https:\/\/zumit.es\/pt-pt\/produtos\/milkshake-salted-caramel-dream\/#primaryimage\"},\"thumbnailUrl\":\"https:\/\/zumit.es\/wp-content\/uploads\/2024\/02\/salted-caramel-milkshake.jpg\",\"datePublished\":\"2024-02-07T11:10:37+00:00\",\"dateModified\":\"2025-12-10T08:49:14+00:00\",\"description\":\"Pacote de frappe de doce de caramelo salgado: Salted Caramel, uma fus\u00e3o doce e salgada em formato monodose \ud83c\udf6e Impulsione o seu neg\u00f3cio Horeca com a Zumit!\",\"breadcrumb\":{\"@id\":\"https:\/\/zumit.es\/pt-pt\/produtos\/milkshake-salted-caramel-dream\/#breadcrumb\"},\"inLanguage\":\"pt-PT\",\"potentialAction\":[{\"@type\":\"ReadAction\",\"target\":[\"https:\/\/zumit.es\/pt-pt\/produtos\/milkshake-salted-caramel-dream\/\"]}]},{\"@type\":\"ImageObject\",\"inLanguage\":\"pt-PT\",\"@id\":\"https:\/\/zumit.es\/pt-pt\/produtos\/milkshake-salted-caramel-dream\/#primaryimage\",\"url\":\"https:\/\/zumit.es\/wp-content\/uploads\/2024\/02\/salted-caramel-milkshake.jpg\",\"contentUrl\":\"https:\/\/zumit.es\/wp-content\/uploads\/2024\/02\/salted-caramel-milkshake.jpg\",\"width\":800,\"height\":800},{\"@type\":\"BreadcrumbList\",\"@id\":\"https:\/\/zumit.es\/pt-pt\/produtos\/milkshake-salted-caramel-dream\/#breadcrumb\",\"itemListElement\":[{\"@type\":\"ListItem\",\"position\":1,\"name\":\"Portada\",\"item\":\"https:\/\/zumit.es\/pt-pt\/\"},{\"@type\":\"ListItem\",\"position\":2,\"name\":\"Produtos\",\"item\":\"https:\/\/zumit.pt\/produtos\/\"},{\"@type\":\"ListItem\",\"position\":3,\"name\":\"Milkshake Salted Caramel Dream\"}]},{\"@type\":\"WebSite\",\"@id\":\"https:\/\/zumit.it\/#website\",\"url\":\"https:\/\/zumit.it\/\",\"name\":\"Zumit\",\"description\":\"Fabricante y Proveedor de Smoothies, Zumos, Fruta IQF\",\"potentialAction\":[{\"@type\":\"SearchAction\",\"target\":{\"@type\":\"EntryPoint\",\"urlTemplate\":\"https:\/\/zumit.it\/?s={search_term_string}\"},\"query-input\":{\"@type\":\"PropertyValueSpecification\",\"valueRequired\":true,\"valueName\":\"search_term_string\"}}],\"inLanguage\":\"pt-PT\"}]}<\/script>\n<!-- \/ Yoast SEO plugin. -->","yoast_head_json":{"title":"Pacote de Frapp\u00e9 de Caramelo Salgado","description":"Pacote de frappe de doce de caramelo salgado: Salted Caramel, uma fus\u00e3o doce e salgada em formato monodose \ud83c\udf6e Impulsione o seu neg\u00f3cio Horeca com a Zumit!","robots":{"index":"index","follow":"follow","max-snippet":"max-snippet:-1","max-image-preview":"max-image-preview:large","max-video-preview":"max-video-preview:-1"},"canonical":"https:\/\/zumit.es\/pt-pt\/produtos\/milkshake-salted-caramel-dream\/","og_locale":"pt_PT","og_type":"article","og_title":"Pacote de Frapp\u00e9 de Caramelo Salgado","og_description":"Pacote de frappe de doce de caramelo salgado: Salted Caramel, uma fus\u00e3o doce e salgada em formato monodose \ud83c\udf6e Impulsione o seu neg\u00f3cio Horeca com a Zumit!","og_url":"https:\/\/zumit.es\/pt-pt\/produtos\/milkshake-salted-caramel-dream\/","og_site_name":"Zumit","article_modified_time":"2025-12-10T08:49:14+00:00","og_image":[{"width":2048,"height":1364,"url":"https:\/\/zumit.pt\/wp-content\/uploads\/salted-caramel-milkshake.jpg","type":"image\/jpeg"}],"twitter_card":"summary_large_image","twitter_misc":{"Tempo estimado de leitura":"2 minutos"},"schema":{"@context":"https:\/\/schema.org","@graph":[{"@type":"WebPage","@id":"https:\/\/zumit.es\/pt-pt\/produtos\/milkshake-salted-caramel-dream\/","url":"https:\/\/zumit.es\/pt-pt\/produtos\/milkshake-salted-caramel-dream\/","name":"Pacote de Frapp\u00e9 de Caramelo Salgado","isPartOf":{"@id":"https:\/\/zumit.it\/#website"},"primaryImageOfPage":{"@id":"https:\/\/zumit.es\/pt-pt\/produtos\/milkshake-salted-caramel-dream\/#primaryimage"},"image":{"@id":"https:\/\/zumit.es\/pt-pt\/produtos\/milkshake-salted-caramel-dream\/#primaryimage"},"thumbnailUrl":"https:\/\/zumit.es\/wp-content\/uploads\/2024\/02\/salted-caramel-milkshake.jpg","datePublished":"2024-02-07T11:10:37+00:00","dateModified":"2025-12-10T08:49:14+00:00","description":"Pacote de frappe de doce de caramelo salgado: Salted Caramel, uma fus\u00e3o doce e salgada em formato monodose \ud83c\udf6e Impulsione o seu neg\u00f3cio Horeca com a Zumit!","breadcrumb":{"@id":"https:\/\/zumit.es\/pt-pt\/produtos\/milkshake-salted-caramel-dream\/#breadcrumb"},"inLanguage":"pt-PT","potentialAction":[{"@type":"ReadAction","target":["https:\/\/zumit.es\/pt-pt\/produtos\/milkshake-salted-caramel-dream\/"]}]},{"@type":"ImageObject","inLanguage":"pt-PT","@id":"https:\/\/zumit.es\/pt-pt\/produtos\/milkshake-salted-caramel-dream\/#primaryimage","url":"https:\/\/zumit.es\/wp-content\/uploads\/2024\/02\/salted-caramel-milkshake.jpg","contentUrl":"https:\/\/zumit.es\/wp-content\/uploads\/2024\/02\/salted-caramel-milkshake.jpg","width":800,"height":800},{"@type":"BreadcrumbList","@id":"https:\/\/zumit.es\/pt-pt\/produtos\/milkshake-salted-caramel-dream\/#breadcrumb","itemListElement":[{"@type":"ListItem","position":1,"name":"Portada","item":"https:\/\/zumit.es\/pt-pt\/"},{"@type":"ListItem","position":2,"name":"Produtos","item":"https:\/\/zumit.pt\/produtos\/"},{"@type":"ListItem","position":3,"name":"Milkshake Salted Caramel Dream"}]},{"@type":"WebSite","@id":"https:\/\/zumit.it\/#website","url":"https:\/\/zumit.it\/","name":"Zumit","description":"Fabricante y Proveedor de Smoothies, Zumos, Fruta IQF","potentialAction":[{"@type":"SearchAction","target":{"@type":"EntryPoint","urlTemplate":"https:\/\/zumit.it\/?s={search_term_string}"},"query-input":{"@type":"PropertyValueSpecification","valueRequired":true,"valueName":"search_term_string"}}],"inLanguage":"pt-PT"}]}},"_links":{"self":[{"href":"https:\/\/zumit.es\/pt-pt\/wp-json\/wp\/v2\/product\/15883","targetHints":{"allow":["GET"]}}],"collection":[{"href":"https:\/\/zumit.es\/pt-pt\/wp-json\/wp\/v2\/product"}],"about":[{"href":"https:\/\/zumit.es\/pt-pt\/wp-json\/wp\/v2\/types\/product"}],"replies":[{"embeddable":true,"href":"https:\/\/zumit.es\/pt-pt\/wp-json\/wp\/v2\/comments?post=15883"}],"version-history":[{"count":1,"href":"https:\/\/zumit.es\/pt-pt\/wp-json\/wp\/v2\/product\/15883\/revisions"}],"predecessor-version":[{"id":21145,"href":"https:\/\/zumit.es\/pt-pt\/wp-json\/wp\/v2\/product\/15883\/revisions\/21145"}],"wp:featuredmedia":[{"embeddable":true,"href":"https:\/\/zumit.es\/pt-pt\/wp-json\/wp\/v2\/media\/24494"}],"wp:attachment":[{"href":"https:\/\/zumit.es\/pt-pt\/wp-json\/wp\/v2\/media?parent=15883"}],"wp:term":[{"taxonomy":"product_brand","embeddable":true,"href":"https:\/\/zumit.es\/pt-pt\/wp-json\/wp\/v2\/product_brand?post=15883"},{"taxonomy":"product_cat","embeddable":true,"href":"https:\/\/zumit.es\/pt-pt\/wp-json\/wp\/v2\/product_cat?post=15883"},{"taxonomy":"product_tag","embeddable":true,"href":"https:\/\/zumit.es\/pt-pt\/wp-json\/wp\/v2\/product_tag?post=15883"}],"curies":[{"name":"wp","href":"https:\/\/api.w.org\/{rel}","templated":true}]}}