{"id":14702,"date":"2024-01-03T14:18:23","date_gmt":"2024-01-03T13:18:23","guid":{"rendered":"https:\/\/zumit.es\/productos\/smoothie-squeeze-nature\/"},"modified":"2025-11-27T12:49:55","modified_gmt":"2025-11-27T11:49:55","slug":"smoothie-squeeze-nature","status":"publish","type":"product","link":"https:\/\/zumit.es\/pt-pt\/produtos\/smoothie-squeeze-nature\/","title":{"rendered":"Smoothie Squeeze Nature"},"content":{"rendered":"<p>O <strong>Smoothie Squeeze Nature<\/strong> da Zumit \u00e9 um convite para se deliciar com o melhor que a natureza tem para oferecer. Cada caixa cont\u00e9m 20 saquetas de dose \u00fanica de 150 g, embaladas com uma deliciosa e saud\u00e1vel sele\u00e7\u00e3o de frutos, todos lavados, cortados e ultracongelados para garantir a m\u00e1xima frescura e conveni\u00eancia. <\/p>\n<p>Imagine-se a mergulhar no sabor doce da manga, seguido da riqueza e suavidade da cenoura. O anan\u00e1s traz n\u00e3o s\u00f3 uma textura sumarenta mas tamb\u00e9m um toque tropical, enquanto o maracuj\u00e1 completa este cocktail com o seu sabor distinto e ex\u00f3tico. <\/p>\n<p>Os sacos, com 15cm x 12cm, s\u00e3o perfeitos para manter o seu espa\u00e7o organizado e a sua prepara\u00e7\u00e3o eficiente, garantindo que cada smoothie que serve est\u00e1 cheio de sabor e vitalidade.<\/p>\n<p>Embora o Smoothie Squeeze Nature n\u00e3o esteja dispon\u00edvel para particulares, \u00e9 um complemento excecional para qualquer estabelecimento que pretenda oferecer bebidas saud\u00e1veis e deliciosas. Com Zumit, cada gole \u00e9 uma aventura de sabores que os seus clientes n\u00e3o esquecer\u00e3o. <\/p>\n<p><span data-sheets-root=\"1\">O <a class=\"in-cell-link\" href=\"https:\/\/zumit.pt\/smoothies\/\" rel=\"noopener\">s\u00edtiosmoothies de Zumit<\/a> distingue-se pela sua qualidade, frescura e variedade de sabores.<\/span><\/p>\n<p><strong>PRODUTO N\u00c3O DISPON\u00cdVEL PARA PARTICULARES<\/strong><\/p>\n","protected":false},"excerpt":{"rendered":"<p>Smoothie de Fruta 100% natural<\/p>\n","protected":false},"featured_media":24326,"comment_status":"open","ping_status":"closed","template":"","meta":{"_acf_changed":false},"product_brand":[],"product_cat":[1031,1020,1032],"product_tag":[],"class_list":{"0":"post-14702","1":"product","2":"type-product","3":"status-publish","4":"has-post-thumbnail","6":"product_cat-b2b-pt-pt","7":"product_cat-produtos","8":"product_cat-smoothies-pt-pt","10":"first","11":"outofstock","12":"taxable","13":"shipping-taxable","14":"purchasable","15":"product-type-simple"},"acf":[],"yoast_head":"<!-- This site is optimized with the Yoast SEO plugin v27.2 - https:\/\/yoast.com\/product\/yoast-seo-wordpress\/ -->\n<title>Embalagem Smoothie de cenoura para restaura\u00e7\u00e3o e servi\u00e7o alimentar : Zumit<\/title>\n<meta name=\"description\" content=\"Embalagem smoothie de cenoura para restaura\u00e7\u00e3o: desfrute do Smoothie Squeeze Nature, natural e saud\u00e1vel \ud83e\udd55 Potencie o seu neg\u00f3cio Horeca. Encomende j\u00e1!\" \/>\n<meta name=\"robots\" content=\"index, follow, max-snippet:-1, max-image-preview:large, max-video-preview:-1\" \/>\n<link rel=\"canonical\" href=\"https:\/\/zumit.es\/pt-pt\/produtos\/smoothie-squeeze-nature\/\" \/>\n<meta property=\"og:locale\" content=\"pt_PT\" \/>\n<meta property=\"og:type\" content=\"article\" \/>\n<meta property=\"og:title\" content=\"Embalagem Smoothie de cenoura para restaura\u00e7\u00e3o e servi\u00e7o alimentar : Zumit\" \/>\n<meta property=\"og:description\" content=\"Embalagem smoothie de cenoura para restaura\u00e7\u00e3o: desfrute do Smoothie Squeeze Nature, natural e saud\u00e1vel \ud83e\udd55 Potencie o seu neg\u00f3cio Horeca. Encomende j\u00e1!\" \/>\n<meta property=\"og:url\" content=\"https:\/\/zumit.es\/pt-pt\/produtos\/smoothie-squeeze-nature\/\" \/>\n<meta property=\"og:site_name\" content=\"Zumit\" \/>\n<meta property=\"article:modified_time\" content=\"2025-11-27T11:49:55+00:00\" \/>\n<meta property=\"og:image\" content=\"https:\/\/zumit.pt\/wp-content\/uploads\/Smoothie-Squeeze-Nature_01.webp\" \/>\n\t<meta property=\"og:image:width\" content=\"2048\" \/>\n\t<meta property=\"og:image:height\" content=\"1364\" \/>\n\t<meta property=\"og:image:type\" content=\"image\/webp\" \/>\n<meta name=\"twitter:card\" content=\"summary_large_image\" \/>\n<meta name=\"twitter:label1\" content=\"Tempo estimado de leitura\" \/>\n\t<meta name=\"twitter:data1\" content=\"2 minutos\" \/>\n<script type=\"application\/ld+json\" class=\"yoast-schema-graph\">{\"@context\":\"https:\/\/schema.org\",\"@graph\":[{\"@type\":\"WebPage\",\"@id\":\"https:\/\/zumit.es\/pt-pt\/produtos\/smoothie-squeeze-nature\/\",\"url\":\"https:\/\/zumit.es\/pt-pt\/produtos\/smoothie-squeeze-nature\/\",\"name\":\"Embalagem Smoothie de cenoura para restaura\u00e7\u00e3o e servi\u00e7o alimentar : Zumit\",\"isPartOf\":{\"@id\":\"https:\/\/zumit.it\/#website\"},\"primaryImageOfPage\":{\"@id\":\"https:\/\/zumit.es\/pt-pt\/produtos\/smoothie-squeeze-nature\/#primaryimage\"},\"image\":{\"@id\":\"https:\/\/zumit.es\/pt-pt\/produtos\/smoothie-squeeze-nature\/#primaryimage\"},\"thumbnailUrl\":\"https:\/\/zumit.es\/wp-content\/uploads\/2024\/01\/Smoothie-Squeeze-Nature_01.jpg\",\"datePublished\":\"2024-01-03T13:18:23+00:00\",\"dateModified\":\"2025-11-27T11:49:55+00:00\",\"description\":\"Embalagem smoothie de cenoura para restaura\u00e7\u00e3o: desfrute do Smoothie Squeeze Nature, natural e saud\u00e1vel \ud83e\udd55 Potencie o seu neg\u00f3cio Horeca. Encomende j\u00e1!\",\"breadcrumb\":{\"@id\":\"https:\/\/zumit.es\/pt-pt\/produtos\/smoothie-squeeze-nature\/#breadcrumb\"},\"inLanguage\":\"pt-PT\",\"potentialAction\":[{\"@type\":\"ReadAction\",\"target\":[\"https:\/\/zumit.es\/pt-pt\/produtos\/smoothie-squeeze-nature\/\"]}]},{\"@type\":\"ImageObject\",\"inLanguage\":\"pt-PT\",\"@id\":\"https:\/\/zumit.es\/pt-pt\/produtos\/smoothie-squeeze-nature\/#primaryimage\",\"url\":\"https:\/\/zumit.es\/wp-content\/uploads\/2024\/01\/Smoothie-Squeeze-Nature_01.jpg\",\"contentUrl\":\"https:\/\/zumit.es\/wp-content\/uploads\/2024\/01\/Smoothie-Squeeze-Nature_01.jpg\",\"width\":800,\"height\":800},{\"@type\":\"BreadcrumbList\",\"@id\":\"https:\/\/zumit.es\/pt-pt\/produtos\/smoothie-squeeze-nature\/#breadcrumb\",\"itemListElement\":[{\"@type\":\"ListItem\",\"position\":1,\"name\":\"Portada\",\"item\":\"https:\/\/zumit.es\/pt-pt\/\"},{\"@type\":\"ListItem\",\"position\":2,\"name\":\"Produtos\",\"item\":\"https:\/\/zumit.pt\/produtos\/\"},{\"@type\":\"ListItem\",\"position\":3,\"name\":\"Smoothie Squeeze Nature\"}]},{\"@type\":\"WebSite\",\"@id\":\"https:\/\/zumit.it\/#website\",\"url\":\"https:\/\/zumit.it\/\",\"name\":\"Zumit\",\"description\":\"Fabricante y Proveedor de Smoothies, Zumos, Fruta IQF\",\"potentialAction\":[{\"@type\":\"SearchAction\",\"target\":{\"@type\":\"EntryPoint\",\"urlTemplate\":\"https:\/\/zumit.it\/?s={search_term_string}\"},\"query-input\":{\"@type\":\"PropertyValueSpecification\",\"valueRequired\":true,\"valueName\":\"search_term_string\"}}],\"inLanguage\":\"pt-PT\"}]}<\/script>\n<!-- \/ Yoast SEO plugin. -->","yoast_head_json":{"title":"Embalagem Smoothie de cenoura para restaura\u00e7\u00e3o e servi\u00e7o alimentar : Zumit","description":"Embalagem smoothie de cenoura para restaura\u00e7\u00e3o: desfrute do Smoothie Squeeze Nature, natural e saud\u00e1vel \ud83e\udd55 Potencie o seu neg\u00f3cio Horeca. Encomende j\u00e1!","robots":{"index":"index","follow":"follow","max-snippet":"max-snippet:-1","max-image-preview":"max-image-preview:large","max-video-preview":"max-video-preview:-1"},"canonical":"https:\/\/zumit.es\/pt-pt\/produtos\/smoothie-squeeze-nature\/","og_locale":"pt_PT","og_type":"article","og_title":"Embalagem Smoothie de cenoura para restaura\u00e7\u00e3o e servi\u00e7o alimentar : Zumit","og_description":"Embalagem smoothie de cenoura para restaura\u00e7\u00e3o: desfrute do Smoothie Squeeze Nature, natural e saud\u00e1vel \ud83e\udd55 Potencie o seu neg\u00f3cio Horeca. Encomende j\u00e1!","og_url":"https:\/\/zumit.es\/pt-pt\/produtos\/smoothie-squeeze-nature\/","og_site_name":"Zumit","article_modified_time":"2025-11-27T11:49:55+00:00","og_image":[{"width":2048,"height":1364,"url":"https:\/\/zumit.pt\/wp-content\/uploads\/Smoothie-Squeeze-Nature_01.webp","type":"image\/webp"}],"twitter_card":"summary_large_image","twitter_misc":{"Tempo estimado de leitura":"2 minutos"},"schema":{"@context":"https:\/\/schema.org","@graph":[{"@type":"WebPage","@id":"https:\/\/zumit.es\/pt-pt\/produtos\/smoothie-squeeze-nature\/","url":"https:\/\/zumit.es\/pt-pt\/produtos\/smoothie-squeeze-nature\/","name":"Embalagem Smoothie de cenoura para restaura\u00e7\u00e3o e servi\u00e7o alimentar : Zumit","isPartOf":{"@id":"https:\/\/zumit.it\/#website"},"primaryImageOfPage":{"@id":"https:\/\/zumit.es\/pt-pt\/produtos\/smoothie-squeeze-nature\/#primaryimage"},"image":{"@id":"https:\/\/zumit.es\/pt-pt\/produtos\/smoothie-squeeze-nature\/#primaryimage"},"thumbnailUrl":"https:\/\/zumit.es\/wp-content\/uploads\/2024\/01\/Smoothie-Squeeze-Nature_01.jpg","datePublished":"2024-01-03T13:18:23+00:00","dateModified":"2025-11-27T11:49:55+00:00","description":"Embalagem smoothie de cenoura para restaura\u00e7\u00e3o: desfrute do Smoothie Squeeze Nature, natural e saud\u00e1vel \ud83e\udd55 Potencie o seu neg\u00f3cio Horeca. Encomende j\u00e1!","breadcrumb":{"@id":"https:\/\/zumit.es\/pt-pt\/produtos\/smoothie-squeeze-nature\/#breadcrumb"},"inLanguage":"pt-PT","potentialAction":[{"@type":"ReadAction","target":["https:\/\/zumit.es\/pt-pt\/produtos\/smoothie-squeeze-nature\/"]}]},{"@type":"ImageObject","inLanguage":"pt-PT","@id":"https:\/\/zumit.es\/pt-pt\/produtos\/smoothie-squeeze-nature\/#primaryimage","url":"https:\/\/zumit.es\/wp-content\/uploads\/2024\/01\/Smoothie-Squeeze-Nature_01.jpg","contentUrl":"https:\/\/zumit.es\/wp-content\/uploads\/2024\/01\/Smoothie-Squeeze-Nature_01.jpg","width":800,"height":800},{"@type":"BreadcrumbList","@id":"https:\/\/zumit.es\/pt-pt\/produtos\/smoothie-squeeze-nature\/#breadcrumb","itemListElement":[{"@type":"ListItem","position":1,"name":"Portada","item":"https:\/\/zumit.es\/pt-pt\/"},{"@type":"ListItem","position":2,"name":"Produtos","item":"https:\/\/zumit.pt\/produtos\/"},{"@type":"ListItem","position":3,"name":"Smoothie Squeeze Nature"}]},{"@type":"WebSite","@id":"https:\/\/zumit.it\/#website","url":"https:\/\/zumit.it\/","name":"Zumit","description":"Fabricante y Proveedor de Smoothies, Zumos, Fruta IQF","potentialAction":[{"@type":"SearchAction","target":{"@type":"EntryPoint","urlTemplate":"https:\/\/zumit.it\/?s={search_term_string}"},"query-input":{"@type":"PropertyValueSpecification","valueRequired":true,"valueName":"search_term_string"}}],"inLanguage":"pt-PT"}]}},"_links":{"self":[{"href":"https:\/\/zumit.es\/pt-pt\/wp-json\/wp\/v2\/product\/14702","targetHints":{"allow":["GET"]}}],"collection":[{"href":"https:\/\/zumit.es\/pt-pt\/wp-json\/wp\/v2\/product"}],"about":[{"href":"https:\/\/zumit.es\/pt-pt\/wp-json\/wp\/v2\/types\/product"}],"replies":[{"embeddable":true,"href":"https:\/\/zumit.es\/pt-pt\/wp-json\/wp\/v2\/comments?post=14702"}],"version-history":[{"count":1,"href":"https:\/\/zumit.es\/pt-pt\/wp-json\/wp\/v2\/product\/14702\/revisions"}],"predecessor-version":[{"id":14879,"href":"https:\/\/zumit.es\/pt-pt\/wp-json\/wp\/v2\/product\/14702\/revisions\/14879"}],"wp:featuredmedia":[{"embeddable":true,"href":"https:\/\/zumit.es\/pt-pt\/wp-json\/wp\/v2\/media\/24326"}],"wp:attachment":[{"href":"https:\/\/zumit.es\/pt-pt\/wp-json\/wp\/v2\/media?parent=14702"}],"wp:term":[{"taxonomy":"product_brand","embeddable":true,"href":"https:\/\/zumit.es\/pt-pt\/wp-json\/wp\/v2\/product_brand?post=14702"},{"taxonomy":"product_cat","embeddable":true,"href":"https:\/\/zumit.es\/pt-pt\/wp-json\/wp\/v2\/product_cat?post=14702"},{"taxonomy":"product_tag","embeddable":true,"href":"https:\/\/zumit.es\/pt-pt\/wp-json\/wp\/v2\/product_tag?post=14702"}],"curies":[{"name":"wp","href":"https:\/\/api.w.org\/{rel}","templated":true}]}}