{"id":1455,"date":"2024-01-03T09:35:27","date_gmt":"2024-01-03T08:35:27","guid":{"rendered":"https:\/\/zumit.es\/?post_type=product&#038;p=1455"},"modified":"2026-05-05T10:19:49","modified_gmt":"2026-05-05T08:19:49","slug":"cold-pressed-energy","status":"publish","type":"product","link":"https:\/\/zumit.es\/pt-pt\/produtos\/cold-pressed-energy\/","title":{"rendered":"Zumo Cold Pressed Energy HPP"},"content":{"rendered":"<p>El Cold Pressed HPP Energy de Zumit es tu aliado perfecto para esos momentos en los que necesitas un impulso natural y saludable. Presentado en una caja con 8 unidades, cada botella de 250ml est\u00e1 llena de ingredientes cuidadosamente seleccionados, destinados a revitalizar tu cuerpo y mente.<\/p>\n<p>Imagina la dulzura y los beneficios antioxidantes de la manzana, que componen un 39.97% de esta bebida energizante. A esto, a\u00f1adimos un 15% de naranja, conocida por su alta concentraci\u00f3n de vitamina C y su capacidad para fortalecer el sistema inmunol\u00f3gico. La zanahoria, representando un 34.8%, no solo aporta un vibrante color sino tambi\u00e9n una gran cantidad de vitamina A y otros nutrientes esenciales.<\/p>\n<p>El pur\u00e9 de fruta de la pasi\u00f3n, con un 6%, te lleva a un viaje tropical con cada sorbo, mientras que el 4% de lim\u00f3n a\u00f1ade un toque refrescante y purificante. La ra\u00edz de maca en polvo, aunque solo un 0.2%, es un superalimento conocido por sus propiedades energizantes y revitalizantes. El antioxidante asegura que cada botella de Cold Pressed HPP Energy mantenga su frescura y potencia.<\/p>\n<p>El Cold Pressed HPP Energy de Zumit no es solo una bebida; es una fuente de vitalidad, dise\u00f1ada para darte la energ\u00eda que necesitas para enfrentar tu d\u00eda con entusiasmo y vigor. Con Zumit, cada sorbo es un paso hacia un estilo de vida m\u00e1s saludable y energ\u00e9tico.<\/p>\n<p>Nuestros <a href=\"https:\/\/zumit.es\/cold-press\/\">zumos cold pressed HPP<\/a>\u00a0combinan sabor y salud en cada botella.<\/p>\n<p>Al\u00e9rgenos: puede contener apio y frutos de c\u00e1scara.<\/p>\n","protected":false},"excerpt":{"rendered":"<p>Pack de 8 botellas de 250 ml de zumo Cold Pressed HPP Energy<\/p>\n<p>&nbsp;<\/p>\n","protected":false},"featured_media":24026,"comment_status":"open","ping_status":"closed","template":"","meta":{"_acf_changed":false},"product_brand":[],"product_cat":[252,254,259,24],"product_tag":[],"class_list":{"0":"post-1455","1":"product","2":"type-product","3":"status-publish","4":"has-post-thumbnail","6":"product_cat-2x1","7":"product_cat-b2b","8":"product_cat-cold-pressed","9":"product_cat-productos","11":"first","12":"instock","13":"taxable","14":"shipping-taxable","15":"purchasable","16":"product-type-simple"},"acf":[],"yoast_head":"<!-- This site is optimized with the Yoast SEO plugin v27.2 - https:\/\/yoast.com\/product\/yoast-seo-wordpress\/ -->\n<title>Pack Zumo Energ\u00e9tico Cold Pressed | Zumit<\/title>\n<meta name=\"description\" content=\"Pack zumo energetico: inyecta vitalidad con Cold Pressed Energy, la fuente perfecta para recargar tu negocio Horeca \ud83c\udf4b \u00a1Cotiza ya!\" \/>\n<meta name=\"robots\" content=\"index, follow, max-snippet:-1, max-image-preview:large, max-video-preview:-1\" \/>\n<link rel=\"canonical\" href=\"https:\/\/zumit.es\/pt-pt\/produtos\/cold-pressed-energy\/\" \/>\n<meta property=\"og:locale\" content=\"pt_PT\" \/>\n<meta property=\"og:type\" content=\"article\" \/>\n<meta property=\"og:title\" content=\"Pack Zumo Energ\u00e9tico Cold Pressed | Zumit\" \/>\n<meta property=\"og:description\" content=\"Pack zumo energetico: inyecta vitalidad con Cold Pressed Energy, la fuente perfecta para recargar tu negocio Horeca \ud83c\udf4b \u00a1Cotiza ya!\" \/>\n<meta property=\"og:url\" content=\"https:\/\/zumit.es\/pt-pt\/produtos\/cold-pressed-energy\/\" \/>\n<meta property=\"og:site_name\" content=\"Zumit\" \/>\n<meta property=\"article:modified_time\" content=\"2026-05-05T08:19:49+00:00\" \/>\n<meta property=\"og:image\" content=\"https:\/\/zumit.es\/wp-content\/uploads\/2024\/01\/energy.webp\" \/>\n\t<meta property=\"og:image:width\" content=\"800\" \/>\n\t<meta property=\"og:image:height\" content=\"800\" \/>\n\t<meta property=\"og:image:type\" content=\"image\/webp\" \/>\n<meta name=\"twitter:card\" content=\"summary_large_image\" \/>\n<meta name=\"twitter:label1\" content=\"Tempo estimado de leitura\" \/>\n\t<meta name=\"twitter:data1\" content=\"2 minutos\" \/>\n<script type=\"application\/ld+json\" class=\"yoast-schema-graph\">{\"@context\":\"https:\/\/schema.org\",\"@graph\":[{\"@type\":\"WebPage\",\"@id\":\"https:\/\/zumit.es\/pt-pt\/produtos\/cold-pressed-energy\/\",\"url\":\"https:\/\/zumit.es\/pt-pt\/produtos\/cold-pressed-energy\/\",\"name\":\"Pack Zumo Energ\u00e9tico Cold Pressed | Zumit\",\"isPartOf\":{\"@id\":\"https:\/\/zumit.it\/#website\"},\"primaryImageOfPage\":{\"@id\":\"https:\/\/zumit.es\/pt-pt\/produtos\/cold-pressed-energy\/#primaryimage\"},\"image\":{\"@id\":\"https:\/\/zumit.es\/pt-pt\/produtos\/cold-pressed-energy\/#primaryimage\"},\"thumbnailUrl\":\"https:\/\/zumit.es\/wp-content\/uploads\/2024\/01\/energy.webp\",\"datePublished\":\"2024-01-03T08:35:27+00:00\",\"dateModified\":\"2026-05-05T08:19:49+00:00\",\"description\":\"Pack zumo energetico: inyecta vitalidad con Cold Pressed Energy, la fuente perfecta para recargar tu negocio Horeca \ud83c\udf4b \u00a1Cotiza ya!\",\"breadcrumb\":{\"@id\":\"https:\/\/zumit.es\/pt-pt\/produtos\/cold-pressed-energy\/#breadcrumb\"},\"inLanguage\":\"pt-PT\",\"potentialAction\":[{\"@type\":\"ReadAction\",\"target\":[\"https:\/\/zumit.es\/pt-pt\/produtos\/cold-pressed-energy\/\"]}]},{\"@type\":\"ImageObject\",\"inLanguage\":\"pt-PT\",\"@id\":\"https:\/\/zumit.es\/pt-pt\/produtos\/cold-pressed-energy\/#primaryimage\",\"url\":\"https:\/\/zumit.es\/wp-content\/uploads\/2024\/01\/energy.webp\",\"contentUrl\":\"https:\/\/zumit.es\/wp-content\/uploads\/2024\/01\/energy.webp\",\"width\":800,\"height\":800},{\"@type\":\"BreadcrumbList\",\"@id\":\"https:\/\/zumit.es\/pt-pt\/produtos\/cold-pressed-energy\/#breadcrumb\",\"itemListElement\":[{\"@type\":\"ListItem\",\"position\":1,\"name\":\"Portada\",\"item\":\"https:\/\/zumit.es\/pt-pt\/\"},{\"@type\":\"ListItem\",\"position\":2,\"name\":\"Produtos\",\"item\":\"https:\/\/zumit.pt\/produtos\/\"},{\"@type\":\"ListItem\",\"position\":3,\"name\":\"Zumo Cold Pressed Energy HPP\"}]},{\"@type\":\"WebSite\",\"@id\":\"https:\/\/zumit.it\/#website\",\"url\":\"https:\/\/zumit.it\/\",\"name\":\"Zumit\",\"description\":\"Fabricante y Proveedor de Smoothies, Zumos, Fruta IQF\",\"potentialAction\":[{\"@type\":\"SearchAction\",\"target\":{\"@type\":\"EntryPoint\",\"urlTemplate\":\"https:\/\/zumit.it\/?s={search_term_string}\"},\"query-input\":{\"@type\":\"PropertyValueSpecification\",\"valueRequired\":true,\"valueName\":\"search_term_string\"}}],\"inLanguage\":\"pt-PT\"}]}<\/script>\n<!-- \/ Yoast SEO plugin. -->","yoast_head_json":{"title":"Pack Zumo Energ\u00e9tico Cold Pressed | Zumit","description":"Pack zumo energetico: inyecta vitalidad con Cold Pressed Energy, la fuente perfecta para recargar tu negocio Horeca \ud83c\udf4b \u00a1Cotiza ya!","robots":{"index":"index","follow":"follow","max-snippet":"max-snippet:-1","max-image-preview":"max-image-preview:large","max-video-preview":"max-video-preview:-1"},"canonical":"https:\/\/zumit.es\/pt-pt\/produtos\/cold-pressed-energy\/","og_locale":"pt_PT","og_type":"article","og_title":"Pack Zumo Energ\u00e9tico Cold Pressed | Zumit","og_description":"Pack zumo energetico: inyecta vitalidad con Cold Pressed Energy, la fuente perfecta para recargar tu negocio Horeca \ud83c\udf4b \u00a1Cotiza ya!","og_url":"https:\/\/zumit.es\/pt-pt\/produtos\/cold-pressed-energy\/","og_site_name":"Zumit","article_modified_time":"2026-05-05T08:19:49+00:00","og_image":[{"width":800,"height":800,"url":"https:\/\/zumit.es\/wp-content\/uploads\/2024\/01\/energy.webp","type":"image\/webp"}],"twitter_card":"summary_large_image","twitter_misc":{"Tempo estimado de leitura":"2 minutos"},"schema":{"@context":"https:\/\/schema.org","@graph":[{"@type":"WebPage","@id":"https:\/\/zumit.es\/pt-pt\/produtos\/cold-pressed-energy\/","url":"https:\/\/zumit.es\/pt-pt\/produtos\/cold-pressed-energy\/","name":"Pack Zumo Energ\u00e9tico Cold Pressed | Zumit","isPartOf":{"@id":"https:\/\/zumit.it\/#website"},"primaryImageOfPage":{"@id":"https:\/\/zumit.es\/pt-pt\/produtos\/cold-pressed-energy\/#primaryimage"},"image":{"@id":"https:\/\/zumit.es\/pt-pt\/produtos\/cold-pressed-energy\/#primaryimage"},"thumbnailUrl":"https:\/\/zumit.es\/wp-content\/uploads\/2024\/01\/energy.webp","datePublished":"2024-01-03T08:35:27+00:00","dateModified":"2026-05-05T08:19:49+00:00","description":"Pack zumo energetico: inyecta vitalidad con Cold Pressed Energy, la fuente perfecta para recargar tu negocio Horeca \ud83c\udf4b \u00a1Cotiza ya!","breadcrumb":{"@id":"https:\/\/zumit.es\/pt-pt\/produtos\/cold-pressed-energy\/#breadcrumb"},"inLanguage":"pt-PT","potentialAction":[{"@type":"ReadAction","target":["https:\/\/zumit.es\/pt-pt\/produtos\/cold-pressed-energy\/"]}]},{"@type":"ImageObject","inLanguage":"pt-PT","@id":"https:\/\/zumit.es\/pt-pt\/produtos\/cold-pressed-energy\/#primaryimage","url":"https:\/\/zumit.es\/wp-content\/uploads\/2024\/01\/energy.webp","contentUrl":"https:\/\/zumit.es\/wp-content\/uploads\/2024\/01\/energy.webp","width":800,"height":800},{"@type":"BreadcrumbList","@id":"https:\/\/zumit.es\/pt-pt\/produtos\/cold-pressed-energy\/#breadcrumb","itemListElement":[{"@type":"ListItem","position":1,"name":"Portada","item":"https:\/\/zumit.es\/pt-pt\/"},{"@type":"ListItem","position":2,"name":"Produtos","item":"https:\/\/zumit.pt\/produtos\/"},{"@type":"ListItem","position":3,"name":"Zumo Cold Pressed Energy HPP"}]},{"@type":"WebSite","@id":"https:\/\/zumit.it\/#website","url":"https:\/\/zumit.it\/","name":"Zumit","description":"Fabricante y Proveedor de Smoothies, Zumos, Fruta IQF","potentialAction":[{"@type":"SearchAction","target":{"@type":"EntryPoint","urlTemplate":"https:\/\/zumit.it\/?s={search_term_string}"},"query-input":{"@type":"PropertyValueSpecification","valueRequired":true,"valueName":"search_term_string"}}],"inLanguage":"pt-PT"}]}},"_links":{"self":[{"href":"https:\/\/zumit.es\/pt-pt\/wp-json\/wp\/v2\/product\/1455","targetHints":{"allow":["GET"]}}],"collection":[{"href":"https:\/\/zumit.es\/pt-pt\/wp-json\/wp\/v2\/product"}],"about":[{"href":"https:\/\/zumit.es\/pt-pt\/wp-json\/wp\/v2\/types\/product"}],"replies":[{"embeddable":true,"href":"https:\/\/zumit.es\/pt-pt\/wp-json\/wp\/v2\/comments?post=1455"}],"version-history":[{"count":1,"href":"https:\/\/zumit.es\/pt-pt\/wp-json\/wp\/v2\/product\/1455\/revisions"}],"predecessor-version":[{"id":24041,"href":"https:\/\/zumit.es\/pt-pt\/wp-json\/wp\/v2\/product\/1455\/revisions\/24041"}],"wp:featuredmedia":[{"embeddable":true,"href":"https:\/\/zumit.es\/pt-pt\/wp-json\/wp\/v2\/media\/24026"}],"wp:attachment":[{"href":"https:\/\/zumit.es\/pt-pt\/wp-json\/wp\/v2\/media?parent=1455"}],"wp:term":[{"taxonomy":"product_brand","embeddable":true,"href":"https:\/\/zumit.es\/pt-pt\/wp-json\/wp\/v2\/product_brand?post=1455"},{"taxonomy":"product_cat","embeddable":true,"href":"https:\/\/zumit.es\/pt-pt\/wp-json\/wp\/v2\/product_cat?post=1455"},{"taxonomy":"product_tag","embeddable":true,"href":"https:\/\/zumit.es\/pt-pt\/wp-json\/wp\/v2\/product_tag?post=1455"}],"curies":[{"name":"wp","href":"https:\/\/api.w.org\/{rel}","templated":true}]}}