{"id":12883,"date":"2025-04-04T13:24:46","date_gmt":"2025-04-04T11:24:46","guid":{"rendered":"https:\/\/zumit.es\/?post_type=product&#038;p=12883"},"modified":"2026-05-05T15:55:53","modified_gmt":"2026-05-05T13:55:53","slug":"trituradora-profesional-zumit","status":"publish","type":"product","link":"https:\/\/zumit.es\/pt-pt\/produtos\/trituradora-profesional-zumit\/","title":{"rendered":"TRITURADORA PROFESIONAL ZUMIT"},"content":{"rendered":"<p class=\"p1\">Complementa tu pedido con nuestra trituradora profesional para smoothies. Prepara tus smoothies y milkshakes, entre otras opciones, en menos de 1 minuto.<\/p>\n<p class=\"p1\">Nuestra trituradora profesional presenta un dise\u00f1o elegante y vanguardista. Cuenta con ciclos prefijados autom\u00e1ticos de 35, 60, 90 segundos con solo pulsar un bot\u00f3n. Elige entre 3 velocidades: alta, media y baja, y 2 funciones: pulso o continua. Esta trituradora profesional se adapta a ingredientes en seco o con l\u00edquido, adem\u00e1s, pulveriza hielo en segundos.<\/p>\n<p class=\"p1\">Contiene un juego de cuchillas dos en uno en acero, un motor industrial de alta velocidad inoxidable, una jarra virtualmente irrompible fabricada en policarbonato transparente de alto rendimiento y tecnolog\u00eda de precisi\u00f3n y multifunci\u00f3n.<\/p>\n<p class=\"p1\">Modelo: TM-800A en color negro.<\/p>\n<p class=\"p1\">Voltaje: 220-240V<\/p>\n<p class=\"p1\">Frecuencia: 50-60Hz<\/p>\n<p class=\"p1\">Potencia: 1200W<\/p>\n<p class=\"p1\">Capacidad: 1,5L (50-Oz) (1,500 c.c.) (6-tazas)<\/p>\n<p class=\"p1\">Dimensiones (LxAnxAl): 40,5&#215;21,3&#215;23,5 cm (15,9&#215;8,4&#215;9,3&#8243;)<\/p>\n<p class=\"p1\">Peso neto: 4,0 kgs (8,8 Lbs)<\/p>\n<p class=\"p1\">Peso bruto: 4,5 Kgs (9,9 Lbs)<\/p>\n<p class=\"p1\">Se recomienda utilizar el modo LOW y lavar la jarra bajo el grifo (evitando el lavavajillas) para alargar la durabilidad del aparato y complementos.<\/p>\n<p class=\"p1\">Nuestra trituradora profesional tiene 1 a\u00f1o de garant\u00eda.<\/p>\n","protected":false},"excerpt":{"rendered":"<p>Trituradora profesional Zumit para la elaboraic\u00f3n de smoothies y milkshakes.<\/p>\n<p>\u00bfEres cliente Zumit? \u00a1Pregunta por nuestros descuentos!<\/p>\n","protected":false},"featured_media":12884,"comment_status":"open","ping_status":"closed","template":"","meta":{"_acf_changed":false},"product_brand":[],"product_cat":[906,920],"product_tag":[],"class_list":{"0":"post-12883","1":"product","2":"type-product","3":"status-publish","4":"has-post-thumbnail","6":"product_cat-complementos","7":"product_cat-no-comestible","9":"first","10":"instock","11":"taxable","12":"shipping-taxable","13":"purchasable","14":"product-type-simple"},"acf":[],"yoast_head":"<!-- This site is optimized with the Yoast SEO plugin v27.2 - https:\/\/yoast.com\/product\/yoast-seo-wordpress\/ -->\n<title>TRITURADORA PROFESIONAL ZUMIT - Zumit<\/title>\n<meta name=\"robots\" content=\"index, follow, max-snippet:-1, max-image-preview:large, max-video-preview:-1\" \/>\n<link rel=\"canonical\" href=\"https:\/\/zumit.es\/pt-pt\/produtos\/trituradora-profesional-zumit\/\" \/>\n<meta property=\"og:locale\" content=\"pt_PT\" \/>\n<meta property=\"og:type\" content=\"article\" \/>\n<meta property=\"og:title\" content=\"TRITURADORA PROFESIONAL ZUMIT - Zumit\" \/>\n<meta property=\"og:description\" content=\"Trituradora profesional Zumit para la elaboraic\u00f3n de smoothies y milkshakes.  \u00bfEres cliente Zumit? \u00a1Pregunta por nuestros descuentos!\" \/>\n<meta property=\"og:url\" content=\"https:\/\/zumit.es\/pt-pt\/produtos\/trituradora-profesional-zumit\/\" \/>\n<meta property=\"og:site_name\" content=\"Zumit\" \/>\n<meta property=\"article:modified_time\" content=\"2026-05-05T13:55:53+00:00\" \/>\n<meta property=\"og:image\" content=\"https:\/\/zumit.es\/wp-content\/uploads\/trituradora-profesional.jpg\" \/>\n\t<meta property=\"og:image:width\" content=\"2048\" \/>\n\t<meta property=\"og:image:height\" content=\"1364\" \/>\n\t<meta property=\"og:image:type\" content=\"image\/jpeg\" \/>\n<meta name=\"twitter:card\" content=\"summary_large_image\" \/>\n<meta name=\"twitter:label1\" content=\"Tempo estimado de leitura\" \/>\n\t<meta name=\"twitter:data1\" content=\"2 minutos\" \/>\n<script type=\"application\/ld+json\" class=\"yoast-schema-graph\">{\"@context\":\"https:\/\/schema.org\",\"@graph\":[{\"@type\":\"WebPage\",\"@id\":\"https:\/\/zumit.es\/pt-pt\/produtos\/trituradora-profesional-zumit\/\",\"url\":\"https:\/\/zumit.es\/pt-pt\/produtos\/trituradora-profesional-zumit\/\",\"name\":\"TRITURADORA PROFESIONAL ZUMIT - Zumit\",\"isPartOf\":{\"@id\":\"https:\/\/zumit.it\/#website\"},\"primaryImageOfPage\":{\"@id\":\"https:\/\/zumit.es\/pt-pt\/produtos\/trituradora-profesional-zumit\/#primaryimage\"},\"image\":{\"@id\":\"https:\/\/zumit.es\/pt-pt\/produtos\/trituradora-profesional-zumit\/#primaryimage\"},\"thumbnailUrl\":\"https:\/\/zumit.es\/wp-content\/uploads\/trituradora-profesional.jpg\",\"datePublished\":\"2025-04-04T11:24:46+00:00\",\"dateModified\":\"2026-05-05T13:55:53+00:00\",\"breadcrumb\":{\"@id\":\"https:\/\/zumit.es\/pt-pt\/produtos\/trituradora-profesional-zumit\/#breadcrumb\"},\"inLanguage\":\"pt-PT\",\"potentialAction\":[{\"@type\":\"ReadAction\",\"target\":[\"https:\/\/zumit.es\/pt-pt\/produtos\/trituradora-profesional-zumit\/\"]}]},{\"@type\":\"ImageObject\",\"inLanguage\":\"pt-PT\",\"@id\":\"https:\/\/zumit.es\/pt-pt\/produtos\/trituradora-profesional-zumit\/#primaryimage\",\"url\":\"https:\/\/zumit.es\/wp-content\/uploads\/trituradora-profesional.jpg\",\"contentUrl\":\"https:\/\/zumit.es\/wp-content\/uploads\/trituradora-profesional.jpg\",\"width\":2048,\"height\":1364},{\"@type\":\"BreadcrumbList\",\"@id\":\"https:\/\/zumit.es\/pt-pt\/produtos\/trituradora-profesional-zumit\/#breadcrumb\",\"itemListElement\":[{\"@type\":\"ListItem\",\"position\":1,\"name\":\"Portada\",\"item\":\"https:\/\/zumit.es\/pt-pt\/\"},{\"@type\":\"ListItem\",\"position\":2,\"name\":\"Produtos\",\"item\":\"https:\/\/zumit.pt\/produtos\/\"},{\"@type\":\"ListItem\",\"position\":3,\"name\":\"TRITURADORA PROFESIONAL ZUMIT\"}]},{\"@type\":\"WebSite\",\"@id\":\"https:\/\/zumit.it\/#website\",\"url\":\"https:\/\/zumit.it\/\",\"name\":\"Zumit\",\"description\":\"Fabricante y Proveedor de Smoothies, Zumos, Fruta IQF\",\"potentialAction\":[{\"@type\":\"SearchAction\",\"target\":{\"@type\":\"EntryPoint\",\"urlTemplate\":\"https:\/\/zumit.it\/?s={search_term_string}\"},\"query-input\":{\"@type\":\"PropertyValueSpecification\",\"valueRequired\":true,\"valueName\":\"search_term_string\"}}],\"inLanguage\":\"pt-PT\"}]}<\/script>\n<!-- \/ Yoast SEO plugin. -->","yoast_head_json":{"title":"TRITURADORA PROFESIONAL ZUMIT - Zumit","robots":{"index":"index","follow":"follow","max-snippet":"max-snippet:-1","max-image-preview":"max-image-preview:large","max-video-preview":"max-video-preview:-1"},"canonical":"https:\/\/zumit.es\/pt-pt\/produtos\/trituradora-profesional-zumit\/","og_locale":"pt_PT","og_type":"article","og_title":"TRITURADORA PROFESIONAL ZUMIT - Zumit","og_description":"Trituradora profesional Zumit para la elaboraic\u00f3n de smoothies y milkshakes.  \u00bfEres cliente Zumit? \u00a1Pregunta por nuestros descuentos!","og_url":"https:\/\/zumit.es\/pt-pt\/produtos\/trituradora-profesional-zumit\/","og_site_name":"Zumit","article_modified_time":"2026-05-05T13:55:53+00:00","og_image":[{"width":2048,"height":1364,"url":"https:\/\/zumit.es\/wp-content\/uploads\/trituradora-profesional.jpg","type":"image\/jpeg"}],"twitter_card":"summary_large_image","twitter_misc":{"Tempo estimado de leitura":"2 minutos"},"schema":{"@context":"https:\/\/schema.org","@graph":[{"@type":"WebPage","@id":"https:\/\/zumit.es\/pt-pt\/produtos\/trituradora-profesional-zumit\/","url":"https:\/\/zumit.es\/pt-pt\/produtos\/trituradora-profesional-zumit\/","name":"TRITURADORA PROFESIONAL ZUMIT - Zumit","isPartOf":{"@id":"https:\/\/zumit.it\/#website"},"primaryImageOfPage":{"@id":"https:\/\/zumit.es\/pt-pt\/produtos\/trituradora-profesional-zumit\/#primaryimage"},"image":{"@id":"https:\/\/zumit.es\/pt-pt\/produtos\/trituradora-profesional-zumit\/#primaryimage"},"thumbnailUrl":"https:\/\/zumit.es\/wp-content\/uploads\/trituradora-profesional.jpg","datePublished":"2025-04-04T11:24:46+00:00","dateModified":"2026-05-05T13:55:53+00:00","breadcrumb":{"@id":"https:\/\/zumit.es\/pt-pt\/produtos\/trituradora-profesional-zumit\/#breadcrumb"},"inLanguage":"pt-PT","potentialAction":[{"@type":"ReadAction","target":["https:\/\/zumit.es\/pt-pt\/produtos\/trituradora-profesional-zumit\/"]}]},{"@type":"ImageObject","inLanguage":"pt-PT","@id":"https:\/\/zumit.es\/pt-pt\/produtos\/trituradora-profesional-zumit\/#primaryimage","url":"https:\/\/zumit.es\/wp-content\/uploads\/trituradora-profesional.jpg","contentUrl":"https:\/\/zumit.es\/wp-content\/uploads\/trituradora-profesional.jpg","width":2048,"height":1364},{"@type":"BreadcrumbList","@id":"https:\/\/zumit.es\/pt-pt\/produtos\/trituradora-profesional-zumit\/#breadcrumb","itemListElement":[{"@type":"ListItem","position":1,"name":"Portada","item":"https:\/\/zumit.es\/pt-pt\/"},{"@type":"ListItem","position":2,"name":"Produtos","item":"https:\/\/zumit.pt\/produtos\/"},{"@type":"ListItem","position":3,"name":"TRITURADORA PROFESIONAL ZUMIT"}]},{"@type":"WebSite","@id":"https:\/\/zumit.it\/#website","url":"https:\/\/zumit.it\/","name":"Zumit","description":"Fabricante y Proveedor de Smoothies, Zumos, Fruta IQF","potentialAction":[{"@type":"SearchAction","target":{"@type":"EntryPoint","urlTemplate":"https:\/\/zumit.it\/?s={search_term_string}"},"query-input":{"@type":"PropertyValueSpecification","valueRequired":true,"valueName":"search_term_string"}}],"inLanguage":"pt-PT"}]}},"_links":{"self":[{"href":"https:\/\/zumit.es\/pt-pt\/wp-json\/wp\/v2\/product\/12883","targetHints":{"allow":["GET"]}}],"collection":[{"href":"https:\/\/zumit.es\/pt-pt\/wp-json\/wp\/v2\/product"}],"about":[{"href":"https:\/\/zumit.es\/pt-pt\/wp-json\/wp\/v2\/types\/product"}],"replies":[{"embeddable":true,"href":"https:\/\/zumit.es\/pt-pt\/wp-json\/wp\/v2\/comments?post=12883"}],"version-history":[{"count":1,"href":"https:\/\/zumit.es\/pt-pt\/wp-json\/wp\/v2\/product\/12883\/revisions"}],"predecessor-version":[{"id":24166,"href":"https:\/\/zumit.es\/pt-pt\/wp-json\/wp\/v2\/product\/12883\/revisions\/24166"}],"wp:featuredmedia":[{"embeddable":true,"href":"https:\/\/zumit.es\/pt-pt\/wp-json\/wp\/v2\/media\/12884"}],"wp:attachment":[{"href":"https:\/\/zumit.es\/pt-pt\/wp-json\/wp\/v2\/media?parent=12883"}],"wp:term":[{"taxonomy":"product_brand","embeddable":true,"href":"https:\/\/zumit.es\/pt-pt\/wp-json\/wp\/v2\/product_brand?post=12883"},{"taxonomy":"product_cat","embeddable":true,"href":"https:\/\/zumit.es\/pt-pt\/wp-json\/wp\/v2\/product_cat?post=12883"},{"taxonomy":"product_tag","embeddable":true,"href":"https:\/\/zumit.es\/pt-pt\/wp-json\/wp\/v2\/product_tag?post=12883"}],"curies":[{"name":"wp","href":"https:\/\/api.w.org\/{rel}","templated":true}]}}