{"id":5256,"date":"2024-02-07T12:16:24","date_gmt":"2024-02-07T11:16:24","guid":{"rendered":"https:\/\/zumit.es\/productos\/banana-e-vaniglia\/"},"modified":"2025-11-26T10:00:24","modified_gmt":"2025-11-26T09:00:24","slug":"banana-e-vaniglia","status":"publish","type":"product","link":"https:\/\/zumit.es\/it\/prodotti\/banana-e-vaniglia\/","title":{"rendered":"BANANA &amp; VAINILLA"},"content":{"rendered":"<p>Il frullato Banana e Vaniglia di Zumit offre una perfetta combinazione di dolcezza e cremosit\u00e0, presentando un equilibrio ideale tra il sapore tropicale della banana matura e le note sottili della vaniglia. Ogni confezione, destinata esclusivamente al settore horeca, contiene 20 unit\u00e0 di buste monodose da 150 g, progettate per semplificare la preparazione di frullati deliziosi e omogenei che i vostri clienti apprezzeranno sicuramente.<\/p>\n<p>Con il 40% di banane nella sua composizione, questo frullato non solo promette un intenso sapore fruttato, ma anche una consistenza morbida che si sposa perfettamente con le palline di frappe. Questi pellet sono accuratamente formulati con acqua, latte intero in polvere, fruttosio e un tocco di aroma naturale di vaniglia, per garantire che ogni sorso sia un&#8217;esperienza ricca e soddisfacente. Il ghiaccio aggiunge la freschezza necessaria a rendere questa bevanda la scelta ideale per ogni momento della giornata, mentre lo zucchero esalta il sapore naturale degli ingredienti, bilanciando perfettamente la dolcezza e la cremosit\u00e0.<\/p>\n<p>La praticit\u00e0 delle buste monodose da 15 cm x 12 cm facilita la preparazione di frullati di alta qualit\u00e0 in modo rapido e semplice, consentendo una gestione efficiente di tempo e risorse. Questo prodotto, che non \u00e8 disponibile per i privati, \u00e8 la scelta perfetta per caff\u00e8, ristoranti e bar che vogliono arricchire la loro offerta con bevande innovative, salutari e di grande impatto visivo.<\/p>\n<p>Il frullato alla banana e alla vaniglia di Zumit non \u00e8 solo una bevanda, ma un&#8217;esperienza sensoriale che unisce la tradizione alla modernit\u00e0, garantendo soddisfazione e piacere a ogni sorso. Integrando questo prodotto nel loro menu, le aziende non solo attireranno una clientela alla ricerca di nuove esperienze culinarie, ma si allineeranno anche alle attuali tendenze verso opzioni pi\u00f9 sane e naturali.<\/p>\n<p>PRODOTTO NON DISPONIBILE PER I PRIVATI<\/p>\n","protected":false},"excerpt":{"rendered":"<div>\n<div>\n<div>\n<div>\n<div>\n<div>\n<div>\n<div>\n<div>\n<div>\n<div>\n<div>Confezione da 20 buste monodose da 150 g con una miscela di pellet e frutta per la produzione di frullati.<u><\/u><u><\/u><\/div>\n<\/div>\n<div><\/div>\n<\/div>\n<\/div>\n<\/div>\n<\/div>\n<\/div>\n<\/div>\n<\/div>\n<\/div>\n<\/div>\n<\/div>\n","protected":false},"featured_media":24505,"comment_status":"open","ping_status":"closed","template":"","meta":{"_acf_changed":false},"product_brand":[],"product_cat":[378,377],"product_tag":[],"class_list":{"0":"post-5256","1":"product","2":"type-product","3":"status-publish","4":"has-post-thumbnail","6":"product_cat-frappes-it-p","7":"product_cat-prodotti","9":"first","10":"outofstock","11":"taxable","12":"shipping-taxable","13":"purchasable","14":"product-type-simple"},"acf":[],"yoast_head":"<!-- This site is optimized with the Yoast SEO plugin v27.2 - https:\/\/yoast.com\/product\/yoast-seo-wordpress\/ -->\n<title>Milkshake Banana &amp; Vainilla - Zumit<\/title>\n<meta name=\"description\" content=\"Immergetevi nel gusto del Milkshake Banana &amp; Vanilla di Zumit: dolcezza tropicale in buste monodose per valorizzare il vostro menu.\" \/>\n<meta name=\"robots\" content=\"index, follow, max-snippet:-1, max-image-preview:large, max-video-preview:-1\" \/>\n<link rel=\"canonical\" href=\"https:\/\/zumit.es\/it\/prodotti\/banana-e-vaniglia\/\" \/>\n<meta property=\"og:locale\" content=\"it_IT\" \/>\n<meta property=\"og:type\" content=\"article\" \/>\n<meta property=\"og:title\" content=\"Milkshake Banana &amp; Vainilla - Zumit\" \/>\n<meta property=\"og:description\" content=\"Immergetevi nel gusto del Milkshake Banana &amp; Vanilla di Zumit: dolcezza tropicale in buste monodose per valorizzare il vostro menu.\" \/>\n<meta property=\"og:url\" content=\"https:\/\/zumit.es\/it\/prodotti\/banana-e-vaniglia\/\" \/>\n<meta property=\"og:site_name\" content=\"Zumit\" \/>\n<meta property=\"article:modified_time\" content=\"2025-11-26T09:00:24+00:00\" \/>\n<meta property=\"og:image\" content=\"https:\/\/zumit.it\/wp-content\/uploads\/banana-milkshake.jpg\" \/>\n\t<meta property=\"og:image:width\" content=\"2048\" \/>\n\t<meta property=\"og:image:height\" content=\"1364\" \/>\n\t<meta property=\"og:image:type\" content=\"image\/jpeg\" \/>\n<meta name=\"twitter:card\" content=\"summary_large_image\" \/>\n<meta name=\"twitter:label1\" content=\"Tempo di lettura stimato\" \/>\n\t<meta name=\"twitter:data1\" content=\"2 minuti\" \/>\n<script type=\"application\/ld+json\" class=\"yoast-schema-graph\">{\"@context\":\"https:\/\/schema.org\",\"@graph\":[{\"@type\":\"WebPage\",\"@id\":\"https:\/\/zumit.es\/it\/prodotti\/banana-e-vaniglia\/\",\"url\":\"https:\/\/zumit.es\/it\/prodotti\/banana-e-vaniglia\/\",\"name\":\"Milkshake Banana & Vainilla - Zumit\",\"isPartOf\":{\"@id\":\"https:\/\/zumit.it\/#website\"},\"primaryImageOfPage\":{\"@id\":\"https:\/\/zumit.es\/it\/prodotti\/banana-e-vaniglia\/#primaryimage\"},\"image\":{\"@id\":\"https:\/\/zumit.es\/it\/prodotti\/banana-e-vaniglia\/#primaryimage\"},\"thumbnailUrl\":\"https:\/\/zumit.es\/wp-content\/uploads\/2024\/02\/banana-milkshake.jpg\",\"datePublished\":\"2024-02-07T11:16:24+00:00\",\"dateModified\":\"2025-11-26T09:00:24+00:00\",\"description\":\"Immergetevi nel gusto del Milkshake Banana & Vanilla di Zumit: dolcezza tropicale in buste monodose per valorizzare il vostro menu.\",\"breadcrumb\":{\"@id\":\"https:\/\/zumit.es\/it\/prodotti\/banana-e-vaniglia\/#breadcrumb\"},\"inLanguage\":\"it-IT\",\"potentialAction\":[{\"@type\":\"ReadAction\",\"target\":[\"https:\/\/zumit.es\/it\/prodotti\/banana-e-vaniglia\/\"]}]},{\"@type\":\"ImageObject\",\"inLanguage\":\"it-IT\",\"@id\":\"https:\/\/zumit.es\/it\/prodotti\/banana-e-vaniglia\/#primaryimage\",\"url\":\"https:\/\/zumit.es\/wp-content\/uploads\/2024\/02\/banana-milkshake.jpg\",\"contentUrl\":\"https:\/\/zumit.es\/wp-content\/uploads\/2024\/02\/banana-milkshake.jpg\",\"width\":800,\"height\":800},{\"@type\":\"BreadcrumbList\",\"@id\":\"https:\/\/zumit.es\/it\/prodotti\/banana-e-vaniglia\/#breadcrumb\",\"itemListElement\":[{\"@type\":\"ListItem\",\"position\":1,\"name\":\"Pagina iniziale\",\"item\":\"https:\/\/zumit.it\/\"},{\"@type\":\"ListItem\",\"position\":2,\"name\":\"Prodotti\",\"item\":\"https:\/\/zumit.it\/prodotti\/\"},{\"@type\":\"ListItem\",\"position\":3,\"name\":\"BANANA &amp; VAINILLA\"}]},{\"@type\":\"WebSite\",\"@id\":\"https:\/\/zumit.it\/#website\",\"url\":\"https:\/\/zumit.it\/\",\"name\":\"Zumit\",\"description\":\"Fabricante y Proveedor de Smoothies, Zumos, Fruta IQF\",\"publisher\":{\"@id\":\"https:\/\/zumit.it\/#organization\"},\"potentialAction\":[{\"@type\":\"SearchAction\",\"target\":{\"@type\":\"EntryPoint\",\"urlTemplate\":\"https:\/\/zumit.it\/?s={search_term_string}\"},\"query-input\":{\"@type\":\"PropertyValueSpecification\",\"valueRequired\":true,\"valueName\":\"search_term_string\"}}],\"inLanguage\":\"it-IT\"},{\"@type\":\"Organization\",\"@id\":\"https:\/\/zumit.it\/#organization\",\"name\":\"Zumit\",\"url\":\"https:\/\/zumit.it\/\",\"logo\":{\"@type\":\"ImageObject\",\"inLanguage\":\"it-IT\",\"@id\":\"https:\/\/zumit.it\/#\/schema\/logo\/image\/\",\"url\":\"https:\/\/zumit.es\/wp-content\/uploads\/Logos_Zumit_Gris-principal-1-1.png\",\"contentUrl\":\"https:\/\/zumit.es\/wp-content\/uploads\/Logos_Zumit_Gris-principal-1-1.png\",\"width\":400,\"height\":167,\"caption\":\"Zumit\"},\"image\":{\"@id\":\"https:\/\/zumit.it\/#\/schema\/logo\/image\/\"}}]}<\/script>\n<!-- \/ Yoast SEO plugin. -->","yoast_head_json":{"title":"Milkshake Banana & Vainilla - Zumit","description":"Immergetevi nel gusto del Milkshake Banana & Vanilla di Zumit: dolcezza tropicale in buste monodose per valorizzare il vostro menu.","robots":{"index":"index","follow":"follow","max-snippet":"max-snippet:-1","max-image-preview":"max-image-preview:large","max-video-preview":"max-video-preview:-1"},"canonical":"https:\/\/zumit.es\/it\/prodotti\/banana-e-vaniglia\/","og_locale":"it_IT","og_type":"article","og_title":"Milkshake Banana & Vainilla - Zumit","og_description":"Immergetevi nel gusto del Milkshake Banana & Vanilla di Zumit: dolcezza tropicale in buste monodose per valorizzare il vostro menu.","og_url":"https:\/\/zumit.es\/it\/prodotti\/banana-e-vaniglia\/","og_site_name":"Zumit","article_modified_time":"2025-11-26T09:00:24+00:00","og_image":[{"width":2048,"height":1364,"url":"https:\/\/zumit.it\/wp-content\/uploads\/banana-milkshake.jpg","type":"image\/jpeg"}],"twitter_card":"summary_large_image","twitter_misc":{"Tempo di lettura stimato":"2 minuti"},"schema":{"@context":"https:\/\/schema.org","@graph":[{"@type":"WebPage","@id":"https:\/\/zumit.es\/it\/prodotti\/banana-e-vaniglia\/","url":"https:\/\/zumit.es\/it\/prodotti\/banana-e-vaniglia\/","name":"Milkshake Banana & Vainilla - Zumit","isPartOf":{"@id":"https:\/\/zumit.it\/#website"},"primaryImageOfPage":{"@id":"https:\/\/zumit.es\/it\/prodotti\/banana-e-vaniglia\/#primaryimage"},"image":{"@id":"https:\/\/zumit.es\/it\/prodotti\/banana-e-vaniglia\/#primaryimage"},"thumbnailUrl":"https:\/\/zumit.es\/wp-content\/uploads\/2024\/02\/banana-milkshake.jpg","datePublished":"2024-02-07T11:16:24+00:00","dateModified":"2025-11-26T09:00:24+00:00","description":"Immergetevi nel gusto del Milkshake Banana & Vanilla di Zumit: dolcezza tropicale in buste monodose per valorizzare il vostro menu.","breadcrumb":{"@id":"https:\/\/zumit.es\/it\/prodotti\/banana-e-vaniglia\/#breadcrumb"},"inLanguage":"it-IT","potentialAction":[{"@type":"ReadAction","target":["https:\/\/zumit.es\/it\/prodotti\/banana-e-vaniglia\/"]}]},{"@type":"ImageObject","inLanguage":"it-IT","@id":"https:\/\/zumit.es\/it\/prodotti\/banana-e-vaniglia\/#primaryimage","url":"https:\/\/zumit.es\/wp-content\/uploads\/2024\/02\/banana-milkshake.jpg","contentUrl":"https:\/\/zumit.es\/wp-content\/uploads\/2024\/02\/banana-milkshake.jpg","width":800,"height":800},{"@type":"BreadcrumbList","@id":"https:\/\/zumit.es\/it\/prodotti\/banana-e-vaniglia\/#breadcrumb","itemListElement":[{"@type":"ListItem","position":1,"name":"Pagina iniziale","item":"https:\/\/zumit.it\/"},{"@type":"ListItem","position":2,"name":"Prodotti","item":"https:\/\/zumit.it\/prodotti\/"},{"@type":"ListItem","position":3,"name":"BANANA &amp; VAINILLA"}]},{"@type":"WebSite","@id":"https:\/\/zumit.it\/#website","url":"https:\/\/zumit.it\/","name":"Zumit","description":"Fabricante y Proveedor de Smoothies, Zumos, Fruta IQF","publisher":{"@id":"https:\/\/zumit.it\/#organization"},"potentialAction":[{"@type":"SearchAction","target":{"@type":"EntryPoint","urlTemplate":"https:\/\/zumit.it\/?s={search_term_string}"},"query-input":{"@type":"PropertyValueSpecification","valueRequired":true,"valueName":"search_term_string"}}],"inLanguage":"it-IT"},{"@type":"Organization","@id":"https:\/\/zumit.it\/#organization","name":"Zumit","url":"https:\/\/zumit.it\/","logo":{"@type":"ImageObject","inLanguage":"it-IT","@id":"https:\/\/zumit.it\/#\/schema\/logo\/image\/","url":"https:\/\/zumit.es\/wp-content\/uploads\/Logos_Zumit_Gris-principal-1-1.png","contentUrl":"https:\/\/zumit.es\/wp-content\/uploads\/Logos_Zumit_Gris-principal-1-1.png","width":400,"height":167,"caption":"Zumit"},"image":{"@id":"https:\/\/zumit.it\/#\/schema\/logo\/image\/"}}]}},"_links":{"self":[{"href":"https:\/\/zumit.es\/it\/wp-json\/wp\/v2\/product\/5256","targetHints":{"allow":["GET"]}}],"collection":[{"href":"https:\/\/zumit.es\/it\/wp-json\/wp\/v2\/product"}],"about":[{"href":"https:\/\/zumit.es\/it\/wp-json\/wp\/v2\/types\/product"}],"replies":[{"embeddable":true,"href":"https:\/\/zumit.es\/it\/wp-json\/wp\/v2\/comments?post=5256"}],"version-history":[{"count":0,"href":"https:\/\/zumit.es\/it\/wp-json\/wp\/v2\/product\/5256\/revisions"}],"wp:featuredmedia":[{"embeddable":true,"href":"https:\/\/zumit.es\/it\/wp-json\/wp\/v2\/media\/24505"}],"wp:attachment":[{"href":"https:\/\/zumit.es\/it\/wp-json\/wp\/v2\/media?parent=5256"}],"wp:term":[{"taxonomy":"product_brand","embeddable":true,"href":"https:\/\/zumit.es\/it\/wp-json\/wp\/v2\/product_brand?post=5256"},{"taxonomy":"product_cat","embeddable":true,"href":"https:\/\/zumit.es\/it\/wp-json\/wp\/v2\/product_cat?post=5256"},{"taxonomy":"product_tag","embeddable":true,"href":"https:\/\/zumit.es\/it\/wp-json\/wp\/v2\/product_tag?post=5256"}],"curies":[{"name":"wp","href":"https:\/\/api.w.org\/{rel}","templated":true}]}}