{"id":5233,"date":"2024-02-06T11:56:17","date_gmt":"2024-02-06T10:56:17","guid":{"rendered":"https:\/\/zumit.es\/frullati-2\/"},"modified":"2025-07-11T12:27:48","modified_gmt":"2025-07-11T10:27:48","slug":"frullati-2","status":"publish","type":"page","link":"https:\/\/zumit.es\/it\/frullati-2\/","title":{"rendered":"Milkshakes"},"content":{"rendered":"<p>[et_pb_section fb_built=&#8221;1&#8243; _builder_version=&#8221;4.20.4&#8243; _module_preset=&#8221;default&#8221; custom_margin=&#8221;0px||||false|false&#8221; custom_padding=&#8221;0px||||false|false&#8221; global_colors_info=&#8221;{}&#8221; locked=&#8221;off&#8221; theme_builder_area=&#8221;post_content&#8221;][et_pb_row _builder_version=&#8221;4.20.4&#8243; _module_preset=&#8221;default&#8221; width=&#8221;100%&#8221; max_width=&#8221;2560px&#8221; custom_margin=&#8221;0px||0px||false|false&#8221; custom_padding=&#8221;0px||0px||false|false&#8221; global_colors_info=&#8221;{}&#8221; theme_builder_area=&#8221;post_content&#8221;][et_pb_column type=&#8221;4_4&#8243; _builder_version=&#8221;4.20.4&#8243; _module_preset=&#8221;default&#8221; global_colors_info=&#8221;{}&#8221; theme_builder_area=&#8221;post_content&#8221;][et_pb_code _builder_version=&#8221;4.27.4&#8243; _module_preset=&#8221;default&#8221; global_colors_info=&#8221;{}&#8221; theme_builder_area=&#8221;post_content&#8221;][translated_slider][\/et_pb_code][\/et_pb_column][\/et_pb_row][et_pb_row _builder_version=&#8221;4.20.4&#8243; _module_preset=&#8221;default&#8221; width=&#8221;100%&#8221; max_width=&#8221;2560px&#8221; custom_margin=&#8221;||||false|false&#8221; custom_padding=&#8221;||||false|false&#8221; global_colors_info=&#8221;{}&#8221; theme_builder_area=&#8221;post_content&#8221;][et_pb_column type=&#8221;4_4&#8243; _builder_version=&#8221;4.20.4&#8243; _module_preset=&#8221;default&#8221; global_colors_info=&#8221;{}&#8221; theme_builder_area=&#8221;post_content&#8221;][et_pb_menu menu_id=&#8221;263&#8243; menu_style=&#8221;centered&#8221; active_link_color=&#8221;#ef7f19&#8243; dropdown_menu_active_link_color=&#8221;#ef7f19&#8243; module_id=&#8221;menu_products&#8221; _builder_version=&#8221;4.20.4&#8243; _module_preset=&#8221;default&#8221; menu_font=&#8221;Bebas Neue|||on|||||&#8221; menu_text_color=&#8221;#000000&#8243; menu_font_size=&#8221;40px&#8221; custom_margin=&#8221;||||false|false&#8221; custom_padding=&#8221;10px||||false|false&#8221; global_colors_info=&#8221;{}&#8221; theme_builder_area=&#8221;post_content&#8221;][\/et_pb_menu][et_pb_code disabled_on=&#8221;off|off|on&#8221; _builder_version=&#8221;4.20.4&#8243; _module_preset=&#8221;default&#8221; global_colors_info=&#8221;{}&#8221; theme_builder_area=&#8221;post_content&#8221;]<\/p>\n<style><!-- [et_pb_line_break_holder] -->  #page-container #menu_products .et_pb_menu__menu {<!-- [et_pb_line_break_holder] -->    display:flex;<!-- [et_pb_line_break_holder] -->  }<!-- [et_pb_line_break_holder] -->  <!-- [et_pb_line_break_holder] -->  #page-container #menu_products .et_mobile_nav_menu{<!-- [et_pb_line_break_holder] -->    display:none;<!-- [et_pb_line_break_holder] -->  }<!-- [et_pb_line_break_holder] -->  <!-- [et_pb_line_break_holder] -->@media only screen and (max-width : 400px) {<!-- [et_pb_line_break_holder] -->    #page-container #menu_products .et_pb_menu__menu ul li a{<!-- [et_pb_line_break_holder] -->    font-size: 25px;<!-- [et_pb_line_break_holder] -->  }<!-- [et_pb_line_break_holder] -->  }<!-- [et_pb_line_break_holder] -->  <!-- [et_pb_line_break_holder] -->  <!-- [et_pb_line_break_holder] -->  @media only screen and (max-width : 600px) {<!-- [et_pb_line_break_holder] -->    #page-container #menu_products .et_pb_menu__menu ul li a{<!-- [et_pb_line_break_holder] -->    font-size: 30px;<!-- [et_pb_line_break_holder] -->  }<!-- [et_pb_line_break_holder] -->  }<!-- [et_pb_line_break_holder] --><!-- [et_pb_line_break_holder] --><\/style>\n<p>[\/et_pb_code][et_pb_divider color=&#8221;#df9a2b&#8221; divider_weight=&#8221;5px&#8221; _builder_version=&#8221;4.20.4&#8243; _module_preset=&#8221;default&#8221; custom_margin=&#8221;||||false|false&#8221; custom_padding=&#8221;||||false|false&#8221; global_colors_info=&#8221;{}&#8221; theme_builder_area=&#8221;post_content&#8221;][\/et_pb_divider][\/et_pb_column][\/et_pb_row][et_pb_row _builder_version=&#8221;4.20.4&#8243; _module_preset=&#8221;default&#8221; global_colors_info=&#8221;{}&#8221; theme_builder_area=&#8221;post_content&#8221;][et_pb_column type=&#8221;4_4&#8243; _builder_version=&#8221;4.20.4&#8243; _module_preset=&#8221;default&#8221; global_colors_info=&#8221;{}&#8221; theme_builder_area=&#8221;post_content&#8221;][et_pb_text _builder_version=&#8221;4.27.4&#8243; _module_preset=&#8221;default&#8221; text_font=&#8221;Roca One||||||||&#8221; text_font_size=&#8221;20px&#8221; header_font=&#8221;AmaticSC Regular|700|||||||&#8221; header_text_align=&#8221;center&#8221; header_font_size=&#8221;50px&#8221; text_orientation=&#8221;center&#8221; global_colors_info=&#8221;{}&#8221; theme_builder_area=&#8221;post_content&#8221;]<\/p>\n<h1>Concediti i nostri dolci milkshakes<\/h1>\n<p>Disponiamo di 6 ricette diverse di milkshakes per integrare i smoothies naturali e massimizzare cos\u00ec la redditivit\u00e0 nel tuo punto vendita.<\/p>\n<p>[\/et_pb_text][\/et_pb_column][\/et_pb_row][et_pb_row _builder_version=&#8221;4.20.4&#8243; _module_preset=&#8221;default&#8221; max_width=&#8221;2560px&#8221; global_colors_info=&#8221;{}&#8221; theme_builder_area=&#8221;post_content&#8221;][et_pb_column type=&#8221;4_4&#8243; _builder_version=&#8221;4.20.4&#8243; _module_preset=&#8221;default&#8221; global_colors_info=&#8221;{}&#8221; theme_builder_area=&#8221;post_content&#8221;][et_pb_shop type=&#8221;product_category&#8221; posts_number=&#8221;15&#8243; show_pagination=&#8221;on&#8221; include_categories=&#8221;26&#8243; columns_number=&#8221;3&#8243; icon_hover_color=&#8221;RGBA(255,255,255,0)&#8221; hover_overlay_color=&#8221;RGBA(255,255,255,0)&#8221; show_price=&#8221;off&#8221; _builder_version=&#8221;4.27.4&#8243; _module_preset=&#8221;default&#8221; title_font=&#8221;Bebas Neue|||on|||||&#8221; title_text_align=&#8221;center&#8221; title_font_size=&#8221;32px&#8221; price_font=&#8221;Roca One||||||||&#8221; price_text_align=&#8221;right&#8221; price_text_color=&#8221;#000000&#8243; price_font_size=&#8221;24px&#8221; global_colors_info=&#8221;{}&#8221; theme_builder_area=&#8221;post_content&#8221;][\/et_pb_shop][et_pb_code _builder_version=&#8221;4.20.4&#8243; _module_preset=&#8221;default&#8221; global_colors_info=&#8221;{}&#8221; theme_builder_area=&#8221;post_content&#8221;]<\/p>\n<style><!-- [et_pb_line_break_holder] -->  #page-container .page-numbers{<!-- [et_pb_line_break_holder] -->    border: 0px;<!-- [et_pb_line_break_holder] -->  }<!-- [et_pb_line_break_holder] -->  #page-container .page-numbers li{<!-- [et_pb_line_break_holder] -->    border-right : 0px;<!-- [et_pb_line_break_holder] -->    margin-right : 5px;<!-- [et_pb_line_break_holder] -->  }<!-- [et_pb_line_break_holder] -->#page-container .page-numbers li a<!-- [et_pb_line_break_holder] --> {<!-- [et_pb_line_break_holder] -->\tborder-radius: 50%;<!-- [et_pb_line_break_holder] -->\tpadding: 6px 15px 6px 15px;<!-- [et_pb_line_break_holder] -->\tborder: 1px solid #FF9028!important;<!-- [et_pb_line_break_holder] -->  color: #FF9028;<!-- [et_pb_line_break_holder] -->  font-family: 'Bebas Neue',Helvetica,Arial,Lucida,sans-serif;<!-- [et_pb_line_break_holder] -->  font-size: 30px;<!-- [et_pb_line_break_holder] -->  font-weight: bold;<!-- [et_pb_line_break_holder] -->}<!-- [et_pb_line_break_holder] -->  #page-container .page-numbers span.current{<!-- [et_pb_line_break_holder] -->    <!-- [et_pb_line_break_holder] -->    border-radius: 50%;<!-- [et_pb_line_break_holder] -->\tpadding: 6px 15px 6px 15px;<!-- [et_pb_line_break_holder] -->\tborder: 1px solid #FF9028!important;<!-- [et_pb_line_break_holder] -->  color: white;<!-- [et_pb_line_break_holder] -->  font-family: 'Bebas Neue',Helvetica,Arial,Lucida,sans-serif;<!-- [et_pb_line_break_holder] -->  font-size: 30px;<!-- [et_pb_line_break_holder] -->  font-weight: bold;<!-- [et_pb_line_break_holder] -->    background: #FF9028;<!-- [et_pb_line_break_holder] -->  }<!-- [et_pb_line_break_holder] -->  <!-- [et_pb_line_break_holder] -->  #page-container .woocommerce .woocommerce-ordering,#page-container .woocommerce .woocommerce-result-count{<!-- [et_pb_line_break_holder] -->    display:none;<!-- [et_pb_line_break_holder] -->  }<!-- [et_pb_line_break_holder] -->  <!-- [et_pb_line_break_holder] -->  #page-container .woocommerce .dcms-item-custom-field{<!-- [et_pb_line_break_holder] -->    font-family: \"Roca One\";<!-- [et_pb_line_break_holder] -->    color: grey;<!-- [et_pb_line_break_holder] -->    font-size: 20px;<!-- [et_pb_line_break_holder] -->    text-align:center;<!-- [et_pb_line_break_holder] -->    display: none;<!-- [et_pb_line_break_holder] -->  }<!-- [et_pb_line_break_holder] -->  <!-- [et_pb_line_break_holder] -->  <!-- [et_pb_line_break_holder] -->    <!-- [et_pb_line_break_holder] -->  #page-container .product .woocommerce-result-count {<!-- [et_pb_line_break_holder] -->  display: none;<!-- [et_pb_line_break_holder] -->}<!-- [et_pb_line_break_holder] -->#page-container .product .woocommerce-ordering{<!-- [et_pb_line_break_holder] -->  display: none;<!-- [et_pb_line_break_holder] -->}<!-- [et_pb_line_break_holder] -->#page-container .product .dcms-item-custom-field {<!-- [et_pb_line_break_holder] -->  color: grey;<!-- [et_pb_line_break_holder] -->    font-family: 'Roca One';<!-- [et_pb_line_break_holder] -->    font-size: 20px;<!-- [et_pb_line_break_holder] -->    text-align: center;<!-- [et_pb_line_break_holder] -->}<!-- [et_pb_line_break_holder] -->  <!-- [et_pb_line_break_holder] -->  @media screen and (max-width:768px){<!-- [et_pb_line_break_holder] -->    #page-container .product .dcms-item-custom-field {<!-- [et_pb_line_break_holder] -->  color: grey;<!-- [et_pb_line_break_holder] -->    font-family: 'Roca One';<!-- [et_pb_line_break_holder] -->    font-size: 16px;<!-- [et_pb_line_break_holder] -->    text-align: center;<!-- [et_pb_line_break_holder] -->}<!-- [et_pb_line_break_holder] -->  }<!-- [et_pb_line_break_holder] -->  <!-- [et_pb_line_break_holder] -->  <!-- [et_pb_line_break_holder] -->  <!-- [et_pb_line_break_holder] --><\/style>\n<p><!-- [et_pb_line_break_holder] --><!-- [et_pb_line_break_holder] --><script><!-- [et_pb_line_break_holder] -->window.addEventListener('load',function(){<!-- [et_pb_line_break_holder] -->\tlet arrow1 = document.querySelector(\"#page-container .page-numbers li .next\");<!-- [et_pb_line_break_holder] -->  if(arrow1){<!-- [et_pb_line_break_holder] -->  arrow1.innerHTML = \" \u203a\";<!-- [et_pb_line_break_holder] -->\tarrow1.style.paddingLeft = \"20px\";<!-- [et_pb_line_break_holder] -->  }<!-- [et_pb_line_break_holder] -->    let arrow2 = document.querySelector(\"#page-container .page-numbers li .prev\");<!-- [et_pb_line_break_holder] -->  if(arrow2){<!-- [et_pb_line_break_holder] -->  \tarrow2.innerHTML = \"\u2039 \";<!-- [et_pb_line_break_holder] -->  \tarrow2.style.paddingRight = \"20px\";<!-- [et_pb_line_break_holder] --> }<!-- [et_pb_line_break_holder] -->  let titles = document.querySelectorAll(\"#page-container li.product h2\");<!-- [et_pb_line_break_holder] -->let colours = document.querySelectorAll('#page-container li.product div.dcms-item-custom-color');<!-- [et_pb_line_break_holder] -->if (titles.length === colours.length) {<!-- [et_pb_line_break_holder] -->  for (let i = 0; i < titles.length; i++) {    let title = titles[i];    let color = colours[i].textContent;     title.style.color = color;  }}                                               });<\/script>[\/et_pb_code][\/et_pb_column][\/et_pb_row][\/et_pb_section][et_pb_section fb_built=\"1\" _builder_version=\"4.20.4\" _module_preset=\"default\" global_colors_info=\"{}\" locked=\"off\" theme_builder_area=\"post_content\"][et_pb_row _builder_version=\"4.20.4\" _module_preset=\"default\" width=\"85%\" max_width=\"2560px\" global_colors_info=\"{}\" theme_builder_area=\"post_content\"][et_pb_column type=\"4_4\" _builder_version=\"4.20.4\" _module_preset=\"default\" custom_css_main_element=\"display:flex;||justify-content: center;\" global_colors_info=\"{}\" theme_builder_area=\"post_content\"][et_pb_text _builder_version=\"4.20.4\" _module_preset=\"default\" text_font=\"Roca One||||||||\" text_font_size=\"18px\" text_orientation=\"center\" width=\"70%\" max_width=\"70%\" global_colors_info=\"{}\" theme_builder_area=\"post_content\"]<\/p>\n<div style=\"font-family:'Amatic SC';font-size:60px;line-height:2em;font-weight:600;\">I NOSTRI MILKSHAKES<\/div>\n<p>I milkshakes, quella deliziosa miscela di latte, gelato e dolcezza, sono stati un favorito per generazioni. In Zumit, portiamo questa deliziosa tradizione a un nuovo livello di freschezza e sapore. <\/p>\n<p>I nostri milkshakes sono molto pi\u00f9 di una semplice bevanda. Ogni sorso \u00e8 un'esperienza in s\u00e9. Dal classico chocolate milkshake, con la sua ricca e setosa consistenza, al rinfrescante strawberry milkshake, con la sua dolce acidit\u00e0 naturale che vibra nel tuo palato, ogni opzione offre qualcosa di unico.  <\/p>\n<p>Il milkshake oreo \u00e8 un favorito indiscusso. Chi pu\u00f2 resistere al mix stuzzicante dell'iconico crumble di biscotti, mescolato con gelato alla vaniglia e sormontato da un filo di salsa al cioccolato? <\/p>\n<p>Offriamo anche un rinfrescante banana milkshake. La morbidezza della banana e la consistenza cremosa del gelato alla vaniglia si uniscono per creare un'esperienza di gusto morbida e saporita. <\/p>\n<p>E se cerchi qualcosa fuori dal comune, perch\u00e9 non provare i nostri cookie milkshakes? Incorporiamo i croccanti e deliziosi biscotti di pasta frolla nella nostra miscela di gelato, creando un'esplosione di consistenza e sapore che non si pu\u00f2 trovare altrove. <\/p>\n<p>Ma ci\u00f2 che distingue davvero i nostri milkshakes \u00e8 il nostro tocco finale: uno strato generoso di whipped cream. Questa nuvola di dolcezza aggiunge una consistenza extra che porta ogni sorso a un nuovo livello di indulgenza. <\/p>\n<p>I milkshakes sono pi\u00f9 di una semplice bevanda. Sono un momento di pausa, un ritiro dalla frenesia della vita quotidiana. Quando prendi un milkshake, ti dai il permesso di goderti, di deliziarti nella dolcezza e di rilassarti. E in Zumit, siamo orgogliosi di poter offrire questa esperienza, servita in un bicchiere con un tocco di divertimento. <\/p>\n<p>Vieni a scoprire la gioia dei milkshakes con noi.[\/et_pb_text][\/et_pb_column][\/et_pb_row][\/et_pb_section]<\/p>\n","protected":false},"excerpt":{"rendered":"<p>[et_pb_section fb_built=&#8221;1&#8243; _builder_version=&#8221;4.20.4&#8243; _module_preset=&#8221;default&#8221; custom_margin=&#8221;0px||||false|false&#8221; custom_padding=&#8221;0px||||false|false&#8221; global_colors_info=&#8221;{}&#8221; locked=&#8221;off&#8221; theme_builder_area=&#8221;post_content&#8221;][et_pb_row _builder_version=&#8221;4.20.4&#8243; _module_preset=&#8221;default&#8221; width=&#8221;100%&#8221; max_width=&#8221;2560px&#8221; custom_margin=&#8221;0px||0px||false|false&#8221; custom_padding=&#8221;0px||0px||false|false&#8221; global_colors_info=&#8221;{}&#8221; theme_builder_area=&#8221;post_content&#8221;][et_pb_column type=&#8221;4_4&#8243; _builder_version=&#8221;4.20.4&#8243; _module_preset=&#8221;default&#8221; global_colors_info=&#8221;{}&#8221; theme_builder_area=&#8221;post_content&#8221;][et_pb_code _builder_version=&#8221;4.27.4&#8243; _module_preset=&#8221;default&#8221; global_colors_info=&#8221;{}&#8221; theme_builder_area=&#8221;post_content&#8221;][translated_slider][\/et_pb_code][\/et_pb_column][\/et_pb_row][et_pb_row _builder_version=&#8221;4.20.4&#8243; _module_preset=&#8221;default&#8221; width=&#8221;100%&#8221; max_width=&#8221;2560px&#8221; custom_margin=&#8221;||||false|false&#8221; custom_padding=&#8221;||||false|false&#8221; global_colors_info=&#8221;{}&#8221; theme_builder_area=&#8221;post_content&#8221;][et_pb_column type=&#8221;4_4&#8243; _builder_version=&#8221;4.20.4&#8243; _module_preset=&#8221;default&#8221; global_colors_info=&#8221;{}&#8221; theme_builder_area=&#8221;post_content&#8221;][et_pb_menu menu_id=&#8221;263&#8243; menu_style=&#8221;centered&#8221; active_link_color=&#8221;#ef7f19&#8243; dropdown_menu_active_link_color=&#8221;#ef7f19&#8243; module_id=&#8221;menu_products&#8221; _builder_version=&#8221;4.20.4&#8243; _module_preset=&#8221;default&#8221; menu_font=&#8221;Bebas Neue|||on|||||&#8221; menu_text_color=&#8221;#000000&#8243; menu_font_size=&#8221;40px&#8221; custom_margin=&#8221;||||false|false&#8221; custom_padding=&#8221;10px||||false|false&#8221; global_colors_info=&#8221;{}&#8221; theme_builder_area=&#8221;post_content&#8221;][\/et_pb_menu][et_pb_code disabled_on=&#8221;off|off|on&#8221; [&hellip;]<\/p>\n","protected":false},"author":4,"featured_media":0,"parent":0,"menu_order":0,"comment_status":"closed","ping_status":"closed","template":"","meta":{"_acf_changed":false,"footnotes":""},"class_list":["post-5233","page","type-page","status-publish","hentry"],"acf":[],"yoast_head":"<!-- This site is optimized with the Yoast SEO plugin v27.2 - https:\/\/yoast.com\/product\/yoast-seo-wordpress\/ -->\n<title>Distributore di frullati premium | Zumit<\/title>\n<meta name=\"description\" content=\"Zumit \u00e8 il vostro distributore di frullati premium. Scoprite le nostre ricette con base gelato alla vaniglia, perfette per l&#039;Horeca \ud83c\udf6b Contattateci per maggiori informazioni!\" \/>\n<meta name=\"robots\" content=\"index, follow, max-snippet:-1, max-image-preview:large, max-video-preview:-1\" \/>\n<link rel=\"canonical\" href=\"https:\/\/zumit.es\/it\/frullati-2\/\" \/>\n<meta property=\"og:locale\" content=\"it_IT\" \/>\n<meta property=\"og:type\" content=\"article\" \/>\n<meta property=\"og:title\" content=\"Distributore di frullati premium | Zumit\" \/>\n<meta property=\"og:description\" content=\"Zumit \u00e8 il vostro distributore di frullati premium. Scoprite le nostre ricette con base gelato alla vaniglia, perfette per l&#039;Horeca \ud83c\udf6b Contattateci per maggiori informazioni!\" \/>\n<meta property=\"og:url\" content=\"https:\/\/zumit.es\/it\/frullati-2\/\" \/>\n<meta property=\"og:site_name\" content=\"Zumit\" \/>\n<meta property=\"article:modified_time\" content=\"2025-07-11T10:27:48+00:00\" \/>\n<meta name=\"twitter:card\" content=\"summary_large_image\" \/>\n<meta name=\"twitter:label1\" content=\"Tempo di lettura stimato\" \/>\n\t<meta name=\"twitter:data1\" content=\"5 minuti\" \/>\n<script type=\"application\/ld+json\" class=\"yoast-schema-graph\">{\"@context\":\"https:\/\/schema.org\",\"@graph\":[{\"@type\":\"WebPage\",\"@id\":\"https:\/\/zumit.es\/it\/frullati-2\/\",\"url\":\"https:\/\/zumit.es\/it\/frullati-2\/\",\"name\":\"Distributore di frullati premium | Zumit\",\"isPartOf\":{\"@id\":\"https:\/\/zumit.it\/#website\"},\"datePublished\":\"2024-02-06T10:56:17+00:00\",\"dateModified\":\"2025-07-11T10:27:48+00:00\",\"description\":\"Zumit \u00e8 il vostro distributore di frullati premium. Scoprite le nostre ricette con base gelato alla vaniglia, perfette per l'Horeca \ud83c\udf6b Contattateci per maggiori informazioni!\",\"breadcrumb\":{\"@id\":\"https:\/\/zumit.es\/it\/frullati-2\/#breadcrumb\"},\"inLanguage\":\"it-IT\",\"potentialAction\":[{\"@type\":\"ReadAction\",\"target\":[\"https:\/\/zumit.es\/it\/frullati-2\/\"]}]},{\"@type\":\"BreadcrumbList\",\"@id\":\"https:\/\/zumit.es\/it\/frullati-2\/#breadcrumb\",\"itemListElement\":[{\"@type\":\"ListItem\",\"position\":1,\"name\":\"Pagina iniziale\",\"item\":\"https:\/\/zumit.it\/\"},{\"@type\":\"ListItem\",\"position\":2,\"name\":\"Milkshakes\"}]},{\"@type\":\"WebSite\",\"@id\":\"https:\/\/zumit.it\/#website\",\"url\":\"https:\/\/zumit.it\/\",\"name\":\"Zumit\",\"description\":\"Fabricante y Proveedor de Smoothies, Zumos, Fruta IQF\",\"publisher\":{\"@id\":\"https:\/\/zumit.it\/#organization\"},\"potentialAction\":[{\"@type\":\"SearchAction\",\"target\":{\"@type\":\"EntryPoint\",\"urlTemplate\":\"https:\/\/zumit.it\/?s={search_term_string}\"},\"query-input\":{\"@type\":\"PropertyValueSpecification\",\"valueRequired\":true,\"valueName\":\"search_term_string\"}}],\"inLanguage\":\"it-IT\"},{\"@type\":\"Organization\",\"@id\":\"https:\/\/zumit.it\/#organization\",\"name\":\"Zumit\",\"url\":\"https:\/\/zumit.it\/\",\"logo\":{\"@type\":\"ImageObject\",\"inLanguage\":\"it-IT\",\"@id\":\"https:\/\/zumit.it\/#\/schema\/logo\/image\/\",\"url\":\"https:\/\/zumit.es\/wp-content\/uploads\/Logos_Zumit_Gris-principal-1-1.png\",\"contentUrl\":\"https:\/\/zumit.es\/wp-content\/uploads\/Logos_Zumit_Gris-principal-1-1.png\",\"width\":400,\"height\":167,\"caption\":\"Zumit\"},\"image\":{\"@id\":\"https:\/\/zumit.it\/#\/schema\/logo\/image\/\"}}]}<\/script>\n<!-- \/ Yoast SEO plugin. -->","yoast_head_json":{"title":"Distributore di frullati premium | Zumit","description":"Zumit \u00e8 il vostro distributore di frullati premium. Scoprite le nostre ricette con base gelato alla vaniglia, perfette per l'Horeca \ud83c\udf6b Contattateci per maggiori informazioni!","robots":{"index":"index","follow":"follow","max-snippet":"max-snippet:-1","max-image-preview":"max-image-preview:large","max-video-preview":"max-video-preview:-1"},"canonical":"https:\/\/zumit.es\/it\/frullati-2\/","og_locale":"it_IT","og_type":"article","og_title":"Distributore di frullati premium | Zumit","og_description":"Zumit \u00e8 il vostro distributore di frullati premium. Scoprite le nostre ricette con base gelato alla vaniglia, perfette per l'Horeca \ud83c\udf6b Contattateci per maggiori informazioni!","og_url":"https:\/\/zumit.es\/it\/frullati-2\/","og_site_name":"Zumit","article_modified_time":"2025-07-11T10:27:48+00:00","twitter_card":"summary_large_image","twitter_misc":{"Tempo di lettura stimato":"5 minuti"},"schema":{"@context":"https:\/\/schema.org","@graph":[{"@type":"WebPage","@id":"https:\/\/zumit.es\/it\/frullati-2\/","url":"https:\/\/zumit.es\/it\/frullati-2\/","name":"Distributore di frullati premium | Zumit","isPartOf":{"@id":"https:\/\/zumit.it\/#website"},"datePublished":"2024-02-06T10:56:17+00:00","dateModified":"2025-07-11T10:27:48+00:00","description":"Zumit \u00e8 il vostro distributore di frullati premium. Scoprite le nostre ricette con base gelato alla vaniglia, perfette per l'Horeca \ud83c\udf6b Contattateci per maggiori informazioni!","breadcrumb":{"@id":"https:\/\/zumit.es\/it\/frullati-2\/#breadcrumb"},"inLanguage":"it-IT","potentialAction":[{"@type":"ReadAction","target":["https:\/\/zumit.es\/it\/frullati-2\/"]}]},{"@type":"BreadcrumbList","@id":"https:\/\/zumit.es\/it\/frullati-2\/#breadcrumb","itemListElement":[{"@type":"ListItem","position":1,"name":"Pagina iniziale","item":"https:\/\/zumit.it\/"},{"@type":"ListItem","position":2,"name":"Milkshakes"}]},{"@type":"WebSite","@id":"https:\/\/zumit.it\/#website","url":"https:\/\/zumit.it\/","name":"Zumit","description":"Fabricante y Proveedor de Smoothies, Zumos, Fruta IQF","publisher":{"@id":"https:\/\/zumit.it\/#organization"},"potentialAction":[{"@type":"SearchAction","target":{"@type":"EntryPoint","urlTemplate":"https:\/\/zumit.it\/?s={search_term_string}"},"query-input":{"@type":"PropertyValueSpecification","valueRequired":true,"valueName":"search_term_string"}}],"inLanguage":"it-IT"},{"@type":"Organization","@id":"https:\/\/zumit.it\/#organization","name":"Zumit","url":"https:\/\/zumit.it\/","logo":{"@type":"ImageObject","inLanguage":"it-IT","@id":"https:\/\/zumit.it\/#\/schema\/logo\/image\/","url":"https:\/\/zumit.es\/wp-content\/uploads\/Logos_Zumit_Gris-principal-1-1.png","contentUrl":"https:\/\/zumit.es\/wp-content\/uploads\/Logos_Zumit_Gris-principal-1-1.png","width":400,"height":167,"caption":"Zumit"},"image":{"@id":"https:\/\/zumit.it\/#\/schema\/logo\/image\/"}}]}},"_links":{"self":[{"href":"https:\/\/zumit.es\/it\/wp-json\/wp\/v2\/pages\/5233","targetHints":{"allow":["GET"]}}],"collection":[{"href":"https:\/\/zumit.es\/it\/wp-json\/wp\/v2\/pages"}],"about":[{"href":"https:\/\/zumit.es\/it\/wp-json\/wp\/v2\/types\/page"}],"author":[{"embeddable":true,"href":"https:\/\/zumit.es\/it\/wp-json\/wp\/v2\/users\/4"}],"replies":[{"embeddable":true,"href":"https:\/\/zumit.es\/it\/wp-json\/wp\/v2\/comments?post=5233"}],"version-history":[{"count":4,"href":"https:\/\/zumit.es\/it\/wp-json\/wp\/v2\/pages\/5233\/revisions"}],"predecessor-version":[{"id":17929,"href":"https:\/\/zumit.es\/it\/wp-json\/wp\/v2\/pages\/5233\/revisions\/17929"}],"wp:attachment":[{"href":"https:\/\/zumit.es\/it\/wp-json\/wp\/v2\/media?parent=5233"}],"curies":[{"name":"wp","href":"https:\/\/api.w.org\/{rel}","templated":true}]}}