{"id":5091,"date":"2023-12-28T04:38:57","date_gmt":"2023-12-28T03:38:57","guid":{"rendered":"https:\/\/zumit.es\/avviso-legale\/"},"modified":"2025-07-09T08:03:06","modified_gmt":"2025-07-09T06:03:06","slug":"avviso-legale","status":"publish","type":"page","link":"https:\/\/zumit.es\/it\/avviso-legale\/","title":{"rendered":"Avviso legale"},"content":{"rendered":"<p>[et_pb_section fb_built=&#8221;1&#8243; _builder_version=&#8221;4.20.4&#8243; _module_preset=&#8221;default&#8221; global_colors_info=&#8221;{}&#8221;][et_pb_row _builder_version=&#8221;4.20.4&#8243; _module_preset=&#8221;default&#8221; width=&#8221;85%&#8221; max_width=&#8221;2560px&#8221; custom_margin=&#8221;||||false|false&#8221; custom_padding=&#8221;0px||||false|false&#8221; locked=&#8221;off&#8221; global_colors_info=&#8221;{}&#8221;][et_pb_column type=&#8221;4_4&#8243; _builder_version=&#8221;4.20.4&#8243; _module_preset=&#8221;default&#8221; global_colors_info=&#8221;{}&#8221;][et_pb_text _builder_version=&#8221;4.27.4&#8243; _module_preset=&#8221;default&#8221; text_font=&#8221;Roca One||||||||&#8221; text_text_color=&#8221;#000000&#8243; text_font_size=&#8221;18px&#8221; header_font=&#8221;Amatic SC|700|||||||&#8221; header_3_font=&#8221;Roca One|600|||||||&#8221; header_3_text_color=&#8221;#ef7f19&#8243; hover_enabled=&#8221;0&#8243; global_colors_info=&#8221;{}&#8221; header_font_size=&#8221;57px&#8221; sticky_enabled=&#8221;0&#8243;]<\/p>\n<ol><\/ol>\n<h1 style=\"font-weight: 400;\">AVVISO LEGALE ZUMIT<\/h1>\n<p>In conformit\u00e0 con la Legge 34\/2002, dell&#8217;11 luglio, sui Servizi della Societ\u00e0 dell&#8217;Informazione e del Commercio Elettronico (LSSI-CE), SQUEEZE LIFE SL informa di essere il proprietario del sito web. In conformit\u00e0 con i requisiti dell&#8217;articolo 10 della suddetta legge, SQUEEZE LIFE SL informa dei seguenti dati: <\/p>\n<p>-Nome dell&#8217;azienda: Squeeze LIFE S.L.<\/p>\n<p>-NIF:B54287347<\/p>\n<p>-Dominio: <a href=\"https:\/\/zumit.es\">www.zumit.es<\/a><\/p>\n<p>-Indirizzo postale: Avenida Eusebio Sempere, 13-entlo, 03003, Alicante\/Alacant(Alacant)<\/p>\n<p>Indirizzo e-mail: <a href=\"mailto:sforner@zumit.es\">sforner@zumit.es<\/a><\/p>\n<p>-Telefono: 965140775<\/p>\n<p>-Numero di registrazione\/dati aggiuntivi: volume: 3245, foglio: 190, foglio: H A 109881, voce: 9.<\/p>\n<p>&nbsp;<\/p>\n<h3>Utenti e regime di responsabilit\u00e0<\/h3>\n<p>&nbsp;<\/p>\n<p>La navigazione, l&#8217;accesso e l&#8217;utilizzo del sito web di SQUEEZE LIFE SL conferiscono la condizione di utente.<\/p>\n<p>Il sito web di SQUEEZE LIFE SL fornisce un&#8217;ampia gamma di informazioni, servizi e dati. L&#8217;utente si assume la responsabilit\u00e0 dell&#8217;uso corretto del sito web. Tale responsabilit\u00e0 si estende a:  <\/p>\n<ul>\n<li>La veridicit\u00e0 e la legalit\u00e0 delle informazioni fornite dall&#8217;utente nei moduli messi a disposizione da SQUEEZE LIFE SL per accedere a determinati contenuti o servizi offerti dalla rete.<\/li>\n<\/ul>\n<p>L&#8217;uso delle informazioni, dei servizi e dei dati offerti da SQUEEZE LIFE SL in contrasto con le disposizioni delle presenti condizioni, con la legge, con il buon costume o con l&#8217;ordine pubblico, o che in qualsiasi altro modo possa comportare un danno ai diritti di terzi o al funzionamento del sito web.<\/p>\n<p>&nbsp;<\/p>\n<h3>Politica di collegamento e clausole di esclusione della responsabilit\u00e0<\/h3>\n<p>&nbsp;<\/p>\n<p>SQUEEZE LIFE SL non \u00e8 responsabile del contenuto dei siti web a cui l&#8217;utente pu\u00f2 accedere attraverso i link stabiliti sul suo sito web, a condizione che non sia effettivamente a conoscenza del fatto che l&#8217;attivit\u00e0 o l&#8217;informazione a cui rimanda o raccomanda sia illegale o che danneggi la propriet\u00e0 o i diritti di terzi passibili di risarcimento, o che, in tal caso, agisca diligentemente per rimuovere o disattivare il link corrispondente.<\/p>\n<p>Si intende che SQUEEZE LIFE SL ha la conoscenza effettiva di cui al paragrafo precedente quando un organo competente ha dichiarato l&#8217;illegalit\u00e0 dei dati, ne ha ordinato la rimozione o ne ha reso impossibile l&#8217;accesso, o \u00e8 stato informato dell&#8217;esistenza del danno, e SQUEEZE LIFE SL \u00e8 a conoscenza della relativa risoluzione, fatte salve le procedure di rilevamento e rimozione dei contenuti che SQUEEZE LIFE SL applica in virt\u00f9 di accordi volontari e altri mezzi di conoscenza effettiva che possono essere stabiliti.<\/p>\n<p>SQUEEZE LIFE SL dichiara di aver adottato tutte le misure necessarie per evitare qualsiasi danno agli utenti del suo sito web, che possa derivare dalla navigazione nel sito stesso. Di conseguenza, SQUEEZE LIFE SL non \u00e8 responsabile, in nessun caso, dei possibili danni che l&#8217;utente potrebbe subire durante la navigazione in Internet. Allo stesso modo, non garantisce la disponibilit\u00e0 tecnica, l&#8217;accuratezza, la veridicit\u00e0, la validit\u00e0 o la legalit\u00e0 dei siti esterni alla sua propriet\u00e0 a cui si pu\u00f2 accedere attraverso i link.  <\/p>\n<h3><\/h3>\n<h3><\/h3>\n<h3>Modifiche<\/h3>\n<p>&nbsp;<\/p>\n<p>SQUEEZE LIFE SL si riserva il diritto di apportare, in qualsiasi momento e senza preavviso, modifiche e aggiornamenti alle informazioni contenute nel suo sito web o nella configurazione e presentazione dello stesso. Al fine di mantenere aggiornate le informazioni pubblicate, i contenuti possono essere modificati, corretti, eliminati o aggiunti in qualsiasi momento, con qualsiasi mezzo ammesso dalla legge. <\/p>\n<h3><\/h3>\n<h3>Indicazione del prezzo<\/h3>\n<p>&nbsp;<\/p>\n<p>Nel caso in cui vengano visualizzati i prezzi di prodotti e\/o servizi, i prezzi indicati sullo schermo saranno quelli in vigore in un determinato momento. I prezzi saranno indicati in euro e comprensivi dell&#8217;Imposta sul Valore Aggiunto (IVA). Nel caso in cui l&#8217;IVA non sia inclusa nel prezzo, ci\u00f2 sar\u00e0 espressamente indicato e l&#8217;utente potr\u00e0 visualizzare il prezzo finale completo.  <\/p>\n<p>Allo stesso modo, se \u00e8 applicabile qualsiasi altra imposta, questa deve essere indicata, compreso, se del caso, l&#8217;importo di eventuali maggiorazioni o sconti applicabili all&#8217;offerta e gli eventuali costi aggiuntivi che possono essere trasferiti al consumatore o all&#8217;utente.<\/p>\n<h3><\/h3>\n<h3>Propriet\u00e0 intellettuale e industriale<\/h3>\n<p>&nbsp;<\/p>\n<p>SQUEEZE LIFE SL \u00e8 titolare, in proprio o in qualit\u00e0 di cessionario, di tutti i diritti di propriet\u00e0 intellettuale e industriale del suo sito web, nonch\u00e9 degli elementi in esso contenuti (compresi, ma non limitati a, immagini, suoni, audio, video, software o testi, marchi o loghi, combinazioni di colori, struttura e design, selezione dei materiali utilizzati, programmi informatici necessari per il suo funzionamento, accesso e utilizzo, ecc. Saranno, pertanto, opere protette come propriet\u00e0 intellettuale dall&#8217;ordinamento giuridico spagnolo, essendo ad esse applicabili sia la normativa spagnola e comunitaria in materia, sia i trattati internazionali relativi alla materia e sottoscritti dalla Spagna. <\/p>\n<p>Tutti i diritti riservati. In virt\u00f9 delle disposizioni della Legge sulla Propriet\u00e0 Intellettuale, sono espressamente vietate la riproduzione, la distribuzione e la comunicazione pubblica, compresa la modalit\u00e0 di messa a disposizione, di tutto o parte del contenuto di questo sito web, a fini commerciali, su qualsiasi supporto e con qualsiasi mezzo tecnico, senza l&#8217;autorizzazione di SQUEEZE LIFE SL.<\/p>\n<p>L&#8217;utente si impegna a rispettare i diritti di propriet\u00e0 intellettuale e industriale di SQUEEZE LIFE SL. L&#8217;utente pu\u00f2 visualizzare gli elementi del portale e anche stamparli, copiarli e conservarli sul disco rigido del proprio computer o su qualsiasi altro supporto fisico, purch\u00e9 solo ed esclusivamente per uso personale e privato. L&#8217;utente deve astenersi dal cancellare, alterare, eludere o manipolare qualsiasi dispositivo di protezione o sistema di sicurezza installato sulle pagine di SQUEEZE LIFE SL.  <\/p>\n<h3><\/h3>\n<h3>Certificato SSL (secure sockets layer)<\/h3>\n<p>&nbsp;<\/p>\n<p>Il CERTIFICATO SSL fornisce autenticazione, privacy e sicurezza delle informazioni tra SQUEEZE LIFE SL e l&#8217;utente.<\/p>\n<p>SQUEEZE LIFE SL ha un certificato di sicurezza che viene utilizzato da SSL CERTIFICATE per le connessioni sicure.<\/p>\n<p>In questo processo, vengono impostati diversi parametri per rendere sicura la connessione, che viene stabilita utilizzando chiavi prestabilite, criptando e decriptando tutti i dati inviati fino alla chiusura della connessione.<\/p>\n<h3><\/h3>\n<h3>Azione legale, legge applicabile e giurisdizione<\/h3>\n<p>&nbsp;<\/p>\n<p>Se l&#8217;utente desidera presentare un reclamo, deve contattarci via e-mail all&#8217;indirizzo <a href=\"mailto:sforner@zumit.es\">sforner@zumit.es.<\/a> Allo stesso modo, SQUEEZE LIFE SL mette a disposizione dei consumatori e degli utenti dei moduli di reclamo ufficiali. <\/p>\n<p>SQUEEZE LIFE SL. si riserva il diritto di intraprendere qualsiasi azione civile o penale che ritenga opportuna per l&#8217;uso improprio del suo sito web e dei suoi contenuti, o per la violazione delle presenti condizioni. <\/p>\n<p>Il rapporto tra l&#8217;utente e il fornitore sar\u00e0 regolato dalle norme vigenti e applicabili nel territorio spagnolo. In caso di controversie, le parti potranno sottoporle ad arbitrato o alla giurisdizione ordinaria in conformit\u00e0 con le norme sulla giurisdizione e la competenza in materia. <\/p>\n<p>I contratti conclusi per via elettronica in cui \u00e8 consumatore si presumono conclusi nel luogo in cui ha la residenza abituale.<\/p>\n<p>I contratti elettronici tra imprenditori o professionisti, in assenza di un accordo tra le parti, si presumono conclusi nel luogo in cui \u00e8 stabilito il fornitore di servizi.<\/p>\n<p>Ai sensi del Regolamento (UE) 524\/2013: Commissione Europea, vi informiamo che avete il diritto di richiedere una risoluzione extragiudiziale delle controversie dei consumatori attraverso una piattaforma di risoluzione delle controversie online, disponibile al seguente link: <a href=\"https:\/\/ec.europa.eu\/consumers\/odr\/\">https:\/\/ec.europa.eu\/consumers\/odr\/<\/a><\/p>\n<p>Ultimo aggiornamento: 27 febbraio 2025<\/p>\n<h3><\/h3>\n<p>[\/et_pb_text][\/et_pb_column][\/et_pb_row][\/et_pb_section]<\/p>\n","protected":false},"excerpt":{"rendered":"<p>[et_pb_section fb_built=&#8221;1&#8243; _builder_version=&#8221;4.20.4&#8243; _module_preset=&#8221;default&#8221; global_colors_info=&#8221;{}&#8221;][et_pb_row _builder_version=&#8221;4.20.4&#8243; _module_preset=&#8221;default&#8221; width=&#8221;85%&#8221; max_width=&#8221;2560px&#8221; custom_margin=&#8221;||||false|false&#8221; custom_padding=&#8221;0px||||false|false&#8221; locked=&#8221;off&#8221; global_colors_info=&#8221;{}&#8221;][et_pb_column type=&#8221;4_4&#8243; _builder_version=&#8221;4.20.4&#8243; _module_preset=&#8221;default&#8221; global_colors_info=&#8221;{}&#8221;][et_pb_text _builder_version=&#8221;4.27.4&#8243; _module_preset=&#8221;default&#8221; text_font=&#8221;Roca One||||||||&#8221; text_text_color=&#8221;#000000&#8243; text_font_size=&#8221;18px&#8221; header_font=&#8221;Amatic SC|700|||||||&#8221; header_3_font=&#8221;Roca One|600|||||||&#8221; header_3_text_color=&#8221;#ef7f19&#8243; hover_enabled=&#8221;0&#8243; global_colors_info=&#8221;{}&#8221; header_font_size=&#8221;57px&#8221; sticky_enabled=&#8221;0&#8243;] AVVISO LEGALE ZUMIT In conformit\u00e0 con la Legge 34\/2002, dell&#8217;11 luglio, sui Servizi della Societ\u00e0 dell&#8217;Informazione e del Commercio Elettronico (LSSI-CE), SQUEEZE LIFE [&hellip;]<\/p>\n","protected":false},"author":12,"featured_media":0,"parent":0,"menu_order":0,"comment_status":"closed","ping_status":"closed","template":"","meta":{"_acf_changed":false,"footnotes":""},"class_list":["post-5091","page","type-page","status-publish","hentry"],"acf":[],"yoast_head":"<!-- This site is optimized with the Yoast SEO plugin v27.2 - https:\/\/yoast.com\/product\/yoast-seo-wordpress\/ -->\n<title>Note legali della nostra azienda - Zumit<\/title>\n<meta name=\"description\" content=\"Questa \u00e8 la nota legale della nostra azienda, se avete domande vi preghiamo di contattarci a \ud83d\udcf2info@zumit.es o chiamando \ud83d\udcde965140775\" \/>\n<meta name=\"robots\" content=\"index, follow, max-snippet:-1, max-image-preview:large, max-video-preview:-1\" \/>\n<link rel=\"canonical\" href=\"https:\/\/zumit.es\/it\/avviso-legale\/\" \/>\n<meta property=\"og:locale\" content=\"it_IT\" \/>\n<meta property=\"og:type\" content=\"article\" \/>\n<meta property=\"og:title\" content=\"Note legali della nostra azienda - Zumit\" \/>\n<meta property=\"og:description\" content=\"Questa \u00e8 la nota legale della nostra azienda, se avete domande vi preghiamo di contattarci a \ud83d\udcf2info@zumit.es o chiamando \ud83d\udcde965140775\" \/>\n<meta property=\"og:url\" content=\"https:\/\/zumit.es\/it\/avviso-legale\/\" \/>\n<meta property=\"og:site_name\" content=\"Zumit\" \/>\n<meta property=\"article:modified_time\" content=\"2025-07-09T06:03:06+00:00\" \/>\n<meta name=\"twitter:card\" content=\"summary_large_image\" \/>\n<meta name=\"twitter:label1\" content=\"Tempo di lettura stimato\" \/>\n\t<meta name=\"twitter:data1\" content=\"6 minuti\" \/>\n<script type=\"application\/ld+json\" class=\"yoast-schema-graph\">{\"@context\":\"https:\/\/schema.org\",\"@graph\":[{\"@type\":\"WebPage\",\"@id\":\"https:\/\/zumit.es\/it\/avviso-legale\/\",\"url\":\"https:\/\/zumit.es\/it\/avviso-legale\/\",\"name\":\"Note legali della nostra azienda - Zumit\",\"isPartOf\":{\"@id\":\"https:\/\/zumit.it\/#website\"},\"datePublished\":\"2023-12-28T03:38:57+00:00\",\"dateModified\":\"2025-07-09T06:03:06+00:00\",\"description\":\"Questa \u00e8 la nota legale della nostra azienda, se avete domande vi preghiamo di contattarci a \ud83d\udcf2info@zumit.es o chiamando \ud83d\udcde965140775\",\"breadcrumb\":{\"@id\":\"https:\/\/zumit.es\/it\/avviso-legale\/#breadcrumb\"},\"inLanguage\":\"it-IT\",\"potentialAction\":[{\"@type\":\"ReadAction\",\"target\":[\"https:\/\/zumit.es\/it\/avviso-legale\/\"]}]},{\"@type\":\"BreadcrumbList\",\"@id\":\"https:\/\/zumit.es\/it\/avviso-legale\/#breadcrumb\",\"itemListElement\":[{\"@type\":\"ListItem\",\"position\":1,\"name\":\"Pagina iniziale\",\"item\":\"https:\/\/zumit.it\/\"},{\"@type\":\"ListItem\",\"position\":2,\"name\":\"Avviso legale\"}]},{\"@type\":\"WebSite\",\"@id\":\"https:\/\/zumit.it\/#website\",\"url\":\"https:\/\/zumit.it\/\",\"name\":\"Zumit\",\"description\":\"Fabricante y Proveedor de Smoothies, Zumos, Fruta IQF\",\"publisher\":{\"@id\":\"https:\/\/zumit.it\/#organization\"},\"potentialAction\":[{\"@type\":\"SearchAction\",\"target\":{\"@type\":\"EntryPoint\",\"urlTemplate\":\"https:\/\/zumit.it\/?s={search_term_string}\"},\"query-input\":{\"@type\":\"PropertyValueSpecification\",\"valueRequired\":true,\"valueName\":\"search_term_string\"}}],\"inLanguage\":\"it-IT\"},{\"@type\":\"Organization\",\"@id\":\"https:\/\/zumit.it\/#organization\",\"name\":\"Zumit\",\"url\":\"https:\/\/zumit.it\/\",\"logo\":{\"@type\":\"ImageObject\",\"inLanguage\":\"it-IT\",\"@id\":\"https:\/\/zumit.it\/#\/schema\/logo\/image\/\",\"url\":\"https:\/\/zumit.es\/wp-content\/uploads\/Logos_Zumit_Gris-principal-1-1.png\",\"contentUrl\":\"https:\/\/zumit.es\/wp-content\/uploads\/Logos_Zumit_Gris-principal-1-1.png\",\"width\":400,\"height\":167,\"caption\":\"Zumit\"},\"image\":{\"@id\":\"https:\/\/zumit.it\/#\/schema\/logo\/image\/\"}}]}<\/script>\n<!-- \/ Yoast SEO plugin. -->","yoast_head_json":{"title":"Note legali della nostra azienda - Zumit","description":"Questa \u00e8 la nota legale della nostra azienda, se avete domande vi preghiamo di contattarci a \ud83d\udcf2info@zumit.es o chiamando \ud83d\udcde965140775","robots":{"index":"index","follow":"follow","max-snippet":"max-snippet:-1","max-image-preview":"max-image-preview:large","max-video-preview":"max-video-preview:-1"},"canonical":"https:\/\/zumit.es\/it\/avviso-legale\/","og_locale":"it_IT","og_type":"article","og_title":"Note legali della nostra azienda - Zumit","og_description":"Questa \u00e8 la nota legale della nostra azienda, se avete domande vi preghiamo di contattarci a \ud83d\udcf2info@zumit.es o chiamando \ud83d\udcde965140775","og_url":"https:\/\/zumit.es\/it\/avviso-legale\/","og_site_name":"Zumit","article_modified_time":"2025-07-09T06:03:06+00:00","twitter_card":"summary_large_image","twitter_misc":{"Tempo di lettura stimato":"6 minuti"},"schema":{"@context":"https:\/\/schema.org","@graph":[{"@type":"WebPage","@id":"https:\/\/zumit.es\/it\/avviso-legale\/","url":"https:\/\/zumit.es\/it\/avviso-legale\/","name":"Note legali della nostra azienda - Zumit","isPartOf":{"@id":"https:\/\/zumit.it\/#website"},"datePublished":"2023-12-28T03:38:57+00:00","dateModified":"2025-07-09T06:03:06+00:00","description":"Questa \u00e8 la nota legale della nostra azienda, se avete domande vi preghiamo di contattarci a \ud83d\udcf2info@zumit.es o chiamando \ud83d\udcde965140775","breadcrumb":{"@id":"https:\/\/zumit.es\/it\/avviso-legale\/#breadcrumb"},"inLanguage":"it-IT","potentialAction":[{"@type":"ReadAction","target":["https:\/\/zumit.es\/it\/avviso-legale\/"]}]},{"@type":"BreadcrumbList","@id":"https:\/\/zumit.es\/it\/avviso-legale\/#breadcrumb","itemListElement":[{"@type":"ListItem","position":1,"name":"Pagina iniziale","item":"https:\/\/zumit.it\/"},{"@type":"ListItem","position":2,"name":"Avviso legale"}]},{"@type":"WebSite","@id":"https:\/\/zumit.it\/#website","url":"https:\/\/zumit.it\/","name":"Zumit","description":"Fabricante y Proveedor de Smoothies, Zumos, Fruta IQF","publisher":{"@id":"https:\/\/zumit.it\/#organization"},"potentialAction":[{"@type":"SearchAction","target":{"@type":"EntryPoint","urlTemplate":"https:\/\/zumit.it\/?s={search_term_string}"},"query-input":{"@type":"PropertyValueSpecification","valueRequired":true,"valueName":"search_term_string"}}],"inLanguage":"it-IT"},{"@type":"Organization","@id":"https:\/\/zumit.it\/#organization","name":"Zumit","url":"https:\/\/zumit.it\/","logo":{"@type":"ImageObject","inLanguage":"it-IT","@id":"https:\/\/zumit.it\/#\/schema\/logo\/image\/","url":"https:\/\/zumit.es\/wp-content\/uploads\/Logos_Zumit_Gris-principal-1-1.png","contentUrl":"https:\/\/zumit.es\/wp-content\/uploads\/Logos_Zumit_Gris-principal-1-1.png","width":400,"height":167,"caption":"Zumit"},"image":{"@id":"https:\/\/zumit.it\/#\/schema\/logo\/image\/"}}]}},"_links":{"self":[{"href":"https:\/\/zumit.es\/it\/wp-json\/wp\/v2\/pages\/5091","targetHints":{"allow":["GET"]}}],"collection":[{"href":"https:\/\/zumit.es\/it\/wp-json\/wp\/v2\/pages"}],"about":[{"href":"https:\/\/zumit.es\/it\/wp-json\/wp\/v2\/types\/page"}],"author":[{"embeddable":true,"href":"https:\/\/zumit.es\/it\/wp-json\/wp\/v2\/users\/12"}],"replies":[{"embeddable":true,"href":"https:\/\/zumit.es\/it\/wp-json\/wp\/v2\/comments?post=5091"}],"version-history":[{"count":12,"href":"https:\/\/zumit.es\/it\/wp-json\/wp\/v2\/pages\/5091\/revisions"}],"predecessor-version":[{"id":17204,"href":"https:\/\/zumit.es\/it\/wp-json\/wp\/v2\/pages\/5091\/revisions\/17204"}],"wp:attachment":[{"href":"https:\/\/zumit.es\/it\/wp-json\/wp\/v2\/media?parent=5091"}],"curies":[{"name":"wp","href":"https:\/\/api.w.org\/{rel}","templated":true}]}}