{"id":12981,"date":"2025-04-04T09:19:14","date_gmt":"2025-04-04T07:19:14","guid":{"rendered":"https:\/\/zumit.es\/informativa-sulla-privacy-dei-social-media\/"},"modified":"2025-04-07T09:21:06","modified_gmt":"2025-04-07T07:21:06","slug":"informativa-sulla-privacy-dei-social-media","status":"publish","type":"page","link":"https:\/\/zumit.es\/it\/informativa-sulla-privacy-dei-social-media\/","title":{"rendered":"INFORMATIVA SULLA PRIVACY DEI SOCIAL MEDIA"},"content":{"rendered":"<p>[et_pb_section fb_built=&#8221;1&#8243; _builder_version=&#8221;4.20.4&#8243; _module_preset=&#8221;default&#8221; global_colors_info=&#8221;{}&#8221;][et_pb_row _builder_version=&#8221;4.20.4&#8243; _module_preset=&#8221;default&#8221; width=&#8221;85%&#8221; max_width=&#8221;2560px&#8221; custom_margin=&#8221;||||false|false&#8221; custom_padding=&#8221;0px||||false|false&#8221; locked=&#8221;off&#8221; global_colors_info=&#8221;{}&#8221;][et_pb_column type=&#8221;4_4&#8243; _builder_version=&#8221;4.20.4&#8243; _module_preset=&#8221;default&#8221; global_colors_info=&#8221;{}&#8221;][et_pb_text _builder_version=&#8221;4.27.4&#8243; _module_preset=&#8221;default&#8221; text_font=&#8221;Roca One||||||||&#8221; text_text_color=&#8221;#000000&#8243; text_font_size=&#8221;18px&#8221; header_font=&#8221;AmaticSC Regular|700|||||||&#8221; header_3_font=&#8221;Roca One||||||||&#8221; header_3_text_color=&#8221;#ef7f19&#8243; hover_enabled=&#8221;0&#8243; global_colors_info=&#8221;{}&#8221; header_font_size=&#8221;40px&#8221; sticky_enabled=&#8221;0&#8243;]<\/p>\n<h1>INFORMATIVA SULLA PRIVACY DEI SOCIAL MEDIA<\/h1>\n<p>In conformit\u00e0 alle disposizioni della normativa vigente e applicabile in materia di protezione dei dati personali e della Legge 34\/2002, dell&#8217;11 luglio, sui Servizi della Societ\u00e0 dell&#8217;Informazione e del Commercio Elettronico (LSSI-CE), SQUEEZE LIFE SL informa gli utenti che ha proceduto alla creazione di un profilo sui Social Network Facebook, X, Instagram, Pinterest, Linkedin, con lo scopo principale di pubblicizzare i propri prodotti e servizi.<\/p>\n<p>&nbsp;<\/p>\n<p>Dettagli di SQUEEZE LIFE SL:<\/p>\n<ul>\n<li>NIF: B54287347<\/li>\n<li>Indirizzo: Avenida Eusebio Sempere, 13-entlo, 03003, Alicante\/Alacant (Alacant).<\/li>\n<li>Indirizzo e-mail: <a href=\"mailto:sforner@zumit.es\">sforner@zumit.es<\/a><\/li>\n<\/ul>\n<p>L&#8217;utente ha un profilo sullo stesso Social Network e ha deciso di iscriversi alla pagina creata da SQUEEZE LIFE SL, dimostrando cos\u00ec interesse per le informazioni che vengono pubblicizzate sul Network. Iscrivendosi alla nostra pagina, l&#8217;utente d\u00e0 il suo consenso al trattamento dei dati personali pubblicati nel suo profilo. <\/p>\n<p>L&#8217;utente pu\u00f2 accedere in qualsiasi momento alle politiche sulla privacy del social network e configurare il proprio profilo per garantire la propria privacy.<\/p>\n<p>SQUEEZE LIFE SL ha accesso ed elabora informazioni pubbliche sull&#8217;utente, in particolare il suo nome di contatto. Questi dati vengono utilizzati solo all&#8217;interno del social network stesso. Non vengono incorporati in nessun sistema di elaborazione.  <\/p>\n<h3><\/h3>\n<h3>Diritti degli interessati<\/h3>\n<p>In relazione ai diritti di accesso, rettifica, limitazione del trattamento, cancellazione, portabilit\u00e0 e opposizione al trattamento dei dati personali, di cui l&#8217;utente dispone e che pu\u00f2 esercitare presso SQUEEZE LIFE SL, ai sensi del RGPD, deve tenere conto delle seguenti sfumature:<\/p>\n<ul>\n<li>Accesso alle informazioni del profilo pubblico.<\/li>\n<li>Pubblicazione nel profilo dell&#8217;utente di tutte le informazioni gi\u00e0 pubblicate sul sito web di SQUEEZE LIFE SL.<\/li>\n<li>Inviare messaggi personali e individuali attraverso i canali dei social network.<\/li>\n<li>Aggiornamenti di stato della pagina da pubblicare sul profilo dell&#8217;utente.<\/li>\n<\/ul>\n<p>Potete sempre controllare le vostre connessioni, eliminare i contenuti che non vi interessano pi\u00f9 e limitare le persone con cui condividete le vostre connessioni accedendo alle vostre impostazioni sulla privacy.<\/p>\n<h3><\/h3>\n<h3>Pubblicazioni<\/h3>\n<p>L&#8217;utente, una volta iscritto alla pagina di SQUEEZE LIFE SL, potr\u00e0 pubblicare commenti, link, immagini o fotografie o qualsiasi altro tipo di contenuto multimediale supportato dal Social Network. L&#8217;utente, in tutti i casi, deve essere il proprietario degli stessi, possedere i diritti d&#8217;autore e di propriet\u00e0 intellettuale o avere il consenso dei terzi interessati. \u00c8 espressamente vietata qualsiasi pubblicazione sul sito, sia di testi, grafici, fotografie, video, ecc. che tentino o possano violare la morale, l&#8217;etica, il buon gusto o il decoro, e\/o infrangere, violare o trasgredire i diritti di propriet\u00e0 intellettuale o industriale, il diritto all&#8217;immagine o la legge. In questi casi, SQUEEZE LIFE SL si riserva il diritto di rimuovere immediatamente il contenuto, e pu\u00f2 richiedere il blocco permanente dell&#8217;utente.   <\/p>\n<p>SQUEEZE LIFE SL non sar\u00e0 responsabile dei contenuti che un utente ha pubblicato liberamente. L&#8217;utente deve tenere presente che le sue pubblicazioni saranno conosciute da altri utenti, quindi \u00e8 lui stesso il principale responsabile della sua privacy. <\/p>\n<p>Le immagini che possono essere pubblicate sulla pagina non saranno archiviate in nessun sistema di elaborazione da parte di SQUEEZE LIFE SL, ma rimarranno sul Social Network.<\/p>\n<h3><\/h3>\n<h3>Concorsi e promozioni<\/h3>\n<p>SQUEEZE LIFE SL. si riserva il diritto di realizzare concorsi e promozioni, a cui l&#8217;utente pu\u00f2 partecipare in allegato alla sua pagina. Le basi di ciascuno di essi, quando si utilizza la piattaforma di Social Network per questo scopo, saranno pubblicate sulla stessa. Sempre nel rispetto della LSSI-CE e di qualsiasi altra normativa applicabile.   <\/p>\n<p>The Social Network non sponsorizza, appoggia o amministra in alcun modo le nostre promozioni, n\u00e9 \u00e8 associato ad esse.<\/p>\n<h3><\/h3>\n<h3>Pubblicit\u00e0<\/h3>\n<p>SQUEEZE LIFE SL utilizzer\u00e0 il Social Network per pubblicizzare i propri prodotti e servizi; in ogni caso, se si decide di trattare i propri dati di contatto per attivit\u00e0 di marketing diretto, sar\u00e0 sempre in conformit\u00e0 con i requisiti legali della normativa sulla protezione dei dati della LSSI-CE.<\/p>\n<p>Consigliare il sito web di SQUEEZE LIFE SL ad altri utenti affinch\u00e9 possano usufruire di promozioni o essere informati sulla sua attivit\u00e0 non sar\u00e0 considerato pubblicit\u00e0.<\/p>\n<p>Di seguito \u00e8 riportato il link all&#8217;informativa sulla privacy del social network:<\/p>\n<ul>\n<li>Facebook:<a href=\"https:\/\/eses.facebook.com\/privacy\/explanation\">https:\/\/eses.facebook.com\/privacy\/explanation<\/a><\/li>\n<li>X: <a href=\"https:\/\/x.com\/es\/privacy\">https<span role=\"presentation\" dir=\"ltr\">:\/\/x.com\/es\/privacy<\/span><\/a><\/li>\n<li>Instagram:<a href=\"http:\/\/instagram.com\/about\/legal\/privacy\/\">http:\/\/instagram.com\/about\/legal\/privacy\/<\/a><\/li>\n<li>Pinterest: <a href=\"https:\/\/policy.pinterest.com\/es\/privacy-policy\">https:\/\/policy.pinterest.com\/es\/privacy-policy<\/a><\/li>\n<li>Linkedin: <a href=\"https:\/\/es.linkedin.com\/legal\/privacy-policy\">https:\/\/es.linkedin.com\/legal\/privacy-policy<\/a><\/li>\n<\/ul>\n<p>Ultimo aggiornamento: 27 febbraio 2025<\/p>\n<p>[\/et_pb_text][\/et_pb_column][\/et_pb_row][\/et_pb_section]<\/p>\n","protected":false},"excerpt":{"rendered":"<p>[et_pb_section fb_built=&#8221;1&#8243; _builder_version=&#8221;4.20.4&#8243; _module_preset=&#8221;default&#8221; global_colors_info=&#8221;{}&#8221;][et_pb_row _builder_version=&#8221;4.20.4&#8243; _module_preset=&#8221;default&#8221; width=&#8221;85%&#8221; max_width=&#8221;2560px&#8221; custom_margin=&#8221;||||false|false&#8221; custom_padding=&#8221;0px||||false|false&#8221; locked=&#8221;off&#8221; global_colors_info=&#8221;{}&#8221;][et_pb_column type=&#8221;4_4&#8243; _builder_version=&#8221;4.20.4&#8243; _module_preset=&#8221;default&#8221; global_colors_info=&#8221;{}&#8221;][et_pb_text _builder_version=&#8221;4.27.4&#8243; _module_preset=&#8221;default&#8221; text_font=&#8221;Roca One||||||||&#8221; text_text_color=&#8221;#000000&#8243; text_font_size=&#8221;18px&#8221; header_font=&#8221;AmaticSC Regular|700|||||||&#8221; header_3_font=&#8221;Roca One||||||||&#8221; header_3_text_color=&#8221;#ef7f19&#8243; hover_enabled=&#8221;0&#8243; global_colors_info=&#8221;{}&#8221; header_font_size=&#8221;40px&#8221; sticky_enabled=&#8221;0&#8243;] INFORMATIVA SULLA PRIVACY DEI SOCIAL MEDIA In conformit\u00e0 alle disposizioni della normativa vigente e applicabile in materia di protezione dei dati personali e [&hellip;]<\/p>\n","protected":false},"author":4,"featured_media":0,"parent":0,"menu_order":0,"comment_status":"closed","ping_status":"closed","template":"","meta":{"_acf_changed":false,"footnotes":""},"class_list":["post-12981","page","type-page","status-publish","hentry"],"acf":[],"yoast_head":"<!-- This site is optimized with the Yoast SEO plugin v27.2 - https:\/\/yoast.com\/product\/yoast-seo-wordpress\/ -->\n<title>INFORMATIVA SULLA PRIVACY DEI SOCIAL MEDIA - Zumit<\/title>\n<meta name=\"robots\" content=\"index, follow, max-snippet:-1, max-image-preview:large, max-video-preview:-1\" \/>\n<link rel=\"canonical\" href=\"https:\/\/zumit.es\/it\/informativa-sulla-privacy-dei-social-media\/\" \/>\n<meta property=\"og:locale\" content=\"it_IT\" \/>\n<meta property=\"og:type\" content=\"article\" \/>\n<meta property=\"og:title\" content=\"INFORMATIVA SULLA PRIVACY DEI SOCIAL MEDIA - Zumit\" \/>\n<meta property=\"og:description\" content=\"[et_pb_section fb_built=&#8221;1&#8243; _builder_version=&#8221;4.20.4&#8243; _module_preset=&#8221;default&#8221; global_colors_info=&#8221;{}&#8221;][et_pb_row _builder_version=&#8221;4.20.4&#8243; _module_preset=&#8221;default&#8221; width=&#8221;85%&#8221; max_width=&#8221;2560px&#8221; custom_margin=&#8221;||||false|false&#8221; custom_padding=&#8221;0px||||false|false&#8221; locked=&#8221;off&#8221; global_colors_info=&#8221;{}&#8221;][et_pb_column type=&#8221;4_4&#8243; _builder_version=&#8221;4.20.4&#8243; _module_preset=&#8221;default&#8221; global_colors_info=&#8221;{}&#8221;][et_pb_text _builder_version=&#8221;4.27.4&#8243; _module_preset=&#8221;default&#8221; text_font=&#8221;Roca One||||||||&#8221; text_text_color=&#8221;#000000&#8243; text_font_size=&#8221;18px&#8221; header_font=&#8221;AmaticSC Regular|700|||||||&#8221; header_3_font=&#8221;Roca One||||||||&#8221; header_3_text_color=&#8221;#ef7f19&#8243; hover_enabled=&#8221;0&#8243; global_colors_info=&#8221;{}&#8221; header_font_size=&#8221;40px&#8221; sticky_enabled=&#8221;0&#8243;] INFORMATIVA SULLA PRIVACY DEI SOCIAL MEDIA In conformit\u00e0 alle disposizioni della normativa vigente e applicabile in materia di protezione dei dati personali e [&hellip;]\" \/>\n<meta property=\"og:url\" content=\"https:\/\/zumit.es\/it\/informativa-sulla-privacy-dei-social-media\/\" \/>\n<meta property=\"og:site_name\" content=\"Zumit\" \/>\n<meta property=\"article:modified_time\" content=\"2025-04-07T07:21:06+00:00\" \/>\n<meta name=\"twitter:card\" content=\"summary_large_image\" \/>\n<meta name=\"twitter:label1\" content=\"Tempo di lettura stimato\" \/>\n\t<meta name=\"twitter:data1\" content=\"4 minuti\" \/>\n<script type=\"application\/ld+json\" class=\"yoast-schema-graph\">{\"@context\":\"https:\/\/schema.org\",\"@graph\":[{\"@type\":\"WebPage\",\"@id\":\"https:\/\/zumit.es\/it\/informativa-sulla-privacy-dei-social-media\/\",\"url\":\"https:\/\/zumit.es\/it\/informativa-sulla-privacy-dei-social-media\/\",\"name\":\"INFORMATIVA SULLA PRIVACY DEI SOCIAL MEDIA - Zumit\",\"isPartOf\":{\"@id\":\"https:\/\/zumit.it\/#website\"},\"datePublished\":\"2025-04-04T07:19:14+00:00\",\"dateModified\":\"2025-04-07T07:21:06+00:00\",\"breadcrumb\":{\"@id\":\"https:\/\/zumit.es\/it\/informativa-sulla-privacy-dei-social-media\/#breadcrumb\"},\"inLanguage\":\"it-IT\",\"potentialAction\":[{\"@type\":\"ReadAction\",\"target\":[\"https:\/\/zumit.es\/it\/informativa-sulla-privacy-dei-social-media\/\"]}]},{\"@type\":\"BreadcrumbList\",\"@id\":\"https:\/\/zumit.es\/it\/informativa-sulla-privacy-dei-social-media\/#breadcrumb\",\"itemListElement\":[{\"@type\":\"ListItem\",\"position\":1,\"name\":\"Pagina iniziale\",\"item\":\"https:\/\/zumit.it\/\"},{\"@type\":\"ListItem\",\"position\":2,\"name\":\"INFORMATIVA SULLA PRIVACY DEI SOCIAL MEDIA\"}]},{\"@type\":\"WebSite\",\"@id\":\"https:\/\/zumit.it\/#website\",\"url\":\"https:\/\/zumit.it\/\",\"name\":\"Zumit\",\"description\":\"Fabricante y Proveedor de Smoothies, Zumos, Fruta IQF\",\"publisher\":{\"@id\":\"https:\/\/zumit.it\/#organization\"},\"potentialAction\":[{\"@type\":\"SearchAction\",\"target\":{\"@type\":\"EntryPoint\",\"urlTemplate\":\"https:\/\/zumit.it\/?s={search_term_string}\"},\"query-input\":{\"@type\":\"PropertyValueSpecification\",\"valueRequired\":true,\"valueName\":\"search_term_string\"}}],\"inLanguage\":\"it-IT\"},{\"@type\":\"Organization\",\"@id\":\"https:\/\/zumit.it\/#organization\",\"name\":\"Zumit\",\"url\":\"https:\/\/zumit.it\/\",\"logo\":{\"@type\":\"ImageObject\",\"inLanguage\":\"it-IT\",\"@id\":\"https:\/\/zumit.it\/#\/schema\/logo\/image\/\",\"url\":\"https:\/\/zumit.es\/wp-content\/uploads\/Logos_Zumit_Gris-principal-1-1.png\",\"contentUrl\":\"https:\/\/zumit.es\/wp-content\/uploads\/Logos_Zumit_Gris-principal-1-1.png\",\"width\":400,\"height\":167,\"caption\":\"Zumit\"},\"image\":{\"@id\":\"https:\/\/zumit.it\/#\/schema\/logo\/image\/\"}}]}<\/script>\n<!-- \/ Yoast SEO plugin. -->","yoast_head_json":{"title":"INFORMATIVA SULLA PRIVACY DEI SOCIAL MEDIA - Zumit","robots":{"index":"index","follow":"follow","max-snippet":"max-snippet:-1","max-image-preview":"max-image-preview:large","max-video-preview":"max-video-preview:-1"},"canonical":"https:\/\/zumit.es\/it\/informativa-sulla-privacy-dei-social-media\/","og_locale":"it_IT","og_type":"article","og_title":"INFORMATIVA SULLA PRIVACY DEI SOCIAL MEDIA - Zumit","og_description":"[et_pb_section fb_built=&#8221;1&#8243; _builder_version=&#8221;4.20.4&#8243; _module_preset=&#8221;default&#8221; global_colors_info=&#8221;{}&#8221;][et_pb_row _builder_version=&#8221;4.20.4&#8243; _module_preset=&#8221;default&#8221; width=&#8221;85%&#8221; max_width=&#8221;2560px&#8221; custom_margin=&#8221;||||false|false&#8221; custom_padding=&#8221;0px||||false|false&#8221; locked=&#8221;off&#8221; global_colors_info=&#8221;{}&#8221;][et_pb_column type=&#8221;4_4&#8243; _builder_version=&#8221;4.20.4&#8243; _module_preset=&#8221;default&#8221; global_colors_info=&#8221;{}&#8221;][et_pb_text _builder_version=&#8221;4.27.4&#8243; _module_preset=&#8221;default&#8221; text_font=&#8221;Roca One||||||||&#8221; text_text_color=&#8221;#000000&#8243; text_font_size=&#8221;18px&#8221; header_font=&#8221;AmaticSC Regular|700|||||||&#8221; header_3_font=&#8221;Roca One||||||||&#8221; header_3_text_color=&#8221;#ef7f19&#8243; hover_enabled=&#8221;0&#8243; global_colors_info=&#8221;{}&#8221; header_font_size=&#8221;40px&#8221; sticky_enabled=&#8221;0&#8243;] INFORMATIVA SULLA PRIVACY DEI SOCIAL MEDIA In conformit\u00e0 alle disposizioni della normativa vigente e applicabile in materia di protezione dei dati personali e [&hellip;]","og_url":"https:\/\/zumit.es\/it\/informativa-sulla-privacy-dei-social-media\/","og_site_name":"Zumit","article_modified_time":"2025-04-07T07:21:06+00:00","twitter_card":"summary_large_image","twitter_misc":{"Tempo di lettura stimato":"4 minuti"},"schema":{"@context":"https:\/\/schema.org","@graph":[{"@type":"WebPage","@id":"https:\/\/zumit.es\/it\/informativa-sulla-privacy-dei-social-media\/","url":"https:\/\/zumit.es\/it\/informativa-sulla-privacy-dei-social-media\/","name":"INFORMATIVA SULLA PRIVACY DEI SOCIAL MEDIA - Zumit","isPartOf":{"@id":"https:\/\/zumit.it\/#website"},"datePublished":"2025-04-04T07:19:14+00:00","dateModified":"2025-04-07T07:21:06+00:00","breadcrumb":{"@id":"https:\/\/zumit.es\/it\/informativa-sulla-privacy-dei-social-media\/#breadcrumb"},"inLanguage":"it-IT","potentialAction":[{"@type":"ReadAction","target":["https:\/\/zumit.es\/it\/informativa-sulla-privacy-dei-social-media\/"]}]},{"@type":"BreadcrumbList","@id":"https:\/\/zumit.es\/it\/informativa-sulla-privacy-dei-social-media\/#breadcrumb","itemListElement":[{"@type":"ListItem","position":1,"name":"Pagina iniziale","item":"https:\/\/zumit.it\/"},{"@type":"ListItem","position":2,"name":"INFORMATIVA SULLA PRIVACY DEI SOCIAL MEDIA"}]},{"@type":"WebSite","@id":"https:\/\/zumit.it\/#website","url":"https:\/\/zumit.it\/","name":"Zumit","description":"Fabricante y Proveedor de Smoothies, Zumos, Fruta IQF","publisher":{"@id":"https:\/\/zumit.it\/#organization"},"potentialAction":[{"@type":"SearchAction","target":{"@type":"EntryPoint","urlTemplate":"https:\/\/zumit.it\/?s={search_term_string}"},"query-input":{"@type":"PropertyValueSpecification","valueRequired":true,"valueName":"search_term_string"}}],"inLanguage":"it-IT"},{"@type":"Organization","@id":"https:\/\/zumit.it\/#organization","name":"Zumit","url":"https:\/\/zumit.it\/","logo":{"@type":"ImageObject","inLanguage":"it-IT","@id":"https:\/\/zumit.it\/#\/schema\/logo\/image\/","url":"https:\/\/zumit.es\/wp-content\/uploads\/Logos_Zumit_Gris-principal-1-1.png","contentUrl":"https:\/\/zumit.es\/wp-content\/uploads\/Logos_Zumit_Gris-principal-1-1.png","width":400,"height":167,"caption":"Zumit"},"image":{"@id":"https:\/\/zumit.it\/#\/schema\/logo\/image\/"}}]}},"_links":{"self":[{"href":"https:\/\/zumit.es\/it\/wp-json\/wp\/v2\/pages\/12981","targetHints":{"allow":["GET"]}}],"collection":[{"href":"https:\/\/zumit.es\/it\/wp-json\/wp\/v2\/pages"}],"about":[{"href":"https:\/\/zumit.es\/it\/wp-json\/wp\/v2\/types\/page"}],"author":[{"embeddable":true,"href":"https:\/\/zumit.es\/it\/wp-json\/wp\/v2\/users\/4"}],"replies":[{"embeddable":true,"href":"https:\/\/zumit.es\/it\/wp-json\/wp\/v2\/comments?post=12981"}],"version-history":[{"count":0,"href":"https:\/\/zumit.es\/it\/wp-json\/wp\/v2\/pages\/12981\/revisions"}],"wp:attachment":[{"href":"https:\/\/zumit.es\/it\/wp-json\/wp\/v2\/media?parent=12981"}],"curies":[{"name":"wp","href":"https:\/\/api.w.org\/{rel}","templated":true}]}}