{"id":6893,"date":"2024-04-19T11:04:35","date_gmt":"2024-04-19T09:04:35","guid":{"rendered":"https:\/\/zumit.es\/productos\/berries-paradise-2\/"},"modified":"2024-05-23T11:23:59","modified_gmt":"2024-05-23T09:23:59","slug":"berries-paradise-2","status":"publish","type":"product","link":"https:\/\/zumit.es\/fr\/produits\/berries-paradise-2\/","title":{"rendered":"Berries Paradise"},"content":{"rendered":"<p>Berries Paradise de Zumit est une combinaison d\u00e9licieuse et nutritive qui capture l&rsquo;essence des baies et des fruits tropicaux, le tout dans un emballage pratique de trois sachets de 150g. Ce m\u00e9lange de fraises, de myrtilles, de mangues et d&rsquo;a\u00e7a\u00ed est parfait pour ceux qui souhaitent d\u00e9guster un d\u00e9licieux smoothie plein d&rsquo;antioxydants, de vitamines et de min\u00e9raux, id\u00e9al pour commencer la journ\u00e9e avec de l&rsquo;\u00e9nergie ou comme en-cas sain entre les repas.<\/p>\n<p>Les fraises et les myrtilles offrent non seulement une couleur rouge intense et un go\u00fbt sucr\u00e9 avec une pointe d&rsquo;amertume, mais elles sont \u00e9galement connues pour leurs propri\u00e9t\u00e9s antioxydantes, qui aident \u00e0 lutter contre les radicaux libres dans l&rsquo;organisme. La mangue, avec sa douceur tropicale et sa texture cr\u00e9meuse, ajoute de la richesse au smoothie et constitue une excellente source de vitamine C et de fibres. L&rsquo;a\u00e7a\u00ed, un superaliment r\u00e9put\u00e9 pour sa teneur \u00e9lev\u00e9e en antioxydants, en om\u00e9ga-3 et en fibres, compl\u00e8te ce m\u00e9lange, offrant un profil nutritionnel robuste et un go\u00fbt unique qui rehausse l&rsquo;exp\u00e9rience de consommation des smoothies.<\/p>\n<p>Tous les ingr\u00e9dients contenus dans Berries Paradise sont 100 % naturels et subissent un processus IQF. Cette m\u00e9thode garantit que les fruits conservent leur saveur, leur couleur et la plupart de leurs nutriments, sans ajout de conservateurs ou de colorants. La surg\u00e9lation permet \u00e0 chaque smoothie pr\u00e9par\u00e9 de conserver la m\u00eame fra\u00eecheur et la m\u00eame qualit\u00e9 que si les fruits venaient d&rsquo;\u00eatre cueillis et mix\u00e9s.<\/p>\n<p>Pr\u00e9parer un smoothie avec Berries Paradise est incroyablement facile : il suffit de vider le contenu d&rsquo;un sachet dans votre mixeur, d&rsquo;ajouter du jus de pomme, de mixer et de d\u00e9guster. Cette facilit\u00e9 de pr\u00e9paration fait de Berries Paradise un choix id\u00e9al \u00e0 tout moment de la journ\u00e9e, vous permettant de profiter d&rsquo;un produit sain, rafra\u00eechissant et d\u00e9licieusement rassasiant sans aucun souci.<\/p>\n<p>Berries Paradise de Zumit n&rsquo;est pas seulement un plaisir pour le palais, mais aussi un soutien pour votre sant\u00e9, vous permettant de profiter des bienfaits des fruits dans le confort et le style. L&rsquo;int\u00e9grer dans votre routine quotidienne est un pas simple vers un mode de vie plus sain et plus savoureux.<\/p>\n","protected":false},"excerpt":{"rendered":"<p>Paquet de 3 smoothies de 150g\/u de fraise, myrtille, mangue et a\u00e7a\u00ed.<\/p>\n","protected":false},"featured_media":24569,"comment_status":"open","ping_status":"closed","template":"","meta":{"_acf_changed":false},"product_brand":[],"product_cat":[413,677],"product_tag":[],"class_list":{"0":"post-6893","1":"product","2":"type-product","3":"status-publish","4":"has-post-thumbnail","6":"product_cat-produits","7":"product_cat-retail-fr","9":"first","10":"instock","11":"taxable","12":"shipping-taxable","13":"product-type-simple"},"acf":[],"yoast_head":"<!-- This site is optimized with the Yoast SEO plugin v27.2 - https:\/\/yoast.com\/product\/yoast-seo-wordpress\/ -->\n<title>Berries Paradise - Zumit<\/title>\n<meta name=\"description\" content=\"Plongez dans Berries Paradise de Zumit : un m\u00e9lange de fraises, de myrtilles, de mangues et d&#039;a\u00e7a\u00ed dans des sachets pratiques pour des smoothies naturels.\" \/>\n<meta name=\"robots\" content=\"index, follow, max-snippet:-1, max-image-preview:large, max-video-preview:-1\" \/>\n<link rel=\"canonical\" href=\"https:\/\/zumit.es\/fr\/produits\/berries-paradise-2\/\" \/>\n<meta property=\"og:locale\" content=\"fr_FR\" \/>\n<meta property=\"og:type\" content=\"article\" \/>\n<meta property=\"og:title\" content=\"Berries Paradise - Zumit\" \/>\n<meta property=\"og:description\" content=\"Plongez dans Berries Paradise de Zumit : un m\u00e9lange de fraises, de myrtilles, de mangues et d&#039;a\u00e7a\u00ed dans des sachets pratiques pour des smoothies naturels.\" \/>\n<meta property=\"og:url\" content=\"https:\/\/zumit.es\/fr\/produits\/berries-paradise-2\/\" \/>\n<meta property=\"og:site_name\" content=\"Zumit\" \/>\n<meta property=\"article:modified_time\" content=\"2024-05-23T09:23:59+00:00\" \/>\n<meta property=\"og:image\" content=\"https:\/\/zumit.fr\/wp-content\/uploads\/RETAIL-BERRIES-PARADISE.webp\" \/>\n\t<meta property=\"og:image:width\" content=\"2048\" \/>\n\t<meta property=\"og:image:height\" content=\"1365\" \/>\n\t<meta property=\"og:image:type\" content=\"image\/webp\" \/>\n<meta name=\"twitter:card\" content=\"summary_large_image\" \/>\n<meta name=\"twitter:label1\" content=\"Dur\u00e9e de lecture estim\u00e9e\" \/>\n\t<meta name=\"twitter:data1\" content=\"2 minutes\" \/>\n<script type=\"application\/ld+json\" class=\"yoast-schema-graph\">{\"@context\":\"https:\/\/schema.org\",\"@graph\":[{\"@type\":\"WebPage\",\"@id\":\"https:\/\/zumit.es\/fr\/produits\/berries-paradise-2\/\",\"url\":\"https:\/\/zumit.es\/fr\/produits\/berries-paradise-2\/\",\"name\":\"Berries Paradise - Zumit\",\"isPartOf\":{\"@id\":\"https:\/\/zumit.it\/#website\"},\"primaryImageOfPage\":{\"@id\":\"https:\/\/zumit.es\/fr\/produits\/berries-paradise-2\/#primaryimage\"},\"image\":{\"@id\":\"https:\/\/zumit.es\/fr\/produits\/berries-paradise-2\/#primaryimage\"},\"thumbnailUrl\":\"https:\/\/zumit.es\/wp-content\/uploads\/2024\/04\/RETAIL-BERRIES-PARADISE.jpg\",\"datePublished\":\"2024-04-19T09:04:35+00:00\",\"dateModified\":\"2024-05-23T09:23:59+00:00\",\"description\":\"Plongez dans Berries Paradise de Zumit : un m\u00e9lange de fraises, de myrtilles, de mangues et d'a\u00e7a\u00ed dans des sachets pratiques pour des smoothies naturels.\",\"breadcrumb\":{\"@id\":\"https:\/\/zumit.es\/fr\/produits\/berries-paradise-2\/#breadcrumb\"},\"inLanguage\":\"fr-FR\",\"potentialAction\":[{\"@type\":\"ReadAction\",\"target\":[\"https:\/\/zumit.es\/fr\/produits\/berries-paradise-2\/\"]}]},{\"@type\":\"ImageObject\",\"inLanguage\":\"fr-FR\",\"@id\":\"https:\/\/zumit.es\/fr\/produits\/berries-paradise-2\/#primaryimage\",\"url\":\"https:\/\/zumit.es\/wp-content\/uploads\/2024\/04\/RETAIL-BERRIES-PARADISE.jpg\",\"contentUrl\":\"https:\/\/zumit.es\/wp-content\/uploads\/2024\/04\/RETAIL-BERRIES-PARADISE.jpg\",\"width\":800,\"height\":800,\"caption\":\"Smoothie Berries Paradise de Zumit- Caja de 3 unidades de fresa, mango, ar\u00e1ndanos y cereza para la elaboraci\u00f3n de smoothies en casa\"},{\"@type\":\"BreadcrumbList\",\"@id\":\"https:\/\/zumit.es\/fr\/produits\/berries-paradise-2\/#breadcrumb\",\"itemListElement\":[{\"@type\":\"ListItem\",\"position\":1,\"name\":\"Page d'accueil\",\"item\":\"https:\/\/zumit.fr\/\"},{\"@type\":\"ListItem\",\"position\":2,\"name\":\"Produits\",\"item\":\"https:\/\/zumit.fr\/produits\/\"},{\"@type\":\"ListItem\",\"position\":3,\"name\":\"Berries Paradise\"}]},{\"@type\":\"WebSite\",\"@id\":\"https:\/\/zumit.it\/#website\",\"url\":\"https:\/\/zumit.it\/\",\"name\":\"Zumit\",\"description\":\"Fabricante y Proveedor de Smoothies, Zumos, Fruta IQF\",\"publisher\":{\"@id\":\"https:\/\/zumit.it\/#organization\"},\"potentialAction\":[{\"@type\":\"SearchAction\",\"target\":{\"@type\":\"EntryPoint\",\"urlTemplate\":\"https:\/\/zumit.it\/?s={search_term_string}\"},\"query-input\":{\"@type\":\"PropertyValueSpecification\",\"valueRequired\":true,\"valueName\":\"search_term_string\"}}],\"inLanguage\":\"fr-FR\"},{\"@type\":\"Organization\",\"@id\":\"https:\/\/zumit.it\/#organization\",\"name\":\"Zumit\",\"url\":\"https:\/\/zumit.it\/\",\"logo\":{\"@type\":\"ImageObject\",\"inLanguage\":\"fr-FR\",\"@id\":\"https:\/\/zumit.it\/#\/schema\/logo\/image\/\",\"url\":\"https:\/\/zumit.es\/wp-content\/uploads\/Logos_Zumit_Gris-principal-1-1.png\",\"contentUrl\":\"https:\/\/zumit.es\/wp-content\/uploads\/Logos_Zumit_Gris-principal-1-1.png\",\"width\":400,\"height\":167,\"caption\":\"Zumit\"},\"image\":{\"@id\":\"https:\/\/zumit.it\/#\/schema\/logo\/image\/\"}}]}<\/script>\n<!-- \/ Yoast SEO plugin. -->","yoast_head_json":{"title":"Berries Paradise - Zumit","description":"Plongez dans Berries Paradise de Zumit : un m\u00e9lange de fraises, de myrtilles, de mangues et d'a\u00e7a\u00ed dans des sachets pratiques pour des smoothies naturels.","robots":{"index":"index","follow":"follow","max-snippet":"max-snippet:-1","max-image-preview":"max-image-preview:large","max-video-preview":"max-video-preview:-1"},"canonical":"https:\/\/zumit.es\/fr\/produits\/berries-paradise-2\/","og_locale":"fr_FR","og_type":"article","og_title":"Berries Paradise - Zumit","og_description":"Plongez dans Berries Paradise de Zumit : un m\u00e9lange de fraises, de myrtilles, de mangues et d'a\u00e7a\u00ed dans des sachets pratiques pour des smoothies naturels.","og_url":"https:\/\/zumit.es\/fr\/produits\/berries-paradise-2\/","og_site_name":"Zumit","article_modified_time":"2024-05-23T09:23:59+00:00","og_image":[{"width":2048,"height":1365,"url":"https:\/\/zumit.fr\/wp-content\/uploads\/RETAIL-BERRIES-PARADISE.webp","type":"image\/webp"}],"twitter_card":"summary_large_image","twitter_misc":{"Dur\u00e9e de lecture estim\u00e9e":"2 minutes"},"schema":{"@context":"https:\/\/schema.org","@graph":[{"@type":"WebPage","@id":"https:\/\/zumit.es\/fr\/produits\/berries-paradise-2\/","url":"https:\/\/zumit.es\/fr\/produits\/berries-paradise-2\/","name":"Berries Paradise - Zumit","isPartOf":{"@id":"https:\/\/zumit.it\/#website"},"primaryImageOfPage":{"@id":"https:\/\/zumit.es\/fr\/produits\/berries-paradise-2\/#primaryimage"},"image":{"@id":"https:\/\/zumit.es\/fr\/produits\/berries-paradise-2\/#primaryimage"},"thumbnailUrl":"https:\/\/zumit.es\/wp-content\/uploads\/2024\/04\/RETAIL-BERRIES-PARADISE.jpg","datePublished":"2024-04-19T09:04:35+00:00","dateModified":"2024-05-23T09:23:59+00:00","description":"Plongez dans Berries Paradise de Zumit : un m\u00e9lange de fraises, de myrtilles, de mangues et d'a\u00e7a\u00ed dans des sachets pratiques pour des smoothies naturels.","breadcrumb":{"@id":"https:\/\/zumit.es\/fr\/produits\/berries-paradise-2\/#breadcrumb"},"inLanguage":"fr-FR","potentialAction":[{"@type":"ReadAction","target":["https:\/\/zumit.es\/fr\/produits\/berries-paradise-2\/"]}]},{"@type":"ImageObject","inLanguage":"fr-FR","@id":"https:\/\/zumit.es\/fr\/produits\/berries-paradise-2\/#primaryimage","url":"https:\/\/zumit.es\/wp-content\/uploads\/2024\/04\/RETAIL-BERRIES-PARADISE.jpg","contentUrl":"https:\/\/zumit.es\/wp-content\/uploads\/2024\/04\/RETAIL-BERRIES-PARADISE.jpg","width":800,"height":800,"caption":"Smoothie Berries Paradise de Zumit- Caja de 3 unidades de fresa, mango, ar\u00e1ndanos y cereza para la elaboraci\u00f3n de smoothies en casa"},{"@type":"BreadcrumbList","@id":"https:\/\/zumit.es\/fr\/produits\/berries-paradise-2\/#breadcrumb","itemListElement":[{"@type":"ListItem","position":1,"name":"Page d'accueil","item":"https:\/\/zumit.fr\/"},{"@type":"ListItem","position":2,"name":"Produits","item":"https:\/\/zumit.fr\/produits\/"},{"@type":"ListItem","position":3,"name":"Berries Paradise"}]},{"@type":"WebSite","@id":"https:\/\/zumit.it\/#website","url":"https:\/\/zumit.it\/","name":"Zumit","description":"Fabricante y Proveedor de Smoothies, Zumos, Fruta IQF","publisher":{"@id":"https:\/\/zumit.it\/#organization"},"potentialAction":[{"@type":"SearchAction","target":{"@type":"EntryPoint","urlTemplate":"https:\/\/zumit.it\/?s={search_term_string}"},"query-input":{"@type":"PropertyValueSpecification","valueRequired":true,"valueName":"search_term_string"}}],"inLanguage":"fr-FR"},{"@type":"Organization","@id":"https:\/\/zumit.it\/#organization","name":"Zumit","url":"https:\/\/zumit.it\/","logo":{"@type":"ImageObject","inLanguage":"fr-FR","@id":"https:\/\/zumit.it\/#\/schema\/logo\/image\/","url":"https:\/\/zumit.es\/wp-content\/uploads\/Logos_Zumit_Gris-principal-1-1.png","contentUrl":"https:\/\/zumit.es\/wp-content\/uploads\/Logos_Zumit_Gris-principal-1-1.png","width":400,"height":167,"caption":"Zumit"},"image":{"@id":"https:\/\/zumit.it\/#\/schema\/logo\/image\/"}}]}},"_links":{"self":[{"href":"https:\/\/zumit.es\/fr\/wp-json\/wp\/v2\/product\/6893","targetHints":{"allow":["GET"]}}],"collection":[{"href":"https:\/\/zumit.es\/fr\/wp-json\/wp\/v2\/product"}],"about":[{"href":"https:\/\/zumit.es\/fr\/wp-json\/wp\/v2\/types\/product"}],"replies":[{"embeddable":true,"href":"https:\/\/zumit.es\/fr\/wp-json\/wp\/v2\/comments?post=6893"}],"version-history":[{"count":0,"href":"https:\/\/zumit.es\/fr\/wp-json\/wp\/v2\/product\/6893\/revisions"}],"wp:featuredmedia":[{"embeddable":true,"href":"https:\/\/zumit.es\/fr\/wp-json\/wp\/v2\/media\/24569"}],"wp:attachment":[{"href":"https:\/\/zumit.es\/fr\/wp-json\/wp\/v2\/media?parent=6893"}],"wp:term":[{"taxonomy":"product_brand","embeddable":true,"href":"https:\/\/zumit.es\/fr\/wp-json\/wp\/v2\/product_brand?post=6893"},{"taxonomy":"product_cat","embeddable":true,"href":"https:\/\/zumit.es\/fr\/wp-json\/wp\/v2\/product_cat?post=6893"},{"taxonomy":"product_tag","embeddable":true,"href":"https:\/\/zumit.es\/fr\/wp-json\/wp\/v2\/product_tag?post=6893"}],"curies":[{"name":"wp","href":"https:\/\/api.w.org\/{rel}","templated":true}]}}