{"id":6890,"date":"2024-04-19T11:17:41","date_gmt":"2024-04-19T09:17:41","guid":{"rendered":"https:\/\/zumit.es\/productos\/colada-jungle-2\/"},"modified":"2024-05-23T11:30:33","modified_gmt":"2024-05-23T09:30:33","slug":"colada-jungle-2","status":"publish","type":"product","link":"https:\/\/zumit.es\/fr\/produits\/colada-jungle-2\/","title":{"rendered":"Colada Jungle"},"content":{"rendered":"<p>Colada Jungle de Zumit vous invite \u00e0 vous immerger dans une oasis tropicale \u00e0 chaque gorg\u00e9e. Ce paquet sp\u00e9cial comprend trois sachets de 150 g, chacun charg\u00e9 d&rsquo;un d\u00e9licieux m\u00e9lange de bananes, de noix de coco et d&rsquo;ananas, des ingr\u00e9dients qui se combinent pour cr\u00e9er un smoothie non seulement rafra\u00eechissant, mais aussi nutritif et extr\u00eamement savoureux.<\/p>\n<p>La banane, connue pour sa douceur naturelle et sa texture cr\u00e9meuse, constitue une base riche parfaite pour tout smoothie. C&rsquo;est une excellente source de fibres et de potassium, un min\u00e9ral essentiel qui contribue au maintien d&rsquo;une fonction musculaire et nerveuse saine. La noix de coco ajoute une touche exotique et fournit des graisses saines, connues pour leurs bienfaits pour le cerveau et une \u00e9nergie soutenue. Enfin, l&rsquo;ananas ne se contente pas d&rsquo;intensifier cette rencontre tropicale par sa douceur juteuse et son acidit\u00e9, il apporte \u00e9galement de la vitamine C et de la brom\u00e9la\u00efne, une enzyme qui favorise la digestion et r\u00e9duit l&rsquo;inflammation.<\/p>\n<p>Chaque ingr\u00e9dient de Colada Jungle est 100 % naturel et a subi un processus IQF pour pr\u00e9server toutes ses propri\u00e9t\u00e9s nutritionnelles et sa fra\u00eecheur, sans ajout de conservateurs ou de colorants. Ce processus garantit que chaque smoothie que vous pr\u00e9parez conserve non seulement le go\u00fbt et la qualit\u00e9 authentiques des fruits frais, mais qu&rsquo;il est \u00e9galement bon pour la sant\u00e9.<\/p>\n<p>Pr\u00e9parer un smoothie avec Colada Jungle est incroyablement facile. Il suffit de verser le contenu d&rsquo;un sachet dans votre moulin, d&rsquo;ajouter du jus de pomme, de moudre et de d\u00e9guster. Il est parfait pour un petit-d\u00e9jeuner rapide, un dessert sain ou un en-cas revitalisant \u00e0 tout moment de la journ\u00e9e.<\/p>\n<p>Le Colada Jungle de Zumit est plus qu&rsquo;un smoothie, c&rsquo;est une exp\u00e9rience tropicale dont vous pouvez profiter dans le confort de votre maison. Que vous soyez \u00e0 la recherche d&rsquo;une boisson qui vous transporte mentalement vers les plages ensoleill\u00e9es ou que vous souhaitiez simplement un regain d&rsquo;\u00e9nergie, Colada Jungle est le choix id\u00e9al.<\/p>\n","protected":false},"excerpt":{"rendered":"<p>Paquet de 3 smoothies de 150g\/u de banane, noix de coco et ananas.<\/p>\n","protected":false},"featured_media":24590,"comment_status":"open","ping_status":"closed","template":"","meta":{"_acf_changed":false},"product_brand":[],"product_cat":[413,677],"product_tag":[],"class_list":{"0":"post-6890","1":"product","2":"type-product","3":"status-publish","4":"has-post-thumbnail","6":"product_cat-produits","7":"product_cat-retail-fr","9":"first","10":"instock","11":"taxable","12":"shipping-taxable","13":"product-type-simple"},"acf":[],"yoast_head":"<!-- This site is optimized with the Yoast SEO plugin v27.2 - https:\/\/yoast.com\/product\/yoast-seo-wordpress\/ -->\n<title>Colada Jungle - Zumit<\/title>\n<meta name=\"description\" content=\"D\u00e9couvrez le go\u00fbt tropical avec Colada Jungle de Zumit : un m\u00e9lange parfait de banane, de noix de coco et d&#039;ananas dans des sachets pr\u00eats \u00e0 l&#039;emploi.\" \/>\n<meta name=\"robots\" content=\"index, follow, max-snippet:-1, max-image-preview:large, max-video-preview:-1\" \/>\n<link rel=\"canonical\" href=\"https:\/\/zumit.es\/fr\/produits\/colada-jungle-2\/\" \/>\n<meta property=\"og:locale\" content=\"fr_FR\" \/>\n<meta property=\"og:type\" content=\"article\" \/>\n<meta property=\"og:title\" content=\"Colada Jungle - Zumit\" \/>\n<meta property=\"og:description\" content=\"D\u00e9couvrez le go\u00fbt tropical avec Colada Jungle de Zumit : un m\u00e9lange parfait de banane, de noix de coco et d&#039;ananas dans des sachets pr\u00eats \u00e0 l&#039;emploi.\" \/>\n<meta property=\"og:url\" content=\"https:\/\/zumit.es\/fr\/produits\/colada-jungle-2\/\" \/>\n<meta property=\"og:site_name\" content=\"Zumit\" \/>\n<meta property=\"article:modified_time\" content=\"2024-05-23T09:30:33+00:00\" \/>\n<meta property=\"og:image\" content=\"https:\/\/zumit.fr\/wp-content\/uploads\/RETAIL-COLADA-JUNGLE.webp\" \/>\n\t<meta property=\"og:image:width\" content=\"2048\" \/>\n\t<meta property=\"og:image:height\" content=\"1365\" \/>\n\t<meta property=\"og:image:type\" content=\"image\/webp\" \/>\n<meta name=\"twitter:card\" content=\"summary_large_image\" \/>\n<meta name=\"twitter:label1\" content=\"Dur\u00e9e de lecture estim\u00e9e\" \/>\n\t<meta name=\"twitter:data1\" content=\"2 minutes\" \/>\n<script type=\"application\/ld+json\" class=\"yoast-schema-graph\">{\"@context\":\"https:\/\/schema.org\",\"@graph\":[{\"@type\":\"WebPage\",\"@id\":\"https:\/\/zumit.es\/fr\/produits\/colada-jungle-2\/\",\"url\":\"https:\/\/zumit.es\/fr\/produits\/colada-jungle-2\/\",\"name\":\"Colada Jungle - Zumit\",\"isPartOf\":{\"@id\":\"https:\/\/zumit.it\/#website\"},\"primaryImageOfPage\":{\"@id\":\"https:\/\/zumit.es\/fr\/produits\/colada-jungle-2\/#primaryimage\"},\"image\":{\"@id\":\"https:\/\/zumit.es\/fr\/produits\/colada-jungle-2\/#primaryimage\"},\"thumbnailUrl\":\"https:\/\/zumit.es\/wp-content\/uploads\/2024\/04\/RETAIL-COLADA-JUNGLE.jpg\",\"datePublished\":\"2024-04-19T09:17:41+00:00\",\"dateModified\":\"2024-05-23T09:30:33+00:00\",\"description\":\"D\u00e9couvrez le go\u00fbt tropical avec Colada Jungle de Zumit : un m\u00e9lange parfait de banane, de noix de coco et d'ananas dans des sachets pr\u00eats \u00e0 l'emploi.\",\"breadcrumb\":{\"@id\":\"https:\/\/zumit.es\/fr\/produits\/colada-jungle-2\/#breadcrumb\"},\"inLanguage\":\"fr-FR\",\"potentialAction\":[{\"@type\":\"ReadAction\",\"target\":[\"https:\/\/zumit.es\/fr\/produits\/colada-jungle-2\/\"]}]},{\"@type\":\"ImageObject\",\"inLanguage\":\"fr-FR\",\"@id\":\"https:\/\/zumit.es\/fr\/produits\/colada-jungle-2\/#primaryimage\",\"url\":\"https:\/\/zumit.es\/wp-content\/uploads\/2024\/04\/RETAIL-COLADA-JUNGLE.jpg\",\"contentUrl\":\"https:\/\/zumit.es\/wp-content\/uploads\/2024\/04\/RETAIL-COLADA-JUNGLE.jpg\",\"width\":800,\"height\":800,\"caption\":\"Smoothie Colada Jungle de Zumit- Caja de 3 unidades de coco, pl\u00e1tano y pi\u00f1a para la elaboraci\u00f3n de smoothies en casa\"},{\"@type\":\"BreadcrumbList\",\"@id\":\"https:\/\/zumit.es\/fr\/produits\/colada-jungle-2\/#breadcrumb\",\"itemListElement\":[{\"@type\":\"ListItem\",\"position\":1,\"name\":\"Page d'accueil\",\"item\":\"https:\/\/zumit.fr\/\"},{\"@type\":\"ListItem\",\"position\":2,\"name\":\"Produits\",\"item\":\"https:\/\/zumit.fr\/produits\/\"},{\"@type\":\"ListItem\",\"position\":3,\"name\":\"Colada Jungle\"}]},{\"@type\":\"WebSite\",\"@id\":\"https:\/\/zumit.it\/#website\",\"url\":\"https:\/\/zumit.it\/\",\"name\":\"Zumit\",\"description\":\"Fabricante y Proveedor de Smoothies, Zumos, Fruta IQF\",\"publisher\":{\"@id\":\"https:\/\/zumit.it\/#organization\"},\"potentialAction\":[{\"@type\":\"SearchAction\",\"target\":{\"@type\":\"EntryPoint\",\"urlTemplate\":\"https:\/\/zumit.it\/?s={search_term_string}\"},\"query-input\":{\"@type\":\"PropertyValueSpecification\",\"valueRequired\":true,\"valueName\":\"search_term_string\"}}],\"inLanguage\":\"fr-FR\"},{\"@type\":\"Organization\",\"@id\":\"https:\/\/zumit.it\/#organization\",\"name\":\"Zumit\",\"url\":\"https:\/\/zumit.it\/\",\"logo\":{\"@type\":\"ImageObject\",\"inLanguage\":\"fr-FR\",\"@id\":\"https:\/\/zumit.it\/#\/schema\/logo\/image\/\",\"url\":\"https:\/\/zumit.es\/wp-content\/uploads\/Logos_Zumit_Gris-principal-1-1.png\",\"contentUrl\":\"https:\/\/zumit.es\/wp-content\/uploads\/Logos_Zumit_Gris-principal-1-1.png\",\"width\":400,\"height\":167,\"caption\":\"Zumit\"},\"image\":{\"@id\":\"https:\/\/zumit.it\/#\/schema\/logo\/image\/\"}}]}<\/script>\n<!-- \/ Yoast SEO plugin. -->","yoast_head_json":{"title":"Colada Jungle - Zumit","description":"D\u00e9couvrez le go\u00fbt tropical avec Colada Jungle de Zumit : un m\u00e9lange parfait de banane, de noix de coco et d'ananas dans des sachets pr\u00eats \u00e0 l'emploi.","robots":{"index":"index","follow":"follow","max-snippet":"max-snippet:-1","max-image-preview":"max-image-preview:large","max-video-preview":"max-video-preview:-1"},"canonical":"https:\/\/zumit.es\/fr\/produits\/colada-jungle-2\/","og_locale":"fr_FR","og_type":"article","og_title":"Colada Jungle - Zumit","og_description":"D\u00e9couvrez le go\u00fbt tropical avec Colada Jungle de Zumit : un m\u00e9lange parfait de banane, de noix de coco et d'ananas dans des sachets pr\u00eats \u00e0 l'emploi.","og_url":"https:\/\/zumit.es\/fr\/produits\/colada-jungle-2\/","og_site_name":"Zumit","article_modified_time":"2024-05-23T09:30:33+00:00","og_image":[{"width":2048,"height":1365,"url":"https:\/\/zumit.fr\/wp-content\/uploads\/RETAIL-COLADA-JUNGLE.webp","type":"image\/webp"}],"twitter_card":"summary_large_image","twitter_misc":{"Dur\u00e9e de lecture estim\u00e9e":"2 minutes"},"schema":{"@context":"https:\/\/schema.org","@graph":[{"@type":"WebPage","@id":"https:\/\/zumit.es\/fr\/produits\/colada-jungle-2\/","url":"https:\/\/zumit.es\/fr\/produits\/colada-jungle-2\/","name":"Colada Jungle - Zumit","isPartOf":{"@id":"https:\/\/zumit.it\/#website"},"primaryImageOfPage":{"@id":"https:\/\/zumit.es\/fr\/produits\/colada-jungle-2\/#primaryimage"},"image":{"@id":"https:\/\/zumit.es\/fr\/produits\/colada-jungle-2\/#primaryimage"},"thumbnailUrl":"https:\/\/zumit.es\/wp-content\/uploads\/2024\/04\/RETAIL-COLADA-JUNGLE.jpg","datePublished":"2024-04-19T09:17:41+00:00","dateModified":"2024-05-23T09:30:33+00:00","description":"D\u00e9couvrez le go\u00fbt tropical avec Colada Jungle de Zumit : un m\u00e9lange parfait de banane, de noix de coco et d'ananas dans des sachets pr\u00eats \u00e0 l'emploi.","breadcrumb":{"@id":"https:\/\/zumit.es\/fr\/produits\/colada-jungle-2\/#breadcrumb"},"inLanguage":"fr-FR","potentialAction":[{"@type":"ReadAction","target":["https:\/\/zumit.es\/fr\/produits\/colada-jungle-2\/"]}]},{"@type":"ImageObject","inLanguage":"fr-FR","@id":"https:\/\/zumit.es\/fr\/produits\/colada-jungle-2\/#primaryimage","url":"https:\/\/zumit.es\/wp-content\/uploads\/2024\/04\/RETAIL-COLADA-JUNGLE.jpg","contentUrl":"https:\/\/zumit.es\/wp-content\/uploads\/2024\/04\/RETAIL-COLADA-JUNGLE.jpg","width":800,"height":800,"caption":"Smoothie Colada Jungle de Zumit- Caja de 3 unidades de coco, pl\u00e1tano y pi\u00f1a para la elaboraci\u00f3n de smoothies en casa"},{"@type":"BreadcrumbList","@id":"https:\/\/zumit.es\/fr\/produits\/colada-jungle-2\/#breadcrumb","itemListElement":[{"@type":"ListItem","position":1,"name":"Page d'accueil","item":"https:\/\/zumit.fr\/"},{"@type":"ListItem","position":2,"name":"Produits","item":"https:\/\/zumit.fr\/produits\/"},{"@type":"ListItem","position":3,"name":"Colada Jungle"}]},{"@type":"WebSite","@id":"https:\/\/zumit.it\/#website","url":"https:\/\/zumit.it\/","name":"Zumit","description":"Fabricante y Proveedor de Smoothies, Zumos, Fruta IQF","publisher":{"@id":"https:\/\/zumit.it\/#organization"},"potentialAction":[{"@type":"SearchAction","target":{"@type":"EntryPoint","urlTemplate":"https:\/\/zumit.it\/?s={search_term_string}"},"query-input":{"@type":"PropertyValueSpecification","valueRequired":true,"valueName":"search_term_string"}}],"inLanguage":"fr-FR"},{"@type":"Organization","@id":"https:\/\/zumit.it\/#organization","name":"Zumit","url":"https:\/\/zumit.it\/","logo":{"@type":"ImageObject","inLanguage":"fr-FR","@id":"https:\/\/zumit.it\/#\/schema\/logo\/image\/","url":"https:\/\/zumit.es\/wp-content\/uploads\/Logos_Zumit_Gris-principal-1-1.png","contentUrl":"https:\/\/zumit.es\/wp-content\/uploads\/Logos_Zumit_Gris-principal-1-1.png","width":400,"height":167,"caption":"Zumit"},"image":{"@id":"https:\/\/zumit.it\/#\/schema\/logo\/image\/"}}]}},"_links":{"self":[{"href":"https:\/\/zumit.es\/fr\/wp-json\/wp\/v2\/product\/6890","targetHints":{"allow":["GET"]}}],"collection":[{"href":"https:\/\/zumit.es\/fr\/wp-json\/wp\/v2\/product"}],"about":[{"href":"https:\/\/zumit.es\/fr\/wp-json\/wp\/v2\/types\/product"}],"replies":[{"embeddable":true,"href":"https:\/\/zumit.es\/fr\/wp-json\/wp\/v2\/comments?post=6890"}],"version-history":[{"count":0,"href":"https:\/\/zumit.es\/fr\/wp-json\/wp\/v2\/product\/6890\/revisions"}],"wp:featuredmedia":[{"embeddable":true,"href":"https:\/\/zumit.es\/fr\/wp-json\/wp\/v2\/media\/24590"}],"wp:attachment":[{"href":"https:\/\/zumit.es\/fr\/wp-json\/wp\/v2\/media?parent=6890"}],"wp:term":[{"taxonomy":"product_brand","embeddable":true,"href":"https:\/\/zumit.es\/fr\/wp-json\/wp\/v2\/product_brand?post=6890"},{"taxonomy":"product_cat","embeddable":true,"href":"https:\/\/zumit.es\/fr\/wp-json\/wp\/v2\/product_cat?post=6890"},{"taxonomy":"product_tag","embeddable":true,"href":"https:\/\/zumit.es\/fr\/wp-json\/wp\/v2\/product_tag?post=6890"}],"curies":[{"name":"wp","href":"https:\/\/api.w.org\/{rel}","templated":true}]}}