{"id":5364,"date":"2024-02-07T12:12:20","date_gmt":"2024-02-07T11:12:20","guid":{"rendered":"https:\/\/zumit.es\/productos\/mocha\/"},"modified":"2025-11-26T09:30:17","modified_gmt":"2025-11-26T08:30:17","slug":"mocha","status":"publish","type":"product","link":"https:\/\/zumit.es\/fr\/produits\/mocha\/","title":{"rendered":"Mocha"},"content":{"rendered":"<p>Plongez dans une exp\u00e9rience gustative incomparable avec le Mocha Frapp\u00e9 de Zumit. Une boisson glac\u00e9e qui allie la richesse du chocolat noir, l&rsquo;intensit\u00e9 du caf\u00e9 et l&rsquo;onctuosit\u00e9 du lait, le tout dans un m\u00e9lange parfaitement \u00e9quilibr\u00e9 pr\u00eat \u00e0 \u00eatre d\u00e9gust\u00e9 en un clin d&rsquo;\u0153il.<\/p>\n<p>Chaque bo\u00eete contient 20 sachets unidoses de 140 g, m\u00e9ticuleusement con\u00e7us pour offrir la perfection dans chaque pr\u00e9paration. Les pastilles de frappe, qui repr\u00e9sentent 75 % du m\u00e9lange, sont une base cr\u00e9meuse contenant de l&rsquo;eau, du lait entier en poudre, du fructose, de la gomme xanthane, du sel et une touche d&rsquo;ar\u00f4me naturel de vanille. Le chocolat noir, pr\u00e9sent \u00e0 hauteur de 15 %, ajoute une profondeur riche et s\u00e9duisante, compl\u00e9t\u00e9e par la force et l&rsquo;ar\u00f4me de la pastille de caf\u00e9, qui occupe 10 % du m\u00e9lange.<\/p>\n<p>Les sachets monodoses sont id\u00e9aux pour s&rsquo;assurer que chaque Mocha Frapp\u00e9 que vous pr\u00e9parez a la consistance et la saveur parfaites, faisant de votre pause caf\u00e9 un moment sp\u00e9cial.<\/p>\n<p>Allerg\u00e8nes: lait, soja, traces de bl\u00e9.<\/p>\n<p>PRODUIT NON DISPONIBLE POUR LES PARTICULIERS<\/p>\n","protected":false},"excerpt":{"rendered":"<p>Chocolat noir et caf\u00e9.<\/p>\n","protected":false},"featured_media":12059,"comment_status":"open","ping_status":"closed","template":"","meta":{"_acf_changed":false},"product_brand":[],"product_cat":[429,414,413],"product_tag":[],"class_list":{"0":"post-5364","1":"product","2":"type-product","3":"status-publish","4":"has-post-thumbnail","6":"product_cat-b2b-fr-2","7":"product_cat-frappes-fr-p","8":"product_cat-produits","10":"first","11":"instock","12":"taxable","13":"shipping-taxable","14":"purchasable","15":"product-type-simple"},"acf":[],"yoast_head":"<!-- This site is optimized with the Yoast SEO plugin v27.2 - https:\/\/yoast.com\/product\/yoast-seo-wordpress\/ -->\n<title>Mocha - Zumit<\/title>\n<meta name=\"robots\" content=\"index, follow, max-snippet:-1, max-image-preview:large, max-video-preview:-1\" \/>\n<link rel=\"canonical\" href=\"https:\/\/zumit.es\/fr\/produits\/mocha\/\" \/>\n<meta property=\"og:locale\" content=\"fr_FR\" \/>\n<meta property=\"og:type\" content=\"article\" \/>\n<meta property=\"og:title\" content=\"Mocha - Zumit\" \/>\n<meta property=\"og:description\" content=\"Chocolat noir et caf\u00e9.\" \/>\n<meta property=\"og:url\" content=\"https:\/\/zumit.es\/fr\/produits\/mocha\/\" \/>\n<meta property=\"og:site_name\" content=\"Zumit\" \/>\n<meta property=\"article:modified_time\" content=\"2025-11-26T08:30:17+00:00\" \/>\n<meta property=\"og:image\" content=\"https:\/\/zumit.fr\/wp-content\/uploads\/mocha-milkshake.jpg\" \/>\n\t<meta property=\"og:image:width\" content=\"2048\" \/>\n\t<meta property=\"og:image:height\" content=\"1364\" \/>\n\t<meta property=\"og:image:type\" content=\"image\/jpeg\" \/>\n<meta name=\"twitter:card\" content=\"summary_large_image\" \/>\n<meta name=\"twitter:label1\" content=\"Dur\u00e9e de lecture estim\u00e9e\" \/>\n\t<meta name=\"twitter:data1\" content=\"1 minute\" \/>\n<script type=\"application\/ld+json\" class=\"yoast-schema-graph\">{\"@context\":\"https:\/\/schema.org\",\"@graph\":[{\"@type\":\"WebPage\",\"@id\":\"https:\/\/zumit.es\/fr\/produits\/mocha\/\",\"url\":\"https:\/\/zumit.es\/fr\/produits\/mocha\/\",\"name\":\"Mocha - Zumit\",\"isPartOf\":{\"@id\":\"https:\/\/zumit.it\/#website\"},\"primaryImageOfPage\":{\"@id\":\"https:\/\/zumit.es\/fr\/produits\/mocha\/#primaryimage\"},\"image\":{\"@id\":\"https:\/\/zumit.es\/fr\/produits\/mocha\/#primaryimage\"},\"thumbnailUrl\":\"https:\/\/zumit.es\/wp-content\/uploads\/mocha-milkshake.jpg\",\"datePublished\":\"2024-02-07T11:12:20+00:00\",\"dateModified\":\"2025-11-26T08:30:17+00:00\",\"breadcrumb\":{\"@id\":\"https:\/\/zumit.es\/fr\/produits\/mocha\/#breadcrumb\"},\"inLanguage\":\"fr-FR\",\"potentialAction\":[{\"@type\":\"ReadAction\",\"target\":[\"https:\/\/zumit.es\/fr\/produits\/mocha\/\"]}]},{\"@type\":\"ImageObject\",\"inLanguage\":\"fr-FR\",\"@id\":\"https:\/\/zumit.es\/fr\/produits\/mocha\/#primaryimage\",\"url\":\"https:\/\/zumit.es\/wp-content\/uploads\/mocha-milkshake.jpg\",\"contentUrl\":\"https:\/\/zumit.es\/wp-content\/uploads\/mocha-milkshake.jpg\",\"width\":2048,\"height\":1364},{\"@type\":\"BreadcrumbList\",\"@id\":\"https:\/\/zumit.es\/fr\/produits\/mocha\/#breadcrumb\",\"itemListElement\":[{\"@type\":\"ListItem\",\"position\":1,\"name\":\"Page d'accueil\",\"item\":\"https:\/\/zumit.fr\/\"},{\"@type\":\"ListItem\",\"position\":2,\"name\":\"Produits\",\"item\":\"https:\/\/zumit.fr\/produits\/\"},{\"@type\":\"ListItem\",\"position\":3,\"name\":\"Mocha\"}]},{\"@type\":\"WebSite\",\"@id\":\"https:\/\/zumit.it\/#website\",\"url\":\"https:\/\/zumit.it\/\",\"name\":\"Zumit\",\"description\":\"Fabricante y Proveedor de Smoothies, Zumos, Fruta IQF\",\"publisher\":{\"@id\":\"https:\/\/zumit.it\/#organization\"},\"potentialAction\":[{\"@type\":\"SearchAction\",\"target\":{\"@type\":\"EntryPoint\",\"urlTemplate\":\"https:\/\/zumit.it\/?s={search_term_string}\"},\"query-input\":{\"@type\":\"PropertyValueSpecification\",\"valueRequired\":true,\"valueName\":\"search_term_string\"}}],\"inLanguage\":\"fr-FR\"},{\"@type\":\"Organization\",\"@id\":\"https:\/\/zumit.it\/#organization\",\"name\":\"Zumit\",\"url\":\"https:\/\/zumit.it\/\",\"logo\":{\"@type\":\"ImageObject\",\"inLanguage\":\"fr-FR\",\"@id\":\"https:\/\/zumit.it\/#\/schema\/logo\/image\/\",\"url\":\"https:\/\/zumit.es\/wp-content\/uploads\/Logos_Zumit_Gris-principal-1-1.png\",\"contentUrl\":\"https:\/\/zumit.es\/wp-content\/uploads\/Logos_Zumit_Gris-principal-1-1.png\",\"width\":400,\"height\":167,\"caption\":\"Zumit\"},\"image\":{\"@id\":\"https:\/\/zumit.it\/#\/schema\/logo\/image\/\"}}]}<\/script>\n<!-- \/ Yoast SEO plugin. -->","yoast_head_json":{"title":"Mocha - Zumit","robots":{"index":"index","follow":"follow","max-snippet":"max-snippet:-1","max-image-preview":"max-image-preview:large","max-video-preview":"max-video-preview:-1"},"canonical":"https:\/\/zumit.es\/fr\/produits\/mocha\/","og_locale":"fr_FR","og_type":"article","og_title":"Mocha - Zumit","og_description":"Chocolat noir et caf\u00e9.","og_url":"https:\/\/zumit.es\/fr\/produits\/mocha\/","og_site_name":"Zumit","article_modified_time":"2025-11-26T08:30:17+00:00","og_image":[{"width":2048,"height":1364,"url":"https:\/\/zumit.fr\/wp-content\/uploads\/mocha-milkshake.jpg","type":"image\/jpeg"}],"twitter_card":"summary_large_image","twitter_misc":{"Dur\u00e9e de lecture estim\u00e9e":"1 minute"},"schema":{"@context":"https:\/\/schema.org","@graph":[{"@type":"WebPage","@id":"https:\/\/zumit.es\/fr\/produits\/mocha\/","url":"https:\/\/zumit.es\/fr\/produits\/mocha\/","name":"Mocha - Zumit","isPartOf":{"@id":"https:\/\/zumit.it\/#website"},"primaryImageOfPage":{"@id":"https:\/\/zumit.es\/fr\/produits\/mocha\/#primaryimage"},"image":{"@id":"https:\/\/zumit.es\/fr\/produits\/mocha\/#primaryimage"},"thumbnailUrl":"https:\/\/zumit.es\/wp-content\/uploads\/mocha-milkshake.jpg","datePublished":"2024-02-07T11:12:20+00:00","dateModified":"2025-11-26T08:30:17+00:00","breadcrumb":{"@id":"https:\/\/zumit.es\/fr\/produits\/mocha\/#breadcrumb"},"inLanguage":"fr-FR","potentialAction":[{"@type":"ReadAction","target":["https:\/\/zumit.es\/fr\/produits\/mocha\/"]}]},{"@type":"ImageObject","inLanguage":"fr-FR","@id":"https:\/\/zumit.es\/fr\/produits\/mocha\/#primaryimage","url":"https:\/\/zumit.es\/wp-content\/uploads\/mocha-milkshake.jpg","contentUrl":"https:\/\/zumit.es\/wp-content\/uploads\/mocha-milkshake.jpg","width":2048,"height":1364},{"@type":"BreadcrumbList","@id":"https:\/\/zumit.es\/fr\/produits\/mocha\/#breadcrumb","itemListElement":[{"@type":"ListItem","position":1,"name":"Page d'accueil","item":"https:\/\/zumit.fr\/"},{"@type":"ListItem","position":2,"name":"Produits","item":"https:\/\/zumit.fr\/produits\/"},{"@type":"ListItem","position":3,"name":"Mocha"}]},{"@type":"WebSite","@id":"https:\/\/zumit.it\/#website","url":"https:\/\/zumit.it\/","name":"Zumit","description":"Fabricante y Proveedor de Smoothies, Zumos, Fruta IQF","publisher":{"@id":"https:\/\/zumit.it\/#organization"},"potentialAction":[{"@type":"SearchAction","target":{"@type":"EntryPoint","urlTemplate":"https:\/\/zumit.it\/?s={search_term_string}"},"query-input":{"@type":"PropertyValueSpecification","valueRequired":true,"valueName":"search_term_string"}}],"inLanguage":"fr-FR"},{"@type":"Organization","@id":"https:\/\/zumit.it\/#organization","name":"Zumit","url":"https:\/\/zumit.it\/","logo":{"@type":"ImageObject","inLanguage":"fr-FR","@id":"https:\/\/zumit.it\/#\/schema\/logo\/image\/","url":"https:\/\/zumit.es\/wp-content\/uploads\/Logos_Zumit_Gris-principal-1-1.png","contentUrl":"https:\/\/zumit.es\/wp-content\/uploads\/Logos_Zumit_Gris-principal-1-1.png","width":400,"height":167,"caption":"Zumit"},"image":{"@id":"https:\/\/zumit.it\/#\/schema\/logo\/image\/"}}]}},"_links":{"self":[{"href":"https:\/\/zumit.es\/fr\/wp-json\/wp\/v2\/product\/5364","targetHints":{"allow":["GET"]}}],"collection":[{"href":"https:\/\/zumit.es\/fr\/wp-json\/wp\/v2\/product"}],"about":[{"href":"https:\/\/zumit.es\/fr\/wp-json\/wp\/v2\/types\/product"}],"replies":[{"embeddable":true,"href":"https:\/\/zumit.es\/fr\/wp-json\/wp\/v2\/comments?post=5364"}],"version-history":[{"count":1,"href":"https:\/\/zumit.es\/fr\/wp-json\/wp\/v2\/product\/5364\/revisions"}],"predecessor-version":[{"id":21013,"href":"https:\/\/zumit.es\/fr\/wp-json\/wp\/v2\/product\/5364\/revisions\/21013"}],"wp:featuredmedia":[{"embeddable":true,"href":"https:\/\/zumit.es\/fr\/wp-json\/wp\/v2\/media\/12059"}],"wp:attachment":[{"href":"https:\/\/zumit.es\/fr\/wp-json\/wp\/v2\/media?parent=5364"}],"wp:term":[{"taxonomy":"product_brand","embeddable":true,"href":"https:\/\/zumit.es\/fr\/wp-json\/wp\/v2\/product_brand?post=5364"},{"taxonomy":"product_cat","embeddable":true,"href":"https:\/\/zumit.es\/fr\/wp-json\/wp\/v2\/product_cat?post=5364"},{"taxonomy":"product_tag","embeddable":true,"href":"https:\/\/zumit.es\/fr\/wp-json\/wp\/v2\/product_tag?post=5364"}],"curies":[{"name":"wp","href":"https:\/\/api.w.org\/{rel}","templated":true}]}}