{"id":5358,"date":"2024-02-07T12:15:11","date_gmt":"2024-02-07T11:15:11","guid":{"rendered":"https:\/\/zumit.es\/productos\/strawberry-vainilla\/"},"modified":"2025-11-26T09:28:29","modified_gmt":"2025-11-26T08:28:29","slug":"strawberry-vainilla","status":"publish","type":"product","link":"https:\/\/zumit.es\/fr\/produits\/strawberry-vainilla\/","title":{"rendered":"STRAWBERRY &amp; VAINILLA"},"content":{"rendered":"<p>Le milkshake Strawberry &amp; Vanilla de Zumit capture l&rsquo;essence de deux saveurs classiques dans une boisson harmonieuse qui promet de ravir les clients dans n&rsquo;importe quel \u00e9tablissement. Pr\u00e9sent\u00e9 dans une bo\u00eete de 20 unit\u00e9s, chaque sachet unidose de 150 g est soigneusement pr\u00e9par\u00e9 avec le m\u00e9lange id\u00e9al de fraises naturelles et de pastilles de frappe incorporant du lait entier en poudre riche et une touche d&rsquo;ar\u00f4me naturel de vanille, cr\u00e9ant ainsi une exp\u00e9rience gustative unique et m\u00e9morable.<\/p>\n<p>Avec 50 % de fraises s\u00e9lectionn\u00e9es pour leur fra\u00eecheur et leur douceur, ce milk-shake offre non seulement une saveur intense et authentique, mais aussi la couleur \u00e9clatante et la texture onctueuse que vous attendez d&rsquo;une boisson de haute qualit\u00e9. Les pastilles frappe sont con\u00e7ues pour garantir que chaque milkshake a une consistance cr\u00e9meuse et un go\u00fbt subtil de vanille qui compl\u00e8te parfaitement l&rsquo;explosion du go\u00fbt de fraise. Enfin, le sucre apporte juste la touche sucr\u00e9e n\u00e9cessaire pour \u00e9quilibrer les saveurs naturelles des principaux ingr\u00e9dients.<\/p>\n<p>Id\u00e9al pour les caf\u00e9s, les restaurants et tout autre \u00e9tablissement du secteur de l&rsquo;h\u00f4tellerie et de la restauration qui souhaitent enrichir leur carte avec des boissons de qualit\u00e9 faciles \u00e0 pr\u00e9parer, le milkshake fraise et vanille de Zumit est une option remarquable. La commodit\u00e9 des sachets monodoses, mesurant 15 cm x 12 cm, garantit une pr\u00e9paration sans probl\u00e8me, permettant aux entreprises de proposer des boissons toujours d\u00e9licieuses avec un minimum d&rsquo;efforts.<\/p>\n<p>Ce produit, exclusivement r\u00e9serv\u00e9 \u00e0 un usage professionnel et non disponible pour les particuliers, repr\u00e9sente une opportunit\u00e9 de se diff\u00e9rencier sur le march\u00e9, en attirant des clients \u00e0 la recherche de douceurs et de r\u00e9confort. Le milkshake Strawberry &amp; Vanilla n&rsquo;est pas seulement une boisson, mais une exp\u00e9rience sensorielle qui allie la nostalgie d&rsquo;un go\u00fbt classique \u00e0 l&rsquo;innovation dans la pr\u00e9paration, garantissant satisfaction et plaisir \u00e0 chaque gorg\u00e9e.<\/p>\n<p>Allerg\u00e8nes: contient du lait.<\/p>\n","protected":false},"excerpt":{"rendered":"<div>\n<div>\n<div>\n<div>\n<div>\n<div>\n<div>\n<div>\n<div>\n<div>\n<div>\n<div>Bo\u00eete de 20 sachets unidoses de 150 g contenant un m\u00e9lange de granul\u00e9s et de fruits pour la production de milkshakes.<u><\/u><u><\/u><\/div>\n<\/div>\n<div><\/div>\n<\/div>\n<\/div>\n<\/div>\n<\/div>\n<\/div>\n<\/div>\n<\/div>\n<\/div>\n<\/div>\n<\/div>\n","protected":false},"featured_media":24497,"comment_status":"open","ping_status":"closed","template":"","meta":{"_acf_changed":false},"product_brand":[],"product_cat":[414,413],"product_tag":[],"class_list":{"0":"post-5358","1":"product","2":"type-product","3":"status-publish","4":"has-post-thumbnail","6":"product_cat-frappes-fr-p","7":"product_cat-produits","9":"first","10":"outofstock","11":"taxable","12":"shipping-taxable","13":"purchasable","14":"product-type-simple"},"acf":[],"yoast_head":"<!-- This site is optimized with the Yoast SEO plugin v27.2 - https:\/\/yoast.com\/product\/yoast-seo-wordpress\/ -->\n<title>Milkshake Strawberry &amp; Vanilla - Zumit<\/title>\n<meta name=\"description\" content=\"Savourez le milkshake Strawberry &amp; Vanilla de Zumit : une combinaison parfaite dans des sachets unidoses pratiques pour votre entreprise.\" \/>\n<meta name=\"robots\" content=\"index, follow, max-snippet:-1, max-image-preview:large, max-video-preview:-1\" \/>\n<link rel=\"canonical\" href=\"https:\/\/zumit.es\/fr\/produits\/strawberry-vainilla\/\" \/>\n<meta property=\"og:locale\" content=\"fr_FR\" \/>\n<meta property=\"og:type\" content=\"article\" \/>\n<meta property=\"og:title\" content=\"Milkshake Strawberry &amp; Vanilla - Zumit\" \/>\n<meta property=\"og:description\" content=\"Savourez le milkshake Strawberry &amp; Vanilla de Zumit : une combinaison parfaite dans des sachets unidoses pratiques pour votre entreprise.\" \/>\n<meta property=\"og:url\" content=\"https:\/\/zumit.es\/fr\/produits\/strawberry-vainilla\/\" \/>\n<meta property=\"og:site_name\" content=\"Zumit\" \/>\n<meta property=\"article:modified_time\" content=\"2025-11-26T08:28:29+00:00\" \/>\n<meta property=\"og:image\" content=\"https:\/\/zumit.fr\/wp-content\/uploads\/milkshake-fresa.jpg\" \/>\n\t<meta property=\"og:image:width\" content=\"2048\" \/>\n\t<meta property=\"og:image:height\" content=\"1364\" \/>\n\t<meta property=\"og:image:type\" content=\"image\/jpeg\" \/>\n<meta name=\"twitter:card\" content=\"summary_large_image\" \/>\n<meta name=\"twitter:label1\" content=\"Dur\u00e9e de lecture estim\u00e9e\" \/>\n\t<meta name=\"twitter:data1\" content=\"2 minutes\" \/>\n<script type=\"application\/ld+json\" class=\"yoast-schema-graph\">{\"@context\":\"https:\/\/schema.org\",\"@graph\":[{\"@type\":\"WebPage\",\"@id\":\"https:\/\/zumit.es\/fr\/produits\/strawberry-vainilla\/\",\"url\":\"https:\/\/zumit.es\/fr\/produits\/strawberry-vainilla\/\",\"name\":\"Milkshake Strawberry & Vanilla - Zumit\",\"isPartOf\":{\"@id\":\"https:\/\/zumit.it\/#website\"},\"primaryImageOfPage\":{\"@id\":\"https:\/\/zumit.es\/fr\/produits\/strawberry-vainilla\/#primaryimage\"},\"image\":{\"@id\":\"https:\/\/zumit.es\/fr\/produits\/strawberry-vainilla\/#primaryimage\"},\"thumbnailUrl\":\"https:\/\/zumit.es\/wp-content\/uploads\/2024\/02\/milkshake-fresa.jpg\",\"datePublished\":\"2024-02-07T11:15:11+00:00\",\"dateModified\":\"2025-11-26T08:28:29+00:00\",\"description\":\"Savourez le milkshake Strawberry & Vanilla de Zumit : une combinaison parfaite dans des sachets unidoses pratiques pour votre entreprise.\",\"breadcrumb\":{\"@id\":\"https:\/\/zumit.es\/fr\/produits\/strawberry-vainilla\/#breadcrumb\"},\"inLanguage\":\"fr-FR\",\"potentialAction\":[{\"@type\":\"ReadAction\",\"target\":[\"https:\/\/zumit.es\/fr\/produits\/strawberry-vainilla\/\"]}]},{\"@type\":\"ImageObject\",\"inLanguage\":\"fr-FR\",\"@id\":\"https:\/\/zumit.es\/fr\/produits\/strawberry-vainilla\/#primaryimage\",\"url\":\"https:\/\/zumit.es\/wp-content\/uploads\/2024\/02\/milkshake-fresa.jpg\",\"contentUrl\":\"https:\/\/zumit.es\/wp-content\/uploads\/2024\/02\/milkshake-fresa.jpg\",\"width\":800,\"height\":800},{\"@type\":\"BreadcrumbList\",\"@id\":\"https:\/\/zumit.es\/fr\/produits\/strawberry-vainilla\/#breadcrumb\",\"itemListElement\":[{\"@type\":\"ListItem\",\"position\":1,\"name\":\"Page d'accueil\",\"item\":\"https:\/\/zumit.fr\/\"},{\"@type\":\"ListItem\",\"position\":2,\"name\":\"Produits\",\"item\":\"https:\/\/zumit.fr\/produits\/\"},{\"@type\":\"ListItem\",\"position\":3,\"name\":\"STRAWBERRY &amp; VAINILLA\"}]},{\"@type\":\"WebSite\",\"@id\":\"https:\/\/zumit.it\/#website\",\"url\":\"https:\/\/zumit.it\/\",\"name\":\"Zumit\",\"description\":\"Fabricante y Proveedor de Smoothies, Zumos, Fruta IQF\",\"publisher\":{\"@id\":\"https:\/\/zumit.it\/#organization\"},\"potentialAction\":[{\"@type\":\"SearchAction\",\"target\":{\"@type\":\"EntryPoint\",\"urlTemplate\":\"https:\/\/zumit.it\/?s={search_term_string}\"},\"query-input\":{\"@type\":\"PropertyValueSpecification\",\"valueRequired\":true,\"valueName\":\"search_term_string\"}}],\"inLanguage\":\"fr-FR\"},{\"@type\":\"Organization\",\"@id\":\"https:\/\/zumit.it\/#organization\",\"name\":\"Zumit\",\"url\":\"https:\/\/zumit.it\/\",\"logo\":{\"@type\":\"ImageObject\",\"inLanguage\":\"fr-FR\",\"@id\":\"https:\/\/zumit.it\/#\/schema\/logo\/image\/\",\"url\":\"https:\/\/zumit.es\/wp-content\/uploads\/Logos_Zumit_Gris-principal-1-1.png\",\"contentUrl\":\"https:\/\/zumit.es\/wp-content\/uploads\/Logos_Zumit_Gris-principal-1-1.png\",\"width\":400,\"height\":167,\"caption\":\"Zumit\"},\"image\":{\"@id\":\"https:\/\/zumit.it\/#\/schema\/logo\/image\/\"}}]}<\/script>\n<!-- \/ Yoast SEO plugin. -->","yoast_head_json":{"title":"Milkshake Strawberry & Vanilla - Zumit","description":"Savourez le milkshake Strawberry & Vanilla de Zumit : une combinaison parfaite dans des sachets unidoses pratiques pour votre entreprise.","robots":{"index":"index","follow":"follow","max-snippet":"max-snippet:-1","max-image-preview":"max-image-preview:large","max-video-preview":"max-video-preview:-1"},"canonical":"https:\/\/zumit.es\/fr\/produits\/strawberry-vainilla\/","og_locale":"fr_FR","og_type":"article","og_title":"Milkshake Strawberry & Vanilla - Zumit","og_description":"Savourez le milkshake Strawberry & Vanilla de Zumit : une combinaison parfaite dans des sachets unidoses pratiques pour votre entreprise.","og_url":"https:\/\/zumit.es\/fr\/produits\/strawberry-vainilla\/","og_site_name":"Zumit","article_modified_time":"2025-11-26T08:28:29+00:00","og_image":[{"width":2048,"height":1364,"url":"https:\/\/zumit.fr\/wp-content\/uploads\/milkshake-fresa.jpg","type":"image\/jpeg"}],"twitter_card":"summary_large_image","twitter_misc":{"Dur\u00e9e de lecture estim\u00e9e":"2 minutes"},"schema":{"@context":"https:\/\/schema.org","@graph":[{"@type":"WebPage","@id":"https:\/\/zumit.es\/fr\/produits\/strawberry-vainilla\/","url":"https:\/\/zumit.es\/fr\/produits\/strawberry-vainilla\/","name":"Milkshake Strawberry & Vanilla - Zumit","isPartOf":{"@id":"https:\/\/zumit.it\/#website"},"primaryImageOfPage":{"@id":"https:\/\/zumit.es\/fr\/produits\/strawberry-vainilla\/#primaryimage"},"image":{"@id":"https:\/\/zumit.es\/fr\/produits\/strawberry-vainilla\/#primaryimage"},"thumbnailUrl":"https:\/\/zumit.es\/wp-content\/uploads\/2024\/02\/milkshake-fresa.jpg","datePublished":"2024-02-07T11:15:11+00:00","dateModified":"2025-11-26T08:28:29+00:00","description":"Savourez le milkshake Strawberry & Vanilla de Zumit : une combinaison parfaite dans des sachets unidoses pratiques pour votre entreprise.","breadcrumb":{"@id":"https:\/\/zumit.es\/fr\/produits\/strawberry-vainilla\/#breadcrumb"},"inLanguage":"fr-FR","potentialAction":[{"@type":"ReadAction","target":["https:\/\/zumit.es\/fr\/produits\/strawberry-vainilla\/"]}]},{"@type":"ImageObject","inLanguage":"fr-FR","@id":"https:\/\/zumit.es\/fr\/produits\/strawberry-vainilla\/#primaryimage","url":"https:\/\/zumit.es\/wp-content\/uploads\/2024\/02\/milkshake-fresa.jpg","contentUrl":"https:\/\/zumit.es\/wp-content\/uploads\/2024\/02\/milkshake-fresa.jpg","width":800,"height":800},{"@type":"BreadcrumbList","@id":"https:\/\/zumit.es\/fr\/produits\/strawberry-vainilla\/#breadcrumb","itemListElement":[{"@type":"ListItem","position":1,"name":"Page d'accueil","item":"https:\/\/zumit.fr\/"},{"@type":"ListItem","position":2,"name":"Produits","item":"https:\/\/zumit.fr\/produits\/"},{"@type":"ListItem","position":3,"name":"STRAWBERRY &amp; VAINILLA"}]},{"@type":"WebSite","@id":"https:\/\/zumit.it\/#website","url":"https:\/\/zumit.it\/","name":"Zumit","description":"Fabricante y Proveedor de Smoothies, Zumos, Fruta IQF","publisher":{"@id":"https:\/\/zumit.it\/#organization"},"potentialAction":[{"@type":"SearchAction","target":{"@type":"EntryPoint","urlTemplate":"https:\/\/zumit.it\/?s={search_term_string}"},"query-input":{"@type":"PropertyValueSpecification","valueRequired":true,"valueName":"search_term_string"}}],"inLanguage":"fr-FR"},{"@type":"Organization","@id":"https:\/\/zumit.it\/#organization","name":"Zumit","url":"https:\/\/zumit.it\/","logo":{"@type":"ImageObject","inLanguage":"fr-FR","@id":"https:\/\/zumit.it\/#\/schema\/logo\/image\/","url":"https:\/\/zumit.es\/wp-content\/uploads\/Logos_Zumit_Gris-principal-1-1.png","contentUrl":"https:\/\/zumit.es\/wp-content\/uploads\/Logos_Zumit_Gris-principal-1-1.png","width":400,"height":167,"caption":"Zumit"},"image":{"@id":"https:\/\/zumit.it\/#\/schema\/logo\/image\/"}}]}},"_links":{"self":[{"href":"https:\/\/zumit.es\/fr\/wp-json\/wp\/v2\/product\/5358","targetHints":{"allow":["GET"]}}],"collection":[{"href":"https:\/\/zumit.es\/fr\/wp-json\/wp\/v2\/product"}],"about":[{"href":"https:\/\/zumit.es\/fr\/wp-json\/wp\/v2\/types\/product"}],"replies":[{"embeddable":true,"href":"https:\/\/zumit.es\/fr\/wp-json\/wp\/v2\/comments?post=5358"}],"version-history":[{"count":0,"href":"https:\/\/zumit.es\/fr\/wp-json\/wp\/v2\/product\/5358\/revisions"}],"wp:featuredmedia":[{"embeddable":true,"href":"https:\/\/zumit.es\/fr\/wp-json\/wp\/v2\/media\/24497"}],"wp:attachment":[{"href":"https:\/\/zumit.es\/fr\/wp-json\/wp\/v2\/media?parent=5358"}],"wp:term":[{"taxonomy":"product_brand","embeddable":true,"href":"https:\/\/zumit.es\/fr\/wp-json\/wp\/v2\/product_brand?post=5358"},{"taxonomy":"product_cat","embeddable":true,"href":"https:\/\/zumit.es\/fr\/wp-json\/wp\/v2\/product_cat?post=5358"},{"taxonomy":"product_tag","embeddable":true,"href":"https:\/\/zumit.es\/fr\/wp-json\/wp\/v2\/product_tag?post=5358"}],"curies":[{"name":"wp","href":"https:\/\/api.w.org\/{rel}","templated":true}]}}