{"id":13232,"date":"2025-04-04T09:49:25","date_gmt":"2025-04-04T07:49:25","guid":{"rendered":"https:\/\/zumit.es\/productos\/gobelets-zumit-a-emporter\/"},"modified":"2025-08-20T09:58:05","modified_gmt":"2025-08-20T07:58:05","slug":"gobelets-zumit-a-emporter","status":"publish","type":"product","link":"https:\/\/zumit.es\/fr\/produits\/gobelets-zumit-a-emporter\/","title":{"rendered":"Verres take away Zumit"},"content":{"rendered":"<p>Am\u00e9liorez votre exp\u00e9rience de vente \u00e0 emporter gr\u00e2ce aux gobelets en plastique RPET \u00e0 emporter de Zumit.<\/p>\n<p>D&rsquo;une capacit\u00e9 de 354 ml, ces verres allient fonctionnalit\u00e9 et style, garantissant que vos produits parviennent non seulement en toute s\u00e9curit\u00e9 \u00e0 vos clients, mais qu&rsquo;ils soient \u00e9galement attrayants. Leur design pratique et moderne met en valeur la pr\u00e9sentation des smoothies, offrant une solution pratique et de qualit\u00e9 pour votre service. <\/p>\n<p>Choisissez parmi nos 2 packs :<\/p>\n<ul>\n<li>Emballage de 1.000 tasses (354ml) + 1.000 d\u00f4mes.<\/li>\n<li>Paquet de 1.000 gobelets (354ml) + 1.000 d\u00f4mes + 1.000 pailles.<\/li>\n<\/ul>\n<p>Commandez maintenant et faites passer votre service \u00e0 emporter \u00e0 la vitesse sup\u00e9rieure !<\/p>\n","protected":false},"excerpt":{"rendered":"<p>Am\u00e9liorez votre exp\u00e9rience de vente \u00e0 emporter gr\u00e2ce aux gobelets en plastique RPET \u00e0 emporter de Zumit. D&rsquo;une capacit\u00e9 de 354 ml, ces verres allient fonctionnalit\u00e9 et style, garantissant que vos produits parviennent non seulement en toute s\u00e9curit\u00e9 \u00e0 vos clients, mais qu&rsquo;ils soient \u00e9galement attrayants. Leur design pratique et moderne met en valeur la [&hellip;]<\/p>\n","protected":false},"featured_media":12789,"comment_status":"open","ping_status":"closed","template":"","meta":{"_acf_changed":false},"product_brand":[],"product_cat":[908,922],"product_tag":[],"class_list":{"0":"post-13232","1":"product","2":"type-product","3":"status-publish","4":"has-post-thumbnail","6":"product_cat-complements-fr","7":"product_cat-non-comestible","9":"first","10":"instock","11":"taxable","12":"shipping-taxable","13":"purchasable","14":"product-type-variable"},"acf":[],"yoast_head":"<!-- This site is optimized with the Yoast SEO plugin v27.2 - https:\/\/yoast.com\/product\/yoast-seo-wordpress\/ -->\n<title>Verres take away | Zumit<\/title>\n<meta name=\"description\" content=\"Pack de gobelets \u00e0 emporter en plastique RPET avec couvercles et pailles. Faites passer votre service \u00e0 emporter au niveau sup\u00e9rieur avec Zumit !\" \/>\n<meta name=\"robots\" content=\"index, follow, max-snippet:-1, max-image-preview:large, max-video-preview:-1\" \/>\n<link rel=\"canonical\" href=\"https:\/\/zumit.es\/fr\/produits\/gobelets-zumit-a-emporter\/\" \/>\n<meta property=\"og:locale\" content=\"fr_FR\" \/>\n<meta property=\"og:type\" content=\"article\" \/>\n<meta property=\"og:title\" content=\"Verres take away | Zumit\" \/>\n<meta property=\"og:description\" content=\"Pack de gobelets \u00e0 emporter en plastique RPET avec couvercles et pailles. Faites passer votre service \u00e0 emporter au niveau sup\u00e9rieur avec Zumit !\" \/>\n<meta property=\"og:url\" content=\"https:\/\/zumit.es\/fr\/produits\/gobelets-zumit-a-emporter\/\" \/>\n<meta property=\"og:site_name\" content=\"Zumit\" \/>\n<meta property=\"article:modified_time\" content=\"2025-08-20T07:58:05+00:00\" \/>\n<meta property=\"og:image\" content=\"https:\/\/zumit.fr\/wp-content\/uploads\/vasos-take-away.jpg\" \/>\n\t<meta property=\"og:image:width\" content=\"2048\" \/>\n\t<meta property=\"og:image:height\" content=\"1364\" \/>\n\t<meta property=\"og:image:type\" content=\"image\/jpeg\" \/>\n<meta name=\"twitter:card\" content=\"summary_large_image\" \/>\n<script type=\"application\/ld+json\" class=\"yoast-schema-graph\">{\"@context\":\"https:\/\/schema.org\",\"@graph\":[{\"@type\":\"WebPage\",\"@id\":\"https:\/\/zumit.es\/fr\/produits\/gobelets-zumit-a-emporter\/\",\"url\":\"https:\/\/zumit.es\/fr\/produits\/gobelets-zumit-a-emporter\/\",\"name\":\"Verres take away | Zumit\",\"isPartOf\":{\"@id\":\"https:\/\/zumit.it\/#website\"},\"primaryImageOfPage\":{\"@id\":\"https:\/\/zumit.es\/fr\/produits\/gobelets-zumit-a-emporter\/#primaryimage\"},\"image\":{\"@id\":\"https:\/\/zumit.es\/fr\/produits\/gobelets-zumit-a-emporter\/#primaryimage\"},\"thumbnailUrl\":\"https:\/\/zumit.es\/wp-content\/uploads\/vasos-take-away.jpg\",\"datePublished\":\"2025-04-04T07:49:25+00:00\",\"dateModified\":\"2025-08-20T07:58:05+00:00\",\"description\":\"Pack de gobelets \u00e0 emporter en plastique RPET avec couvercles et pailles. Faites passer votre service \u00e0 emporter au niveau sup\u00e9rieur avec Zumit !\",\"breadcrumb\":{\"@id\":\"https:\/\/zumit.es\/fr\/produits\/gobelets-zumit-a-emporter\/#breadcrumb\"},\"inLanguage\":\"fr-FR\",\"potentialAction\":[{\"@type\":\"ReadAction\",\"target\":[\"https:\/\/zumit.es\/fr\/produits\/gobelets-zumit-a-emporter\/\"]}]},{\"@type\":\"ImageObject\",\"inLanguage\":\"fr-FR\",\"@id\":\"https:\/\/zumit.es\/fr\/produits\/gobelets-zumit-a-emporter\/#primaryimage\",\"url\":\"https:\/\/zumit.es\/wp-content\/uploads\/vasos-take-away.jpg\",\"contentUrl\":\"https:\/\/zumit.es\/wp-content\/uploads\/vasos-take-away.jpg\",\"width\":2048,\"height\":1364},{\"@type\":\"BreadcrumbList\",\"@id\":\"https:\/\/zumit.es\/fr\/produits\/gobelets-zumit-a-emporter\/#breadcrumb\",\"itemListElement\":[{\"@type\":\"ListItem\",\"position\":1,\"name\":\"Page d'accueil\",\"item\":\"https:\/\/zumit.fr\/\"},{\"@type\":\"ListItem\",\"position\":2,\"name\":\"Produits\",\"item\":\"https:\/\/zumit.fr\/produits\/\"},{\"@type\":\"ListItem\",\"position\":3,\"name\":\"Verres take away Zumit\"}]},{\"@type\":\"WebSite\",\"@id\":\"https:\/\/zumit.it\/#website\",\"url\":\"https:\/\/zumit.it\/\",\"name\":\"Zumit\",\"description\":\"Fabricante y Proveedor de Smoothies, Zumos, Fruta IQF\",\"publisher\":{\"@id\":\"https:\/\/zumit.it\/#organization\"},\"potentialAction\":[{\"@type\":\"SearchAction\",\"target\":{\"@type\":\"EntryPoint\",\"urlTemplate\":\"https:\/\/zumit.it\/?s={search_term_string}\"},\"query-input\":{\"@type\":\"PropertyValueSpecification\",\"valueRequired\":true,\"valueName\":\"search_term_string\"}}],\"inLanguage\":\"fr-FR\"},{\"@type\":\"Organization\",\"@id\":\"https:\/\/zumit.it\/#organization\",\"name\":\"Zumit\",\"url\":\"https:\/\/zumit.it\/\",\"logo\":{\"@type\":\"ImageObject\",\"inLanguage\":\"fr-FR\",\"@id\":\"https:\/\/zumit.it\/#\/schema\/logo\/image\/\",\"url\":\"https:\/\/zumit.es\/wp-content\/uploads\/Logos_Zumit_Gris-principal-1-1.png\",\"contentUrl\":\"https:\/\/zumit.es\/wp-content\/uploads\/Logos_Zumit_Gris-principal-1-1.png\",\"width\":400,\"height\":167,\"caption\":\"Zumit\"},\"image\":{\"@id\":\"https:\/\/zumit.it\/#\/schema\/logo\/image\/\"}}]}<\/script>\n<!-- \/ Yoast SEO plugin. -->","yoast_head_json":{"title":"Verres take away | Zumit","description":"Pack de gobelets \u00e0 emporter en plastique RPET avec couvercles et pailles. Faites passer votre service \u00e0 emporter au niveau sup\u00e9rieur avec Zumit !","robots":{"index":"index","follow":"follow","max-snippet":"max-snippet:-1","max-image-preview":"max-image-preview:large","max-video-preview":"max-video-preview:-1"},"canonical":"https:\/\/zumit.es\/fr\/produits\/gobelets-zumit-a-emporter\/","og_locale":"fr_FR","og_type":"article","og_title":"Verres take away | Zumit","og_description":"Pack de gobelets \u00e0 emporter en plastique RPET avec couvercles et pailles. Faites passer votre service \u00e0 emporter au niveau sup\u00e9rieur avec Zumit !","og_url":"https:\/\/zumit.es\/fr\/produits\/gobelets-zumit-a-emporter\/","og_site_name":"Zumit","article_modified_time":"2025-08-20T07:58:05+00:00","og_image":[{"width":2048,"height":1364,"url":"https:\/\/zumit.fr\/wp-content\/uploads\/vasos-take-away.jpg","type":"image\/jpeg"}],"twitter_card":"summary_large_image","schema":{"@context":"https:\/\/schema.org","@graph":[{"@type":"WebPage","@id":"https:\/\/zumit.es\/fr\/produits\/gobelets-zumit-a-emporter\/","url":"https:\/\/zumit.es\/fr\/produits\/gobelets-zumit-a-emporter\/","name":"Verres take away | Zumit","isPartOf":{"@id":"https:\/\/zumit.it\/#website"},"primaryImageOfPage":{"@id":"https:\/\/zumit.es\/fr\/produits\/gobelets-zumit-a-emporter\/#primaryimage"},"image":{"@id":"https:\/\/zumit.es\/fr\/produits\/gobelets-zumit-a-emporter\/#primaryimage"},"thumbnailUrl":"https:\/\/zumit.es\/wp-content\/uploads\/vasos-take-away.jpg","datePublished":"2025-04-04T07:49:25+00:00","dateModified":"2025-08-20T07:58:05+00:00","description":"Pack de gobelets \u00e0 emporter en plastique RPET avec couvercles et pailles. Faites passer votre service \u00e0 emporter au niveau sup\u00e9rieur avec Zumit !","breadcrumb":{"@id":"https:\/\/zumit.es\/fr\/produits\/gobelets-zumit-a-emporter\/#breadcrumb"},"inLanguage":"fr-FR","potentialAction":[{"@type":"ReadAction","target":["https:\/\/zumit.es\/fr\/produits\/gobelets-zumit-a-emporter\/"]}]},{"@type":"ImageObject","inLanguage":"fr-FR","@id":"https:\/\/zumit.es\/fr\/produits\/gobelets-zumit-a-emporter\/#primaryimage","url":"https:\/\/zumit.es\/wp-content\/uploads\/vasos-take-away.jpg","contentUrl":"https:\/\/zumit.es\/wp-content\/uploads\/vasos-take-away.jpg","width":2048,"height":1364},{"@type":"BreadcrumbList","@id":"https:\/\/zumit.es\/fr\/produits\/gobelets-zumit-a-emporter\/#breadcrumb","itemListElement":[{"@type":"ListItem","position":1,"name":"Page d'accueil","item":"https:\/\/zumit.fr\/"},{"@type":"ListItem","position":2,"name":"Produits","item":"https:\/\/zumit.fr\/produits\/"},{"@type":"ListItem","position":3,"name":"Verres take away Zumit"}]},{"@type":"WebSite","@id":"https:\/\/zumit.it\/#website","url":"https:\/\/zumit.it\/","name":"Zumit","description":"Fabricante y Proveedor de Smoothies, Zumos, Fruta IQF","publisher":{"@id":"https:\/\/zumit.it\/#organization"},"potentialAction":[{"@type":"SearchAction","target":{"@type":"EntryPoint","urlTemplate":"https:\/\/zumit.it\/?s={search_term_string}"},"query-input":{"@type":"PropertyValueSpecification","valueRequired":true,"valueName":"search_term_string"}}],"inLanguage":"fr-FR"},{"@type":"Organization","@id":"https:\/\/zumit.it\/#organization","name":"Zumit","url":"https:\/\/zumit.it\/","logo":{"@type":"ImageObject","inLanguage":"fr-FR","@id":"https:\/\/zumit.it\/#\/schema\/logo\/image\/","url":"https:\/\/zumit.es\/wp-content\/uploads\/Logos_Zumit_Gris-principal-1-1.png","contentUrl":"https:\/\/zumit.es\/wp-content\/uploads\/Logos_Zumit_Gris-principal-1-1.png","width":400,"height":167,"caption":"Zumit"},"image":{"@id":"https:\/\/zumit.it\/#\/schema\/logo\/image\/"}}]}},"_links":{"self":[{"href":"https:\/\/zumit.es\/fr\/wp-json\/wp\/v2\/product\/13232","targetHints":{"allow":["GET"]}}],"collection":[{"href":"https:\/\/zumit.es\/fr\/wp-json\/wp\/v2\/product"}],"about":[{"href":"https:\/\/zumit.es\/fr\/wp-json\/wp\/v2\/types\/product"}],"replies":[{"embeddable":true,"href":"https:\/\/zumit.es\/fr\/wp-json\/wp\/v2\/comments?post=13232"}],"version-history":[{"count":0,"href":"https:\/\/zumit.es\/fr\/wp-json\/wp\/v2\/product\/13232\/revisions"}],"wp:featuredmedia":[{"embeddable":true,"href":"https:\/\/zumit.es\/fr\/wp-json\/wp\/v2\/media\/12789"}],"wp:attachment":[{"href":"https:\/\/zumit.es\/fr\/wp-json\/wp\/v2\/media?parent=13232"}],"wp:term":[{"taxonomy":"product_brand","embeddable":true,"href":"https:\/\/zumit.es\/fr\/wp-json\/wp\/v2\/product_brand?post=13232"},{"taxonomy":"product_cat","embeddable":true,"href":"https:\/\/zumit.es\/fr\/wp-json\/wp\/v2\/product_cat?post=13232"},{"taxonomy":"product_tag","embeddable":true,"href":"https:\/\/zumit.es\/fr\/wp-json\/wp\/v2\/product_tag?post=13232"}],"curies":[{"name":"wp","href":"https:\/\/api.w.org\/{rel}","templated":true}]}}