{"id":13226,"date":"2025-04-04T13:30:06","date_gmt":"2025-04-04T11:30:06","guid":{"rendered":"https:\/\/zumit.es\/productos\/base-de-jus-de-pomme-pour-smoothies\/"},"modified":"2025-04-04T13:30:06","modified_gmt":"2025-04-04T11:30:06","slug":"base-de-jus-de-pomme-pour-smoothies","status":"publish","type":"product","link":"https:\/\/zumit.es\/fr\/produits\/base-de-jus-de-pomme-pour-smoothies\/","title":{"rendered":"BASE DE JUS DE POMME POUR SMOOTHIES"},"content":{"rendered":"<p class=\"p1\">Notre base de jus de pomme pour smoothies est con\u00e7ue pour am\u00e9liorer la recette sans alt\u00e9rer le go\u00fbt des ingr\u00e9dients principaux, en conservant l&rsquo;odeur, la couleur et la fra\u00eecheur du fruit 100 % naturel. Son go\u00fbt doux et \u00e9quilibr\u00e9 en fait le choix id\u00e9al pour la pr\u00e9paration de smoothies et de cocktails naturels. <\/p>\n<p>Sans sucres ajout\u00e9s et dans un format con\u00e7u pour le commerce de d\u00e9tail, cette base de jus facilite la pr\u00e9paration sans compromettre la qualit\u00e9.<\/p>\n<p>La bo\u00eete contient 12 cartons de 1 litre de base de jus de pomme. A consommer de pr\u00e9f\u00e9rence avant 24 mois. A conserver dans un endroit frais et sec. Apr\u00e8s ouverture, conserver au r\u00e9frig\u00e9rateur.   <\/p>\n<p>Pour un service parfait, compl\u00e9tez son utilisation avec nos tasses Zumit et pr\u00e9parez-la dans notre moulin professionnel pour l&rsquo;h\u00f4tellerie et la restauration.<\/p>\n","protected":false},"excerpt":{"rendered":"<p class=\"p1\">Bo\u00eete de 12 briques de boisson \u00e0 la pomme, parfaite comme base pour la pr\u00e9paration de nos smoothies.<\/p>\n","protected":false},"featured_media":12865,"comment_status":"open","ping_status":"closed","template":"","meta":{"_acf_changed":false},"product_brand":[],"product_cat":[908],"product_tag":[],"class_list":{"0":"post-13226","1":"product","2":"type-product","3":"status-publish","4":"has-post-thumbnail","6":"product_cat-complements-fr","8":"first","9":"instock","10":"taxable","11":"shipping-taxable","12":"purchasable","13":"product-type-simple"},"acf":[],"yoast_head":"<!-- This site is optimized with the Yoast SEO plugin v27.2 - https:\/\/yoast.com\/product\/yoast-seo-wordpress\/ -->\n<title>BASE DE JUS DE POMME POUR SMOOTHIES - Zumit<\/title>\n<meta name=\"robots\" content=\"index, follow, max-snippet:-1, max-image-preview:large, max-video-preview:-1\" \/>\n<link rel=\"canonical\" href=\"https:\/\/zumit.es\/fr\/produits\/base-de-jus-de-pomme-pour-smoothies\/\" \/>\n<meta property=\"og:locale\" content=\"fr_FR\" \/>\n<meta property=\"og:type\" content=\"article\" \/>\n<meta property=\"og:title\" content=\"BASE DE JUS DE POMME POUR SMOOTHIES - Zumit\" \/>\n<meta property=\"og:description\" content=\"Bo\u00eete de 12 briques de boisson \u00e0 la pomme, parfaite comme base pour la pr\u00e9paration de nos smoothies.\" \/>\n<meta property=\"og:url\" content=\"https:\/\/zumit.es\/fr\/produits\/base-de-jus-de-pomme-pour-smoothies\/\" \/>\n<meta property=\"og:site_name\" content=\"Zumit\" \/>\n<meta property=\"og:image\" content=\"https:\/\/zumit.fr\/wp-content\/uploads\/base-zumo-de-manzana.jpg\" \/>\n\t<meta property=\"og:image:width\" content=\"2048\" \/>\n\t<meta property=\"og:image:height\" content=\"1364\" \/>\n\t<meta property=\"og:image:type\" content=\"image\/jpeg\" \/>\n<meta name=\"twitter:card\" content=\"summary_large_image\" \/>\n<meta name=\"twitter:label1\" content=\"Dur\u00e9e de lecture estim\u00e9e\" \/>\n\t<meta name=\"twitter:data1\" content=\"1 minute\" \/>\n<script type=\"application\/ld+json\" class=\"yoast-schema-graph\">{\"@context\":\"https:\/\/schema.org\",\"@graph\":[{\"@type\":\"WebPage\",\"@id\":\"https:\/\/zumit.es\/fr\/produits\/base-de-jus-de-pomme-pour-smoothies\/\",\"url\":\"https:\/\/zumit.es\/fr\/produits\/base-de-jus-de-pomme-pour-smoothies\/\",\"name\":\"BASE DE JUS DE POMME POUR SMOOTHIES - Zumit\",\"isPartOf\":{\"@id\":\"https:\/\/zumit.it\/#website\"},\"primaryImageOfPage\":{\"@id\":\"https:\/\/zumit.es\/fr\/produits\/base-de-jus-de-pomme-pour-smoothies\/#primaryimage\"},\"image\":{\"@id\":\"https:\/\/zumit.es\/fr\/produits\/base-de-jus-de-pomme-pour-smoothies\/#primaryimage\"},\"thumbnailUrl\":\"https:\/\/zumit.es\/wp-content\/uploads\/base-zumo-de-manzana.jpg\",\"datePublished\":\"2025-04-04T11:30:06+00:00\",\"breadcrumb\":{\"@id\":\"https:\/\/zumit.es\/fr\/produits\/base-de-jus-de-pomme-pour-smoothies\/#breadcrumb\"},\"inLanguage\":\"fr-FR\",\"potentialAction\":[{\"@type\":\"ReadAction\",\"target\":[\"https:\/\/zumit.es\/fr\/produits\/base-de-jus-de-pomme-pour-smoothies\/\"]}]},{\"@type\":\"ImageObject\",\"inLanguage\":\"fr-FR\",\"@id\":\"https:\/\/zumit.es\/fr\/produits\/base-de-jus-de-pomme-pour-smoothies\/#primaryimage\",\"url\":\"https:\/\/zumit.es\/wp-content\/uploads\/base-zumo-de-manzana.jpg\",\"contentUrl\":\"https:\/\/zumit.es\/wp-content\/uploads\/base-zumo-de-manzana.jpg\",\"width\":2048,\"height\":1364},{\"@type\":\"BreadcrumbList\",\"@id\":\"https:\/\/zumit.es\/fr\/produits\/base-de-jus-de-pomme-pour-smoothies\/#breadcrumb\",\"itemListElement\":[{\"@type\":\"ListItem\",\"position\":1,\"name\":\"Page d'accueil\",\"item\":\"https:\/\/zumit.fr\/\"},{\"@type\":\"ListItem\",\"position\":2,\"name\":\"Produits\",\"item\":\"https:\/\/zumit.fr\/produits\/\"},{\"@type\":\"ListItem\",\"position\":3,\"name\":\"BASE DE JUS DE POMME POUR SMOOTHIES\"}]},{\"@type\":\"WebSite\",\"@id\":\"https:\/\/zumit.it\/#website\",\"url\":\"https:\/\/zumit.it\/\",\"name\":\"Zumit\",\"description\":\"Fabricante y Proveedor de Smoothies, Zumos, Fruta IQF\",\"publisher\":{\"@id\":\"https:\/\/zumit.it\/#organization\"},\"potentialAction\":[{\"@type\":\"SearchAction\",\"target\":{\"@type\":\"EntryPoint\",\"urlTemplate\":\"https:\/\/zumit.it\/?s={search_term_string}\"},\"query-input\":{\"@type\":\"PropertyValueSpecification\",\"valueRequired\":true,\"valueName\":\"search_term_string\"}}],\"inLanguage\":\"fr-FR\"},{\"@type\":\"Organization\",\"@id\":\"https:\/\/zumit.it\/#organization\",\"name\":\"Zumit\",\"url\":\"https:\/\/zumit.it\/\",\"logo\":{\"@type\":\"ImageObject\",\"inLanguage\":\"fr-FR\",\"@id\":\"https:\/\/zumit.it\/#\/schema\/logo\/image\/\",\"url\":\"https:\/\/zumit.es\/wp-content\/uploads\/Logos_Zumit_Gris-principal-1-1.png\",\"contentUrl\":\"https:\/\/zumit.es\/wp-content\/uploads\/Logos_Zumit_Gris-principal-1-1.png\",\"width\":400,\"height\":167,\"caption\":\"Zumit\"},\"image\":{\"@id\":\"https:\/\/zumit.it\/#\/schema\/logo\/image\/\"}}]}<\/script>\n<!-- \/ Yoast SEO plugin. -->","yoast_head_json":{"title":"BASE DE JUS DE POMME POUR SMOOTHIES - Zumit","robots":{"index":"index","follow":"follow","max-snippet":"max-snippet:-1","max-image-preview":"max-image-preview:large","max-video-preview":"max-video-preview:-1"},"canonical":"https:\/\/zumit.es\/fr\/produits\/base-de-jus-de-pomme-pour-smoothies\/","og_locale":"fr_FR","og_type":"article","og_title":"BASE DE JUS DE POMME POUR SMOOTHIES - Zumit","og_description":"Bo\u00eete de 12 briques de boisson \u00e0 la pomme, parfaite comme base pour la pr\u00e9paration de nos smoothies.","og_url":"https:\/\/zumit.es\/fr\/produits\/base-de-jus-de-pomme-pour-smoothies\/","og_site_name":"Zumit","og_image":[{"width":2048,"height":1364,"url":"https:\/\/zumit.fr\/wp-content\/uploads\/base-zumo-de-manzana.jpg","type":"image\/jpeg"}],"twitter_card":"summary_large_image","twitter_misc":{"Dur\u00e9e de lecture estim\u00e9e":"1 minute"},"schema":{"@context":"https:\/\/schema.org","@graph":[{"@type":"WebPage","@id":"https:\/\/zumit.es\/fr\/produits\/base-de-jus-de-pomme-pour-smoothies\/","url":"https:\/\/zumit.es\/fr\/produits\/base-de-jus-de-pomme-pour-smoothies\/","name":"BASE DE JUS DE POMME POUR SMOOTHIES - Zumit","isPartOf":{"@id":"https:\/\/zumit.it\/#website"},"primaryImageOfPage":{"@id":"https:\/\/zumit.es\/fr\/produits\/base-de-jus-de-pomme-pour-smoothies\/#primaryimage"},"image":{"@id":"https:\/\/zumit.es\/fr\/produits\/base-de-jus-de-pomme-pour-smoothies\/#primaryimage"},"thumbnailUrl":"https:\/\/zumit.es\/wp-content\/uploads\/base-zumo-de-manzana.jpg","datePublished":"2025-04-04T11:30:06+00:00","breadcrumb":{"@id":"https:\/\/zumit.es\/fr\/produits\/base-de-jus-de-pomme-pour-smoothies\/#breadcrumb"},"inLanguage":"fr-FR","potentialAction":[{"@type":"ReadAction","target":["https:\/\/zumit.es\/fr\/produits\/base-de-jus-de-pomme-pour-smoothies\/"]}]},{"@type":"ImageObject","inLanguage":"fr-FR","@id":"https:\/\/zumit.es\/fr\/produits\/base-de-jus-de-pomme-pour-smoothies\/#primaryimage","url":"https:\/\/zumit.es\/wp-content\/uploads\/base-zumo-de-manzana.jpg","contentUrl":"https:\/\/zumit.es\/wp-content\/uploads\/base-zumo-de-manzana.jpg","width":2048,"height":1364},{"@type":"BreadcrumbList","@id":"https:\/\/zumit.es\/fr\/produits\/base-de-jus-de-pomme-pour-smoothies\/#breadcrumb","itemListElement":[{"@type":"ListItem","position":1,"name":"Page d'accueil","item":"https:\/\/zumit.fr\/"},{"@type":"ListItem","position":2,"name":"Produits","item":"https:\/\/zumit.fr\/produits\/"},{"@type":"ListItem","position":3,"name":"BASE DE JUS DE POMME POUR SMOOTHIES"}]},{"@type":"WebSite","@id":"https:\/\/zumit.it\/#website","url":"https:\/\/zumit.it\/","name":"Zumit","description":"Fabricante y Proveedor de Smoothies, Zumos, Fruta IQF","publisher":{"@id":"https:\/\/zumit.it\/#organization"},"potentialAction":[{"@type":"SearchAction","target":{"@type":"EntryPoint","urlTemplate":"https:\/\/zumit.it\/?s={search_term_string}"},"query-input":{"@type":"PropertyValueSpecification","valueRequired":true,"valueName":"search_term_string"}}],"inLanguage":"fr-FR"},{"@type":"Organization","@id":"https:\/\/zumit.it\/#organization","name":"Zumit","url":"https:\/\/zumit.it\/","logo":{"@type":"ImageObject","inLanguage":"fr-FR","@id":"https:\/\/zumit.it\/#\/schema\/logo\/image\/","url":"https:\/\/zumit.es\/wp-content\/uploads\/Logos_Zumit_Gris-principal-1-1.png","contentUrl":"https:\/\/zumit.es\/wp-content\/uploads\/Logos_Zumit_Gris-principal-1-1.png","width":400,"height":167,"caption":"Zumit"},"image":{"@id":"https:\/\/zumit.it\/#\/schema\/logo\/image\/"}}]}},"_links":{"self":[{"href":"https:\/\/zumit.es\/fr\/wp-json\/wp\/v2\/product\/13226","targetHints":{"allow":["GET"]}}],"collection":[{"href":"https:\/\/zumit.es\/fr\/wp-json\/wp\/v2\/product"}],"about":[{"href":"https:\/\/zumit.es\/fr\/wp-json\/wp\/v2\/types\/product"}],"replies":[{"embeddable":true,"href":"https:\/\/zumit.es\/fr\/wp-json\/wp\/v2\/comments?post=13226"}],"version-history":[{"count":0,"href":"https:\/\/zumit.es\/fr\/wp-json\/wp\/v2\/product\/13226\/revisions"}],"wp:featuredmedia":[{"embeddable":true,"href":"https:\/\/zumit.es\/fr\/wp-json\/wp\/v2\/media\/12865"}],"wp:attachment":[{"href":"https:\/\/zumit.es\/fr\/wp-json\/wp\/v2\/media?parent=13226"}],"wp:term":[{"taxonomy":"product_brand","embeddable":true,"href":"https:\/\/zumit.es\/fr\/wp-json\/wp\/v2\/product_brand?post=13226"},{"taxonomy":"product_cat","embeddable":true,"href":"https:\/\/zumit.es\/fr\/wp-json\/wp\/v2\/product_cat?post=13226"},{"taxonomy":"product_tag","embeddable":true,"href":"https:\/\/zumit.es\/fr\/wp-json\/wp\/v2\/product_tag?post=13226"}],"curies":[{"name":"wp","href":"https:\/\/api.w.org\/{rel}","templated":true}]}}