{"id":13218,"date":"2025-04-04T13:26:43","date_gmt":"2025-04-04T11:26:43","guid":{"rendered":"https:\/\/zumit.es\/productos\/gobelets-a-milkshake-zumit\/"},"modified":"2025-04-04T13:26:43","modified_gmt":"2025-04-04T11:26:43","slug":"gobelets-a-milkshake-zumit","status":"publish","type":"product","link":"https:\/\/zumit.es\/fr\/produits\/gobelets-a-milkshake-zumit\/","title":{"rendered":"GOBELETS \u00c0 MILKSHAKE ZUMIT"},"content":{"rendered":"<p class=\"p1\">Transformez l&rsquo;exp\u00e9rience de vos clients avec les gobelets \u00e0 milkshake en verre de Zumit. Con\u00e7us pour un service impeccable, ces verres de 380 ml sont id\u00e9aux pour pr\u00e9senter les milkshakes de mani\u00e8re professionnelle et \u00e9l\u00e9gante. Avec un design<\/p>\n<p class=\"p1\">Attrayante et fonctionnelle, chaque tasse rehausse l&rsquo;aspect de vos milkshakes et am\u00e9liore l&rsquo;exp\u00e9rience sensorielle de ceux qui les d\u00e9gustent.<\/p>\n<p class=\"p1\">Chaque bo\u00eete contient 24 unit\u00e9s, organis\u00e9es en 4 paquets de 6 verres, ce qui facilite leur stockage et leur \u00e9limination.<\/p>\n","protected":false},"excerpt":{"rendered":"<p class=\"p1\">Bo\u00eete de 24 verres \u00e0 milkshake Zumit<\/p>\n","protected":false},"featured_media":12878,"comment_status":"open","ping_status":"closed","template":"","meta":{"_acf_changed":false},"product_brand":[],"product_cat":[908,922],"product_tag":[],"class_list":{"0":"post-13218","1":"product","2":"type-product","3":"status-publish","4":"has-post-thumbnail","6":"product_cat-complements-fr","7":"product_cat-non-comestible","9":"first","10":"instock","11":"taxable","12":"shipping-taxable","13":"purchasable","14":"product-type-simple"},"acf":[],"yoast_head":"<!-- This site is optimized with the Yoast SEO plugin v27.2 - https:\/\/yoast.com\/product\/yoast-seo-wordpress\/ -->\n<title>GOBELETS \u00c0 MILKSHAKE ZUMIT - Zumit<\/title>\n<meta name=\"robots\" content=\"index, follow, max-snippet:-1, max-image-preview:large, max-video-preview:-1\" \/>\n<link rel=\"canonical\" href=\"https:\/\/zumit.es\/fr\/produits\/gobelets-a-milkshake-zumit\/\" \/>\n<meta property=\"og:locale\" content=\"fr_FR\" \/>\n<meta property=\"og:type\" content=\"article\" \/>\n<meta property=\"og:title\" content=\"GOBELETS \u00c0 MILKSHAKE ZUMIT - Zumit\" \/>\n<meta property=\"og:description\" content=\"Bo\u00eete de 24 verres \u00e0 milkshake Zumit\" \/>\n<meta property=\"og:url\" content=\"https:\/\/zumit.es\/fr\/produits\/gobelets-a-milkshake-zumit\/\" \/>\n<meta property=\"og:site_name\" content=\"Zumit\" \/>\n<meta property=\"og:image\" content=\"https:\/\/zumit.fr\/wp-content\/uploads\/vasos-milkshakes.jpg\" \/>\n\t<meta property=\"og:image:width\" content=\"2048\" \/>\n\t<meta property=\"og:image:height\" content=\"1364\" \/>\n\t<meta property=\"og:image:type\" content=\"image\/jpeg\" \/>\n<meta name=\"twitter:card\" content=\"summary_large_image\" \/>\n<script type=\"application\/ld+json\" class=\"yoast-schema-graph\">{\"@context\":\"https:\/\/schema.org\",\"@graph\":[{\"@type\":\"WebPage\",\"@id\":\"https:\/\/zumit.es\/fr\/produits\/gobelets-a-milkshake-zumit\/\",\"url\":\"https:\/\/zumit.es\/fr\/produits\/gobelets-a-milkshake-zumit\/\",\"name\":\"GOBELETS \u00c0 MILKSHAKE ZUMIT - Zumit\",\"isPartOf\":{\"@id\":\"https:\/\/zumit.it\/#website\"},\"primaryImageOfPage\":{\"@id\":\"https:\/\/zumit.es\/fr\/produits\/gobelets-a-milkshake-zumit\/#primaryimage\"},\"image\":{\"@id\":\"https:\/\/zumit.es\/fr\/produits\/gobelets-a-milkshake-zumit\/#primaryimage\"},\"thumbnailUrl\":\"https:\/\/zumit.es\/wp-content\/uploads\/vasos-milkshakes.jpg\",\"datePublished\":\"2025-04-04T11:26:43+00:00\",\"breadcrumb\":{\"@id\":\"https:\/\/zumit.es\/fr\/produits\/gobelets-a-milkshake-zumit\/#breadcrumb\"},\"inLanguage\":\"fr-FR\",\"potentialAction\":[{\"@type\":\"ReadAction\",\"target\":[\"https:\/\/zumit.es\/fr\/produits\/gobelets-a-milkshake-zumit\/\"]}]},{\"@type\":\"ImageObject\",\"inLanguage\":\"fr-FR\",\"@id\":\"https:\/\/zumit.es\/fr\/produits\/gobelets-a-milkshake-zumit\/#primaryimage\",\"url\":\"https:\/\/zumit.es\/wp-content\/uploads\/vasos-milkshakes.jpg\",\"contentUrl\":\"https:\/\/zumit.es\/wp-content\/uploads\/vasos-milkshakes.jpg\",\"width\":2048,\"height\":1364},{\"@type\":\"BreadcrumbList\",\"@id\":\"https:\/\/zumit.es\/fr\/produits\/gobelets-a-milkshake-zumit\/#breadcrumb\",\"itemListElement\":[{\"@type\":\"ListItem\",\"position\":1,\"name\":\"Page d'accueil\",\"item\":\"https:\/\/zumit.fr\/\"},{\"@type\":\"ListItem\",\"position\":2,\"name\":\"Produits\",\"item\":\"https:\/\/zumit.fr\/produits\/\"},{\"@type\":\"ListItem\",\"position\":3,\"name\":\"GOBELETS \u00c0 MILKSHAKE ZUMIT\"}]},{\"@type\":\"WebSite\",\"@id\":\"https:\/\/zumit.it\/#website\",\"url\":\"https:\/\/zumit.it\/\",\"name\":\"Zumit\",\"description\":\"Fabricante y Proveedor de Smoothies, Zumos, Fruta IQF\",\"publisher\":{\"@id\":\"https:\/\/zumit.it\/#organization\"},\"potentialAction\":[{\"@type\":\"SearchAction\",\"target\":{\"@type\":\"EntryPoint\",\"urlTemplate\":\"https:\/\/zumit.it\/?s={search_term_string}\"},\"query-input\":{\"@type\":\"PropertyValueSpecification\",\"valueRequired\":true,\"valueName\":\"search_term_string\"}}],\"inLanguage\":\"fr-FR\"},{\"@type\":\"Organization\",\"@id\":\"https:\/\/zumit.it\/#organization\",\"name\":\"Zumit\",\"url\":\"https:\/\/zumit.it\/\",\"logo\":{\"@type\":\"ImageObject\",\"inLanguage\":\"fr-FR\",\"@id\":\"https:\/\/zumit.it\/#\/schema\/logo\/image\/\",\"url\":\"https:\/\/zumit.es\/wp-content\/uploads\/Logos_Zumit_Gris-principal-1-1.png\",\"contentUrl\":\"https:\/\/zumit.es\/wp-content\/uploads\/Logos_Zumit_Gris-principal-1-1.png\",\"width\":400,\"height\":167,\"caption\":\"Zumit\"},\"image\":{\"@id\":\"https:\/\/zumit.it\/#\/schema\/logo\/image\/\"}}]}<\/script>\n<!-- \/ Yoast SEO plugin. -->","yoast_head_json":{"title":"GOBELETS \u00c0 MILKSHAKE ZUMIT - Zumit","robots":{"index":"index","follow":"follow","max-snippet":"max-snippet:-1","max-image-preview":"max-image-preview:large","max-video-preview":"max-video-preview:-1"},"canonical":"https:\/\/zumit.es\/fr\/produits\/gobelets-a-milkshake-zumit\/","og_locale":"fr_FR","og_type":"article","og_title":"GOBELETS \u00c0 MILKSHAKE ZUMIT - Zumit","og_description":"Bo\u00eete de 24 verres \u00e0 milkshake Zumit","og_url":"https:\/\/zumit.es\/fr\/produits\/gobelets-a-milkshake-zumit\/","og_site_name":"Zumit","og_image":[{"width":2048,"height":1364,"url":"https:\/\/zumit.fr\/wp-content\/uploads\/vasos-milkshakes.jpg","type":"image\/jpeg"}],"twitter_card":"summary_large_image","schema":{"@context":"https:\/\/schema.org","@graph":[{"@type":"WebPage","@id":"https:\/\/zumit.es\/fr\/produits\/gobelets-a-milkshake-zumit\/","url":"https:\/\/zumit.es\/fr\/produits\/gobelets-a-milkshake-zumit\/","name":"GOBELETS \u00c0 MILKSHAKE ZUMIT - Zumit","isPartOf":{"@id":"https:\/\/zumit.it\/#website"},"primaryImageOfPage":{"@id":"https:\/\/zumit.es\/fr\/produits\/gobelets-a-milkshake-zumit\/#primaryimage"},"image":{"@id":"https:\/\/zumit.es\/fr\/produits\/gobelets-a-milkshake-zumit\/#primaryimage"},"thumbnailUrl":"https:\/\/zumit.es\/wp-content\/uploads\/vasos-milkshakes.jpg","datePublished":"2025-04-04T11:26:43+00:00","breadcrumb":{"@id":"https:\/\/zumit.es\/fr\/produits\/gobelets-a-milkshake-zumit\/#breadcrumb"},"inLanguage":"fr-FR","potentialAction":[{"@type":"ReadAction","target":["https:\/\/zumit.es\/fr\/produits\/gobelets-a-milkshake-zumit\/"]}]},{"@type":"ImageObject","inLanguage":"fr-FR","@id":"https:\/\/zumit.es\/fr\/produits\/gobelets-a-milkshake-zumit\/#primaryimage","url":"https:\/\/zumit.es\/wp-content\/uploads\/vasos-milkshakes.jpg","contentUrl":"https:\/\/zumit.es\/wp-content\/uploads\/vasos-milkshakes.jpg","width":2048,"height":1364},{"@type":"BreadcrumbList","@id":"https:\/\/zumit.es\/fr\/produits\/gobelets-a-milkshake-zumit\/#breadcrumb","itemListElement":[{"@type":"ListItem","position":1,"name":"Page d'accueil","item":"https:\/\/zumit.fr\/"},{"@type":"ListItem","position":2,"name":"Produits","item":"https:\/\/zumit.fr\/produits\/"},{"@type":"ListItem","position":3,"name":"GOBELETS \u00c0 MILKSHAKE ZUMIT"}]},{"@type":"WebSite","@id":"https:\/\/zumit.it\/#website","url":"https:\/\/zumit.it\/","name":"Zumit","description":"Fabricante y Proveedor de Smoothies, Zumos, Fruta IQF","publisher":{"@id":"https:\/\/zumit.it\/#organization"},"potentialAction":[{"@type":"SearchAction","target":{"@type":"EntryPoint","urlTemplate":"https:\/\/zumit.it\/?s={search_term_string}"},"query-input":{"@type":"PropertyValueSpecification","valueRequired":true,"valueName":"search_term_string"}}],"inLanguage":"fr-FR"},{"@type":"Organization","@id":"https:\/\/zumit.it\/#organization","name":"Zumit","url":"https:\/\/zumit.it\/","logo":{"@type":"ImageObject","inLanguage":"fr-FR","@id":"https:\/\/zumit.it\/#\/schema\/logo\/image\/","url":"https:\/\/zumit.es\/wp-content\/uploads\/Logos_Zumit_Gris-principal-1-1.png","contentUrl":"https:\/\/zumit.es\/wp-content\/uploads\/Logos_Zumit_Gris-principal-1-1.png","width":400,"height":167,"caption":"Zumit"},"image":{"@id":"https:\/\/zumit.it\/#\/schema\/logo\/image\/"}}]}},"_links":{"self":[{"href":"https:\/\/zumit.es\/fr\/wp-json\/wp\/v2\/product\/13218","targetHints":{"allow":["GET"]}}],"collection":[{"href":"https:\/\/zumit.es\/fr\/wp-json\/wp\/v2\/product"}],"about":[{"href":"https:\/\/zumit.es\/fr\/wp-json\/wp\/v2\/types\/product"}],"replies":[{"embeddable":true,"href":"https:\/\/zumit.es\/fr\/wp-json\/wp\/v2\/comments?post=13218"}],"version-history":[{"count":0,"href":"https:\/\/zumit.es\/fr\/wp-json\/wp\/v2\/product\/13218\/revisions"}],"wp:featuredmedia":[{"embeddable":true,"href":"https:\/\/zumit.es\/fr\/wp-json\/wp\/v2\/media\/12878"}],"wp:attachment":[{"href":"https:\/\/zumit.es\/fr\/wp-json\/wp\/v2\/media?parent=13218"}],"wp:term":[{"taxonomy":"product_brand","embeddable":true,"href":"https:\/\/zumit.es\/fr\/wp-json\/wp\/v2\/product_brand?post=13218"},{"taxonomy":"product_cat","embeddable":true,"href":"https:\/\/zumit.es\/fr\/wp-json\/wp\/v2\/product_cat?post=13218"},{"taxonomy":"product_tag","embeddable":true,"href":"https:\/\/zumit.es\/fr\/wp-json\/wp\/v2\/product_tag?post=13218"}],"curies":[{"name":"wp","href":"https:\/\/api.w.org\/{rel}","templated":true}]}}