{"id":13214,"date":"2025-04-04T13:24:46","date_gmt":"2025-04-04T11:24:46","guid":{"rendered":"https:\/\/zumit.es\/productos\/zumit-professional-shredder\/"},"modified":"2025-04-04T13:24:46","modified_gmt":"2025-04-04T11:24:46","slug":"zumit-professional-shredder","status":"publish","type":"product","link":"https:\/\/zumit.es\/fr\/produits\/zumit-professional-shredder\/","title":{"rendered":"ZUMIT PROFESSIONAL SHREDDER"},"content":{"rendered":"<p class=\"p1\">Compl\u00e9tez votre commande avec notre mixeur \u00e0 smoothie professionnel. Pr\u00e9parez vos smoothies et milkshakes, entre autres, en moins d&rsquo;une minute. <\/p>\n<p class=\"p1\">Notre destructeur professionnel est dot\u00e9 d&rsquo;une conception \u00e9l\u00e9gante et ultramoderne. Il propose des cycles automatiques pr\u00e9r\u00e9gl\u00e9s de 35, 60 et 90 secondes sur simple pression d&rsquo;un bouton. Vous avez le choix entre 3 vitesses : haute, moyenne et basse, et 2 fonctions : impulsion ou cycle d&rsquo;impulsion  <\/p>\n<p class=\"p1\">en continu. Ce broyeur professionnel convient aux ingr\u00e9dients secs ou liquides et pulv\u00e9rise la glace en quelques secondes. <\/p>\n<p class=\"p1\">Il contient un jeu de lames en acier deux en un, un moteur industriel \u00e0 grande vitesse en acier inoxydable, un pot pratiquement incassable en polycarbonate transparent haute performance et une technologie multifonctionnelle de pr\u00e9cision.<\/p>\n<p class=\"p1\">Mod\u00e8le : TM-800A en noir.<\/p>\n<p class=\"p1\">Tension : 220-240V<\/p>\n<p class=\"p1\">Fr\u00e9quence : 50-60Hz<\/p>\n<p class=\"p1\">Puissance : 1200W<\/p>\n<p class=\"p1\">Capacit\u00e9 : 1,5L (50-Oz) (1,500 c.c.) (6 tasses)<\/p>\n<p class=\"p1\">Dimensions (LxLxH) : 40,5&#215;21,3&#215;23,5 cm (15,9&#215;8,4&#215;9,3&Prime;)<\/p>\n<p class=\"p1\">Poids net : 4,0 kgs (8,8 Lbs)<\/p>\n<p class=\"p1\">Poids brut : 4,5 Kgs (9,9 Lbs)<\/p>\n<p class=\"p1\">Il est recommand\u00e9 d&rsquo;utiliser le mode LOW et de laver la cruche sous le robinet (en \u00e9vitant le lave-vaisselle) pour prolonger la dur\u00e9e de vie de l&rsquo;appareil et des accessoires.<\/p>\n<p class=\"p1\">Notre broyeur professionnel est assorti d&rsquo;une garantie d&rsquo;un an.<\/p>\n","protected":false},"excerpt":{"rendered":"<p>Mixeur professionnel Zumit pour la production de smoothies et de milkshakes.<\/p>\n<p>Si vous \u00eates client de Zumit, demandez nos r\u00e9ductions ! <\/p>\n","protected":false},"featured_media":12886,"comment_status":"open","ping_status":"closed","template":"","meta":{"_acf_changed":false},"product_brand":[],"product_cat":[908,922],"product_tag":[],"class_list":{"0":"post-13214","1":"product","2":"type-product","3":"status-publish","4":"has-post-thumbnail","6":"product_cat-complements-fr","7":"product_cat-non-comestible","9":"first","10":"instock","11":"taxable","12":"shipping-taxable","13":"purchasable","14":"product-type-simple"},"acf":[],"yoast_head":"<!-- This site is optimized with the Yoast SEO plugin v27.2 - https:\/\/yoast.com\/product\/yoast-seo-wordpress\/ -->\n<title>ZUMIT PROFESSIONAL SHREDDER - Zumit<\/title>\n<meta name=\"robots\" content=\"index, follow, max-snippet:-1, max-image-preview:large, max-video-preview:-1\" \/>\n<link rel=\"canonical\" href=\"https:\/\/zumit.es\/fr\/produits\/zumit-professional-shredder\/\" \/>\n<meta property=\"og:locale\" content=\"fr_FR\" \/>\n<meta property=\"og:type\" content=\"article\" \/>\n<meta property=\"og:title\" content=\"ZUMIT PROFESSIONAL SHREDDER - Zumit\" \/>\n<meta property=\"og:description\" content=\"Mixeur professionnel Zumit pour la production de smoothies et de milkshakes. Si vous \u00eates client de Zumit, demandez nos r\u00e9ductions !\" \/>\n<meta property=\"og:url\" content=\"https:\/\/zumit.es\/fr\/produits\/zumit-professional-shredder\/\" \/>\n<meta property=\"og:site_name\" content=\"Zumit\" \/>\n<meta property=\"og:image\" content=\"https:\/\/zumit.fr\/wp-content\/uploads\/trituradora-profesional.jpg\" \/>\n\t<meta property=\"og:image:width\" content=\"2048\" \/>\n\t<meta property=\"og:image:height\" content=\"1364\" \/>\n\t<meta property=\"og:image:type\" content=\"image\/jpeg\" \/>\n<meta name=\"twitter:card\" content=\"summary_large_image\" \/>\n<meta name=\"twitter:label1\" content=\"Dur\u00e9e de lecture estim\u00e9e\" \/>\n\t<meta name=\"twitter:data1\" content=\"1 minute\" \/>\n<script type=\"application\/ld+json\" class=\"yoast-schema-graph\">{\"@context\":\"https:\/\/schema.org\",\"@graph\":[{\"@type\":\"WebPage\",\"@id\":\"https:\/\/zumit.es\/fr\/produits\/zumit-professional-shredder\/\",\"url\":\"https:\/\/zumit.es\/fr\/produits\/zumit-professional-shredder\/\",\"name\":\"ZUMIT PROFESSIONAL SHREDDER - Zumit\",\"isPartOf\":{\"@id\":\"https:\/\/zumit.it\/#website\"},\"primaryImageOfPage\":{\"@id\":\"https:\/\/zumit.es\/fr\/produits\/zumit-professional-shredder\/#primaryimage\"},\"image\":{\"@id\":\"https:\/\/zumit.es\/fr\/produits\/zumit-professional-shredder\/#primaryimage\"},\"thumbnailUrl\":\"https:\/\/zumit.es\/wp-content\/uploads\/trituradora-profesional.jpg\",\"datePublished\":\"2025-04-04T11:24:46+00:00\",\"breadcrumb\":{\"@id\":\"https:\/\/zumit.es\/fr\/produits\/zumit-professional-shredder\/#breadcrumb\"},\"inLanguage\":\"fr-FR\",\"potentialAction\":[{\"@type\":\"ReadAction\",\"target\":[\"https:\/\/zumit.es\/fr\/produits\/zumit-professional-shredder\/\"]}]},{\"@type\":\"ImageObject\",\"inLanguage\":\"fr-FR\",\"@id\":\"https:\/\/zumit.es\/fr\/produits\/zumit-professional-shredder\/#primaryimage\",\"url\":\"https:\/\/zumit.es\/wp-content\/uploads\/trituradora-profesional.jpg\",\"contentUrl\":\"https:\/\/zumit.es\/wp-content\/uploads\/trituradora-profesional.jpg\",\"width\":2048,\"height\":1364},{\"@type\":\"BreadcrumbList\",\"@id\":\"https:\/\/zumit.es\/fr\/produits\/zumit-professional-shredder\/#breadcrumb\",\"itemListElement\":[{\"@type\":\"ListItem\",\"position\":1,\"name\":\"Page d'accueil\",\"item\":\"https:\/\/zumit.fr\/\"},{\"@type\":\"ListItem\",\"position\":2,\"name\":\"Produits\",\"item\":\"https:\/\/zumit.fr\/produits\/\"},{\"@type\":\"ListItem\",\"position\":3,\"name\":\"ZUMIT PROFESSIONAL SHREDDER\"}]},{\"@type\":\"WebSite\",\"@id\":\"https:\/\/zumit.it\/#website\",\"url\":\"https:\/\/zumit.it\/\",\"name\":\"Zumit\",\"description\":\"Fabricante y Proveedor de Smoothies, Zumos, Fruta IQF\",\"publisher\":{\"@id\":\"https:\/\/zumit.it\/#organization\"},\"potentialAction\":[{\"@type\":\"SearchAction\",\"target\":{\"@type\":\"EntryPoint\",\"urlTemplate\":\"https:\/\/zumit.it\/?s={search_term_string}\"},\"query-input\":{\"@type\":\"PropertyValueSpecification\",\"valueRequired\":true,\"valueName\":\"search_term_string\"}}],\"inLanguage\":\"fr-FR\"},{\"@type\":\"Organization\",\"@id\":\"https:\/\/zumit.it\/#organization\",\"name\":\"Zumit\",\"url\":\"https:\/\/zumit.it\/\",\"logo\":{\"@type\":\"ImageObject\",\"inLanguage\":\"fr-FR\",\"@id\":\"https:\/\/zumit.it\/#\/schema\/logo\/image\/\",\"url\":\"https:\/\/zumit.es\/wp-content\/uploads\/Logos_Zumit_Gris-principal-1-1.png\",\"contentUrl\":\"https:\/\/zumit.es\/wp-content\/uploads\/Logos_Zumit_Gris-principal-1-1.png\",\"width\":400,\"height\":167,\"caption\":\"Zumit\"},\"image\":{\"@id\":\"https:\/\/zumit.it\/#\/schema\/logo\/image\/\"}}]}<\/script>\n<!-- \/ Yoast SEO plugin. -->","yoast_head_json":{"title":"ZUMIT PROFESSIONAL SHREDDER - Zumit","robots":{"index":"index","follow":"follow","max-snippet":"max-snippet:-1","max-image-preview":"max-image-preview:large","max-video-preview":"max-video-preview:-1"},"canonical":"https:\/\/zumit.es\/fr\/produits\/zumit-professional-shredder\/","og_locale":"fr_FR","og_type":"article","og_title":"ZUMIT PROFESSIONAL SHREDDER - Zumit","og_description":"Mixeur professionnel Zumit pour la production de smoothies et de milkshakes. Si vous \u00eates client de Zumit, demandez nos r\u00e9ductions !","og_url":"https:\/\/zumit.es\/fr\/produits\/zumit-professional-shredder\/","og_site_name":"Zumit","og_image":[{"width":2048,"height":1364,"url":"https:\/\/zumit.fr\/wp-content\/uploads\/trituradora-profesional.jpg","type":"image\/jpeg"}],"twitter_card":"summary_large_image","twitter_misc":{"Dur\u00e9e de lecture estim\u00e9e":"1 minute"},"schema":{"@context":"https:\/\/schema.org","@graph":[{"@type":"WebPage","@id":"https:\/\/zumit.es\/fr\/produits\/zumit-professional-shredder\/","url":"https:\/\/zumit.es\/fr\/produits\/zumit-professional-shredder\/","name":"ZUMIT PROFESSIONAL SHREDDER - Zumit","isPartOf":{"@id":"https:\/\/zumit.it\/#website"},"primaryImageOfPage":{"@id":"https:\/\/zumit.es\/fr\/produits\/zumit-professional-shredder\/#primaryimage"},"image":{"@id":"https:\/\/zumit.es\/fr\/produits\/zumit-professional-shredder\/#primaryimage"},"thumbnailUrl":"https:\/\/zumit.es\/wp-content\/uploads\/trituradora-profesional.jpg","datePublished":"2025-04-04T11:24:46+00:00","breadcrumb":{"@id":"https:\/\/zumit.es\/fr\/produits\/zumit-professional-shredder\/#breadcrumb"},"inLanguage":"fr-FR","potentialAction":[{"@type":"ReadAction","target":["https:\/\/zumit.es\/fr\/produits\/zumit-professional-shredder\/"]}]},{"@type":"ImageObject","inLanguage":"fr-FR","@id":"https:\/\/zumit.es\/fr\/produits\/zumit-professional-shredder\/#primaryimage","url":"https:\/\/zumit.es\/wp-content\/uploads\/trituradora-profesional.jpg","contentUrl":"https:\/\/zumit.es\/wp-content\/uploads\/trituradora-profesional.jpg","width":2048,"height":1364},{"@type":"BreadcrumbList","@id":"https:\/\/zumit.es\/fr\/produits\/zumit-professional-shredder\/#breadcrumb","itemListElement":[{"@type":"ListItem","position":1,"name":"Page d'accueil","item":"https:\/\/zumit.fr\/"},{"@type":"ListItem","position":2,"name":"Produits","item":"https:\/\/zumit.fr\/produits\/"},{"@type":"ListItem","position":3,"name":"ZUMIT PROFESSIONAL SHREDDER"}]},{"@type":"WebSite","@id":"https:\/\/zumit.it\/#website","url":"https:\/\/zumit.it\/","name":"Zumit","description":"Fabricante y Proveedor de Smoothies, Zumos, Fruta IQF","publisher":{"@id":"https:\/\/zumit.it\/#organization"},"potentialAction":[{"@type":"SearchAction","target":{"@type":"EntryPoint","urlTemplate":"https:\/\/zumit.it\/?s={search_term_string}"},"query-input":{"@type":"PropertyValueSpecification","valueRequired":true,"valueName":"search_term_string"}}],"inLanguage":"fr-FR"},{"@type":"Organization","@id":"https:\/\/zumit.it\/#organization","name":"Zumit","url":"https:\/\/zumit.it\/","logo":{"@type":"ImageObject","inLanguage":"fr-FR","@id":"https:\/\/zumit.it\/#\/schema\/logo\/image\/","url":"https:\/\/zumit.es\/wp-content\/uploads\/Logos_Zumit_Gris-principal-1-1.png","contentUrl":"https:\/\/zumit.es\/wp-content\/uploads\/Logos_Zumit_Gris-principal-1-1.png","width":400,"height":167,"caption":"Zumit"},"image":{"@id":"https:\/\/zumit.it\/#\/schema\/logo\/image\/"}}]}},"_links":{"self":[{"href":"https:\/\/zumit.es\/fr\/wp-json\/wp\/v2\/product\/13214","targetHints":{"allow":["GET"]}}],"collection":[{"href":"https:\/\/zumit.es\/fr\/wp-json\/wp\/v2\/product"}],"about":[{"href":"https:\/\/zumit.es\/fr\/wp-json\/wp\/v2\/types\/product"}],"replies":[{"embeddable":true,"href":"https:\/\/zumit.es\/fr\/wp-json\/wp\/v2\/comments?post=13214"}],"version-history":[{"count":0,"href":"https:\/\/zumit.es\/fr\/wp-json\/wp\/v2\/product\/13214\/revisions"}],"wp:featuredmedia":[{"embeddable":true,"href":"https:\/\/zumit.es\/fr\/wp-json\/wp\/v2\/media\/12886"}],"wp:attachment":[{"href":"https:\/\/zumit.es\/fr\/wp-json\/wp\/v2\/media?parent=13214"}],"wp:term":[{"taxonomy":"product_brand","embeddable":true,"href":"https:\/\/zumit.es\/fr\/wp-json\/wp\/v2\/product_brand?post=13214"},{"taxonomy":"product_cat","embeddable":true,"href":"https:\/\/zumit.es\/fr\/wp-json\/wp\/v2\/product_cat?post=13214"},{"taxonomy":"product_tag","embeddable":true,"href":"https:\/\/zumit.es\/fr\/wp-json\/wp\/v2\/product_tag?post=13214"}],"curies":[{"name":"wp","href":"https:\/\/api.w.org\/{rel}","templated":true}]}}