{"id":5220,"date":"2024-02-06T11:45:41","date_gmt":"2024-02-06T10:45:41","guid":{"rendered":"https:\/\/zumit.es\/smoothies\/"},"modified":"2025-07-09T12:38:33","modified_gmt":"2025-07-09T10:38:33","slug":"smoothies","status":"publish","type":"page","link":"https:\/\/zumit.es\/fr\/smoothies\/","title":{"rendered":"Smoothies"},"content":{"rendered":"<p>[et_pb_section fb_built=\u00a0\u00bb1&Prime; _builder_version=\u00a0\u00bb4.20.4&Prime; _module_preset=\u00a0\u00bbdefault\u00a0\u00bb custom_margin=\u00a0\u00bb0px||||false|false\u00a0\u00bb custom_padding=\u00a0\u00bb0px||||false|false\u00a0\u00bb locked=\u00a0\u00bboff\u00a0\u00bb global_colors_info=\u00a0\u00bb{}\u00a0\u00bb theme_builder_area=\u00a0\u00bbpost_content\u00a0\u00bb][et_pb_row _builder_version=\u00a0\u00bb4.20.4&Prime; _module_preset=\u00a0\u00bbdefault\u00a0\u00bb width=\u00a0\u00bb100%\u00a0\u00bb max_width=\u00a0\u00bb2560px\u00a0\u00bb custom_margin=\u00a0\u00bb0px||0px||false|false\u00a0\u00bb custom_padding=\u00a0\u00bb0px||0px||false|false\u00a0\u00bb global_colors_info=\u00a0\u00bb{}\u00a0\u00bb theme_builder_area=\u00a0\u00bbpost_content\u00a0\u00bb][et_pb_column type=\u00a0\u00bb4_4&Prime; _builder_version=\u00a0\u00bb4.20.4&Prime; _module_preset=\u00a0\u00bbdefault\u00a0\u00bb global_colors_info=\u00a0\u00bb{}\u00a0\u00bb theme_builder_area=\u00a0\u00bbpost_content\u00a0\u00bb][et_pb_code _builder_version=\u00a0\u00bb4.27.4&Prime; _module_preset=\u00a0\u00bbdefault\u00a0\u00bb global_colors_info=\u00a0\u00bb{}\u00a0\u00bb theme_builder_area=\u00a0\u00bbpost_content\u00a0\u00bb][translated_slider][\/et_pb_code][\/et_pb_column][\/et_pb_row][et_pb_row _builder_version=\u00a0\u00bb4.20.4&Prime; _module_preset=\u00a0\u00bbdefault\u00a0\u00bb width=\u00a0\u00bb100%\u00a0\u00bb max_width=\u00a0\u00bb2560px\u00a0\u00bb custom_margin=\u00a0\u00bb||||false|false\u00a0\u00bb custom_padding=\u00a0\u00bb||||false|false\u00a0\u00bb global_colors_info=\u00a0\u00bb{}\u00a0\u00bb theme_builder_area=\u00a0\u00bbpost_content\u00a0\u00bb][et_pb_column type=\u00a0\u00bb4_4&Prime; _builder_version=\u00a0\u00bb4.20.4&Prime; _module_preset=\u00a0\u00bbdefault\u00a0\u00bb global_colors_info=\u00a0\u00bb{}\u00a0\u00bb theme_builder_area=\u00a0\u00bbpost_content\u00a0\u00bb][et_pb_menu menu_id=\u00a0\u00bb263&Prime; menu_style=\u00a0\u00bbcentered\u00a0\u00bb active_link_color=\u00a0\u00bb#ef7f19&Prime; dropdown_menu_active_link_color=\u00a0\u00bb#ef7f19&Prime; module_id=\u00a0\u00bbmenu_products\u00a0\u00bb _builder_version=\u00a0\u00bb4.20.4&Prime; _module_preset=\u00a0\u00bbdefault\u00a0\u00bb menu_font=\u00a0\u00bbBebas Neue|||on|||||\u00a0\u00bb menu_text_color=\u00a0\u00bb#000000&Prime; menu_font_size=\u00a0\u00bb40px\u00a0\u00bb custom_margin=\u00a0\u00bb||||false|false\u00a0\u00bb custom_padding=\u00a0\u00bb10px||||false|false\u00a0\u00bb global_colors_info=\u00a0\u00bb{}\u00a0\u00bb theme_builder_area=\u00a0\u00bbpost_content\u00a0\u00bb][\/et_pb_menu][et_pb_code disabled_on=\u00a0\u00bboff|off|on\u00a0\u00bb _builder_version=\u00a0\u00bb4.20.4&Prime; _module_preset=\u00a0\u00bbdefault\u00a0\u00bb global_colors_info=\u00a0\u00bb{}\u00a0\u00bb theme_builder_area=\u00a0\u00bbpost_content\u00a0\u00bb]<\/p>\n<style><!-- [et_pb_line_break_holder] -->  #page-container #menu_products .et_pb_menu__menu {<!-- [et_pb_line_break_holder] -->    display:flex;<!-- [et_pb_line_break_holder] -->  }<!-- [et_pb_line_break_holder] -->  <!-- [et_pb_line_break_holder] -->  #page-container #menu_products .et_mobile_nav_menu{<!-- [et_pb_line_break_holder] -->    display:none;<!-- [et_pb_line_break_holder] -->  }<!-- [et_pb_line_break_holder] -->  <!-- [et_pb_line_break_holder] -->@media only screen and (max-width : 400px) {<!-- [et_pb_line_break_holder] -->    #page-container #menu_products .et_pb_menu__menu ul li a{<!-- [et_pb_line_break_holder] -->    font-size: 25px;<!-- [et_pb_line_break_holder] -->  }<!-- [et_pb_line_break_holder] -->  }<!-- [et_pb_line_break_holder] -->  <!-- [et_pb_line_break_holder] -->  <!-- [et_pb_line_break_holder] -->  @media only screen and (max-width : 600px) {<!-- [et_pb_line_break_holder] -->    #page-container #menu_products .et_pb_menu__menu ul li a{<!-- [et_pb_line_break_holder] -->    font-size: 30px;<!-- [et_pb_line_break_holder] -->  }<!-- [et_pb_line_break_holder] -->  }<!-- [et_pb_line_break_holder] --><!-- [et_pb_line_break_holder] --><\/style>\n<p>[\/et_pb_code][et_pb_divider color=\u00a0\u00bb#df9a2b\u00a0\u00bb divider_weight=\u00a0\u00bb5px\u00a0\u00bb _builder_version=\u00a0\u00bb4.20.4&Prime; _module_preset=\u00a0\u00bbdefault\u00a0\u00bb custom_margin=\u00a0\u00bb||||false|false\u00a0\u00bb custom_padding=\u00a0\u00bb||||false|false\u00a0\u00bb global_colors_info=\u00a0\u00bb{}\u00a0\u00bb theme_builder_area=\u00a0\u00bbpost_content\u00a0\u00bb][\/et_pb_divider][\/et_pb_column][\/et_pb_row][et_pb_row _builder_version=\u00a0\u00bb4.20.4&Prime; _module_preset=\u00a0\u00bbdefault\u00a0\u00bb global_colors_info=\u00a0\u00bb{}\u00a0\u00bb theme_builder_area=\u00a0\u00bbpost_content\u00a0\u00bb][et_pb_column type=\u00a0\u00bb4_4&Prime; _builder_version=\u00a0\u00bb4.20.4&Prime; _module_preset=\u00a0\u00bbdefault\u00a0\u00bb global_colors_info=\u00a0\u00bb{}\u00a0\u00bb theme_builder_area=\u00a0\u00bbpost_content\u00a0\u00bb][et_pb_text _builder_version=\u00a0\u00bb4.27.2&Prime; _module_preset=\u00a0\u00bbdefault\u00a0\u00bb text_font=\u00a0\u00bbRoca One||||||||\u00a0\u00bb text_font_size=\u00a0\u00bb19px\u00a0\u00bb header_font=\u00a0\u00bbAmaticSC Regular|700|||||||\u00a0\u00bb header_font_size=\u00a0\u00bb50px\u00a0\u00bb text_orientation=\u00a0\u00bbcenter\u00a0\u00bb global_colors_info=\u00a0\u00bb%91%93&Prime; theme_builder_area=\u00a0\u00bbpost_content\u00a0\u00bb]<\/p>\n<h1 style=\"text-align: center;\">Smoothies 100 % naturels<\/h1>\n<p>&nbsp;<\/p>\n<p>Nos sachets unidoses de <strong>smoothies<\/strong> contiennent 150 grammes de fruits et l\u00e9gumes naturels surgel\u00e9s selon la m\u00e9thode IQF. Il vous suffit d&rsquo;ajouter 250 ml de jus de pomme, le contenu du sachet Zumit et de mixer pendant 30 secondes. <\/p>\n<p>[\/et_pb_text][\/et_pb_column][\/et_pb_row][et_pb_row _builder_version=\u00a0\u00bb4.20.4&Prime; _module_preset=\u00a0\u00bbdefault\u00a0\u00bb max_width=\u00a0\u00bb2560px\u00a0\u00bb global_colors_info=\u00a0\u00bb{}\u00a0\u00bb theme_builder_area=\u00a0\u00bbpost_content\u00a0\u00bb][et_pb_column type=\u00a0\u00bb4_4&Prime; _builder_version=\u00a0\u00bb4.20.4&Prime; _module_preset=\u00a0\u00bbdefault\u00a0\u00bb global_colors_info=\u00a0\u00bb{}\u00a0\u00bb theme_builder_area=\u00a0\u00bbpost_content\u00a0\u00bb][et_pb_shop type=\u00a0\u00bbproduct_category\u00a0\u00bb posts_number=\u00a0\u00bb15&Prime; show_pagination=\u00a0\u00bbon\u00a0\u00bb include_categories=\u00a0\u00bb255&Prime; columns_number=\u00a0\u00bb3&Prime; icon_hover_color=\u00a0\u00bbRGBA(255,255,255,0)\u00a0\u00bb hover_overlay_color=\u00a0\u00bbRGBA(255,255,255,0)\u00a0\u00bb show_price=\u00a0\u00bboff\u00a0\u00bb module_class=\u00a0\u00bbsmoothie-products-class\u00a0\u00bb _builder_version=\u00a0\u00bb4.27.4&Prime; _module_preset=\u00a0\u00bbdefault\u00a0\u00bb title_font=\u00a0\u00bbBebas Neue|||on|||||\u00a0\u00bb title_text_align=\u00a0\u00bbcenter\u00a0\u00bb title_font_size=\u00a0\u00bb32px\u00a0\u00bb price_font=\u00a0\u00bbRoca One||||||||\u00a0\u00bb price_text_align=\u00a0\u00bbright\u00a0\u00bb price_text_color=\u00a0\u00bb#000000&Prime; price_font_size=\u00a0\u00bb24px\u00a0\u00bb sale_badge_font=\u00a0\u00bbRoca One||||||||\u00a0\u00bb sale_badge_text_color=\u00a0\u00bb#000000&Prime; sale_badge_font_size=\u00a0\u00bb24px\u00a0\u00bb global_colors_info=\u00a0\u00bb{}\u00a0\u00bb theme_builder_area=\u00a0\u00bbpost_content\u00a0\u00bb][\/et_pb_shop][et_pb_code _builder_version=\u00a0\u00bb4.20.4&Prime; _module_preset=\u00a0\u00bbdefault\u00a0\u00bb global_colors_info=\u00a0\u00bb{}\u00a0\u00bb theme_builder_area=\u00a0\u00bbpost_content\u00a0\u00bb]<\/p>\n<style><!-- [et_pb_line_break_holder] -->  #page-container .page-numbers{<!-- [et_pb_line_break_holder] -->    border: 0px;<!-- [et_pb_line_break_holder] -->  }<!-- [et_pb_line_break_holder] -->  #page-container .page-numbers li{<!-- [et_pb_line_break_holder] -->    border-right : 0px;<!-- [et_pb_line_break_holder] -->    margin-right : 5px;<!-- [et_pb_line_break_holder] -->  }<!-- [et_pb_line_break_holder] -->#page-container .page-numbers li a<!-- [et_pb_line_break_holder] --> {<!-- [et_pb_line_break_holder] -->\tborder-radius: 50%;<!-- [et_pb_line_break_holder] -->\tpadding: 6px 15px 6px 15px;<!-- [et_pb_line_break_holder] -->\tborder: 1px solid #FF9028!important;<!-- [et_pb_line_break_holder] -->  color: #FF9028;<!-- [et_pb_line_break_holder] -->  font-family: 'Bebas Neue',Helvetica,Arial,Lucida,sans-serif;<!-- [et_pb_line_break_holder] -->  font-size: 30px;<!-- [et_pb_line_break_holder] -->  font-weight: bold;<!-- [et_pb_line_break_holder] -->}<!-- [et_pb_line_break_holder] -->  #page-container .page-numbers span.current{<!-- [et_pb_line_break_holder] -->    <!-- [et_pb_line_break_holder] -->    border-radius: 50%;<!-- [et_pb_line_break_holder] -->\tpadding: 6px 15px 6px 15px;<!-- [et_pb_line_break_holder] -->\tborder: 1px solid #FF9028!important;<!-- [et_pb_line_break_holder] -->  color: white;<!-- [et_pb_line_break_holder] -->  font-family: 'Bebas Neue',Helvetica,Arial,Lucida,sans-serif;<!-- [et_pb_line_break_holder] -->  font-size: 30px;<!-- [et_pb_line_break_holder] -->  font-weight: bold;<!-- [et_pb_line_break_holder] -->    background: #FF9028;<!-- [et_pb_line_break_holder] -->  }<!-- [et_pb_line_break_holder] -->  <!-- [et_pb_line_break_holder] -->  #page-container .woocommerce .woocommerce-ordering,#page-container .woocommerce .woocommerce-result-count{<!-- [et_pb_line_break_holder] -->    display:none;<!-- [et_pb_line_break_holder] -->  }<!-- [et_pb_line_break_holder] -->  <!-- [et_pb_line_break_holder] -->  #page-container .woocommerce .dcms-item-custom-field{<!-- [et_pb_line_break_holder] -->    font-family: \"Roca One\";<!-- [et_pb_line_break_holder] -->    color: grey;<!-- [et_pb_line_break_holder] -->    font-size: 20px;<!-- [et_pb_line_break_holder] -->    text-align:center;<!-- [et_pb_line_break_holder] -->  }<!-- [et_pb_line_break_holder] -->  <!-- [et_pb_line_break_holder] -->  <!-- [et_pb_line_break_holder] -->  <!-- [et_pb_line_break_holder] -->    <!-- [et_pb_line_break_holder] -->  #page-container .product .woocommerce-result-count {<!-- [et_pb_line_break_holder] -->  display: none;<!-- [et_pb_line_break_holder] -->}<!-- [et_pb_line_break_holder] -->#page-container .product .woocommerce-ordering{<!-- [et_pb_line_break_holder] -->  display: none;<!-- [et_pb_line_break_holder] -->}<!-- [et_pb_line_break_holder] -->#page-container .product .dcms-item-custom-field {<!-- [et_pb_line_break_holder] -->  color: grey;<!-- [et_pb_line_break_holder] -->    font-family: 'Roca One';<!-- [et_pb_line_break_holder] -->    font-size: 20px;<!-- [et_pb_line_break_holder] -->    text-align: center;<!-- [et_pb_line_break_holder] -->}<!-- [et_pb_line_break_holder] -->  <!-- [et_pb_line_break_holder] -->  @media screen and (max-width:768px){<!-- [et_pb_line_break_holder] -->    #page-container .product .dcms-item-custom-field {<!-- [et_pb_line_break_holder] -->  color: grey;<!-- [et_pb_line_break_holder] -->    font-family: 'Roca One';<!-- [et_pb_line_break_holder] -->    font-size: 16px;<!-- [et_pb_line_break_holder] -->    text-align: center;<!-- [et_pb_line_break_holder] -->}<!-- [et_pb_line_break_holder] -->  }<!-- [et_pb_line_break_holder] -->  <!-- [et_pb_line_break_holder] -->  <!-- [et_pb_line_break_holder] -->  <!-- [et_pb_line_break_holder] --><\/style>\n<p><!-- [et_pb_line_break_holder] --><!-- [et_pb_line_break_holder] --><script><!-- [et_pb_line_break_holder] -->window.addEventListener('load',function(){<!-- [et_pb_line_break_holder] -->\tlet arrow1 = document.querySelector(\"#page-container .page-numbers li .next\");<!-- [et_pb_line_break_holder] -->  if(arrow1){<!-- [et_pb_line_break_holder] -->  arrow1.innerHTML = \" \u203a\";<!-- [et_pb_line_break_holder] -->\tarrow1.style.paddingLeft = \"20px\";<!-- [et_pb_line_break_holder] -->  }<!-- [et_pb_line_break_holder] -->    let arrow2 = document.querySelector(\"#page-container .page-numbers li .prev\");<!-- [et_pb_line_break_holder] -->  if(arrow2){<!-- [et_pb_line_break_holder] -->  \tarrow2.innerHTML = \"\u2039 \";<!-- [et_pb_line_break_holder] -->  \tarrow2.style.paddingRight = \"20px\";<!-- [et_pb_line_break_holder] --> }<!-- [et_pb_line_break_holder] -->  let titles = document.querySelectorAll(\"#page-container li.product h2\");<!-- [et_pb_line_break_holder] -->let colours = document.querySelectorAll('#page-container li.product div.dcms-item-custom-color');<!-- [et_pb_line_break_holder] -->if (titles.length === colours.length) {<!-- [et_pb_line_break_holder] -->  for (let i = 0; i < titles.length; i++) {    let title = titles[i];    let color = colours[i].textContent;     title.style.color = color;  }}                                               });<\/script>[\/et_pb_code][\/et_pb_column][\/et_pb_row][\/et_pb_section][et_pb_section fb_built=\"1\" _builder_version=\"4.20.4\" _module_preset=\"default\" locked=\"off\" global_colors_info=\"{}\" theme_builder_area=\"post_content\"][et_pb_row _builder_version=\"4.20.4\" _module_preset=\"default\" width=\"85%\" max_width=\"2560px\" global_colors_info=\"{}\" theme_builder_area=\"post_content\"][et_pb_column type=\"4_4\" _builder_version=\"4.20.4\" _module_preset=\"default\" custom_css_main_element=\"display:flex;||justify-content: center;\" global_colors_info=\"{}\" theme_builder_area=\"post_content\"][et_pb_text _builder_version=\"4.20.4\" _module_preset=\"default\" text_font=\"Roca One||||||||\" text_font_size=\"18px\" text_orientation=\"center\" width=\"70%\" max_width=\"70%\" global_colors_info=\"%91%93\" theme_builder_area=\"post_content\"]<\/p>\n<div style=\"font-family: 'Amatic SC'; font-size: 60px; line-height: 2em; font-weight: 600;\">SMOOTHIES D\u00c9TOX &amp; SAINS<\/div>\n<p>\u00bfVous \u00eates pr\u00eat pour un voyage vers une vie plus saine et plus \u00e9nergique.?<\/p>\n<p>Chez Zumit, nous sommes ravis d'\u00eatre vos compagnons sur ce chemin. Nous sommes experts dans la fabrication de smoothies sains et d\u00e9tox. <\/p>\n<p>Mais qu'est-ce qui nous diff\u00e9rencie ? Parlons-en. Ici, chez Zumit, nous ne vendons pas seulement des smoothies, nous sommes les cr\u00e9ateurs. Oui, nous fabriquons nos propres smoothies \u00e0 partir de z\u00e9ro.  Pourquoi ? Parce que nous nous soucions de ce qui est contenu dans chaque verre.<\/p>\n<p>Nous comprenons qu'un smoothie est plus qu'une collation ou un compl\u00e9ment \u00e0 un repas ; c'est une fa\u00e7on de nourrir votre corps, de lui donner ce dont il a besoin pour fonctionner de la meilleure fa\u00e7on. Nous sommes passionn\u00e9s par l'id\u00e9e que \"sain\" et \"d\u00e9licieux\" peuvent coexister dans un m\u00eame verre. C'est pourquoi nos smoothies sains sont remplis de fruits frais, de l\u00e9gumes riches en nutriments et de superaliments puissants.  <\/p>\n<p>Ils sont savoureux, naturels et con\u00e7us pour vous donner un regain d'\u00e9nergie et vous aider \u00e0 vous sentir bien. Mais nous ne nous sommes pas arr\u00eat\u00e9s l\u00e0. Nous savons que, parfois, nous avons tous besoin d'une remise \u00e0 z\u00e9ro, d'un moyen de nettoyer notre corps des toxines et de le laisser se reposer. C'est l\u00e0 qu'interviennent nos smoothies d\u00e9tox.  <\/p>\n<p>Soigneusement formul\u00e9s avec des ingr\u00e9dients qui soutiennent la d\u00e9toxification naturelle du corps, nos smoothies d\u00e9tox sont le compagnon id\u00e9al pour votre voyage vers une vie plus saine.<\/p>\n<p>[\/et_pb_text][\/et_pb_column][\/et_pb_row][\/et_pb_section]<\/p>\n","protected":false},"excerpt":{"rendered":"<p>[et_pb_section fb_built=\u00a0\u00bb1&Prime; _builder_version=\u00a0\u00bb4.20.4&Prime; _module_preset=\u00a0\u00bbdefault\u00a0\u00bb custom_margin=\u00a0\u00bb0px||||false|false\u00a0\u00bb custom_padding=\u00a0\u00bb0px||||false|false\u00a0\u00bb locked=\u00a0\u00bboff\u00a0\u00bb global_colors_info=\u00a0\u00bb{}\u00a0\u00bb theme_builder_area=\u00a0\u00bbpost_content\u00a0\u00bb][et_pb_row _builder_version=\u00a0\u00bb4.20.4&Prime; _module_preset=\u00a0\u00bbdefault\u00a0\u00bb width=\u00a0\u00bb100%\u00a0\u00bb max_width=\u00a0\u00bb2560px\u00a0\u00bb custom_margin=\u00a0\u00bb0px||0px||false|false\u00a0\u00bb custom_padding=\u00a0\u00bb0px||0px||false|false\u00a0\u00bb global_colors_info=\u00a0\u00bb{}\u00a0\u00bb theme_builder_area=\u00a0\u00bbpost_content\u00a0\u00bb][et_pb_column type=\u00a0\u00bb4_4&Prime; _builder_version=\u00a0\u00bb4.20.4&Prime; _module_preset=\u00a0\u00bbdefault\u00a0\u00bb global_colors_info=\u00a0\u00bb{}\u00a0\u00bb theme_builder_area=\u00a0\u00bbpost_content\u00a0\u00bb][et_pb_code _builder_version=\u00a0\u00bb4.27.4&Prime; _module_preset=\u00a0\u00bbdefault\u00a0\u00bb global_colors_info=\u00a0\u00bb{}\u00a0\u00bb theme_builder_area=\u00a0\u00bbpost_content\u00a0\u00bb][translated_slider][\/et_pb_code][\/et_pb_column][\/et_pb_row][et_pb_row _builder_version=\u00a0\u00bb4.20.4&Prime; _module_preset=\u00a0\u00bbdefault\u00a0\u00bb width=\u00a0\u00bb100%\u00a0\u00bb max_width=\u00a0\u00bb2560px\u00a0\u00bb custom_margin=\u00a0\u00bb||||false|false\u00a0\u00bb custom_padding=\u00a0\u00bb||||false|false\u00a0\u00bb global_colors_info=\u00a0\u00bb{}\u00a0\u00bb theme_builder_area=\u00a0\u00bbpost_content\u00a0\u00bb][et_pb_column type=\u00a0\u00bb4_4&Prime; _builder_version=\u00a0\u00bb4.20.4&Prime; _module_preset=\u00a0\u00bbdefault\u00a0\u00bb global_colors_info=\u00a0\u00bb{}\u00a0\u00bb theme_builder_area=\u00a0\u00bbpost_content\u00a0\u00bb][et_pb_menu menu_id=\u00a0\u00bb263&Prime; menu_style=\u00a0\u00bbcentered\u00a0\u00bb active_link_color=\u00a0\u00bb#ef7f19&Prime; dropdown_menu_active_link_color=\u00a0\u00bb#ef7f19&Prime; module_id=\u00a0\u00bbmenu_products\u00a0\u00bb _builder_version=\u00a0\u00bb4.20.4&Prime; _module_preset=\u00a0\u00bbdefault\u00a0\u00bb menu_font=\u00a0\u00bbBebas Neue|||on|||||\u00a0\u00bb menu_text_color=\u00a0\u00bb#000000&Prime; menu_font_size=\u00a0\u00bb40px\u00a0\u00bb custom_margin=\u00a0\u00bb||||false|false\u00a0\u00bb custom_padding=\u00a0\u00bb10px||||false|false\u00a0\u00bb global_colors_info=\u00a0\u00bb{}\u00a0\u00bb theme_builder_area=\u00a0\u00bbpost_content\u00a0\u00bb][\/et_pb_menu][et_pb_code disabled_on=\u00a0\u00bboff|off|on\u00a0\u00bb [&hellip;]<\/p>\n","protected":false},"author":4,"featured_media":0,"parent":0,"menu_order":0,"comment_status":"closed","ping_status":"closed","template":"","meta":{"_acf_changed":false,"footnotes":""},"class_list":["post-5220","page","type-page","status-publish","hentry"],"acf":[],"yoast_head":"<!-- This site is optimized with the Yoast SEO plugin v27.2 - https:\/\/yoast.com\/product\/yoast-seo-wordpress\/ -->\n<title>Smoothies 100% naturels et d\u00e9licieux | Zumit<\/title>\n<meta name=\"description\" content=\"Smoothies \u00e0 base de fruits surgel\u00e9s 100% naturels. Parfait pour l&#039;Horeca et le commerce de d\u00e9tail \ud83e\udd6d D\u00e9couvrez nos saveurs uniques et am\u00e9liorez votre offre.\" \/>\n<meta name=\"robots\" content=\"index, follow, max-snippet:-1, max-image-preview:large, max-video-preview:-1\" \/>\n<link rel=\"canonical\" href=\"https:\/\/zumit.es\/fr\/smoothies\/\" \/>\n<meta property=\"og:locale\" content=\"fr_FR\" \/>\n<meta property=\"og:type\" content=\"article\" \/>\n<meta property=\"og:title\" content=\"Smoothies 100% naturels et d\u00e9licieux | Zumit\" \/>\n<meta property=\"og:description\" content=\"Smoothies \u00e0 base de fruits surgel\u00e9s 100% naturels. Parfait pour l&#039;Horeca et le commerce de d\u00e9tail \ud83e\udd6d D\u00e9couvrez nos saveurs uniques et am\u00e9liorez votre offre.\" \/>\n<meta property=\"og:url\" content=\"https:\/\/zumit.es\/fr\/smoothies\/\" \/>\n<meta property=\"og:site_name\" content=\"Zumit\" \/>\n<meta property=\"article:modified_time\" content=\"2025-07-09T10:38:33+00:00\" \/>\n<meta name=\"twitter:card\" content=\"summary_large_image\" \/>\n<meta name=\"twitter:label1\" content=\"Dur\u00e9e de lecture estim\u00e9e\" \/>\n\t<meta name=\"twitter:data1\" content=\"5 minutes\" \/>\n<script type=\"application\/ld+json\" class=\"yoast-schema-graph\">{\"@context\":\"https:\/\/schema.org\",\"@graph\":[{\"@type\":\"WebPage\",\"@id\":\"https:\/\/zumit.es\/fr\/smoothies\/\",\"url\":\"https:\/\/zumit.es\/fr\/smoothies\/\",\"name\":\"Smoothies 100% naturels et d\u00e9licieux | Zumit\",\"isPartOf\":{\"@id\":\"https:\/\/zumit.it\/#website\"},\"datePublished\":\"2024-02-06T10:45:41+00:00\",\"dateModified\":\"2025-07-09T10:38:33+00:00\",\"description\":\"Smoothies \u00e0 base de fruits surgel\u00e9s 100% naturels. Parfait pour l'Horeca et le commerce de d\u00e9tail \ud83e\udd6d D\u00e9couvrez nos saveurs uniques et am\u00e9liorez votre offre.\",\"breadcrumb\":{\"@id\":\"https:\/\/zumit.es\/fr\/smoothies\/#breadcrumb\"},\"inLanguage\":\"fr-FR\",\"potentialAction\":[{\"@type\":\"ReadAction\",\"target\":[\"https:\/\/zumit.es\/fr\/smoothies\/\"]}]},{\"@type\":\"BreadcrumbList\",\"@id\":\"https:\/\/zumit.es\/fr\/smoothies\/#breadcrumb\",\"itemListElement\":[{\"@type\":\"ListItem\",\"position\":1,\"name\":\"Page d'accueil\",\"item\":\"https:\/\/zumit.fr\/\"},{\"@type\":\"ListItem\",\"position\":2,\"name\":\"Smoothies\"}]},{\"@type\":\"WebSite\",\"@id\":\"https:\/\/zumit.it\/#website\",\"url\":\"https:\/\/zumit.it\/\",\"name\":\"Zumit\",\"description\":\"Fabricante y Proveedor de Smoothies, Zumos, Fruta IQF\",\"publisher\":{\"@id\":\"https:\/\/zumit.it\/#organization\"},\"potentialAction\":[{\"@type\":\"SearchAction\",\"target\":{\"@type\":\"EntryPoint\",\"urlTemplate\":\"https:\/\/zumit.it\/?s={search_term_string}\"},\"query-input\":{\"@type\":\"PropertyValueSpecification\",\"valueRequired\":true,\"valueName\":\"search_term_string\"}}],\"inLanguage\":\"fr-FR\"},{\"@type\":\"Organization\",\"@id\":\"https:\/\/zumit.it\/#organization\",\"name\":\"Zumit\",\"url\":\"https:\/\/zumit.it\/\",\"logo\":{\"@type\":\"ImageObject\",\"inLanguage\":\"fr-FR\",\"@id\":\"https:\/\/zumit.it\/#\/schema\/logo\/image\/\",\"url\":\"https:\/\/zumit.es\/wp-content\/uploads\/Logos_Zumit_Gris-principal-1-1.png\",\"contentUrl\":\"https:\/\/zumit.es\/wp-content\/uploads\/Logos_Zumit_Gris-principal-1-1.png\",\"width\":400,\"height\":167,\"caption\":\"Zumit\"},\"image\":{\"@id\":\"https:\/\/zumit.it\/#\/schema\/logo\/image\/\"}}]}<\/script>\n<!-- \/ Yoast SEO plugin. -->","yoast_head_json":{"title":"Smoothies 100% naturels et d\u00e9licieux | Zumit","description":"Smoothies \u00e0 base de fruits surgel\u00e9s 100% naturels. Parfait pour l'Horeca et le commerce de d\u00e9tail \ud83e\udd6d D\u00e9couvrez nos saveurs uniques et am\u00e9liorez votre offre.","robots":{"index":"index","follow":"follow","max-snippet":"max-snippet:-1","max-image-preview":"max-image-preview:large","max-video-preview":"max-video-preview:-1"},"canonical":"https:\/\/zumit.es\/fr\/smoothies\/","og_locale":"fr_FR","og_type":"article","og_title":"Smoothies 100% naturels et d\u00e9licieux | Zumit","og_description":"Smoothies \u00e0 base de fruits surgel\u00e9s 100% naturels. Parfait pour l'Horeca et le commerce de d\u00e9tail \ud83e\udd6d D\u00e9couvrez nos saveurs uniques et am\u00e9liorez votre offre.","og_url":"https:\/\/zumit.es\/fr\/smoothies\/","og_site_name":"Zumit","article_modified_time":"2025-07-09T10:38:33+00:00","twitter_card":"summary_large_image","twitter_misc":{"Dur\u00e9e de lecture estim\u00e9e":"5 minutes"},"schema":{"@context":"https:\/\/schema.org","@graph":[{"@type":"WebPage","@id":"https:\/\/zumit.es\/fr\/smoothies\/","url":"https:\/\/zumit.es\/fr\/smoothies\/","name":"Smoothies 100% naturels et d\u00e9licieux | Zumit","isPartOf":{"@id":"https:\/\/zumit.it\/#website"},"datePublished":"2024-02-06T10:45:41+00:00","dateModified":"2025-07-09T10:38:33+00:00","description":"Smoothies \u00e0 base de fruits surgel\u00e9s 100% naturels. Parfait pour l'Horeca et le commerce de d\u00e9tail \ud83e\udd6d D\u00e9couvrez nos saveurs uniques et am\u00e9liorez votre offre.","breadcrumb":{"@id":"https:\/\/zumit.es\/fr\/smoothies\/#breadcrumb"},"inLanguage":"fr-FR","potentialAction":[{"@type":"ReadAction","target":["https:\/\/zumit.es\/fr\/smoothies\/"]}]},{"@type":"BreadcrumbList","@id":"https:\/\/zumit.es\/fr\/smoothies\/#breadcrumb","itemListElement":[{"@type":"ListItem","position":1,"name":"Page d'accueil","item":"https:\/\/zumit.fr\/"},{"@type":"ListItem","position":2,"name":"Smoothies"}]},{"@type":"WebSite","@id":"https:\/\/zumit.it\/#website","url":"https:\/\/zumit.it\/","name":"Zumit","description":"Fabricante y Proveedor de Smoothies, Zumos, Fruta IQF","publisher":{"@id":"https:\/\/zumit.it\/#organization"},"potentialAction":[{"@type":"SearchAction","target":{"@type":"EntryPoint","urlTemplate":"https:\/\/zumit.it\/?s={search_term_string}"},"query-input":{"@type":"PropertyValueSpecification","valueRequired":true,"valueName":"search_term_string"}}],"inLanguage":"fr-FR"},{"@type":"Organization","@id":"https:\/\/zumit.it\/#organization","name":"Zumit","url":"https:\/\/zumit.it\/","logo":{"@type":"ImageObject","inLanguage":"fr-FR","@id":"https:\/\/zumit.it\/#\/schema\/logo\/image\/","url":"https:\/\/zumit.es\/wp-content\/uploads\/Logos_Zumit_Gris-principal-1-1.png","contentUrl":"https:\/\/zumit.es\/wp-content\/uploads\/Logos_Zumit_Gris-principal-1-1.png","width":400,"height":167,"caption":"Zumit"},"image":{"@id":"https:\/\/zumit.it\/#\/schema\/logo\/image\/"}}]}},"_links":{"self":[{"href":"https:\/\/zumit.es\/fr\/wp-json\/wp\/v2\/pages\/5220","targetHints":{"allow":["GET"]}}],"collection":[{"href":"https:\/\/zumit.es\/fr\/wp-json\/wp\/v2\/pages"}],"about":[{"href":"https:\/\/zumit.es\/fr\/wp-json\/wp\/v2\/types\/page"}],"author":[{"embeddable":true,"href":"https:\/\/zumit.es\/fr\/wp-json\/wp\/v2\/users\/4"}],"replies":[{"embeddable":true,"href":"https:\/\/zumit.es\/fr\/wp-json\/wp\/v2\/comments?post=5220"}],"version-history":[{"count":3,"href":"https:\/\/zumit.es\/fr\/wp-json\/wp\/v2\/pages\/5220\/revisions"}],"predecessor-version":[{"id":17677,"href":"https:\/\/zumit.es\/fr\/wp-json\/wp\/v2\/pages\/5220\/revisions\/17677"}],"wp:attachment":[{"href":"https:\/\/zumit.es\/fr\/wp-json\/wp\/v2\/media?parent=5220"}],"curies":[{"name":"wp","href":"https:\/\/api.w.org\/{rel}","templated":true}]}}