{"id":5188,"date":"2024-02-06T11:56:17","date_gmt":"2024-02-06T10:56:17","guid":{"rendered":"https:\/\/zumit.es\/milkshakes\/"},"modified":"2025-07-11T12:27:25","modified_gmt":"2025-07-11T10:27:25","slug":"milkshakes","status":"publish","type":"page","link":"https:\/\/zumit.es\/fr\/milkshakes\/","title":{"rendered":"Milkshakes"},"content":{"rendered":"<p>[et_pb_section fb_built=\u00a0\u00bb1&Prime; _builder_version=\u00a0\u00bb4.20.4&Prime; _module_preset=\u00a0\u00bbdefault\u00a0\u00bb custom_margin=\u00a0\u00bb0px||||false|false\u00a0\u00bb custom_padding=\u00a0\u00bb0px||||false|false\u00a0\u00bb global_colors_info=\u00a0\u00bb{}\u00a0\u00bb locked=\u00a0\u00bboff\u00a0\u00bb theme_builder_area=\u00a0\u00bbpost_content\u00a0\u00bb][et_pb_row _builder_version=\u00a0\u00bb4.20.4&Prime; _module_preset=\u00a0\u00bbdefault\u00a0\u00bb width=\u00a0\u00bb100%\u00a0\u00bb max_width=\u00a0\u00bb2560px\u00a0\u00bb custom_margin=\u00a0\u00bb0px||0px||false|false\u00a0\u00bb custom_padding=\u00a0\u00bb0px||0px||false|false\u00a0\u00bb global_colors_info=\u00a0\u00bb{}\u00a0\u00bb theme_builder_area=\u00a0\u00bbpost_content\u00a0\u00bb][et_pb_column type=\u00a0\u00bb4_4&Prime; _builder_version=\u00a0\u00bb4.20.4&Prime; _module_preset=\u00a0\u00bbdefault\u00a0\u00bb global_colors_info=\u00a0\u00bb{}\u00a0\u00bb theme_builder_area=\u00a0\u00bbpost_content\u00a0\u00bb][et_pb_code _builder_version=\u00a0\u00bb4.27.4&Prime; _module_preset=\u00a0\u00bbdefault\u00a0\u00bb global_colors_info=\u00a0\u00bb{}\u00a0\u00bb theme_builder_area=\u00a0\u00bbpost_content\u00a0\u00bb][translated_slider][\/et_pb_code][\/et_pb_column][\/et_pb_row][et_pb_row _builder_version=\u00a0\u00bb4.20.4&Prime; _module_preset=\u00a0\u00bbdefault\u00a0\u00bb width=\u00a0\u00bb100%\u00a0\u00bb max_width=\u00a0\u00bb2560px\u00a0\u00bb custom_margin=\u00a0\u00bb||||false|false\u00a0\u00bb custom_padding=\u00a0\u00bb||||false|false\u00a0\u00bb global_colors_info=\u00a0\u00bb{}\u00a0\u00bb theme_builder_area=\u00a0\u00bbpost_content\u00a0\u00bb][et_pb_column type=\u00a0\u00bb4_4&Prime; _builder_version=\u00a0\u00bb4.20.4&Prime; _module_preset=\u00a0\u00bbdefault\u00a0\u00bb global_colors_info=\u00a0\u00bb{}\u00a0\u00bb theme_builder_area=\u00a0\u00bbpost_content\u00a0\u00bb][et_pb_menu menu_id=\u00a0\u00bb263&Prime; menu_style=\u00a0\u00bbcentered\u00a0\u00bb active_link_color=\u00a0\u00bb#ef7f19&Prime; dropdown_menu_active_link_color=\u00a0\u00bb#ef7f19&Prime; module_id=\u00a0\u00bbmenu_products\u00a0\u00bb _builder_version=\u00a0\u00bb4.20.4&Prime; _module_preset=\u00a0\u00bbdefault\u00a0\u00bb menu_font=\u00a0\u00bbBebas Neue|||on|||||\u00a0\u00bb menu_text_color=\u00a0\u00bb#000000&Prime; menu_font_size=\u00a0\u00bb40px\u00a0\u00bb custom_margin=\u00a0\u00bb||||false|false\u00a0\u00bb custom_padding=\u00a0\u00bb10px||||false|false\u00a0\u00bb global_colors_info=\u00a0\u00bb{}\u00a0\u00bb theme_builder_area=\u00a0\u00bbpost_content\u00a0\u00bb][\/et_pb_menu][et_pb_code disabled_on=\u00a0\u00bboff|off|on\u00a0\u00bb _builder_version=\u00a0\u00bb4.20.4&Prime; _module_preset=\u00a0\u00bbdefault\u00a0\u00bb global_colors_info=\u00a0\u00bb{}\u00a0\u00bb theme_builder_area=\u00a0\u00bbpost_content\u00a0\u00bb]<\/p>\n<style><!-- [et_pb_line_break_holder] -->  #page-container #menu_products .et_pb_menu__menu {<!-- [et_pb_line_break_holder] -->    display:flex;<!-- [et_pb_line_break_holder] -->  }<!-- [et_pb_line_break_holder] -->  <!-- [et_pb_line_break_holder] -->  #page-container #menu_products .et_mobile_nav_menu{<!-- [et_pb_line_break_holder] -->    display:none;<!-- [et_pb_line_break_holder] -->  }<!-- [et_pb_line_break_holder] -->  <!-- [et_pb_line_break_holder] -->@media only screen and (max-width : 400px) {<!-- [et_pb_line_break_holder] -->    #page-container #menu_products .et_pb_menu__menu ul li a{<!-- [et_pb_line_break_holder] -->    font-size: 25px;<!-- [et_pb_line_break_holder] -->  }<!-- [et_pb_line_break_holder] -->  }<!-- [et_pb_line_break_holder] -->  <!-- [et_pb_line_break_holder] -->  <!-- [et_pb_line_break_holder] -->  @media only screen and (max-width : 600px) {<!-- [et_pb_line_break_holder] -->    #page-container #menu_products .et_pb_menu__menu ul li a{<!-- [et_pb_line_break_holder] -->    font-size: 30px;<!-- [et_pb_line_break_holder] -->  }<!-- [et_pb_line_break_holder] -->  }<!-- [et_pb_line_break_holder] --><!-- [et_pb_line_break_holder] --><\/style>\n<p>[\/et_pb_code][et_pb_divider color=\u00a0\u00bb#df9a2b\u00a0\u00bb divider_weight=\u00a0\u00bb5px\u00a0\u00bb _builder_version=\u00a0\u00bb4.20.4&Prime; _module_preset=\u00a0\u00bbdefault\u00a0\u00bb custom_margin=\u00a0\u00bb||||false|false\u00a0\u00bb custom_padding=\u00a0\u00bb||||false|false\u00a0\u00bb global_colors_info=\u00a0\u00bb{}\u00a0\u00bb theme_builder_area=\u00a0\u00bbpost_content\u00a0\u00bb][\/et_pb_divider][\/et_pb_column][\/et_pb_row][et_pb_row _builder_version=\u00a0\u00bb4.20.4&Prime; _module_preset=\u00a0\u00bbdefault\u00a0\u00bb global_colors_info=\u00a0\u00bb{}\u00a0\u00bb theme_builder_area=\u00a0\u00bbpost_content\u00a0\u00bb][et_pb_column type=\u00a0\u00bb4_4&Prime; _builder_version=\u00a0\u00bb4.20.4&Prime; _module_preset=\u00a0\u00bbdefault\u00a0\u00bb global_colors_info=\u00a0\u00bb{}\u00a0\u00bb theme_builder_area=\u00a0\u00bbpost_content\u00a0\u00bb][et_pb_text _builder_version=\u00a0\u00bb4.27.4&Prime; _module_preset=\u00a0\u00bbdefault\u00a0\u00bb text_font=\u00a0\u00bbRoca One||||||||\u00a0\u00bb text_font_size=\u00a0\u00bb20px\u00a0\u00bb header_font=\u00a0\u00bbAmaticSC Regular|700|||||||\u00a0\u00bb header_text_align=\u00a0\u00bbcenter\u00a0\u00bb header_font_size=\u00a0\u00bb50px\u00a0\u00bb text_orientation=\u00a0\u00bbcenter\u00a0\u00bb global_colors_info=\u00a0\u00bb{}\u00a0\u00bb theme_builder_area=\u00a0\u00bbpost_content\u00a0\u00bb]<\/p>\n<h1>Faites-vous plaisir avec nos douceurs milkshakes<\/h1>\n<p>Nous disposons de 6 recettes diff\u00e9rentes de milkshakes pour compl\u00e9ter les smoothies naturels et ainsi maximiser la rentabilit\u00e9 de votre point de vente.<\/p>\n<p>[\/et_pb_text][\/et_pb_column][\/et_pb_row][et_pb_row _builder_version=\u00a0\u00bb4.20.4&Prime; _module_preset=\u00a0\u00bbdefault\u00a0\u00bb max_width=\u00a0\u00bb2560px\u00a0\u00bb global_colors_info=\u00a0\u00bb{}\u00a0\u00bb theme_builder_area=\u00a0\u00bbpost_content\u00a0\u00bb][et_pb_column type=\u00a0\u00bb4_4&Prime; _builder_version=\u00a0\u00bb4.20.4&Prime; _module_preset=\u00a0\u00bbdefault\u00a0\u00bb global_colors_info=\u00a0\u00bb{}\u00a0\u00bb theme_builder_area=\u00a0\u00bbpost_content\u00a0\u00bb][et_pb_shop type=\u00a0\u00bbproduct_category\u00a0\u00bb posts_number=\u00a0\u00bb15&Prime; show_pagination=\u00a0\u00bbon\u00a0\u00bb include_categories=\u00a0\u00bb26&Prime; columns_number=\u00a0\u00bb3&Prime; icon_hover_color=\u00a0\u00bbRGBA(255,255,255,0)\u00a0\u00bb hover_overlay_color=\u00a0\u00bbRGBA(255,255,255,0)\u00a0\u00bb show_price=\u00a0\u00bboff\u00a0\u00bb _builder_version=\u00a0\u00bb4.27.4&Prime; _module_preset=\u00a0\u00bbdefault\u00a0\u00bb title_font=\u00a0\u00bbBebas Neue|||on|||||\u00a0\u00bb title_text_align=\u00a0\u00bbcenter\u00a0\u00bb title_font_size=\u00a0\u00bb32px\u00a0\u00bb price_font=\u00a0\u00bbRoca One||||||||\u00a0\u00bb price_text_align=\u00a0\u00bbright\u00a0\u00bb price_text_color=\u00a0\u00bb#000000&Prime; price_font_size=\u00a0\u00bb24px\u00a0\u00bb global_colors_info=\u00a0\u00bb{}\u00a0\u00bb theme_builder_area=\u00a0\u00bbpost_content\u00a0\u00bb][\/et_pb_shop][et_pb_code _builder_version=\u00a0\u00bb4.20.4&Prime; _module_preset=\u00a0\u00bbdefault\u00a0\u00bb global_colors_info=\u00a0\u00bb{}\u00a0\u00bb theme_builder_area=\u00a0\u00bbpost_content\u00a0\u00bb]<\/p>\n<style><!-- [et_pb_line_break_holder] -->  #page-container .page-numbers{<!-- [et_pb_line_break_holder] -->    border: 0px;<!-- [et_pb_line_break_holder] -->  }<!-- [et_pb_line_break_holder] -->  #page-container .page-numbers li{<!-- [et_pb_line_break_holder] -->    border-right : 0px;<!-- [et_pb_line_break_holder] -->    margin-right : 5px;<!-- [et_pb_line_break_holder] -->  }<!-- [et_pb_line_break_holder] -->#page-container .page-numbers li a<!-- [et_pb_line_break_holder] --> {<!-- [et_pb_line_break_holder] -->\tborder-radius: 50%;<!-- [et_pb_line_break_holder] -->\tpadding: 6px 15px 6px 15px;<!-- [et_pb_line_break_holder] -->\tborder: 1px solid #FF9028!important;<!-- [et_pb_line_break_holder] -->  color: #FF9028;<!-- [et_pb_line_break_holder] -->  font-family: 'Bebas Neue',Helvetica,Arial,Lucida,sans-serif;<!-- [et_pb_line_break_holder] -->  font-size: 30px;<!-- [et_pb_line_break_holder] -->  font-weight: bold;<!-- [et_pb_line_break_holder] -->}<!-- [et_pb_line_break_holder] -->  #page-container .page-numbers span.current{<!-- [et_pb_line_break_holder] -->    <!-- [et_pb_line_break_holder] -->    border-radius: 50%;<!-- [et_pb_line_break_holder] -->\tpadding: 6px 15px 6px 15px;<!-- [et_pb_line_break_holder] -->\tborder: 1px solid #FF9028!important;<!-- [et_pb_line_break_holder] -->  color: white;<!-- [et_pb_line_break_holder] -->  font-family: 'Bebas Neue',Helvetica,Arial,Lucida,sans-serif;<!-- [et_pb_line_break_holder] -->  font-size: 30px;<!-- [et_pb_line_break_holder] -->  font-weight: bold;<!-- [et_pb_line_break_holder] -->    background: #FF9028;<!-- [et_pb_line_break_holder] -->  }<!-- [et_pb_line_break_holder] -->  <!-- [et_pb_line_break_holder] -->  #page-container .woocommerce .woocommerce-ordering,#page-container .woocommerce .woocommerce-result-count{<!-- [et_pb_line_break_holder] -->    display:none;<!-- [et_pb_line_break_holder] -->  }<!-- [et_pb_line_break_holder] -->  <!-- [et_pb_line_break_holder] -->  #page-container .woocommerce .dcms-item-custom-field{<!-- [et_pb_line_break_holder] -->    font-family: \"Roca One\";<!-- [et_pb_line_break_holder] -->    color: grey;<!-- [et_pb_line_break_holder] -->    font-size: 20px;<!-- [et_pb_line_break_holder] -->    text-align:center;<!-- [et_pb_line_break_holder] -->    display: none;<!-- [et_pb_line_break_holder] -->  }<!-- [et_pb_line_break_holder] -->  <!-- [et_pb_line_break_holder] -->  <!-- [et_pb_line_break_holder] -->    <!-- [et_pb_line_break_holder] -->  #page-container .product .woocommerce-result-count {<!-- [et_pb_line_break_holder] -->  display: none;<!-- [et_pb_line_break_holder] -->}<!-- [et_pb_line_break_holder] -->#page-container .product .woocommerce-ordering{<!-- [et_pb_line_break_holder] -->  display: none;<!-- [et_pb_line_break_holder] -->}<!-- [et_pb_line_break_holder] -->#page-container .product .dcms-item-custom-field {<!-- [et_pb_line_break_holder] -->  color: grey;<!-- [et_pb_line_break_holder] -->    font-family: 'Roca One';<!-- [et_pb_line_break_holder] -->    font-size: 20px;<!-- [et_pb_line_break_holder] -->    text-align: center;<!-- [et_pb_line_break_holder] -->}<!-- [et_pb_line_break_holder] -->  <!-- [et_pb_line_break_holder] -->  @media screen and (max-width:768px){<!-- [et_pb_line_break_holder] -->    #page-container .product .dcms-item-custom-field {<!-- [et_pb_line_break_holder] -->  color: grey;<!-- [et_pb_line_break_holder] -->    font-family: 'Roca One';<!-- [et_pb_line_break_holder] -->    font-size: 16px;<!-- [et_pb_line_break_holder] -->    text-align: center;<!-- [et_pb_line_break_holder] -->}<!-- [et_pb_line_break_holder] -->  }<!-- [et_pb_line_break_holder] -->  <!-- [et_pb_line_break_holder] -->  <!-- [et_pb_line_break_holder] -->  <!-- [et_pb_line_break_holder] --><\/style>\n<p><!-- [et_pb_line_break_holder] --><!-- [et_pb_line_break_holder] --><script><!-- [et_pb_line_break_holder] -->window.addEventListener('load',function(){<!-- [et_pb_line_break_holder] -->\tlet arrow1 = document.querySelector(\"#page-container .page-numbers li .next\");<!-- [et_pb_line_break_holder] -->  if(arrow1){<!-- [et_pb_line_break_holder] -->  arrow1.innerHTML = \" \u203a\";<!-- [et_pb_line_break_holder] -->\tarrow1.style.paddingLeft = \"20px\";<!-- [et_pb_line_break_holder] -->  }<!-- [et_pb_line_break_holder] -->    let arrow2 = document.querySelector(\"#page-container .page-numbers li .prev\");<!-- [et_pb_line_break_holder] -->  if(arrow2){<!-- [et_pb_line_break_holder] -->  \tarrow2.innerHTML = \"\u2039 \";<!-- [et_pb_line_break_holder] -->  \tarrow2.style.paddingRight = \"20px\";<!-- [et_pb_line_break_holder] --> }<!-- [et_pb_line_break_holder] -->  let titles = document.querySelectorAll(\"#page-container li.product h2\");<!-- [et_pb_line_break_holder] -->let colours = document.querySelectorAll('#page-container li.product div.dcms-item-custom-color');<!-- [et_pb_line_break_holder] -->if (titles.length === colours.length) {<!-- [et_pb_line_break_holder] -->  for (let i = 0; i < titles.length; i++) {    let title = titles[i];    let color = colours[i].textContent;     title.style.color = color;  }}                                               });<\/script>[\/et_pb_code][\/et_pb_column][\/et_pb_row][\/et_pb_section][et_pb_section fb_built=\"1\" _builder_version=\"4.20.4\" _module_preset=\"default\" global_colors_info=\"{}\" locked=\"off\" theme_builder_area=\"post_content\"][et_pb_row _builder_version=\"4.20.4\" _module_preset=\"default\" width=\"85%\" max_width=\"2560px\" global_colors_info=\"{}\" theme_builder_area=\"post_content\"][et_pb_column type=\"4_4\" _builder_version=\"4.20.4\" _module_preset=\"default\" custom_css_main_element=\"display:flex;||justify-content: center;\" global_colors_info=\"{}\" theme_builder_area=\"post_content\"][et_pb_text _builder_version=\"4.20.4\" _module_preset=\"default\" text_font=\"Roca One||||||||\" text_font_size=\"18px\" text_orientation=\"center\" width=\"70%\" max_width=\"70%\" global_colors_info=\"{}\" theme_builder_area=\"post_content\"]<\/p>\n<div style=\"font-family:'Amatic SC';font-size:60px;line-height:2em;font-weight:600;\">NOS MILKSHAKES<\/div>\n<p>Les milkshakes, ce d\u00e9licieux m\u00e9lange de lait, de glace et de douceur, sont un favori depuis des g\u00e9n\u00e9rations. Chez Zumit, nous portons cette d\u00e9licieuse tradition \u00e0 un nouveau niveau de fra\u00eecheur et de saveur. <\/p>\n<p>Nos milkshakes sont bien plus qu'une simple boisson. Chaque gorg\u00e9e est une exp\u00e9rience en soi. Du chocolat classique milkshake, avec sa texture riche et soyeuse, \u00e0 la fraise rafra\u00eechissante milkshake, avec sa douce acidit\u00e9 naturelle qui vibre dans votre palais, chaque option offre quelque chose d'unique.  <\/p>\n<p>Le milkshake oreo est un favori incontestable. Qui peut r\u00e9sister au m\u00e9lange all\u00e9chant de l'embl\u00e9matique biscuit crumble, m\u00e9lang\u00e9 \u00e0 de la glace \u00e0 la vanille et recouvert d'un filet de sauce au chocolat ? <\/p>\n<p>Nous proposons \u00e9galement une banane rafra\u00eechissante milkshake. L'onctuosit\u00e9 de la banane et la texture cr\u00e9meuse de la glace \u00e0 la vanille se combinent pour cr\u00e9er une exp\u00e9rience gustative douce et savoureuse. <\/p>\n<p>Et si vous cherchez quelque chose de hors de l'ordinaire, pourquoi ne pas essayer nos cookie milkshakes ? Nous incorporons de d\u00e9licieux biscuits sabl\u00e9s croquants dans notre m\u00e9lange pour cr\u00e8me glac\u00e9e, cr\u00e9ant ainsi une explosion de texture et de saveur que vous ne trouverez nulle part ailleurs. <\/p>\n<p>Mais ce qui distingue vraiment nos milkshakes, c'est notre touche finale : une g\u00e9n\u00e9reuse couche de cr\u00e8me fouett\u00e9e. Ce nuage de douceur ajoute une texture suppl\u00e9mentaire qui conf\u00e8re \u00e0 chaque gorg\u00e9e un nouveau degr\u00e9 de gourmandise. <\/p>\n<p>Les milkshakes sont plus qu'une simple boisson. Ils sont un moment de pause, un retrait de l'agitation de la vie quotidienne. En prenant un milkshake, vous vous donnez la permission de profiter, de vous d\u00e9lecter de la douceur et de vous d\u00e9tendre. Et chez Zumit, nous sommes fiers de pouvoir offrir cette exp\u00e9rience, servie dans un verre avec une touche de plaisir. <\/p>\n<p>Venez d\u00e9couvrir la joie des milkshakes avec nous.[\/et_pb_text][\/et_pb_column][\/et_pb_row][\/et_pb_section]<\/p>\n","protected":false},"excerpt":{"rendered":"<p>[et_pb_section fb_built=\u00a0\u00bb1&Prime; _builder_version=\u00a0\u00bb4.20.4&Prime; _module_preset=\u00a0\u00bbdefault\u00a0\u00bb custom_margin=\u00a0\u00bb0px||||false|false\u00a0\u00bb custom_padding=\u00a0\u00bb0px||||false|false\u00a0\u00bb global_colors_info=\u00a0\u00bb{}\u00a0\u00bb locked=\u00a0\u00bboff\u00a0\u00bb theme_builder_area=\u00a0\u00bbpost_content\u00a0\u00bb][et_pb_row _builder_version=\u00a0\u00bb4.20.4&Prime; _module_preset=\u00a0\u00bbdefault\u00a0\u00bb width=\u00a0\u00bb100%\u00a0\u00bb max_width=\u00a0\u00bb2560px\u00a0\u00bb custom_margin=\u00a0\u00bb0px||0px||false|false\u00a0\u00bb custom_padding=\u00a0\u00bb0px||0px||false|false\u00a0\u00bb global_colors_info=\u00a0\u00bb{}\u00a0\u00bb theme_builder_area=\u00a0\u00bbpost_content\u00a0\u00bb][et_pb_column type=\u00a0\u00bb4_4&Prime; _builder_version=\u00a0\u00bb4.20.4&Prime; _module_preset=\u00a0\u00bbdefault\u00a0\u00bb global_colors_info=\u00a0\u00bb{}\u00a0\u00bb theme_builder_area=\u00a0\u00bbpost_content\u00a0\u00bb][et_pb_code _builder_version=\u00a0\u00bb4.27.4&Prime; _module_preset=\u00a0\u00bbdefault\u00a0\u00bb global_colors_info=\u00a0\u00bb{}\u00a0\u00bb theme_builder_area=\u00a0\u00bbpost_content\u00a0\u00bb][translated_slider][\/et_pb_code][\/et_pb_column][\/et_pb_row][et_pb_row _builder_version=\u00a0\u00bb4.20.4&Prime; _module_preset=\u00a0\u00bbdefault\u00a0\u00bb width=\u00a0\u00bb100%\u00a0\u00bb max_width=\u00a0\u00bb2560px\u00a0\u00bb custom_margin=\u00a0\u00bb||||false|false\u00a0\u00bb custom_padding=\u00a0\u00bb||||false|false\u00a0\u00bb global_colors_info=\u00a0\u00bb{}\u00a0\u00bb theme_builder_area=\u00a0\u00bbpost_content\u00a0\u00bb][et_pb_column type=\u00a0\u00bb4_4&Prime; _builder_version=\u00a0\u00bb4.20.4&Prime; _module_preset=\u00a0\u00bbdefault\u00a0\u00bb global_colors_info=\u00a0\u00bb{}\u00a0\u00bb theme_builder_area=\u00a0\u00bbpost_content\u00a0\u00bb][et_pb_menu menu_id=\u00a0\u00bb263&Prime; menu_style=\u00a0\u00bbcentered\u00a0\u00bb active_link_color=\u00a0\u00bb#ef7f19&Prime; dropdown_menu_active_link_color=\u00a0\u00bb#ef7f19&Prime; module_id=\u00a0\u00bbmenu_products\u00a0\u00bb _builder_version=\u00a0\u00bb4.20.4&Prime; _module_preset=\u00a0\u00bbdefault\u00a0\u00bb menu_font=\u00a0\u00bbBebas Neue|||on|||||\u00a0\u00bb menu_text_color=\u00a0\u00bb#000000&Prime; menu_font_size=\u00a0\u00bb40px\u00a0\u00bb custom_margin=\u00a0\u00bb||||false|false\u00a0\u00bb custom_padding=\u00a0\u00bb10px||||false|false\u00a0\u00bb global_colors_info=\u00a0\u00bb{}\u00a0\u00bb theme_builder_area=\u00a0\u00bbpost_content\u00a0\u00bb][\/et_pb_menu][et_pb_code disabled_on=\u00a0\u00bboff|off|on\u00a0\u00bb [&hellip;]<\/p>\n","protected":false},"author":4,"featured_media":0,"parent":0,"menu_order":0,"comment_status":"closed","ping_status":"closed","template":"","meta":{"_acf_changed":false,"footnotes":""},"class_list":["post-5188","page","type-page","status-publish","hentry"],"acf":[],"yoast_head":"<!-- This site is optimized with the Yoast SEO plugin v27.2 - https:\/\/yoast.com\/product\/yoast-seo-wordpress\/ -->\n<title>Distributeur de Milkshakes Premium | Zumit<\/title>\n<meta name=\"description\" content=\"Zumit est votre distributeur de milkshakes premium. D\u00e9couvrez nos recettes \u00e0 base de glace vanille, parfaites pour l&#039;Horeca \ud83c\udf6b Contactez-nous pour plus d&#039;infos !\" \/>\n<meta name=\"robots\" content=\"index, follow, max-snippet:-1, max-image-preview:large, max-video-preview:-1\" \/>\n<link rel=\"canonical\" href=\"https:\/\/zumit.es\/fr\/milkshakes\/\" \/>\n<meta property=\"og:locale\" content=\"fr_FR\" \/>\n<meta property=\"og:type\" content=\"article\" \/>\n<meta property=\"og:title\" content=\"Distributeur de Milkshakes Premium | Zumit\" \/>\n<meta property=\"og:description\" content=\"Zumit est votre distributeur de milkshakes premium. D\u00e9couvrez nos recettes \u00e0 base de glace vanille, parfaites pour l&#039;Horeca \ud83c\udf6b Contactez-nous pour plus d&#039;infos !\" \/>\n<meta property=\"og:url\" content=\"https:\/\/zumit.es\/fr\/milkshakes\/\" \/>\n<meta property=\"og:site_name\" content=\"Zumit\" \/>\n<meta property=\"article:modified_time\" content=\"2025-07-11T10:27:25+00:00\" \/>\n<meta name=\"twitter:card\" content=\"summary_large_image\" \/>\n<meta name=\"twitter:label1\" content=\"Dur\u00e9e de lecture estim\u00e9e\" \/>\n\t<meta name=\"twitter:data1\" content=\"5 minutes\" \/>\n<script type=\"application\/ld+json\" class=\"yoast-schema-graph\">{\"@context\":\"https:\/\/schema.org\",\"@graph\":[{\"@type\":\"WebPage\",\"@id\":\"https:\/\/zumit.es\/fr\/milkshakes\/\",\"url\":\"https:\/\/zumit.es\/fr\/milkshakes\/\",\"name\":\"Distributeur de Milkshakes Premium | Zumit\",\"isPartOf\":{\"@id\":\"https:\/\/zumit.it\/#website\"},\"datePublished\":\"2024-02-06T10:56:17+00:00\",\"dateModified\":\"2025-07-11T10:27:25+00:00\",\"description\":\"Zumit est votre distributeur de milkshakes premium. D\u00e9couvrez nos recettes \u00e0 base de glace vanille, parfaites pour l'Horeca \ud83c\udf6b Contactez-nous pour plus d'infos !\",\"breadcrumb\":{\"@id\":\"https:\/\/zumit.es\/fr\/milkshakes\/#breadcrumb\"},\"inLanguage\":\"fr-FR\",\"potentialAction\":[{\"@type\":\"ReadAction\",\"target\":[\"https:\/\/zumit.es\/fr\/milkshakes\/\"]}]},{\"@type\":\"BreadcrumbList\",\"@id\":\"https:\/\/zumit.es\/fr\/milkshakes\/#breadcrumb\",\"itemListElement\":[{\"@type\":\"ListItem\",\"position\":1,\"name\":\"Page d'accueil\",\"item\":\"https:\/\/zumit.fr\/\"},{\"@type\":\"ListItem\",\"position\":2,\"name\":\"Milkshakes\"}]},{\"@type\":\"WebSite\",\"@id\":\"https:\/\/zumit.it\/#website\",\"url\":\"https:\/\/zumit.it\/\",\"name\":\"Zumit\",\"description\":\"Fabricante y Proveedor de Smoothies, Zumos, Fruta IQF\",\"publisher\":{\"@id\":\"https:\/\/zumit.it\/#organization\"},\"potentialAction\":[{\"@type\":\"SearchAction\",\"target\":{\"@type\":\"EntryPoint\",\"urlTemplate\":\"https:\/\/zumit.it\/?s={search_term_string}\"},\"query-input\":{\"@type\":\"PropertyValueSpecification\",\"valueRequired\":true,\"valueName\":\"search_term_string\"}}],\"inLanguage\":\"fr-FR\"},{\"@type\":\"Organization\",\"@id\":\"https:\/\/zumit.it\/#organization\",\"name\":\"Zumit\",\"url\":\"https:\/\/zumit.it\/\",\"logo\":{\"@type\":\"ImageObject\",\"inLanguage\":\"fr-FR\",\"@id\":\"https:\/\/zumit.it\/#\/schema\/logo\/image\/\",\"url\":\"https:\/\/zumit.es\/wp-content\/uploads\/Logos_Zumit_Gris-principal-1-1.png\",\"contentUrl\":\"https:\/\/zumit.es\/wp-content\/uploads\/Logos_Zumit_Gris-principal-1-1.png\",\"width\":400,\"height\":167,\"caption\":\"Zumit\"},\"image\":{\"@id\":\"https:\/\/zumit.it\/#\/schema\/logo\/image\/\"}}]}<\/script>\n<!-- \/ Yoast SEO plugin. -->","yoast_head_json":{"title":"Distributeur de Milkshakes Premium | Zumit","description":"Zumit est votre distributeur de milkshakes premium. D\u00e9couvrez nos recettes \u00e0 base de glace vanille, parfaites pour l'Horeca \ud83c\udf6b Contactez-nous pour plus d'infos !","robots":{"index":"index","follow":"follow","max-snippet":"max-snippet:-1","max-image-preview":"max-image-preview:large","max-video-preview":"max-video-preview:-1"},"canonical":"https:\/\/zumit.es\/fr\/milkshakes\/","og_locale":"fr_FR","og_type":"article","og_title":"Distributeur de Milkshakes Premium | Zumit","og_description":"Zumit est votre distributeur de milkshakes premium. D\u00e9couvrez nos recettes \u00e0 base de glace vanille, parfaites pour l'Horeca \ud83c\udf6b Contactez-nous pour plus d'infos !","og_url":"https:\/\/zumit.es\/fr\/milkshakes\/","og_site_name":"Zumit","article_modified_time":"2025-07-11T10:27:25+00:00","twitter_card":"summary_large_image","twitter_misc":{"Dur\u00e9e de lecture estim\u00e9e":"5 minutes"},"schema":{"@context":"https:\/\/schema.org","@graph":[{"@type":"WebPage","@id":"https:\/\/zumit.es\/fr\/milkshakes\/","url":"https:\/\/zumit.es\/fr\/milkshakes\/","name":"Distributeur de Milkshakes Premium | Zumit","isPartOf":{"@id":"https:\/\/zumit.it\/#website"},"datePublished":"2024-02-06T10:56:17+00:00","dateModified":"2025-07-11T10:27:25+00:00","description":"Zumit est votre distributeur de milkshakes premium. D\u00e9couvrez nos recettes \u00e0 base de glace vanille, parfaites pour l'Horeca \ud83c\udf6b Contactez-nous pour plus d'infos !","breadcrumb":{"@id":"https:\/\/zumit.es\/fr\/milkshakes\/#breadcrumb"},"inLanguage":"fr-FR","potentialAction":[{"@type":"ReadAction","target":["https:\/\/zumit.es\/fr\/milkshakes\/"]}]},{"@type":"BreadcrumbList","@id":"https:\/\/zumit.es\/fr\/milkshakes\/#breadcrumb","itemListElement":[{"@type":"ListItem","position":1,"name":"Page d'accueil","item":"https:\/\/zumit.fr\/"},{"@type":"ListItem","position":2,"name":"Milkshakes"}]},{"@type":"WebSite","@id":"https:\/\/zumit.it\/#website","url":"https:\/\/zumit.it\/","name":"Zumit","description":"Fabricante y Proveedor de Smoothies, Zumos, Fruta IQF","publisher":{"@id":"https:\/\/zumit.it\/#organization"},"potentialAction":[{"@type":"SearchAction","target":{"@type":"EntryPoint","urlTemplate":"https:\/\/zumit.it\/?s={search_term_string}"},"query-input":{"@type":"PropertyValueSpecification","valueRequired":true,"valueName":"search_term_string"}}],"inLanguage":"fr-FR"},{"@type":"Organization","@id":"https:\/\/zumit.it\/#organization","name":"Zumit","url":"https:\/\/zumit.it\/","logo":{"@type":"ImageObject","inLanguage":"fr-FR","@id":"https:\/\/zumit.it\/#\/schema\/logo\/image\/","url":"https:\/\/zumit.es\/wp-content\/uploads\/Logos_Zumit_Gris-principal-1-1.png","contentUrl":"https:\/\/zumit.es\/wp-content\/uploads\/Logos_Zumit_Gris-principal-1-1.png","width":400,"height":167,"caption":"Zumit"},"image":{"@id":"https:\/\/zumit.it\/#\/schema\/logo\/image\/"}}]}},"_links":{"self":[{"href":"https:\/\/zumit.es\/fr\/wp-json\/wp\/v2\/pages\/5188","targetHints":{"allow":["GET"]}}],"collection":[{"href":"https:\/\/zumit.es\/fr\/wp-json\/wp\/v2\/pages"}],"about":[{"href":"https:\/\/zumit.es\/fr\/wp-json\/wp\/v2\/types\/page"}],"author":[{"embeddable":true,"href":"https:\/\/zumit.es\/fr\/wp-json\/wp\/v2\/users\/4"}],"replies":[{"embeddable":true,"href":"https:\/\/zumit.es\/fr\/wp-json\/wp\/v2\/comments?post=5188"}],"version-history":[{"count":4,"href":"https:\/\/zumit.es\/fr\/wp-json\/wp\/v2\/pages\/5188\/revisions"}],"predecessor-version":[{"id":17927,"href":"https:\/\/zumit.es\/fr\/wp-json\/wp\/v2\/pages\/5188\/revisions\/17927"}],"wp:attachment":[{"href":"https:\/\/zumit.es\/fr\/wp-json\/wp\/v2\/media?parent=5188"}],"curies":[{"name":"wp","href":"https:\/\/api.w.org\/{rel}","templated":true}]}}