{"id":5084,"date":"2023-12-28T04:38:57","date_gmt":"2023-12-28T03:38:57","guid":{"rendered":"https:\/\/zumit.es\/avis-juridique\/"},"modified":"2025-07-09T08:02:38","modified_gmt":"2025-07-09T06:02:38","slug":"avis-juridique","status":"publish","type":"page","link":"https:\/\/zumit.es\/fr\/avis-juridique\/","title":{"rendered":"Avis Juridique"},"content":{"rendered":"<p>[et_pb_section fb_built=\u00a0\u00bb1&Prime; _builder_version=\u00a0\u00bb4.20.4&Prime; _module_preset=\u00a0\u00bbdefault\u00a0\u00bb global_colors_info=\u00a0\u00bb{}\u00a0\u00bb][et_pb_row _builder_version=\u00a0\u00bb4.20.4&Prime; _module_preset=\u00a0\u00bbdefault\u00a0\u00bb width=\u00a0\u00bb85%\u00a0\u00bb max_width=\u00a0\u00bb2560px\u00a0\u00bb custom_margin=\u00a0\u00bb||||false|false\u00a0\u00bb custom_padding=\u00a0\u00bb0px||||false|false\u00a0\u00bb locked=\u00a0\u00bboff\u00a0\u00bb global_colors_info=\u00a0\u00bb{}\u00a0\u00bb][et_pb_column type=\u00a0\u00bb4_4&Prime; _builder_version=\u00a0\u00bb4.20.4&Prime; _module_preset=\u00a0\u00bbdefault\u00a0\u00bb global_colors_info=\u00a0\u00bb{}\u00a0\u00bb][et_pb_text _builder_version=\u00a0\u00bb4.27.4&Prime; _module_preset=\u00a0\u00bbdefault\u00a0\u00bb text_font=\u00a0\u00bbRoca One||||||||\u00a0\u00bb text_text_color=\u00a0\u00bb#000000&Prime; text_font_size=\u00a0\u00bb18px\u00a0\u00bb header_font=\u00a0\u00bbAmatic SC|700|||||||\u00a0\u00bb header_3_font=\u00a0\u00bbRoca One|600|||||||\u00a0\u00bb header_3_text_color=\u00a0\u00bb#ef7f19&Prime; hover_enabled=\u00a0\u00bb0&Prime; global_colors_info=\u00a0\u00bb{}\u00a0\u00bb header_font_size=\u00a0\u00bb57px\u00a0\u00bb sticky_enabled=\u00a0\u00bb0&Prime;]<\/p>\n<ol><\/ol>\n<h1 style=\"font-weight: 400;\">AVIS JURIDIQUE ZUMIT<\/h1>\n<p>Conform\u00e9ment \u00e0 la loi 34\/2002, du 11 juillet, sur les services de la soci\u00e9t\u00e9 de l&rsquo;information et le commerce \u00e9lectronique (LSSI-CE), SQUEEZE LIFE SL informe qu&rsquo;elle est propri\u00e9taire du site web. Conform\u00e9ment aux dispositions de l&rsquo;article 10 de ladite loi, SQUEEZE LIFE SL communique les donn\u00e9es suivantes : <\/p>\n<p>-Nom de l&rsquo;entreprise : Squeeze LIFE S.L.<\/p>\n<p>-NIF:B54287347<\/p>\n<p>-Domaine : <a href=\"https:\/\/zumit.es\">www.zumit.es<\/a><\/p>\n<p>-Adresse postale : Avenida Eusebio Sempere, 13-entlo, 03003, Alicante\/Alacant(Alacant)<\/p>\n<p>Adresse \u00e9lectronique : <a href=\"mailto:sforner@zumit.es\">sforner@zumit.es<\/a><\/p>\n<p>-T\u00e9l\u00e9phone : 965140775<\/p>\n<p>-Num\u00e9ro d&rsquo;enregistrement\/donn\u00e9es compl\u00e9mentaires : volume ; 3245, folio:190, feuille : H A 109881, entr\u00e9e : 9<\/p>\n<p>&nbsp;<\/p>\n<h3>Utilisateur et r\u00e9gime de responsabilit\u00e9<\/h3>\n<p>&nbsp;<\/p>\n<p>La navigation, l&rsquo;acc\u00e8s et l&rsquo;utilisation du site web de SQUEEZE LIFE SL conf\u00e8rent la condition d&rsquo;utilisateur.<\/p>\n<p>Le site web de SQUEEZE LIFE SL fournit un large \u00e9ventail d&rsquo;informations, de services et de donn\u00e9es. L&rsquo;utilisateur assume la responsabilit\u00e9 de l&rsquo;utilisation correcte du site. Cette responsabilit\u00e9 s&rsquo;\u00e9tend \u00e0 :  <\/p>\n<ul>\n<li>La v\u00e9racit\u00e9 et la l\u00e9galit\u00e9 des informations fournies par l&rsquo;utilisateur sur les formulaires fournis par SQUEEZE LIFE SL pour l&rsquo;acc\u00e8s \u00e0 certains contenus ou services offerts par le web.<\/li>\n<\/ul>\n<p>L&rsquo;utilisation des informations, services et donn\u00e9es propos\u00e9s par SQUEEZE LIFE SL contraire aux dispositions des pr\u00e9sentes conditions, \u00e0 la loi, \u00e0 la morale, aux bonnes m\u0153urs ou \u00e0 l&rsquo;ordre public, ou qui, de toute autre mani\u00e8re, peut entra\u00eener des dommages aux droits des tiers ou au fonctionnement du site Internet.<\/p>\n<p>&nbsp;<\/p>\n<h3>Politique de liaison et clauses de non-responsabilit\u00e9<\/h3>\n<p>&nbsp;<\/p>\n<p>SQUEEZE LIFE SL n&rsquo;est pas responsable du contenu des sites web auxquels l&rsquo;utilisateur peut acc\u00e9der par le biais des liens \u00e9tablis sur son site web, \u00e0 condition qu&rsquo;elle n&rsquo;ait pas effectivement connaissance que l&rsquo;activit\u00e9 ou l&rsquo;information \u00e0 laquelle elle renvoie ou qu&rsquo;elle recommande est ill\u00e9gale ou qu&rsquo;elle porte atteinte \u00e0 la propri\u00e9t\u00e9 ou aux droits d&rsquo;un tiers susceptible d&rsquo;\u00eatre indemnis\u00e9, ou, si c&rsquo;est le cas, qu&rsquo;elle agisse avec diligence pour supprimer ou d\u00e9sactiver le lien correspondant.<\/p>\n<p>Il est entendu que SQUEEZE LIFE SL a la connaissance effective vis\u00e9e au paragraphe pr\u00e9c\u00e9dent lorsqu&rsquo;un organisme comp\u00e9tent a d\u00e9clar\u00e9 l&rsquo;ill\u00e9galit\u00e9 des donn\u00e9es, a ordonn\u00e9 leur retrait ou l&rsquo;impossibilit\u00e9 d&rsquo;y acc\u00e9der, ou a \u00e9t\u00e9 inform\u00e9 de l&rsquo;existence du dommage, et que SQUEEZE LIFE SL a connaissance de la r\u00e9solution correspondante, sans pr\u00e9judice des proc\u00e9dures de d\u00e9tection et de retrait des contenus que SQUEEZE LIFE SL applique en vertu d&rsquo;accords volontaires et d&rsquo;autres moyens de connaissance effective qui peuvent \u00eatre mis en place.<\/p>\n<p>SQUEEZE LIFE SL d\u00e9clare avoir adopt\u00e9 toutes les mesures n\u00e9cessaires pour \u00e9viter aux utilisateurs de son site Web tout dommage pouvant r\u00e9sulter de la navigation sur son site. Par cons\u00e9quent, SQUEEZE LIFE SL n&rsquo;est en aucun cas responsable des \u00e9ventuels dommages que l&rsquo;utilisateur pourrait subir en naviguant sur Internet. De m\u00eame, elle ne garantit pas la disponibilit\u00e9 technique, l&rsquo;exactitude, la v\u00e9racit\u00e9, la validit\u00e9 ou la l\u00e9galit\u00e9 des sites ext\u00e9rieurs \u00e0 sa propri\u00e9t\u00e9 auxquels il est possible d&rsquo;acc\u00e9der par le biais des liens.  <\/p>\n<h3><\/h3>\n<h3><\/h3>\n<h3>Modifications<\/h3>\n<p>&nbsp;<\/p>\n<p>SQUEEZE LIFE SL se r\u00e9serve le droit d&rsquo;apporter, \u00e0 tout moment et sans pr\u00e9avis, des modifications et des mises \u00e0 jour \u00e0 l&rsquo;information contenue sur son site Web ou \u00e0 la configuration et \u00e0 la pr\u00e9sentation de celui-ci. Afin de maintenir l&rsquo;information publi\u00e9e \u00e0 jour, le contenu peut \u00eatre modifi\u00e9, corrig\u00e9, \u00e9limin\u00e9 ou compl\u00e9t\u00e9 \u00e0 tout moment, par tous les moyens autoris\u00e9s par la loi. <\/p>\n<h3><\/h3>\n<h3>Indication de prix<\/h3>\n<p>&nbsp;<\/p>\n<p>En cas d&rsquo;affichage de prix de produits et\/ou de services, les prix affich\u00e9s \u00e0 l&rsquo;\u00e9cran sont ceux en vigueur \u00e0 tout moment. Les prix sont indiqu\u00e9s en euros et incluent la taxe sur la valeur ajout\u00e9e (TVA). Si la TVA n&rsquo;est pas incluse dans le prix, cela sera express\u00e9ment indiqu\u00e9 et l&rsquo;utilisateur pourra consulter le prix final complet.  <\/p>\n<p>De m\u00eame, si une autre taxe est applicable, elle doit \u00eatre indiqu\u00e9e, y compris, le cas \u00e9ch\u00e9ant, le montant des majorations ou des r\u00e9ductions applicables \u00e0 l&rsquo;offre et les co\u00fbts suppl\u00e9mentaires qui peuvent \u00eatre r\u00e9percut\u00e9s sur le consommateur ou l&rsquo;utilisateur.<\/p>\n<h3><\/h3>\n<h3>Propri\u00e9t\u00e9 intellectuelle et industrielle<\/h3>\n<p>&nbsp;<\/p>\n<p>SQUEEZE LIFE SL d\u00e9tient, elle-m\u00eame ou en tant que cessionnaire, tous les droits de propri\u00e9t\u00e9 intellectuelle et industrielle de son site Web, ainsi que des \u00e9l\u00e9ments qu&rsquo;il contient (y compris, mais sans s&rsquo;y limiter, les images, le son, l&rsquo;audio, la vid\u00e9o, le logiciel ou le texte, les marques ou les logos, les combinaisons de couleurs, la structure et la conception, la s\u00e9lection des mat\u00e9riaux utilis\u00e9s, les programmes informatiques n\u00e9cessaires \u00e0 son fonctionnement, \u00e0 son acc\u00e8s et \u00e0 son utilisation, etc. ), propri\u00e9t\u00e9 de SQUEEZE LIFE SL. Il s&rsquo;agit donc d&rsquo;\u0153uvres prot\u00e9g\u00e9es en tant que propri\u00e9t\u00e9 intellectuelle par le syst\u00e8me juridique espagnol, auquel s&rsquo;appliquent les r\u00e9glementations espagnoles et communautaires en la mati\u00e8re, ainsi que les trait\u00e9s internationaux en la mati\u00e8re sign\u00e9s par l&rsquo;Espagne. <\/p>\n<p>Tous droits r\u00e9serv\u00e9s. En vertu des dispositions de la loi sur la propri\u00e9t\u00e9 intellectuelle, la reproduction, la distribution et la communication publique, y compris le mode de mise \u00e0 disposition, de tout ou partie du contenu de ce site Web, \u00e0 des fins commerciales, sur tout support et par tout moyen technique, sans l&rsquo;autorisation de SQUEEZE LIFE SL, sont express\u00e9ment interdites.<\/p>\n<p>L&rsquo;utilisateur s&rsquo;engage \u00e0 respecter les droits de propri\u00e9t\u00e9 intellectuelle et industrielle d\u00e9tenus par SQUEEZE LIFE SL. Vous pouvez visualiser les \u00e9l\u00e9ments du portail et m\u00eame les imprimer, les copier et les stocker sur le disque dur de votre ordinateur ou sur tout autre support physique, \u00e0 condition que ce soit uniquement et exclusivement pour votre usage personnel et priv\u00e9. L&rsquo;utilisateur doit s&rsquo;abstenir de supprimer, d&rsquo;alt\u00e9rer, d&rsquo;\u00e9luder ou de manipuler tout dispositif de protection ou syst\u00e8me de s\u00e9curit\u00e9 install\u00e9 sur les pages de SQUEEZE LIFE SL.  <\/p>\n<h3><\/h3>\n<h3>Certificat SSL (secure sockets layer)<\/h3>\n<p>&nbsp;<\/p>\n<p>Le CERTIFICAT SSL assure l&rsquo;authentification, la confidentialit\u00e9 et la s\u00e9curit\u00e9 des informations entre SQUEEZE LIFE SL et l&rsquo;utilisateur.<\/p>\n<p>SQUEEZE LIFE SL poss\u00e8de un certificat de s\u00e9curit\u00e9 qui est utilis\u00e9 par SSL CERTIFICATE pour les connexions s\u00e9curis\u00e9es.<\/p>\n<p>Dans ce processus, plusieurs param\u00e8tres sont d\u00e9finis pour s\u00e9curiser la connexion et celle-ci est \u00e9tablie \u00e0 l&rsquo;aide de cl\u00e9s pr\u00e9\u00e9tablies, en cryptant et d\u00e9cryptant toutes les donn\u00e9es envoy\u00e9es jusqu&rsquo;\u00e0 ce que la connexion soit ferm\u00e9e.<\/p>\n<h3><\/h3>\n<h3>Action en justice, droit applicable et juridiction<\/h3>\n<p>&nbsp;<\/p>\n<p>Si l&rsquo;utilisateur souhaite d\u00e9poser une plainte, il doit nous contacter par courrier \u00e9lectronique \u00e0 l&rsquo;adresse <a href=\"mailto:sforner@zumit.es\">sforner@zumit.es<\/a>. De m\u00eame, SQUEEZE LIFE SL met \u00e0 la disposition des consommateurs et des utilisateurs des formulaires de r\u00e9clamation officiels. <\/p>\n<p>SQUEEZE LIFE SL. se r\u00e9serve le droit d&rsquo;intenter toute action civile ou p\u00e9nale qu&rsquo;elle jugera appropri\u00e9e en cas d&rsquo;utilisation inappropri\u00e9e de son site Web et de son contenu, ou en cas de violation des pr\u00e9sentes conditions. <\/p>\n<p>La relation entre l&rsquo;utilisateur et le prestataire est r\u00e9gie par la r\u00e9glementation en vigueur et applicable sur le territoire espagnol. En cas de litige, les parties peuvent soumettre leurs diff\u00e9rends \u00e0 l&rsquo;arbitrage ou \u00e0 la juridiction ordinaire conform\u00e9ment aux r\u00e8gles de juridiction et de comp\u00e9tence en la mati\u00e8re. <\/p>\n<p>Les contrats conclus par voie \u00e9lectronique dans lesquels il est consommateur sont pr\u00e9sum\u00e9s avoir \u00e9t\u00e9 conclus au lieu o\u00f9 il a sa r\u00e9sidence habituelle.<\/p>\n<p>Les contrats \u00e9lectroniques entre entrepreneurs ou professionnels sont pr\u00e9sum\u00e9s, en l&rsquo;absence d&rsquo;accord entre les parties, avoir \u00e9t\u00e9 conclus au lieu d&rsquo;\u00e9tablissement du prestataire de services.<\/p>\n<p>Conform\u00e9ment au r\u00e8glement (UE) 524\/2013 : Commission europ\u00e9enne, nous vous informons que vous avez le droit de demander une r\u00e9solution extrajudiciaire des litiges de consommation par le biais d&rsquo;une plateforme de r\u00e9solution des litiges en ligne, disponible sur le lien suivant : <a href=\"https:\/\/ec.europa.eu\/consumers\/odr\/\">https:\/\/ec.europa.eu\/consumers\/odr\/<\/a><\/p>\n<p>Derni\u00e8re mise \u00e0 jour : 27 f\u00e9vrier 2025<\/p>\n<h3><\/h3>\n<p>[\/et_pb_text][\/et_pb_column][\/et_pb_row][\/et_pb_section]<\/p>\n","protected":false},"excerpt":{"rendered":"<p>[et_pb_section fb_built=\u00a0\u00bb1&Prime; _builder_version=\u00a0\u00bb4.20.4&Prime; _module_preset=\u00a0\u00bbdefault\u00a0\u00bb global_colors_info=\u00a0\u00bb{}\u00a0\u00bb][et_pb_row _builder_version=\u00a0\u00bb4.20.4&Prime; _module_preset=\u00a0\u00bbdefault\u00a0\u00bb width=\u00a0\u00bb85%\u00a0\u00bb max_width=\u00a0\u00bb2560px\u00a0\u00bb custom_margin=\u00a0\u00bb||||false|false\u00a0\u00bb custom_padding=\u00a0\u00bb0px||||false|false\u00a0\u00bb locked=\u00a0\u00bboff\u00a0\u00bb global_colors_info=\u00a0\u00bb{}\u00a0\u00bb][et_pb_column type=\u00a0\u00bb4_4&Prime; _builder_version=\u00a0\u00bb4.20.4&Prime; _module_preset=\u00a0\u00bbdefault\u00a0\u00bb global_colors_info=\u00a0\u00bb{}\u00a0\u00bb][et_pb_text _builder_version=\u00a0\u00bb4.27.4&Prime; _module_preset=\u00a0\u00bbdefault\u00a0\u00bb text_font=\u00a0\u00bbRoca One||||||||\u00a0\u00bb text_text_color=\u00a0\u00bb#000000&Prime; text_font_size=\u00a0\u00bb18px\u00a0\u00bb header_font=\u00a0\u00bbAmatic SC|700|||||||\u00a0\u00bb header_3_font=\u00a0\u00bbRoca One|600|||||||\u00a0\u00bb header_3_text_color=\u00a0\u00bb#ef7f19&Prime; hover_enabled=\u00a0\u00bb0&Prime; global_colors_info=\u00a0\u00bb{}\u00a0\u00bb header_font_size=\u00a0\u00bb57px\u00a0\u00bb sticky_enabled=\u00a0\u00bb0&Prime;] AVIS JURIDIQUE ZUMIT Conform\u00e9ment \u00e0 la loi 34\/2002, du 11 juillet, sur les services de la soci\u00e9t\u00e9 de l&rsquo;information et le commerce \u00e9lectronique [&hellip;]<\/p>\n","protected":false},"author":12,"featured_media":0,"parent":0,"menu_order":0,"comment_status":"closed","ping_status":"closed","template":"","meta":{"_acf_changed":false,"footnotes":""},"class_list":["post-5084","page","type-page","status-publish","hentry"],"acf":[],"yoast_head":"<!-- This site is optimized with the Yoast SEO plugin v27.2 - https:\/\/yoast.com\/product\/yoast-seo-wordpress\/ -->\n<title>Mentions l\u00e9gales de notre entreprise -% %%%.<\/title>\n<meta name=\"description\" content=\"Si vous avez des questions, veuillez nous contacter \u00e0 l&#039;adresse \ud83d\udcf2info@zumit.es ou en appelant \ud83d\udcde965140775.\" \/>\n<meta name=\"robots\" content=\"index, follow, max-snippet:-1, max-image-preview:large, max-video-preview:-1\" \/>\n<link rel=\"canonical\" href=\"https:\/\/zumit.es\/fr\/avis-juridique\/\" \/>\n<meta property=\"og:locale\" content=\"fr_FR\" \/>\n<meta property=\"og:type\" content=\"article\" \/>\n<meta property=\"og:title\" content=\"Mentions l\u00e9gales de notre entreprise -% %%%.\" \/>\n<meta property=\"og:description\" content=\"Si vous avez des questions, veuillez nous contacter \u00e0 l&#039;adresse \ud83d\udcf2info@zumit.es ou en appelant \ud83d\udcde965140775.\" \/>\n<meta property=\"og:url\" content=\"https:\/\/zumit.es\/fr\/avis-juridique\/\" \/>\n<meta property=\"og:site_name\" content=\"Zumit\" \/>\n<meta property=\"article:modified_time\" content=\"2025-07-09T06:02:38+00:00\" \/>\n<meta name=\"twitter:card\" content=\"summary_large_image\" \/>\n<meta name=\"twitter:label1\" content=\"Dur\u00e9e de lecture estim\u00e9e\" \/>\n\t<meta name=\"twitter:data1\" content=\"7 minutes\" \/>\n<script type=\"application\/ld+json\" class=\"yoast-schema-graph\">{\"@context\":\"https:\/\/schema.org\",\"@graph\":[{\"@type\":\"WebPage\",\"@id\":\"https:\/\/zumit.es\/fr\/avis-juridique\/\",\"url\":\"https:\/\/zumit.es\/fr\/avis-juridique\/\",\"name\":\"Mentions l\u00e9gales de notre entreprise -% %%%.\",\"isPartOf\":{\"@id\":\"https:\/\/zumit.it\/#website\"},\"datePublished\":\"2023-12-28T03:38:57+00:00\",\"dateModified\":\"2025-07-09T06:02:38+00:00\",\"description\":\"Si vous avez des questions, veuillez nous contacter \u00e0 l'adresse \ud83d\udcf2info@zumit.es ou en appelant \ud83d\udcde965140775.\",\"breadcrumb\":{\"@id\":\"https:\/\/zumit.es\/fr\/avis-juridique\/#breadcrumb\"},\"inLanguage\":\"fr-FR\",\"potentialAction\":[{\"@type\":\"ReadAction\",\"target\":[\"https:\/\/zumit.es\/fr\/avis-juridique\/\"]}]},{\"@type\":\"BreadcrumbList\",\"@id\":\"https:\/\/zumit.es\/fr\/avis-juridique\/#breadcrumb\",\"itemListElement\":[{\"@type\":\"ListItem\",\"position\":1,\"name\":\"Page d'accueil\",\"item\":\"https:\/\/zumit.fr\/\"},{\"@type\":\"ListItem\",\"position\":2,\"name\":\"Avis Juridique\"}]},{\"@type\":\"WebSite\",\"@id\":\"https:\/\/zumit.it\/#website\",\"url\":\"https:\/\/zumit.it\/\",\"name\":\"Zumit\",\"description\":\"Fabricante y Proveedor de Smoothies, Zumos, Fruta IQF\",\"publisher\":{\"@id\":\"https:\/\/zumit.it\/#organization\"},\"potentialAction\":[{\"@type\":\"SearchAction\",\"target\":{\"@type\":\"EntryPoint\",\"urlTemplate\":\"https:\/\/zumit.it\/?s={search_term_string}\"},\"query-input\":{\"@type\":\"PropertyValueSpecification\",\"valueRequired\":true,\"valueName\":\"search_term_string\"}}],\"inLanguage\":\"fr-FR\"},{\"@type\":\"Organization\",\"@id\":\"https:\/\/zumit.it\/#organization\",\"name\":\"Zumit\",\"url\":\"https:\/\/zumit.it\/\",\"logo\":{\"@type\":\"ImageObject\",\"inLanguage\":\"fr-FR\",\"@id\":\"https:\/\/zumit.it\/#\/schema\/logo\/image\/\",\"url\":\"https:\/\/zumit.es\/wp-content\/uploads\/Logos_Zumit_Gris-principal-1-1.png\",\"contentUrl\":\"https:\/\/zumit.es\/wp-content\/uploads\/Logos_Zumit_Gris-principal-1-1.png\",\"width\":400,\"height\":167,\"caption\":\"Zumit\"},\"image\":{\"@id\":\"https:\/\/zumit.it\/#\/schema\/logo\/image\/\"}}]}<\/script>\n<!-- \/ Yoast SEO plugin. -->","yoast_head_json":{"title":"Mentions l\u00e9gales de notre entreprise -% %%%.","description":"Si vous avez des questions, veuillez nous contacter \u00e0 l'adresse \ud83d\udcf2info@zumit.es ou en appelant \ud83d\udcde965140775.","robots":{"index":"index","follow":"follow","max-snippet":"max-snippet:-1","max-image-preview":"max-image-preview:large","max-video-preview":"max-video-preview:-1"},"canonical":"https:\/\/zumit.es\/fr\/avis-juridique\/","og_locale":"fr_FR","og_type":"article","og_title":"Mentions l\u00e9gales de notre entreprise -% %%%.","og_description":"Si vous avez des questions, veuillez nous contacter \u00e0 l'adresse \ud83d\udcf2info@zumit.es ou en appelant \ud83d\udcde965140775.","og_url":"https:\/\/zumit.es\/fr\/avis-juridique\/","og_site_name":"Zumit","article_modified_time":"2025-07-09T06:02:38+00:00","twitter_card":"summary_large_image","twitter_misc":{"Dur\u00e9e de lecture estim\u00e9e":"7 minutes"},"schema":{"@context":"https:\/\/schema.org","@graph":[{"@type":"WebPage","@id":"https:\/\/zumit.es\/fr\/avis-juridique\/","url":"https:\/\/zumit.es\/fr\/avis-juridique\/","name":"Mentions l\u00e9gales de notre entreprise -% %%%.","isPartOf":{"@id":"https:\/\/zumit.it\/#website"},"datePublished":"2023-12-28T03:38:57+00:00","dateModified":"2025-07-09T06:02:38+00:00","description":"Si vous avez des questions, veuillez nous contacter \u00e0 l'adresse \ud83d\udcf2info@zumit.es ou en appelant \ud83d\udcde965140775.","breadcrumb":{"@id":"https:\/\/zumit.es\/fr\/avis-juridique\/#breadcrumb"},"inLanguage":"fr-FR","potentialAction":[{"@type":"ReadAction","target":["https:\/\/zumit.es\/fr\/avis-juridique\/"]}]},{"@type":"BreadcrumbList","@id":"https:\/\/zumit.es\/fr\/avis-juridique\/#breadcrumb","itemListElement":[{"@type":"ListItem","position":1,"name":"Page d'accueil","item":"https:\/\/zumit.fr\/"},{"@type":"ListItem","position":2,"name":"Avis Juridique"}]},{"@type":"WebSite","@id":"https:\/\/zumit.it\/#website","url":"https:\/\/zumit.it\/","name":"Zumit","description":"Fabricante y Proveedor de Smoothies, Zumos, Fruta IQF","publisher":{"@id":"https:\/\/zumit.it\/#organization"},"potentialAction":[{"@type":"SearchAction","target":{"@type":"EntryPoint","urlTemplate":"https:\/\/zumit.it\/?s={search_term_string}"},"query-input":{"@type":"PropertyValueSpecification","valueRequired":true,"valueName":"search_term_string"}}],"inLanguage":"fr-FR"},{"@type":"Organization","@id":"https:\/\/zumit.it\/#organization","name":"Zumit","url":"https:\/\/zumit.it\/","logo":{"@type":"ImageObject","inLanguage":"fr-FR","@id":"https:\/\/zumit.it\/#\/schema\/logo\/image\/","url":"https:\/\/zumit.es\/wp-content\/uploads\/Logos_Zumit_Gris-principal-1-1.png","contentUrl":"https:\/\/zumit.es\/wp-content\/uploads\/Logos_Zumit_Gris-principal-1-1.png","width":400,"height":167,"caption":"Zumit"},"image":{"@id":"https:\/\/zumit.it\/#\/schema\/logo\/image\/"}}]}},"_links":{"self":[{"href":"https:\/\/zumit.es\/fr\/wp-json\/wp\/v2\/pages\/5084","targetHints":{"allow":["GET"]}}],"collection":[{"href":"https:\/\/zumit.es\/fr\/wp-json\/wp\/v2\/pages"}],"about":[{"href":"https:\/\/zumit.es\/fr\/wp-json\/wp\/v2\/types\/page"}],"author":[{"embeddable":true,"href":"https:\/\/zumit.es\/fr\/wp-json\/wp\/v2\/users\/12"}],"replies":[{"embeddable":true,"href":"https:\/\/zumit.es\/fr\/wp-json\/wp\/v2\/comments?post=5084"}],"version-history":[{"count":5,"href":"https:\/\/zumit.es\/fr\/wp-json\/wp\/v2\/pages\/5084\/revisions"}],"predecessor-version":[{"id":17171,"href":"https:\/\/zumit.es\/fr\/wp-json\/wp\/v2\/pages\/5084\/revisions\/17171"}],"wp:attachment":[{"href":"https:\/\/zumit.es\/fr\/wp-json\/wp\/v2\/media?parent=5084"}],"curies":[{"name":"wp","href":"https:\/\/api.w.org\/{rel}","templated":true}]}}