{"id":12975,"date":"2025-04-04T09:19:14","date_gmt":"2025-04-04T07:19:14","guid":{"rendered":"https:\/\/zumit.es\/politique-de-confidentialite-des-medias-sociaux\/"},"modified":"2025-04-07T09:00:49","modified_gmt":"2025-04-07T07:00:49","slug":"politique-de-confidentialite-des-medias-sociaux","status":"publish","type":"page","link":"https:\/\/zumit.es\/fr\/politique-de-confidentialite-des-medias-sociaux\/","title":{"rendered":"POLITIQUE DE CONFIDENTIALIT\u00c9 DES M\u00c9DIAS SOCIAUX"},"content":{"rendered":"<p>[et_pb_section fb_built=\u00a0\u00bb1&Prime; _builder_version=\u00a0\u00bb4.20.4&Prime; _module_preset=\u00a0\u00bbdefault\u00a0\u00bb global_colors_info=\u00a0\u00bb{}\u00a0\u00bb][et_pb_row _builder_version=\u00a0\u00bb4.20.4&Prime; _module_preset=\u00a0\u00bbdefault\u00a0\u00bb width=\u00a0\u00bb85%\u00a0\u00bb max_width=\u00a0\u00bb2560px\u00a0\u00bb custom_margin=\u00a0\u00bb||||false|false\u00a0\u00bb custom_padding=\u00a0\u00bb0px||||false|false\u00a0\u00bb locked=\u00a0\u00bboff\u00a0\u00bb global_colors_info=\u00a0\u00bb{}\u00a0\u00bb][et_pb_column type=\u00a0\u00bb4_4&Prime; _builder_version=\u00a0\u00bb4.20.4&Prime; _module_preset=\u00a0\u00bbdefault\u00a0\u00bb global_colors_info=\u00a0\u00bb{}\u00a0\u00bb][et_pb_text _builder_version=\u00a0\u00bb4.27.4&Prime; _module_preset=\u00a0\u00bbdefault\u00a0\u00bb text_font=\u00a0\u00bbRoca One||||||||\u00a0\u00bb text_text_color=\u00a0\u00bb#000000&Prime; text_font_size=\u00a0\u00bb18px\u00a0\u00bb header_font=\u00a0\u00bbAmaticSC Regular|700|||||||\u00a0\u00bb header_3_font=\u00a0\u00bbRoca One||||||||\u00a0\u00bb header_3_text_color=\u00a0\u00bb#ef7f19&Prime; hover_enabled=\u00a0\u00bb0&Prime; global_colors_info=\u00a0\u00bb{}\u00a0\u00bb header_font_size=\u00a0\u00bb40px\u00a0\u00bb sticky_enabled=\u00a0\u00bb0&Prime;]<\/p>\n<h1>POLITIQUE DE CONFIDENTIALIT\u00c9 DES M\u00c9DIAS SOCIAUX<\/h1>\n<p>Conform\u00e9ment aux dispositions de la r\u00e9glementation en vigueur et applicable en mati\u00e8re de protection des donn\u00e9es \u00e0 caract\u00e8re personnel et de la loi 34\/2002, du 11 juillet, sur les services de la soci\u00e9t\u00e9 de l&rsquo;information et le commerce \u00e9lectronique (LSSI-CE), SQUEEZE LIFE SL informe les utilisateurs qu&rsquo;elle a proc\u00e9d\u00e9 \u00e0 la cr\u00e9ation d&rsquo;un profil sur les r\u00e9seaux sociaux Facebook, X, Instagram, Pinterest, Linkedin, dans le but principal de faire de la publicit\u00e9 pour ses produits et services.<\/p>\n<p>&nbsp;<\/p>\n<p>D\u00e9tails de SQUEEZE LIFE SL :<\/p>\n<ul>\n<li>NIF: B54287347<\/li>\n<li>Adresse : Avenida Eusebio Sempere, 13-entlo, 03003, Alicante\/Alacant (Alacant).<\/li>\n<li>E-mail : <a href=\"mailto:sforner@zumit.es\">sforner@zumit.es<\/a><\/li>\n<\/ul>\n<p>L&rsquo;utilisateur a un profil sur le m\u00eame r\u00e9seau social et a d\u00e9cid\u00e9 de rejoindre la page cr\u00e9\u00e9e par SQUEEZE LIFE SL, montrant ainsi son int\u00e9r\u00eat pour les informations annonc\u00e9es sur le r\u00e9seau. En rejoignant notre page, vous nous donnez votre accord pour le traitement des donn\u00e9es personnelles publi\u00e9es dans votre profil. <\/p>\n<p>L&rsquo;utilisateur peut \u00e0 tout moment acc\u00e9der aux politiques de confidentialit\u00e9 du r\u00e9seau social et configurer son profil pour garantir le respect de sa vie priv\u00e9e.<\/p>\n<p>SQUEEZE LIFE SL a acc\u00e8s et traite les informations publiques des utilisateurs, en particulier votre nom de contact. Ces donn\u00e9es ne sont utilis\u00e9es qu&rsquo;au sein du r\u00e9seau social lui-m\u00eame. Elles ne sont int\u00e9gr\u00e9es \u00e0 aucun syst\u00e8me de traitement.  <\/p>\n<h3><\/h3>\n<h3>Droits des personnes concern\u00e9es<\/h3>\n<p>En ce qui concerne les droits d&rsquo;acc\u00e8s, de rectification, de limitation du traitement, d&rsquo;effacement, de portabilit\u00e9 et d&rsquo;opposition au traitement de vos donn\u00e9es personnelles, dont vous disposez et que vous pouvez exercer aupr\u00e8s de SQUEEZE LIFE SL, conform\u00e9ment au RGPD, vous devez tenir compte des nuances suivantes :<\/p>\n<ul>\n<li>Acc\u00e8s aux informations du profil public.<\/li>\n<li>Publication dans le profil de l&rsquo;utilisateur de toutes les informations d\u00e9j\u00e0 publi\u00e9es sur le site web de SQUEEZE LIFE SL.<\/li>\n<li>Envoyer des messages personnels et individuels par le biais des r\u00e9seaux sociaux.<\/li>\n<li>Mise \u00e0 jour de l&rsquo;\u00e9tat de la page sur le profil de l&rsquo;utilisateur.<\/li>\n<\/ul>\n<p>Vous pouvez toujours contr\u00f4ler vos connexions, supprimer les contenus qui ne vous int\u00e9ressent plus et limiter les personnes avec lesquelles vous partagez vos connexions en acc\u00e9dant \u00e0 vos param\u00e8tres de confidentialit\u00e9.<\/p>\n<h3><\/h3>\n<h3>Publications<\/h3>\n<p>L&rsquo;utilisateur, une fois connect\u00e9 \u00e0 la page de SQUEEZE LIFE SL, pourra publier des commentaires, des liens, des images ou des photographies ou tout autre type de contenu multim\u00e9dia pris en charge par le r\u00e9seau social. Dans tous les cas, l&rsquo;utilisateur doit en \u00eatre le propri\u00e9taire, d\u00e9tenir les droits d&rsquo;auteur et de propri\u00e9t\u00e9 intellectuelle ou obtenir le consentement des tiers concern\u00e9s. Il est express\u00e9ment interdit toute publication sur le site, que ce soit des textes, des graphiques, des photographies, des vid\u00e9os, etc. qui tentent ou sont susceptibles de violer la morale, l&rsquo;\u00e9thique, le bon go\u00fbt ou la biens\u00e9ance, et \/ ou enfreindre, violer ou violer les droits de propri\u00e9t\u00e9 intellectuelle ou industrielle, le droit \u00e0 l&rsquo;image ou la loi. Dans ces cas, SQUEEZE LIFE SL se r\u00e9serve le droit de supprimer imm\u00e9diatement le contenu, et peut demander le blocage permanent de l&rsquo;utilisateur.   <\/p>\n<p>SQUEEZE LIFE SL ne sera pas responsable des contenus qu&rsquo;un utilisateur a librement publi\u00e9s. L&rsquo;utilisateur doit garder \u00e0 l&rsquo;esprit que ses publications seront connues des autres utilisateurs, et qu&rsquo;il est donc le principal responsable de sa vie priv\u00e9e. <\/p>\n<p>Les images qui peuvent \u00eatre publi\u00e9es sur la page ne seront pas stock\u00e9es dans un syst\u00e8me de traitement par SQUEEZE LIFE SL, mais elles resteront sur le r\u00e9seau social.<\/p>\n<h3><\/h3>\n<h3>Concours et promotions<\/h3>\n<p>SQUEEZE LIFE SL. se r\u00e9serve le droit de r\u00e9aliser des concours et des promotions, auxquels l&rsquo;utilisateur peut participer, attach\u00e9s \u00e0 votre page. Les bases de chacun d&rsquo;entre eux, lorsque la plateforme du r\u00e9seau social est utilis\u00e9e \u00e0 cette fin, seront publi\u00e9es sur cette derni\u00e8re. Toujours respecter la LSSI-CE et toute autre r\u00e9glementation applicable.   <\/p>\n<p>Le R\u00e9seau social ne sponsorise, n&rsquo;approuve ni n&rsquo;administre, de quelque mani\u00e8re que ce soit, aucune de nos promotions, et n&rsquo;est associ\u00e9 \u00e0 aucune d&rsquo;entre elles.<\/p>\n<h3><\/h3>\n<h3>Publicidad<\/h3>\n<p>SQUEEZE LIFE SL utilisera le r\u00e9seau social pour faire la publicit\u00e9 de ses produits et services. Dans tous les cas, si vous d\u00e9cidez de traiter vos coordonn\u00e9es pour des activit\u00e9s de marketing direct, cela se fera toujours dans le respect des exigences l\u00e9gales de la r\u00e9glementation sur la protection des donn\u00e9es de la LSSI-CE.<\/p>\n<p>Le fait de recommander le site web de SQUEEZE LIFE SL \u00e0 d&rsquo;autres utilisateurs afin qu&rsquo;ils puissent \u00e9galement profiter des promotions ou \u00eatre inform\u00e9s de son activit\u00e9 ne sera pas consid\u00e9r\u00e9 comme de la publicit\u00e9.<\/p>\n<p>Vous trouverez ci-dessous le lien vers la politique de confidentialit\u00e9 du r\u00e9seau social :<\/p>\n<ul>\n<li>Facebook:<a href=\"https:\/\/eses.facebook.com\/privacy\/explanation\">https:\/\/eses.facebook.com\/privacy\/explanation<\/a><\/li>\n<li>X: <a href=\"https:\/\/x.com\/es\/privacy\">https<span role=\"presentation\" dir=\"ltr\">:\/\/x.com\/es\/privacy<\/span><\/a><\/li>\n<li>Instagram:<a href=\"http:\/\/instagram.com\/about\/legal\/privacy\/\">http:\/\/instagram.com\/about\/legal\/privacy\/<\/a><\/li>\n<li>Pinterest: <a href=\"https:\/\/policy.pinterest.com\/es\/privacy-policy\">https:\/\/policy.pinterest.com\/es\/privacy-policy<\/a><\/li>\n<li>Linkedin: <a href=\"https:\/\/es.linkedin.com\/legal\/privacy-policy\">https:\/\/es.linkedin.com\/legal\/privacy-policy<\/a><\/li>\n<\/ul>\n<p>Derni\u00e8re mise \u00e0 jour : 27 f\u00e9vrier 2025<\/p>\n<p>[\/et_pb_text][\/et_pb_column][\/et_pb_row][\/et_pb_section]<\/p>\n","protected":false},"excerpt":{"rendered":"<p>[et_pb_section fb_built=\u00a0\u00bb1&Prime; _builder_version=\u00a0\u00bb4.20.4&Prime; _module_preset=\u00a0\u00bbdefault\u00a0\u00bb global_colors_info=\u00a0\u00bb{}\u00a0\u00bb][et_pb_row _builder_version=\u00a0\u00bb4.20.4&Prime; _module_preset=\u00a0\u00bbdefault\u00a0\u00bb width=\u00a0\u00bb85%\u00a0\u00bb max_width=\u00a0\u00bb2560px\u00a0\u00bb custom_margin=\u00a0\u00bb||||false|false\u00a0\u00bb custom_padding=\u00a0\u00bb0px||||false|false\u00a0\u00bb locked=\u00a0\u00bboff\u00a0\u00bb global_colors_info=\u00a0\u00bb{}\u00a0\u00bb][et_pb_column type=\u00a0\u00bb4_4&Prime; _builder_version=\u00a0\u00bb4.20.4&Prime; _module_preset=\u00a0\u00bbdefault\u00a0\u00bb global_colors_info=\u00a0\u00bb{}\u00a0\u00bb][et_pb_text _builder_version=\u00a0\u00bb4.27.4&Prime; _module_preset=\u00a0\u00bbdefault\u00a0\u00bb text_font=\u00a0\u00bbRoca One||||||||\u00a0\u00bb text_text_color=\u00a0\u00bb#000000&Prime; text_font_size=\u00a0\u00bb18px\u00a0\u00bb header_font=\u00a0\u00bbAmaticSC Regular|700|||||||\u00a0\u00bb header_3_font=\u00a0\u00bbRoca One||||||||\u00a0\u00bb header_3_text_color=\u00a0\u00bb#ef7f19&Prime; hover_enabled=\u00a0\u00bb0&Prime; global_colors_info=\u00a0\u00bb{}\u00a0\u00bb header_font_size=\u00a0\u00bb40px\u00a0\u00bb sticky_enabled=\u00a0\u00bb0&Prime;] POLITIQUE DE CONFIDENTIALIT\u00c9 DES M\u00c9DIAS SOCIAUX Conform\u00e9ment aux dispositions de la r\u00e9glementation en vigueur et applicable en mati\u00e8re de protection des donn\u00e9es \u00e0 [&hellip;]<\/p>\n","protected":false},"author":4,"featured_media":0,"parent":0,"menu_order":0,"comment_status":"closed","ping_status":"closed","template":"","meta":{"_acf_changed":false,"footnotes":""},"class_list":["post-12975","page","type-page","status-publish","hentry"],"acf":[],"yoast_head":"<!-- This site is optimized with the Yoast SEO plugin v27.2 - https:\/\/yoast.com\/product\/yoast-seo-wordpress\/ -->\n<title>POLITIQUE DE CONFIDENTIALIT\u00c9 DES M\u00c9DIAS SOCIAUX - Zumit<\/title>\n<meta name=\"robots\" content=\"index, follow, max-snippet:-1, max-image-preview:large, max-video-preview:-1\" \/>\n<link rel=\"canonical\" href=\"https:\/\/zumit.es\/fr\/politique-de-confidentialite-des-medias-sociaux\/\" \/>\n<meta property=\"og:locale\" content=\"fr_FR\" \/>\n<meta property=\"og:type\" content=\"article\" \/>\n<meta property=\"og:title\" content=\"POLITIQUE DE CONFIDENTIALIT\u00c9 DES M\u00c9DIAS SOCIAUX - Zumit\" \/>\n<meta property=\"og:description\" content=\"[et_pb_section fb_built=\u00a0\u00bb1&Prime; _builder_version=\u00a0\u00bb4.20.4&Prime; _module_preset=\u00a0\u00bbdefault\u00a0\u00bb global_colors_info=\u00a0\u00bb{}\u00a0\u00bb][et_pb_row _builder_version=\u00a0\u00bb4.20.4&Prime; _module_preset=\u00a0\u00bbdefault\u00a0\u00bb width=\u00a0\u00bb85%\u00a0\u00bb max_width=\u00a0\u00bb2560px\u00a0\u00bb custom_margin=\u00a0\u00bb||||false|false\u00a0\u00bb custom_padding=\u00a0\u00bb0px||||false|false\u00a0\u00bb locked=\u00a0\u00bboff\u00a0\u00bb global_colors_info=\u00a0\u00bb{}\u00a0\u00bb][et_pb_column type=\u00a0\u00bb4_4&Prime; _builder_version=\u00a0\u00bb4.20.4&Prime; _module_preset=\u00a0\u00bbdefault\u00a0\u00bb global_colors_info=\u00a0\u00bb{}\u00a0\u00bb][et_pb_text _builder_version=\u00a0\u00bb4.27.4&Prime; _module_preset=\u00a0\u00bbdefault\u00a0\u00bb text_font=\u00a0\u00bbRoca One||||||||\u00a0\u00bb text_text_color=\u00a0\u00bb#000000&Prime; text_font_size=\u00a0\u00bb18px\u00a0\u00bb header_font=\u00a0\u00bbAmaticSC Regular|700|||||||\u00a0\u00bb header_3_font=\u00a0\u00bbRoca One||||||||\u00a0\u00bb header_3_text_color=\u00a0\u00bb#ef7f19&Prime; hover_enabled=\u00a0\u00bb0&Prime; global_colors_info=\u00a0\u00bb{}\u00a0\u00bb header_font_size=\u00a0\u00bb40px\u00a0\u00bb sticky_enabled=\u00a0\u00bb0&Prime;] POLITIQUE DE CONFIDENTIALIT\u00c9 DES M\u00c9DIAS SOCIAUX Conform\u00e9ment aux dispositions de la r\u00e9glementation en vigueur et applicable en mati\u00e8re de protection des donn\u00e9es \u00e0 [&hellip;]\" \/>\n<meta property=\"og:url\" content=\"https:\/\/zumit.es\/fr\/politique-de-confidentialite-des-medias-sociaux\/\" \/>\n<meta property=\"og:site_name\" content=\"Zumit\" \/>\n<meta property=\"article:modified_time\" content=\"2025-04-07T07:00:49+00:00\" \/>\n<meta name=\"twitter:card\" content=\"summary_large_image\" \/>\n<meta name=\"twitter:label1\" content=\"Dur\u00e9e de lecture estim\u00e9e\" \/>\n\t<meta name=\"twitter:data1\" content=\"5 minutes\" \/>\n<script type=\"application\/ld+json\" class=\"yoast-schema-graph\">{\"@context\":\"https:\/\/schema.org\",\"@graph\":[{\"@type\":\"WebPage\",\"@id\":\"https:\/\/zumit.es\/fr\/politique-de-confidentialite-des-medias-sociaux\/\",\"url\":\"https:\/\/zumit.es\/fr\/politique-de-confidentialite-des-medias-sociaux\/\",\"name\":\"POLITIQUE DE CONFIDENTIALIT\u00c9 DES M\u00c9DIAS SOCIAUX - Zumit\",\"isPartOf\":{\"@id\":\"https:\/\/zumit.it\/#website\"},\"datePublished\":\"2025-04-04T07:19:14+00:00\",\"dateModified\":\"2025-04-07T07:00:49+00:00\",\"breadcrumb\":{\"@id\":\"https:\/\/zumit.es\/fr\/politique-de-confidentialite-des-medias-sociaux\/#breadcrumb\"},\"inLanguage\":\"fr-FR\",\"potentialAction\":[{\"@type\":\"ReadAction\",\"target\":[\"https:\/\/zumit.es\/fr\/politique-de-confidentialite-des-medias-sociaux\/\"]}]},{\"@type\":\"BreadcrumbList\",\"@id\":\"https:\/\/zumit.es\/fr\/politique-de-confidentialite-des-medias-sociaux\/#breadcrumb\",\"itemListElement\":[{\"@type\":\"ListItem\",\"position\":1,\"name\":\"Page d'accueil\",\"item\":\"https:\/\/zumit.fr\/\"},{\"@type\":\"ListItem\",\"position\":2,\"name\":\"POLITIQUE DE CONFIDENTIALIT\u00c9 DES M\u00c9DIAS SOCIAUX\"}]},{\"@type\":\"WebSite\",\"@id\":\"https:\/\/zumit.it\/#website\",\"url\":\"https:\/\/zumit.it\/\",\"name\":\"Zumit\",\"description\":\"Fabricante y Proveedor de Smoothies, Zumos, Fruta IQF\",\"publisher\":{\"@id\":\"https:\/\/zumit.it\/#organization\"},\"potentialAction\":[{\"@type\":\"SearchAction\",\"target\":{\"@type\":\"EntryPoint\",\"urlTemplate\":\"https:\/\/zumit.it\/?s={search_term_string}\"},\"query-input\":{\"@type\":\"PropertyValueSpecification\",\"valueRequired\":true,\"valueName\":\"search_term_string\"}}],\"inLanguage\":\"fr-FR\"},{\"@type\":\"Organization\",\"@id\":\"https:\/\/zumit.it\/#organization\",\"name\":\"Zumit\",\"url\":\"https:\/\/zumit.it\/\",\"logo\":{\"@type\":\"ImageObject\",\"inLanguage\":\"fr-FR\",\"@id\":\"https:\/\/zumit.it\/#\/schema\/logo\/image\/\",\"url\":\"https:\/\/zumit.es\/wp-content\/uploads\/Logos_Zumit_Gris-principal-1-1.png\",\"contentUrl\":\"https:\/\/zumit.es\/wp-content\/uploads\/Logos_Zumit_Gris-principal-1-1.png\",\"width\":400,\"height\":167,\"caption\":\"Zumit\"},\"image\":{\"@id\":\"https:\/\/zumit.it\/#\/schema\/logo\/image\/\"}}]}<\/script>\n<!-- \/ Yoast SEO plugin. -->","yoast_head_json":{"title":"POLITIQUE DE CONFIDENTIALIT\u00c9 DES M\u00c9DIAS SOCIAUX - Zumit","robots":{"index":"index","follow":"follow","max-snippet":"max-snippet:-1","max-image-preview":"max-image-preview:large","max-video-preview":"max-video-preview:-1"},"canonical":"https:\/\/zumit.es\/fr\/politique-de-confidentialite-des-medias-sociaux\/","og_locale":"fr_FR","og_type":"article","og_title":"POLITIQUE DE CONFIDENTIALIT\u00c9 DES M\u00c9DIAS SOCIAUX - Zumit","og_description":"[et_pb_section fb_built=\u00a0\u00bb1&Prime; _builder_version=\u00a0\u00bb4.20.4&Prime; _module_preset=\u00a0\u00bbdefault\u00a0\u00bb global_colors_info=\u00a0\u00bb{}\u00a0\u00bb][et_pb_row _builder_version=\u00a0\u00bb4.20.4&Prime; _module_preset=\u00a0\u00bbdefault\u00a0\u00bb width=\u00a0\u00bb85%\u00a0\u00bb max_width=\u00a0\u00bb2560px\u00a0\u00bb custom_margin=\u00a0\u00bb||||false|false\u00a0\u00bb custom_padding=\u00a0\u00bb0px||||false|false\u00a0\u00bb locked=\u00a0\u00bboff\u00a0\u00bb global_colors_info=\u00a0\u00bb{}\u00a0\u00bb][et_pb_column type=\u00a0\u00bb4_4&Prime; _builder_version=\u00a0\u00bb4.20.4&Prime; _module_preset=\u00a0\u00bbdefault\u00a0\u00bb global_colors_info=\u00a0\u00bb{}\u00a0\u00bb][et_pb_text _builder_version=\u00a0\u00bb4.27.4&Prime; _module_preset=\u00a0\u00bbdefault\u00a0\u00bb text_font=\u00a0\u00bbRoca One||||||||\u00a0\u00bb text_text_color=\u00a0\u00bb#000000&Prime; text_font_size=\u00a0\u00bb18px\u00a0\u00bb header_font=\u00a0\u00bbAmaticSC Regular|700|||||||\u00a0\u00bb header_3_font=\u00a0\u00bbRoca One||||||||\u00a0\u00bb header_3_text_color=\u00a0\u00bb#ef7f19&Prime; hover_enabled=\u00a0\u00bb0&Prime; global_colors_info=\u00a0\u00bb{}\u00a0\u00bb header_font_size=\u00a0\u00bb40px\u00a0\u00bb sticky_enabled=\u00a0\u00bb0&Prime;] POLITIQUE DE CONFIDENTIALIT\u00c9 DES M\u00c9DIAS SOCIAUX Conform\u00e9ment aux dispositions de la r\u00e9glementation en vigueur et applicable en mati\u00e8re de protection des donn\u00e9es \u00e0 [&hellip;]","og_url":"https:\/\/zumit.es\/fr\/politique-de-confidentialite-des-medias-sociaux\/","og_site_name":"Zumit","article_modified_time":"2025-04-07T07:00:49+00:00","twitter_card":"summary_large_image","twitter_misc":{"Dur\u00e9e de lecture estim\u00e9e":"5 minutes"},"schema":{"@context":"https:\/\/schema.org","@graph":[{"@type":"WebPage","@id":"https:\/\/zumit.es\/fr\/politique-de-confidentialite-des-medias-sociaux\/","url":"https:\/\/zumit.es\/fr\/politique-de-confidentialite-des-medias-sociaux\/","name":"POLITIQUE DE CONFIDENTIALIT\u00c9 DES M\u00c9DIAS SOCIAUX - Zumit","isPartOf":{"@id":"https:\/\/zumit.it\/#website"},"datePublished":"2025-04-04T07:19:14+00:00","dateModified":"2025-04-07T07:00:49+00:00","breadcrumb":{"@id":"https:\/\/zumit.es\/fr\/politique-de-confidentialite-des-medias-sociaux\/#breadcrumb"},"inLanguage":"fr-FR","potentialAction":[{"@type":"ReadAction","target":["https:\/\/zumit.es\/fr\/politique-de-confidentialite-des-medias-sociaux\/"]}]},{"@type":"BreadcrumbList","@id":"https:\/\/zumit.es\/fr\/politique-de-confidentialite-des-medias-sociaux\/#breadcrumb","itemListElement":[{"@type":"ListItem","position":1,"name":"Page d'accueil","item":"https:\/\/zumit.fr\/"},{"@type":"ListItem","position":2,"name":"POLITIQUE DE CONFIDENTIALIT\u00c9 DES M\u00c9DIAS SOCIAUX"}]},{"@type":"WebSite","@id":"https:\/\/zumit.it\/#website","url":"https:\/\/zumit.it\/","name":"Zumit","description":"Fabricante y Proveedor de Smoothies, Zumos, Fruta IQF","publisher":{"@id":"https:\/\/zumit.it\/#organization"},"potentialAction":[{"@type":"SearchAction","target":{"@type":"EntryPoint","urlTemplate":"https:\/\/zumit.it\/?s={search_term_string}"},"query-input":{"@type":"PropertyValueSpecification","valueRequired":true,"valueName":"search_term_string"}}],"inLanguage":"fr-FR"},{"@type":"Organization","@id":"https:\/\/zumit.it\/#organization","name":"Zumit","url":"https:\/\/zumit.it\/","logo":{"@type":"ImageObject","inLanguage":"fr-FR","@id":"https:\/\/zumit.it\/#\/schema\/logo\/image\/","url":"https:\/\/zumit.es\/wp-content\/uploads\/Logos_Zumit_Gris-principal-1-1.png","contentUrl":"https:\/\/zumit.es\/wp-content\/uploads\/Logos_Zumit_Gris-principal-1-1.png","width":400,"height":167,"caption":"Zumit"},"image":{"@id":"https:\/\/zumit.it\/#\/schema\/logo\/image\/"}}]}},"_links":{"self":[{"href":"https:\/\/zumit.es\/fr\/wp-json\/wp\/v2\/pages\/12975","targetHints":{"allow":["GET"]}}],"collection":[{"href":"https:\/\/zumit.es\/fr\/wp-json\/wp\/v2\/pages"}],"about":[{"href":"https:\/\/zumit.es\/fr\/wp-json\/wp\/v2\/types\/page"}],"author":[{"embeddable":true,"href":"https:\/\/zumit.es\/fr\/wp-json\/wp\/v2\/users\/4"}],"replies":[{"embeddable":true,"href":"https:\/\/zumit.es\/fr\/wp-json\/wp\/v2\/comments?post=12975"}],"version-history":[{"count":0,"href":"https:\/\/zumit.es\/fr\/wp-json\/wp\/v2\/pages\/12975\/revisions"}],"wp:attachment":[{"href":"https:\/\/zumit.es\/fr\/wp-json\/wp\/v2\/media?parent=12975"}],"curies":[{"name":"wp","href":"https:\/\/api.w.org\/{rel}","templated":true}]}}