{"id":6900,"date":"2024-04-19T10:39:30","date_gmt":"2024-04-19T08:39:30","guid":{"rendered":"https:\/\/zumit.es\/productos\/green-power\/"},"modified":"2024-05-23T12:07:12","modified_gmt":"2024-05-23T10:07:12","slug":"green-power","status":"publish","type":"product","link":"https:\/\/zumit.es\/de\/produkte\/green-power\/","title":{"rendered":"Green Power"},"content":{"rendered":"<p>Green Power von Zumit ist ein au\u00dfergew\u00f6hnliches Paket, das tropische Aromen und die Vorteile gr\u00fcner Superfoods in einem einfach zuzubereitenden Smoothie vereint. Mit drei Beuteln zu je 150 g ist diese Packung f\u00fcr Liebhaber eines gesunden Lebensstils gedacht, die eine schnelle und bequeme M\u00f6glichkeit suchen, einen nahrhaften Snack zu genie\u00dfen, ohne Kompromisse bei Geschmack oder Qualit\u00e4t einzugehen.<\/p>\n<p>Jeder Beutel Green Power enth\u00e4lt eine perfekt ausgewogene Mischung aus Mango, Gr\u00fcnkohl, Ananas und Spinat. Mango und Ananas sorgen mit ihrer nat\u00fcrlichen S\u00fc\u00dfe und reichhaltigen Textur nicht nur f\u00fcr einen k\u00f6stlichen tropischen Geschmack, sondern sind auch reich an Vitamin A und C, die zur St\u00e4rkung des Immunsystems beitragen. Gr\u00fcnkohl und Spinat hingegen, die f\u00fcr ihren hohen Gehalt an den Vitaminen K, A und C sowie an Mineralstoffen wie Eisen und Kalzium bekannt sind, bieten eine starke N\u00e4hrstoffkombination, die die Knochengesundheit f\u00f6rdert und die allgemeine Vitalit\u00e4t verbessert.<\/p>\n<p>Das bei den Zutaten angewandte IQF-Tiefk\u00fchlverfahren gew\u00e4hrleistet, dass alle N\u00e4hrstoffe und Aromen ohne Zusatz von Konservierungsstoffen oder k\u00fcnstlichen Farbstoffen erhalten bleiben. Diese Methode bewahrt die Unversehrtheit und Frische jeder Frucht und jedes Gem\u00fcses, so dass die Smoothies so gesund und schmackhaft bleiben wie am Tag ihrer Zubereitung.<\/p>\n<p>Die Zubereitung eines Green Power-Smoothies ist ganz einfach: den Inhalt eines Beutels in den Mixer geben, mit Apfelsaft mixen, zerkleinern und genie\u00dfen. Das macht ihn zur idealen Wahl f\u00fcr ein schnelles Fr\u00fchst\u00fcck, als Energiespender nach dem Training oder als erfrischende Zwischenmahlzeit.<\/p>\n<p>Green Power von Zumit verw\u00f6hnt nicht nur Ihren Gaumen mit lebendigen Aromen, sondern unterst\u00fctzt auch Ihr Wohlbefinden mit jedem Schluck. Die Integration in die t\u00e4gliche Ern\u00e4hrung ist eine einfache und k\u00f6stliche M\u00f6glichkeit, den Verzehr von Obst und Gem\u00fcse zu erh\u00f6hen und sicherzustellen, dass Sie Ihren K\u00f6rper mit dem Besten aus der Natur ern\u00e4hren und jeden gesunden Moment genie\u00dfen k\u00f6nnen.<\/p>\n","protected":false},"excerpt":{"rendered":"<p>Packung mit 3 Smoothies mit 150 g\/u Mango, Gr\u00fcnkohl, Ananas und Spinat.<\/p>\n","protected":false},"featured_media":24564,"comment_status":"open","ping_status":"closed","template":"","meta":{"_acf_changed":false},"product_brand":[],"product_cat":[374,678],"product_tag":[],"class_list":{"0":"post-6900","1":"product","2":"type-product","3":"status-publish","4":"has-post-thumbnail","6":"product_cat-produkte","7":"product_cat-retail-de","9":"first","10":"instock","11":"taxable","12":"shipping-taxable","13":"product-type-simple"},"acf":[],"yoast_head":"<!-- This site is optimized with the Yoast SEO plugin v27.2 - https:\/\/yoast.com\/product\/yoast-seo-wordpress\/ -->\n<title>Green Power - Zumit<\/title>\n<meta name=\"description\" content=\"Beleben Sie Ihren Tag mit Zumit&#039;s Green Power: Mango, Gr\u00fcnkohl, Ananas und Spinat in Smoothies zum Mixen und Genie\u00dfen.\" \/>\n<meta name=\"robots\" content=\"index, follow, max-snippet:-1, max-image-preview:large, max-video-preview:-1\" \/>\n<link rel=\"canonical\" href=\"https:\/\/zumit.es\/de\/produkte\/green-power\/\" \/>\n<meta property=\"og:locale\" content=\"de_DE\" \/>\n<meta property=\"og:type\" content=\"article\" \/>\n<meta property=\"og:title\" content=\"Green Power - Zumit\" \/>\n<meta property=\"og:description\" content=\"Beleben Sie Ihren Tag mit Zumit&#039;s Green Power: Mango, Gr\u00fcnkohl, Ananas und Spinat in Smoothies zum Mixen und Genie\u00dfen.\" \/>\n<meta property=\"og:url\" content=\"https:\/\/zumit.es\/de\/produkte\/green-power\/\" \/>\n<meta property=\"og:site_name\" content=\"Zumit\" \/>\n<meta property=\"article:modified_time\" content=\"2024-05-23T10:07:12+00:00\" \/>\n<meta property=\"og:image\" content=\"https:\/\/zumit.de\/wp-content\/uploads\/RETAIL-GREEN-POWER.webp\" \/>\n\t<meta property=\"og:image:width\" content=\"2048\" \/>\n\t<meta property=\"og:image:height\" content=\"1365\" \/>\n\t<meta property=\"og:image:type\" content=\"image\/webp\" \/>\n<meta name=\"twitter:card\" content=\"summary_large_image\" \/>\n<meta name=\"twitter:label1\" content=\"Gesch\u00e4tzte Lesezeit\" \/>\n\t<meta name=\"twitter:data1\" content=\"2\u00a0Minuten\" \/>\n<script type=\"application\/ld+json\" class=\"yoast-schema-graph\">{\"@context\":\"https:\/\/schema.org\",\"@graph\":[{\"@type\":\"WebPage\",\"@id\":\"https:\/\/zumit.es\/de\/produkte\/green-power\/\",\"url\":\"https:\/\/zumit.es\/de\/produkte\/green-power\/\",\"name\":\"Green Power - Zumit\",\"isPartOf\":{\"@id\":\"https:\/\/zumit.it\/#website\"},\"primaryImageOfPage\":{\"@id\":\"https:\/\/zumit.es\/de\/produkte\/green-power\/#primaryimage\"},\"image\":{\"@id\":\"https:\/\/zumit.es\/de\/produkte\/green-power\/#primaryimage\"},\"thumbnailUrl\":\"https:\/\/zumit.es\/wp-content\/uploads\/2024\/04\/RETAIL-GREEN-POWER.jpg\",\"datePublished\":\"2024-04-19T08:39:30+00:00\",\"dateModified\":\"2024-05-23T10:07:12+00:00\",\"description\":\"Beleben Sie Ihren Tag mit Zumit's Green Power: Mango, Gr\u00fcnkohl, Ananas und Spinat in Smoothies zum Mixen und Genie\u00dfen.\",\"breadcrumb\":{\"@id\":\"https:\/\/zumit.es\/de\/produkte\/green-power\/#breadcrumb\"},\"inLanguage\":\"de\",\"potentialAction\":[{\"@type\":\"ReadAction\",\"target\":[\"https:\/\/zumit.es\/de\/produkte\/green-power\/\"]}]},{\"@type\":\"ImageObject\",\"inLanguage\":\"de\",\"@id\":\"https:\/\/zumit.es\/de\/produkte\/green-power\/#primaryimage\",\"url\":\"https:\/\/zumit.es\/wp-content\/uploads\/2024\/04\/RETAIL-GREEN-POWER.jpg\",\"contentUrl\":\"https:\/\/zumit.es\/wp-content\/uploads\/2024\/04\/RETAIL-GREEN-POWER.jpg\",\"width\":800,\"height\":800,\"caption\":\"Smoothie Green Power de Zumit- Caja de 3 unidades de col rizada, pi\u00f1a, pepino y espinaca para la elaboraci\u00f3n de smoothies en casa\"},{\"@type\":\"BreadcrumbList\",\"@id\":\"https:\/\/zumit.es\/de\/produkte\/green-power\/#breadcrumb\",\"itemListElement\":[{\"@type\":\"ListItem\",\"position\":1,\"name\":\"Hauptseite\",\"item\":\"https:\/\/zumit.de\/\"},{\"@type\":\"ListItem\",\"position\":2,\"name\":\"Produkte\",\"item\":\"https:\/\/zumit.de\/produkte\/\"},{\"@type\":\"ListItem\",\"position\":3,\"name\":\"Green Power\"}]},{\"@type\":\"WebSite\",\"@id\":\"https:\/\/zumit.it\/#website\",\"url\":\"https:\/\/zumit.it\/\",\"name\":\"Zumit\",\"description\":\"Fabricante y Proveedor de Smoothies, Zumos, Fruta IQF\",\"publisher\":{\"@id\":\"https:\/\/zumit.it\/#organization\"},\"potentialAction\":[{\"@type\":\"SearchAction\",\"target\":{\"@type\":\"EntryPoint\",\"urlTemplate\":\"https:\/\/zumit.it\/?s={search_term_string}\"},\"query-input\":{\"@type\":\"PropertyValueSpecification\",\"valueRequired\":true,\"valueName\":\"search_term_string\"}}],\"inLanguage\":\"de\"},{\"@type\":\"Organization\",\"@id\":\"https:\/\/zumit.it\/#organization\",\"name\":\"Zumit\",\"url\":\"https:\/\/zumit.it\/\",\"logo\":{\"@type\":\"ImageObject\",\"inLanguage\":\"de\",\"@id\":\"https:\/\/zumit.it\/#\/schema\/logo\/image\/\",\"url\":\"https:\/\/zumit.es\/wp-content\/uploads\/Logos_Zumit_Gris-principal-1-1.png\",\"contentUrl\":\"https:\/\/zumit.es\/wp-content\/uploads\/Logos_Zumit_Gris-principal-1-1.png\",\"width\":400,\"height\":167,\"caption\":\"Zumit\"},\"image\":{\"@id\":\"https:\/\/zumit.it\/#\/schema\/logo\/image\/\"}}]}<\/script>\n<!-- \/ Yoast SEO plugin. -->","yoast_head_json":{"title":"Green Power - Zumit","description":"Beleben Sie Ihren Tag mit Zumit's Green Power: Mango, Gr\u00fcnkohl, Ananas und Spinat in Smoothies zum Mixen und Genie\u00dfen.","robots":{"index":"index","follow":"follow","max-snippet":"max-snippet:-1","max-image-preview":"max-image-preview:large","max-video-preview":"max-video-preview:-1"},"canonical":"https:\/\/zumit.es\/de\/produkte\/green-power\/","og_locale":"de_DE","og_type":"article","og_title":"Green Power - Zumit","og_description":"Beleben Sie Ihren Tag mit Zumit's Green Power: Mango, Gr\u00fcnkohl, Ananas und Spinat in Smoothies zum Mixen und Genie\u00dfen.","og_url":"https:\/\/zumit.es\/de\/produkte\/green-power\/","og_site_name":"Zumit","article_modified_time":"2024-05-23T10:07:12+00:00","og_image":[{"width":2048,"height":1365,"url":"https:\/\/zumit.de\/wp-content\/uploads\/RETAIL-GREEN-POWER.webp","type":"image\/webp"}],"twitter_card":"summary_large_image","twitter_misc":{"Gesch\u00e4tzte Lesezeit":"2\u00a0Minuten"},"schema":{"@context":"https:\/\/schema.org","@graph":[{"@type":"WebPage","@id":"https:\/\/zumit.es\/de\/produkte\/green-power\/","url":"https:\/\/zumit.es\/de\/produkte\/green-power\/","name":"Green Power - Zumit","isPartOf":{"@id":"https:\/\/zumit.it\/#website"},"primaryImageOfPage":{"@id":"https:\/\/zumit.es\/de\/produkte\/green-power\/#primaryimage"},"image":{"@id":"https:\/\/zumit.es\/de\/produkte\/green-power\/#primaryimage"},"thumbnailUrl":"https:\/\/zumit.es\/wp-content\/uploads\/2024\/04\/RETAIL-GREEN-POWER.jpg","datePublished":"2024-04-19T08:39:30+00:00","dateModified":"2024-05-23T10:07:12+00:00","description":"Beleben Sie Ihren Tag mit Zumit's Green Power: Mango, Gr\u00fcnkohl, Ananas und Spinat in Smoothies zum Mixen und Genie\u00dfen.","breadcrumb":{"@id":"https:\/\/zumit.es\/de\/produkte\/green-power\/#breadcrumb"},"inLanguage":"de","potentialAction":[{"@type":"ReadAction","target":["https:\/\/zumit.es\/de\/produkte\/green-power\/"]}]},{"@type":"ImageObject","inLanguage":"de","@id":"https:\/\/zumit.es\/de\/produkte\/green-power\/#primaryimage","url":"https:\/\/zumit.es\/wp-content\/uploads\/2024\/04\/RETAIL-GREEN-POWER.jpg","contentUrl":"https:\/\/zumit.es\/wp-content\/uploads\/2024\/04\/RETAIL-GREEN-POWER.jpg","width":800,"height":800,"caption":"Smoothie Green Power de Zumit- Caja de 3 unidades de col rizada, pi\u00f1a, pepino y espinaca para la elaboraci\u00f3n de smoothies en casa"},{"@type":"BreadcrumbList","@id":"https:\/\/zumit.es\/de\/produkte\/green-power\/#breadcrumb","itemListElement":[{"@type":"ListItem","position":1,"name":"Hauptseite","item":"https:\/\/zumit.de\/"},{"@type":"ListItem","position":2,"name":"Produkte","item":"https:\/\/zumit.de\/produkte\/"},{"@type":"ListItem","position":3,"name":"Green Power"}]},{"@type":"WebSite","@id":"https:\/\/zumit.it\/#website","url":"https:\/\/zumit.it\/","name":"Zumit","description":"Fabricante y Proveedor de Smoothies, Zumos, Fruta IQF","publisher":{"@id":"https:\/\/zumit.it\/#organization"},"potentialAction":[{"@type":"SearchAction","target":{"@type":"EntryPoint","urlTemplate":"https:\/\/zumit.it\/?s={search_term_string}"},"query-input":{"@type":"PropertyValueSpecification","valueRequired":true,"valueName":"search_term_string"}}],"inLanguage":"de"},{"@type":"Organization","@id":"https:\/\/zumit.it\/#organization","name":"Zumit","url":"https:\/\/zumit.it\/","logo":{"@type":"ImageObject","inLanguage":"de","@id":"https:\/\/zumit.it\/#\/schema\/logo\/image\/","url":"https:\/\/zumit.es\/wp-content\/uploads\/Logos_Zumit_Gris-principal-1-1.png","contentUrl":"https:\/\/zumit.es\/wp-content\/uploads\/Logos_Zumit_Gris-principal-1-1.png","width":400,"height":167,"caption":"Zumit"},"image":{"@id":"https:\/\/zumit.it\/#\/schema\/logo\/image\/"}}]}},"_links":{"self":[{"href":"https:\/\/zumit.es\/de\/wp-json\/wp\/v2\/product\/6900","targetHints":{"allow":["GET"]}}],"collection":[{"href":"https:\/\/zumit.es\/de\/wp-json\/wp\/v2\/product"}],"about":[{"href":"https:\/\/zumit.es\/de\/wp-json\/wp\/v2\/types\/product"}],"replies":[{"embeddable":true,"href":"https:\/\/zumit.es\/de\/wp-json\/wp\/v2\/comments?post=6900"}],"version-history":[{"count":0,"href":"https:\/\/zumit.es\/de\/wp-json\/wp\/v2\/product\/6900\/revisions"}],"wp:featuredmedia":[{"embeddable":true,"href":"https:\/\/zumit.es\/de\/wp-json\/wp\/v2\/media\/24564"}],"wp:attachment":[{"href":"https:\/\/zumit.es\/de\/wp-json\/wp\/v2\/media?parent=6900"}],"wp:term":[{"taxonomy":"product_brand","embeddable":true,"href":"https:\/\/zumit.es\/de\/wp-json\/wp\/v2\/product_brand?post=6900"},{"taxonomy":"product_cat","embeddable":true,"href":"https:\/\/zumit.es\/de\/wp-json\/wp\/v2\/product_cat?post=6900"},{"taxonomy":"product_tag","embeddable":true,"href":"https:\/\/zumit.es\/de\/wp-json\/wp\/v2\/product_tag?post=6900"}],"curies":[{"name":"wp","href":"https:\/\/api.w.org\/{rel}","templated":true}]}}