{"id":6899,"date":"2024-04-19T11:04:35","date_gmt":"2024-04-19T09:04:35","guid":{"rendered":"https:\/\/zumit.es\/productos\/berries-paradise-2\/"},"modified":"2024-05-23T12:09:14","modified_gmt":"2024-05-23T10:09:14","slug":"berries-paradise-2","status":"publish","type":"product","link":"https:\/\/zumit.es\/de\/produkte\/berries-paradise-2\/","title":{"rendered":"Berries Paradise"},"content":{"rendered":"<p>Zumit&#8217;s Berries Paradise ist eine k\u00f6stliche und nahrhafte Kombination, die die Essenz von Beeren und tropischen Fr\u00fcchten einf\u00e4ngt, und das alles in einer praktischen Packung mit drei 150g-Beuteln. Diese Mischung aus Erdbeere, Blaubeere, Mango und A\u00e7a\u00ed ist perfekt f\u00fcr alle, die einen k\u00f6stlichen Smoothie voller Antioxidantien, Vitamine und Mineralien genie\u00dfen m\u00f6chten &#8211; ideal, um mit Energie in den Tag zu starten oder als gesunde Zwischenmahlzeit.<\/p>\n<p>Erdbeeren und Blaubeeren haben nicht nur eine intensive rote Farbe und einen s\u00fc\u00dfen, leicht s\u00e4uerlichen Geschmack, sondern sind auch f\u00fcr ihre antioxidativen Eigenschaften bekannt, die zur Bek\u00e4mpfung freier Radikale im K\u00f6rper beitragen. Die Mango mit ihrer tropischen S\u00fc\u00dfe und ihrer cremigen Konsistenz macht den Smoothie reichhaltig und ist eine hervorragende Quelle f\u00fcr Vitamin C und Ballaststoffe. A\u00e7a\u00ed, ein Superfood, das f\u00fcr seinen hohen Gehalt an Antioxidantien, Omega-3-Fetts\u00e4uren und Ballaststoffen bekannt ist, vervollst\u00e4ndigt diese Mischung und bietet ein robustes N\u00e4hrstoffprofil und einen einzigartigen Geschmack, der das Smoothie-Erlebnis aufwertet.<\/p>\n<p>Alle Zutaten in Berries Paradise sind 100% nat\u00fcrlich und werden einem IQF-Verfahren unterzogen. Diese Methode gew\u00e4hrleistet, dass die Fr\u00fcchte ihren Geschmack, ihre Farbe und die meisten ihrer N\u00e4hrstoffe behalten, ohne dass Konservierungs- oder Farbstoffe zugesetzt werden. Durch die Tiefk\u00fchlung beh\u00e4lt jeder zubereitete Smoothie die Frische und Qualit\u00e4t, als ob die Fr\u00fcchte gerade erst gepfl\u00fcckt und gemixt worden w\u00e4ren.<\/p>\n<p>Die Zubereitung eines Smoothies mit Berries Paradise ist denkbar einfach: Einfach den Inhalt eines Beutels in den Mixer geben, Apfelsaft hinzuf\u00fcgen, mixen und genie\u00dfen. Die einfache Zubereitung macht Beerenparadies zu einer idealen Wahl f\u00fcr jede Tageszeit. So k\u00f6nnen Sie ein gesundes, erfrischendes und k\u00f6stlich s\u00e4ttigendes Produkt genie\u00dfen, ohne dass Sie sich anstrengen m\u00fcssen.<\/p>\n<p>Berries Paradise von Zumit ist nicht nur ein Genuss f\u00fcr den Gaumen, sondern auch eine Unterst\u00fctzung f\u00fcr Ihre Gesundheit, indem es Ihnen erlaubt, die Vorteile von Obst in Komfort und Stil zu genie\u00dfen. Sie in den Alltag einzubauen ist ein einfacher Schritt zu einem ges\u00fcnderen und schmackhafteren Lebensstil.<\/p>\n","protected":false},"excerpt":{"rendered":"<p>Packung mit 3 Smoothies mit 150 g\/u Erdbeere, Heidelbeere, Mango und A\u00e7a\u00ed.<\/p>\n","protected":false},"featured_media":24570,"comment_status":"open","ping_status":"closed","template":"","meta":{"_acf_changed":false},"product_brand":[],"product_cat":[374,678],"product_tag":[],"class_list":{"0":"post-6899","1":"product","2":"type-product","3":"status-publish","4":"has-post-thumbnail","6":"product_cat-produkte","7":"product_cat-retail-de","9":"first","10":"instock","11":"taxable","12":"shipping-taxable","13":"product-type-simple"},"acf":[],"yoast_head":"<!-- This site is optimized with the Yoast SEO plugin v27.2 - https:\/\/yoast.com\/product\/yoast-seo-wordpress\/ -->\n<title>Berries Paradise - Zumit<\/title>\n<meta name=\"description\" content=\"Tauchen Sie ein in das Berries Paradise von Zumit: eine Mischung aus Erdbeere, Blaubeere, Mango und A\u00e7a\u00ed in praktischen Beuteln f\u00fcr nat\u00fcrliche Smoothies.\" \/>\n<meta name=\"robots\" content=\"index, follow, max-snippet:-1, max-image-preview:large, max-video-preview:-1\" \/>\n<link rel=\"canonical\" href=\"https:\/\/zumit.es\/de\/produkte\/berries-paradise-2\/\" \/>\n<meta property=\"og:locale\" content=\"de_DE\" \/>\n<meta property=\"og:type\" content=\"article\" \/>\n<meta property=\"og:title\" content=\"Berries Paradise - Zumit\" \/>\n<meta property=\"og:description\" content=\"Tauchen Sie ein in das Berries Paradise von Zumit: eine Mischung aus Erdbeere, Blaubeere, Mango und A\u00e7a\u00ed in praktischen Beuteln f\u00fcr nat\u00fcrliche Smoothies.\" \/>\n<meta property=\"og:url\" content=\"https:\/\/zumit.es\/de\/produkte\/berries-paradise-2\/\" \/>\n<meta property=\"og:site_name\" content=\"Zumit\" \/>\n<meta property=\"article:modified_time\" content=\"2024-05-23T10:09:14+00:00\" \/>\n<meta property=\"og:image\" content=\"https:\/\/zumit.pt\/wp-content\/uploads\/RETAIL-BERRIES-PARADISE.webp\" \/>\n\t<meta property=\"og:image:width\" content=\"2048\" \/>\n\t<meta property=\"og:image:height\" content=\"1365\" \/>\n\t<meta property=\"og:image:type\" content=\"image\/webp\" \/>\n<meta name=\"twitter:card\" content=\"summary_large_image\" \/>\n<meta name=\"twitter:label1\" content=\"Gesch\u00e4tzte Lesezeit\" \/>\n\t<meta name=\"twitter:data1\" content=\"2\u00a0Minuten\" \/>\n<script type=\"application\/ld+json\" class=\"yoast-schema-graph\">{\"@context\":\"https:\/\/schema.org\",\"@graph\":[{\"@type\":\"WebPage\",\"@id\":\"https:\/\/zumit.es\/de\/produkte\/berries-paradise-2\/\",\"url\":\"https:\/\/zumit.es\/de\/produkte\/berries-paradise-2\/\",\"name\":\"Berries Paradise - Zumit\",\"isPartOf\":{\"@id\":\"https:\/\/zumit.it\/#website\"},\"primaryImageOfPage\":{\"@id\":\"https:\/\/zumit.es\/de\/produkte\/berries-paradise-2\/#primaryimage\"},\"image\":{\"@id\":\"https:\/\/zumit.es\/de\/produkte\/berries-paradise-2\/#primaryimage\"},\"thumbnailUrl\":\"https:\/\/zumit.es\/wp-content\/uploads\/2024\/04\/RETAIL-BERRIES-PARADISE.jpg\",\"datePublished\":\"2024-04-19T09:04:35+00:00\",\"dateModified\":\"2024-05-23T10:09:14+00:00\",\"description\":\"Tauchen Sie ein in das Berries Paradise von Zumit: eine Mischung aus Erdbeere, Blaubeere, Mango und A\u00e7a\u00ed in praktischen Beuteln f\u00fcr nat\u00fcrliche Smoothies.\",\"breadcrumb\":{\"@id\":\"https:\/\/zumit.es\/de\/produkte\/berries-paradise-2\/#breadcrumb\"},\"inLanguage\":\"de\",\"potentialAction\":[{\"@type\":\"ReadAction\",\"target\":[\"https:\/\/zumit.es\/de\/produkte\/berries-paradise-2\/\"]}]},{\"@type\":\"ImageObject\",\"inLanguage\":\"de\",\"@id\":\"https:\/\/zumit.es\/de\/produkte\/berries-paradise-2\/#primaryimage\",\"url\":\"https:\/\/zumit.es\/wp-content\/uploads\/2024\/04\/RETAIL-BERRIES-PARADISE.jpg\",\"contentUrl\":\"https:\/\/zumit.es\/wp-content\/uploads\/2024\/04\/RETAIL-BERRIES-PARADISE.jpg\",\"width\":800,\"height\":800,\"caption\":\"Smoothie Berries Paradise de Zumit- Caja de 3 unidades de fresa, mango, ar\u00e1ndanos y cereza para la elaboraci\u00f3n de smoothies en casa\"},{\"@type\":\"BreadcrumbList\",\"@id\":\"https:\/\/zumit.es\/de\/produkte\/berries-paradise-2\/#breadcrumb\",\"itemListElement\":[{\"@type\":\"ListItem\",\"position\":1,\"name\":\"Hauptseite\",\"item\":\"https:\/\/zumit.de\/\"},{\"@type\":\"ListItem\",\"position\":2,\"name\":\"Produkte\",\"item\":\"https:\/\/zumit.de\/produkte\/\"},{\"@type\":\"ListItem\",\"position\":3,\"name\":\"Berries Paradise\"}]},{\"@type\":\"WebSite\",\"@id\":\"https:\/\/zumit.it\/#website\",\"url\":\"https:\/\/zumit.it\/\",\"name\":\"Zumit\",\"description\":\"Fabricante y Proveedor de Smoothies, Zumos, Fruta IQF\",\"publisher\":{\"@id\":\"https:\/\/zumit.it\/#organization\"},\"potentialAction\":[{\"@type\":\"SearchAction\",\"target\":{\"@type\":\"EntryPoint\",\"urlTemplate\":\"https:\/\/zumit.it\/?s={search_term_string}\"},\"query-input\":{\"@type\":\"PropertyValueSpecification\",\"valueRequired\":true,\"valueName\":\"search_term_string\"}}],\"inLanguage\":\"de\"},{\"@type\":\"Organization\",\"@id\":\"https:\/\/zumit.it\/#organization\",\"name\":\"Zumit\",\"url\":\"https:\/\/zumit.it\/\",\"logo\":{\"@type\":\"ImageObject\",\"inLanguage\":\"de\",\"@id\":\"https:\/\/zumit.it\/#\/schema\/logo\/image\/\",\"url\":\"https:\/\/zumit.es\/wp-content\/uploads\/Logos_Zumit_Gris-principal-1-1.png\",\"contentUrl\":\"https:\/\/zumit.es\/wp-content\/uploads\/Logos_Zumit_Gris-principal-1-1.png\",\"width\":400,\"height\":167,\"caption\":\"Zumit\"},\"image\":{\"@id\":\"https:\/\/zumit.it\/#\/schema\/logo\/image\/\"}}]}<\/script>\n<!-- \/ Yoast SEO plugin. -->","yoast_head_json":{"title":"Berries Paradise - Zumit","description":"Tauchen Sie ein in das Berries Paradise von Zumit: eine Mischung aus Erdbeere, Blaubeere, Mango und A\u00e7a\u00ed in praktischen Beuteln f\u00fcr nat\u00fcrliche Smoothies.","robots":{"index":"index","follow":"follow","max-snippet":"max-snippet:-1","max-image-preview":"max-image-preview:large","max-video-preview":"max-video-preview:-1"},"canonical":"https:\/\/zumit.es\/de\/produkte\/berries-paradise-2\/","og_locale":"de_DE","og_type":"article","og_title":"Berries Paradise - Zumit","og_description":"Tauchen Sie ein in das Berries Paradise von Zumit: eine Mischung aus Erdbeere, Blaubeere, Mango und A\u00e7a\u00ed in praktischen Beuteln f\u00fcr nat\u00fcrliche Smoothies.","og_url":"https:\/\/zumit.es\/de\/produkte\/berries-paradise-2\/","og_site_name":"Zumit","article_modified_time":"2024-05-23T10:09:14+00:00","og_image":[{"width":2048,"height":1365,"url":"https:\/\/zumit.pt\/wp-content\/uploads\/RETAIL-BERRIES-PARADISE.webp","type":"image\/webp"}],"twitter_card":"summary_large_image","twitter_misc":{"Gesch\u00e4tzte Lesezeit":"2\u00a0Minuten"},"schema":{"@context":"https:\/\/schema.org","@graph":[{"@type":"WebPage","@id":"https:\/\/zumit.es\/de\/produkte\/berries-paradise-2\/","url":"https:\/\/zumit.es\/de\/produkte\/berries-paradise-2\/","name":"Berries Paradise - Zumit","isPartOf":{"@id":"https:\/\/zumit.it\/#website"},"primaryImageOfPage":{"@id":"https:\/\/zumit.es\/de\/produkte\/berries-paradise-2\/#primaryimage"},"image":{"@id":"https:\/\/zumit.es\/de\/produkte\/berries-paradise-2\/#primaryimage"},"thumbnailUrl":"https:\/\/zumit.es\/wp-content\/uploads\/2024\/04\/RETAIL-BERRIES-PARADISE.jpg","datePublished":"2024-04-19T09:04:35+00:00","dateModified":"2024-05-23T10:09:14+00:00","description":"Tauchen Sie ein in das Berries Paradise von Zumit: eine Mischung aus Erdbeere, Blaubeere, Mango und A\u00e7a\u00ed in praktischen Beuteln f\u00fcr nat\u00fcrliche Smoothies.","breadcrumb":{"@id":"https:\/\/zumit.es\/de\/produkte\/berries-paradise-2\/#breadcrumb"},"inLanguage":"de","potentialAction":[{"@type":"ReadAction","target":["https:\/\/zumit.es\/de\/produkte\/berries-paradise-2\/"]}]},{"@type":"ImageObject","inLanguage":"de","@id":"https:\/\/zumit.es\/de\/produkte\/berries-paradise-2\/#primaryimage","url":"https:\/\/zumit.es\/wp-content\/uploads\/2024\/04\/RETAIL-BERRIES-PARADISE.jpg","contentUrl":"https:\/\/zumit.es\/wp-content\/uploads\/2024\/04\/RETAIL-BERRIES-PARADISE.jpg","width":800,"height":800,"caption":"Smoothie Berries Paradise de Zumit- Caja de 3 unidades de fresa, mango, ar\u00e1ndanos y cereza para la elaboraci\u00f3n de smoothies en casa"},{"@type":"BreadcrumbList","@id":"https:\/\/zumit.es\/de\/produkte\/berries-paradise-2\/#breadcrumb","itemListElement":[{"@type":"ListItem","position":1,"name":"Hauptseite","item":"https:\/\/zumit.de\/"},{"@type":"ListItem","position":2,"name":"Produkte","item":"https:\/\/zumit.de\/produkte\/"},{"@type":"ListItem","position":3,"name":"Berries Paradise"}]},{"@type":"WebSite","@id":"https:\/\/zumit.it\/#website","url":"https:\/\/zumit.it\/","name":"Zumit","description":"Fabricante y Proveedor de Smoothies, Zumos, Fruta IQF","publisher":{"@id":"https:\/\/zumit.it\/#organization"},"potentialAction":[{"@type":"SearchAction","target":{"@type":"EntryPoint","urlTemplate":"https:\/\/zumit.it\/?s={search_term_string}"},"query-input":{"@type":"PropertyValueSpecification","valueRequired":true,"valueName":"search_term_string"}}],"inLanguage":"de"},{"@type":"Organization","@id":"https:\/\/zumit.it\/#organization","name":"Zumit","url":"https:\/\/zumit.it\/","logo":{"@type":"ImageObject","inLanguage":"de","@id":"https:\/\/zumit.it\/#\/schema\/logo\/image\/","url":"https:\/\/zumit.es\/wp-content\/uploads\/Logos_Zumit_Gris-principal-1-1.png","contentUrl":"https:\/\/zumit.es\/wp-content\/uploads\/Logos_Zumit_Gris-principal-1-1.png","width":400,"height":167,"caption":"Zumit"},"image":{"@id":"https:\/\/zumit.it\/#\/schema\/logo\/image\/"}}]}},"_links":{"self":[{"href":"https:\/\/zumit.es\/de\/wp-json\/wp\/v2\/product\/6899","targetHints":{"allow":["GET"]}}],"collection":[{"href":"https:\/\/zumit.es\/de\/wp-json\/wp\/v2\/product"}],"about":[{"href":"https:\/\/zumit.es\/de\/wp-json\/wp\/v2\/types\/product"}],"replies":[{"embeddable":true,"href":"https:\/\/zumit.es\/de\/wp-json\/wp\/v2\/comments?post=6899"}],"version-history":[{"count":0,"href":"https:\/\/zumit.es\/de\/wp-json\/wp\/v2\/product\/6899\/revisions"}],"wp:featuredmedia":[{"embeddable":true,"href":"https:\/\/zumit.es\/de\/wp-json\/wp\/v2\/media\/24570"}],"wp:attachment":[{"href":"https:\/\/zumit.es\/de\/wp-json\/wp\/v2\/media?parent=6899"}],"wp:term":[{"taxonomy":"product_brand","embeddable":true,"href":"https:\/\/zumit.es\/de\/wp-json\/wp\/v2\/product_brand?post=6899"},{"taxonomy":"product_cat","embeddable":true,"href":"https:\/\/zumit.es\/de\/wp-json\/wp\/v2\/product_cat?post=6899"},{"taxonomy":"product_tag","embeddable":true,"href":"https:\/\/zumit.es\/de\/wp-json\/wp\/v2\/product_tag?post=6899"}],"curies":[{"name":"wp","href":"https:\/\/api.w.org\/{rel}","templated":true}]}}