{"id":5372,"date":"2023-12-28T03:12:10","date_gmt":"2023-12-28T02:12:10","guid":{"rendered":"https:\/\/zumit.es\/productos\/orangensaft-hpp\/"},"modified":"2025-11-26T09:38:06","modified_gmt":"2025-11-26T08:38:06","slug":"orangensaft-hpp","status":"publish","type":"product","link":"https:\/\/zumit.es\/de\/produkte\/orangensaft-hpp\/","title":{"rendered":"Zumo de naranja 100% natural HPP"},"content":{"rendered":"<p>Der HPP-gepresste Orangensaft von Zumit ist die Quintessenz von Einfachheit und Reinheit und bietet einen frischen und authentischen Geschmack in jeder Flasche. Diese Packung mit 24 Einheiten \u00e0 200 ml bietet ein belebendes Erlebnis, ideal, um den Tag mit Energie zu beginnen oder jederzeit ein gesundes Erfrischungsgetr\u00e4nk zu genie\u00dfen.<\/p>\n<p>Der Saft wird ausschlie\u00dflich aus 100 % nat\u00fcrlichen Orangen ohne Zusatzstoffe oder Konservierungsmittel hergestellt, wodurch alle N\u00e4hrstoffe der frischen Fr\u00fcchte erhalten bleiben. Die Hochdruckverarbeitung (HPP) ist das Besondere an diesem Produkt. Diese innovative Methode erm\u00f6glicht es, Krankheitserreger zu inaktivieren und die Haltbarkeit des Saftes ohne den Einsatz von Hitze zu verl\u00e4ngern, wodurch Geschmack, Farbe und vor allem N\u00e4hrstoffe und Enzyme erhalten bleiben, fast so, als w\u00e4re er gerade erst gepresst worden.<\/p>\n<p>Der HPP-gepresste Orangensaft ist nicht nur k\u00f6stlich, sondern auch eine ausgezeichnete Quelle f\u00fcr Vitamine, insbesondere Vitamin C, und Mineralien, die f\u00fcr die St\u00e4rkung des Immunsystems und die F\u00f6rderung der allgemeinen Gesundheit unerl\u00e4sslich sind. Die HPP-Technologie sorgt daf\u00fcr, dass diese Vorteile vom ersten bis zum letzten Tag der 55-t\u00e4gigen Haltbarkeitsdauer optimal erhalten bleiben.<\/p>\n<p>Um diesen Saft zu genie\u00dfen, sch\u00fctteln Sie einfach die Flasche, um die nat\u00fcrlichen Aromen zu vermischen, und servieren Sie ihn gek\u00fchlt. Nach dem \u00d6ffnen sollte er bei 1 bis 4 \u00b0C gek\u00fchlt und innerhalb von 24 Stunden verbraucht werden, um optimale Frische und Qualit\u00e4t zu gew\u00e4hrleisten.<\/p>\n<p>Ideal f\u00fcr Caf\u00e9s, Hotels, Fitnessstudios und alle anderen Gastronomiebetriebe, die ihren Kunden ein erfrischendes und gesundes Getr\u00e4nk anbieten m\u00f6chten. Der HPP-gepresste Orangensaft von Zumit passt perfekt zu den Verbrauchertrends hin zu nat\u00fcrlichen und minimal verarbeiteten Produkten. Die Aufnahme in die Speisekarte bereichert nicht nur das Getr\u00e4nkeangebot, sondern zeugt auch von einem Engagement f\u00fcr die Gesundheit und das Wohlbefinden der Kunden.<\/p>\n<p>Entdecken Sie unsere Auswahl an <a class=\"in-cell-link\" href=\"https:\/\/zumit.de\/cold-press\/\" rel=\"noopener\">cold pressed S\u00e4ften<\/a> f\u00fcr ein einzigartiges Geschmackserlebnis.<\/p>\n<p>Allergene: kann Sellerie und Schalenfr\u00fcchte enthalten.<\/p>\n","protected":false},"excerpt":{"rendered":"<p>Packung mit 24 Flaschen \u00e0 200 ml frisch gepresstem Orangensaft, verpackt und mit Hochdruck behandelt (HPP)<\/p>\n","protected":false},"featured_media":24096,"comment_status":"open","ping_status":"closed","template":"","meta":{"_acf_changed":false},"product_brand":[],"product_cat":[417,380,418],"product_tag":[],"class_list":{"0":"post-5372","1":"product","2":"type-product","3":"status-publish","4":"has-post-thumbnail","6":"product_cat-2x1-de","7":"product_cat-b2b-de-2","8":"product_cat-cold-pressed-de","10":"first","11":"instock","12":"taxable","13":"shipping-taxable","14":"purchasable","15":"product-type-simple"},"acf":[],"yoast_head":"<!-- This site is optimized with the Yoast SEO plugin v27.2 - https:\/\/yoast.com\/product\/yoast-seo-wordpress\/ -->\n<title>Pack Zumo de Naranja Natural HPP | Zumit<\/title>\n<meta name=\"description\" content=\"Packung mit nat\u00fcrlichem HPP-Orangensaft. 100 % nat\u00fcrlich und gesund bei jedem Schluck \ud83c\udf4a Ohne Zusatzstoffe oder Konservierungsmittel! Ideal zum Mitnehmen.\" \/>\n<meta name=\"robots\" content=\"index, follow, max-snippet:-1, max-image-preview:large, max-video-preview:-1\" \/>\n<link rel=\"canonical\" href=\"https:\/\/zumit.es\/de\/produkte\/orangensaft-hpp\/\" \/>\n<meta property=\"og:locale\" content=\"de_DE\" \/>\n<meta property=\"og:type\" content=\"article\" \/>\n<meta property=\"og:title\" content=\"Pack Zumo de Naranja Natural HPP | Zumit\" \/>\n<meta property=\"og:description\" content=\"Packung mit nat\u00fcrlichem HPP-Orangensaft. 100 % nat\u00fcrlich und gesund bei jedem Schluck \ud83c\udf4a Ohne Zusatzstoffe oder Konservierungsmittel! Ideal zum Mitnehmen.\" \/>\n<meta property=\"og:url\" content=\"https:\/\/zumit.es\/de\/produkte\/orangensaft-hpp\/\" \/>\n<meta property=\"og:site_name\" content=\"Zumit\" \/>\n<meta property=\"article:modified_time\" content=\"2025-11-26T08:38:06+00:00\" \/>\n<meta property=\"og:image\" content=\"https:\/\/zumit.de\/wp-content\/uploads\/Naranja-1-1.jpg\" \/>\n\t<meta property=\"og:image:width\" content=\"2048\" \/>\n\t<meta property=\"og:image:height\" content=\"1364\" \/>\n\t<meta property=\"og:image:type\" content=\"image\/jpeg\" \/>\n<meta name=\"twitter:card\" content=\"summary_large_image\" \/>\n<meta name=\"twitter:label1\" content=\"Gesch\u00e4tzte Lesezeit\" \/>\n\t<meta name=\"twitter:data1\" content=\"2\u00a0Minuten\" \/>\n<script type=\"application\/ld+json\" class=\"yoast-schema-graph\">{\"@context\":\"https:\/\/schema.org\",\"@graph\":[{\"@type\":\"WebPage\",\"@id\":\"https:\/\/zumit.es\/de\/produkte\/orangensaft-hpp\/\",\"url\":\"https:\/\/zumit.es\/de\/produkte\/orangensaft-hpp\/\",\"name\":\"Pack Zumo de Naranja Natural HPP | Zumit\",\"isPartOf\":{\"@id\":\"https:\/\/zumit.it\/#website\"},\"primaryImageOfPage\":{\"@id\":\"https:\/\/zumit.es\/de\/produkte\/orangensaft-hpp\/#primaryimage\"},\"image\":{\"@id\":\"https:\/\/zumit.es\/de\/produkte\/orangensaft-hpp\/#primaryimage\"},\"thumbnailUrl\":\"https:\/\/zumit.es\/wp-content\/uploads\/2023\/12\/zumo-naranja-natural.webp\",\"datePublished\":\"2023-12-28T02:12:10+00:00\",\"dateModified\":\"2025-11-26T08:38:06+00:00\",\"description\":\"Packung mit nat\u00fcrlichem HPP-Orangensaft. 100 % nat\u00fcrlich und gesund bei jedem Schluck \ud83c\udf4a Ohne Zusatzstoffe oder Konservierungsmittel! Ideal zum Mitnehmen.\",\"breadcrumb\":{\"@id\":\"https:\/\/zumit.es\/de\/produkte\/orangensaft-hpp\/#breadcrumb\"},\"inLanguage\":\"de\",\"potentialAction\":[{\"@type\":\"ReadAction\",\"target\":[\"https:\/\/zumit.es\/de\/produkte\/orangensaft-hpp\/\"]}]},{\"@type\":\"ImageObject\",\"inLanguage\":\"de\",\"@id\":\"https:\/\/zumit.es\/de\/produkte\/orangensaft-hpp\/#primaryimage\",\"url\":\"https:\/\/zumit.es\/wp-content\/uploads\/2023\/12\/zumo-naranja-natural.webp\",\"contentUrl\":\"https:\/\/zumit.es\/wp-content\/uploads\/2023\/12\/zumo-naranja-natural.webp\",\"width\":800,\"height\":800},{\"@type\":\"BreadcrumbList\",\"@id\":\"https:\/\/zumit.es\/de\/produkte\/orangensaft-hpp\/#breadcrumb\",\"itemListElement\":[{\"@type\":\"ListItem\",\"position\":1,\"name\":\"Hauptseite\",\"item\":\"https:\/\/zumit.de\/\"},{\"@type\":\"ListItem\",\"position\":2,\"name\":\"Produkte\",\"item\":\"https:\/\/zumit.de\/produkte\/\"},{\"@type\":\"ListItem\",\"position\":3,\"name\":\"Zumo de naranja 100% natural HPP\"}]},{\"@type\":\"WebSite\",\"@id\":\"https:\/\/zumit.it\/#website\",\"url\":\"https:\/\/zumit.it\/\",\"name\":\"Zumit\",\"description\":\"Fabricante y Proveedor de Smoothies, Zumos, Fruta IQF\",\"publisher\":{\"@id\":\"https:\/\/zumit.it\/#organization\"},\"potentialAction\":[{\"@type\":\"SearchAction\",\"target\":{\"@type\":\"EntryPoint\",\"urlTemplate\":\"https:\/\/zumit.it\/?s={search_term_string}\"},\"query-input\":{\"@type\":\"PropertyValueSpecification\",\"valueRequired\":true,\"valueName\":\"search_term_string\"}}],\"inLanguage\":\"de\"},{\"@type\":\"Organization\",\"@id\":\"https:\/\/zumit.it\/#organization\",\"name\":\"Zumit\",\"url\":\"https:\/\/zumit.it\/\",\"logo\":{\"@type\":\"ImageObject\",\"inLanguage\":\"de\",\"@id\":\"https:\/\/zumit.it\/#\/schema\/logo\/image\/\",\"url\":\"https:\/\/zumit.es\/wp-content\/uploads\/Logos_Zumit_Gris-principal-1-1.png\",\"contentUrl\":\"https:\/\/zumit.es\/wp-content\/uploads\/Logos_Zumit_Gris-principal-1-1.png\",\"width\":400,\"height\":167,\"caption\":\"Zumit\"},\"image\":{\"@id\":\"https:\/\/zumit.it\/#\/schema\/logo\/image\/\"}}]}<\/script>\n<!-- \/ Yoast SEO plugin. -->","yoast_head_json":{"title":"Pack Zumo de Naranja Natural HPP | Zumit","description":"Packung mit nat\u00fcrlichem HPP-Orangensaft. 100 % nat\u00fcrlich und gesund bei jedem Schluck \ud83c\udf4a Ohne Zusatzstoffe oder Konservierungsmittel! Ideal zum Mitnehmen.","robots":{"index":"index","follow":"follow","max-snippet":"max-snippet:-1","max-image-preview":"max-image-preview:large","max-video-preview":"max-video-preview:-1"},"canonical":"https:\/\/zumit.es\/de\/produkte\/orangensaft-hpp\/","og_locale":"de_DE","og_type":"article","og_title":"Pack Zumo de Naranja Natural HPP | Zumit","og_description":"Packung mit nat\u00fcrlichem HPP-Orangensaft. 100 % nat\u00fcrlich und gesund bei jedem Schluck \ud83c\udf4a Ohne Zusatzstoffe oder Konservierungsmittel! Ideal zum Mitnehmen.","og_url":"https:\/\/zumit.es\/de\/produkte\/orangensaft-hpp\/","og_site_name":"Zumit","article_modified_time":"2025-11-26T08:38:06+00:00","og_image":[{"width":2048,"height":1364,"url":"https:\/\/zumit.de\/wp-content\/uploads\/Naranja-1-1.jpg","type":"image\/jpeg"}],"twitter_card":"summary_large_image","twitter_misc":{"Gesch\u00e4tzte Lesezeit":"2\u00a0Minuten"},"schema":{"@context":"https:\/\/schema.org","@graph":[{"@type":"WebPage","@id":"https:\/\/zumit.es\/de\/produkte\/orangensaft-hpp\/","url":"https:\/\/zumit.es\/de\/produkte\/orangensaft-hpp\/","name":"Pack Zumo de Naranja Natural HPP | Zumit","isPartOf":{"@id":"https:\/\/zumit.it\/#website"},"primaryImageOfPage":{"@id":"https:\/\/zumit.es\/de\/produkte\/orangensaft-hpp\/#primaryimage"},"image":{"@id":"https:\/\/zumit.es\/de\/produkte\/orangensaft-hpp\/#primaryimage"},"thumbnailUrl":"https:\/\/zumit.es\/wp-content\/uploads\/2023\/12\/zumo-naranja-natural.webp","datePublished":"2023-12-28T02:12:10+00:00","dateModified":"2025-11-26T08:38:06+00:00","description":"Packung mit nat\u00fcrlichem HPP-Orangensaft. 100 % nat\u00fcrlich und gesund bei jedem Schluck \ud83c\udf4a Ohne Zusatzstoffe oder Konservierungsmittel! Ideal zum Mitnehmen.","breadcrumb":{"@id":"https:\/\/zumit.es\/de\/produkte\/orangensaft-hpp\/#breadcrumb"},"inLanguage":"de","potentialAction":[{"@type":"ReadAction","target":["https:\/\/zumit.es\/de\/produkte\/orangensaft-hpp\/"]}]},{"@type":"ImageObject","inLanguage":"de","@id":"https:\/\/zumit.es\/de\/produkte\/orangensaft-hpp\/#primaryimage","url":"https:\/\/zumit.es\/wp-content\/uploads\/2023\/12\/zumo-naranja-natural.webp","contentUrl":"https:\/\/zumit.es\/wp-content\/uploads\/2023\/12\/zumo-naranja-natural.webp","width":800,"height":800},{"@type":"BreadcrumbList","@id":"https:\/\/zumit.es\/de\/produkte\/orangensaft-hpp\/#breadcrumb","itemListElement":[{"@type":"ListItem","position":1,"name":"Hauptseite","item":"https:\/\/zumit.de\/"},{"@type":"ListItem","position":2,"name":"Produkte","item":"https:\/\/zumit.de\/produkte\/"},{"@type":"ListItem","position":3,"name":"Zumo de naranja 100% natural HPP"}]},{"@type":"WebSite","@id":"https:\/\/zumit.it\/#website","url":"https:\/\/zumit.it\/","name":"Zumit","description":"Fabricante y Proveedor de Smoothies, Zumos, Fruta IQF","publisher":{"@id":"https:\/\/zumit.it\/#organization"},"potentialAction":[{"@type":"SearchAction","target":{"@type":"EntryPoint","urlTemplate":"https:\/\/zumit.it\/?s={search_term_string}"},"query-input":{"@type":"PropertyValueSpecification","valueRequired":true,"valueName":"search_term_string"}}],"inLanguage":"de"},{"@type":"Organization","@id":"https:\/\/zumit.it\/#organization","name":"Zumit","url":"https:\/\/zumit.it\/","logo":{"@type":"ImageObject","inLanguage":"de","@id":"https:\/\/zumit.it\/#\/schema\/logo\/image\/","url":"https:\/\/zumit.es\/wp-content\/uploads\/Logos_Zumit_Gris-principal-1-1.png","contentUrl":"https:\/\/zumit.es\/wp-content\/uploads\/Logos_Zumit_Gris-principal-1-1.png","width":400,"height":167,"caption":"Zumit"},"image":{"@id":"https:\/\/zumit.it\/#\/schema\/logo\/image\/"}}]}},"_links":{"self":[{"href":"https:\/\/zumit.es\/de\/wp-json\/wp\/v2\/product\/5372","targetHints":{"allow":["GET"]}}],"collection":[{"href":"https:\/\/zumit.es\/de\/wp-json\/wp\/v2\/product"}],"about":[{"href":"https:\/\/zumit.es\/de\/wp-json\/wp\/v2\/types\/product"}],"replies":[{"embeddable":true,"href":"https:\/\/zumit.es\/de\/wp-json\/wp\/v2\/comments?post=5372"}],"version-history":[{"count":0,"href":"https:\/\/zumit.es\/de\/wp-json\/wp\/v2\/product\/5372\/revisions"}],"wp:featuredmedia":[{"embeddable":true,"href":"https:\/\/zumit.es\/de\/wp-json\/wp\/v2\/media\/24096"}],"wp:attachment":[{"href":"https:\/\/zumit.es\/de\/wp-json\/wp\/v2\/media?parent=5372"}],"wp:term":[{"taxonomy":"product_brand","embeddable":true,"href":"https:\/\/zumit.es\/de\/wp-json\/wp\/v2\/product_brand?post=5372"},{"taxonomy":"product_cat","embeddable":true,"href":"https:\/\/zumit.es\/de\/wp-json\/wp\/v2\/product_cat?post=5372"},{"taxonomy":"product_tag","embeddable":true,"href":"https:\/\/zumit.es\/de\/wp-json\/wp\/v2\/product_tag?post=5372"}],"curies":[{"name":"wp","href":"https:\/\/api.w.org\/{rel}","templated":true}]}}