{"id":5310,"date":"2024-01-03T14:06:57","date_gmt":"2024-01-03T13:06:57","guid":{"rendered":"https:\/\/zumit.es\/productos\/ginger-boost\/"},"modified":"2024-04-19T11:51:07","modified_gmt":"2024-04-19T09:51:07","slug":"ginger-boost","status":"publish","type":"product","link":"https:\/\/zumit.es\/de\/produkte\/ginger-boost\/","title":{"rendered":"Ginger Boost"},"content":{"rendered":"<p>Der Ginger Boost Smoothie von Zumit ist eine lebendige Geschmacks- und Energiemischung f\u00fcr alle, die einen gesunden Energieschub f\u00fcr ihren Alltag suchen. Jede Packung enth\u00e4lt 20 Portionsbeutel \u00e0 150 g, die perfekt portioniert sind, um bei jeder Zubereitung ein frisches und belebendes Erlebnis zu gew\u00e4hrleisten.<\/p>\n<p>Durch die Karotte erh\u00e4lt dieser Smoothie nicht nur eine leuchtende und attraktive Farbe, sondern auch eine F\u00fclle von Vitaminen und Antioxidantien. Der Apfel und die Birne verleihen ihm eine nat\u00fcrliche S\u00fc\u00dfe und eine weiche Textur, die jeden Schluck zu einem Genuss machen. Der eigentliche Clou ist jedoch der Ingwer, der f\u00fcr seine anregenden Eigenschaften und seine F\u00e4higkeit bekannt ist, einen Energieschub&#8220; und Geschmack zu verleihen.<\/p>\n<p>Die 15 cm x 12 cm gro\u00dfen Beutel sind einfach zu lagern und noch einfacher zu verwenden, so dass Sie schnell ein erfrischendes und belebendes Getr\u00e4nk anbieten k\u00f6nnen.<\/p>\n<p>Obwohl dieses Produkt nicht f\u00fcr Privatpersonen erh\u00e4ltlich ist, ist es eine au\u00dfergew\u00f6hnliche Erg\u00e4nzung f\u00fcr jede Bar, jedes Caf\u00e9 oder Restaurant, das seine Speisekarte mit gesunden und energiespendenden Optionen bereichern m\u00f6chte.<\/p>\n<p>Der Ginger Boost Smoothie von Zumit ist nicht nur ein Getr\u00e4nk, sondern ein Geschmacks- und Wellness-Erlebnis, das Ihre Kunden sch\u00e4tzen werden.<\/p>\n","protected":false},"excerpt":{"rendered":"<p>Karotte, Apfel, Birne, Birne, Ingwer Smoothie.<\/p>\n","protected":false},"featured_media":24306,"comment_status":"open","ping_status":"closed","template":"","meta":{"_acf_changed":false},"product_brand":[],"product_cat":[380,374,401],"product_tag":[],"class_list":{"0":"post-5310","1":"product","2":"type-product","3":"status-publish","4":"has-post-thumbnail","6":"product_cat-b2b-de-2","7":"product_cat-produkte","8":"product_cat-smoothies-de-p","10":"first","11":"outofstock","12":"taxable","13":"shipping-taxable","14":"purchasable","15":"product-type-simple"},"acf":[],"yoast_head":"<!-- This site is optimized with the Yoast SEO plugin v27.2 - https:\/\/yoast.com\/product\/yoast-seo-wordpress\/ -->\n<title>Smoothie Ginger Boost - Zumit<\/title>\n<meta name=\"description\" content=\"Der Ginger Boost Smoothie von Zumit ist nicht nur ein Getr\u00e4nk, sondern ein Geschmacks- und Wellness-Erlebnis, das Ihre Kunden sch\u00e4tzen werden.\" \/>\n<meta name=\"robots\" content=\"index, follow, max-snippet:-1, max-image-preview:large, max-video-preview:-1\" \/>\n<link rel=\"canonical\" href=\"https:\/\/zumit.es\/de\/produkte\/ginger-boost\/\" \/>\n<meta property=\"og:locale\" content=\"de_DE\" \/>\n<meta property=\"og:type\" content=\"article\" \/>\n<meta property=\"og:title\" content=\"Smoothie Ginger Boost - Zumit\" \/>\n<meta property=\"og:description\" content=\"Der Ginger Boost Smoothie von Zumit ist nicht nur ein Getr\u00e4nk, sondern ein Geschmacks- und Wellness-Erlebnis, das Ihre Kunden sch\u00e4tzen werden.\" \/>\n<meta property=\"og:url\" content=\"https:\/\/zumit.es\/de\/produkte\/ginger-boost\/\" \/>\n<meta property=\"og:site_name\" content=\"Zumit\" \/>\n<meta property=\"article:modified_time\" content=\"2024-04-19T09:51:07+00:00\" \/>\n<meta property=\"og:image\" content=\"https:\/\/zumit.de\/wp-content\/uploads\/SMOOTHIE-GINGER-BOOST-B16_01.webp\" \/>\n\t<meta property=\"og:image:width\" content=\"2048\" \/>\n\t<meta property=\"og:image:height\" content=\"1365\" \/>\n\t<meta property=\"og:image:type\" content=\"image\/webp\" \/>\n<meta name=\"twitter:card\" content=\"summary_large_image\" \/>\n<meta name=\"twitter:label1\" content=\"Gesch\u00e4tzte Lesezeit\" \/>\n\t<meta name=\"twitter:data1\" content=\"1\u00a0Minute\" \/>\n<script type=\"application\/ld+json\" class=\"yoast-schema-graph\">{\"@context\":\"https:\/\/schema.org\",\"@graph\":[{\"@type\":\"WebPage\",\"@id\":\"https:\/\/zumit.es\/de\/produkte\/ginger-boost\/\",\"url\":\"https:\/\/zumit.es\/de\/produkte\/ginger-boost\/\",\"name\":\"Smoothie Ginger Boost - Zumit\",\"isPartOf\":{\"@id\":\"https:\/\/zumit.it\/#website\"},\"primaryImageOfPage\":{\"@id\":\"https:\/\/zumit.es\/de\/produkte\/ginger-boost\/#primaryimage\"},\"image\":{\"@id\":\"https:\/\/zumit.es\/de\/produkte\/ginger-boost\/#primaryimage\"},\"thumbnailUrl\":\"https:\/\/zumit.es\/wp-content\/uploads\/2024\/01\/SMOOTHIE-GINGER-BOOST-B16_01.jpg\",\"datePublished\":\"2024-01-03T13:06:57+00:00\",\"dateModified\":\"2024-04-19T09:51:07+00:00\",\"description\":\"Der Ginger Boost Smoothie von Zumit ist nicht nur ein Getr\u00e4nk, sondern ein Geschmacks- und Wellness-Erlebnis, das Ihre Kunden sch\u00e4tzen werden.\",\"breadcrumb\":{\"@id\":\"https:\/\/zumit.es\/de\/produkte\/ginger-boost\/#breadcrumb\"},\"inLanguage\":\"de\",\"potentialAction\":[{\"@type\":\"ReadAction\",\"target\":[\"https:\/\/zumit.es\/de\/produkte\/ginger-boost\/\"]}]},{\"@type\":\"ImageObject\",\"inLanguage\":\"de\",\"@id\":\"https:\/\/zumit.es\/de\/produkte\/ginger-boost\/#primaryimage\",\"url\":\"https:\/\/zumit.es\/wp-content\/uploads\/2024\/01\/SMOOTHIE-GINGER-BOOST-B16_01.jpg\",\"contentUrl\":\"https:\/\/zumit.es\/wp-content\/uploads\/2024\/01\/SMOOTHIE-GINGER-BOOST-B16_01.jpg\",\"width\":800,\"height\":800},{\"@type\":\"BreadcrumbList\",\"@id\":\"https:\/\/zumit.es\/de\/produkte\/ginger-boost\/#breadcrumb\",\"itemListElement\":[{\"@type\":\"ListItem\",\"position\":1,\"name\":\"Hauptseite\",\"item\":\"https:\/\/zumit.de\/\"},{\"@type\":\"ListItem\",\"position\":2,\"name\":\"Produkte\",\"item\":\"https:\/\/zumit.de\/produkte\/\"},{\"@type\":\"ListItem\",\"position\":3,\"name\":\"Ginger Boost\"}]},{\"@type\":\"WebSite\",\"@id\":\"https:\/\/zumit.it\/#website\",\"url\":\"https:\/\/zumit.it\/\",\"name\":\"Zumit\",\"description\":\"Fabricante y Proveedor de Smoothies, Zumos, Fruta IQF\",\"publisher\":{\"@id\":\"https:\/\/zumit.it\/#organization\"},\"potentialAction\":[{\"@type\":\"SearchAction\",\"target\":{\"@type\":\"EntryPoint\",\"urlTemplate\":\"https:\/\/zumit.it\/?s={search_term_string}\"},\"query-input\":{\"@type\":\"PropertyValueSpecification\",\"valueRequired\":true,\"valueName\":\"search_term_string\"}}],\"inLanguage\":\"de\"},{\"@type\":\"Organization\",\"@id\":\"https:\/\/zumit.it\/#organization\",\"name\":\"Zumit\",\"url\":\"https:\/\/zumit.it\/\",\"logo\":{\"@type\":\"ImageObject\",\"inLanguage\":\"de\",\"@id\":\"https:\/\/zumit.it\/#\/schema\/logo\/image\/\",\"url\":\"https:\/\/zumit.es\/wp-content\/uploads\/Logos_Zumit_Gris-principal-1-1.png\",\"contentUrl\":\"https:\/\/zumit.es\/wp-content\/uploads\/Logos_Zumit_Gris-principal-1-1.png\",\"width\":400,\"height\":167,\"caption\":\"Zumit\"},\"image\":{\"@id\":\"https:\/\/zumit.it\/#\/schema\/logo\/image\/\"}}]}<\/script>\n<!-- \/ Yoast SEO plugin. -->","yoast_head_json":{"title":"Smoothie Ginger Boost - Zumit","description":"Der Ginger Boost Smoothie von Zumit ist nicht nur ein Getr\u00e4nk, sondern ein Geschmacks- und Wellness-Erlebnis, das Ihre Kunden sch\u00e4tzen werden.","robots":{"index":"index","follow":"follow","max-snippet":"max-snippet:-1","max-image-preview":"max-image-preview:large","max-video-preview":"max-video-preview:-1"},"canonical":"https:\/\/zumit.es\/de\/produkte\/ginger-boost\/","og_locale":"de_DE","og_type":"article","og_title":"Smoothie Ginger Boost - Zumit","og_description":"Der Ginger Boost Smoothie von Zumit ist nicht nur ein Getr\u00e4nk, sondern ein Geschmacks- und Wellness-Erlebnis, das Ihre Kunden sch\u00e4tzen werden.","og_url":"https:\/\/zumit.es\/de\/produkte\/ginger-boost\/","og_site_name":"Zumit","article_modified_time":"2024-04-19T09:51:07+00:00","og_image":[{"width":2048,"height":1365,"url":"https:\/\/zumit.de\/wp-content\/uploads\/SMOOTHIE-GINGER-BOOST-B16_01.webp","type":"image\/webp"}],"twitter_card":"summary_large_image","twitter_misc":{"Gesch\u00e4tzte Lesezeit":"1\u00a0Minute"},"schema":{"@context":"https:\/\/schema.org","@graph":[{"@type":"WebPage","@id":"https:\/\/zumit.es\/de\/produkte\/ginger-boost\/","url":"https:\/\/zumit.es\/de\/produkte\/ginger-boost\/","name":"Smoothie Ginger Boost - Zumit","isPartOf":{"@id":"https:\/\/zumit.it\/#website"},"primaryImageOfPage":{"@id":"https:\/\/zumit.es\/de\/produkte\/ginger-boost\/#primaryimage"},"image":{"@id":"https:\/\/zumit.es\/de\/produkte\/ginger-boost\/#primaryimage"},"thumbnailUrl":"https:\/\/zumit.es\/wp-content\/uploads\/2024\/01\/SMOOTHIE-GINGER-BOOST-B16_01.jpg","datePublished":"2024-01-03T13:06:57+00:00","dateModified":"2024-04-19T09:51:07+00:00","description":"Der Ginger Boost Smoothie von Zumit ist nicht nur ein Getr\u00e4nk, sondern ein Geschmacks- und Wellness-Erlebnis, das Ihre Kunden sch\u00e4tzen werden.","breadcrumb":{"@id":"https:\/\/zumit.es\/de\/produkte\/ginger-boost\/#breadcrumb"},"inLanguage":"de","potentialAction":[{"@type":"ReadAction","target":["https:\/\/zumit.es\/de\/produkte\/ginger-boost\/"]}]},{"@type":"ImageObject","inLanguage":"de","@id":"https:\/\/zumit.es\/de\/produkte\/ginger-boost\/#primaryimage","url":"https:\/\/zumit.es\/wp-content\/uploads\/2024\/01\/SMOOTHIE-GINGER-BOOST-B16_01.jpg","contentUrl":"https:\/\/zumit.es\/wp-content\/uploads\/2024\/01\/SMOOTHIE-GINGER-BOOST-B16_01.jpg","width":800,"height":800},{"@type":"BreadcrumbList","@id":"https:\/\/zumit.es\/de\/produkte\/ginger-boost\/#breadcrumb","itemListElement":[{"@type":"ListItem","position":1,"name":"Hauptseite","item":"https:\/\/zumit.de\/"},{"@type":"ListItem","position":2,"name":"Produkte","item":"https:\/\/zumit.de\/produkte\/"},{"@type":"ListItem","position":3,"name":"Ginger Boost"}]},{"@type":"WebSite","@id":"https:\/\/zumit.it\/#website","url":"https:\/\/zumit.it\/","name":"Zumit","description":"Fabricante y Proveedor de Smoothies, Zumos, Fruta IQF","publisher":{"@id":"https:\/\/zumit.it\/#organization"},"potentialAction":[{"@type":"SearchAction","target":{"@type":"EntryPoint","urlTemplate":"https:\/\/zumit.it\/?s={search_term_string}"},"query-input":{"@type":"PropertyValueSpecification","valueRequired":true,"valueName":"search_term_string"}}],"inLanguage":"de"},{"@type":"Organization","@id":"https:\/\/zumit.it\/#organization","name":"Zumit","url":"https:\/\/zumit.it\/","logo":{"@type":"ImageObject","inLanguage":"de","@id":"https:\/\/zumit.it\/#\/schema\/logo\/image\/","url":"https:\/\/zumit.es\/wp-content\/uploads\/Logos_Zumit_Gris-principal-1-1.png","contentUrl":"https:\/\/zumit.es\/wp-content\/uploads\/Logos_Zumit_Gris-principal-1-1.png","width":400,"height":167,"caption":"Zumit"},"image":{"@id":"https:\/\/zumit.it\/#\/schema\/logo\/image\/"}}]}},"_links":{"self":[{"href":"https:\/\/zumit.es\/de\/wp-json\/wp\/v2\/product\/5310","targetHints":{"allow":["GET"]}}],"collection":[{"href":"https:\/\/zumit.es\/de\/wp-json\/wp\/v2\/product"}],"about":[{"href":"https:\/\/zumit.es\/de\/wp-json\/wp\/v2\/types\/product"}],"replies":[{"embeddable":true,"href":"https:\/\/zumit.es\/de\/wp-json\/wp\/v2\/comments?post=5310"}],"version-history":[{"count":0,"href":"https:\/\/zumit.es\/de\/wp-json\/wp\/v2\/product\/5310\/revisions"}],"wp:featuredmedia":[{"embeddable":true,"href":"https:\/\/zumit.es\/de\/wp-json\/wp\/v2\/media\/24306"}],"wp:attachment":[{"href":"https:\/\/zumit.es\/de\/wp-json\/wp\/v2\/media?parent=5310"}],"wp:term":[{"taxonomy":"product_brand","embeddable":true,"href":"https:\/\/zumit.es\/de\/wp-json\/wp\/v2\/product_brand?post=5310"},{"taxonomy":"product_cat","embeddable":true,"href":"https:\/\/zumit.es\/de\/wp-json\/wp\/v2\/product_cat?post=5310"},{"taxonomy":"product_tag","embeddable":true,"href":"https:\/\/zumit.es\/de\/wp-json\/wp\/v2\/product_tag?post=5310"}],"curies":[{"name":"wp","href":"https:\/\/api.w.org\/{rel}","templated":true}]}}