{"id":5297,"date":"2024-01-03T14:39:52","date_gmt":"2024-01-03T13:39:52","guid":{"rendered":"https:\/\/zumit.es\/productos\/entzueckend\/"},"modified":"2024-04-19T11:49:07","modified_gmt":"2024-04-19T09:49:07","slug":"entzueckend","status":"publish","type":"product","link":"https:\/\/zumit.es\/de\/produkte\/entzueckend\/","title":{"rendered":"Delightful"},"content":{"rendered":"<p>Der Delightful Smoothie von Zumit ist eine perfekte Kombination aus Geschmack und Energie f\u00fcr alle, die einen gesunden und leckeren Energieschub f\u00fcr ihren Alltag suchen. Jede Packung enth\u00e4lt 20 150-g-Einzelportionsbeutel mit einer erlesenen Mischung aus gewaschenen, geschnittenen und tiefgefrorenen Fr\u00fcchten, um ihre Frische und N\u00e4hrstoffkraft zu erhalten.<\/p>\n<p>Mit Mango bietet dieser Smoothie nicht nur einen tropischen Geschmack und unwiderstehliche S\u00fc\u00dfe, sondern auch eine reiche Quelle an Vitaminen und Antioxidantien. Die Banane sorgt f\u00fcr eine cremige Konsistenz und eine anhaltende Energiezufuhr &#8211; ideal f\u00fcr Momente, in denen Sie einen nat\u00fcrlichen Muntermacher brauchen. Hinzu kommt A\u00e7a\u00ed, die Superfrucht aus dem Amazonasgebiet, die f\u00fcr ihre energiespendenden und antioxidativen Eigenschaften bekannt ist. Den letzten Schliff geben die Blaubeeren, die reich an N\u00e4hrstoffen sind und deren Geschmack die Mischung perfekt abrundet.<\/p>\n<p>Die 15 cm x 12 cm gro\u00dfen Beutel sind so konzipiert, dass jeder Smoothie, den Sie zubereiten, ein frisches und belebendes Erlebnis ist.<\/p>\n<p>Obwohl dieses Produkt nicht f\u00fcr Privatpersonen erh\u00e4ltlich ist, ist der Smoothie Delightful von Zumit die ideale Wahl f\u00fcr Bars, Caf\u00e9s und Restaurants, die ihren Kunden eine gesunde und schmackhafte Option anbieten m\u00f6chten. Mit Zumit ist jeder Schluck ein Schritt in Richtung lebendiges und k\u00f6stliches Wohlbefinden.<\/p>\n","protected":false},"excerpt":{"rendered":"<p>Smoothie aus Mango, Banane, A\u00e7a\u00ed und Heidelbeeren<\/p>\n","protected":false},"featured_media":24348,"comment_status":"open","ping_status":"closed","template":"","meta":{"_acf_changed":false},"product_brand":[],"product_cat":[380,374,401],"product_tag":[],"class_list":{"0":"post-5297","1":"product","2":"type-product","3":"status-publish","4":"has-post-thumbnail","6":"product_cat-b2b-de-2","7":"product_cat-produkte","8":"product_cat-smoothies-de-p","10":"first","11":"outofstock","12":"taxable","13":"shipping-taxable","14":"purchasable","15":"product-type-simple"},"acf":[],"yoast_head":"<!-- This site is optimized with the Yoast SEO plugin v27.2 - https:\/\/yoast.com\/product\/yoast-seo-wordpress\/ -->\n<title>Smoothie Delightful - Zumit<\/title>\n<meta name=\"description\" content=\"Der Delightful Smoothie von Zumit ist eine Kombination aus Geschmack und Energie, f\u00fcr alle, die einen gesunden und k\u00f6stlichen Energieschub suchen.\" \/>\n<meta name=\"robots\" content=\"index, follow, max-snippet:-1, max-image-preview:large, max-video-preview:-1\" \/>\n<link rel=\"canonical\" href=\"https:\/\/zumit.es\/de\/produkte\/entzueckend\/\" \/>\n<meta property=\"og:locale\" content=\"de_DE\" \/>\n<meta property=\"og:type\" content=\"article\" \/>\n<meta property=\"og:title\" content=\"Smoothie Delightful - Zumit\" \/>\n<meta property=\"og:description\" content=\"Der Delightful Smoothie von Zumit ist eine Kombination aus Geschmack und Energie, f\u00fcr alle, die einen gesunden und k\u00f6stlichen Energieschub suchen.\" \/>\n<meta property=\"og:url\" content=\"https:\/\/zumit.es\/de\/produkte\/entzueckend\/\" \/>\n<meta property=\"og:site_name\" content=\"Zumit\" \/>\n<meta property=\"article:modified_time\" content=\"2024-04-19T09:49:07+00:00\" \/>\n<meta property=\"og:image\" content=\"https:\/\/zumit.de\/wp-content\/uploads\/Smoothie-Delightful_01.webp\" \/>\n\t<meta property=\"og:image:width\" content=\"2048\" \/>\n\t<meta property=\"og:image:height\" content=\"1365\" \/>\n\t<meta property=\"og:image:type\" content=\"image\/webp\" \/>\n<meta name=\"twitter:card\" content=\"summary_large_image\" \/>\n<meta name=\"twitter:label1\" content=\"Gesch\u00e4tzte Lesezeit\" \/>\n\t<meta name=\"twitter:data1\" content=\"1\u00a0Minute\" \/>\n<script type=\"application\/ld+json\" class=\"yoast-schema-graph\">{\"@context\":\"https:\/\/schema.org\",\"@graph\":[{\"@type\":\"WebPage\",\"@id\":\"https:\/\/zumit.es\/de\/produkte\/entzueckend\/\",\"url\":\"https:\/\/zumit.es\/de\/produkte\/entzueckend\/\",\"name\":\"Smoothie Delightful - Zumit\",\"isPartOf\":{\"@id\":\"https:\/\/zumit.it\/#website\"},\"primaryImageOfPage\":{\"@id\":\"https:\/\/zumit.es\/de\/produkte\/entzueckend\/#primaryimage\"},\"image\":{\"@id\":\"https:\/\/zumit.es\/de\/produkte\/entzueckend\/#primaryimage\"},\"thumbnailUrl\":\"https:\/\/zumit.es\/wp-content\/uploads\/2024\/01\/Smoothie-Delightful_01.jpg\",\"datePublished\":\"2024-01-03T13:39:52+00:00\",\"dateModified\":\"2024-04-19T09:49:07+00:00\",\"description\":\"Der Delightful Smoothie von Zumit ist eine Kombination aus Geschmack und Energie, f\u00fcr alle, die einen gesunden und k\u00f6stlichen Energieschub suchen.\",\"breadcrumb\":{\"@id\":\"https:\/\/zumit.es\/de\/produkte\/entzueckend\/#breadcrumb\"},\"inLanguage\":\"de\",\"potentialAction\":[{\"@type\":\"ReadAction\",\"target\":[\"https:\/\/zumit.es\/de\/produkte\/entzueckend\/\"]}]},{\"@type\":\"ImageObject\",\"inLanguage\":\"de\",\"@id\":\"https:\/\/zumit.es\/de\/produkte\/entzueckend\/#primaryimage\",\"url\":\"https:\/\/zumit.es\/wp-content\/uploads\/2024\/01\/Smoothie-Delightful_01.jpg\",\"contentUrl\":\"https:\/\/zumit.es\/wp-content\/uploads\/2024\/01\/Smoothie-Delightful_01.jpg\",\"width\":800,\"height\":800},{\"@type\":\"BreadcrumbList\",\"@id\":\"https:\/\/zumit.es\/de\/produkte\/entzueckend\/#breadcrumb\",\"itemListElement\":[{\"@type\":\"ListItem\",\"position\":1,\"name\":\"Hauptseite\",\"item\":\"https:\/\/zumit.de\/\"},{\"@type\":\"ListItem\",\"position\":2,\"name\":\"Produkte\",\"item\":\"https:\/\/zumit.de\/produkte\/\"},{\"@type\":\"ListItem\",\"position\":3,\"name\":\"Delightful\"}]},{\"@type\":\"WebSite\",\"@id\":\"https:\/\/zumit.it\/#website\",\"url\":\"https:\/\/zumit.it\/\",\"name\":\"Zumit\",\"description\":\"Fabricante y Proveedor de Smoothies, Zumos, Fruta IQF\",\"publisher\":{\"@id\":\"https:\/\/zumit.it\/#organization\"},\"potentialAction\":[{\"@type\":\"SearchAction\",\"target\":{\"@type\":\"EntryPoint\",\"urlTemplate\":\"https:\/\/zumit.it\/?s={search_term_string}\"},\"query-input\":{\"@type\":\"PropertyValueSpecification\",\"valueRequired\":true,\"valueName\":\"search_term_string\"}}],\"inLanguage\":\"de\"},{\"@type\":\"Organization\",\"@id\":\"https:\/\/zumit.it\/#organization\",\"name\":\"Zumit\",\"url\":\"https:\/\/zumit.it\/\",\"logo\":{\"@type\":\"ImageObject\",\"inLanguage\":\"de\",\"@id\":\"https:\/\/zumit.it\/#\/schema\/logo\/image\/\",\"url\":\"https:\/\/zumit.es\/wp-content\/uploads\/Logos_Zumit_Gris-principal-1-1.png\",\"contentUrl\":\"https:\/\/zumit.es\/wp-content\/uploads\/Logos_Zumit_Gris-principal-1-1.png\",\"width\":400,\"height\":167,\"caption\":\"Zumit\"},\"image\":{\"@id\":\"https:\/\/zumit.it\/#\/schema\/logo\/image\/\"}}]}<\/script>\n<!-- \/ Yoast SEO plugin. -->","yoast_head_json":{"title":"Smoothie Delightful - Zumit","description":"Der Delightful Smoothie von Zumit ist eine Kombination aus Geschmack und Energie, f\u00fcr alle, die einen gesunden und k\u00f6stlichen Energieschub suchen.","robots":{"index":"index","follow":"follow","max-snippet":"max-snippet:-1","max-image-preview":"max-image-preview:large","max-video-preview":"max-video-preview:-1"},"canonical":"https:\/\/zumit.es\/de\/produkte\/entzueckend\/","og_locale":"de_DE","og_type":"article","og_title":"Smoothie Delightful - Zumit","og_description":"Der Delightful Smoothie von Zumit ist eine Kombination aus Geschmack und Energie, f\u00fcr alle, die einen gesunden und k\u00f6stlichen Energieschub suchen.","og_url":"https:\/\/zumit.es\/de\/produkte\/entzueckend\/","og_site_name":"Zumit","article_modified_time":"2024-04-19T09:49:07+00:00","og_image":[{"width":2048,"height":1365,"url":"https:\/\/zumit.de\/wp-content\/uploads\/Smoothie-Delightful_01.webp","type":"image\/webp"}],"twitter_card":"summary_large_image","twitter_misc":{"Gesch\u00e4tzte Lesezeit":"1\u00a0Minute"},"schema":{"@context":"https:\/\/schema.org","@graph":[{"@type":"WebPage","@id":"https:\/\/zumit.es\/de\/produkte\/entzueckend\/","url":"https:\/\/zumit.es\/de\/produkte\/entzueckend\/","name":"Smoothie Delightful - Zumit","isPartOf":{"@id":"https:\/\/zumit.it\/#website"},"primaryImageOfPage":{"@id":"https:\/\/zumit.es\/de\/produkte\/entzueckend\/#primaryimage"},"image":{"@id":"https:\/\/zumit.es\/de\/produkte\/entzueckend\/#primaryimage"},"thumbnailUrl":"https:\/\/zumit.es\/wp-content\/uploads\/2024\/01\/Smoothie-Delightful_01.jpg","datePublished":"2024-01-03T13:39:52+00:00","dateModified":"2024-04-19T09:49:07+00:00","description":"Der Delightful Smoothie von Zumit ist eine Kombination aus Geschmack und Energie, f\u00fcr alle, die einen gesunden und k\u00f6stlichen Energieschub suchen.","breadcrumb":{"@id":"https:\/\/zumit.es\/de\/produkte\/entzueckend\/#breadcrumb"},"inLanguage":"de","potentialAction":[{"@type":"ReadAction","target":["https:\/\/zumit.es\/de\/produkte\/entzueckend\/"]}]},{"@type":"ImageObject","inLanguage":"de","@id":"https:\/\/zumit.es\/de\/produkte\/entzueckend\/#primaryimage","url":"https:\/\/zumit.es\/wp-content\/uploads\/2024\/01\/Smoothie-Delightful_01.jpg","contentUrl":"https:\/\/zumit.es\/wp-content\/uploads\/2024\/01\/Smoothie-Delightful_01.jpg","width":800,"height":800},{"@type":"BreadcrumbList","@id":"https:\/\/zumit.es\/de\/produkte\/entzueckend\/#breadcrumb","itemListElement":[{"@type":"ListItem","position":1,"name":"Hauptseite","item":"https:\/\/zumit.de\/"},{"@type":"ListItem","position":2,"name":"Produkte","item":"https:\/\/zumit.de\/produkte\/"},{"@type":"ListItem","position":3,"name":"Delightful"}]},{"@type":"WebSite","@id":"https:\/\/zumit.it\/#website","url":"https:\/\/zumit.it\/","name":"Zumit","description":"Fabricante y Proveedor de Smoothies, Zumos, Fruta IQF","publisher":{"@id":"https:\/\/zumit.it\/#organization"},"potentialAction":[{"@type":"SearchAction","target":{"@type":"EntryPoint","urlTemplate":"https:\/\/zumit.it\/?s={search_term_string}"},"query-input":{"@type":"PropertyValueSpecification","valueRequired":true,"valueName":"search_term_string"}}],"inLanguage":"de"},{"@type":"Organization","@id":"https:\/\/zumit.it\/#organization","name":"Zumit","url":"https:\/\/zumit.it\/","logo":{"@type":"ImageObject","inLanguage":"de","@id":"https:\/\/zumit.it\/#\/schema\/logo\/image\/","url":"https:\/\/zumit.es\/wp-content\/uploads\/Logos_Zumit_Gris-principal-1-1.png","contentUrl":"https:\/\/zumit.es\/wp-content\/uploads\/Logos_Zumit_Gris-principal-1-1.png","width":400,"height":167,"caption":"Zumit"},"image":{"@id":"https:\/\/zumit.it\/#\/schema\/logo\/image\/"}}]}},"_links":{"self":[{"href":"https:\/\/zumit.es\/de\/wp-json\/wp\/v2\/product\/5297","targetHints":{"allow":["GET"]}}],"collection":[{"href":"https:\/\/zumit.es\/de\/wp-json\/wp\/v2\/product"}],"about":[{"href":"https:\/\/zumit.es\/de\/wp-json\/wp\/v2\/types\/product"}],"replies":[{"embeddable":true,"href":"https:\/\/zumit.es\/de\/wp-json\/wp\/v2\/comments?post=5297"}],"version-history":[{"count":0,"href":"https:\/\/zumit.es\/de\/wp-json\/wp\/v2\/product\/5297\/revisions"}],"wp:featuredmedia":[{"embeddable":true,"href":"https:\/\/zumit.es\/de\/wp-json\/wp\/v2\/media\/24348"}],"wp:attachment":[{"href":"https:\/\/zumit.es\/de\/wp-json\/wp\/v2\/media?parent=5297"}],"wp:term":[{"taxonomy":"product_brand","embeddable":true,"href":"https:\/\/zumit.es\/de\/wp-json\/wp\/v2\/product_brand?post=5297"},{"taxonomy":"product_cat","embeddable":true,"href":"https:\/\/zumit.es\/de\/wp-json\/wp\/v2\/product_cat?post=5297"},{"taxonomy":"product_tag","embeddable":true,"href":"https:\/\/zumit.es\/de\/wp-json\/wp\/v2\/product_tag?post=5297"}],"curies":[{"name":"wp","href":"https:\/\/api.w.org\/{rel}","templated":true}]}}