{"id":5264,"date":"2024-02-07T12:10:37","date_gmt":"2024-02-07T11:10:37","guid":{"rendered":"https:\/\/zumit.es\/productos\/gesalzenes-karamell\/"},"modified":"2025-11-26T09:50:26","modified_gmt":"2025-11-26T08:50:26","slug":"gesalzenes-karamell","status":"publish","type":"product","link":"https:\/\/zumit.es\/de\/produkte\/gesalzenes-karamell\/","title":{"rendered":"Salted Caramel"},"content":{"rendered":"<p>Begeben Sie sich auf eine Reise des Genusses mit Zumits Frapp\u00e9 Salted Caramel, einer k\u00f6stlichen Mischung aus S\u00fc\u00dfe und einem Hauch von Salz, die Sie in eine neue Dimension des Geschmacks f\u00fchrt. In einer Schachtel mit 20 Einzeldosen zu 140 g verspricht jeder Beutel ein au\u00dfergew\u00f6hnliches Trinkerlebnis, perfekt f\u00fcr jede Bar, jedes Caf\u00e9 oder Restaurant.<\/p>\n<p>Frapp\u00e9 Salted Caramel besteht zu 90 % aus Frapp\u00e9-Pellets, einer cremigen Basis, die Wasser, Vollmilchpulver, Fruktose und einen Hauch von Xanthan f\u00fcr eine perfekte Textur enth\u00e4lt. Salz und nat\u00fcrliches Vanillearoma sorgen f\u00fcr faszinierende und k\u00f6stliche Geschmacksnuancen.<\/p>\n<p>Das Herzst\u00fcck dieses Frapp\u00e9s ist sein gesalzenes Karamellbonbon, eine k\u00f6stliche Mischung aus Zucker-Glukosesirup, ges\u00fc\u00dfter Kondensmagermilch, Kokosnuss\u00f6l, Meersalz und Sonnenblumenlecithin. Diese Hauptzutat sorgt f\u00fcr ein perfektes Gleichgewicht zwischen s\u00fc\u00df und herzhaft und schafft ein unwiderstehliches Gourmetgetr\u00e4nk.<\/p>\n<p>Dieser Salted Caramel Frapp\u00e9 ist zwar nicht f\u00fcr Privatpersonen und mit der spezifischen Produktbezeichnung erh\u00e4ltlich, aber er ist die ideale Wahl f\u00fcr Einrichtungen, die ihre Kunden mit einem einzigartigen und raffinierten Getr\u00e4nk \u00fcberraschen wollen. Mit Zumit&#8217;s Frapp\u00e9 Salted Caramel ist jeder Schluck eine Einladung, einen Moment des reinen Genusses und der Raffinesse zu genie\u00dfen.<\/p>\n<p>PRODUKT NICHT F\u00dcR PRIVATPERSONEN ERH\u00c4LTLICH<\/p>\n<p>Allergene: enth\u00e4lt Milch.<\/p>\n","protected":false},"excerpt":{"rendered":"<p>Milchshake mit gesalzenem Karamell und Karamellbonbons.<\/p>\n","protected":false},"featured_media":24492,"comment_status":"open","ping_status":"closed","template":"","meta":{"_acf_changed":false},"product_brand":[],"product_cat":[380,375,374],"product_tag":[],"class_list":{"0":"post-5264","1":"product","2":"type-product","3":"status-publish","4":"has-post-thumbnail","6":"product_cat-b2b-de-2","7":"product_cat-frappes-de-p","8":"product_cat-produkte","10":"first","11":"outofstock","12":"taxable","13":"shipping-taxable","14":"purchasable","15":"product-type-simple"},"acf":[],"yoast_head":"<!-- This site is optimized with the Yoast SEO plugin v27.2 - https:\/\/yoast.com\/product\/yoast-seo-wordpress\/ -->\n<title>Salted Caramel - Zumit<\/title>\n<meta name=\"description\" content=\"Begeben Sie sich auf eine Reise des Genusses mit Zumits Frapp\u00e9 Salted Caramel, einer k\u00f6stlichen Mischung aus S\u00fc\u00dfe und einem Hauch von Salz, die Sie in eine neue Dimension des Geschmacks f\u00fchrt.\" \/>\n<meta name=\"robots\" content=\"index, follow, max-snippet:-1, max-image-preview:large, max-video-preview:-1\" \/>\n<link rel=\"canonical\" href=\"https:\/\/zumit.es\/de\/produkte\/gesalzenes-karamell\/\" \/>\n<meta property=\"og:locale\" content=\"de_DE\" \/>\n<meta property=\"og:type\" content=\"article\" \/>\n<meta property=\"og:title\" content=\"Salted Caramel - Zumit\" \/>\n<meta property=\"og:description\" content=\"Begeben Sie sich auf eine Reise des Genusses mit Zumits Frapp\u00e9 Salted Caramel, einer k\u00f6stlichen Mischung aus S\u00fc\u00dfe und einem Hauch von Salz, die Sie in eine neue Dimension des Geschmacks f\u00fchrt.\" \/>\n<meta property=\"og:url\" content=\"https:\/\/zumit.es\/de\/produkte\/gesalzenes-karamell\/\" \/>\n<meta property=\"og:site_name\" content=\"Zumit\" \/>\n<meta property=\"article:modified_time\" content=\"2025-11-26T08:50:26+00:00\" \/>\n<meta property=\"og:image\" content=\"https:\/\/zumit.de\/wp-content\/uploads\/salted-caramel-milkshake.jpg\" \/>\n\t<meta property=\"og:image:width\" content=\"2048\" \/>\n\t<meta property=\"og:image:height\" content=\"1364\" \/>\n\t<meta property=\"og:image:type\" content=\"image\/jpeg\" \/>\n<meta name=\"twitter:card\" content=\"summary_large_image\" \/>\n<meta name=\"twitter:label1\" content=\"Gesch\u00e4tzte Lesezeit\" \/>\n\t<meta name=\"twitter:data1\" content=\"2\u00a0Minuten\" \/>\n<script type=\"application\/ld+json\" class=\"yoast-schema-graph\">{\"@context\":\"https:\/\/schema.org\",\"@graph\":[{\"@type\":\"WebPage\",\"@id\":\"https:\/\/zumit.es\/de\/produkte\/gesalzenes-karamell\/\",\"url\":\"https:\/\/zumit.es\/de\/produkte\/gesalzenes-karamell\/\",\"name\":\"Salted Caramel - Zumit\",\"isPartOf\":{\"@id\":\"https:\/\/zumit.it\/#website\"},\"primaryImageOfPage\":{\"@id\":\"https:\/\/zumit.es\/de\/produkte\/gesalzenes-karamell\/#primaryimage\"},\"image\":{\"@id\":\"https:\/\/zumit.es\/de\/produkte\/gesalzenes-karamell\/#primaryimage\"},\"thumbnailUrl\":\"https:\/\/zumit.es\/wp-content\/uploads\/2024\/02\/salted-caramel-milkshake.jpg\",\"datePublished\":\"2024-02-07T11:10:37+00:00\",\"dateModified\":\"2025-11-26T08:50:26+00:00\",\"description\":\"Begeben Sie sich auf eine Reise des Genusses mit Zumits Frapp\u00e9 Salted Caramel, einer k\u00f6stlichen Mischung aus S\u00fc\u00dfe und einem Hauch von Salz, die Sie in eine neue Dimension des Geschmacks f\u00fchrt.\",\"breadcrumb\":{\"@id\":\"https:\/\/zumit.es\/de\/produkte\/gesalzenes-karamell\/#breadcrumb\"},\"inLanguage\":\"de\",\"potentialAction\":[{\"@type\":\"ReadAction\",\"target\":[\"https:\/\/zumit.es\/de\/produkte\/gesalzenes-karamell\/\"]}]},{\"@type\":\"ImageObject\",\"inLanguage\":\"de\",\"@id\":\"https:\/\/zumit.es\/de\/produkte\/gesalzenes-karamell\/#primaryimage\",\"url\":\"https:\/\/zumit.es\/wp-content\/uploads\/2024\/02\/salted-caramel-milkshake.jpg\",\"contentUrl\":\"https:\/\/zumit.es\/wp-content\/uploads\/2024\/02\/salted-caramel-milkshake.jpg\",\"width\":800,\"height\":800},{\"@type\":\"BreadcrumbList\",\"@id\":\"https:\/\/zumit.es\/de\/produkte\/gesalzenes-karamell\/#breadcrumb\",\"itemListElement\":[{\"@type\":\"ListItem\",\"position\":1,\"name\":\"Hauptseite\",\"item\":\"https:\/\/zumit.de\/\"},{\"@type\":\"ListItem\",\"position\":2,\"name\":\"Produkte\",\"item\":\"https:\/\/zumit.de\/produkte\/\"},{\"@type\":\"ListItem\",\"position\":3,\"name\":\"Salted Caramel\"}]},{\"@type\":\"WebSite\",\"@id\":\"https:\/\/zumit.it\/#website\",\"url\":\"https:\/\/zumit.it\/\",\"name\":\"Zumit\",\"description\":\"Fabricante y Proveedor de Smoothies, Zumos, Fruta IQF\",\"publisher\":{\"@id\":\"https:\/\/zumit.it\/#organization\"},\"potentialAction\":[{\"@type\":\"SearchAction\",\"target\":{\"@type\":\"EntryPoint\",\"urlTemplate\":\"https:\/\/zumit.it\/?s={search_term_string}\"},\"query-input\":{\"@type\":\"PropertyValueSpecification\",\"valueRequired\":true,\"valueName\":\"search_term_string\"}}],\"inLanguage\":\"de\"},{\"@type\":\"Organization\",\"@id\":\"https:\/\/zumit.it\/#organization\",\"name\":\"Zumit\",\"url\":\"https:\/\/zumit.it\/\",\"logo\":{\"@type\":\"ImageObject\",\"inLanguage\":\"de\",\"@id\":\"https:\/\/zumit.it\/#\/schema\/logo\/image\/\",\"url\":\"https:\/\/zumit.es\/wp-content\/uploads\/Logos_Zumit_Gris-principal-1-1.png\",\"contentUrl\":\"https:\/\/zumit.es\/wp-content\/uploads\/Logos_Zumit_Gris-principal-1-1.png\",\"width\":400,\"height\":167,\"caption\":\"Zumit\"},\"image\":{\"@id\":\"https:\/\/zumit.it\/#\/schema\/logo\/image\/\"}}]}<\/script>\n<!-- \/ Yoast SEO plugin. -->","yoast_head_json":{"title":"Salted Caramel - Zumit","description":"Begeben Sie sich auf eine Reise des Genusses mit Zumits Frapp\u00e9 Salted Caramel, einer k\u00f6stlichen Mischung aus S\u00fc\u00dfe und einem Hauch von Salz, die Sie in eine neue Dimension des Geschmacks f\u00fchrt.","robots":{"index":"index","follow":"follow","max-snippet":"max-snippet:-1","max-image-preview":"max-image-preview:large","max-video-preview":"max-video-preview:-1"},"canonical":"https:\/\/zumit.es\/de\/produkte\/gesalzenes-karamell\/","og_locale":"de_DE","og_type":"article","og_title":"Salted Caramel - Zumit","og_description":"Begeben Sie sich auf eine Reise des Genusses mit Zumits Frapp\u00e9 Salted Caramel, einer k\u00f6stlichen Mischung aus S\u00fc\u00dfe und einem Hauch von Salz, die Sie in eine neue Dimension des Geschmacks f\u00fchrt.","og_url":"https:\/\/zumit.es\/de\/produkte\/gesalzenes-karamell\/","og_site_name":"Zumit","article_modified_time":"2025-11-26T08:50:26+00:00","og_image":[{"width":2048,"height":1364,"url":"https:\/\/zumit.de\/wp-content\/uploads\/salted-caramel-milkshake.jpg","type":"image\/jpeg"}],"twitter_card":"summary_large_image","twitter_misc":{"Gesch\u00e4tzte Lesezeit":"2\u00a0Minuten"},"schema":{"@context":"https:\/\/schema.org","@graph":[{"@type":"WebPage","@id":"https:\/\/zumit.es\/de\/produkte\/gesalzenes-karamell\/","url":"https:\/\/zumit.es\/de\/produkte\/gesalzenes-karamell\/","name":"Salted Caramel - Zumit","isPartOf":{"@id":"https:\/\/zumit.it\/#website"},"primaryImageOfPage":{"@id":"https:\/\/zumit.es\/de\/produkte\/gesalzenes-karamell\/#primaryimage"},"image":{"@id":"https:\/\/zumit.es\/de\/produkte\/gesalzenes-karamell\/#primaryimage"},"thumbnailUrl":"https:\/\/zumit.es\/wp-content\/uploads\/2024\/02\/salted-caramel-milkshake.jpg","datePublished":"2024-02-07T11:10:37+00:00","dateModified":"2025-11-26T08:50:26+00:00","description":"Begeben Sie sich auf eine Reise des Genusses mit Zumits Frapp\u00e9 Salted Caramel, einer k\u00f6stlichen Mischung aus S\u00fc\u00dfe und einem Hauch von Salz, die Sie in eine neue Dimension des Geschmacks f\u00fchrt.","breadcrumb":{"@id":"https:\/\/zumit.es\/de\/produkte\/gesalzenes-karamell\/#breadcrumb"},"inLanguage":"de","potentialAction":[{"@type":"ReadAction","target":["https:\/\/zumit.es\/de\/produkte\/gesalzenes-karamell\/"]}]},{"@type":"ImageObject","inLanguage":"de","@id":"https:\/\/zumit.es\/de\/produkte\/gesalzenes-karamell\/#primaryimage","url":"https:\/\/zumit.es\/wp-content\/uploads\/2024\/02\/salted-caramel-milkshake.jpg","contentUrl":"https:\/\/zumit.es\/wp-content\/uploads\/2024\/02\/salted-caramel-milkshake.jpg","width":800,"height":800},{"@type":"BreadcrumbList","@id":"https:\/\/zumit.es\/de\/produkte\/gesalzenes-karamell\/#breadcrumb","itemListElement":[{"@type":"ListItem","position":1,"name":"Hauptseite","item":"https:\/\/zumit.de\/"},{"@type":"ListItem","position":2,"name":"Produkte","item":"https:\/\/zumit.de\/produkte\/"},{"@type":"ListItem","position":3,"name":"Salted Caramel"}]},{"@type":"WebSite","@id":"https:\/\/zumit.it\/#website","url":"https:\/\/zumit.it\/","name":"Zumit","description":"Fabricante y Proveedor de Smoothies, Zumos, Fruta IQF","publisher":{"@id":"https:\/\/zumit.it\/#organization"},"potentialAction":[{"@type":"SearchAction","target":{"@type":"EntryPoint","urlTemplate":"https:\/\/zumit.it\/?s={search_term_string}"},"query-input":{"@type":"PropertyValueSpecification","valueRequired":true,"valueName":"search_term_string"}}],"inLanguage":"de"},{"@type":"Organization","@id":"https:\/\/zumit.it\/#organization","name":"Zumit","url":"https:\/\/zumit.it\/","logo":{"@type":"ImageObject","inLanguage":"de","@id":"https:\/\/zumit.it\/#\/schema\/logo\/image\/","url":"https:\/\/zumit.es\/wp-content\/uploads\/Logos_Zumit_Gris-principal-1-1.png","contentUrl":"https:\/\/zumit.es\/wp-content\/uploads\/Logos_Zumit_Gris-principal-1-1.png","width":400,"height":167,"caption":"Zumit"},"image":{"@id":"https:\/\/zumit.it\/#\/schema\/logo\/image\/"}}]}},"_links":{"self":[{"href":"https:\/\/zumit.es\/de\/wp-json\/wp\/v2\/product\/5264","targetHints":{"allow":["GET"]}}],"collection":[{"href":"https:\/\/zumit.es\/de\/wp-json\/wp\/v2\/product"}],"about":[{"href":"https:\/\/zumit.es\/de\/wp-json\/wp\/v2\/types\/product"}],"replies":[{"embeddable":true,"href":"https:\/\/zumit.es\/de\/wp-json\/wp\/v2\/comments?post=5264"}],"version-history":[{"count":0,"href":"https:\/\/zumit.es\/de\/wp-json\/wp\/v2\/product\/5264\/revisions"}],"wp:featuredmedia":[{"embeddable":true,"href":"https:\/\/zumit.es\/de\/wp-json\/wp\/v2\/media\/24492"}],"wp:attachment":[{"href":"https:\/\/zumit.es\/de\/wp-json\/wp\/v2\/media?parent=5264"}],"wp:term":[{"taxonomy":"product_brand","embeddable":true,"href":"https:\/\/zumit.es\/de\/wp-json\/wp\/v2\/product_brand?post=5264"},{"taxonomy":"product_cat","embeddable":true,"href":"https:\/\/zumit.es\/de\/wp-json\/wp\/v2\/product_cat?post=5264"},{"taxonomy":"product_tag","embeddable":true,"href":"https:\/\/zumit.es\/de\/wp-json\/wp\/v2\/product_tag?post=5264"}],"curies":[{"name":"wp","href":"https:\/\/api.w.org\/{rel}","templated":true}]}}