{"id":22076,"date":"2026-03-18T12:26:04","date_gmt":"2026-03-18T11:26:04","guid":{"rendered":"https:\/\/zumit.es\/?post_type=product&#038;p=22076"},"modified":"2026-03-23T13:59:29","modified_gmt":"2026-03-23T12:59:29","slug":"milkshake-vanilla-dreams","status":"publish","type":"product","link":"https:\/\/zumit.es\/de\/produkte\/milkshake-vanilla-dreams\/","title":{"rendered":"Milkshake Vanilla Dreams"},"content":{"rendered":"<p>Genie\u00dfen Sie Vanilla Dream Milchshake, zubereitet mit cremigem Vanilleeis \u2013 unser vielseitigster und leckerster Milchshake. Ideal f\u00fcr Gastronomiebetriebe, die attraktive, schnell zubereitete Getr\u00e4nke mit hohen Gewinnmargen anbieten m\u00f6chten. Jede Packung enth\u00e4lt 20 Portionsbeutel \u00e0 140 g, mit denen Sie in nur 30 Sekunden einen cremigen Milchshake zubereiten k\u00f6nnen.<\/p>\n<p>Sein sanfter, cremiger Geschmack l\u00e4dt zum Kombinieren mit Keksen, Schokolade oder Ihren Lieblingstoppings ein. So kreieren Sie einzigartige und individuelle Milchshakes, die Ihre Kunden lieben werden. Die praktische Verpackung garantiert gleichbleibende Qualit\u00e4t bei jeder Portion und ist ideal f\u00fcr Caf\u00e9s, Bars, Restaurants und Eisdielen, die ihr Angebot mit einem innovativen und gefragten Produkt erweitern m\u00f6chten.<\/p>\n<p>Vanilla Dream ist die schnelle, kosteng\u00fcnstige und vielseitige L\u00f6sung, mit der Sie mit minimalem Aufwand einen Premium-Milchshake anbieten k\u00f6nnen \u2013 stets mit k\u00f6stlichem Geschmack und makelloser Pr\u00e4sentation.<\/p>\n<p>Allergene: Enth\u00e4lt Laktose.<\/p>\n","protected":false},"excerpt":{"rendered":"<p>Unser vielseitigster Milchshake mit cremigem Vanilleeis. Verfeinern Sie ihn mit Keksen, Schokolade oder Ihren Lieblingstoppings f\u00fcr einen einzigartigen Milchshake.<\/p>\n<p>Die Packung enth\u00e4lt 20 einzeln verpackte 140-g-Beutel f\u00fcr die Zubereitung von Vanilla Dream Milchshakes in nur 30 Sekunden.<\/p>\n<p>Ideal f\u00fcr Gastronomiebetriebe, die ihr Angebot mit einem attraktiven, gewinnbringenden und stark nachgefragten Produkt erweitern m\u00f6chten.<\/p>\n","protected":false},"featured_media":24516,"comment_status":"open","ping_status":"closed","template":"","meta":{"_acf_changed":false},"product_brand":[],"product_cat":[380,375,374],"product_tag":[],"class_list":{"0":"post-22076","1":"product","2":"type-product","3":"status-publish","4":"has-post-thumbnail","6":"product_cat-b2b-de-2","7":"product_cat-frappes-de-p","8":"product_cat-produkte","10":"first","11":"outofstock","12":"taxable","13":"shipping-taxable","14":"purchasable","15":"product-type-simple"},"acf":[],"yoast_head":"<!-- This site is optimized with the Yoast SEO plugin v27.2 - https:\/\/yoast.com\/product\/yoast-seo-wordpress\/ -->\n<title>Milkshake Vanilla Dreams - Zumit<\/title>\n<meta name=\"description\" content=\"Vanilleeis-Frapp\u00e9-Packung: Vanilla Dreams, der vielseitigste und leckerste Milchshake mit Toppings Ihrer Wahl! Steigern Sie Ihren Umsatz im Gastgewerbe mit Zumit!\" \/>\n<meta name=\"robots\" content=\"index, follow, max-snippet:-1, max-image-preview:large, max-video-preview:-1\" \/>\n<link rel=\"canonical\" href=\"https:\/\/zumit.es\/de\/produkte\/milkshake-vanilla-dreams\/\" \/>\n<meta property=\"og:locale\" content=\"de_DE\" \/>\n<meta property=\"og:type\" content=\"article\" \/>\n<meta property=\"og:title\" content=\"Milkshake Vanilla Dreams - Zumit\" \/>\n<meta property=\"og:description\" content=\"Vanilleeis-Frapp\u00e9-Packung: Vanilla Dreams, der vielseitigste und leckerste Milchshake mit Toppings Ihrer Wahl! Steigern Sie Ihren Umsatz im Gastgewerbe mit Zumit!\" \/>\n<meta property=\"og:url\" content=\"https:\/\/zumit.es\/de\/produkte\/milkshake-vanilla-dreams\/\" \/>\n<meta property=\"og:site_name\" content=\"Zumit\" \/>\n<meta property=\"article:modified_time\" content=\"2026-03-23T12:59:29+00:00\" \/>\n<meta property=\"og:image\" content=\"https:\/\/zumit.de\/wp-content\/uploads\/vainilla-milkshake.webp\" \/>\n\t<meta property=\"og:image:width\" content=\"768\" \/>\n\t<meta property=\"og:image:height\" content=\"768\" \/>\n\t<meta property=\"og:image:type\" content=\"image\/webp\" \/>\n<meta name=\"twitter:card\" content=\"summary_large_image\" \/>\n<meta name=\"twitter:label1\" content=\"Gesch\u00e4tzte Lesezeit\" \/>\n\t<meta name=\"twitter:data1\" content=\"1\u00a0Minute\" \/>\n<script type=\"application\/ld+json\" class=\"yoast-schema-graph\">{\"@context\":\"https:\/\/schema.org\",\"@graph\":[{\"@type\":\"WebPage\",\"@id\":\"https:\/\/zumit.es\/de\/produkte\/milkshake-vanilla-dreams\/\",\"url\":\"https:\/\/zumit.es\/de\/produkte\/milkshake-vanilla-dreams\/\",\"name\":\"Milkshake Vanilla Dreams - Zumit\",\"isPartOf\":{\"@id\":\"https:\/\/zumit.it\/#website\"},\"primaryImageOfPage\":{\"@id\":\"https:\/\/zumit.es\/de\/produkte\/milkshake-vanilla-dreams\/#primaryimage\"},\"image\":{\"@id\":\"https:\/\/zumit.es\/de\/produkte\/milkshake-vanilla-dreams\/#primaryimage\"},\"thumbnailUrl\":\"https:\/\/zumit.es\/wp-content\/uploads\/2026\/03\/vainilla-milkshake.jpg\",\"datePublished\":\"2026-03-18T11:26:04+00:00\",\"dateModified\":\"2026-03-23T12:59:29+00:00\",\"description\":\"Vanilleeis-Frapp\u00e9-Packung: Vanilla Dreams, der vielseitigste und leckerste Milchshake mit Toppings Ihrer Wahl! Steigern Sie Ihren Umsatz im Gastgewerbe mit Zumit!\",\"breadcrumb\":{\"@id\":\"https:\/\/zumit.es\/de\/produkte\/milkshake-vanilla-dreams\/#breadcrumb\"},\"inLanguage\":\"de\",\"potentialAction\":[{\"@type\":\"ReadAction\",\"target\":[\"https:\/\/zumit.es\/de\/produkte\/milkshake-vanilla-dreams\/\"]}]},{\"@type\":\"ImageObject\",\"inLanguage\":\"de\",\"@id\":\"https:\/\/zumit.es\/de\/produkte\/milkshake-vanilla-dreams\/#primaryimage\",\"url\":\"https:\/\/zumit.es\/wp-content\/uploads\/2026\/03\/vainilla-milkshake.jpg\",\"contentUrl\":\"https:\/\/zumit.es\/wp-content\/uploads\/2026\/03\/vainilla-milkshake.jpg\",\"width\":800,\"height\":800},{\"@type\":\"BreadcrumbList\",\"@id\":\"https:\/\/zumit.es\/de\/produkte\/milkshake-vanilla-dreams\/#breadcrumb\",\"itemListElement\":[{\"@type\":\"ListItem\",\"position\":1,\"name\":\"Hauptseite\",\"item\":\"https:\/\/zumit.de\/\"},{\"@type\":\"ListItem\",\"position\":2,\"name\":\"Produkte\",\"item\":\"https:\/\/zumit.de\/produkte\/\"},{\"@type\":\"ListItem\",\"position\":3,\"name\":\"Milkshake Vanilla Dreams\"}]},{\"@type\":\"WebSite\",\"@id\":\"https:\/\/zumit.it\/#website\",\"url\":\"https:\/\/zumit.it\/\",\"name\":\"Zumit\",\"description\":\"Fabricante y Proveedor de Smoothies, Zumos, Fruta IQF\",\"publisher\":{\"@id\":\"https:\/\/zumit.it\/#organization\"},\"potentialAction\":[{\"@type\":\"SearchAction\",\"target\":{\"@type\":\"EntryPoint\",\"urlTemplate\":\"https:\/\/zumit.it\/?s={search_term_string}\"},\"query-input\":{\"@type\":\"PropertyValueSpecification\",\"valueRequired\":true,\"valueName\":\"search_term_string\"}}],\"inLanguage\":\"de\"},{\"@type\":\"Organization\",\"@id\":\"https:\/\/zumit.it\/#organization\",\"name\":\"Zumit\",\"url\":\"https:\/\/zumit.it\/\",\"logo\":{\"@type\":\"ImageObject\",\"inLanguage\":\"de\",\"@id\":\"https:\/\/zumit.it\/#\/schema\/logo\/image\/\",\"url\":\"https:\/\/zumit.es\/wp-content\/uploads\/Logos_Zumit_Gris-principal-1-1.png\",\"contentUrl\":\"https:\/\/zumit.es\/wp-content\/uploads\/Logos_Zumit_Gris-principal-1-1.png\",\"width\":400,\"height\":167,\"caption\":\"Zumit\"},\"image\":{\"@id\":\"https:\/\/zumit.it\/#\/schema\/logo\/image\/\"}}]}<\/script>\n<!-- \/ Yoast SEO plugin. -->","yoast_head_json":{"title":"Milkshake Vanilla Dreams - Zumit","description":"Vanilleeis-Frapp\u00e9-Packung: Vanilla Dreams, der vielseitigste und leckerste Milchshake mit Toppings Ihrer Wahl! Steigern Sie Ihren Umsatz im Gastgewerbe mit Zumit!","robots":{"index":"index","follow":"follow","max-snippet":"max-snippet:-1","max-image-preview":"max-image-preview:large","max-video-preview":"max-video-preview:-1"},"canonical":"https:\/\/zumit.es\/de\/produkte\/milkshake-vanilla-dreams\/","og_locale":"de_DE","og_type":"article","og_title":"Milkshake Vanilla Dreams - Zumit","og_description":"Vanilleeis-Frapp\u00e9-Packung: Vanilla Dreams, der vielseitigste und leckerste Milchshake mit Toppings Ihrer Wahl! Steigern Sie Ihren Umsatz im Gastgewerbe mit Zumit!","og_url":"https:\/\/zumit.es\/de\/produkte\/milkshake-vanilla-dreams\/","og_site_name":"Zumit","article_modified_time":"2026-03-23T12:59:29+00:00","og_image":[{"width":768,"height":768,"url":"https:\/\/zumit.de\/wp-content\/uploads\/vainilla-milkshake.webp","type":"image\/webp"}],"twitter_card":"summary_large_image","twitter_misc":{"Gesch\u00e4tzte Lesezeit":"1\u00a0Minute"},"schema":{"@context":"https:\/\/schema.org","@graph":[{"@type":"WebPage","@id":"https:\/\/zumit.es\/de\/produkte\/milkshake-vanilla-dreams\/","url":"https:\/\/zumit.es\/de\/produkte\/milkshake-vanilla-dreams\/","name":"Milkshake Vanilla Dreams - Zumit","isPartOf":{"@id":"https:\/\/zumit.it\/#website"},"primaryImageOfPage":{"@id":"https:\/\/zumit.es\/de\/produkte\/milkshake-vanilla-dreams\/#primaryimage"},"image":{"@id":"https:\/\/zumit.es\/de\/produkte\/milkshake-vanilla-dreams\/#primaryimage"},"thumbnailUrl":"https:\/\/zumit.es\/wp-content\/uploads\/2026\/03\/vainilla-milkshake.jpg","datePublished":"2026-03-18T11:26:04+00:00","dateModified":"2026-03-23T12:59:29+00:00","description":"Vanilleeis-Frapp\u00e9-Packung: Vanilla Dreams, der vielseitigste und leckerste Milchshake mit Toppings Ihrer Wahl! Steigern Sie Ihren Umsatz im Gastgewerbe mit Zumit!","breadcrumb":{"@id":"https:\/\/zumit.es\/de\/produkte\/milkshake-vanilla-dreams\/#breadcrumb"},"inLanguage":"de","potentialAction":[{"@type":"ReadAction","target":["https:\/\/zumit.es\/de\/produkte\/milkshake-vanilla-dreams\/"]}]},{"@type":"ImageObject","inLanguage":"de","@id":"https:\/\/zumit.es\/de\/produkte\/milkshake-vanilla-dreams\/#primaryimage","url":"https:\/\/zumit.es\/wp-content\/uploads\/2026\/03\/vainilla-milkshake.jpg","contentUrl":"https:\/\/zumit.es\/wp-content\/uploads\/2026\/03\/vainilla-milkshake.jpg","width":800,"height":800},{"@type":"BreadcrumbList","@id":"https:\/\/zumit.es\/de\/produkte\/milkshake-vanilla-dreams\/#breadcrumb","itemListElement":[{"@type":"ListItem","position":1,"name":"Hauptseite","item":"https:\/\/zumit.de\/"},{"@type":"ListItem","position":2,"name":"Produkte","item":"https:\/\/zumit.de\/produkte\/"},{"@type":"ListItem","position":3,"name":"Milkshake Vanilla Dreams"}]},{"@type":"WebSite","@id":"https:\/\/zumit.it\/#website","url":"https:\/\/zumit.it\/","name":"Zumit","description":"Fabricante y Proveedor de Smoothies, Zumos, Fruta IQF","publisher":{"@id":"https:\/\/zumit.it\/#organization"},"potentialAction":[{"@type":"SearchAction","target":{"@type":"EntryPoint","urlTemplate":"https:\/\/zumit.it\/?s={search_term_string}"},"query-input":{"@type":"PropertyValueSpecification","valueRequired":true,"valueName":"search_term_string"}}],"inLanguage":"de"},{"@type":"Organization","@id":"https:\/\/zumit.it\/#organization","name":"Zumit","url":"https:\/\/zumit.it\/","logo":{"@type":"ImageObject","inLanguage":"de","@id":"https:\/\/zumit.it\/#\/schema\/logo\/image\/","url":"https:\/\/zumit.es\/wp-content\/uploads\/Logos_Zumit_Gris-principal-1-1.png","contentUrl":"https:\/\/zumit.es\/wp-content\/uploads\/Logos_Zumit_Gris-principal-1-1.png","width":400,"height":167,"caption":"Zumit"},"image":{"@id":"https:\/\/zumit.it\/#\/schema\/logo\/image\/"}}]}},"_links":{"self":[{"href":"https:\/\/zumit.es\/de\/wp-json\/wp\/v2\/product\/22076","targetHints":{"allow":["GET"]}}],"collection":[{"href":"https:\/\/zumit.es\/de\/wp-json\/wp\/v2\/product"}],"about":[{"href":"https:\/\/zumit.es\/de\/wp-json\/wp\/v2\/types\/product"}],"replies":[{"embeddable":true,"href":"https:\/\/zumit.es\/de\/wp-json\/wp\/v2\/comments?post=22076"}],"version-history":[{"count":1,"href":"https:\/\/zumit.es\/de\/wp-json\/wp\/v2\/product\/22076\/revisions"}],"predecessor-version":[{"id":22242,"href":"https:\/\/zumit.es\/de\/wp-json\/wp\/v2\/product\/22076\/revisions\/22242"}],"wp:featuredmedia":[{"embeddable":true,"href":"https:\/\/zumit.es\/de\/wp-json\/wp\/v2\/media\/24516"}],"wp:attachment":[{"href":"https:\/\/zumit.es\/de\/wp-json\/wp\/v2\/media?parent=22076"}],"wp:term":[{"taxonomy":"product_brand","embeddable":true,"href":"https:\/\/zumit.es\/de\/wp-json\/wp\/v2\/product_brand?post=22076"},{"taxonomy":"product_cat","embeddable":true,"href":"https:\/\/zumit.es\/de\/wp-json\/wp\/v2\/product_cat?post=22076"},{"taxonomy":"product_tag","embeddable":true,"href":"https:\/\/zumit.es\/de\/wp-json\/wp\/v2\/product_tag?post=22076"}],"curies":[{"name":"wp","href":"https:\/\/api.w.org\/{rel}","templated":true}]}}