{"id":22064,"date":"2026-03-18T12:12:02","date_gmt":"2026-03-18T11:12:02","guid":{"rendered":"https:\/\/zumit.es\/?post_type=product&#038;p=22064"},"modified":"2026-03-23T12:53:08","modified_gmt":"2026-03-23T11:53:08","slug":"smoothie-red-bliss","status":"publish","type":"product","link":"https:\/\/zumit.es\/de\/produkte\/smoothie-red-bliss\/","title":{"rendered":"Smoothie Red Bliss"},"content":{"rendered":"<p>Der Zumit Berries Paradise Smoothie ist ein Fest der Aromen und des N\u00e4hrstoffgehalts von Beeren, erg\u00e4nzt durch den tropischen Touch der Mango. Dieses Produkt wurde speziell f\u00fcr den Horeca-Handel entwickelt und bietet eine erlesene Kombination aus Erdbeere, Heidelbeere, Kirsche und Mango in praktischen 150-g-Einzeldosisbeuteln. Jede Packung enth\u00e4lt 20 Einheiten und garantiert so ein frisches und authentisches Geschmackserlebnis in jedem Smoothie.<\/p>\n<p>Die sorgf\u00e4ltige Auswahl der Fr\u00fcchte, die gewaschen, geschnitten und im IQF-Verfahren tiefgefroren werden, gew\u00e4hrleistet den Erhalt all ihrer ern\u00e4hrungsphysiologischen und organoleptischen Eigenschaften, ohne dass Konservierungsstoffe oder Chemikalien hinzugef\u00fcgt werden m\u00fcssen. Durch dieses sorgf\u00e4ltige Verfahren bleiben die Unversehrtheit und der nat\u00fcrliche Geschmack der Fr\u00fcchte erhalten, so dass Sie ihre Vorz\u00fcge so genie\u00dfen k\u00f6nnen, als w\u00e4ren sie gerade erst gepfl\u00fcckt worden.<\/p>\n<p>Beerenparadies ist eine wahre Geschmackssymphonie, bei der die S\u00fc\u00dfe von Erdbeere und Mango harmonisch mit der leichten S\u00e4ure der Heidelbeere und der geschmacklichen Tiefe der Kirsche abgestimmt ist. Diese Kombination ist nicht nur k\u00f6stlich am Gaumen, sondern auch eine reiche Quelle von Antioxidantien, Vitaminen und Mineralien, die jeden Schluck zu einer Geste der Wellness-Pflege machen.<\/p>\n<p>Mit Einzeldosierbeuteln im Format 15 cm x 12 cm wird die Smoothie-Zubereitung zu einer schnellen und problemlosen Aufgabe, ideal f\u00fcr Unternehmen mit hohem Kundenaufkommen, die keine Kompromisse bei der Qualit\u00e4t zugunsten der Effizienz eingehen wollen. Dieses Produkt, das ausschlie\u00dflich f\u00fcr Fachleute und nicht f\u00fcr die breite \u00d6ffentlichkeit erh\u00e4ltlich ist, eignet sich perfekt f\u00fcr Caf\u00e9s, Restaurants und Bars, die sich mit einem gesunden, k\u00f6stlichen und optisch ansprechenden Getr\u00e4nkeangebot von der Masse abheben wollen.<\/p>\n<p>Berries Paradise von Zumit ist nicht nur ein Smoothie, sondern ein Erlebnis, das die Sinne erfreut, zum Wohlf\u00fchlen einl\u00e4dt und die Nachfrage nach gesunden und nat\u00fcrlichen Optionen erf\u00fcllt. Durch die Aufnahme dieses Produkts in ihre Speisekarte k\u00f6nnen die Unternehmen nicht nur ihr Angebot bereichern, sondern auch dem wachsenden Trend zu gesunder und nat\u00fcrlicher Ern\u00e4hrung Rechnung tragen und ein breiteres und bewussteres Publikum ansprechen.<\/p>\n<p>PRODUKT NICHT F\u00dcR PRIVATPERSONEN ERH\u00c4LTLICH<\/p>\n","protected":false},"excerpt":{"rendered":"<p>100 % nat\u00fcrlicher Frucht-Smoothie aus Banane, Blaubeere und Himbeere.<\/p>\n<p>20 Portionsbeutel \u00e0 150 g, schockgefroren mit IQF-Technologie. Dieses Verfahren bewahrt die urspr\u00fcnglichen N\u00e4hrstoffe, Eigenschaften und den Geschmack \u2013 ganz ohne Konservierungs- oder Zusatzstoffe.<\/p>\n<p>Ideal f\u00fcr Unternehmen, die innovative, gesunde und schnell zubereitete Smoothies anbieten und dabei stets Qualit\u00e4t und Frische garantieren m\u00f6chten.<\/p>\n","protected":false},"featured_media":24474,"comment_status":"open","ping_status":"closed","template":"","meta":{"_acf_changed":false},"product_brand":[],"product_cat":[380,374,401],"product_tag":[],"class_list":{"0":"post-22064","1":"product","2":"type-product","3":"status-publish","4":"has-post-thumbnail","6":"product_cat-b2b-de-2","7":"product_cat-produkte","8":"product_cat-smoothies-de-p","10":"first","11":"outofstock","12":"taxable","13":"shipping-taxable","14":"purchasable","15":"product-type-simple"},"acf":[],"yoast_head":"<!-- This site is optimized with the Yoast SEO plugin v27.2 - https:\/\/yoast.com\/product\/yoast-seo-wordpress\/ -->\n<title>Smoothie Red Bliss - Zumit<\/title>\n<meta name=\"description\" content=\"Smoothie-Paket f\u00fcr die Gastronomie: Entdecken Sie Red Bliss, eine Fusion aus Banane, Blaubeere und Himbeere. Steigern Sie Ihren Umsatz im Gastgewerbe. Jetzt Angebot anfordern!\" \/>\n<meta name=\"robots\" content=\"index, follow, max-snippet:-1, max-image-preview:large, max-video-preview:-1\" \/>\n<link rel=\"canonical\" href=\"https:\/\/zumit.es\/de\/produkte\/smoothie-red-bliss\/\" \/>\n<meta property=\"og:locale\" content=\"de_DE\" \/>\n<meta property=\"og:type\" content=\"article\" \/>\n<meta property=\"og:title\" content=\"Smoothie Red Bliss - Zumit\" \/>\n<meta property=\"og:description\" content=\"Smoothie-Paket f\u00fcr die Gastronomie: Entdecken Sie Red Bliss, eine Fusion aus Banane, Blaubeere und Himbeere. Steigern Sie Ihren Umsatz im Gastgewerbe. Jetzt Angebot anfordern!\" \/>\n<meta property=\"og:url\" content=\"https:\/\/zumit.es\/de\/produkte\/smoothie-red-bliss\/\" \/>\n<meta property=\"og:site_name\" content=\"Zumit\" \/>\n<meta property=\"article:modified_time\" content=\"2026-03-23T11:53:08+00:00\" \/>\n<meta property=\"og:image\" content=\"https:\/\/zumit.de\/wp-content\/uploads\/smoothie-redbliss_01.webp\" \/>\n\t<meta property=\"og:image:width\" content=\"768\" \/>\n\t<meta property=\"og:image:height\" content=\"768\" \/>\n\t<meta property=\"og:image:type\" content=\"image\/webp\" \/>\n<meta name=\"twitter:card\" content=\"summary_large_image\" \/>\n<meta name=\"twitter:label1\" content=\"Gesch\u00e4tzte Lesezeit\" \/>\n\t<meta name=\"twitter:data1\" content=\"2\u00a0Minuten\" \/>\n<script type=\"application\/ld+json\" class=\"yoast-schema-graph\">{\"@context\":\"https:\/\/schema.org\",\"@graph\":[{\"@type\":\"WebPage\",\"@id\":\"https:\/\/zumit.es\/de\/produkte\/smoothie-red-bliss\/\",\"url\":\"https:\/\/zumit.es\/de\/produkte\/smoothie-red-bliss\/\",\"name\":\"Smoothie Red Bliss - Zumit\",\"isPartOf\":{\"@id\":\"https:\/\/zumit.it\/#website\"},\"primaryImageOfPage\":{\"@id\":\"https:\/\/zumit.es\/de\/produkte\/smoothie-red-bliss\/#primaryimage\"},\"image\":{\"@id\":\"https:\/\/zumit.es\/de\/produkte\/smoothie-red-bliss\/#primaryimage\"},\"thumbnailUrl\":\"https:\/\/zumit.es\/wp-content\/uploads\/2026\/03\/smoothie-redbliss_01.jpg\",\"datePublished\":\"2026-03-18T11:12:02+00:00\",\"dateModified\":\"2026-03-23T11:53:08+00:00\",\"description\":\"Smoothie-Paket f\u00fcr die Gastronomie: Entdecken Sie Red Bliss, eine Fusion aus Banane, Blaubeere und Himbeere. Steigern Sie Ihren Umsatz im Gastgewerbe. Jetzt Angebot anfordern!\",\"breadcrumb\":{\"@id\":\"https:\/\/zumit.es\/de\/produkte\/smoothie-red-bliss\/#breadcrumb\"},\"inLanguage\":\"de\",\"potentialAction\":[{\"@type\":\"ReadAction\",\"target\":[\"https:\/\/zumit.es\/de\/produkte\/smoothie-red-bliss\/\"]}]},{\"@type\":\"ImageObject\",\"inLanguage\":\"de\",\"@id\":\"https:\/\/zumit.es\/de\/produkte\/smoothie-red-bliss\/#primaryimage\",\"url\":\"https:\/\/zumit.es\/wp-content\/uploads\/2026\/03\/smoothie-redbliss_01.jpg\",\"contentUrl\":\"https:\/\/zumit.es\/wp-content\/uploads\/2026\/03\/smoothie-redbliss_01.jpg\",\"width\":800,\"height\":800},{\"@type\":\"BreadcrumbList\",\"@id\":\"https:\/\/zumit.es\/de\/produkte\/smoothie-red-bliss\/#breadcrumb\",\"itemListElement\":[{\"@type\":\"ListItem\",\"position\":1,\"name\":\"Hauptseite\",\"item\":\"https:\/\/zumit.de\/\"},{\"@type\":\"ListItem\",\"position\":2,\"name\":\"Produkte\",\"item\":\"https:\/\/zumit.de\/produkte\/\"},{\"@type\":\"ListItem\",\"position\":3,\"name\":\"Smoothie Red Bliss\"}]},{\"@type\":\"WebSite\",\"@id\":\"https:\/\/zumit.it\/#website\",\"url\":\"https:\/\/zumit.it\/\",\"name\":\"Zumit\",\"description\":\"Fabricante y Proveedor de Smoothies, Zumos, Fruta IQF\",\"publisher\":{\"@id\":\"https:\/\/zumit.it\/#organization\"},\"potentialAction\":[{\"@type\":\"SearchAction\",\"target\":{\"@type\":\"EntryPoint\",\"urlTemplate\":\"https:\/\/zumit.it\/?s={search_term_string}\"},\"query-input\":{\"@type\":\"PropertyValueSpecification\",\"valueRequired\":true,\"valueName\":\"search_term_string\"}}],\"inLanguage\":\"de\"},{\"@type\":\"Organization\",\"@id\":\"https:\/\/zumit.it\/#organization\",\"name\":\"Zumit\",\"url\":\"https:\/\/zumit.it\/\",\"logo\":{\"@type\":\"ImageObject\",\"inLanguage\":\"de\",\"@id\":\"https:\/\/zumit.it\/#\/schema\/logo\/image\/\",\"url\":\"https:\/\/zumit.es\/wp-content\/uploads\/Logos_Zumit_Gris-principal-1-1.png\",\"contentUrl\":\"https:\/\/zumit.es\/wp-content\/uploads\/Logos_Zumit_Gris-principal-1-1.png\",\"width\":400,\"height\":167,\"caption\":\"Zumit\"},\"image\":{\"@id\":\"https:\/\/zumit.it\/#\/schema\/logo\/image\/\"}}]}<\/script>\n<!-- \/ Yoast SEO plugin. -->","yoast_head_json":{"title":"Smoothie Red Bliss - Zumit","description":"Smoothie-Paket f\u00fcr die Gastronomie: Entdecken Sie Red Bliss, eine Fusion aus Banane, Blaubeere und Himbeere. Steigern Sie Ihren Umsatz im Gastgewerbe. Jetzt Angebot anfordern!","robots":{"index":"index","follow":"follow","max-snippet":"max-snippet:-1","max-image-preview":"max-image-preview:large","max-video-preview":"max-video-preview:-1"},"canonical":"https:\/\/zumit.es\/de\/produkte\/smoothie-red-bliss\/","og_locale":"de_DE","og_type":"article","og_title":"Smoothie Red Bliss - Zumit","og_description":"Smoothie-Paket f\u00fcr die Gastronomie: Entdecken Sie Red Bliss, eine Fusion aus Banane, Blaubeere und Himbeere. Steigern Sie Ihren Umsatz im Gastgewerbe. Jetzt Angebot anfordern!","og_url":"https:\/\/zumit.es\/de\/produkte\/smoothie-red-bliss\/","og_site_name":"Zumit","article_modified_time":"2026-03-23T11:53:08+00:00","og_image":[{"width":768,"height":768,"url":"https:\/\/zumit.de\/wp-content\/uploads\/smoothie-redbliss_01.webp","type":"image\/webp"}],"twitter_card":"summary_large_image","twitter_misc":{"Gesch\u00e4tzte Lesezeit":"2\u00a0Minuten"},"schema":{"@context":"https:\/\/schema.org","@graph":[{"@type":"WebPage","@id":"https:\/\/zumit.es\/de\/produkte\/smoothie-red-bliss\/","url":"https:\/\/zumit.es\/de\/produkte\/smoothie-red-bliss\/","name":"Smoothie Red Bliss - Zumit","isPartOf":{"@id":"https:\/\/zumit.it\/#website"},"primaryImageOfPage":{"@id":"https:\/\/zumit.es\/de\/produkte\/smoothie-red-bliss\/#primaryimage"},"image":{"@id":"https:\/\/zumit.es\/de\/produkte\/smoothie-red-bliss\/#primaryimage"},"thumbnailUrl":"https:\/\/zumit.es\/wp-content\/uploads\/2026\/03\/smoothie-redbliss_01.jpg","datePublished":"2026-03-18T11:12:02+00:00","dateModified":"2026-03-23T11:53:08+00:00","description":"Smoothie-Paket f\u00fcr die Gastronomie: Entdecken Sie Red Bliss, eine Fusion aus Banane, Blaubeere und Himbeere. Steigern Sie Ihren Umsatz im Gastgewerbe. Jetzt Angebot anfordern!","breadcrumb":{"@id":"https:\/\/zumit.es\/de\/produkte\/smoothie-red-bliss\/#breadcrumb"},"inLanguage":"de","potentialAction":[{"@type":"ReadAction","target":["https:\/\/zumit.es\/de\/produkte\/smoothie-red-bliss\/"]}]},{"@type":"ImageObject","inLanguage":"de","@id":"https:\/\/zumit.es\/de\/produkte\/smoothie-red-bliss\/#primaryimage","url":"https:\/\/zumit.es\/wp-content\/uploads\/2026\/03\/smoothie-redbliss_01.jpg","contentUrl":"https:\/\/zumit.es\/wp-content\/uploads\/2026\/03\/smoothie-redbliss_01.jpg","width":800,"height":800},{"@type":"BreadcrumbList","@id":"https:\/\/zumit.es\/de\/produkte\/smoothie-red-bliss\/#breadcrumb","itemListElement":[{"@type":"ListItem","position":1,"name":"Hauptseite","item":"https:\/\/zumit.de\/"},{"@type":"ListItem","position":2,"name":"Produkte","item":"https:\/\/zumit.de\/produkte\/"},{"@type":"ListItem","position":3,"name":"Smoothie Red Bliss"}]},{"@type":"WebSite","@id":"https:\/\/zumit.it\/#website","url":"https:\/\/zumit.it\/","name":"Zumit","description":"Fabricante y Proveedor de Smoothies, Zumos, Fruta IQF","publisher":{"@id":"https:\/\/zumit.it\/#organization"},"potentialAction":[{"@type":"SearchAction","target":{"@type":"EntryPoint","urlTemplate":"https:\/\/zumit.it\/?s={search_term_string}"},"query-input":{"@type":"PropertyValueSpecification","valueRequired":true,"valueName":"search_term_string"}}],"inLanguage":"de"},{"@type":"Organization","@id":"https:\/\/zumit.it\/#organization","name":"Zumit","url":"https:\/\/zumit.it\/","logo":{"@type":"ImageObject","inLanguage":"de","@id":"https:\/\/zumit.it\/#\/schema\/logo\/image\/","url":"https:\/\/zumit.es\/wp-content\/uploads\/Logos_Zumit_Gris-principal-1-1.png","contentUrl":"https:\/\/zumit.es\/wp-content\/uploads\/Logos_Zumit_Gris-principal-1-1.png","width":400,"height":167,"caption":"Zumit"},"image":{"@id":"https:\/\/zumit.it\/#\/schema\/logo\/image\/"}}]}},"_links":{"self":[{"href":"https:\/\/zumit.es\/de\/wp-json\/wp\/v2\/product\/22064","targetHints":{"allow":["GET"]}}],"collection":[{"href":"https:\/\/zumit.es\/de\/wp-json\/wp\/v2\/product"}],"about":[{"href":"https:\/\/zumit.es\/de\/wp-json\/wp\/v2\/types\/product"}],"replies":[{"embeddable":true,"href":"https:\/\/zumit.es\/de\/wp-json\/wp\/v2\/comments?post=22064"}],"version-history":[{"count":1,"href":"https:\/\/zumit.es\/de\/wp-json\/wp\/v2\/product\/22064\/revisions"}],"predecessor-version":[{"id":22236,"href":"https:\/\/zumit.es\/de\/wp-json\/wp\/v2\/product\/22064\/revisions\/22236"}],"wp:featuredmedia":[{"embeddable":true,"href":"https:\/\/zumit.es\/de\/wp-json\/wp\/v2\/media\/24474"}],"wp:attachment":[{"href":"https:\/\/zumit.es\/de\/wp-json\/wp\/v2\/media?parent=22064"}],"wp:term":[{"taxonomy":"product_brand","embeddable":true,"href":"https:\/\/zumit.es\/de\/wp-json\/wp\/v2\/product_brand?post=22064"},{"taxonomy":"product_cat","embeddable":true,"href":"https:\/\/zumit.es\/de\/wp-json\/wp\/v2\/product_cat?post=22064"},{"taxonomy":"product_tag","embeddable":true,"href":"https:\/\/zumit.es\/de\/wp-json\/wp\/v2\/product_tag?post=22064"}],"curies":[{"name":"wp","href":"https:\/\/api.w.org\/{rel}","templated":true}]}}