{"id":13223,"date":"2025-04-04T13:28:16","date_gmt":"2025-04-04T11:28:16","guid":{"rendered":"https:\/\/zumit.es\/productos\/frisch-gepresster-orangensaft\/"},"modified":"2025-11-26T09:33:44","modified_gmt":"2025-11-26T08:33:44","slug":"frisch-gepresster-orangensaft","status":"publish","type":"product","link":"https:\/\/zumit.es\/de\/produkte\/frisch-gepresster-orangensaft\/","title":{"rendered":"FRISCH GEPRESSTER ORANGENSAFT"},"content":{"rendered":"<p>Zumit HPP Squeezed Orange Juice bietet einen frischen und authentischen Geschmack in jeder Flasche. Diese Packung enth\u00e4lt 4 x 2-Liter-Flaschen, eine perfekte Wahl, um frisch gepressten nat\u00fcrlichen Orangensaft sofort zu servieren und so die Zeit f\u00fcr Sie und Ihre Kunden zu optimieren.<\/p>\n<p>Der Saft wird ausschlie\u00dflich aus 100 % nat\u00fcrlichen Orangen hergestellt, ohne Zusatzstoffe oder Konservierungsmittel, so dass alle ern\u00e4hrungsphysiologischen Eigenschaften der frischen Frucht erhalten bleiben. Seine Besonderheit liegt in der Hochdrucktechnologie (HPP), einem innovativen Verfahren, das Mikroorganismen abt\u00f6tet und die Haltbarkeit verl\u00e4ngert, ohne auf Hitze zur\u00fcckgreifen zu m\u00fcssen. Auf diese Weise bleiben der Geschmack, die Farbe und vor allem die wichtigen N\u00e4hrstoffe und Enzyme erhalten und die Qualit\u00e4t des frisch gepressten Saftes wird bewahrt.<\/p>\n<p>Neben seinem exquisiten Geschmack ist HPP Squeezed Orange Juice eine hervorragende Quelle von Vitaminen, insbesondere Vitamin C, und wichtigen Mineralien, die das Immunsystem st\u00e4rken und die allgemeine Gesundheit f\u00f6rdern. Dank der HPP-Technologie bleiben diese Vorteile w\u00e4hrend seiner 55-t\u00e4gigen Haltbarkeit erhalten.<\/p>\n<p class=\"p1\">Um ihn zu genie\u00dfen, sch\u00fctteln Sie einfach die Flasche, um die nat\u00fcrlichen Aromen zu homogenisieren, und servieren Sie ihn gek\u00fchlt. Nach dem \u00d6ffnen sollte er im K\u00fchlschrank zwischen 1 und 4 \u00baC aufbewahrt und innerhalb von 72 Stunden verbraucht werden, um Frische und optimale Qualit\u00e4t zu gew\u00e4hrleisten.<\/p>\n<p class=\"p1\">Der HPP-gepresste Orangensaft von Zumit ist ideal f\u00fcr Caf\u00e9s, Hotels und alle anderen Gastgewerbebetriebe, die ihren Kunden eine erfrischende und gesunde Getr\u00e4nkeoption anbieten m\u00f6chten, und liegt damit voll im Trend.<\/p>\n<p class=\"p1\">hin zu nat\u00fcrlichen und m\u00f6glichst wenig verarbeiteten Produkten.<\/p>\n<p class=\"p1\">Entdecken Sie unser Angebot an kaltgepressten S\u00e4ften, um Ihr Angebot zu vervollst\u00e4ndigen!<\/p>\n<p>Allergene: kann Sellerie und Schalenfr\u00fcchte enthalten.<\/p>\n","protected":false},"excerpt":{"rendered":"<p>Packung mit 4 Flaschen \u00e0 2 Liter frisch gepressten nat\u00fcrlichen Orangensaftes, verpackt und mit Hochdruck behandelt (HPP).<\/p>\n","protected":false},"featured_media":24083,"comment_status":"open","ping_status":"closed","template":"","meta":{"_acf_changed":false},"product_brand":[],"product_cat":[418],"product_tag":[],"class_list":{"0":"post-13223","1":"product","2":"type-product","3":"status-publish","4":"has-post-thumbnail","6":"product_cat-cold-pressed-de","8":"first","9":"instock","10":"taxable","11":"shipping-taxable","12":"purchasable","13":"product-type-simple"},"acf":[],"yoast_head":"<!-- This site is optimized with the Yoast SEO plugin v27.2 - https:\/\/yoast.com\/product\/yoast-seo-wordpress\/ -->\n<title>FRISCH GEPRESSTER ORANGENSAFT - Zumit<\/title>\n<meta name=\"robots\" content=\"index, follow, max-snippet:-1, max-image-preview:large, max-video-preview:-1\" \/>\n<link rel=\"canonical\" href=\"https:\/\/zumit.es\/de\/produkte\/frisch-gepresster-orangensaft\/\" \/>\n<meta property=\"og:locale\" content=\"de_DE\" \/>\n<meta property=\"og:type\" content=\"article\" \/>\n<meta property=\"og:title\" content=\"FRISCH GEPRESSTER ORANGENSAFT - Zumit\" \/>\n<meta property=\"og:description\" content=\"Packung mit 4 Flaschen \u00e0 2 Liter frisch gepressten nat\u00fcrlichen Orangensaftes, verpackt und mit Hochdruck behandelt (HPP).\" \/>\n<meta property=\"og:url\" content=\"https:\/\/zumit.es\/de\/produkte\/frisch-gepresster-orangensaft\/\" \/>\n<meta property=\"og:site_name\" content=\"Zumit\" \/>\n<meta property=\"article:modified_time\" content=\"2025-11-26T08:33:44+00:00\" \/>\n<meta property=\"og:image\" content=\"https:\/\/zumit.de\/wp-content\/uploads\/zumo-naranja-HPP-2-litros.jpg\" \/>\n\t<meta property=\"og:image:width\" content=\"2048\" \/>\n\t<meta property=\"og:image:height\" content=\"1364\" \/>\n\t<meta property=\"og:image:type\" content=\"image\/jpeg\" \/>\n<meta name=\"twitter:card\" content=\"summary_large_image\" \/>\n<meta name=\"twitter:label1\" content=\"Gesch\u00e4tzte Lesezeit\" \/>\n\t<meta name=\"twitter:data1\" content=\"2\u00a0Minuten\" \/>\n<script type=\"application\/ld+json\" class=\"yoast-schema-graph\">{\"@context\":\"https:\/\/schema.org\",\"@graph\":[{\"@type\":\"WebPage\",\"@id\":\"https:\/\/zumit.es\/de\/produkte\/frisch-gepresster-orangensaft\/\",\"url\":\"https:\/\/zumit.es\/de\/produkte\/frisch-gepresster-orangensaft\/\",\"name\":\"FRISCH GEPRESSTER ORANGENSAFT - Zumit\",\"isPartOf\":{\"@id\":\"https:\/\/zumit.it\/#website\"},\"primaryImageOfPage\":{\"@id\":\"https:\/\/zumit.es\/de\/produkte\/frisch-gepresster-orangensaft\/#primaryimage\"},\"image\":{\"@id\":\"https:\/\/zumit.es\/de\/produkte\/frisch-gepresster-orangensaft\/#primaryimage\"},\"thumbnailUrl\":\"https:\/\/zumit.es\/wp-content\/uploads\/2025\/04\/zumo-naranja-2l.webp\",\"datePublished\":\"2025-04-04T11:28:16+00:00\",\"dateModified\":\"2025-11-26T08:33:44+00:00\",\"breadcrumb\":{\"@id\":\"https:\/\/zumit.es\/de\/produkte\/frisch-gepresster-orangensaft\/#breadcrumb\"},\"inLanguage\":\"de\",\"potentialAction\":[{\"@type\":\"ReadAction\",\"target\":[\"https:\/\/zumit.es\/de\/produkte\/frisch-gepresster-orangensaft\/\"]}]},{\"@type\":\"ImageObject\",\"inLanguage\":\"de\",\"@id\":\"https:\/\/zumit.es\/de\/produkte\/frisch-gepresster-orangensaft\/#primaryimage\",\"url\":\"https:\/\/zumit.es\/wp-content\/uploads\/2025\/04\/zumo-naranja-2l.webp\",\"contentUrl\":\"https:\/\/zumit.es\/wp-content\/uploads\/2025\/04\/zumo-naranja-2l.webp\",\"width\":800,\"height\":800},{\"@type\":\"BreadcrumbList\",\"@id\":\"https:\/\/zumit.es\/de\/produkte\/frisch-gepresster-orangensaft\/#breadcrumb\",\"itemListElement\":[{\"@type\":\"ListItem\",\"position\":1,\"name\":\"Hauptseite\",\"item\":\"https:\/\/zumit.de\/\"},{\"@type\":\"ListItem\",\"position\":2,\"name\":\"Produkte\",\"item\":\"https:\/\/zumit.de\/produkte\/\"},{\"@type\":\"ListItem\",\"position\":3,\"name\":\"FRISCH GEPRESSTER ORANGENSAFT\"}]},{\"@type\":\"WebSite\",\"@id\":\"https:\/\/zumit.it\/#website\",\"url\":\"https:\/\/zumit.it\/\",\"name\":\"Zumit\",\"description\":\"Fabricante y Proveedor de Smoothies, Zumos, Fruta IQF\",\"publisher\":{\"@id\":\"https:\/\/zumit.it\/#organization\"},\"potentialAction\":[{\"@type\":\"SearchAction\",\"target\":{\"@type\":\"EntryPoint\",\"urlTemplate\":\"https:\/\/zumit.it\/?s={search_term_string}\"},\"query-input\":{\"@type\":\"PropertyValueSpecification\",\"valueRequired\":true,\"valueName\":\"search_term_string\"}}],\"inLanguage\":\"de\"},{\"@type\":\"Organization\",\"@id\":\"https:\/\/zumit.it\/#organization\",\"name\":\"Zumit\",\"url\":\"https:\/\/zumit.it\/\",\"logo\":{\"@type\":\"ImageObject\",\"inLanguage\":\"de\",\"@id\":\"https:\/\/zumit.it\/#\/schema\/logo\/image\/\",\"url\":\"https:\/\/zumit.es\/wp-content\/uploads\/Logos_Zumit_Gris-principal-1-1.png\",\"contentUrl\":\"https:\/\/zumit.es\/wp-content\/uploads\/Logos_Zumit_Gris-principal-1-1.png\",\"width\":400,\"height\":167,\"caption\":\"Zumit\"},\"image\":{\"@id\":\"https:\/\/zumit.it\/#\/schema\/logo\/image\/\"}}]}<\/script>\n<!-- \/ Yoast SEO plugin. -->","yoast_head_json":{"title":"FRISCH GEPRESSTER ORANGENSAFT - Zumit","robots":{"index":"index","follow":"follow","max-snippet":"max-snippet:-1","max-image-preview":"max-image-preview:large","max-video-preview":"max-video-preview:-1"},"canonical":"https:\/\/zumit.es\/de\/produkte\/frisch-gepresster-orangensaft\/","og_locale":"de_DE","og_type":"article","og_title":"FRISCH GEPRESSTER ORANGENSAFT - Zumit","og_description":"Packung mit 4 Flaschen \u00e0 2 Liter frisch gepressten nat\u00fcrlichen Orangensaftes, verpackt und mit Hochdruck behandelt (HPP).","og_url":"https:\/\/zumit.es\/de\/produkte\/frisch-gepresster-orangensaft\/","og_site_name":"Zumit","article_modified_time":"2025-11-26T08:33:44+00:00","og_image":[{"width":2048,"height":1364,"url":"https:\/\/zumit.de\/wp-content\/uploads\/zumo-naranja-HPP-2-litros.jpg","type":"image\/jpeg"}],"twitter_card":"summary_large_image","twitter_misc":{"Gesch\u00e4tzte Lesezeit":"2\u00a0Minuten"},"schema":{"@context":"https:\/\/schema.org","@graph":[{"@type":"WebPage","@id":"https:\/\/zumit.es\/de\/produkte\/frisch-gepresster-orangensaft\/","url":"https:\/\/zumit.es\/de\/produkte\/frisch-gepresster-orangensaft\/","name":"FRISCH GEPRESSTER ORANGENSAFT - Zumit","isPartOf":{"@id":"https:\/\/zumit.it\/#website"},"primaryImageOfPage":{"@id":"https:\/\/zumit.es\/de\/produkte\/frisch-gepresster-orangensaft\/#primaryimage"},"image":{"@id":"https:\/\/zumit.es\/de\/produkte\/frisch-gepresster-orangensaft\/#primaryimage"},"thumbnailUrl":"https:\/\/zumit.es\/wp-content\/uploads\/2025\/04\/zumo-naranja-2l.webp","datePublished":"2025-04-04T11:28:16+00:00","dateModified":"2025-11-26T08:33:44+00:00","breadcrumb":{"@id":"https:\/\/zumit.es\/de\/produkte\/frisch-gepresster-orangensaft\/#breadcrumb"},"inLanguage":"de","potentialAction":[{"@type":"ReadAction","target":["https:\/\/zumit.es\/de\/produkte\/frisch-gepresster-orangensaft\/"]}]},{"@type":"ImageObject","inLanguage":"de","@id":"https:\/\/zumit.es\/de\/produkte\/frisch-gepresster-orangensaft\/#primaryimage","url":"https:\/\/zumit.es\/wp-content\/uploads\/2025\/04\/zumo-naranja-2l.webp","contentUrl":"https:\/\/zumit.es\/wp-content\/uploads\/2025\/04\/zumo-naranja-2l.webp","width":800,"height":800},{"@type":"BreadcrumbList","@id":"https:\/\/zumit.es\/de\/produkte\/frisch-gepresster-orangensaft\/#breadcrumb","itemListElement":[{"@type":"ListItem","position":1,"name":"Hauptseite","item":"https:\/\/zumit.de\/"},{"@type":"ListItem","position":2,"name":"Produkte","item":"https:\/\/zumit.de\/produkte\/"},{"@type":"ListItem","position":3,"name":"FRISCH GEPRESSTER ORANGENSAFT"}]},{"@type":"WebSite","@id":"https:\/\/zumit.it\/#website","url":"https:\/\/zumit.it\/","name":"Zumit","description":"Fabricante y Proveedor de Smoothies, Zumos, Fruta IQF","publisher":{"@id":"https:\/\/zumit.it\/#organization"},"potentialAction":[{"@type":"SearchAction","target":{"@type":"EntryPoint","urlTemplate":"https:\/\/zumit.it\/?s={search_term_string}"},"query-input":{"@type":"PropertyValueSpecification","valueRequired":true,"valueName":"search_term_string"}}],"inLanguage":"de"},{"@type":"Organization","@id":"https:\/\/zumit.it\/#organization","name":"Zumit","url":"https:\/\/zumit.it\/","logo":{"@type":"ImageObject","inLanguage":"de","@id":"https:\/\/zumit.it\/#\/schema\/logo\/image\/","url":"https:\/\/zumit.es\/wp-content\/uploads\/Logos_Zumit_Gris-principal-1-1.png","contentUrl":"https:\/\/zumit.es\/wp-content\/uploads\/Logos_Zumit_Gris-principal-1-1.png","width":400,"height":167,"caption":"Zumit"},"image":{"@id":"https:\/\/zumit.it\/#\/schema\/logo\/image\/"}}]}},"_links":{"self":[{"href":"https:\/\/zumit.es\/de\/wp-json\/wp\/v2\/product\/13223","targetHints":{"allow":["GET"]}}],"collection":[{"href":"https:\/\/zumit.es\/de\/wp-json\/wp\/v2\/product"}],"about":[{"href":"https:\/\/zumit.es\/de\/wp-json\/wp\/v2\/types\/product"}],"replies":[{"embeddable":true,"href":"https:\/\/zumit.es\/de\/wp-json\/wp\/v2\/comments?post=13223"}],"version-history":[{"count":0,"href":"https:\/\/zumit.es\/de\/wp-json\/wp\/v2\/product\/13223\/revisions"}],"wp:featuredmedia":[{"embeddable":true,"href":"https:\/\/zumit.es\/de\/wp-json\/wp\/v2\/media\/24083"}],"wp:attachment":[{"href":"https:\/\/zumit.es\/de\/wp-json\/wp\/v2\/media?parent=13223"}],"wp:term":[{"taxonomy":"product_brand","embeddable":true,"href":"https:\/\/zumit.es\/de\/wp-json\/wp\/v2\/product_brand?post=13223"},{"taxonomy":"product_cat","embeddable":true,"href":"https:\/\/zumit.es\/de\/wp-json\/wp\/v2\/product_cat?post=13223"},{"taxonomy":"product_tag","embeddable":true,"href":"https:\/\/zumit.es\/de\/wp-json\/wp\/v2\/product_tag?post=13223"}],"curies":[{"name":"wp","href":"https:\/\/api.w.org\/{rel}","templated":true}]}}