{"id":5172,"date":"2023-12-28T04:38:57","date_gmt":"2023-12-28T03:38:57","guid":{"rendered":"https:\/\/zumit.es\/rechtlicher-hinweis\/"},"modified":"2025-07-09T08:02:39","modified_gmt":"2025-07-09T06:02:39","slug":"rechtlicher-hinweis","status":"publish","type":"page","link":"https:\/\/zumit.es\/de\/rechtlicher-hinweis\/","title":{"rendered":"Rechtlicher Hinweis"},"content":{"rendered":"<p>[et_pb_section fb_built=&#8220;1&#8243; _builder_version=&#8220;4.20.4&#8243; _module_preset=&#8220;default&#8220; global_colors_info=&#8220;{}&#8220;][et_pb_row _builder_version=&#8220;4.20.4&#8243; _module_preset=&#8220;default&#8220; width=&#8220;85%&#8220; max_width=&#8220;2560px&#8220; custom_margin=&#8220;||||false|false&#8220; custom_padding=&#8220;0px||||false|false&#8220; locked=&#8220;off&#8220; global_colors_info=&#8220;{}&#8220;][et_pb_column type=&#8220;4_4&#8243; _builder_version=&#8220;4.20.4&#8243; _module_preset=&#8220;default&#8220; global_colors_info=&#8220;{}&#8220;][et_pb_text _builder_version=&#8220;4.27.4&#8243; _module_preset=&#8220;default&#8220; text_font=&#8220;Roca One||||||||&#8220; text_text_color=&#8220;#000000&#8243; text_font_size=&#8220;18px&#8220; header_font=&#8220;Amatic SC|700|||||||&#8220; header_3_font=&#8220;Roca One|600|||||||&#8220; header_3_text_color=&#8220;#ef7f19&#8243; hover_enabled=&#8220;0&#8243; global_colors_info=&#8220;{}&#8220; header_font_size=&#8220;57px&#8220; sticky_enabled=&#8220;0&#8243;]<\/p>\n<ol><\/ol>\n<h1 style=\"font-weight: 400;\">RECHTLICHER HINWEIS ZUMIT<\/h1>\n<p>In \u00dcbereinstimmung mit dem Gesetz 34\/2002 vom 11. Juli \u00fcber die Dienstleistungen der Informationsgesellschaft und den elektronischen Handel (LSSI-CE) teilt SQUEEZE LIFE SL mit, dass es der Eigent\u00fcmer der Website ist. In \u00dcbereinstimmung mit den Anforderungen des Artikels 10 des oben genannten Gesetzes, informiert SQUEEZE LIFE SL \u00fcber die folgenden Daten: <\/p>\n<p>-Firmenname: Squeeze LIFE S.L.<\/p>\n<p>-NIF:B54287347<\/p>\n<p>-Domain: <a href=\"https:\/\/zumit.es\">www.zumit.es<\/a><\/p>\n<p>-Postanschrift: Avenida Eusebio Sempere, 13-entlo, 03003, Alicante\/Alacant(Alacant)<\/p>\n<p>E-Mail-Adresse: <a href=\"mailto:sforner@zumit.es\">sforner@zumit.es<\/a><\/p>\n<p>-Telefon: 965140775<\/p>\n<p>-Registernummer\/Zusatzdaten: Band; 3245, folio:190, Blatt: H A 109881, Eintrag: 9<\/p>\n<p>&nbsp;<\/p>\n<h3>Nutzer- und Haftungsregelung<\/h3>\n<p>&nbsp;<\/p>\n<p>Das Browsen, der Zugriff und die Nutzung der Website von SQUEEZE LIFE SL setzt die Bedingung des Benutzers voraus.<\/p>\n<p>Die Website von SQUEEZE LIFE SL bietet eine breite Palette von Informationen, Dienstleistungen und Daten. Der Nutzer \u00fcbernimmt die Verantwortung f\u00fcr die korrekte Nutzung der Website. Diese Verantwortung erstreckt sich auf:  <\/p>\n<ul>\n<li>Die Richtigkeit und Rechtm\u00e4\u00dfigkeit der Informationen, die der Benutzer in den von SQUEEZE LIFE SL bereitgestellten Formularen f\u00fcr den Zugang zu bestimmten Inhalten oder Dienstleistungen, die im Internet angeboten werden, angibt.<\/li>\n<\/ul>\n<p>Die Nutzung der von SQUEEZE LIFE SL angebotenen Informationen, Dienstleistungen und Daten verst\u00f6\u00dft gegen die Bestimmungen dieser Bedingungen, das Gesetz, die Moral, die guten Sitten oder die \u00f6ffentliche Ordnung oder kann in anderer Weise die Rechte Dritter oder den Betrieb der Website beeintr\u00e4chtigen.<\/p>\n<p>&nbsp;<\/p>\n<h3>Verlinkungspolitik und Haftungsausschl\u00fcsse<\/h3>\n<p>&nbsp;<\/p>\n<p>SQUEEZE LIFE SL ist nicht verantwortlich f\u00fcr den Inhalt der Websites, auf die der Nutzer \u00fcber die auf ihrer Website eingerichteten Links zugreifen kann, sofern sie keine tats\u00e4chliche Kenntnis davon hat, dass die Aktivit\u00e4t oder Information, auf die sie verweist oder die sie empfiehlt, rechtswidrig ist oder dass sie Eigentum oder Rechte eines schadensersatzpflichtigen Dritten verletzt, oder, falls dies der Fall sein sollte, sie mit der gebotenen Sorgfalt handelt, um den entsprechenden Link zu entfernen oder zu deaktivieren.<\/p>\n<p>Es wird davon ausgegangen, dass SQUEEZE LIFE SL \u00fcber die im vorhergehenden Absatz genannte tats\u00e4chliche Kenntnis verf\u00fcgt, wenn eine zust\u00e4ndige Stelle die Rechtswidrigkeit der Daten erkl\u00e4rt, ihre Entfernung angeordnet oder den Zugang zu ihnen unm\u00f6glich gemacht hat oder \u00fcber das Vorhandensein des Schadens informiert wurde und SQUEEZE LIFE SL von der entsprechenden Entscheidung Kenntnis hat, unbeschadet der Verfahren zur Aufdeckung und Entfernung von Inhalten, die SQUEEZE LIFE SL aufgrund freiwilliger Vereinbarungen und anderer Mittel zur tats\u00e4chlichen Kenntnisnahme anwendet, die gegebenenfalls festgelegt werden.<\/p>\n<p>SQUEEZE LIFE SL erkl\u00e4rt, dass sie alle notwendigen Ma\u00dfnahmen ergriffen hat, um jegliche Sch\u00e4den zu vermeiden, die den Nutzern ihrer Website durch das Surfen auf ihrer Website entstehen k\u00f6nnen. Folglich ist SQUEEZE LIFE SL in keinem Fall verantwortlich f\u00fcr m\u00f6gliche Sch\u00e4den, die der Benutzer beim Surfen im Internet erleiden k\u00f6nnte. Ebenso \u00fcbernimmt sie keine Garantie f\u00fcr die technische Verf\u00fcgbarkeit, die Genauigkeit, die Richtigkeit, die G\u00fcltigkeit oder die Rechtm\u00e4\u00dfigkeit von Websites au\u00dferhalb ihres Eigentums, auf die \u00fcber die Links zugegriffen werden kann.  <\/p>\n<h3><\/h3>\n<h3><\/h3>\n<h3>\u00c4nderungen<\/h3>\n<p>&nbsp;<\/p>\n<p>SQUEEZE LIFE SL beh\u00e4lt sich das Recht vor, jederzeit und ohne Vorank\u00fcndigung \u00c4nderungen und Aktualisierungen an den auf seiner Website enthaltenen Informationen oder an deren Gestaltung und Pr\u00e4sentation vorzunehmen. Um die ver\u00f6ffentlichten Informationen auf dem neuesten Stand zu halten, k\u00f6nnen die Inhalte jederzeit mit allen gesetzlich zul\u00e4ssigen Mitteln ge\u00e4ndert, korrigiert, entfernt oder erg\u00e4nzt werden. <\/p>\n<h3><\/h3>\n<h3>Preisangabe<\/h3>\n<p>&nbsp;<\/p>\n<p>Falls Preise f\u00fcr Produkte und\/oder Dienstleistungen angezeigt werden, sind die auf dem Bildschirm angezeigten Preise die zum jeweiligen Zeitpunkt g\u00fcltigen. Die Preise sind in Euro angegeben und enthalten die Mehrwertsteuer (MwSt.). Sollte die Mehrwertsteuer nicht im Preis enthalten sein, wird dies ausdr\u00fccklich angegeben und der Nutzer kann den vollst\u00e4ndigen Endpreis einsehen.  <\/p>\n<p>Ebenso ist anzugeben, ob eine andere Steuer anwendbar ist, gegebenenfalls einschlie\u00dflich der H\u00f6he der f\u00fcr das Angebot geltenden Zuschl\u00e4ge oder Rabatte und der zus\u00e4tzlichen Kosten, die an den Verbraucher oder Nutzer weitergegeben werden k\u00f6nnen.<\/p>\n<h3><\/h3>\n<h3>Geistiges und gewerbliches Eigentum<\/h3>\n<p>&nbsp;<\/p>\n<p>SQUEEZE LIFE SL selbst oder als Bevollm\u00e4chtigter, besitzt alle geistigen und gewerblichen Eigentumsrechte seiner Website, sowie die darin enthaltenen Elemente (einschlie\u00dflich, aber nicht beschr\u00e4nkt auf Bilder, Ton, Audio, Video, Software oder Text, Marken oder Logos, Farbkombinationen, Struktur und Design, Auswahl der verwendeten Materialien, Computerprogramme, die f\u00fcr den Betrieb, den Zugang und die Nutzung, usw.), die von SQUEEZE LIFE SL. Es handelt sich also um Werke, die als geistiges Eigentum durch das spanische Rechtssystem gesch\u00fctzt sind, da auf sie sowohl die spanischen und gemeinschaftlichen Vorschriften in diesem Bereich als auch die von Spanien unterzeichneten internationalen Vertr\u00e4ge in diesem Bereich Anwendung finden. <\/p>\n<p>Alle Rechte vorbehalten. Gem\u00e4\u00df den Bestimmungen des Gesetzes \u00fcber das geistige Eigentum sind die Vervielf\u00e4ltigung, die Verbreitung und die \u00f6ffentliche Bekanntmachung, einschlie\u00dflich der Art der Bereitstellung, des gesamten Inhalts dieser Website oder eines Teils davon zu kommerziellen Zwecken auf jedem Medium und mit jedem technischen Mittel ohne Genehmigung von SQUEEZE LIFE SL ausdr\u00fccklich verboten.<\/p>\n<p>Der Benutzer verpflichtet sich, die Rechte des geistigen und industriellen Eigentums von SQUEEZE LIFE SL zu respektieren. Sie d\u00fcrfen die Elemente des Portals ansehen und sogar ausdrucken, kopieren und auf der Festplatte Ihres Computers oder einem anderen physischen Medium speichern, vorausgesetzt, dass dies einzig und allein zu Ihrem pers\u00f6nlichen und privaten Gebrauch geschieht. Der Nutzer muss es unterlassen, Schutzvorrichtungen oder Sicherheitssysteme, die auf den Seiten von SQUEEZE LIFE SL installiert wurden, zu l\u00f6schen, zu ver\u00e4ndern, zu umgehen oder zu manipulieren.  <\/p>\n<h3><\/h3>\n<h3>SSL-Zertifikat (Secure Sockets Layer)<\/h3>\n<p>&nbsp;<\/p>\n<p>SSL-ZERTIFIKAT bietet Authentifizierung, Datenschutz und Informationssicherheit zwischen SQUEEZE LIFE SL und dem Benutzer.<\/p>\n<p>SQUEEZE LIFE SL hat ein Sicherheitszertifikat, das von SSL CERTIFICATE f\u00fcr sichere Verbindungen verwendet wird.<\/p>\n<p>Bei diesem Verfahren werden mehrere Parameter eingestellt, um die Verbindung sicher zu machen, und sie wird mit vorher festgelegten Schl\u00fcsseln aufgebaut, wobei alle gesendeten Daten ver- und entschl\u00fcsselt werden, bis die Verbindung geschlossen wird.<\/p>\n<h3><\/h3>\n<h3>Rechtliche Schritte, anwendbares Recht und Gerichtsbarkeit<\/h3>\n<p>&nbsp;<\/p>\n<p>Wenn der Nutzer eine Beschwerde einreichen m\u00f6chte, sollte er\/sie sich per E-Mail an <a href=\"mailto:sforner@zumit.es\">sforner@zumit.es wenden .<\/a> Auch SQUEEZE LIFE SL verf\u00fcgt \u00fcber offizielle Beschwerdeformulare f\u00fcr Verbraucher und Nutzer. <\/p>\n<p>SQUEEZE LIFE SL. beh\u00e4lt sich das Recht vor, alle zivil- oder strafrechtlichen Schritte einzuleiten, die sie f\u00fcr die missbr\u00e4uchliche Nutzung ihrer Website und ihrer Inhalte oder f\u00fcr die Verletzung dieser Bedingungen f\u00fcr angemessen h\u00e4lt. <\/p>\n<p>Die Beziehung zwischen dem Nutzer und dem Anbieter unterliegt den auf spanischem Gebiet geltenden Vorschriften. Im Falle von Streitigkeiten k\u00f6nnen die Parteien ihre Streitigkeiten einem Schiedsverfahren unterwerfen oder sich an die ordentliche Gerichtsbarkeit wenden, unter Beachtung der diesbez\u00fcglichen Vorschriften \u00fcber die Rechtsprechung und Zust\u00e4ndigkeit. <\/p>\n<p>Bei auf elektronischem Wege geschlossenen Vertr\u00e4gen, bei denen er Verbraucher ist, wird davon ausgegangen, dass sie an dem Ort geschlossen wurden, an dem er seinen gew\u00f6hnlichen Aufenthalt hat.<\/p>\n<p>Bei elektronischen Vertr\u00e4gen zwischen Unternehmern oder Freiberuflern wird in Ermangelung einer Vereinbarung zwischen den Parteien davon ausgegangen, dass sie an dem Ort geschlossen wurden, an dem der Dienstleister niedergelassen ist.<\/p>\n<p>Gem\u00e4\u00df der Verordnung (EU) 524\/2013: Europ\u00e4ische Kommission informieren wir Sie dar\u00fcber, dass Sie das Recht haben, eine au\u00dfergerichtliche Beilegung von Verbraucherstreitigkeiten \u00fcber eine Online-Streitbeilegungsplattform zu beantragen, die unter dem folgenden Link verf\u00fcgbar ist: <a href=\"https:\/\/ec.europa.eu\/consumers\/odr\/\">https:\/\/ec.europa.eu\/consumers\/odr\/<\/a><\/p>\n<p>Letzte Aktualisierung: 27. Februar 2025<\/p>\n<h3><\/h3>\n<p>[\/et_pb_text][\/et_pb_column][\/et_pb_row][\/et_pb_section]<\/p>\n","protected":false},"excerpt":{"rendered":"<p>[et_pb_section fb_built=&#8220;1&#8243; _builder_version=&#8220;4.20.4&#8243; _module_preset=&#8220;default&#8220; global_colors_info=&#8220;{}&#8220;][et_pb_row _builder_version=&#8220;4.20.4&#8243; _module_preset=&#8220;default&#8220; width=&#8220;85%&#8220; max_width=&#8220;2560px&#8220; custom_margin=&#8220;||||false|false&#8220; custom_padding=&#8220;0px||||false|false&#8220; locked=&#8220;off&#8220; global_colors_info=&#8220;{}&#8220;][et_pb_column type=&#8220;4_4&#8243; _builder_version=&#8220;4.20.4&#8243; _module_preset=&#8220;default&#8220; global_colors_info=&#8220;{}&#8220;][et_pb_text _builder_version=&#8220;4.27.4&#8243; _module_preset=&#8220;default&#8220; text_font=&#8220;Roca One||||||||&#8220; text_text_color=&#8220;#000000&#8243; text_font_size=&#8220;18px&#8220; header_font=&#8220;Amatic SC|700|||||||&#8220; header_3_font=&#8220;Roca One|600|||||||&#8220; header_3_text_color=&#8220;#ef7f19&#8243; hover_enabled=&#8220;0&#8243; global_colors_info=&#8220;{}&#8220; header_font_size=&#8220;57px&#8220; sticky_enabled=&#8220;0&#8243;] RECHTLICHER HINWEIS ZUMIT In \u00dcbereinstimmung mit dem Gesetz 34\/2002 vom 11. Juli \u00fcber die Dienstleistungen der Informationsgesellschaft und den elektronischen Handel (LSSI-CE) teilt [&hellip;]<\/p>\n","protected":false},"author":12,"featured_media":0,"parent":0,"menu_order":0,"comment_status":"closed","ping_status":"closed","template":"","meta":{"_acf_changed":false,"footnotes":""},"class_list":["post-5172","page","type-page","status-publish","hentry"],"acf":[],"yoast_head":"<!-- This site is optimized with the Yoast SEO plugin v27.2 - https:\/\/yoast.com\/product\/yoast-seo-wordpress\/ -->\n<title>Impressum unseres Unternehmens - Zumit<\/title>\n<meta name=\"description\" content=\"Dies ist das Impressum unseres Unternehmens, wenn Sie Fragen haben, kontaktieren Sie uns bitte unter \ud83d\udcf2info@zumit.es oder rufen Sie \ud83d\udcde965140775\" \/>\n<meta name=\"robots\" content=\"index, follow, max-snippet:-1, max-image-preview:large, max-video-preview:-1\" \/>\n<link rel=\"canonical\" href=\"https:\/\/zumit.es\/de\/rechtlicher-hinweis\/\" \/>\n<meta property=\"og:locale\" content=\"de_DE\" \/>\n<meta property=\"og:type\" content=\"article\" \/>\n<meta property=\"og:title\" content=\"Impressum unseres Unternehmens - Zumit\" \/>\n<meta property=\"og:description\" content=\"Dies ist das Impressum unseres Unternehmens, wenn Sie Fragen haben, kontaktieren Sie uns bitte unter \ud83d\udcf2info@zumit.es oder rufen Sie \ud83d\udcde965140775\" \/>\n<meta property=\"og:url\" content=\"https:\/\/zumit.es\/de\/rechtlicher-hinweis\/\" \/>\n<meta property=\"og:site_name\" content=\"Zumit\" \/>\n<meta property=\"article:modified_time\" content=\"2025-07-09T06:02:39+00:00\" \/>\n<meta name=\"twitter:card\" content=\"summary_large_image\" \/>\n<meta name=\"twitter:label1\" content=\"Gesch\u00e4tzte Lesezeit\" \/>\n\t<meta name=\"twitter:data1\" content=\"7\u00a0Minuten\" \/>\n<script type=\"application\/ld+json\" class=\"yoast-schema-graph\">{\"@context\":\"https:\/\/schema.org\",\"@graph\":[{\"@type\":\"WebPage\",\"@id\":\"https:\/\/zumit.es\/de\/rechtlicher-hinweis\/\",\"url\":\"https:\/\/zumit.es\/de\/rechtlicher-hinweis\/\",\"name\":\"Impressum unseres Unternehmens - Zumit\",\"isPartOf\":{\"@id\":\"https:\/\/zumit.it\/#website\"},\"datePublished\":\"2023-12-28T03:38:57+00:00\",\"dateModified\":\"2025-07-09T06:02:39+00:00\",\"description\":\"Dies ist das Impressum unseres Unternehmens, wenn Sie Fragen haben, kontaktieren Sie uns bitte unter \ud83d\udcf2info@zumit.es oder rufen Sie \ud83d\udcde965140775\",\"breadcrumb\":{\"@id\":\"https:\/\/zumit.es\/de\/rechtlicher-hinweis\/#breadcrumb\"},\"inLanguage\":\"de\",\"potentialAction\":[{\"@type\":\"ReadAction\",\"target\":[\"https:\/\/zumit.es\/de\/rechtlicher-hinweis\/\"]}]},{\"@type\":\"BreadcrumbList\",\"@id\":\"https:\/\/zumit.es\/de\/rechtlicher-hinweis\/#breadcrumb\",\"itemListElement\":[{\"@type\":\"ListItem\",\"position\":1,\"name\":\"Hauptseite\",\"item\":\"https:\/\/zumit.de\/\"},{\"@type\":\"ListItem\",\"position\":2,\"name\":\"Rechtlicher Hinweis\"}]},{\"@type\":\"WebSite\",\"@id\":\"https:\/\/zumit.it\/#website\",\"url\":\"https:\/\/zumit.it\/\",\"name\":\"Zumit\",\"description\":\"Fabricante y Proveedor de Smoothies, Zumos, Fruta IQF\",\"publisher\":{\"@id\":\"https:\/\/zumit.it\/#organization\"},\"potentialAction\":[{\"@type\":\"SearchAction\",\"target\":{\"@type\":\"EntryPoint\",\"urlTemplate\":\"https:\/\/zumit.it\/?s={search_term_string}\"},\"query-input\":{\"@type\":\"PropertyValueSpecification\",\"valueRequired\":true,\"valueName\":\"search_term_string\"}}],\"inLanguage\":\"de\"},{\"@type\":\"Organization\",\"@id\":\"https:\/\/zumit.it\/#organization\",\"name\":\"Zumit\",\"url\":\"https:\/\/zumit.it\/\",\"logo\":{\"@type\":\"ImageObject\",\"inLanguage\":\"de\",\"@id\":\"https:\/\/zumit.it\/#\/schema\/logo\/image\/\",\"url\":\"https:\/\/zumit.es\/wp-content\/uploads\/Logos_Zumit_Gris-principal-1-1.png\",\"contentUrl\":\"https:\/\/zumit.es\/wp-content\/uploads\/Logos_Zumit_Gris-principal-1-1.png\",\"width\":400,\"height\":167,\"caption\":\"Zumit\"},\"image\":{\"@id\":\"https:\/\/zumit.it\/#\/schema\/logo\/image\/\"}}]}<\/script>\n<!-- \/ Yoast SEO plugin. -->","yoast_head_json":{"title":"Impressum unseres Unternehmens - Zumit","description":"Dies ist das Impressum unseres Unternehmens, wenn Sie Fragen haben, kontaktieren Sie uns bitte unter \ud83d\udcf2info@zumit.es oder rufen Sie \ud83d\udcde965140775","robots":{"index":"index","follow":"follow","max-snippet":"max-snippet:-1","max-image-preview":"max-image-preview:large","max-video-preview":"max-video-preview:-1"},"canonical":"https:\/\/zumit.es\/de\/rechtlicher-hinweis\/","og_locale":"de_DE","og_type":"article","og_title":"Impressum unseres Unternehmens - Zumit","og_description":"Dies ist das Impressum unseres Unternehmens, wenn Sie Fragen haben, kontaktieren Sie uns bitte unter \ud83d\udcf2info@zumit.es oder rufen Sie \ud83d\udcde965140775","og_url":"https:\/\/zumit.es\/de\/rechtlicher-hinweis\/","og_site_name":"Zumit","article_modified_time":"2025-07-09T06:02:39+00:00","twitter_card":"summary_large_image","twitter_misc":{"Gesch\u00e4tzte Lesezeit":"7\u00a0Minuten"},"schema":{"@context":"https:\/\/schema.org","@graph":[{"@type":"WebPage","@id":"https:\/\/zumit.es\/de\/rechtlicher-hinweis\/","url":"https:\/\/zumit.es\/de\/rechtlicher-hinweis\/","name":"Impressum unseres Unternehmens - Zumit","isPartOf":{"@id":"https:\/\/zumit.it\/#website"},"datePublished":"2023-12-28T03:38:57+00:00","dateModified":"2025-07-09T06:02:39+00:00","description":"Dies ist das Impressum unseres Unternehmens, wenn Sie Fragen haben, kontaktieren Sie uns bitte unter \ud83d\udcf2info@zumit.es oder rufen Sie \ud83d\udcde965140775","breadcrumb":{"@id":"https:\/\/zumit.es\/de\/rechtlicher-hinweis\/#breadcrumb"},"inLanguage":"de","potentialAction":[{"@type":"ReadAction","target":["https:\/\/zumit.es\/de\/rechtlicher-hinweis\/"]}]},{"@type":"BreadcrumbList","@id":"https:\/\/zumit.es\/de\/rechtlicher-hinweis\/#breadcrumb","itemListElement":[{"@type":"ListItem","position":1,"name":"Hauptseite","item":"https:\/\/zumit.de\/"},{"@type":"ListItem","position":2,"name":"Rechtlicher Hinweis"}]},{"@type":"WebSite","@id":"https:\/\/zumit.it\/#website","url":"https:\/\/zumit.it\/","name":"Zumit","description":"Fabricante y Proveedor de Smoothies, Zumos, Fruta IQF","publisher":{"@id":"https:\/\/zumit.it\/#organization"},"potentialAction":[{"@type":"SearchAction","target":{"@type":"EntryPoint","urlTemplate":"https:\/\/zumit.it\/?s={search_term_string}"},"query-input":{"@type":"PropertyValueSpecification","valueRequired":true,"valueName":"search_term_string"}}],"inLanguage":"de"},{"@type":"Organization","@id":"https:\/\/zumit.it\/#organization","name":"Zumit","url":"https:\/\/zumit.it\/","logo":{"@type":"ImageObject","inLanguage":"de","@id":"https:\/\/zumit.it\/#\/schema\/logo\/image\/","url":"https:\/\/zumit.es\/wp-content\/uploads\/Logos_Zumit_Gris-principal-1-1.png","contentUrl":"https:\/\/zumit.es\/wp-content\/uploads\/Logos_Zumit_Gris-principal-1-1.png","width":400,"height":167,"caption":"Zumit"},"image":{"@id":"https:\/\/zumit.it\/#\/schema\/logo\/image\/"}}]}},"_links":{"self":[{"href":"https:\/\/zumit.es\/de\/wp-json\/wp\/v2\/pages\/5172","targetHints":{"allow":["GET"]}}],"collection":[{"href":"https:\/\/zumit.es\/de\/wp-json\/wp\/v2\/pages"}],"about":[{"href":"https:\/\/zumit.es\/de\/wp-json\/wp\/v2\/types\/page"}],"author":[{"embeddable":true,"href":"https:\/\/zumit.es\/de\/wp-json\/wp\/v2\/users\/12"}],"replies":[{"embeddable":true,"href":"https:\/\/zumit.es\/de\/wp-json\/wp\/v2\/comments?post=5172"}],"version-history":[{"count":5,"href":"https:\/\/zumit.es\/de\/wp-json\/wp\/v2\/pages\/5172\/revisions"}],"predecessor-version":[{"id":17177,"href":"https:\/\/zumit.es\/de\/wp-json\/wp\/v2\/pages\/5172\/revisions\/17177"}],"wp:attachment":[{"href":"https:\/\/zumit.es\/de\/wp-json\/wp\/v2\/media?parent=5172"}],"curies":[{"name":"wp","href":"https:\/\/api.w.org\/{rel}","templated":true}]}}