{"id":5111,"date":"2024-02-06T11:56:17","date_gmt":"2024-02-06T10:56:17","guid":{"rendered":"https:\/\/zumit.es\/milkshakes\/"},"modified":"2025-07-11T12:27:57","modified_gmt":"2025-07-11T10:27:57","slug":"milkshakes","status":"publish","type":"page","link":"https:\/\/zumit.es\/de\/milkshakes\/","title":{"rendered":"Milkshakes"},"content":{"rendered":"<p>[et_pb_section fb_built=&#8220;1&#8243; _builder_version=&#8220;4.20.4&#8243; _module_preset=&#8220;default&#8220; custom_margin=&#8220;0px||||false|false&#8220; custom_padding=&#8220;0px||||false|false&#8220; global_colors_info=&#8220;{}&#8220; locked=&#8220;off&#8220; theme_builder_area=&#8220;post_content&#8220;][et_pb_row _builder_version=&#8220;4.20.4&#8243; _module_preset=&#8220;default&#8220; width=&#8220;100%&#8220; max_width=&#8220;2560px&#8220; custom_margin=&#8220;0px||0px||false|false&#8220; custom_padding=&#8220;0px||0px||false|false&#8220; global_colors_info=&#8220;{}&#8220; theme_builder_area=&#8220;post_content&#8220;][et_pb_column type=&#8220;4_4&#8243; _builder_version=&#8220;4.20.4&#8243; _module_preset=&#8220;default&#8220; global_colors_info=&#8220;{}&#8220; theme_builder_area=&#8220;post_content&#8220;][et_pb_code _builder_version=&#8220;4.27.4&#8243; _module_preset=&#8220;default&#8220; global_colors_info=&#8220;{}&#8220; theme_builder_area=&#8220;post_content&#8220;][translated_slider][\/et_pb_code][\/et_pb_column][\/et_pb_row][et_pb_row _builder_version=&#8220;4.20.4&#8243; _module_preset=&#8220;default&#8220; width=&#8220;100%&#8220; max_width=&#8220;2560px&#8220; custom_margin=&#8220;||||false|false&#8220; custom_padding=&#8220;||||false|false&#8220; global_colors_info=&#8220;{}&#8220; theme_builder_area=&#8220;post_content&#8220;][et_pb_column type=&#8220;4_4&#8243; _builder_version=&#8220;4.20.4&#8243; _module_preset=&#8220;default&#8220; global_colors_info=&#8220;{}&#8220; theme_builder_area=&#8220;post_content&#8220;][et_pb_menu menu_id=&#8220;263&#8243; menu_style=&#8220;centered&#8220; active_link_color=&#8220;#ef7f19&#8243; dropdown_menu_active_link_color=&#8220;#ef7f19&#8243; module_id=&#8220;menu_products&#8220; _builder_version=&#8220;4.20.4&#8243; _module_preset=&#8220;default&#8220; menu_font=&#8220;Bebas Neue|||on|||||&#8220; menu_text_color=&#8220;#000000&#8243; menu_font_size=&#8220;40px&#8220; custom_margin=&#8220;||||false|false&#8220; custom_padding=&#8220;10px||||false|false&#8220; global_colors_info=&#8220;{}&#8220; theme_builder_area=&#8220;post_content&#8220;][\/et_pb_menu][et_pb_code disabled_on=&#8220;off|off|on&#8220; _builder_version=&#8220;4.20.4&#8243; _module_preset=&#8220;default&#8220; global_colors_info=&#8220;{}&#8220; theme_builder_area=&#8220;post_content&#8220;]<\/p>\n<style><!-- [et_pb_line_break_holder] -->  #page-container #menu_products .et_pb_menu__menu {<!-- [et_pb_line_break_holder] -->    display:flex;<!-- [et_pb_line_break_holder] -->  }<!-- [et_pb_line_break_holder] -->  <!-- [et_pb_line_break_holder] -->  #page-container #menu_products .et_mobile_nav_menu{<!-- [et_pb_line_break_holder] -->    display:none;<!-- [et_pb_line_break_holder] -->  }<!-- [et_pb_line_break_holder] -->  <!-- [et_pb_line_break_holder] -->@media only screen and (max-width : 400px) {<!-- [et_pb_line_break_holder] -->    #page-container #menu_products .et_pb_menu__menu ul li a{<!-- [et_pb_line_break_holder] -->    font-size: 25px;<!-- [et_pb_line_break_holder] -->  }<!-- [et_pb_line_break_holder] -->  }<!-- [et_pb_line_break_holder] -->  <!-- [et_pb_line_break_holder] -->  <!-- [et_pb_line_break_holder] -->  @media only screen and (max-width : 600px) {<!-- [et_pb_line_break_holder] -->    #page-container #menu_products .et_pb_menu__menu ul li a{<!-- [et_pb_line_break_holder] -->    font-size: 30px;<!-- [et_pb_line_break_holder] -->  }<!-- [et_pb_line_break_holder] -->  }<!-- [et_pb_line_break_holder] --><!-- [et_pb_line_break_holder] --><\/style>\n<p>[\/et_pb_code][et_pb_divider color=&#8220;#df9a2b&#8220; divider_weight=&#8220;5px&#8220; _builder_version=&#8220;4.20.4&#8243; _module_preset=&#8220;default&#8220; custom_margin=&#8220;||||false|false&#8220; custom_padding=&#8220;||||false|false&#8220; global_colors_info=&#8220;{}&#8220; theme_builder_area=&#8220;post_content&#8220;][\/et_pb_divider][\/et_pb_column][\/et_pb_row][et_pb_row _builder_version=&#8220;4.20.4&#8243; _module_preset=&#8220;default&#8220; global_colors_info=&#8220;{}&#8220; theme_builder_area=&#8220;post_content&#8220;][et_pb_column type=&#8220;4_4&#8243; _builder_version=&#8220;4.20.4&#8243; _module_preset=&#8220;default&#8220; global_colors_info=&#8220;{}&#8220; theme_builder_area=&#8220;post_content&#8220;][et_pb_text _builder_version=&#8220;4.27.4&#8243; _module_preset=&#8220;default&#8220; text_font=&#8220;Roca One||||||||&#8220; text_font_size=&#8220;20px&#8220; header_font=&#8220;AmaticSC Regular|700|||||||&#8220; header_text_align=&#8220;center&#8220; header_font_size=&#8220;50px&#8220; text_orientation=&#8220;center&#8220; global_colors_info=&#8220;{}&#8220; theme_builder_area=&#8220;post_content&#8220;]<\/p>\n<h1>G\u00f6nnen Sie sich unsere s\u00fc\u00dfen milkshakes<\/h1>\n<p>Wir haben 6 verschiedene milkshakes-Rezepte, um die nat\u00fcrlichen smoothies zu erg\u00e4nzen und so die Rentabilit\u00e4t an Ihrem Verkaufsstandort zu maximieren.<\/p>\n<p>[\/et_pb_text][\/et_pb_column][\/et_pb_row][et_pb_row _builder_version=&#8220;4.20.4&#8243; _module_preset=&#8220;default&#8220; max_width=&#8220;2560px&#8220; global_colors_info=&#8220;{}&#8220; theme_builder_area=&#8220;post_content&#8220;][et_pb_column type=&#8220;4_4&#8243; _builder_version=&#8220;4.20.4&#8243; _module_preset=&#8220;default&#8220; global_colors_info=&#8220;{}&#8220; theme_builder_area=&#8220;post_content&#8220;][et_pb_shop type=&#8220;product_category&#8220; posts_number=&#8220;15&#8243; show_pagination=&#8220;on&#8220; include_categories=&#8220;26&#8243; columns_number=&#8220;3&#8243; icon_hover_color=&#8220;RGBA(255,255,255,0)&#8220; hover_overlay_color=&#8220;RGBA(255,255,255,0)&#8220; show_price=&#8220;off&#8220; _builder_version=&#8220;4.27.4&#8243; _module_preset=&#8220;default&#8220; title_font=&#8220;Bebas Neue|||on|||||&#8220; title_text_align=&#8220;center&#8220; title_font_size=&#8220;32px&#8220; price_font=&#8220;Roca One||||||||&#8220; price_text_align=&#8220;right&#8220; price_text_color=&#8220;#000000&#8243; price_font_size=&#8220;24px&#8220; global_colors_info=&#8220;{}&#8220; theme_builder_area=&#8220;post_content&#8220;][\/et_pb_shop][et_pb_code _builder_version=&#8220;4.20.4&#8243; _module_preset=&#8220;default&#8220; global_colors_info=&#8220;{}&#8220; theme_builder_area=&#8220;post_content&#8220;]<\/p>\n<style><!-- [et_pb_line_break_holder] -->  #page-container .page-numbers{<!-- [et_pb_line_break_holder] -->    border: 0px;<!-- [et_pb_line_break_holder] -->  }<!-- [et_pb_line_break_holder] -->  #page-container .page-numbers li{<!-- [et_pb_line_break_holder] -->    border-right : 0px;<!-- [et_pb_line_break_holder] -->    margin-right : 5px;<!-- [et_pb_line_break_holder] -->  }<!-- [et_pb_line_break_holder] -->#page-container .page-numbers li a<!-- [et_pb_line_break_holder] --> {<!-- [et_pb_line_break_holder] -->\tborder-radius: 50%;<!-- [et_pb_line_break_holder] -->\tpadding: 6px 15px 6px 15px;<!-- [et_pb_line_break_holder] -->\tborder: 1px solid #FF9028!important;<!-- [et_pb_line_break_holder] -->  color: #FF9028;<!-- [et_pb_line_break_holder] -->  font-family: 'Bebas Neue',Helvetica,Arial,Lucida,sans-serif;<!-- [et_pb_line_break_holder] -->  font-size: 30px;<!-- [et_pb_line_break_holder] -->  font-weight: bold;<!-- [et_pb_line_break_holder] -->}<!-- [et_pb_line_break_holder] -->  #page-container .page-numbers span.current{<!-- [et_pb_line_break_holder] -->    <!-- [et_pb_line_break_holder] -->    border-radius: 50%;<!-- [et_pb_line_break_holder] -->\tpadding: 6px 15px 6px 15px;<!-- [et_pb_line_break_holder] -->\tborder: 1px solid #FF9028!important;<!-- [et_pb_line_break_holder] -->  color: white;<!-- [et_pb_line_break_holder] -->  font-family: 'Bebas Neue',Helvetica,Arial,Lucida,sans-serif;<!-- [et_pb_line_break_holder] -->  font-size: 30px;<!-- [et_pb_line_break_holder] -->  font-weight: bold;<!-- [et_pb_line_break_holder] -->    background: #FF9028;<!-- [et_pb_line_break_holder] -->  }<!-- [et_pb_line_break_holder] -->  <!-- [et_pb_line_break_holder] -->  #page-container .woocommerce .woocommerce-ordering,#page-container .woocommerce .woocommerce-result-count{<!-- [et_pb_line_break_holder] -->    display:none;<!-- [et_pb_line_break_holder] -->  }<!-- [et_pb_line_break_holder] -->  <!-- [et_pb_line_break_holder] -->  #page-container .woocommerce .dcms-item-custom-field{<!-- [et_pb_line_break_holder] -->    font-family: \"Roca One\";<!-- [et_pb_line_break_holder] -->    color: grey;<!-- [et_pb_line_break_holder] -->    font-size: 20px;<!-- [et_pb_line_break_holder] -->    text-align:center;<!-- [et_pb_line_break_holder] -->    display: none;<!-- [et_pb_line_break_holder] -->  }<!-- [et_pb_line_break_holder] -->  <!-- [et_pb_line_break_holder] -->  <!-- [et_pb_line_break_holder] -->    <!-- [et_pb_line_break_holder] -->  #page-container .product .woocommerce-result-count {<!-- [et_pb_line_break_holder] -->  display: none;<!-- [et_pb_line_break_holder] -->}<!-- [et_pb_line_break_holder] -->#page-container .product .woocommerce-ordering{<!-- [et_pb_line_break_holder] -->  display: none;<!-- [et_pb_line_break_holder] -->}<!-- [et_pb_line_break_holder] -->#page-container .product .dcms-item-custom-field {<!-- [et_pb_line_break_holder] -->  color: grey;<!-- [et_pb_line_break_holder] -->    font-family: 'Roca One';<!-- [et_pb_line_break_holder] -->    font-size: 20px;<!-- [et_pb_line_break_holder] -->    text-align: center;<!-- [et_pb_line_break_holder] -->}<!-- [et_pb_line_break_holder] -->  <!-- [et_pb_line_break_holder] -->  @media screen and (max-width:768px){<!-- [et_pb_line_break_holder] -->    #page-container .product .dcms-item-custom-field {<!-- [et_pb_line_break_holder] -->  color: grey;<!-- [et_pb_line_break_holder] -->    font-family: 'Roca One';<!-- [et_pb_line_break_holder] -->    font-size: 16px;<!-- [et_pb_line_break_holder] -->    text-align: center;<!-- [et_pb_line_break_holder] -->}<!-- [et_pb_line_break_holder] -->  }<!-- [et_pb_line_break_holder] -->  <!-- [et_pb_line_break_holder] -->  <!-- [et_pb_line_break_holder] -->  <!-- [et_pb_line_break_holder] --><\/style>\n<p><!-- [et_pb_line_break_holder] --><!-- [et_pb_line_break_holder] --><script><!-- [et_pb_line_break_holder] -->window.addEventListener('load',function(){<!-- [et_pb_line_break_holder] -->\tlet arrow1 = document.querySelector(\"#page-container .page-numbers li .next\");<!-- [et_pb_line_break_holder] -->  if(arrow1){<!-- [et_pb_line_break_holder] -->  arrow1.innerHTML = \" \u203a\";<!-- [et_pb_line_break_holder] -->\tarrow1.style.paddingLeft = \"20px\";<!-- [et_pb_line_break_holder] -->  }<!-- [et_pb_line_break_holder] -->    let arrow2 = document.querySelector(\"#page-container .page-numbers li .prev\");<!-- [et_pb_line_break_holder] -->  if(arrow2){<!-- [et_pb_line_break_holder] -->  \tarrow2.innerHTML = \"\u2039 \";<!-- [et_pb_line_break_holder] -->  \tarrow2.style.paddingRight = \"20px\";<!-- [et_pb_line_break_holder] --> }<!-- [et_pb_line_break_holder] -->  let titles = document.querySelectorAll(\"#page-container li.product h2\");<!-- [et_pb_line_break_holder] -->let colours = document.querySelectorAll('#page-container li.product div.dcms-item-custom-color');<!-- [et_pb_line_break_holder] -->if (titles.length === colours.length) {<!-- [et_pb_line_break_holder] -->  for (let i = 0; i < titles.length; i++) {    let title = titles[i];    let color = colours[i].textContent;     title.style.color = color;  }}                                               });<\/script>[\/et_pb_code][\/et_pb_column][\/et_pb_row][\/et_pb_section][et_pb_section fb_built=\"1\" _builder_version=\"4.20.4\" _module_preset=\"default\" global_colors_info=\"{}\" locked=\"off\" theme_builder_area=\"post_content\"][et_pb_row _builder_version=\"4.20.4\" _module_preset=\"default\" width=\"85%\" max_width=\"2560px\" global_colors_info=\"{}\" theme_builder_area=\"post_content\"][et_pb_column type=\"4_4\" _builder_version=\"4.20.4\" _module_preset=\"default\" custom_css_main_element=\"display:flex;||justify-content: center;\" global_colors_info=\"{}\" theme_builder_area=\"post_content\"][et_pb_text _builder_version=\"4.20.4\" _module_preset=\"default\" text_font=\"Roca One||||||||\" text_font_size=\"18px\" text_orientation=\"center\" width=\"70%\" max_width=\"70%\" global_colors_info=\"{}\" theme_builder_area=\"post_content\"]<\/p>\n<div style=\"font-family:'Amatic SC';font-size:60px;line-height:2em;font-weight:600;\">UNSERE MILKSHAKES<\/div>\n<p>Die milkshakes, diese k\u00f6stliche Mischung aus Milch, Eis und S\u00fc\u00dfe, sind seit Generationen ein Favorit. Bei Zumit bringen wir diese k\u00f6stliche Tradition auf eine neue Ebene der Frische und des Geschmacks. <\/p>\n<p>Unsere milkshakes sind viel mehr als nur ein einfaches Getr\u00e4nk. Jeder Schluck ist ein Erlebnis f\u00fcr sich. Von dem klassischen Schokoladen-milkshake mit seiner reichhaltigen und seidigen Textur bis hin zum erfrischenden Erdbeer-milkshake mit seiner nat\u00fcrlichen, s\u00fc\u00dfen S\u00e4ure, die auf Ihrem Gaumen vibriert, bietet jede Option etwas Einzigartiges.  <\/p>\n<p>Der milkshake Oreo ist ein unbestrittener Favorit. Wer kann schon der verlockenden Mischung aus den kultigen Keksstreuseln, gemischt mit Vanilleeis und gekr\u00f6nt mit einem Klecks Schokoladensauce, widerstehen? <\/p>\n<p>Wir bieten auch einen erfrischenden Bananen-milkshake an. Die Geschmeidigkeit der Banane und die cremige Textur des Vanilleeises vereinen sich zu einem geschmeidigen und geschmackvollen Geschmackserlebnis. <\/p>\n<p>Und wenn Sie etwas Au\u00dfergew\u00f6hnliches suchen, warum probieren Sie nicht unsere Cookie milkshakes? Wir mischen knusprige und k\u00f6stliche Butterkekse in unsere Eismischung und schaffen so eine Explosion von Textur und Geschmack, die Sie nirgendwo anders finden k\u00f6nnen. <\/p>\n<p>Was unsere milkshakes aber wirklich auszeichnet, ist unser letzter Schliff: eine gro\u00dfz\u00fcgige Schicht Schlagsahne. Diese s\u00fc\u00dfe Wolke verleiht ihm eine zus\u00e4tzliche Textur, die jeden Schluck auf eine ganz neue Ebene des Genusses hebt. <\/p>\n<p>Die milkshakes sind mehr als nur ein einfaches Getr\u00e4nk. Sie sind ein Moment des Innehaltens, ein R\u00fcckzug aus der Hektik des Alltags. Wenn Sie einen milkshake trinken, geben Sie sich die Erlaubnis zu genie\u00dfen, sich an der S\u00fc\u00dfe zu erfreuen und sich zu entspannen. Und bei Zumit sind wir stolz darauf, diese Erfahrung anbieten zu k\u00f6nnen, serviert in einem Glas mit einem Hauch von Spa\u00df. <\/p>\n<p>Kommen Sie und entdecken Sie mit uns die Freude an den milkshakes.[\/et_pb_text][\/et_pb_column][\/et_pb_row][\/et_pb_section]<\/p>\n","protected":false},"excerpt":{"rendered":"<p>[et_pb_section fb_built=&#8220;1&#8243; _builder_version=&#8220;4.20.4&#8243; _module_preset=&#8220;default&#8220; custom_margin=&#8220;0px||||false|false&#8220; custom_padding=&#8220;0px||||false|false&#8220; global_colors_info=&#8220;{}&#8220; locked=&#8220;off&#8220; theme_builder_area=&#8220;post_content&#8220;][et_pb_row _builder_version=&#8220;4.20.4&#8243; _module_preset=&#8220;default&#8220; width=&#8220;100%&#8220; max_width=&#8220;2560px&#8220; custom_margin=&#8220;0px||0px||false|false&#8220; custom_padding=&#8220;0px||0px||false|false&#8220; global_colors_info=&#8220;{}&#8220; theme_builder_area=&#8220;post_content&#8220;][et_pb_column type=&#8220;4_4&#8243; _builder_version=&#8220;4.20.4&#8243; _module_preset=&#8220;default&#8220; global_colors_info=&#8220;{}&#8220; theme_builder_area=&#8220;post_content&#8220;][et_pb_code _builder_version=&#8220;4.27.4&#8243; _module_preset=&#8220;default&#8220; global_colors_info=&#8220;{}&#8220; theme_builder_area=&#8220;post_content&#8220;][translated_slider][\/et_pb_code][\/et_pb_column][\/et_pb_row][et_pb_row _builder_version=&#8220;4.20.4&#8243; _module_preset=&#8220;default&#8220; width=&#8220;100%&#8220; max_width=&#8220;2560px&#8220; custom_margin=&#8220;||||false|false&#8220; custom_padding=&#8220;||||false|false&#8220; global_colors_info=&#8220;{}&#8220; theme_builder_area=&#8220;post_content&#8220;][et_pb_column type=&#8220;4_4&#8243; _builder_version=&#8220;4.20.4&#8243; _module_preset=&#8220;default&#8220; global_colors_info=&#8220;{}&#8220; theme_builder_area=&#8220;post_content&#8220;][et_pb_menu menu_id=&#8220;263&#8243; menu_style=&#8220;centered&#8220; active_link_color=&#8220;#ef7f19&#8243; dropdown_menu_active_link_color=&#8220;#ef7f19&#8243; module_id=&#8220;menu_products&#8220; _builder_version=&#8220;4.20.4&#8243; _module_preset=&#8220;default&#8220; menu_font=&#8220;Bebas Neue|||on|||||&#8220; menu_text_color=&#8220;#000000&#8243; menu_font_size=&#8220;40px&#8220; custom_margin=&#8220;||||false|false&#8220; custom_padding=&#8220;10px||||false|false&#8220; global_colors_info=&#8220;{}&#8220; theme_builder_area=&#8220;post_content&#8220;][\/et_pb_menu][et_pb_code disabled_on=&#8220;off|off|on&#8220; [&hellip;]<\/p>\n","protected":false},"author":4,"featured_media":0,"parent":0,"menu_order":0,"comment_status":"closed","ping_status":"closed","template":"","meta":{"_acf_changed":false,"footnotes":""},"class_list":["post-5111","page","type-page","status-publish","hentry"],"acf":[],"yoast_head":"<!-- This site is optimized with the Yoast SEO plugin v27.2 - https:\/\/yoast.com\/product\/yoast-seo-wordpress\/ -->\n<title>Vertriebsh\u00e4ndler f\u00fcr Premium-Milchshakes | Zumit<\/title>\n<meta name=\"description\" content=\"Zumit ist Ihr Lieferant f\u00fcr Premium-Milchshakes. Entdecken Sie unsere Rezepte mit Vanilleeis Basis, perfekt f\u00fcr Horeca \ud83c\udf6b Kontaktieren Sie uns f\u00fcr weitere Informationen!\" \/>\n<meta name=\"robots\" content=\"index, follow, max-snippet:-1, max-image-preview:large, max-video-preview:-1\" \/>\n<link rel=\"canonical\" href=\"https:\/\/zumit.es\/de\/milkshakes\/\" \/>\n<meta property=\"og:locale\" content=\"de_DE\" \/>\n<meta property=\"og:type\" content=\"article\" \/>\n<meta property=\"og:title\" content=\"Vertriebsh\u00e4ndler f\u00fcr Premium-Milchshakes | Zumit\" \/>\n<meta property=\"og:description\" content=\"Zumit ist Ihr Lieferant f\u00fcr Premium-Milchshakes. Entdecken Sie unsere Rezepte mit Vanilleeis Basis, perfekt f\u00fcr Horeca \ud83c\udf6b Kontaktieren Sie uns f\u00fcr weitere Informationen!\" \/>\n<meta property=\"og:url\" content=\"https:\/\/zumit.es\/de\/milkshakes\/\" \/>\n<meta property=\"og:site_name\" content=\"Zumit\" \/>\n<meta property=\"article:modified_time\" content=\"2025-07-11T10:27:57+00:00\" \/>\n<meta name=\"twitter:card\" content=\"summary_large_image\" \/>\n<meta name=\"twitter:label1\" content=\"Gesch\u00e4tzte Lesezeit\" \/>\n\t<meta name=\"twitter:data1\" content=\"5\u00a0Minuten\" \/>\n<script type=\"application\/ld+json\" class=\"yoast-schema-graph\">{\"@context\":\"https:\/\/schema.org\",\"@graph\":[{\"@type\":\"WebPage\",\"@id\":\"https:\/\/zumit.es\/de\/milkshakes\/\",\"url\":\"https:\/\/zumit.es\/de\/milkshakes\/\",\"name\":\"Vertriebsh\u00e4ndler f\u00fcr Premium-Milchshakes | Zumit\",\"isPartOf\":{\"@id\":\"https:\/\/zumit.it\/#website\"},\"datePublished\":\"2024-02-06T10:56:17+00:00\",\"dateModified\":\"2025-07-11T10:27:57+00:00\",\"description\":\"Zumit ist Ihr Lieferant f\u00fcr Premium-Milchshakes. Entdecken Sie unsere Rezepte mit Vanilleeis Basis, perfekt f\u00fcr Horeca \ud83c\udf6b Kontaktieren Sie uns f\u00fcr weitere Informationen!\",\"breadcrumb\":{\"@id\":\"https:\/\/zumit.es\/de\/milkshakes\/#breadcrumb\"},\"inLanguage\":\"de\",\"potentialAction\":[{\"@type\":\"ReadAction\",\"target\":[\"https:\/\/zumit.es\/de\/milkshakes\/\"]}]},{\"@type\":\"BreadcrumbList\",\"@id\":\"https:\/\/zumit.es\/de\/milkshakes\/#breadcrumb\",\"itemListElement\":[{\"@type\":\"ListItem\",\"position\":1,\"name\":\"Hauptseite\",\"item\":\"https:\/\/zumit.de\/\"},{\"@type\":\"ListItem\",\"position\":2,\"name\":\"Milkshakes\"}]},{\"@type\":\"WebSite\",\"@id\":\"https:\/\/zumit.it\/#website\",\"url\":\"https:\/\/zumit.it\/\",\"name\":\"Zumit\",\"description\":\"Fabricante y Proveedor de Smoothies, Zumos, Fruta IQF\",\"publisher\":{\"@id\":\"https:\/\/zumit.it\/#organization\"},\"potentialAction\":[{\"@type\":\"SearchAction\",\"target\":{\"@type\":\"EntryPoint\",\"urlTemplate\":\"https:\/\/zumit.it\/?s={search_term_string}\"},\"query-input\":{\"@type\":\"PropertyValueSpecification\",\"valueRequired\":true,\"valueName\":\"search_term_string\"}}],\"inLanguage\":\"de\"},{\"@type\":\"Organization\",\"@id\":\"https:\/\/zumit.it\/#organization\",\"name\":\"Zumit\",\"url\":\"https:\/\/zumit.it\/\",\"logo\":{\"@type\":\"ImageObject\",\"inLanguage\":\"de\",\"@id\":\"https:\/\/zumit.it\/#\/schema\/logo\/image\/\",\"url\":\"https:\/\/zumit.es\/wp-content\/uploads\/Logos_Zumit_Gris-principal-1-1.png\",\"contentUrl\":\"https:\/\/zumit.es\/wp-content\/uploads\/Logos_Zumit_Gris-principal-1-1.png\",\"width\":400,\"height\":167,\"caption\":\"Zumit\"},\"image\":{\"@id\":\"https:\/\/zumit.it\/#\/schema\/logo\/image\/\"}}]}<\/script>\n<!-- \/ Yoast SEO plugin. -->","yoast_head_json":{"title":"Vertriebsh\u00e4ndler f\u00fcr Premium-Milchshakes | Zumit","description":"Zumit ist Ihr Lieferant f\u00fcr Premium-Milchshakes. Entdecken Sie unsere Rezepte mit Vanilleeis Basis, perfekt f\u00fcr Horeca \ud83c\udf6b Kontaktieren Sie uns f\u00fcr weitere Informationen!","robots":{"index":"index","follow":"follow","max-snippet":"max-snippet:-1","max-image-preview":"max-image-preview:large","max-video-preview":"max-video-preview:-1"},"canonical":"https:\/\/zumit.es\/de\/milkshakes\/","og_locale":"de_DE","og_type":"article","og_title":"Vertriebsh\u00e4ndler f\u00fcr Premium-Milchshakes | Zumit","og_description":"Zumit ist Ihr Lieferant f\u00fcr Premium-Milchshakes. Entdecken Sie unsere Rezepte mit Vanilleeis Basis, perfekt f\u00fcr Horeca \ud83c\udf6b Kontaktieren Sie uns f\u00fcr weitere Informationen!","og_url":"https:\/\/zumit.es\/de\/milkshakes\/","og_site_name":"Zumit","article_modified_time":"2025-07-11T10:27:57+00:00","twitter_card":"summary_large_image","twitter_misc":{"Gesch\u00e4tzte Lesezeit":"5\u00a0Minuten"},"schema":{"@context":"https:\/\/schema.org","@graph":[{"@type":"WebPage","@id":"https:\/\/zumit.es\/de\/milkshakes\/","url":"https:\/\/zumit.es\/de\/milkshakes\/","name":"Vertriebsh\u00e4ndler f\u00fcr Premium-Milchshakes | Zumit","isPartOf":{"@id":"https:\/\/zumit.it\/#website"},"datePublished":"2024-02-06T10:56:17+00:00","dateModified":"2025-07-11T10:27:57+00:00","description":"Zumit ist Ihr Lieferant f\u00fcr Premium-Milchshakes. Entdecken Sie unsere Rezepte mit Vanilleeis Basis, perfekt f\u00fcr Horeca \ud83c\udf6b Kontaktieren Sie uns f\u00fcr weitere Informationen!","breadcrumb":{"@id":"https:\/\/zumit.es\/de\/milkshakes\/#breadcrumb"},"inLanguage":"de","potentialAction":[{"@type":"ReadAction","target":["https:\/\/zumit.es\/de\/milkshakes\/"]}]},{"@type":"BreadcrumbList","@id":"https:\/\/zumit.es\/de\/milkshakes\/#breadcrumb","itemListElement":[{"@type":"ListItem","position":1,"name":"Hauptseite","item":"https:\/\/zumit.de\/"},{"@type":"ListItem","position":2,"name":"Milkshakes"}]},{"@type":"WebSite","@id":"https:\/\/zumit.it\/#website","url":"https:\/\/zumit.it\/","name":"Zumit","description":"Fabricante y Proveedor de Smoothies, Zumos, Fruta IQF","publisher":{"@id":"https:\/\/zumit.it\/#organization"},"potentialAction":[{"@type":"SearchAction","target":{"@type":"EntryPoint","urlTemplate":"https:\/\/zumit.it\/?s={search_term_string}"},"query-input":{"@type":"PropertyValueSpecification","valueRequired":true,"valueName":"search_term_string"}}],"inLanguage":"de"},{"@type":"Organization","@id":"https:\/\/zumit.it\/#organization","name":"Zumit","url":"https:\/\/zumit.it\/","logo":{"@type":"ImageObject","inLanguage":"de","@id":"https:\/\/zumit.it\/#\/schema\/logo\/image\/","url":"https:\/\/zumit.es\/wp-content\/uploads\/Logos_Zumit_Gris-principal-1-1.png","contentUrl":"https:\/\/zumit.es\/wp-content\/uploads\/Logos_Zumit_Gris-principal-1-1.png","width":400,"height":167,"caption":"Zumit"},"image":{"@id":"https:\/\/zumit.it\/#\/schema\/logo\/image\/"}}]}},"_links":{"self":[{"href":"https:\/\/zumit.es\/de\/wp-json\/wp\/v2\/pages\/5111","targetHints":{"allow":["GET"]}}],"collection":[{"href":"https:\/\/zumit.es\/de\/wp-json\/wp\/v2\/pages"}],"about":[{"href":"https:\/\/zumit.es\/de\/wp-json\/wp\/v2\/types\/page"}],"author":[{"embeddable":true,"href":"https:\/\/zumit.es\/de\/wp-json\/wp\/v2\/users\/4"}],"replies":[{"embeddable":true,"href":"https:\/\/zumit.es\/de\/wp-json\/wp\/v2\/comments?post=5111"}],"version-history":[{"count":4,"href":"https:\/\/zumit.es\/de\/wp-json\/wp\/v2\/pages\/5111\/revisions"}],"predecessor-version":[{"id":17933,"href":"https:\/\/zumit.es\/de\/wp-json\/wp\/v2\/pages\/5111\/revisions\/17933"}],"wp:attachment":[{"href":"https:\/\/zumit.es\/de\/wp-json\/wp\/v2\/media?parent=5111"}],"curies":[{"name":"wp","href":"https:\/\/api.w.org\/{rel}","templated":true}]}}