{"id":5074,"date":"2024-02-06T11:45:41","date_gmt":"2024-02-06T10:45:41","guid":{"rendered":"https:\/\/zumit.es\/smoothies\/"},"modified":"2025-07-09T12:39:25","modified_gmt":"2025-07-09T10:39:25","slug":"smoothies","status":"publish","type":"page","link":"https:\/\/zumit.es\/de\/smoothies\/","title":{"rendered":"Smoothies"},"content":{"rendered":"<p>[et_pb_section fb_built=&#8220;1&#8243; _builder_version=&#8220;4.20.4&#8243; _module_preset=&#8220;default&#8220; custom_margin=&#8220;0px||||false|false&#8220; custom_padding=&#8220;0px||||false|false&#8220; locked=&#8220;off&#8220; global_colors_info=&#8220;{}&#8220; theme_builder_area=&#8220;post_content&#8220;][et_pb_row _builder_version=&#8220;4.20.4&#8243; _module_preset=&#8220;default&#8220; width=&#8220;100%&#8220; max_width=&#8220;2560px&#8220; custom_margin=&#8220;0px||0px||false|false&#8220; custom_padding=&#8220;0px||0px||false|false&#8220; global_colors_info=&#8220;{}&#8220; theme_builder_area=&#8220;post_content&#8220;][et_pb_column type=&#8220;4_4&#8243; _builder_version=&#8220;4.20.4&#8243; _module_preset=&#8220;default&#8220; global_colors_info=&#8220;{}&#8220; theme_builder_area=&#8220;post_content&#8220;][et_pb_code _builder_version=&#8220;4.27.4&#8243; _module_preset=&#8220;default&#8220; global_colors_info=&#8220;{}&#8220; theme_builder_area=&#8220;post_content&#8220;][translated_slider][\/et_pb_code][\/et_pb_column][\/et_pb_row][et_pb_row _builder_version=&#8220;4.20.4&#8243; _module_preset=&#8220;default&#8220; width=&#8220;100%&#8220; max_width=&#8220;2560px&#8220; custom_margin=&#8220;||||false|false&#8220; custom_padding=&#8220;||||false|false&#8220; global_colors_info=&#8220;{}&#8220; theme_builder_area=&#8220;post_content&#8220;][et_pb_column type=&#8220;4_4&#8243; _builder_version=&#8220;4.20.4&#8243; _module_preset=&#8220;default&#8220; global_colors_info=&#8220;{}&#8220; theme_builder_area=&#8220;post_content&#8220;][et_pb_menu menu_id=&#8220;263&#8243; menu_style=&#8220;centered&#8220; active_link_color=&#8220;#ef7f19&#8243; dropdown_menu_active_link_color=&#8220;#ef7f19&#8243; module_id=&#8220;menu_products&#8220; _builder_version=&#8220;4.20.4&#8243; _module_preset=&#8220;default&#8220; menu_font=&#8220;Bebas Neue|||on|||||&#8220; menu_text_color=&#8220;#000000&#8243; menu_font_size=&#8220;40px&#8220; custom_margin=&#8220;||||false|false&#8220; custom_padding=&#8220;10px||||false|false&#8220; global_colors_info=&#8220;{}&#8220; theme_builder_area=&#8220;post_content&#8220;][\/et_pb_menu][et_pb_code disabled_on=&#8220;off|off|on&#8220; _builder_version=&#8220;4.20.4&#8243; _module_preset=&#8220;default&#8220; global_colors_info=&#8220;{}&#8220; theme_builder_area=&#8220;post_content&#8220;]<\/p>\n<style><!-- [et_pb_line_break_holder] -->  #page-container #menu_products .et_pb_menu__menu {<!-- [et_pb_line_break_holder] -->    display:flex;<!-- [et_pb_line_break_holder] -->  }<!-- [et_pb_line_break_holder] -->  <!-- [et_pb_line_break_holder] -->  #page-container #menu_products .et_mobile_nav_menu{<!-- [et_pb_line_break_holder] -->    display:none;<!-- [et_pb_line_break_holder] -->  }<!-- [et_pb_line_break_holder] -->  <!-- [et_pb_line_break_holder] -->@media only screen and (max-width : 400px) {<!-- [et_pb_line_break_holder] -->    #page-container #menu_products .et_pb_menu__menu ul li a{<!-- [et_pb_line_break_holder] -->    font-size: 25px;<!-- [et_pb_line_break_holder] -->  }<!-- [et_pb_line_break_holder] -->  }<!-- [et_pb_line_break_holder] -->  <!-- [et_pb_line_break_holder] -->  <!-- [et_pb_line_break_holder] -->  @media only screen and (max-width : 600px) {<!-- [et_pb_line_break_holder] -->    #page-container #menu_products .et_pb_menu__menu ul li a{<!-- [et_pb_line_break_holder] -->    font-size: 30px;<!-- [et_pb_line_break_holder] -->  }<!-- [et_pb_line_break_holder] -->  }<!-- [et_pb_line_break_holder] --><!-- [et_pb_line_break_holder] --><\/style>\n<p>[\/et_pb_code][et_pb_divider color=&#8220;#df9a2b&#8220; divider_weight=&#8220;5px&#8220; _builder_version=&#8220;4.20.4&#8243; _module_preset=&#8220;default&#8220; custom_margin=&#8220;||||false|false&#8220; custom_padding=&#8220;||||false|false&#8220; global_colors_info=&#8220;{}&#8220; theme_builder_area=&#8220;post_content&#8220;][\/et_pb_divider][\/et_pb_column][\/et_pb_row][et_pb_row _builder_version=&#8220;4.20.4&#8243; _module_preset=&#8220;default&#8220; global_colors_info=&#8220;{}&#8220; theme_builder_area=&#8220;post_content&#8220;][et_pb_column type=&#8220;4_4&#8243; _builder_version=&#8220;4.20.4&#8243; _module_preset=&#8220;default&#8220; global_colors_info=&#8220;{}&#8220; theme_builder_area=&#8220;post_content&#8220;][et_pb_text _builder_version=&#8220;4.27.2&#8243; _module_preset=&#8220;default&#8220; text_font=&#8220;Roca One||||||||&#8220; text_font_size=&#8220;19px&#8220; header_font=&#8220;AmaticSC Regular|700|||||||&#8220; header_font_size=&#8220;50px&#8220; text_orientation=&#8220;center&#8220; global_colors_info=&#8220;%91%93&#8243; theme_builder_area=&#8220;post_content&#8220;]<\/p>\n<h1 style=\"text-align: center;\">Smoothies 100 % nat\u00fcrlich<\/h1>\n<p>&nbsp;<\/p>\n<p>Unsere Portionsbeutel von <strong>smoothies<\/strong> enthalten 150 Gramm nat\u00fcrlich gefrorenes Obst und Gem\u00fcse mit der IQF-Methode. Sie m\u00fcssen nur 250 ml Apfelsaft, den Inhalt des Zumit-Beutels, hinzuf\u00fcgen und 30 Sekunden lang p\u00fcrieren. <\/p>\n<p>[\/et_pb_text][\/et_pb_column][\/et_pb_row][et_pb_row _builder_version=&#8220;4.20.4&#8243; _module_preset=&#8220;default&#8220; max_width=&#8220;2560px&#8220; global_colors_info=&#8220;{}&#8220; theme_builder_area=&#8220;post_content&#8220;][et_pb_column type=&#8220;4_4&#8243; _builder_version=&#8220;4.20.4&#8243; _module_preset=&#8220;default&#8220; global_colors_info=&#8220;{}&#8220; theme_builder_area=&#8220;post_content&#8220;][et_pb_shop type=&#8220;product_category&#8220; posts_number=&#8220;15&#8243; show_pagination=&#8220;on&#8220; include_categories=&#8220;255&#8243; columns_number=&#8220;3&#8243; icon_hover_color=&#8220;RGBA(255,255,255,0)&#8220; hover_overlay_color=&#8220;RGBA(255,255,255,0)&#8220; show_price=&#8220;off&#8220; module_class=&#8220;smoothie-products-class&#8220; _builder_version=&#8220;4.27.4&#8243; _module_preset=&#8220;default&#8220; title_font=&#8220;Bebas Neue|||on|||||&#8220; title_text_align=&#8220;center&#8220; title_font_size=&#8220;32px&#8220; price_font=&#8220;Roca One||||||||&#8220; price_text_align=&#8220;right&#8220; price_text_color=&#8220;#000000&#8243; price_font_size=&#8220;24px&#8220; sale_badge_font=&#8220;Roca One||||||||&#8220; sale_badge_text_color=&#8220;#000000&#8243; sale_badge_font_size=&#8220;24px&#8220; global_colors_info=&#8220;{}&#8220; theme_builder_area=&#8220;post_content&#8220;][\/et_pb_shop][et_pb_code _builder_version=&#8220;4.20.4&#8243; _module_preset=&#8220;default&#8220; global_colors_info=&#8220;{}&#8220; theme_builder_area=&#8220;post_content&#8220;]<\/p>\n<style><!-- [et_pb_line_break_holder] -->  #page-container .page-numbers{<!-- [et_pb_line_break_holder] -->    border: 0px;<!-- [et_pb_line_break_holder] -->  }<!-- [et_pb_line_break_holder] -->  #page-container .page-numbers li{<!-- [et_pb_line_break_holder] -->    border-right : 0px;<!-- [et_pb_line_break_holder] -->    margin-right : 5px;<!-- [et_pb_line_break_holder] -->  }<!-- [et_pb_line_break_holder] -->#page-container .page-numbers li a<!-- [et_pb_line_break_holder] --> {<!-- [et_pb_line_break_holder] -->\tborder-radius: 50%;<!-- [et_pb_line_break_holder] -->\tpadding: 6px 15px 6px 15px;<!-- [et_pb_line_break_holder] -->\tborder: 1px solid #FF9028!important;<!-- [et_pb_line_break_holder] -->  color: #FF9028;<!-- [et_pb_line_break_holder] -->  font-family: 'Bebas Neue',Helvetica,Arial,Lucida,sans-serif;<!-- [et_pb_line_break_holder] -->  font-size: 30px;<!-- [et_pb_line_break_holder] -->  font-weight: bold;<!-- [et_pb_line_break_holder] -->}<!-- [et_pb_line_break_holder] -->  #page-container .page-numbers span.current{<!-- [et_pb_line_break_holder] -->    <!-- [et_pb_line_break_holder] -->    border-radius: 50%;<!-- [et_pb_line_break_holder] -->\tpadding: 6px 15px 6px 15px;<!-- [et_pb_line_break_holder] -->\tborder: 1px solid #FF9028!important;<!-- [et_pb_line_break_holder] -->  color: white;<!-- [et_pb_line_break_holder] -->  font-family: 'Bebas Neue',Helvetica,Arial,Lucida,sans-serif;<!-- [et_pb_line_break_holder] -->  font-size: 30px;<!-- [et_pb_line_break_holder] -->  font-weight: bold;<!-- [et_pb_line_break_holder] -->    background: #FF9028;<!-- [et_pb_line_break_holder] -->  }<!-- [et_pb_line_break_holder] -->  <!-- [et_pb_line_break_holder] -->  #page-container .woocommerce .woocommerce-ordering,#page-container .woocommerce .woocommerce-result-count{<!-- [et_pb_line_break_holder] -->    display:none;<!-- [et_pb_line_break_holder] -->  }<!-- [et_pb_line_break_holder] -->  <!-- [et_pb_line_break_holder] -->  #page-container .woocommerce .dcms-item-custom-field{<!-- [et_pb_line_break_holder] -->    font-family: \"Roca One\";<!-- [et_pb_line_break_holder] -->    color: grey;<!-- [et_pb_line_break_holder] -->    font-size: 20px;<!-- [et_pb_line_break_holder] -->    text-align:center;<!-- [et_pb_line_break_holder] -->  }<!-- [et_pb_line_break_holder] -->  <!-- [et_pb_line_break_holder] -->  <!-- [et_pb_line_break_holder] -->  <!-- [et_pb_line_break_holder] -->    <!-- [et_pb_line_break_holder] -->  #page-container .product .woocommerce-result-count {<!-- [et_pb_line_break_holder] -->  display: none;<!-- [et_pb_line_break_holder] -->}<!-- [et_pb_line_break_holder] -->#page-container .product .woocommerce-ordering{<!-- [et_pb_line_break_holder] -->  display: none;<!-- [et_pb_line_break_holder] -->}<!-- [et_pb_line_break_holder] -->#page-container .product .dcms-item-custom-field {<!-- [et_pb_line_break_holder] -->  color: grey;<!-- [et_pb_line_break_holder] -->    font-family: 'Roca One';<!-- [et_pb_line_break_holder] -->    font-size: 20px;<!-- [et_pb_line_break_holder] -->    text-align: center;<!-- [et_pb_line_break_holder] -->}<!-- [et_pb_line_break_holder] -->  <!-- [et_pb_line_break_holder] -->  @media screen and (max-width:768px){<!-- [et_pb_line_break_holder] -->    #page-container .product .dcms-item-custom-field {<!-- [et_pb_line_break_holder] -->  color: grey;<!-- [et_pb_line_break_holder] -->    font-family: 'Roca One';<!-- [et_pb_line_break_holder] -->    font-size: 16px;<!-- [et_pb_line_break_holder] -->    text-align: center;<!-- [et_pb_line_break_holder] -->}<!-- [et_pb_line_break_holder] -->  }<!-- [et_pb_line_break_holder] -->  <!-- [et_pb_line_break_holder] -->  <!-- [et_pb_line_break_holder] -->  <!-- [et_pb_line_break_holder] --><\/style>\n<p><!-- [et_pb_line_break_holder] --><!-- [et_pb_line_break_holder] --><script><!-- [et_pb_line_break_holder] -->window.addEventListener('load',function(){<!-- [et_pb_line_break_holder] -->\tlet arrow1 = document.querySelector(\"#page-container .page-numbers li .next\");<!-- [et_pb_line_break_holder] -->  if(arrow1){<!-- [et_pb_line_break_holder] -->  arrow1.innerHTML = \" \u203a\";<!-- [et_pb_line_break_holder] -->\tarrow1.style.paddingLeft = \"20px\";<!-- [et_pb_line_break_holder] -->  }<!-- [et_pb_line_break_holder] -->    let arrow2 = document.querySelector(\"#page-container .page-numbers li .prev\");<!-- [et_pb_line_break_holder] -->  if(arrow2){<!-- [et_pb_line_break_holder] -->  \tarrow2.innerHTML = \"\u2039 \";<!-- [et_pb_line_break_holder] -->  \tarrow2.style.paddingRight = \"20px\";<!-- [et_pb_line_break_holder] --> }<!-- [et_pb_line_break_holder] -->  let titles = document.querySelectorAll(\"#page-container li.product h2\");<!-- [et_pb_line_break_holder] -->let colours = document.querySelectorAll('#page-container li.product div.dcms-item-custom-color');<!-- [et_pb_line_break_holder] -->if (titles.length === colours.length) {<!-- [et_pb_line_break_holder] -->  for (let i = 0; i < titles.length; i++) {    let title = titles[i];    let color = colours[i].textContent;     title.style.color = color;  }}                                               });<\/script>[\/et_pb_code][\/et_pb_column][\/et_pb_row][\/et_pb_section][et_pb_section fb_built=\"1\" _builder_version=\"4.20.4\" _module_preset=\"default\" locked=\"off\" global_colors_info=\"{}\" theme_builder_area=\"post_content\"][et_pb_row _builder_version=\"4.20.4\" _module_preset=\"default\" width=\"85%\" max_width=\"2560px\" global_colors_info=\"{}\" theme_builder_area=\"post_content\"][et_pb_column type=\"4_4\" _builder_version=\"4.20.4\" _module_preset=\"default\" custom_css_main_element=\"display:flex;||justify-content: center;\" global_colors_info=\"{}\" theme_builder_area=\"post_content\"][et_pb_text _builder_version=\"4.20.4\" _module_preset=\"default\" text_font=\"Roca One||||||||\" text_font_size=\"18px\" text_orientation=\"center\" width=\"70%\" max_width=\"70%\" global_colors_info=\"%91%93\" theme_builder_area=\"post_content\"]<\/p>\n<div style=\"font-family: 'Amatic SC'; font-size: 60px; line-height: 2em; font-weight: 600;\">SMOOTHIES DETOX &amp; GESUND<\/div>\n<p>\u00bfSie sind bereit f\u00fcr eine Reise zu einem ges\u00fcnderen und energiegeladeneren Leben?<\/p>\n<p>Wir von Zumit freuen uns, Sie auf diesem Weg begleiten zu d\u00fcrfen. Wir sind Experten in der Herstellung von gesunden und entgiftenden smoothies. <\/p>\n<p>Aber was macht uns anders? Ich werde es Ihnen erz\u00e4hlen. Hier bei Zumit verkaufen wir nicht nur smoothies, wir sind die Sch\u00f6pfer. Ja, wir stellen unsere eigenen smoothies von Grund auf her.  Warum? Weil wir darauf achten, was in jedes Glas kommt.<\/p>\n<p>Wir verstehen, dass ein smoothie mehr als ein Snack oder eine Erg\u00e4nzung zu einer Mahlzeit ist; es ist eine M\u00f6glichkeit, Ihren K\u00f6rper zu n\u00e4hren, ihm das zu geben, was er braucht, um optimal zu funktionieren. Wir sind begeistert von der Idee, dass \"gesund\" und \"k\u00f6stlich\" in ein und demselben Glas koexistieren k\u00f6nnen. Deshalb sind unsere gesunden smoothies voll von frischen Fr\u00fcchten, n\u00e4hrstoffreichem Gem\u00fcse und potenten Superfoods.  <\/p>\n<p>Sie sind schmackhaft, nat\u00fcrlich und so konzipiert, dass sie Ihnen einen Energieschub geben und Ihnen helfen, sich gut zu f\u00fchlen. Aber wir haben noch mehr zu bieten. Wir wissen, dass wir alle manchmal einen Reset brauchen, eine M\u00f6glichkeit, unseren K\u00f6rper von Giftstoffen zu befreien und ihm eine Pause zu g\u00f6nnen. Hier kommen unsere smoothies Detox ins Spiel.  <\/p>\n<p>Sorgf\u00e4ltig formuliert mit Inhaltsstoffen, die die nat\u00fcrliche Entgiftung des K\u00f6rpers unterst\u00fctzen, sind unsere smoothies Detox der perfekte Begleiter f\u00fcr Ihre Reise zu einem ges\u00fcnderen Leben.<\/p>\n<p>[\/et_pb_text][\/et_pb_column][\/et_pb_row][\/et_pb_section]<\/p>\n","protected":false},"excerpt":{"rendered":"<p>[et_pb_section fb_built=&#8220;1&#8243; _builder_version=&#8220;4.20.4&#8243; _module_preset=&#8220;default&#8220; custom_margin=&#8220;0px||||false|false&#8220; custom_padding=&#8220;0px||||false|false&#8220; locked=&#8220;off&#8220; global_colors_info=&#8220;{}&#8220; theme_builder_area=&#8220;post_content&#8220;][et_pb_row _builder_version=&#8220;4.20.4&#8243; _module_preset=&#8220;default&#8220; width=&#8220;100%&#8220; max_width=&#8220;2560px&#8220; custom_margin=&#8220;0px||0px||false|false&#8220; custom_padding=&#8220;0px||0px||false|false&#8220; global_colors_info=&#8220;{}&#8220; theme_builder_area=&#8220;post_content&#8220;][et_pb_column type=&#8220;4_4&#8243; _builder_version=&#8220;4.20.4&#8243; _module_preset=&#8220;default&#8220; global_colors_info=&#8220;{}&#8220; theme_builder_area=&#8220;post_content&#8220;][et_pb_code _builder_version=&#8220;4.27.4&#8243; _module_preset=&#8220;default&#8220; global_colors_info=&#8220;{}&#8220; theme_builder_area=&#8220;post_content&#8220;][translated_slider][\/et_pb_code][\/et_pb_column][\/et_pb_row][et_pb_row _builder_version=&#8220;4.20.4&#8243; _module_preset=&#8220;default&#8220; width=&#8220;100%&#8220; max_width=&#8220;2560px&#8220; custom_margin=&#8220;||||false|false&#8220; custom_padding=&#8220;||||false|false&#8220; global_colors_info=&#8220;{}&#8220; theme_builder_area=&#8220;post_content&#8220;][et_pb_column type=&#8220;4_4&#8243; _builder_version=&#8220;4.20.4&#8243; _module_preset=&#8220;default&#8220; global_colors_info=&#8220;{}&#8220; theme_builder_area=&#8220;post_content&#8220;][et_pb_menu menu_id=&#8220;263&#8243; menu_style=&#8220;centered&#8220; active_link_color=&#8220;#ef7f19&#8243; dropdown_menu_active_link_color=&#8220;#ef7f19&#8243; module_id=&#8220;menu_products&#8220; _builder_version=&#8220;4.20.4&#8243; _module_preset=&#8220;default&#8220; menu_font=&#8220;Bebas Neue|||on|||||&#8220; menu_text_color=&#8220;#000000&#8243; menu_font_size=&#8220;40px&#8220; custom_margin=&#8220;||||false|false&#8220; custom_padding=&#8220;10px||||false|false&#8220; global_colors_info=&#8220;{}&#8220; theme_builder_area=&#8220;post_content&#8220;][\/et_pb_menu][et_pb_code disabled_on=&#8220;off|off|on&#8220; [&hellip;]<\/p>\n","protected":false},"author":4,"featured_media":0,"parent":0,"menu_order":0,"comment_status":"closed","ping_status":"closed","template":"","meta":{"_acf_changed":false,"footnotes":""},"class_list":["post-5074","page","type-page","status-publish","hentry"],"acf":[],"yoast_head":"<!-- This site is optimized with the Yoast SEO plugin v27.2 - https:\/\/yoast.com\/product\/yoast-seo-wordpress\/ -->\n<title>100% nat\u00fcrliche und leckere Smoothies | Zumit<\/title>\n<meta name=\"description\" content=\"Smoothies aus 100% nat\u00fcrlichen, tiefgefrorenen Fr\u00fcchten. Perfekt f\u00fcr Horeca und Einzelhandel \ud83e\udd6d Entdecken Sie unsere einzigartigen Geschmacksrichtungen und verbessern Sie Ihr Angebot.\" \/>\n<meta name=\"robots\" content=\"index, follow, max-snippet:-1, max-image-preview:large, max-video-preview:-1\" \/>\n<link rel=\"canonical\" href=\"https:\/\/zumit.es\/de\/smoothies\/\" \/>\n<meta property=\"og:locale\" content=\"de_DE\" \/>\n<meta property=\"og:type\" content=\"article\" \/>\n<meta property=\"og:title\" content=\"100% nat\u00fcrliche und leckere Smoothies | Zumit\" \/>\n<meta property=\"og:description\" content=\"Smoothies aus 100% nat\u00fcrlichen, tiefgefrorenen Fr\u00fcchten. Perfekt f\u00fcr Horeca und Einzelhandel \ud83e\udd6d Entdecken Sie unsere einzigartigen Geschmacksrichtungen und verbessern Sie Ihr Angebot.\" \/>\n<meta property=\"og:url\" content=\"https:\/\/zumit.es\/de\/smoothies\/\" \/>\n<meta property=\"og:site_name\" content=\"Zumit\" \/>\n<meta property=\"article:modified_time\" content=\"2025-07-09T10:39:25+00:00\" \/>\n<meta name=\"twitter:card\" content=\"summary_large_image\" \/>\n<meta name=\"twitter:label1\" content=\"Gesch\u00e4tzte Lesezeit\" \/>\n\t<meta name=\"twitter:data1\" content=\"5\u00a0Minuten\" \/>\n<script type=\"application\/ld+json\" class=\"yoast-schema-graph\">{\"@context\":\"https:\/\/schema.org\",\"@graph\":[{\"@type\":\"WebPage\",\"@id\":\"https:\/\/zumit.es\/de\/smoothies\/\",\"url\":\"https:\/\/zumit.es\/de\/smoothies\/\",\"name\":\"100% nat\u00fcrliche und leckere Smoothies | Zumit\",\"isPartOf\":{\"@id\":\"https:\/\/zumit.it\/#website\"},\"datePublished\":\"2024-02-06T10:45:41+00:00\",\"dateModified\":\"2025-07-09T10:39:25+00:00\",\"description\":\"Smoothies aus 100% nat\u00fcrlichen, tiefgefrorenen Fr\u00fcchten. Perfekt f\u00fcr Horeca und Einzelhandel \ud83e\udd6d Entdecken Sie unsere einzigartigen Geschmacksrichtungen und verbessern Sie Ihr Angebot.\",\"breadcrumb\":{\"@id\":\"https:\/\/zumit.es\/de\/smoothies\/#breadcrumb\"},\"inLanguage\":\"de\",\"potentialAction\":[{\"@type\":\"ReadAction\",\"target\":[\"https:\/\/zumit.es\/de\/smoothies\/\"]}]},{\"@type\":\"BreadcrumbList\",\"@id\":\"https:\/\/zumit.es\/de\/smoothies\/#breadcrumb\",\"itemListElement\":[{\"@type\":\"ListItem\",\"position\":1,\"name\":\"Hauptseite\",\"item\":\"https:\/\/zumit.de\/\"},{\"@type\":\"ListItem\",\"position\":2,\"name\":\"Smoothies\"}]},{\"@type\":\"WebSite\",\"@id\":\"https:\/\/zumit.it\/#website\",\"url\":\"https:\/\/zumit.it\/\",\"name\":\"Zumit\",\"description\":\"Fabricante y Proveedor de Smoothies, Zumos, Fruta IQF\",\"publisher\":{\"@id\":\"https:\/\/zumit.it\/#organization\"},\"potentialAction\":[{\"@type\":\"SearchAction\",\"target\":{\"@type\":\"EntryPoint\",\"urlTemplate\":\"https:\/\/zumit.it\/?s={search_term_string}\"},\"query-input\":{\"@type\":\"PropertyValueSpecification\",\"valueRequired\":true,\"valueName\":\"search_term_string\"}}],\"inLanguage\":\"de\"},{\"@type\":\"Organization\",\"@id\":\"https:\/\/zumit.it\/#organization\",\"name\":\"Zumit\",\"url\":\"https:\/\/zumit.it\/\",\"logo\":{\"@type\":\"ImageObject\",\"inLanguage\":\"de\",\"@id\":\"https:\/\/zumit.it\/#\/schema\/logo\/image\/\",\"url\":\"https:\/\/zumit.es\/wp-content\/uploads\/Logos_Zumit_Gris-principal-1-1.png\",\"contentUrl\":\"https:\/\/zumit.es\/wp-content\/uploads\/Logos_Zumit_Gris-principal-1-1.png\",\"width\":400,\"height\":167,\"caption\":\"Zumit\"},\"image\":{\"@id\":\"https:\/\/zumit.it\/#\/schema\/logo\/image\/\"}}]}<\/script>\n<!-- \/ Yoast SEO plugin. -->","yoast_head_json":{"title":"100% nat\u00fcrliche und leckere Smoothies | Zumit","description":"Smoothies aus 100% nat\u00fcrlichen, tiefgefrorenen Fr\u00fcchten. Perfekt f\u00fcr Horeca und Einzelhandel \ud83e\udd6d Entdecken Sie unsere einzigartigen Geschmacksrichtungen und verbessern Sie Ihr Angebot.","robots":{"index":"index","follow":"follow","max-snippet":"max-snippet:-1","max-image-preview":"max-image-preview:large","max-video-preview":"max-video-preview:-1"},"canonical":"https:\/\/zumit.es\/de\/smoothies\/","og_locale":"de_DE","og_type":"article","og_title":"100% nat\u00fcrliche und leckere Smoothies | Zumit","og_description":"Smoothies aus 100% nat\u00fcrlichen, tiefgefrorenen Fr\u00fcchten. Perfekt f\u00fcr Horeca und Einzelhandel \ud83e\udd6d Entdecken Sie unsere einzigartigen Geschmacksrichtungen und verbessern Sie Ihr Angebot.","og_url":"https:\/\/zumit.es\/de\/smoothies\/","og_site_name":"Zumit","article_modified_time":"2025-07-09T10:39:25+00:00","twitter_card":"summary_large_image","twitter_misc":{"Gesch\u00e4tzte Lesezeit":"5\u00a0Minuten"},"schema":{"@context":"https:\/\/schema.org","@graph":[{"@type":"WebPage","@id":"https:\/\/zumit.es\/de\/smoothies\/","url":"https:\/\/zumit.es\/de\/smoothies\/","name":"100% nat\u00fcrliche und leckere Smoothies | Zumit","isPartOf":{"@id":"https:\/\/zumit.it\/#website"},"datePublished":"2024-02-06T10:45:41+00:00","dateModified":"2025-07-09T10:39:25+00:00","description":"Smoothies aus 100% nat\u00fcrlichen, tiefgefrorenen Fr\u00fcchten. Perfekt f\u00fcr Horeca und Einzelhandel \ud83e\udd6d Entdecken Sie unsere einzigartigen Geschmacksrichtungen und verbessern Sie Ihr Angebot.","breadcrumb":{"@id":"https:\/\/zumit.es\/de\/smoothies\/#breadcrumb"},"inLanguage":"de","potentialAction":[{"@type":"ReadAction","target":["https:\/\/zumit.es\/de\/smoothies\/"]}]},{"@type":"BreadcrumbList","@id":"https:\/\/zumit.es\/de\/smoothies\/#breadcrumb","itemListElement":[{"@type":"ListItem","position":1,"name":"Hauptseite","item":"https:\/\/zumit.de\/"},{"@type":"ListItem","position":2,"name":"Smoothies"}]},{"@type":"WebSite","@id":"https:\/\/zumit.it\/#website","url":"https:\/\/zumit.it\/","name":"Zumit","description":"Fabricante y Proveedor de Smoothies, Zumos, Fruta IQF","publisher":{"@id":"https:\/\/zumit.it\/#organization"},"potentialAction":[{"@type":"SearchAction","target":{"@type":"EntryPoint","urlTemplate":"https:\/\/zumit.it\/?s={search_term_string}"},"query-input":{"@type":"PropertyValueSpecification","valueRequired":true,"valueName":"search_term_string"}}],"inLanguage":"de"},{"@type":"Organization","@id":"https:\/\/zumit.it\/#organization","name":"Zumit","url":"https:\/\/zumit.it\/","logo":{"@type":"ImageObject","inLanguage":"de","@id":"https:\/\/zumit.it\/#\/schema\/logo\/image\/","url":"https:\/\/zumit.es\/wp-content\/uploads\/Logos_Zumit_Gris-principal-1-1.png","contentUrl":"https:\/\/zumit.es\/wp-content\/uploads\/Logos_Zumit_Gris-principal-1-1.png","width":400,"height":167,"caption":"Zumit"},"image":{"@id":"https:\/\/zumit.it\/#\/schema\/logo\/image\/"}}]}},"_links":{"self":[{"href":"https:\/\/zumit.es\/de\/wp-json\/wp\/v2\/pages\/5074","targetHints":{"allow":["GET"]}}],"collection":[{"href":"https:\/\/zumit.es\/de\/wp-json\/wp\/v2\/pages"}],"about":[{"href":"https:\/\/zumit.es\/de\/wp-json\/wp\/v2\/types\/page"}],"author":[{"embeddable":true,"href":"https:\/\/zumit.es\/de\/wp-json\/wp\/v2\/users\/4"}],"replies":[{"embeddable":true,"href":"https:\/\/zumit.es\/de\/wp-json\/wp\/v2\/comments?post=5074"}],"version-history":[{"count":3,"href":"https:\/\/zumit.es\/de\/wp-json\/wp\/v2\/pages\/5074\/revisions"}],"predecessor-version":[{"id":17679,"href":"https:\/\/zumit.es\/de\/wp-json\/wp\/v2\/pages\/5074\/revisions\/17679"}],"wp:attachment":[{"href":"https:\/\/zumit.es\/de\/wp-json\/wp\/v2\/media?parent=5074"}],"curies":[{"name":"wp","href":"https:\/\/api.w.org\/{rel}","templated":true}]}}