{"id":5068,"date":"2023-12-09T04:43:34","date_gmt":"2023-12-09T03:43:34","guid":{"rendered":"https:\/\/zumit.es\/quetsche-dein-leben-aus\/"},"modified":"2025-08-19T11:14:05","modified_gmt":"2025-08-19T09:14:05","slug":"quetsche-dein-leben-aus","status":"publish","type":"page","link":"https:\/\/zumit.es\/de\/quetsche-dein-leben-aus\/","title":{"rendered":"Quetsche dein Leben aus"},"content":{"rendered":"<p>[et_pb_section fb_built=&#8220;1&#8243; _builder_version=&#8220;4.20.4&#8243; _module_preset=&#8220;default&#8220; custom_padding=&#8220;0px||0px||false|false&#8220; global_colors_info=&#8220;{}&#8220;][et_pb_row _builder_version=&#8220;4.20.4&#8243; _module_preset=&#8220;default&#8220; width=&#8220;100%&#8220; max_width=&#8220;2560px&#8220; custom_padding=&#8220;0px||0px||false|false&#8220; global_colors_info=&#8220;{}&#8220;][et_pb_column type=&#8220;4_4&#8243; _builder_version=&#8220;4.20.4&#8243; _module_preset=&#8220;default&#8220; global_colors_info=&#8220;{}&#8220;][et_pb_code _builder_version=&#8220;4.27.4&#8243; _module_preset=&#8220;default&#8220; hover_enabled=&#8220;0&#8243; global_colors_info=&#8220;{}&#8220; sticky_enabled=&#8220;0&#8243;][translated_slider][\/et_pb_code][\/et_pb_column][\/et_pb_row][\/et_pb_section][et_pb_section fb_built=&#8220;1&#8243; _builder_version=&#8220;4.20.4&#8243; _module_preset=&#8220;default&#8220; global_colors_info=&#8220;{}&#8220;][et_pb_row disabled_on=&#8220;on|on|on&#8220; _builder_version=&#8220;4.20.4&#8243; _module_preset=&#8220;default&#8220; width=&#8220;90%&#8220; max_width=&#8220;2560px&#8220; disabled=&#8220;on&#8220; global_colors_info=&#8220;{}&#8220;][et_pb_column type=&#8220;4_4&#8243; _builder_version=&#8220;4.20.4&#8243; _module_preset=&#8220;default&#8220; global_colors_info=&#8220;{}&#8220;][et_pb_text _builder_version=&#8220;4.20.4&#8243; _module_preset=&#8220;default&#8220; text_font=&#8220;Bebas Neue|500||on|||||&#8220; text_text_color=&#8220;#7b7c7c&#8220; text_font_size=&#8220;22px&#8220; text_line_height=&#8220;1.8em&#8220; global_colors_info=&#8220;{}&#8220;]Wir sind die nat\u00fcrliche Getr\u00e4nkemarke f\u00fcr Menschen, die das Leben in vollen Z\u00fcgen genie\u00dfen, ohne auf etwas zu verzichten. Wir glauben, dass es m\u00f6glich ist, das Beste aus jedem Moment zu machen, ohne unsere Gesundheit zu gef\u00e4hrden. Deshalb sind unsere Getr\u00e4nke zu 100 % nat\u00fcrlich, aus 100 % echtem Obst und Gem\u00fcse, das zum optimalen Reifezeitpunkt geerntet, gewaschen, geschnitten und tiefgefroren wird, damit alle Eigenschaften erhalten bleiben. Ah! Und das ohne Konservierungsstoffe oder Chemikalien jeglicher Art.[\/et_pb_text][\/et_pb_column][\/et_pb_row][et_pb_row column_structure=&#8220;1_2,1_2&#8243; disabled_on=&#8220;on|on|off&#8220; _builder_version=&#8220;4.20.4&#8243; _module_preset=&#8220;default&#8220; background_image=&#8220;https:\/\/zumit.pt\/wp-content\/uploads\/2023\/12\/sep2.png&#8220; background_size=&#8220;contain&#8220; background_position=&#8220;bottom_left&#8220; background_vertical_offset=&#8220;5%&#8220; width=&#8220;90%&#8220; max_width=&#8220;2560px&#8220; global_colors_info=&#8220;{}&#8220;][et_pb_column type=&#8220;1_2&#8243; _builder_version=&#8220;4.20.4&#8243; _module_preset=&#8220;default&#8220; global_colors_info=&#8220;{}&#8220;][et_pb_image src=&#8220;https:\/\/zumit.pt\/wp-content\/uploads\/squeeze-your-life-es.png&#8220; alt=&#8220;Zumit-Team&#8220; title_text=&#8220;squeeze-your-life-es&#8220; align=&#8220;center&#8220; _builder_version=&#8220;4.27.4&#8243; _module_preset=&#8220;default&#8220; animation_style=&#8220;slide&#8220; global_colors_info=&#8220;{}&#8220;][\/et_pb_image][\/et_pb_column][et_pb_column type=&#8220;1_2&#8243; _builder_version=&#8220;4.20.4&#8243; _module_preset=&#8220;default&#8220; global_colors_info=&#8220;{}&#8220;][et_pb_text _builder_version=&#8220;4.20.4&#8243; _module_preset=&#8220;default&#8220; text_font=&#8220;Roca One||||||||&#8220; text_text_color=&#8220;#7b7c7c&#8220; text_font_size=&#8220;22px&#8220; text_line_height=&#8220;1.8em&#8220; custom_margin=&#8220;20%||||false|false&#8220; global_colors_info=&#8220;{}&#8220;]<\/p>\n<p>Unsere Geschichte begann nicht in einer Garage, aber sie ist eine innovative Geschichte. Zumit wurde 2008 in Alicante gegr\u00fcndet, als sein Gr\u00fcnder auf der Terrasse einer Bar sa\u00df. Nachdem er die Getr\u00e4nkekarte durchgesehen hatte, vermisste er gesunde Optionen und beschloss, Smoothies aus 100 % nat\u00fcrlichem Obst und Gem\u00fcse einzuf\u00fchren, die durch Tiefk\u00fchlung (IQF-System) hergestellt werden.  Diese damals bahnbrechende Methode hat die gesunde Auswahl auf den Speisekarten der verschiedensten Einrichtungen demokratisiert.<\/p>\n<p>[\/et_pb_text][\/et_pb_column][\/et_pb_row][et_pb_row column_structure=&#8220;1_2,1_2&#8243; disabled_on=&#8220;off|off|on&#8220; _builder_version=&#8220;4.20.4&#8243; _module_preset=&#8220;default&#8220; background_image=&#8220;https:\/\/zumit.pt\/wp-content\/uploads\/2023\/12\/sep2.png&#8220; background_size=&#8220;contain&#8220; background_position=&#8220;bottom_left&#8220; background_vertical_offset=&#8220;0%&#8220; width=&#8220;90%&#8220; max_width=&#8220;2560px&#8220; global_colors_info=&#8220;{}&#8220;][et_pb_column type=&#8220;1_2&#8243; _builder_version=&#8220;4.20.4&#8243; _module_preset=&#8220;default&#8220; global_colors_info=&#8220;{}&#8220;][et_pb_image src=&#8220;https:\/\/zumit.pt\/wp-content\/uploads\/squeeze_1-2-aleman.webp&#8220; title_text=&#8220;squeeze_1-2&#8243; _builder_version=&#8220;4.27.0&#8243; _module_preset=&#8220;default&#8220; global_colors_info=&#8220;{}&#8220;][\/et_pb_image][\/et_pb_column][et_pb_column type=&#8220;1_2&#8243; _builder_version=&#8220;4.20.4&#8243; _module_preset=&#8220;default&#8220; global_colors_info=&#8220;{}&#8220;][et_pb_text _builder_version=&#8220;4.20.4&#8243; _module_preset=&#8220;default&#8220; text_font=&#8220;Roca One|500|||||||&#8220; text_text_color=&#8220;#7b7c7c&#8220; text_font_size=&#8220;22px&#8220; text_line_height=&#8220;1.8em&#8220; custom_margin=&#8220;20%||||false|false&#8220; custom_margin_tablet=&#8220;0%||||false|false&#8220; custom_margin_phone=&#8220;0%||||false|false&#8220; custom_margin_last_edited=&#8220;on|tablet&#8220; global_colors_info=&#8220;{}&#8220;]<\/p>\n<p>Unsere Geschichte begann nicht in einer Garage, aber sie ist eine innovative Geschichte. Zumit wurde 2008 in Alicante gegr\u00fcndet, als sein Gr\u00fcnder auf der Terrasse einer Bar sa\u00df. Nachdem er die Getr\u00e4nkekarte durchgesehen hatte, vermisste er gesunde Optionen und beschloss, Smoothies aus 100 % nat\u00fcrlichem Obst und Gem\u00fcse einzuf\u00fchren, die durch Tiefk\u00fchlung (IQF-System) hergestellt werden.  Diese damals bahnbrechende Methode hat die gesunde Auswahl auf den Speisekarten der verschiedensten Einrichtungen demokratisiert.<\/p>\n<p>[\/et_pb_text][\/et_pb_column][\/et_pb_row][\/et_pb_section][et_pb_section fb_built=&#8220;1&#8243; _builder_version=&#8220;4.20.4&#8243; _module_preset=&#8220;default&#8220; custom_padding=&#8220;0px||||false|false&#8220; global_colors_info=&#8220;{}&#8220;][et_pb_row column_structure=&#8220;1_2,1_2&#8243; _builder_version=&#8220;4.20.4&#8243; _module_preset=&#8220;default&#8220; background_enable_image=&#8220;off&#8220; background_size=&#8220;initial&#8220; width=&#8220;90%&#8220; max_width=&#8220;2560px&#8220; custom_margin=&#8220;||||false|false&#8220; custom_padding=&#8220;0px||||false|false&#8220; global_colors_info=&#8220;{}&#8220;][et_pb_column type=&#8220;1_2&#8243; _builder_version=&#8220;4.20.4&#8243; _module_preset=&#8220;default&#8220; custom_css_main_element=&#8220;display:flex;||flex-direction: column;||justify-content: center;&#8220; global_colors_info=&#8220;{}&#8220;][dsm_text_notation notation_text=&#8220;ZUMIT IST DIE MARKE DER MENSCHEN, DIE QUETSCHEN&#8220; notation_type=&#8220;highlight&#8220; notation_color=&#8220;#ff6a83&#8243; disabled_on=&#8220;on|on|on&#8220; _builder_version=&#8220;4.20.4&#8243; _module_preset=&#8220;default&#8220; notation_font=&#8220;Bebas Neue||||||||&#8220; notation_text_color=&#8220;#FFFFFF&#8220; notation_font_size=&#8220;30px&#8220; custom_margin=&#8220;||0px||false|false&#8220; custom_padding=&#8220;||||false|false&#8220; disabled=&#8220;on&#8220; global_colors_info=&#8220;{}&#8220;][\/dsm_text_notation][dsm_text_notation before_text=&#8220;Unsere Unternehmensvision ist die Schaffung eines&#8220; notation_text=&#8220;NAT\u00dcRLICHE ALTERNATIVE&#8220; after_text=&#8220;aus echten Zutaten hergestellt, die alle ihre Eigenschaften bewahren. Wir bieten eine nahrhafte, energiereiche und gesunde Option, ohne Kompromisse beim Geschmack einzugehen. &#8220; notation_type=&#8220;highlight&#8220; notation_color=&#8220;#ff6a83&#8243; notation_width=&#8220;50&#8243; before_margin=&#8220;0px|||0px|false|false&#8220; notation_margin=&#8220;||||false|true&#8220; disabled_on=&#8220;off|off|off&#8220; _builder_version=&#8220;4.20.4&#8243; _module_preset=&#8220;default&#8220; header_font=&#8220;Roca One||||||||&#8220; header_text_color=&#8220;#7b7c7c&#8220; header_font_size=&#8220;22px&#8220; header_line_height=&#8220;1.8em&#8220; before_font=&#8220;Roca One||||||||&#8220; before_font_size=&#8220;22px&#8220; notation_font=&#8220;Bebas Neue Regular Pro||||||||&#8220; notation_text_color=&#8220;#FFFFFF&#8220; notation_font_size=&#8220;55px&#8220; after_font=&#8220;Roca One||||||||&#8220; after_font_size=&#8220;22px&#8220; custom_margin=&#8220;25%||||false|false&#8220; custom_padding=&#8220;0px||0px||false|false&#8220; custom_css_main_element=&#8220;width: 60%&#8220; global_colors_info=&#8220;{}&#8220;][\/dsm_text_notation][\/et_pb_column][et_pb_column type=&#8220;1_2&#8243; _builder_version=&#8220;4.20.4&#8243; _module_preset=&#8220;default&#8220; global_colors_info=&#8220;{}&#8220;][et_pb_image src=&#8220;https:\/\/zumit.pt\/wp-content\/uploads\/squeeze_2-1-aleman.webp&#8220; title_text=&#8220;squeeze_2-1&#8243; _builder_version=&#8220;4.27.0&#8243; _module_preset=&#8220;default&#8220; animation_style=&#8220;slide&#8220; global_colors_info=&#8220;{}&#8220;][\/et_pb_image][\/et_pb_column][\/et_pb_row][et_pb_row _builder_version=&#8220;4.20.4&#8243; _module_preset=&#8220;default&#8220; width=&#8220;90%&#8220; max_width=&#8220;2560px&#8220; custom_padding=&#8220;0px||0px||false|false&#8220; global_colors_info=&#8220;{}&#8220;][et_pb_column type=&#8220;4_4&#8243; _builder_version=&#8220;4.20.4&#8243; _module_preset=&#8220;default&#8220; global_colors_info=&#8220;{}&#8220;][et_pb_image src=&#8220;https:\/\/zumit.pt\/wp-content\/uploads\/2023\/12\/sep1.png&#8220; title_text=&#8220;sep1&#8243; _builder_version=&#8220;4.20.4&#8243; _module_preset=&#8220;default&#8220; global_colors_info=&#8220;{}&#8220;][\/et_pb_image][\/et_pb_column][\/et_pb_row][\/et_pb_section][et_pb_section fb_built=&#8220;1&#8243; _builder_version=&#8220;4.20.4&#8243; _module_preset=&#8220;default&#8220; locked=&#8220;off&#8220; global_colors_info=&#8220;{}&#8220;][et_pb_row column_structure=&#8220;1_2,1_2&#8243; disabled_on=&#8220;on|on|off&#8220; _builder_version=&#8220;4.20.4&#8243; _module_preset=&#8220;default&#8220; width=&#8220;90%&#8220; max_width=&#8220;2560px&#8220; custom_margin=&#8220;0px||0px||false|false&#8220; custom_padding=&#8220;0px||0px||false|false&#8220; global_colors_info=&#8220;{}&#8220;][et_pb_column type=&#8220;1_2&#8243; _builder_version=&#8220;4.20.4&#8243; _module_preset=&#8220;default&#8220; global_colors_info=&#8220;{}&#8220;][et_pb_image src=&#8220;https:\/\/zumit.pt\/wp-content\/uploads\/squeeze_3-aleman.png&#8220; title_text=&#8220;squeeze_3&#8243; _builder_version=&#8220;4.20.4&#8243; _module_preset=&#8220;default&#8220; animation_style=&#8220;slide&#8220; global_colors_info=&#8220;{}&#8220;][\/et_pb_image][\/et_pb_column][et_pb_column type=&#8220;1_2&#8243; _builder_version=&#8220;4.20.4&#8243; _module_preset=&#8220;default&#8220; global_colors_info=&#8220;{}&#8220;][et_pb_text _builder_version=&#8220;4.20.4&#8243; _module_preset=&#8220;default&#8220; text_font=&#8220;Roca One|500|||||||&#8220; text_text_color=&#8220;#7b7c7c&#8220; text_font_size=&#8220;22px&#8220; text_line_height=&#8220;1.8em&#8220; custom_margin=&#8220;0px||||false|false&#8220; global_colors_info=&#8220;{}&#8220;]<\/p>\n<p>CSR ist eines der Grundprinzipien von Zumit. Wir m\u00f6chten m\u00f6glichst viele Menschen mit nat\u00fcrlichen und gesunden Produkten versorgen und gleichzeitig die Auswirkungen der Herstellung und des Vertriebs unserer Produkte so gering wie m\u00f6glich halten. Deshalb sind alle unsere Verpackungen zu 100 % recycelbar und aus recyceltem Material hergestellt, wie z. B. unsere Cold-Press-Verpackungen und unsere Kunststoffbecher zum Mitnehmen, die aus RPET bestehen und aus recycelten und nachhaltigen Materialien hergestellt werden.<\/p>\n<p>Zumit spendet einen Teil seiner Produkte an Lebensmittelbanken wie die Banco de Alimentos de Madrid und an Suppenk\u00fcchen \u00fcber die Asociaci\u00f3n San Vicente de Pa\u00fal.<\/p>\n<p>[\/et_pb_text][\/et_pb_column][\/et_pb_row][et_pb_row disabled_on=&#8220;on|on|off&#8220; _builder_version=&#8220;4.20.4&#8243; _module_preset=&#8220;default&#8220; width=&#8220;90%&#8220; max_width=&#8220;2560px&#8220; custom_margin=&#8220;||||false|false&#8220; custom_padding=&#8220;0px||||false|false&#8220; global_colors_info=&#8220;{}&#8220;][et_pb_column type=&#8220;4_4&#8243; _builder_version=&#8220;4.20.4&#8243; _module_preset=&#8220;default&#8220; global_colors_info=&#8220;{}&#8220;][et_pb_text _builder_version=&#8220;4.20.4&#8243; _module_preset=&#8220;default&#8220; text_font=&#8220;Roca One||||||||&#8220; text_text_color=&#8220;#7b7c7c&#8220; text_font_size=&#8220;22px&#8220; text_line_height=&#8220;1.8em&#8220; custom_margin=&#8220;||||false|false&#8220; custom_padding=&#8220;||||false|false&#8220; global_colors_info=&#8220;{}&#8220;]<\/p>\n<p>Das Engagement von Zumit f\u00fcr die Gesellschaft wird in den Bereichen Menschenrechte, Arbeitsnormen, Umwelt und Korruptionsbek\u00e4mpfung im Global Compact der Vereinten Nationen anerkannt, der seit 2018 unterzeichnet ist.<\/p>\n<p>[\/et_pb_text][\/et_pb_column][\/et_pb_row][et_pb_row column_structure=&#8220;1_2,1_2&#8243; disabled_on=&#8220;off|off|on&#8220; _builder_version=&#8220;4.20.4&#8243; _module_preset=&#8220;default&#8220; width=&#8220;90%&#8220; max_width=&#8220;2560px&#8220; global_colors_info=&#8220;{}&#8220;][et_pb_column type=&#8220;1_2&#8243; _builder_version=&#8220;4.20.4&#8243; _module_preset=&#8220;default&#8220; global_colors_info=&#8220;{}&#8220;][et_pb_image src=&#8220;https:\/\/zumit.pt\/wp-content\/uploads\/2023\/12\/squeeze_3.png&#8220; title_text=&#8220;squeeze_3&#8243; align=&#8220;center&#8220; _builder_version=&#8220;4.20.4&#8243; _module_preset=&#8220;default&#8220; max_width=&#8220;80%&#8220; global_colors_info=&#8220;{}&#8220;][\/et_pb_image][\/et_pb_column][et_pb_column type=&#8220;1_2&#8243; _builder_version=&#8220;4.20.4&#8243; _module_preset=&#8220;default&#8220; global_colors_info=&#8220;{}&#8220;][et_pb_text _builder_version=&#8220;4.20.4&#8243; _module_preset=&#8220;default&#8220; text_font=&#8220;Roca One||||||||&#8220; text_text_color=&#8220;#7b7c7c&#8220; text_font_size=&#8220;22px&#8220; text_line_height=&#8220;1.8em&#8220; custom_margin=&#8220;20%||||false|false&#8220; custom_margin_tablet=&#8220;0%||||false|false&#8220; custom_margin_phone=&#8220;0%||||false|false&#8220; custom_margin_last_edited=&#8220;on|tablet&#8220; global_colors_info=&#8220;{}&#8220;]<\/p>\n<p>CSR ist eines der Grundprinzipien von Zumit. Wir m\u00f6chten m\u00f6glichst viele Menschen mit nat\u00fcrlichen und gesunden Produkten versorgen und gleichzeitig die Auswirkungen der Herstellung und des Vertriebs unserer Produkte so gering wie m\u00f6glich halten. Deshalb sind alle unsere Verpackungen zu 100 % recycelbar und aus recyceltem Material hergestellt, wie z. B. unsere Cold-Press-Verpackungen und unsere Kunststoffbecher zum Mitnehmen, die aus RPET bestehen und aus recycelten und nachhaltigen Materialien hergestellt werden.<\/p>\n<p>Zumit spendet einen Teil seiner Produkte an Lebensmittelbanken wie die Banco de Alimentos de Madrid und an Suppenk\u00fcchen \u00fcber die Asociaci\u00f3n San Vicente de Pa\u00fal.<\/p>\n<p>Das Engagement von Zumit f\u00fcr die Gesellschaft wird in den Bereichen Menschenrechte, Arbeitsnormen, Umwelt und Korruptionsbek\u00e4mpfung im Global Compact der Vereinten Nationen anerkannt, der seit 2018 unterzeichnet ist.<\/p>\n<p>[\/et_pb_text][\/et_pb_column][\/et_pb_row][\/et_pb_section]<\/p>\n","protected":false},"excerpt":{"rendered":"<p>[et_pb_section fb_built=&#8220;1&#8243; _builder_version=&#8220;4.20.4&#8243; _module_preset=&#8220;default&#8220; custom_padding=&#8220;0px||0px||false|false&#8220; global_colors_info=&#8220;{}&#8220;][et_pb_row _builder_version=&#8220;4.20.4&#8243; _module_preset=&#8220;default&#8220; width=&#8220;100%&#8220; max_width=&#8220;2560px&#8220; custom_padding=&#8220;0px||0px||false|false&#8220; global_colors_info=&#8220;{}&#8220;][et_pb_column type=&#8220;4_4&#8243; _builder_version=&#8220;4.20.4&#8243; _module_preset=&#8220;default&#8220; global_colors_info=&#8220;{}&#8220;][et_pb_code _builder_version=&#8220;4.27.4&#8243; _module_preset=&#8220;default&#8220; hover_enabled=&#8220;0&#8243; global_colors_info=&#8220;{}&#8220; sticky_enabled=&#8220;0&#8243;][translated_slider][\/et_pb_code][\/et_pb_column][\/et_pb_row][\/et_pb_section][et_pb_section fb_built=&#8220;1&#8243; _builder_version=&#8220;4.20.4&#8243; _module_preset=&#8220;default&#8220; global_colors_info=&#8220;{}&#8220;][et_pb_row disabled_on=&#8220;on|on|on&#8220; _builder_version=&#8220;4.20.4&#8243; _module_preset=&#8220;default&#8220; width=&#8220;90%&#8220; max_width=&#8220;2560px&#8220; disabled=&#8220;on&#8220; global_colors_info=&#8220;{}&#8220;][et_pb_column type=&#8220;4_4&#8243; _builder_version=&#8220;4.20.4&#8243; _module_preset=&#8220;default&#8220; global_colors_info=&#8220;{}&#8220;][et_pb_text _builder_version=&#8220;4.20.4&#8243; _module_preset=&#8220;default&#8220; text_font=&#8220;Bebas Neue|500||on|||||&#8220; text_text_color=&#8220;#7b7c7c&#8220; text_font_size=&#8220;22px&#8220; text_line_height=&#8220;1.8em&#8220; global_colors_info=&#8220;{}&#8220;]Wir sind die nat\u00fcrliche Getr\u00e4nkemarke f\u00fcr Menschen, die das Leben in vollen [&hellip;]<\/p>\n","protected":false},"author":12,"featured_media":0,"parent":0,"menu_order":0,"comment_status":"closed","ping_status":"closed","template":"","meta":{"_acf_changed":false,"footnotes":""},"class_list":["post-5068","page","type-page","status-publish","hentry"],"acf":[],"yoast_head":"<!-- This site is optimized with the Yoast SEO plugin v27.2 - https:\/\/yoast.com\/product\/yoast-seo-wordpress\/ -->\n<title>Squeeze Your Life: Lernen Sie unser Unternehmen kennen -% Zumit%<\/title>\n<meta name=\"description\" content=\"Wir erz\u00e4hlen dir die Geschichte von Zumit, unsere Philosophie und die soziale Verantwortung unseres Unternehmens Verpasse es nicht, tritt jetzt ein!\" \/>\n<meta name=\"robots\" content=\"index, follow, max-snippet:-1, max-image-preview:large, max-video-preview:-1\" \/>\n<link rel=\"canonical\" href=\"https:\/\/zumit.es\/de\/quetsche-dein-leben-aus\/\" \/>\n<meta property=\"og:locale\" content=\"de_DE\" \/>\n<meta property=\"og:type\" content=\"article\" \/>\n<meta property=\"og:title\" content=\"Squeeze Your Life: Lernen Sie unser Unternehmen kennen -% Zumit%\" \/>\n<meta property=\"og:description\" content=\"Wir erz\u00e4hlen dir die Geschichte von Zumit, unsere Philosophie und die soziale Verantwortung unseres Unternehmens Verpasse es nicht, tritt jetzt ein!\" \/>\n<meta property=\"og:url\" content=\"https:\/\/zumit.es\/de\/quetsche-dein-leben-aus\/\" \/>\n<meta property=\"og:site_name\" content=\"Zumit\" \/>\n<meta property=\"article:modified_time\" content=\"2025-08-19T09:14:05+00:00\" \/>\n<meta name=\"twitter:card\" content=\"summary_large_image\" \/>\n<meta name=\"twitter:label1\" content=\"Gesch\u00e4tzte Lesezeit\" \/>\n\t<meta name=\"twitter:data1\" content=\"9\u00a0Minuten\" \/>\n<script type=\"application\/ld+json\" class=\"yoast-schema-graph\">{\"@context\":\"https:\/\/schema.org\",\"@graph\":[{\"@type\":\"WebPage\",\"@id\":\"https:\/\/zumit.es\/de\/quetsche-dein-leben-aus\/\",\"url\":\"https:\/\/zumit.es\/de\/quetsche-dein-leben-aus\/\",\"name\":\"Squeeze Your Life: Lernen Sie unser Unternehmen kennen -% Zumit%\",\"isPartOf\":{\"@id\":\"https:\/\/zumit.it\/#website\"},\"datePublished\":\"2023-12-09T03:43:34+00:00\",\"dateModified\":\"2025-08-19T09:14:05+00:00\",\"description\":\"Wir erz\u00e4hlen dir die Geschichte von Zumit, unsere Philosophie und die soziale Verantwortung unseres Unternehmens Verpasse es nicht, tritt jetzt ein!\",\"breadcrumb\":{\"@id\":\"https:\/\/zumit.es\/de\/quetsche-dein-leben-aus\/#breadcrumb\"},\"inLanguage\":\"de\",\"potentialAction\":[{\"@type\":\"ReadAction\",\"target\":[\"https:\/\/zumit.es\/de\/quetsche-dein-leben-aus\/\"]}]},{\"@type\":\"BreadcrumbList\",\"@id\":\"https:\/\/zumit.es\/de\/quetsche-dein-leben-aus\/#breadcrumb\",\"itemListElement\":[{\"@type\":\"ListItem\",\"position\":1,\"name\":\"Hauptseite\",\"item\":\"https:\/\/zumit.de\/\"},{\"@type\":\"ListItem\",\"position\":2,\"name\":\"Quetsche dein Leben aus\"}]},{\"@type\":\"WebSite\",\"@id\":\"https:\/\/zumit.it\/#website\",\"url\":\"https:\/\/zumit.it\/\",\"name\":\"Zumit\",\"description\":\"Fabricante y Proveedor de Smoothies, Zumos, Fruta IQF\",\"publisher\":{\"@id\":\"https:\/\/zumit.it\/#organization\"},\"potentialAction\":[{\"@type\":\"SearchAction\",\"target\":{\"@type\":\"EntryPoint\",\"urlTemplate\":\"https:\/\/zumit.it\/?s={search_term_string}\"},\"query-input\":{\"@type\":\"PropertyValueSpecification\",\"valueRequired\":true,\"valueName\":\"search_term_string\"}}],\"inLanguage\":\"de\"},{\"@type\":\"Organization\",\"@id\":\"https:\/\/zumit.it\/#organization\",\"name\":\"Zumit\",\"url\":\"https:\/\/zumit.it\/\",\"logo\":{\"@type\":\"ImageObject\",\"inLanguage\":\"de\",\"@id\":\"https:\/\/zumit.it\/#\/schema\/logo\/image\/\",\"url\":\"https:\/\/zumit.es\/wp-content\/uploads\/Logos_Zumit_Gris-principal-1-1.png\",\"contentUrl\":\"https:\/\/zumit.es\/wp-content\/uploads\/Logos_Zumit_Gris-principal-1-1.png\",\"width\":400,\"height\":167,\"caption\":\"Zumit\"},\"image\":{\"@id\":\"https:\/\/zumit.it\/#\/schema\/logo\/image\/\"}}]}<\/script>\n<!-- \/ Yoast SEO plugin. -->","yoast_head_json":{"title":"Squeeze Your Life: Lernen Sie unser Unternehmen kennen -% Zumit%","description":"Wir erz\u00e4hlen dir die Geschichte von Zumit, unsere Philosophie und die soziale Verantwortung unseres Unternehmens Verpasse es nicht, tritt jetzt ein!","robots":{"index":"index","follow":"follow","max-snippet":"max-snippet:-1","max-image-preview":"max-image-preview:large","max-video-preview":"max-video-preview:-1"},"canonical":"https:\/\/zumit.es\/de\/quetsche-dein-leben-aus\/","og_locale":"de_DE","og_type":"article","og_title":"Squeeze Your Life: Lernen Sie unser Unternehmen kennen -% Zumit%","og_description":"Wir erz\u00e4hlen dir die Geschichte von Zumit, unsere Philosophie und die soziale Verantwortung unseres Unternehmens Verpasse es nicht, tritt jetzt ein!","og_url":"https:\/\/zumit.es\/de\/quetsche-dein-leben-aus\/","og_site_name":"Zumit","article_modified_time":"2025-08-19T09:14:05+00:00","twitter_card":"summary_large_image","twitter_misc":{"Gesch\u00e4tzte Lesezeit":"9\u00a0Minuten"},"schema":{"@context":"https:\/\/schema.org","@graph":[{"@type":"WebPage","@id":"https:\/\/zumit.es\/de\/quetsche-dein-leben-aus\/","url":"https:\/\/zumit.es\/de\/quetsche-dein-leben-aus\/","name":"Squeeze Your Life: Lernen Sie unser Unternehmen kennen -% Zumit%","isPartOf":{"@id":"https:\/\/zumit.it\/#website"},"datePublished":"2023-12-09T03:43:34+00:00","dateModified":"2025-08-19T09:14:05+00:00","description":"Wir erz\u00e4hlen dir die Geschichte von Zumit, unsere Philosophie und die soziale Verantwortung unseres Unternehmens Verpasse es nicht, tritt jetzt ein!","breadcrumb":{"@id":"https:\/\/zumit.es\/de\/quetsche-dein-leben-aus\/#breadcrumb"},"inLanguage":"de","potentialAction":[{"@type":"ReadAction","target":["https:\/\/zumit.es\/de\/quetsche-dein-leben-aus\/"]}]},{"@type":"BreadcrumbList","@id":"https:\/\/zumit.es\/de\/quetsche-dein-leben-aus\/#breadcrumb","itemListElement":[{"@type":"ListItem","position":1,"name":"Hauptseite","item":"https:\/\/zumit.de\/"},{"@type":"ListItem","position":2,"name":"Quetsche dein Leben aus"}]},{"@type":"WebSite","@id":"https:\/\/zumit.it\/#website","url":"https:\/\/zumit.it\/","name":"Zumit","description":"Fabricante y Proveedor de Smoothies, Zumos, Fruta IQF","publisher":{"@id":"https:\/\/zumit.it\/#organization"},"potentialAction":[{"@type":"SearchAction","target":{"@type":"EntryPoint","urlTemplate":"https:\/\/zumit.it\/?s={search_term_string}"},"query-input":{"@type":"PropertyValueSpecification","valueRequired":true,"valueName":"search_term_string"}}],"inLanguage":"de"},{"@type":"Organization","@id":"https:\/\/zumit.it\/#organization","name":"Zumit","url":"https:\/\/zumit.it\/","logo":{"@type":"ImageObject","inLanguage":"de","@id":"https:\/\/zumit.it\/#\/schema\/logo\/image\/","url":"https:\/\/zumit.es\/wp-content\/uploads\/Logos_Zumit_Gris-principal-1-1.png","contentUrl":"https:\/\/zumit.es\/wp-content\/uploads\/Logos_Zumit_Gris-principal-1-1.png","width":400,"height":167,"caption":"Zumit"},"image":{"@id":"https:\/\/zumit.it\/#\/schema\/logo\/image\/"}}]}},"_links":{"self":[{"href":"https:\/\/zumit.es\/de\/wp-json\/wp\/v2\/pages\/5068","targetHints":{"allow":["GET"]}}],"collection":[{"href":"https:\/\/zumit.es\/de\/wp-json\/wp\/v2\/pages"}],"about":[{"href":"https:\/\/zumit.es\/de\/wp-json\/wp\/v2\/types\/page"}],"author":[{"embeddable":true,"href":"https:\/\/zumit.es\/de\/wp-json\/wp\/v2\/users\/12"}],"replies":[{"embeddable":true,"href":"https:\/\/zumit.es\/de\/wp-json\/wp\/v2\/comments?post=5068"}],"version-history":[{"count":17,"href":"https:\/\/zumit.es\/de\/wp-json\/wp\/v2\/pages\/5068\/revisions"}],"predecessor-version":[{"id":19182,"href":"https:\/\/zumit.es\/de\/wp-json\/wp\/v2\/pages\/5068\/revisions\/19182"}],"wp:attachment":[{"href":"https:\/\/zumit.es\/de\/wp-json\/wp\/v2\/media?parent=5068"}],"curies":[{"name":"wp","href":"https:\/\/api.w.org\/{rel}","templated":true}]}}